{"id":26812,"date":"2025-11-04T12:35:26","date_gmt":"2025-11-04T11:35:26","guid":{"rendered":"https:\/\/nuggelasule.com\/?post_type=product&#038;p=26812"},"modified":"2026-04-07T12:31:20","modified_gmt":"2026-04-07T10:31:20","slug":"oleo-de-barba-oleos-naturais-homens","status":"publish","type":"product","link":"https:\/\/nuggelasule.com\/pt\/producto\/oleo-de-barba-oleos-naturais-homens\/","title":{"rendered":"\u00d3leo de Barba"},"content":{"rendered":"<h1><span style=\"color: #282828;\">\u00d3leo de barba da Nuggela &amp; Sul\u00e9<\/span><\/h1>\n<h4><span style=\"color: #282828;\"><strong>MUITO MAIS DO QUE UM \u00d3LEO!<\/strong><\/span><\/h4>\n<p>\u00d3leo de barba de absor\u00e7\u00e3o r\u00e1pida que <strong>hidrata em profundidade<\/strong> e <strong>suaviza o pelo facial<\/strong> para uma barba <strong>mai manej\u00e1vel<\/strong>, <strong>com corpo<\/strong>, <strong>sem encrespamento<\/strong> e <strong>luminosa<\/strong>.<\/p>\n<p>A sua fragr\u00e2ncia quente combina <strong>mirra e madeira<\/strong> com um toque especiado, proporcionando uma sensa\u00e7\u00e3o de <strong>frescura y masculinidade<\/strong> que perdura de forma subtil ao longo do dia.<\/p>\n<p><strong>FORTALECE A BARREIRA CUT\u00c2NEA:<\/strong><br \/>\nEste \u00f3leo aporta benef\u00edcios para a pele, pois <strong>hidrata de forma imediata<\/strong>, <strong>acalma e previne a secura e a descama\u00e7\u00e3o<\/strong>, <strong>alivia a comich\u00e3o<\/strong>, <strong>reduz as vermelhid\u00f5es<\/strong>, <strong>o repuxamento e a inflama\u00e7\u00e3o<\/strong>, e <strong>revitaliza a pele<\/strong>.<\/p>\n<p>Com\u00a0<strong><u><a href=\"https:\/\/nuggelasule.com\/pt\/oleo-fruta-da-paixao\/\" target=\"_blank\" rel=\"noopener noreferrer\">\u00d3leo de Fruta da Paix\u00e3o<\/a><\/u><\/strong>, <strong><u><a href=\"https:\/\/nuggelasule.com\/pt\/oleo-uva-nuggela-sule\/\" target=\"_blank\" rel=\"noopener noreferrer\">\u00d3leo de Uva<\/a><\/u><\/strong> e <strong><u><a href=\"https:\/\/nuggelasule.com\/pt\/oleo-amendoas-doces-nuggela-sule\/\" target=\"_blank\" rel=\"noopener noreferrer\">\u00d3leo de Am\u00eandoas Doces<\/a><\/u><\/strong>. Al\u00e9m disso, refor\u00e7a a sua a\u00e7\u00e4o gra\u00e7as a <strong>Extratos Bot\u00e2nicos de Cal\u00eandula<\/strong>, <strong>Mirra<\/strong> e <strong>Chia<\/strong>, com propriedades calmantes, anti-inflamat\u00f3rias e equilibrantes, protegendo a pele de irrita\u00e7\u00f5es, vermelhid\u00f5es ou repuxamento.<\/p>\n<div class=\"row\"  id=\"row-2090186653\">\n\n\t<div id=\"col-862309737\" class=\"col medium-6 large-6\"  >\n\t\t\t\t<div class=\"col-inner\"  >\n\t\t\t\n\t\t\t\n\n\t\t<div class=\"icon-box featured-box icon-box-center text-center\"  >\n\t\t\t\t<div class=\"icon-box-text last-reset\">\n\t\t\t\t\t\t\t\t\t\n\t<div class=\"img has-hover x md-x lg-x y md-y lg-y\" id=\"image_1726632592\">\n\t\t\t\t\t\t\t\t<div class=\"img-inner dark\" >\n\t\t\t<img loading=\"lazy\" decoding=\"async\" width=\"1020\" height=\"1020\" src=\"https:\/\/nuggelasule.com\/wp-content\/uploads\/2025\/11\/BARBA-OIL-DETALLE-1024x1024.jpg\" class=\"attachment-large size-large\" alt=\"\" srcset=\"https:\/\/nuggelasule.com\/wp-content\/uploads\/2025\/11\/BARBA-OIL-DETALLE-1024x1024.jpg 1024w, https:\/\/nuggelasule.com\/wp-content\/uploads\/2025\/11\/BARBA-OIL-DETALLE-300x300.jpg 300w, https:\/\/nuggelasule.com\/wp-content\/uploads\/2025\/11\/BARBA-OIL-DETALLE-122x122.jpg 122w, https:\/\/nuggelasule.com\/wp-content\/uploads\/2025\/11\/BARBA-OIL-DETALLE-768x768.jpg 768w, https:\/\/nuggelasule.com\/wp-content\/uploads\/2025\/11\/BARBA-OIL-DETALLE-450x450.jpg 450w, https:\/\/nuggelasule.com\/wp-content\/uploads\/2025\/11\/BARBA-OIL-DETALLE-510x510.jpg 510w, https:\/\/nuggelasule.com\/wp-content\/uploads\/2025\/11\/BARBA-OIL-DETALLE-100x100.jpg 100w, https:\/\/nuggelasule.com\/wp-content\/uploads\/2025\/11\/BARBA-OIL-DETALLE-32x32.jpg 32w, https:\/\/nuggelasule.com\/wp-content\/uploads\/2025\/11\/BARBA-OIL-DETALLE.jpg 1080w\" sizes=\"auto, (max-width: 1020px) 100vw, 1020px\" \/>\t\t\t\t\t\t\n\t\t\t\t\t<\/div>\n\t\t\t\t\t\t\t\t\n<style>\n#image_1726632592 {\n  width: 100%;\n}\n<\/style>\n\t<\/div>\n\t\n\t\t<\/div>\n\t<\/div>\n\t\n\t\n\t\t<\/div>\n\t\t\t\t\t<\/div>\n\n\t\n\n\t<div id=\"col-701664221\" class=\"col medium-6 large-6\"  >\n\t\t\t\t<div class=\"col-inner\"  >\n\t\t\t\n\t\t\t\n\n\t\t<div class=\"icon-box featured-box icon-box-center text-center\"  >\n\t\t\t\t<div class=\"icon-box-text last-reset\">\n\t\t\t\t\t\t\t\t\t\n\t<div class=\"img has-hover x md-x lg-x y md-y lg-y\" id=\"image_1827337156\">\n\t\t\t\t\t\t\t\t<div class=\"img-inner dark\" >\n\t\t\t<img loading=\"lazy\" decoding=\"async\" width=\"1020\" height=\"1020\" src=\"https:\/\/nuggelasule.com\/wp-content\/uploads\/2025\/11\/BEARD-OIL-PT-1024x1024.png\" class=\"attachment-large size-large\" alt=\"\" srcset=\"https:\/\/nuggelasule.com\/wp-content\/uploads\/2025\/11\/BEARD-OIL-PT-1024x1024.png 1024w, https:\/\/nuggelasule.com\/wp-content\/uploads\/2025\/11\/BEARD-OIL-PT-300x300.png 300w, https:\/\/nuggelasule.com\/wp-content\/uploads\/2025\/11\/BEARD-OIL-PT-122x122.png 122w, https:\/\/nuggelasule.com\/wp-content\/uploads\/2025\/11\/BEARD-OIL-PT-768x768.png 768w, https:\/\/nuggelasule.com\/wp-content\/uploads\/2025\/11\/BEARD-OIL-PT-1536x1536.png 1536w, https:\/\/nuggelasule.com\/wp-content\/uploads\/2025\/11\/BEARD-OIL-PT-2048x2048.png 2048w, https:\/\/nuggelasule.com\/wp-content\/uploads\/2025\/11\/BEARD-OIL-PT-450x450.png 450w, https:\/\/nuggelasule.com\/wp-content\/uploads\/2025\/11\/BEARD-OIL-PT-510x510.png 510w, https:\/\/nuggelasule.com\/wp-content\/uploads\/2025\/11\/BEARD-OIL-PT-100x100.png 100w, https:\/\/nuggelasule.com\/wp-content\/uploads\/2025\/11\/BEARD-OIL-PT-32x32.png 32w, https:\/\/nuggelasule.com\/wp-content\/uploads\/2025\/11\/BEARD-OIL-PT-60x60.png 60w, https:\/\/nuggelasule.com\/wp-content\/uploads\/2025\/11\/BEARD-OIL-PT-90x90.png 90w\" sizes=\"auto, (max-width: 1020px) 100vw, 1020px\" \/>\t\t\t\t\t\t\n\t\t\t\t\t<\/div>\n\t\t\t\t\t\t\t\t\n<style>\n#image_1827337156 {\n  width: 100%;\n}\n<\/style>\n\t<\/div>\n\t\n\t\t<\/div>\n\t<\/div>\n\t\n\t\n\t\t<\/div>\n\t\t\t\t\t<\/div>\n\n\t\n<\/div>\n<div class=\"row\"><div class=\" col medium-6 small-12 large-6\"><div class=\"col  beneficios\"><p class=\"title_charasteritcs\">BENEF\u00cdCIOS<\/p><p class=\"description_charasteritcs\">\u2022 Hidrata em profundidade<br \/>\r\n\u2022 Confere luminosidade<br \/>\r\n\u2022 Melhora a fibra capilar<br \/>\r\n\u2022 Facilita o pentear e suaviza a barba<br \/>\r\n\u2022 Controla o encrespamento<\/p><\/div><\/div><div class=\" col medium-6 small-12 large-6\"><div class=\"col indications \"><p class=\"title_charasteritcs\">INDICA\u00c7\u00d5ES<\/p><p class=\"description_charasteritcs\">\u2022 Indicado para todo o tipo de barbas<br \/>\r\n\u2022 Especialmente indicado para barbas secas ou sem brilho<br \/>\r\n\u2022 Pode ser aplicado tanto na barba h\u00famida como seca<br \/>\r\n\u2022 Testado dermatologicamente<\/p><\/div><\/div><\/div>\n<h3><span style=\"color: #282828;\"><strong>INSTRU\u00c7\u00d5ES DE USO:<\/strong><\/span><\/h3>\n<ol>\n<li>Aplicar 3-5 gotas<\/li>\n<li>Friccionar entre as m\u00e3os para ativar a f\u00f3rmula<\/li>\n<li>Distribuir pela barba e pela subjacente. N\u00e3o enxaguar<\/li>\n<\/ol>\n<p><span style=\"color: #282828;\"><strong>DICA:<\/strong><\/span> Utilizar especialmente ap\u00f3s o duche para melhor absor\u00e7\u00e3o e para potenciar os seus benef\u00edcios calmantes.<\/p>\n<p><img loading=\"lazy\" decoding=\"async\" class=\"aligncenter wp-image-18754\" src=\"https:\/\/nuggelasule.com\/wp-content\/uploads\/2025\/11\/BEARD-OIL-scaled.png\" alt=\"\" width=\"800\" height=\"235\" \/><\/p>\n<h3><span style=\"color: #282828;\"><strong>PRINCIPAIS INGREDIENTES ATIVOS:<\/strong><\/span><\/h3>\n<div class=\"row\"  id=\"row-987640664\">\n\n\t<div id=\"col-1595187056\" class=\"col medium-4 large-4\"  >\n\t\t\t\t<div class=\"col-inner\"  >\n\t\t\t\n\t\t\t\n\n\t\t<div class=\"icon-box featured-box icon-box-center text-center\"  >\n\t\t\t\t\t<div class=\"icon-box-img\" style=\"width: 303px\">\n\t\t\t\t<div class=\"icon\">\n\t\t\t\t\t<div class=\"icon-inner\" >\n\t\t\t\t\t\t<img loading=\"lazy\" decoding=\"async\" width=\"300\" height=\"300\" src=\"https:\/\/nuggelasule.com\/wp-content\/uploads\/2025\/11\/FRUTA-DE-LA-PASION.jpg\" class=\"attachment-medium size-medium\" alt=\"\" srcset=\"https:\/\/nuggelasule.com\/wp-content\/uploads\/2025\/11\/FRUTA-DE-LA-PASION.jpg 300w, https:\/\/nuggelasule.com\/wp-content\/uploads\/2025\/11\/FRUTA-DE-LA-PASION-122x122.jpg 122w, https:\/\/nuggelasule.com\/wp-content\/uploads\/2025\/11\/FRUTA-DE-LA-PASION-100x100.jpg 100w, https:\/\/nuggelasule.com\/wp-content\/uploads\/2025\/11\/FRUTA-DE-LA-PASION-32x32.jpg 32w, https:\/\/nuggelasule.com\/wp-content\/uploads\/2025\/11\/FRUTA-DE-LA-PASION-60x60.jpg 60w, https:\/\/nuggelasule.com\/wp-content\/uploads\/2025\/11\/FRUTA-DE-LA-PASION-90x90.jpg 90w\" sizes=\"auto, (max-width: 300px) 100vw, 300px\" \/>\t\t\t\t\t<\/div>\n\t\t\t\t<\/div>\n\t\t\t<\/div>\n\t\t\t\t<div class=\"icon-box-text last-reset\">\n\t\t\t<h5 class=\"uppercase\">\u00d3LEO DE MARACUJ\u00c1<\/h5>\t\t\t\t\t\t\n<p>(<strong><em>Passiflora edulis<\/em><\/strong>). Proporciona hidrata\u00e7\u00e3o imediata sem deixar res\u00edduo oleoso, melhorando o aspeto da barba desde a primeira aplica\u00e7\u00e3o para um acabamento mais natural e suave.<\/p>\n\t\t<\/div>\n\t<\/div>\n\t\n\t\n\t\t<\/div>\n\t\t\t\t\t<\/div>\n\n\t\n\n\t<div id=\"col-1271685645\" class=\"col medium-4 large-4\"  >\n\t\t\t\t<div class=\"col-inner\"  >\n\t\t\t\n\t\t\t\n\n\t\t<div class=\"icon-box featured-box icon-box-center text-center\"  >\n\t\t\t\t\t<div class=\"icon-box-img\" style=\"width: 303px\">\n\t\t\t\t<div class=\"icon\">\n\t\t\t\t\t<div class=\"icon-inner\" >\n\t\t\t\t\t\t<img loading=\"lazy\" decoding=\"async\" width=\"300\" height=\"300\" src=\"https:\/\/nuggelasule.com\/wp-content\/uploads\/2025\/11\/UVAS.jpg\" class=\"attachment-medium size-medium\" alt=\"\" srcset=\"https:\/\/nuggelasule.com\/wp-content\/uploads\/2025\/11\/UVAS.jpg 300w, https:\/\/nuggelasule.com\/wp-content\/uploads\/2025\/11\/UVAS-122x122.jpg 122w, https:\/\/nuggelasule.com\/wp-content\/uploads\/2025\/11\/UVAS-100x100.jpg 100w, https:\/\/nuggelasule.com\/wp-content\/uploads\/2025\/11\/UVAS-32x32.jpg 32w, https:\/\/nuggelasule.com\/wp-content\/uploads\/2025\/11\/UVAS-60x60.jpg 60w, https:\/\/nuggelasule.com\/wp-content\/uploads\/2025\/11\/UVAS-90x90.jpg 90w\" sizes=\"auto, (max-width: 300px) 100vw, 300px\" \/>\t\t\t\t\t<\/div>\n\t\t\t\t<\/div>\n\t\t\t<\/div>\n\t\t\t\t<div class=\"icon-box-text last-reset\">\n\t\t\t<h5 class=\"uppercase\">\u00d3LEO DE UVA<\/h5>\t\t\t\t\t\t\n<p>(<strong><em>Vitis vinifera<\/em><\/strong>). Possui um elevado teor de antioxidantes. Reduz o encrespamento e confere elasticidade. Al\u00e9m disso, a sua a\u00e7\u00e3o antimicrobiana contribui para manter o fol\u00edculo em condi\u00e7\u00f5es ideais, fundamental para um crescimento cont\u00ednuo e saud\u00e1vel.<\/p>\n\t\t<\/div>\n\t<\/div>\n\t\n\t\n\t\t<\/div>\n\t\t\t\t\t<\/div>\n\n\t\n\n\t<div id=\"col-2128833225\" class=\"col medium-4 large-4\"  >\n\t\t\t\t<div class=\"col-inner\"  >\n\t\t\t\n\t\t\t\n\n\t\t<div class=\"icon-box featured-box icon-box-center text-center\"  >\n\t\t\t\t\t<div class=\"icon-box-img\" style=\"width: 303px\">\n\t\t\t\t<div class=\"icon\">\n\t\t\t\t\t<div class=\"icon-inner\" >\n\t\t\t\t\t\t<img loading=\"lazy\" decoding=\"async\" width=\"300\" height=\"300\" src=\"https:\/\/nuggelasule.com\/wp-content\/uploads\/2025\/11\/ALMENDRAS-DULCES.jpg\" class=\"attachment-medium size-medium\" alt=\"\" srcset=\"https:\/\/nuggelasule.com\/wp-content\/uploads\/2025\/11\/ALMENDRAS-DULCES.jpg 300w, https:\/\/nuggelasule.com\/wp-content\/uploads\/2025\/11\/ALMENDRAS-DULCES-122x122.jpg 122w, https:\/\/nuggelasule.com\/wp-content\/uploads\/2025\/11\/ALMENDRAS-DULCES-100x100.jpg 100w, https:\/\/nuggelasule.com\/wp-content\/uploads\/2025\/11\/ALMENDRAS-DULCES-32x32.jpg 32w, https:\/\/nuggelasule.com\/wp-content\/uploads\/2025\/11\/ALMENDRAS-DULCES-60x60.jpg 60w, https:\/\/nuggelasule.com\/wp-content\/uploads\/2025\/11\/ALMENDRAS-DULCES-90x90.jpg 90w\" sizes=\"auto, (max-width: 300px) 100vw, 300px\" \/>\t\t\t\t\t<\/div>\n\t\t\t\t<\/div>\n\t\t\t<\/div>\n\t\t\t\t<div class=\"icon-box-text last-reset\">\n\t\t\t<h5 class=\"uppercase\">\u00d3LEO DE AM\u00caNDOAS DOCES<\/h5>\t\t\t\t\t\t\n<p>(<strong><em>Prunus amygdalus dulcis<\/em><\/strong>). Rico em vitamina E e \u00e1cidos gordos essenciais, nutre em profundidade e refor\u00e7a o pelo e a pele. Aumenta a resist\u00eancia da barba \u00e0s agress\u00f5es externas (sol, vento ou polui\u00e7\u00e3o), evitando que enfraque\u00e7a ou se quebre. Ideal para barbas secas, \u00e1speras ou com tend\u00eancia \u00e0 fragilidade.<\/p>\n\t\t<\/div>\n\t<\/div>\n\t\n\t\n\t\t<\/div>\n\t\t\t\t\t<\/div>\n\n\t\n<\/div>\n","protected":false},"excerpt":{"rendered":"<hr size=\"4\" \/>\n<p>\u00d3leo nutritivo para a barba. Com \u00f3leos naturais que hidratam, suavizam e conferem brilho \u00e0 barba<\/p>\n","protected":false},"featured_media":29622,"comment_status":"closed","ping_status":"closed","template":"","meta":{"_acf_changed":false,"_iconic_wsb_product_page_order_bump_ids":[[]],"_sku":[],"_iconic_wsb_product_page_bump_modal_ids":[[]]},"product_brand":[],"product_cat":[308,244],"product_tag":[],"class_list":{"0":"post-26812","1":"product","2":"type-product","3":"status-publish","4":"has-post-thumbnail","6":"product_cat-linha-de-barba","7":"product_cat-todos-pt","9":"first","10":"instock","11":"featured","12":"taxable","13":"shipping-taxable","14":"purchasable","15":"product-type-simple"},"acf":[],"yoast_head":"<!-- This site is optimized with the Yoast SEO plugin v27.0 - https:\/\/yoast.com\/product\/yoast-seo-wordpress\/ -->\n<title>\u00d3leo de Barba - Nuggela &amp; Sul\u00e9<\/title>\n<meta name=\"description\" content=\"Hidrata, controla o encrespamento e confere corpo e brilho. Perfeito para usar ap\u00f3s o barbear, pois alivia a pele e deixa uma sensa\u00e7\u00e3o de conforto.\" \/>\n<meta name=\"robots\" content=\"index, follow, max-snippet:-1, max-image-preview:large, max-video-preview:-1\" \/>\n<link rel=\"canonical\" href=\"https:\/\/nuggelasule.com\/pt\/producto\/oleo-de-barba-oleos-naturais-homens\/\" \/>\n<meta property=\"og:locale\" content=\"pt_PT\" \/>\n<meta property=\"og:type\" content=\"article\" \/>\n<meta property=\"og:title\" content=\"\u00d3leo de Barba - Nuggela &amp; Sul\u00e9\" \/>\n<meta property=\"og:description\" content=\"Hidrata, controla o encrespamento e confere corpo e brilho. Perfeito para usar ap\u00f3s o barbear, pois alivia a pele e deixa uma sensa\u00e7\u00e3o de conforto.\" \/>\n<meta property=\"og:url\" content=\"https:\/\/nuggelasule.com\/pt\/producto\/oleo-de-barba-oleos-naturais-homens\/\" \/>\n<meta property=\"og:site_name\" content=\"Nuggela &amp; Sul\u00e9\" \/>\n<meta property=\"article:publisher\" content=\"https:\/\/www.facebook.com\/nuggelasule\/\" \/>\n<meta property=\"article:modified_time\" content=\"2026-04-07T10:31:20+00:00\" \/>\n<meta property=\"og:image\" content=\"https:\/\/nuggelasule.com\/wp-content\/uploads\/2025\/11\/8437024803485beard-oil.jpg\" \/>\n\t<meta property=\"og:image:width\" content=\"1080\" \/>\n\t<meta property=\"og:image:height\" content=\"1080\" \/>\n\t<meta property=\"og:image:type\" content=\"image\/jpeg\" \/>\n<meta name=\"twitter:card\" content=\"summary_large_image\" \/>\n<meta name=\"twitter:site\" content=\"@nuggelasule\" \/>\n<meta name=\"twitter:label1\" content=\"Est. reading time\" \/>\n\t<meta name=\"twitter:data1\" content=\"3 minutes\" \/>\n<script type=\"application\/ld+json\" class=\"yoast-schema-graph\">{\"@context\":\"https:\/\/schema.org\",\"@graph\":[{\"@type\":\"WebPage\",\"@id\":\"https:\/\/nuggelasule.com\/pt\/producto\/oleo-de-barba-oleos-naturais-homens\/\",\"url\":\"https:\/\/nuggelasule.com\/pt\/producto\/oleo-de-barba-oleos-naturais-homens\/\",\"name\":\"\u00d3leo de Barba - Nuggela &amp; Sul\u00e9\",\"isPartOf\":{\"@id\":\"https:\/\/nuggelasule.com\/#website\"},\"primaryImageOfPage\":{\"@id\":\"https:\/\/nuggelasule.com\/pt\/producto\/oleo-de-barba-oleos-naturais-homens\/#primaryimage\"},\"image\":{\"@id\":\"https:\/\/nuggelasule.com\/pt\/producto\/oleo-de-barba-oleos-naturais-homens\/#primaryimage\"},\"thumbnailUrl\":\"https:\/\/nuggelasule.com\/wp-content\/uploads\/2025\/11\/8437024803485beard-oil.jpg\",\"datePublished\":\"2025-11-04T11:35:26+00:00\",\"dateModified\":\"2026-04-07T10:31:20+00:00\",\"description\":\"Hidrata, controla o encrespamento e confere corpo e brilho. Perfeito para usar ap\u00f3s o barbear, pois alivia a pele e deixa uma sensa\u00e7\u00e3o de conforto.\",\"breadcrumb\":{\"@id\":\"https:\/\/nuggelasule.com\/pt\/producto\/oleo-de-barba-oleos-naturais-homens\/#breadcrumb\"},\"inLanguage\":\"pt\",\"potentialAction\":[{\"@type\":\"ReadAction\",\"target\":[\"https:\/\/nuggelasule.com\/pt\/producto\/oleo-de-barba-oleos-naturais-homens\/\"]}]},{\"@type\":\"ImageObject\",\"inLanguage\":\"pt\",\"@id\":\"https:\/\/nuggelasule.com\/pt\/producto\/oleo-de-barba-oleos-naturais-homens\/#primaryimage\",\"url\":\"https:\/\/nuggelasule.com\/wp-content\/uploads\/2025\/11\/8437024803485beard-oil.jpg\",\"contentUrl\":\"https:\/\/nuggelasule.com\/wp-content\/uploads\/2025\/11\/8437024803485beard-oil.jpg\",\"width\":1080,\"height\":1080},{\"@type\":\"BreadcrumbList\",\"@id\":\"https:\/\/nuggelasule.com\/pt\/producto\/oleo-de-barba-oleos-naturais-homens\/#breadcrumb\",\"itemListElement\":[{\"@type\":\"ListItem\",\"position\":1,\"name\":\"Portada\",\"item\":\"https:\/\/nuggelasule.com\/pt\/\"},{\"@type\":\"ListItem\",\"position\":2,\"name\":\"Tienda\",\"item\":\"https:\/\/nuggelasule.com\/pt\/tienda\/\"},{\"@type\":\"ListItem\",\"position\":3,\"name\":\"\u00d3leo de Barba\"}]},{\"@type\":\"WebSite\",\"@id\":\"https:\/\/nuggelasule.com\/#website\",\"url\":\"https:\/\/nuggelasule.com\/\",\"name\":\"Nuggela &amp; Sul\u00e9\",\"description\":\"Los mejores productos para la salud y belleza del cabello\",\"publisher\":{\"@id\":\"https:\/\/nuggelasule.com\/#organization\"},\"potentialAction\":[{\"@type\":\"SearchAction\",\"target\":{\"@type\":\"EntryPoint\",\"urlTemplate\":\"https:\/\/nuggelasule.com\/?s={search_term_string}\"},\"query-input\":{\"@type\":\"PropertyValueSpecification\",\"valueRequired\":true,\"valueName\":\"search_term_string\"}}],\"inLanguage\":\"pt\"},{\"@type\":\"Organization\",\"@id\":\"https:\/\/nuggelasule.com\/#organization\",\"name\":\"Nuggela&Sul\u00e9 S.L.\",\"url\":\"https:\/\/nuggelasule.com\/\",\"logo\":{\"@type\":\"ImageObject\",\"inLanguage\":\"pt\",\"@id\":\"https:\/\/nuggelasule.com\/#\/schema\/logo\/image\/\",\"url\":\"\",\"contentUrl\":\"\",\"caption\":\"Nuggela&Sul\u00e9 S.L.\"},\"image\":{\"@id\":\"https:\/\/nuggelasule.com\/#\/schema\/logo\/image\/\"},\"sameAs\":[\"https:\/\/www.facebook.com\/nuggelasule\/\",\"https:\/\/x.com\/nuggelasule\",\"https:\/\/www.instagram.com\/nuggela_sule\/\",\"https:\/\/www.linkedin.com\/company\/9406545\",\"https:\/\/www.youtube.com\/channel\/UCP-uGf_c8i2FI4TXfhffEKw\"]}]}<\/script>\n<!-- \/ Yoast SEO plugin. -->","yoast_head_json":{"title":"\u00d3leo de Barba - Nuggela &amp; Sul\u00e9","description":"Hidrata, controla o encrespamento e confere corpo e brilho. Perfeito para usar ap\u00f3s o barbear, pois alivia a pele e deixa uma sensa\u00e7\u00e3o de conforto.","robots":{"index":"index","follow":"follow","max-snippet":"max-snippet:-1","max-image-preview":"max-image-preview:large","max-video-preview":"max-video-preview:-1"},"canonical":"https:\/\/nuggelasule.com\/pt\/producto\/oleo-de-barba-oleos-naturais-homens\/","og_locale":"pt_PT","og_type":"article","og_title":"\u00d3leo de Barba - Nuggela &amp; Sul\u00e9","og_description":"Hidrata, controla o encrespamento e confere corpo e brilho. Perfeito para usar ap\u00f3s o barbear, pois alivia a pele e deixa uma sensa\u00e7\u00e3o de conforto.","og_url":"https:\/\/nuggelasule.com\/pt\/producto\/oleo-de-barba-oleos-naturais-homens\/","og_site_name":"Nuggela &amp; Sul\u00e9","article_publisher":"https:\/\/www.facebook.com\/nuggelasule\/","article_modified_time":"2026-04-07T10:31:20+00:00","og_image":[{"width":1080,"height":1080,"url":"https:\/\/nuggelasule.com\/wp-content\/uploads\/2025\/11\/8437024803485beard-oil.jpg","type":"image\/jpeg"}],"twitter_card":"summary_large_image","twitter_site":"@nuggelasule","twitter_misc":{"Est. reading time":"3 minutes"},"schema":{"@context":"https:\/\/schema.org","@graph":[{"@type":"WebPage","@id":"https:\/\/nuggelasule.com\/pt\/producto\/oleo-de-barba-oleos-naturais-homens\/","url":"https:\/\/nuggelasule.com\/pt\/producto\/oleo-de-barba-oleos-naturais-homens\/","name":"\u00d3leo de Barba - Nuggela &amp; Sul\u00e9","isPartOf":{"@id":"https:\/\/nuggelasule.com\/#website"},"primaryImageOfPage":{"@id":"https:\/\/nuggelasule.com\/pt\/producto\/oleo-de-barba-oleos-naturais-homens\/#primaryimage"},"image":{"@id":"https:\/\/nuggelasule.com\/pt\/producto\/oleo-de-barba-oleos-naturais-homens\/#primaryimage"},"thumbnailUrl":"https:\/\/nuggelasule.com\/wp-content\/uploads\/2025\/11\/8437024803485beard-oil.jpg","datePublished":"2025-11-04T11:35:26+00:00","dateModified":"2026-04-07T10:31:20+00:00","description":"Hidrata, controla o encrespamento e confere corpo e brilho. Perfeito para usar ap\u00f3s o barbear, pois alivia a pele e deixa uma sensa\u00e7\u00e3o de conforto.","breadcrumb":{"@id":"https:\/\/nuggelasule.com\/pt\/producto\/oleo-de-barba-oleos-naturais-homens\/#breadcrumb"},"inLanguage":"pt","potentialAction":[{"@type":"ReadAction","target":["https:\/\/nuggelasule.com\/pt\/producto\/oleo-de-barba-oleos-naturais-homens\/"]}]},{"@type":"ImageObject","inLanguage":"pt","@id":"https:\/\/nuggelasule.com\/pt\/producto\/oleo-de-barba-oleos-naturais-homens\/#primaryimage","url":"https:\/\/nuggelasule.com\/wp-content\/uploads\/2025\/11\/8437024803485beard-oil.jpg","contentUrl":"https:\/\/nuggelasule.com\/wp-content\/uploads\/2025\/11\/8437024803485beard-oil.jpg","width":1080,"height":1080},{"@type":"BreadcrumbList","@id":"https:\/\/nuggelasule.com\/pt\/producto\/oleo-de-barba-oleos-naturais-homens\/#breadcrumb","itemListElement":[{"@type":"ListItem","position":1,"name":"Portada","item":"https:\/\/nuggelasule.com\/pt\/"},{"@type":"ListItem","position":2,"name":"Tienda","item":"https:\/\/nuggelasule.com\/pt\/tienda\/"},{"@type":"ListItem","position":3,"name":"\u00d3leo de Barba"}]},{"@type":"WebSite","@id":"https:\/\/nuggelasule.com\/#website","url":"https:\/\/nuggelasule.com\/","name":"Nuggela &amp; Sul\u00e9","description":"Los mejores productos para la salud y belleza del cabello","publisher":{"@id":"https:\/\/nuggelasule.com\/#organization"},"potentialAction":[{"@type":"SearchAction","target":{"@type":"EntryPoint","urlTemplate":"https:\/\/nuggelasule.com\/?s={search_term_string}"},"query-input":{"@type":"PropertyValueSpecification","valueRequired":true,"valueName":"search_term_string"}}],"inLanguage":"pt"},{"@type":"Organization","@id":"https:\/\/nuggelasule.com\/#organization","name":"Nuggela&Sul\u00e9 S.L.","url":"https:\/\/nuggelasule.com\/","logo":{"@type":"ImageObject","inLanguage":"pt","@id":"https:\/\/nuggelasule.com\/#\/schema\/logo\/image\/","url":"","contentUrl":"","caption":"Nuggela&Sul\u00e9 S.L."},"image":{"@id":"https:\/\/nuggelasule.com\/#\/schema\/logo\/image\/"},"sameAs":["https:\/\/www.facebook.com\/nuggelasule\/","https:\/\/x.com\/nuggelasule","https:\/\/www.instagram.com\/nuggela_sule\/","https:\/\/www.linkedin.com\/company\/9406545","https:\/\/www.youtube.com\/channel\/UCP-uGf_c8i2FI4TXfhffEKw"]}]}},"_links":{"self":[{"href":"https:\/\/nuggelasule.com\/pt\/wp-json\/wp\/v2\/product\/26812","targetHints":{"allow":["GET"]}}],"collection":[{"href":"https:\/\/nuggelasule.com\/pt\/wp-json\/wp\/v2\/product"}],"about":[{"href":"https:\/\/nuggelasule.com\/pt\/wp-json\/wp\/v2\/types\/product"}],"replies":[{"embeddable":true,"href":"https:\/\/nuggelasule.com\/pt\/wp-json\/wp\/v2\/comments?post=26812"}],"wp:featuredmedia":[{"embeddable":true,"href":"https:\/\/nuggelasule.com\/pt\/wp-json\/wp\/v2\/media\/29622"}],"wp:attachment":[{"href":"https:\/\/nuggelasule.com\/pt\/wp-json\/wp\/v2\/media?parent=26812"}],"wp:term":[{"taxonomy":"product_brand","embeddable":true,"href":"https:\/\/nuggelasule.com\/pt\/wp-json\/wp\/v2\/product_brand?post=26812"},{"taxonomy":"product_cat","embeddable":true,"href":"https:\/\/nuggelasule.com\/pt\/wp-json\/wp\/v2\/product_cat?post=26812"},{"taxonomy":"product_tag","embeddable":true,"href":"https:\/\/nuggelasule.com\/pt\/wp-json\/wp\/v2\/product_tag?post=26812"}],"curies":[{"name":"wp","href":"https:\/\/api.w.org\/{rel}","templated":true}]},"billing":{"billing_DNI":""}}