{"id":26782,"date":"2025-11-03T11:42:00","date_gmt":"2025-11-03T10:42:00","guid":{"rendered":"https:\/\/nuggelasule.com\/?post_type=product&#038;p=26782"},"modified":"2026-04-07T12:32:12","modified_gmt":"2026-04-07T10:32:12","slug":"serum-regenerador-de-barba-nuggela-sule-homens-spray","status":"publish","type":"product","link":"https:\/\/nuggelasule.com\/pt\/producto\/serum-regenerador-de-barba-nuggela-sule-homens-spray\/","title":{"rendered":"S\u00e9rum Regenerador de Barba"},"content":{"rendered":"<h1><span style=\"color: #282828;\">S\u00e9rum Regenerador de Barba da Nuggela &amp; Sul\u00e9<\/span><\/h1>\n<h4><span style=\"color: #282828;\"><strong>REGENERA, FORTALECE E PREVINE AS CANAS<\/strong><\/span><\/h4>\n<p>Uma f\u00f3rmula bioativa de r\u00e1pida absor\u00e7\u00e3o, concebida para <strong>estimular o crescimento do pelo facial<\/strong>, <strong>fortalecer a fibra capilar<\/strong> e <strong>real\u00e7ar a cor natural<\/strong> da barba.<\/p>\n<p>A sua <strong>textura leve funde-se de imediato sem deixar res\u00edduo oleoso<\/strong>, deixando o pelo <strong>mais flex\u00edvel e a pele confort\u00e1vel<\/strong>.<br \/>\nO aroma \u00e9 fresco, de inspira\u00e7\u00e3o marinha, com notas de sa\u00edda c\u00edtricas, nuances verdes e um fundo amadeirado que transmite uma sensa\u00e7\u00e3o de limpeza e energia.<\/p>\n<p>Com\u00a0<strong><u><a href=\"https:\/\/nuggelasule.com\/pt\/glicogenio_marinho\/\" target=\"_blank\" rel=\"noopener noreferrer\">Glicog\u00e9nio Marinho<\/a><\/u><\/strong> e <strong><u><a href=\"https:\/\/nuggelasule.com\/pt\/maca-andina\/\" target=\"_blank\" rel=\"noopener noreferrer\">Extrato de Maca Andina<\/a><\/u><\/strong>. Al\u00e9m disso, a f\u00f3rmula \u00e9 enriquecida com uma combina\u00e7\u00e3o de <strong>prote\u00ednas<\/strong>, <strong>amino\u00e1cidos<\/strong> e <strong>vitaminas<\/strong>, que favorecem a atividade das c\u00e9lulas do fol\u00edculo para um crescimento mais saud\u00e1vel e resistente desde a raiz.<\/p>\n<p><strong>* INOVA\u00c7\u00c3O ANTI-CANAS:<\/strong><br \/>\nN\u00e3o \u00e9 uma tinta. Mas, gra\u00e7as \u00e0 combina\u00e7\u00e3o de a\u00e7\u00e3o antioxidante e energia direcionada ao fol\u00edculo, reativa a produ\u00e7\u00e3o de pigmento para ajudar a prevenir e at\u00e9 reverter a perda de cor nas fases iniciais.<\/p>\n<div class=\"row\"  id=\"row-717205563\">\n\n\t<div id=\"col-1799400397\" class=\"col medium-6 large-6\"  >\n\t\t\t\t<div class=\"col-inner\"  >\n\t\t\t\n\t\t\t\n\n\t\t<div class=\"icon-box featured-box icon-box-center text-center\"  >\n\t\t\t\t<div class=\"icon-box-text last-reset\">\n\t\t\t\t\t\t\t\t\t\n\t<div class=\"img has-hover x md-x lg-x y md-y lg-y\" id=\"image_928518908\">\n\t\t\t\t\t\t\t\t<div class=\"img-inner dark\" >\n\t\t\t<img loading=\"lazy\" decoding=\"async\" width=\"1020\" height=\"1020\" src=\"https:\/\/nuggelasule.com\/wp-content\/uploads\/2025\/10\/BARBA-SERUM-DETALLE-1024x1024.jpg\" class=\"attachment-large size-large\" alt=\"\" srcset=\"https:\/\/nuggelasule.com\/wp-content\/uploads\/2025\/10\/BARBA-SERUM-DETALLE-1024x1024.jpg 1024w, https:\/\/nuggelasule.com\/wp-content\/uploads\/2025\/10\/BARBA-SERUM-DETALLE-300x300.jpg 300w, https:\/\/nuggelasule.com\/wp-content\/uploads\/2025\/10\/BARBA-SERUM-DETALLE-122x122.jpg 122w, https:\/\/nuggelasule.com\/wp-content\/uploads\/2025\/10\/BARBA-SERUM-DETALLE-768x768.jpg 768w, https:\/\/nuggelasule.com\/wp-content\/uploads\/2025\/10\/BARBA-SERUM-DETALLE-450x450.jpg 450w, https:\/\/nuggelasule.com\/wp-content\/uploads\/2025\/10\/BARBA-SERUM-DETALLE-510x510.jpg 510w, https:\/\/nuggelasule.com\/wp-content\/uploads\/2025\/10\/BARBA-SERUM-DETALLE-100x100.jpg 100w, https:\/\/nuggelasule.com\/wp-content\/uploads\/2025\/10\/BARBA-SERUM-DETALLE-32x32.jpg 32w, https:\/\/nuggelasule.com\/wp-content\/uploads\/2025\/10\/BARBA-SERUM-DETALLE.jpg 1080w\" sizes=\"auto, (max-width: 1020px) 100vw, 1020px\" \/>\t\t\t\t\t\t\n\t\t\t\t\t<\/div>\n\t\t\t\t\t\t\t\t\n<style>\n#image_928518908 {\n  width: 100%;\n}\n<\/style>\n\t<\/div>\n\t\n\t\t<\/div>\n\t<\/div>\n\t\n\t\n\t\t<\/div>\n\t\t\t\t\t<\/div>\n\n\t\n\n\t<div id=\"col-1009935378\" class=\"col medium-6 large-6\"  >\n\t\t\t\t<div class=\"col-inner\"  >\n\t\t\t\n\t\t\t\n\n\t\t<div class=\"icon-box featured-box icon-box-center text-center\"  >\n\t\t\t\t<div class=\"icon-box-text last-reset\">\n\t\t\t\t\t\t\t\t\t\n\t<div class=\"img has-hover x md-x lg-x y md-y lg-y\" id=\"image_1415847838\">\n\t\t\t\t\t\t\t\t<div class=\"img-inner dark\" >\n\t\t\t<img loading=\"lazy\" decoding=\"async\" width=\"1020\" height=\"1020\" src=\"https:\/\/nuggelasule.com\/wp-content\/uploads\/2025\/11\/BEARD-SERUM-PT-1024x1024.png\" class=\"attachment-large size-large\" alt=\"\" srcset=\"https:\/\/nuggelasule.com\/wp-content\/uploads\/2025\/11\/BEARD-SERUM-PT-1024x1024.png 1024w, https:\/\/nuggelasule.com\/wp-content\/uploads\/2025\/11\/BEARD-SERUM-PT-300x300.png 300w, https:\/\/nuggelasule.com\/wp-content\/uploads\/2025\/11\/BEARD-SERUM-PT-122x122.png 122w, https:\/\/nuggelasule.com\/wp-content\/uploads\/2025\/11\/BEARD-SERUM-PT-768x768.png 768w, https:\/\/nuggelasule.com\/wp-content\/uploads\/2025\/11\/BEARD-SERUM-PT-1536x1536.png 1536w, https:\/\/nuggelasule.com\/wp-content\/uploads\/2025\/11\/BEARD-SERUM-PT-2048x2048.png 2048w, https:\/\/nuggelasule.com\/wp-content\/uploads\/2025\/11\/BEARD-SERUM-PT-450x450.png 450w, https:\/\/nuggelasule.com\/wp-content\/uploads\/2025\/11\/BEARD-SERUM-PT-510x510.png 510w, https:\/\/nuggelasule.com\/wp-content\/uploads\/2025\/11\/BEARD-SERUM-PT-100x100.png 100w, https:\/\/nuggelasule.com\/wp-content\/uploads\/2025\/11\/BEARD-SERUM-PT-32x32.png 32w, https:\/\/nuggelasule.com\/wp-content\/uploads\/2025\/11\/BEARD-SERUM-PT-60x60.png 60w, https:\/\/nuggelasule.com\/wp-content\/uploads\/2025\/11\/BEARD-SERUM-PT-90x90.png 90w\" sizes=\"auto, (max-width: 1020px) 100vw, 1020px\" \/>\t\t\t\t\t\t\n\t\t\t\t\t<\/div>\n\t\t\t\t\t\t\t\t\n<style>\n#image_1415847838 {\n  width: 100%;\n}\n<\/style>\n\t<\/div>\n\t\n\t\t<\/div>\n\t<\/div>\n\t\n\t\n\t\t<\/div>\n\t\t\t\t\t<\/div>\n\n\t\n<\/div>\n<div class=\"row\"><div class=\" col medium-6 small-12 large-6\"><div class=\"col  beneficios\"><p class=\"title_charasteritcs\">BENEF\u00cdCIOS<\/p><p class=\"description_charasteritcs\">\u2022 Estimula o crescimento do pelo facial<br \/>\r\n\u2022 Melhora a densidade e a uniformidade da barba<br \/>\r\n\u2022 Ajuda a retardar o aparecimento de canas<br \/>\r\n\u2022 Efeito anti-idade e rejuvenescedor<br \/>\r\n\u2022 Acalma e equilibra a pele<\/p><\/div><\/div><div class=\" col medium-6 small-12 large-6\"><div class=\"col indications \"><p class=\"title_charasteritcs\">INDICA\u00c7\u00d5ES<\/p><p class=\"description_charasteritcs\">\u2022 Adequado para todos os tipos de barba (curta, m\u00e9dia ou longa) e para todos os tipos de pele<br \/>\r\n\u2022 Indicado para fortalecer a fibra capilar da barba e melhorar a sua resist\u00eancia<br \/>\r\n\u2022 Especialmente indicado para barbas com zonas com falhas, pelo fino ou enfraquecido<br \/>\r\n\u2022 Testado dermatologicamente<\/p><\/div><\/div><\/div>\n<h3><span style=\"color: #282828;\"><strong>INSTRU\u00c7\u00d5ES DE USO:<\/strong><\/span><\/h3>\n<ol>\n<li>Aplicar uma vez por dia, de prefer\u00eancia \u00e0 noite, sobre a pele da barba limpa<br \/>\nou nas zonas com falhas desejadas<\/li>\n<li>Massajar com os dedos para favorecer a absor\u00e7\u00e3o e estimular a circula\u00e7\u00e3o sangu\u00ednea<\/li>\n<li>N\u00e3o enxaguar. Usar durante, no m\u00ednimo, 2\u20133 meses para completar o tratamento<\/li>\n<\/ol>\n<p><img loading=\"lazy\" decoding=\"async\" class=\"aligncenter wp-image-18754\" src=\"https:\/\/nuggelasule.com\/wp-content\/uploads\/2025\/11\/BEARD-SERUM-scaled.png\" alt=\"\" width=\"800\" height=\"235\" \/><\/p>\n<h3><span style=\"color: #282828;\"><strong>PRINCIPAIS INGREDIENTES ATIVOS:<\/strong><\/span><\/h3>\n<div class=\"row\"  id=\"row-310698074\">\n\n\t<div id=\"col-1204393680\" class=\"col medium-4 large-4\"  >\n\t\t\t\t<div class=\"col-inner\"  >\n\t\t\t\n\t\t\t\n\n\t\t<div class=\"icon-box featured-box icon-box-center text-center\"  >\n\t\t\t\t\t<div class=\"icon-box-img\" style=\"width: 303px\">\n\t\t\t\t<div class=\"icon\">\n\t\t\t\t\t<div class=\"icon-inner\" >\n\t\t\t\t\t\t<img loading=\"lazy\" decoding=\"async\" width=\"300\" height=\"300\" src=\"https:\/\/nuggelasule.com\/wp-content\/uploads\/2021\/03\/GLUCOGENO.jpg\" class=\"attachment-medium size-medium\" alt=\"\" srcset=\"https:\/\/nuggelasule.com\/wp-content\/uploads\/2021\/03\/GLUCOGENO.jpg 300w, https:\/\/nuggelasule.com\/wp-content\/uploads\/2021\/03\/GLUCOGENO-100x100.jpg 100w\" sizes=\"auto, (max-width: 300px) 100vw, 300px\" \/>\t\t\t\t\t<\/div>\n\t\t\t\t<\/div>\n\t\t\t<\/div>\n\t\t\t\t<div class=\"icon-box-text last-reset\">\n\t\t\t<h5 class=\"uppercase\">GLICOG\u00c9NIO MARINHO<\/h5>\t\t\t\t\t\t\n<p><strong>(Glycoenergizer Hair)<\/strong>. Um ativo extra\u00eddo da membrana dos moluscos. \u00c9 uma fonte de energia diretamente utiliz\u00e1vel pelo fol\u00edculo piloso, especialmente na fase anag\u00e9nica. Foi demonstrado que aumenta a prolifera\u00e7\u00e3o das c\u00e9lulas da papila d\u00e9rmica. Al\u00e9m disso, favorece a s\u00edntese de prote\u00ednas e a mitose dos queratin\u00f3citos, mantendo o ciclo capilar ativo e saud\u00e1vel.<\/p>\n\t\t<\/div>\n\t<\/div>\n\t\n\t\n\t\t<\/div>\n\t\t\t\t\t<\/div>\n\n\t\n\n\t<div id=\"col-2046756955\" class=\"col medium-4 large-4\"  >\n\t\t\t\t<div class=\"col-inner\"  >\n\t\t\t\n\t\t\t\n\n\t\t<div class=\"icon-box featured-box icon-box-center text-center\"  >\n\t\t\t\t\t<div class=\"icon-box-img\" style=\"width: 303px\">\n\t\t\t\t<div class=\"icon\">\n\t\t\t\t\t<div class=\"icon-inner\" >\n\t\t\t\t\t\t<img loading=\"lazy\" decoding=\"async\" width=\"300\" height=\"300\" src=\"https:\/\/nuggelasule.com\/wp-content\/uploads\/2021\/03\/maca-andina.jpg\" class=\"attachment-medium size-medium\" alt=\"\" srcset=\"https:\/\/nuggelasule.com\/wp-content\/uploads\/2021\/03\/maca-andina.jpg 500w, https:\/\/nuggelasule.com\/wp-content\/uploads\/2021\/03\/maca-andina-450x450.jpg 450w, https:\/\/nuggelasule.com\/wp-content\/uploads\/2021\/03\/maca-andina-100x100.jpg 100w\" sizes=\"auto, (max-width: 300px) 100vw, 300px\" \/>\t\t\t\t\t<\/div>\n\t\t\t\t<\/div>\n\t\t\t<\/div>\n\t\t\t\t<div class=\"icon-box-text last-reset\">\n\t\t\t<h5 class=\"uppercase\">EXTRATO DE MACA ANDINA<\/h5>\t\t\t\t\t\t\n<p>(<strong><em>Lepidium meyenii<\/em><\/strong>). Muito rica em amino\u00e1cidos, vitaminas, minerais e nutrientes. \u00c9 eficaz no aumento da densidade capilar e na redu\u00e7\u00e3o da miniaturiza\u00e7\u00e3o folicular, para uma barba mais densa e espessa.<\/p>\n\t\t<\/div>\n\t<\/div>\n\t\n\t\n\t\t<\/div>\n\t\t\t\t\t<\/div>\n\n\t\n\n\t<div id=\"col-430440290\" class=\"col medium-4 large-4\"  >\n\t\t\t\t<div class=\"col-inner\"  >\n\t\t\t\n\t\t\t\n\n\t\t<div class=\"icon-box featured-box icon-box-center text-center\"  >\n\t\t\t\t\t<div class=\"icon-box-img\" style=\"width: 303px\">\n\t\t\t\t<div class=\"icon\">\n\t\t\t\t\t<div class=\"icon-inner\" >\n\t\t\t\t\t\t<img loading=\"lazy\" decoding=\"async\" width=\"300\" height=\"300\" src=\"https:\/\/nuggelasule.com\/wp-content\/uploads\/2025\/10\/MOLECULAS-BARBA_300X300.jpg\" class=\"attachment-medium size-medium\" alt=\"\" srcset=\"https:\/\/nuggelasule.com\/wp-content\/uploads\/2025\/10\/MOLECULAS-BARBA_300X300.jpg 300w, https:\/\/nuggelasule.com\/wp-content\/uploads\/2025\/10\/MOLECULAS-BARBA_300X300-122x122.jpg 122w, https:\/\/nuggelasule.com\/wp-content\/uploads\/2025\/10\/MOLECULAS-BARBA_300X300-100x100.jpg 100w, https:\/\/nuggelasule.com\/wp-content\/uploads\/2025\/10\/MOLECULAS-BARBA_300X300-32x32.jpg 32w, https:\/\/nuggelasule.com\/wp-content\/uploads\/2025\/10\/MOLECULAS-BARBA_300X300-60x60.jpg 60w, https:\/\/nuggelasule.com\/wp-content\/uploads\/2025\/10\/MOLECULAS-BARBA_300X300-90x90.jpg 90w\" sizes=\"auto, (max-width: 300px) 100vw, 300px\" \/>\t\t\t\t\t<\/div>\n\t\t\t\t<\/div>\n\t\t\t<\/div>\n\t\t\t\t<div class=\"icon-box-text last-reset\">\n\t\t\t<h5 class=\"uppercase\">PROTE\u00cdNAS, AMINO\u00c1CIDOS, VITAMINAS<\/h5>\t\t\t\t\t\t\n<p>(<strong>Prote\u00edna Hidrolisada de Soja + Arginina, Niacinamida, Zinco PCA e Biotina<\/strong>)<\/p>\n<p>Revitalizam as ra\u00edzes, promovendo um crescimento mais saud\u00e1vel e resistente gra\u00e7as ao aumento da multiplica\u00e7\u00e3o das c\u00e9lulas estaminais foliculares.<\/p>\n\t\t<\/div>\n\t<\/div>\n\t\n\t\n\t\t<\/div>\n\t\t\t\t\t<\/div>\n\n\t\n<\/div>\n","protected":false},"excerpt":{"rendered":"<hr size=\"4\" \/>\n<p>S\u00e9rum Regenerador Barba, uma f\u00f3rmula bioativa que acelera o crescimento, fortalece e real\u00e7a a cor natural da barba<\/p>\n","protected":false},"featured_media":29625,"comment_status":"closed","ping_status":"closed","template":"","meta":{"_acf_changed":false,"_iconic_wsb_product_page_order_bump_ids":[[]],"_sku":[],"_iconic_wsb_product_page_bump_modal_ids":[[]]},"product_brand":[],"product_cat":[308,244],"product_tag":[],"class_list":{"0":"post-26782","1":"product","2":"type-product","3":"status-publish","4":"has-post-thumbnail","6":"product_cat-linha-de-barba","7":"product_cat-todos-pt","9":"first","10":"instock","11":"featured","12":"taxable","13":"shipping-taxable","14":"purchasable","15":"product-type-simple"},"acf":[],"yoast_head":"<!-- This site is optimized with the Yoast SEO plugin v27.0 - https:\/\/yoast.com\/product\/yoast-seo-wordpress\/ -->\n<title>S\u00e9rum Regenerador de Barba - Nuggela &amp; Sul\u00e9<\/title>\n<meta name=\"description\" content=\"S\u00e9rum Regenerador Barba - Uma barba com personalidade: uma f\u00f3rmula bioativa que acelera o crescimento, fortalece e real\u00e7a a cor natural da barba.\" \/>\n<meta name=\"robots\" content=\"index, follow, max-snippet:-1, max-image-preview:large, max-video-preview:-1\" \/>\n<link rel=\"canonical\" href=\"https:\/\/nuggelasule.com\/pt\/producto\/serum-regenerador-de-barba-nuggela-sule-homens-spray\/\" \/>\n<meta property=\"og:locale\" content=\"pt_PT\" \/>\n<meta property=\"og:type\" content=\"article\" \/>\n<meta property=\"og:title\" content=\"S\u00e9rum Regenerador de Barba - Nuggela &amp; Sul\u00e9\" \/>\n<meta property=\"og:description\" content=\"S\u00e9rum Regenerador Barba - Uma barba com personalidade: uma f\u00f3rmula bioativa que acelera o crescimento, fortalece e real\u00e7a a cor natural da barba.\" \/>\n<meta property=\"og:url\" content=\"https:\/\/nuggelasule.com\/pt\/producto\/serum-regenerador-de-barba-nuggela-sule-homens-spray\/\" \/>\n<meta property=\"og:site_name\" content=\"Nuggela &amp; Sul\u00e9\" \/>\n<meta property=\"article:publisher\" content=\"https:\/\/www.facebook.com\/nuggelasule\/\" \/>\n<meta property=\"article:modified_time\" content=\"2026-04-07T10:32:12+00:00\" \/>\n<meta property=\"og:image\" content=\"https:\/\/nuggelasule.com\/wp-content\/uploads\/2025\/10\/8437024803478beard-serum.jpg\" \/>\n\t<meta property=\"og:image:width\" content=\"1080\" \/>\n\t<meta property=\"og:image:height\" content=\"1080\" \/>\n\t<meta property=\"og:image:type\" content=\"image\/jpeg\" \/>\n<meta name=\"twitter:card\" content=\"summary_large_image\" \/>\n<meta name=\"twitter:site\" content=\"@nuggelasule\" \/>\n<meta name=\"twitter:label1\" content=\"Est. reading time\" \/>\n\t<meta name=\"twitter:data1\" content=\"3 minutes\" \/>\n<script type=\"application\/ld+json\" class=\"yoast-schema-graph\">{\"@context\":\"https:\/\/schema.org\",\"@graph\":[{\"@type\":\"WebPage\",\"@id\":\"https:\/\/nuggelasule.com\/pt\/producto\/serum-regenerador-de-barba-nuggela-sule-homens-spray\/\",\"url\":\"https:\/\/nuggelasule.com\/pt\/producto\/serum-regenerador-de-barba-nuggela-sule-homens-spray\/\",\"name\":\"S\u00e9rum Regenerador de Barba - Nuggela &amp; Sul\u00e9\",\"isPartOf\":{\"@id\":\"https:\/\/nuggelasule.com\/#website\"},\"primaryImageOfPage\":{\"@id\":\"https:\/\/nuggelasule.com\/pt\/producto\/serum-regenerador-de-barba-nuggela-sule-homens-spray\/#primaryimage\"},\"image\":{\"@id\":\"https:\/\/nuggelasule.com\/pt\/producto\/serum-regenerador-de-barba-nuggela-sule-homens-spray\/#primaryimage\"},\"thumbnailUrl\":\"https:\/\/nuggelasule.com\/wp-content\/uploads\/2025\/10\/8437024803478beard-serum.jpg\",\"datePublished\":\"2025-11-03T10:42:00+00:00\",\"dateModified\":\"2026-04-07T10:32:12+00:00\",\"description\":\"S\u00e9rum Regenerador Barba - Uma barba com personalidade: uma f\u00f3rmula bioativa que acelera o crescimento, fortalece e real\u00e7a a cor natural da barba.\",\"breadcrumb\":{\"@id\":\"https:\/\/nuggelasule.com\/pt\/producto\/serum-regenerador-de-barba-nuggela-sule-homens-spray\/#breadcrumb\"},\"inLanguage\":\"pt\",\"potentialAction\":[{\"@type\":\"ReadAction\",\"target\":[\"https:\/\/nuggelasule.com\/pt\/producto\/serum-regenerador-de-barba-nuggela-sule-homens-spray\/\"]}]},{\"@type\":\"ImageObject\",\"inLanguage\":\"pt\",\"@id\":\"https:\/\/nuggelasule.com\/pt\/producto\/serum-regenerador-de-barba-nuggela-sule-homens-spray\/#primaryimage\",\"url\":\"https:\/\/nuggelasule.com\/wp-content\/uploads\/2025\/10\/8437024803478beard-serum.jpg\",\"contentUrl\":\"https:\/\/nuggelasule.com\/wp-content\/uploads\/2025\/10\/8437024803478beard-serum.jpg\",\"width\":1080,\"height\":1080},{\"@type\":\"BreadcrumbList\",\"@id\":\"https:\/\/nuggelasule.com\/pt\/producto\/serum-regenerador-de-barba-nuggela-sule-homens-spray\/#breadcrumb\",\"itemListElement\":[{\"@type\":\"ListItem\",\"position\":1,\"name\":\"Portada\",\"item\":\"https:\/\/nuggelasule.com\/pt\/\"},{\"@type\":\"ListItem\",\"position\":2,\"name\":\"Tienda\",\"item\":\"https:\/\/nuggelasule.com\/pt\/tienda\/\"},{\"@type\":\"ListItem\",\"position\":3,\"name\":\"S\u00e9rum Regenerador de Barba\"}]},{\"@type\":\"WebSite\",\"@id\":\"https:\/\/nuggelasule.com\/#website\",\"url\":\"https:\/\/nuggelasule.com\/\",\"name\":\"Nuggela &amp; Sul\u00e9\",\"description\":\"Los mejores productos para la salud y belleza del cabello\",\"publisher\":{\"@id\":\"https:\/\/nuggelasule.com\/#organization\"},\"potentialAction\":[{\"@type\":\"SearchAction\",\"target\":{\"@type\":\"EntryPoint\",\"urlTemplate\":\"https:\/\/nuggelasule.com\/?s={search_term_string}\"},\"query-input\":{\"@type\":\"PropertyValueSpecification\",\"valueRequired\":true,\"valueName\":\"search_term_string\"}}],\"inLanguage\":\"pt\"},{\"@type\":\"Organization\",\"@id\":\"https:\/\/nuggelasule.com\/#organization\",\"name\":\"Nuggela&Sul\u00e9 S.L.\",\"url\":\"https:\/\/nuggelasule.com\/\",\"logo\":{\"@type\":\"ImageObject\",\"inLanguage\":\"pt\",\"@id\":\"https:\/\/nuggelasule.com\/#\/schema\/logo\/image\/\",\"url\":\"\",\"contentUrl\":\"\",\"caption\":\"Nuggela&Sul\u00e9 S.L.\"},\"image\":{\"@id\":\"https:\/\/nuggelasule.com\/#\/schema\/logo\/image\/\"},\"sameAs\":[\"https:\/\/www.facebook.com\/nuggelasule\/\",\"https:\/\/x.com\/nuggelasule\",\"https:\/\/www.instagram.com\/nuggela_sule\/\",\"https:\/\/www.linkedin.com\/company\/9406545\",\"https:\/\/www.youtube.com\/channel\/UCP-uGf_c8i2FI4TXfhffEKw\"]}]}<\/script>\n<!-- \/ Yoast SEO plugin. -->","yoast_head_json":{"title":"S\u00e9rum Regenerador de Barba - Nuggela &amp; Sul\u00e9","description":"S\u00e9rum Regenerador Barba - Uma barba com personalidade: uma f\u00f3rmula bioativa que acelera o crescimento, fortalece e real\u00e7a a cor natural da barba.","robots":{"index":"index","follow":"follow","max-snippet":"max-snippet:-1","max-image-preview":"max-image-preview:large","max-video-preview":"max-video-preview:-1"},"canonical":"https:\/\/nuggelasule.com\/pt\/producto\/serum-regenerador-de-barba-nuggela-sule-homens-spray\/","og_locale":"pt_PT","og_type":"article","og_title":"S\u00e9rum Regenerador de Barba - Nuggela &amp; Sul\u00e9","og_description":"S\u00e9rum Regenerador Barba - Uma barba com personalidade: uma f\u00f3rmula bioativa que acelera o crescimento, fortalece e real\u00e7a a cor natural da barba.","og_url":"https:\/\/nuggelasule.com\/pt\/producto\/serum-regenerador-de-barba-nuggela-sule-homens-spray\/","og_site_name":"Nuggela &amp; Sul\u00e9","article_publisher":"https:\/\/www.facebook.com\/nuggelasule\/","article_modified_time":"2026-04-07T10:32:12+00:00","og_image":[{"width":1080,"height":1080,"url":"https:\/\/nuggelasule.com\/wp-content\/uploads\/2025\/10\/8437024803478beard-serum.jpg","type":"image\/jpeg"}],"twitter_card":"summary_large_image","twitter_site":"@nuggelasule","twitter_misc":{"Est. reading time":"3 minutes"},"schema":{"@context":"https:\/\/schema.org","@graph":[{"@type":"WebPage","@id":"https:\/\/nuggelasule.com\/pt\/producto\/serum-regenerador-de-barba-nuggela-sule-homens-spray\/","url":"https:\/\/nuggelasule.com\/pt\/producto\/serum-regenerador-de-barba-nuggela-sule-homens-spray\/","name":"S\u00e9rum Regenerador de Barba - Nuggela &amp; Sul\u00e9","isPartOf":{"@id":"https:\/\/nuggelasule.com\/#website"},"primaryImageOfPage":{"@id":"https:\/\/nuggelasule.com\/pt\/producto\/serum-regenerador-de-barba-nuggela-sule-homens-spray\/#primaryimage"},"image":{"@id":"https:\/\/nuggelasule.com\/pt\/producto\/serum-regenerador-de-barba-nuggela-sule-homens-spray\/#primaryimage"},"thumbnailUrl":"https:\/\/nuggelasule.com\/wp-content\/uploads\/2025\/10\/8437024803478beard-serum.jpg","datePublished":"2025-11-03T10:42:00+00:00","dateModified":"2026-04-07T10:32:12+00:00","description":"S\u00e9rum Regenerador Barba - Uma barba com personalidade: uma f\u00f3rmula bioativa que acelera o crescimento, fortalece e real\u00e7a a cor natural da barba.","breadcrumb":{"@id":"https:\/\/nuggelasule.com\/pt\/producto\/serum-regenerador-de-barba-nuggela-sule-homens-spray\/#breadcrumb"},"inLanguage":"pt","potentialAction":[{"@type":"ReadAction","target":["https:\/\/nuggelasule.com\/pt\/producto\/serum-regenerador-de-barba-nuggela-sule-homens-spray\/"]}]},{"@type":"ImageObject","inLanguage":"pt","@id":"https:\/\/nuggelasule.com\/pt\/producto\/serum-regenerador-de-barba-nuggela-sule-homens-spray\/#primaryimage","url":"https:\/\/nuggelasule.com\/wp-content\/uploads\/2025\/10\/8437024803478beard-serum.jpg","contentUrl":"https:\/\/nuggelasule.com\/wp-content\/uploads\/2025\/10\/8437024803478beard-serum.jpg","width":1080,"height":1080},{"@type":"BreadcrumbList","@id":"https:\/\/nuggelasule.com\/pt\/producto\/serum-regenerador-de-barba-nuggela-sule-homens-spray\/#breadcrumb","itemListElement":[{"@type":"ListItem","position":1,"name":"Portada","item":"https:\/\/nuggelasule.com\/pt\/"},{"@type":"ListItem","position":2,"name":"Tienda","item":"https:\/\/nuggelasule.com\/pt\/tienda\/"},{"@type":"ListItem","position":3,"name":"S\u00e9rum Regenerador de Barba"}]},{"@type":"WebSite","@id":"https:\/\/nuggelasule.com\/#website","url":"https:\/\/nuggelasule.com\/","name":"Nuggela &amp; Sul\u00e9","description":"Los mejores productos para la salud y belleza del cabello","publisher":{"@id":"https:\/\/nuggelasule.com\/#organization"},"potentialAction":[{"@type":"SearchAction","target":{"@type":"EntryPoint","urlTemplate":"https:\/\/nuggelasule.com\/?s={search_term_string}"},"query-input":{"@type":"PropertyValueSpecification","valueRequired":true,"valueName":"search_term_string"}}],"inLanguage":"pt"},{"@type":"Organization","@id":"https:\/\/nuggelasule.com\/#organization","name":"Nuggela&Sul\u00e9 S.L.","url":"https:\/\/nuggelasule.com\/","logo":{"@type":"ImageObject","inLanguage":"pt","@id":"https:\/\/nuggelasule.com\/#\/schema\/logo\/image\/","url":"","contentUrl":"","caption":"Nuggela&Sul\u00e9 S.L."},"image":{"@id":"https:\/\/nuggelasule.com\/#\/schema\/logo\/image\/"},"sameAs":["https:\/\/www.facebook.com\/nuggelasule\/","https:\/\/x.com\/nuggelasule","https:\/\/www.instagram.com\/nuggela_sule\/","https:\/\/www.linkedin.com\/company\/9406545","https:\/\/www.youtube.com\/channel\/UCP-uGf_c8i2FI4TXfhffEKw"]}]}},"_links":{"self":[{"href":"https:\/\/nuggelasule.com\/pt\/wp-json\/wp\/v2\/product\/26782","targetHints":{"allow":["GET"]}}],"collection":[{"href":"https:\/\/nuggelasule.com\/pt\/wp-json\/wp\/v2\/product"}],"about":[{"href":"https:\/\/nuggelasule.com\/pt\/wp-json\/wp\/v2\/types\/product"}],"replies":[{"embeddable":true,"href":"https:\/\/nuggelasule.com\/pt\/wp-json\/wp\/v2\/comments?post=26782"}],"wp:featuredmedia":[{"embeddable":true,"href":"https:\/\/nuggelasule.com\/pt\/wp-json\/wp\/v2\/media\/29625"}],"wp:attachment":[{"href":"https:\/\/nuggelasule.com\/pt\/wp-json\/wp\/v2\/media?parent=26782"}],"wp:term":[{"taxonomy":"product_brand","embeddable":true,"href":"https:\/\/nuggelasule.com\/pt\/wp-json\/wp\/v2\/product_brand?post=26782"},{"taxonomy":"product_cat","embeddable":true,"href":"https:\/\/nuggelasule.com\/pt\/wp-json\/wp\/v2\/product_cat?post=26782"},{"taxonomy":"product_tag","embeddable":true,"href":"https:\/\/nuggelasule.com\/pt\/wp-json\/wp\/v2\/product_tag?post=26782"}],"curies":[{"name":"wp","href":"https:\/\/api.w.org\/{rel}","templated":true}]},"billing":{"billing_DNI":""}}