{"id":24938,"date":"2025-04-07T14:02:32","date_gmt":"2025-04-07T12:02:32","guid":{"rendered":"https:\/\/nuggelasule.com\/?post_type=product&#038;p=24938"},"modified":"2026-04-28T07:38:22","modified_gmt":"2026-04-28T05:38:22","slug":"bolsa-de-presente","status":"publish","type":"product","link":"https:\/\/nuggelasule.com\/pt\/producto\/bolsa-de-presente\/","title":{"rendered":"Bolsa de Presente"},"content":{"rendered":"<h1><span style=\"color: #282828;\">Bolsa de Presente da Nuggela &amp; Sul\u00e9<\/span><\/h1>\n<h4><span style=\"color: #282828;\"><strong>EMBRULHA TU MESMO<\/strong><\/span><\/h4>\n<p>A bolsa \u00e9 enviada por montar, para que possas colocar tudo o que quiseres oferecer! Assim, podes preparar o presente \u00e0 tua maneira, escolher o momento perfeito e embrulh\u00e1-lo com o teu toque pessoal.<\/p>\n<p>Porque quando \u00e9s tu a preparar, o presente tem ainda mais valor.<\/p>\n<p><strong>O QUE CABE NA BOLSA:<\/strong><\/p>\n<ul>\n<li>At\u00e9 4 champ\u00f4s<\/li>\n<li>At\u00e9 4 packs de 2 ampolas<\/li>\n<li>At\u00e9 2 champ\u00f4s, 1 m\u00e1scara e uma escova Tangle Tamer<\/li>\n<\/ul>\n<p><strong>DESIGN<\/strong><br \/>\nAl\u00e9m disso, o seu design elegante e reutiliz\u00e1vel transforma cada presente numa experi\u00eancia especial \u2014 mesmo antes de ser aberto.<\/p>\n<div class=\"row\"  id=\"row-1222687729\">\n<\/div>\n<div class=\"row\"><div class=\" col medium-6 small-12 large-6\"><div class=\"col  beneficios\"><p class=\"title_charasteritcs\">BENEF\u00cdCIOS<\/p><p class=\"description_charasteritcs\">\u00b7 Bolsa de tecido<br \/>\r\n\u00b7 Feita de algod\u00e3o<br \/>\r\n\u00b7 Tamanho: 20 x 30 cm<br \/>\r\n\u00b7 Com design exclusivo<\/p><\/div><\/div><div class=\" col medium-6 small-12 large-6\"><div class=\"col indications \"><p class=\"title_charasteritcs\">INDICA\u00c7\u00d5ES<\/p><p class=\"description_charasteritcs\">\u00b7 Lavar \u00e0 m\u00e1quina a uma temperatura m\u00e1xima de 30\u00baC<br \/>\r\n\u00b7 N\u00e3o secar na m\u00e1quina<br \/>\r\n\u00b7 Passar a ferro a temperatura m\u00e9dia<br \/>\r\n\u00b7 N\u00e3o usar lix\u00edvia<\/p><\/div><\/div><\/div>\n<div class=\"row\"  id=\"row-1182974942\">\n\n\t<div id=\"col-1712534334\" class=\"col small-12 large-12\"  >\n\t\t\t\t<div class=\"col-inner\"  >\n\t\t\t\n\t\t\t\n<div class=\"row\"  id=\"row-2035677476\">\n\n\t<div id=\"col-473361066\" class=\"col small-12 large-12\"  >\n\t\t\t\t<div class=\"col-inner\"  >\n\t\t\t\n\t\t\t\n\t\t<\/div>\n\t\t\t\t\t<\/div>\n\n\t\n<\/div>\n\t\t<\/div>\n\t\t\t\t\t<\/div>\n\n\t\n<\/div>\n","protected":false},"excerpt":{"rendered":"<hr size=\"4\" \/>\n<p>Bolsa com design exclusivo da marca. Para que possas colocar tudo o que quiseres oferecer! Porque quando \u00e9s tu a preparar, o presente tem ainda mais valor<\/p>\n","protected":false},"featured_media":24865,"comment_status":"closed","ping_status":"closed","template":"","meta":{"_acf_changed":false,"_iconic_wsb_product_page_order_bump_ids":[[]],"_sku":["P010109"],"_iconic_wsb_product_page_bump_modal_ids":[[]]},"product_brand":[],"product_cat":[256],"product_tag":[],"class_list":{"0":"post-24938","1":"product","2":"type-product","3":"status-publish","4":"has-post-thumbnail","6":"product_cat-acessorios-pt","8":"first","9":"outofstock","10":"taxable","11":"shipping-taxable","12":"purchasable","13":"product-type-simple"},"acf":[],"yoast_head":"<!-- This site is optimized with the Yoast SEO plugin v27.0 - https:\/\/yoast.com\/product\/yoast-seo-wordpress\/ -->\n<title>Bolsa de Presente - Nuggela &amp; Sul\u00e9<\/title>\n<meta name=\"description\" content=\"Com design exclusivo da marca. Podes coloc\u00e1-la com tudo o que quiseres oferecer! Porque quando \u00e9s tu a preparar, o presente ganha ainda mais significado\" \/>\n<meta name=\"robots\" content=\"index, follow, max-snippet:-1, max-image-preview:large, max-video-preview:-1\" \/>\n<link rel=\"canonical\" href=\"https:\/\/nuggelasule.com\/pt\/producto\/bolsa-de-presente\/\" \/>\n<meta property=\"og:locale\" content=\"pt_PT\" \/>\n<meta property=\"og:type\" content=\"article\" \/>\n<meta property=\"og:title\" content=\"Bolsa de Presente - Nuggela &amp; Sul\u00e9\" \/>\n<meta property=\"og:description\" content=\"Com design exclusivo da marca. Podes coloc\u00e1-la com tudo o que quiseres oferecer! Porque quando \u00e9s tu a preparar, o presente ganha ainda mais significado\" \/>\n<meta property=\"og:url\" content=\"https:\/\/nuggelasule.com\/pt\/producto\/bolsa-de-presente\/\" \/>\n<meta property=\"og:site_name\" content=\"Nuggela &amp; Sul\u00e9\" \/>\n<meta property=\"article:publisher\" content=\"https:\/\/www.facebook.com\/nuggelasule\/\" \/>\n<meta property=\"article:modified_time\" content=\"2026-04-28T05:38:22+00:00\" \/>\n<meta property=\"og:image\" content=\"https:\/\/nuggelasule.com\/wp-content\/uploads\/2021\/11\/black-bag-onion.jpg\" \/>\n\t<meta property=\"og:image:width\" content=\"1500\" \/>\n\t<meta property=\"og:image:height\" content=\"1500\" \/>\n\t<meta property=\"og:image:type\" content=\"image\/jpeg\" \/>\n<meta name=\"twitter:card\" content=\"summary_large_image\" \/>\n<meta name=\"twitter:site\" content=\"@nuggelasule\" \/>\n<meta name=\"twitter:label1\" content=\"Est. reading time\" \/>\n\t<meta name=\"twitter:data1\" content=\"1 minute\" \/>\n<script type=\"application\/ld+json\" class=\"yoast-schema-graph\">{\"@context\":\"https:\/\/schema.org\",\"@graph\":[{\"@type\":\"WebPage\",\"@id\":\"https:\/\/nuggelasule.com\/pt\/producto\/bolsa-de-presente\/\",\"url\":\"https:\/\/nuggelasule.com\/pt\/producto\/bolsa-de-presente\/\",\"name\":\"Bolsa de Presente - Nuggela &amp; Sul\u00e9\",\"isPartOf\":{\"@id\":\"https:\/\/nuggelasule.com\/#website\"},\"primaryImageOfPage\":{\"@id\":\"https:\/\/nuggelasule.com\/pt\/producto\/bolsa-de-presente\/#primaryimage\"},\"image\":{\"@id\":\"https:\/\/nuggelasule.com\/pt\/producto\/bolsa-de-presente\/#primaryimage\"},\"thumbnailUrl\":\"https:\/\/nuggelasule.com\/wp-content\/uploads\/2021\/11\/black-bag-onion.jpg\",\"datePublished\":\"2025-04-07T12:02:32+00:00\",\"dateModified\":\"2026-04-28T05:38:22+00:00\",\"description\":\"Com design exclusivo da marca. Podes coloc\u00e1-la com tudo o que quiseres oferecer! Porque quando \u00e9s tu a preparar, o presente ganha ainda mais significado\",\"breadcrumb\":{\"@id\":\"https:\/\/nuggelasule.com\/pt\/producto\/bolsa-de-presente\/#breadcrumb\"},\"inLanguage\":\"pt\",\"potentialAction\":[{\"@type\":\"ReadAction\",\"target\":[\"https:\/\/nuggelasule.com\/pt\/producto\/bolsa-de-presente\/\"]}]},{\"@type\":\"ImageObject\",\"inLanguage\":\"pt\",\"@id\":\"https:\/\/nuggelasule.com\/pt\/producto\/bolsa-de-presente\/#primaryimage\",\"url\":\"https:\/\/nuggelasule.com\/wp-content\/uploads\/2021\/11\/black-bag-onion.jpg\",\"contentUrl\":\"https:\/\/nuggelasule.com\/wp-content\/uploads\/2021\/11\/black-bag-onion.jpg\",\"width\":1500,\"height\":1500},{\"@type\":\"BreadcrumbList\",\"@id\":\"https:\/\/nuggelasule.com\/pt\/producto\/bolsa-de-presente\/#breadcrumb\",\"itemListElement\":[{\"@type\":\"ListItem\",\"position\":1,\"name\":\"Portada\",\"item\":\"https:\/\/nuggelasule.com\/pt\/\"},{\"@type\":\"ListItem\",\"position\":2,\"name\":\"Tienda\",\"item\":\"https:\/\/nuggelasule.com\/pt\/tienda\/\"},{\"@type\":\"ListItem\",\"position\":3,\"name\":\"Bolsa de Presente\"}]},{\"@type\":\"WebSite\",\"@id\":\"https:\/\/nuggelasule.com\/#website\",\"url\":\"https:\/\/nuggelasule.com\/\",\"name\":\"Nuggela &amp; Sul\u00e9\",\"description\":\"Los mejores productos para la salud y belleza del cabello\",\"publisher\":{\"@id\":\"https:\/\/nuggelasule.com\/#organization\"},\"potentialAction\":[{\"@type\":\"SearchAction\",\"target\":{\"@type\":\"EntryPoint\",\"urlTemplate\":\"https:\/\/nuggelasule.com\/?s={search_term_string}\"},\"query-input\":{\"@type\":\"PropertyValueSpecification\",\"valueRequired\":true,\"valueName\":\"search_term_string\"}}],\"inLanguage\":\"pt\"},{\"@type\":\"Organization\",\"@id\":\"https:\/\/nuggelasule.com\/#organization\",\"name\":\"Nuggela&Sul\u00e9 S.L.\",\"url\":\"https:\/\/nuggelasule.com\/\",\"logo\":{\"@type\":\"ImageObject\",\"inLanguage\":\"pt\",\"@id\":\"https:\/\/nuggelasule.com\/#\/schema\/logo\/image\/\",\"url\":\"\",\"contentUrl\":\"\",\"caption\":\"Nuggela&Sul\u00e9 S.L.\"},\"image\":{\"@id\":\"https:\/\/nuggelasule.com\/#\/schema\/logo\/image\/\"},\"sameAs\":[\"https:\/\/www.facebook.com\/nuggelasule\/\",\"https:\/\/x.com\/nuggelasule\",\"https:\/\/www.instagram.com\/nuggela_sule\/\",\"https:\/\/www.linkedin.com\/company\/9406545\",\"https:\/\/www.youtube.com\/channel\/UCP-uGf_c8i2FI4TXfhffEKw\"]}]}<\/script>\n<!-- \/ Yoast SEO plugin. -->","yoast_head_json":{"title":"Bolsa de Presente - Nuggela &amp; Sul\u00e9","description":"Com design exclusivo da marca. Podes coloc\u00e1-la com tudo o que quiseres oferecer! Porque quando \u00e9s tu a preparar, o presente ganha ainda mais significado","robots":{"index":"index","follow":"follow","max-snippet":"max-snippet:-1","max-image-preview":"max-image-preview:large","max-video-preview":"max-video-preview:-1"},"canonical":"https:\/\/nuggelasule.com\/pt\/producto\/bolsa-de-presente\/","og_locale":"pt_PT","og_type":"article","og_title":"Bolsa de Presente - Nuggela &amp; Sul\u00e9","og_description":"Com design exclusivo da marca. Podes coloc\u00e1-la com tudo o que quiseres oferecer! Porque quando \u00e9s tu a preparar, o presente ganha ainda mais significado","og_url":"https:\/\/nuggelasule.com\/pt\/producto\/bolsa-de-presente\/","og_site_name":"Nuggela &amp; Sul\u00e9","article_publisher":"https:\/\/www.facebook.com\/nuggelasule\/","article_modified_time":"2026-04-28T05:38:22+00:00","og_image":[{"width":1500,"height":1500,"url":"https:\/\/nuggelasule.com\/wp-content\/uploads\/2021\/11\/black-bag-onion.jpg","type":"image\/jpeg"}],"twitter_card":"summary_large_image","twitter_site":"@nuggelasule","twitter_misc":{"Est. reading time":"1 minute"},"schema":{"@context":"https:\/\/schema.org","@graph":[{"@type":"WebPage","@id":"https:\/\/nuggelasule.com\/pt\/producto\/bolsa-de-presente\/","url":"https:\/\/nuggelasule.com\/pt\/producto\/bolsa-de-presente\/","name":"Bolsa de Presente - Nuggela &amp; Sul\u00e9","isPartOf":{"@id":"https:\/\/nuggelasule.com\/#website"},"primaryImageOfPage":{"@id":"https:\/\/nuggelasule.com\/pt\/producto\/bolsa-de-presente\/#primaryimage"},"image":{"@id":"https:\/\/nuggelasule.com\/pt\/producto\/bolsa-de-presente\/#primaryimage"},"thumbnailUrl":"https:\/\/nuggelasule.com\/wp-content\/uploads\/2021\/11\/black-bag-onion.jpg","datePublished":"2025-04-07T12:02:32+00:00","dateModified":"2026-04-28T05:38:22+00:00","description":"Com design exclusivo da marca. Podes coloc\u00e1-la com tudo o que quiseres oferecer! Porque quando \u00e9s tu a preparar, o presente ganha ainda mais significado","breadcrumb":{"@id":"https:\/\/nuggelasule.com\/pt\/producto\/bolsa-de-presente\/#breadcrumb"},"inLanguage":"pt","potentialAction":[{"@type":"ReadAction","target":["https:\/\/nuggelasule.com\/pt\/producto\/bolsa-de-presente\/"]}]},{"@type":"ImageObject","inLanguage":"pt","@id":"https:\/\/nuggelasule.com\/pt\/producto\/bolsa-de-presente\/#primaryimage","url":"https:\/\/nuggelasule.com\/wp-content\/uploads\/2021\/11\/black-bag-onion.jpg","contentUrl":"https:\/\/nuggelasule.com\/wp-content\/uploads\/2021\/11\/black-bag-onion.jpg","width":1500,"height":1500},{"@type":"BreadcrumbList","@id":"https:\/\/nuggelasule.com\/pt\/producto\/bolsa-de-presente\/#breadcrumb","itemListElement":[{"@type":"ListItem","position":1,"name":"Portada","item":"https:\/\/nuggelasule.com\/pt\/"},{"@type":"ListItem","position":2,"name":"Tienda","item":"https:\/\/nuggelasule.com\/pt\/tienda\/"},{"@type":"ListItem","position":3,"name":"Bolsa de Presente"}]},{"@type":"WebSite","@id":"https:\/\/nuggelasule.com\/#website","url":"https:\/\/nuggelasule.com\/","name":"Nuggela &amp; Sul\u00e9","description":"Los mejores productos para la salud y belleza del cabello","publisher":{"@id":"https:\/\/nuggelasule.com\/#organization"},"potentialAction":[{"@type":"SearchAction","target":{"@type":"EntryPoint","urlTemplate":"https:\/\/nuggelasule.com\/?s={search_term_string}"},"query-input":{"@type":"PropertyValueSpecification","valueRequired":true,"valueName":"search_term_string"}}],"inLanguage":"pt"},{"@type":"Organization","@id":"https:\/\/nuggelasule.com\/#organization","name":"Nuggela&Sul\u00e9 S.L.","url":"https:\/\/nuggelasule.com\/","logo":{"@type":"ImageObject","inLanguage":"pt","@id":"https:\/\/nuggelasule.com\/#\/schema\/logo\/image\/","url":"","contentUrl":"","caption":"Nuggela&Sul\u00e9 S.L."},"image":{"@id":"https:\/\/nuggelasule.com\/#\/schema\/logo\/image\/"},"sameAs":["https:\/\/www.facebook.com\/nuggelasule\/","https:\/\/x.com\/nuggelasule","https:\/\/www.instagram.com\/nuggela_sule\/","https:\/\/www.linkedin.com\/company\/9406545","https:\/\/www.youtube.com\/channel\/UCP-uGf_c8i2FI4TXfhffEKw"]}]}},"_links":{"self":[{"href":"https:\/\/nuggelasule.com\/pt\/wp-json\/wp\/v2\/product\/24938","targetHints":{"allow":["GET"]}}],"collection":[{"href":"https:\/\/nuggelasule.com\/pt\/wp-json\/wp\/v2\/product"}],"about":[{"href":"https:\/\/nuggelasule.com\/pt\/wp-json\/wp\/v2\/types\/product"}],"replies":[{"embeddable":true,"href":"https:\/\/nuggelasule.com\/pt\/wp-json\/wp\/v2\/comments?post=24938"}],"wp:featuredmedia":[{"embeddable":true,"href":"https:\/\/nuggelasule.com\/pt\/wp-json\/wp\/v2\/media\/24865"}],"wp:attachment":[{"href":"https:\/\/nuggelasule.com\/pt\/wp-json\/wp\/v2\/media?parent=24938"}],"wp:term":[{"taxonomy":"product_brand","embeddable":true,"href":"https:\/\/nuggelasule.com\/pt\/wp-json\/wp\/v2\/product_brand?post=24938"},{"taxonomy":"product_cat","embeddable":true,"href":"https:\/\/nuggelasule.com\/pt\/wp-json\/wp\/v2\/product_cat?post=24938"},{"taxonomy":"product_tag","embeddable":true,"href":"https:\/\/nuggelasule.com\/pt\/wp-json\/wp\/v2\/product_tag?post=24938"}],"curies":[{"name":"wp","href":"https:\/\/api.w.org\/{rel}","templated":true}]},"billing":{"billing_DNI":""}}