{"id":24894,"date":"2025-04-07T09:09:02","date_gmt":"2025-04-07T07:09:02","guid":{"rendered":"https:\/\/nuggelasule.com\/?post_type=product&#038;p=24894"},"modified":"2026-04-28T07:38:26","modified_gmt":"2026-04-28T05:38:26","slug":"onion-tote-bag","status":"publish","type":"product","link":"https:\/\/nuggelasule.com\/pt\/producto\/onion-tote-bag\/","title":{"rendered":"Onion TOTE Bag"},"content":{"rendered":"<h1><span style=\"color: #282828;\">Onion TOTE Bag da Nuggela &#038; Sul\u00e9<\/span><\/h1>\n<h4><span style=\"color: #282828;\"><strong>Bolsa 100% Reutiliz\u00e1vel com design exclusivo de cebola<\/strong><\/span><\/h4>\n<p>Descubra a nossa bolsa de alta qualidade, fabricada em 100% algod\u00e3o, com um design \u00fanico e elegante inspirado na nossa ic\u00f3nica cebola. Gra\u00e7as \u00e0s suas al\u00e7as compridas e resistentes, torna-se no complemento perfeito para o acompanhar no seu dia a dia.<\/p>\n<p>Seja para ir \u00e0s compras, ao trabalho, \u00e0 praia ou simplesmente para dar um passeio, esta bolsa \u00e9 t\u00e3o vers\u00e1til quanto pr\u00e1tica. O seu design intemporal reflete o esp\u00edrito da marca, tornando-a num acess\u00f3rio imprescind\u00edvel para os amantes da Nuggela &#038; Sul\u00e9.<\/p>\n<p><strong>USE-A COM ORGULHO, MOSTRE-A COM ESTILO<\/strong><br \/>\nLeve-a consigo onde quer que v\u00e1 e deixe que a sua paix\u00e3o pela Nuggela &#038; Sul\u00e9 o acompanhe sempre. Porque <strong>n\u00e3o \u00e9 apenas uma bolsa, \u00e9 uma afirma\u00e7\u00e3o de identidade, sustentabilidade e bom gosto.<\/strong><\/p>\n<div class=\"row\"  id=\"row-28898415\">\n\n\t<div id=\"col-1471509546\" class=\"col medium-6 large-6\"  >\n\t\t\t\t<div class=\"col-inner\"  >\n\t\t\t\n\t\t\t\n\n\t\t<div class=\"icon-box featured-box icon-box-center text-center\"  >\n\t\t\t\t<div class=\"icon-box-text last-reset\">\n\t\t\t\t\t\t\t\t\t\n\t<div class=\"img has-hover x md-x lg-x y md-y lg-y\" id=\"image_1701201873\">\n\t\t\t\t\t\t\t\t<div class=\"img-inner dark\" >\n\t\t\t<img loading=\"lazy\" decoding=\"async\" width=\"1020\" height=\"1020\" src=\"https:\/\/nuggelasule.com\/wp-content\/uploads\/2025\/04\/8437024803379_Onion-Tote-Bag_4-1-1024x1024.jpg\" class=\"attachment-large size-large\" alt=\"\" srcset=\"https:\/\/nuggelasule.com\/wp-content\/uploads\/2025\/04\/8437024803379_Onion-Tote-Bag_4-1-1024x1024.jpg 1024w, https:\/\/nuggelasule.com\/wp-content\/uploads\/2025\/04\/8437024803379_Onion-Tote-Bag_4-1-300x300.jpg 300w, https:\/\/nuggelasule.com\/wp-content\/uploads\/2025\/04\/8437024803379_Onion-Tote-Bag_4-1-122x122.jpg 122w, https:\/\/nuggelasule.com\/wp-content\/uploads\/2025\/04\/8437024803379_Onion-Tote-Bag_4-1-768x768.jpg 768w, https:\/\/nuggelasule.com\/wp-content\/uploads\/2025\/04\/8437024803379_Onion-Tote-Bag_4-1-450x450.jpg 450w, https:\/\/nuggelasule.com\/wp-content\/uploads\/2025\/04\/8437024803379_Onion-Tote-Bag_4-1-510x510.jpg 510w, https:\/\/nuggelasule.com\/wp-content\/uploads\/2025\/04\/8437024803379_Onion-Tote-Bag_4-1-100x100.jpg 100w, https:\/\/nuggelasule.com\/wp-content\/uploads\/2025\/04\/8437024803379_Onion-Tote-Bag_4-1-32x32.jpg 32w, https:\/\/nuggelasule.com\/wp-content\/uploads\/2025\/04\/8437024803379_Onion-Tote-Bag_4-1-60x60.jpg 60w, https:\/\/nuggelasule.com\/wp-content\/uploads\/2025\/04\/8437024803379_Onion-Tote-Bag_4-1-90x90.jpg 90w, https:\/\/nuggelasule.com\/wp-content\/uploads\/2025\/04\/8437024803379_Onion-Tote-Bag_4-1.jpg 1080w\" sizes=\"auto, (max-width: 1020px) 100vw, 1020px\" \/>\t\t\t\t\t\t\n\t\t\t\t\t<\/div>\n\t\t\t\t\t\t\t\t\n<style>\n#image_1701201873 {\n  width: 100%;\n}\n<\/style>\n\t<\/div>\n\t\n\t\t<\/div>\n\t<\/div>\n\t\n\t\n\t\t<\/div>\n\t\t\t\t\t<\/div>\n\n\t\n\n\t<div id=\"col-152892527\" class=\"col medium-6 large-6\"  >\n\t\t\t\t<div class=\"col-inner\"  >\n\t\t\t\n\t\t\t\n\n\t\t<div class=\"icon-box featured-box icon-box-center text-center\"  >\n\t\t\t\t<div class=\"icon-box-text last-reset\">\n\t\t\t\t\t\t\t\t\t\n\t<div class=\"img has-hover x md-x lg-x y md-y lg-y\" id=\"image_282222733\">\n\t\t\t\t\t\t\t\t<div class=\"img-inner dark\" >\n\t\t\t<img loading=\"lazy\" decoding=\"async\" width=\"1020\" height=\"1020\" src=\"https:\/\/nuggelasule.com\/wp-content\/uploads\/2025\/04\/TOTE-ONION-PT-1024x1024.jpg\" class=\"attachment-large size-large\" alt=\"\" srcset=\"https:\/\/nuggelasule.com\/wp-content\/uploads\/2025\/04\/TOTE-ONION-PT-1024x1024.jpg 1024w, https:\/\/nuggelasule.com\/wp-content\/uploads\/2025\/04\/TOTE-ONION-PT-300x300.jpg 300w, https:\/\/nuggelasule.com\/wp-content\/uploads\/2025\/04\/TOTE-ONION-PT-122x122.jpg 122w, https:\/\/nuggelasule.com\/wp-content\/uploads\/2025\/04\/TOTE-ONION-PT-768x768.jpg 768w, https:\/\/nuggelasule.com\/wp-content\/uploads\/2025\/04\/TOTE-ONION-PT-1536x1536.jpg 1536w, https:\/\/nuggelasule.com\/wp-content\/uploads\/2025\/04\/TOTE-ONION-PT-2048x2048.jpg 2048w, https:\/\/nuggelasule.com\/wp-content\/uploads\/2025\/04\/TOTE-ONION-PT-450x450.jpg 450w, https:\/\/nuggelasule.com\/wp-content\/uploads\/2025\/04\/TOTE-ONION-PT-510x510.jpg 510w, https:\/\/nuggelasule.com\/wp-content\/uploads\/2025\/04\/TOTE-ONION-PT-100x100.jpg 100w, https:\/\/nuggelasule.com\/wp-content\/uploads\/2025\/04\/TOTE-ONION-PT-32x32.jpg 32w, https:\/\/nuggelasule.com\/wp-content\/uploads\/2025\/04\/TOTE-ONION-PT-60x60.jpg 60w, https:\/\/nuggelasule.com\/wp-content\/uploads\/2025\/04\/TOTE-ONION-PT-90x90.jpg 90w\" sizes=\"auto, (max-width: 1020px) 100vw, 1020px\" \/>\t\t\t\t\t\t\n\t\t\t\t\t<\/div>\n\t\t\t\t\t\t\t\t\n<style>\n#image_282222733 {\n  width: 100%;\n}\n<\/style>\n\t<\/div>\n\t\n\t\t<\/div>\n\t<\/div>\n\t\n\t\n\t\t<\/div>\n\t\t\t\t\t<\/div>\n\n\t\n<\/div>\n<div class=\"row\"><div class=\" col medium-6 small-12 large-6\"><div class=\"col  beneficios\"><p class=\"title_charasteritcs\">BENEF\u00cdCIOS<\/p><p class=\"description_charasteritcs\">\u00b7 100% algod\u00e3o<br \/>\r\n\u00b7 Bolsa reutiliz\u00e1vel<br \/>\r\n\u00b7 Bolsa resistente<br \/>\r\n\u00b7 Abertura larga<br \/>\r\n\u00b7 Al\u00e7as compridas<br \/>\r\n\u00b7 Com design exclusivo<\/p><\/div><\/div><div class=\" col medium-6 small-12 large-6\"><div class=\"col indications \"><p class=\"title_charasteritcs\">INDICA\u00c7\u00d5ES<\/p><p class=\"description_charasteritcs\">\u00b7 Lavar na m\u00e1quina a uma temperatura m\u00e1xima de 30\u00baC<br \/>\r\n\u00b7 N\u00e3o utilizar m\u00e1quina de secar<br \/>\r\n\u00b7 Passar a ferro a temperatura m\u00e9dia<br \/>\r\n\u00b7 N\u00e3o utilizar lix\u00edvia<\/p><\/div><\/div><\/div>\n<div class=\"row\"  id=\"row-1629725673\">\n\n\t<div id=\"col-2031536810\" class=\"col small-12 large-12\"  >\n\t\t\t\t<div class=\"col-inner\"  >\n\t\t\t\n\t\t\t\n<div class=\"row\"  id=\"row-1076300148\">\n\n\t<div id=\"col-819010904\" class=\"col small-12 large-12\"  >\n\t\t\t\t<div class=\"col-inner\"  >\n\t\t\t\n\t\t\t\n<p>\u00a0<\/p>\n<div class=\"video video-fit mb\" style=\"padding-top:56.25%;\"><p><iframe loading=\"lazy\" title=\"Tote Bag Nuggela\" src=\"https:\/\/player.vimeo.com\/video\/1073478097?dnt=1&amp;app_id=122963\" width=\"960\" height=\"960\" frameborder=\"0\" allow=\"autoplay; fullscreen; picture-in-picture; clipboard-write; encrypted-media\"><\/iframe><\/p>\n<\/div>\n\t\t<\/div>\n\t\t\t\t\t<\/div>\n\n\t\n<\/div>\n\t\t<\/div>\n\t\t\t\t\t<\/div>\n\n\t\n<\/div>\n","protected":false},"excerpt":{"rendered":"<hr size=\"4\" \/>\n<p>TOTE Bag de 100% algod\u00e3o com design exclusivo de cebola e al\u00e7as compridas. Pr\u00e1tica, resistente e com o inconfund\u00edvel estilo da Nuggela &#038; Sul\u00e9<\/p>\n","protected":false},"featured_media":24847,"comment_status":"closed","ping_status":"closed","template":"","meta":{"_acf_changed":false,"_iconic_wsb_product_page_order_bump_ids":[[]],"_sku":["P010130"],"_iconic_wsb_product_page_bump_modal_ids":[[]]},"product_brand":[],"product_cat":[256],"product_tag":[],"class_list":{"0":"post-24894","1":"product","2":"type-product","3":"status-publish","4":"has-post-thumbnail","6":"product_cat-acessorios-pt","8":"first","9":"outofstock","10":"taxable","11":"shipping-taxable","12":"purchasable","13":"product-type-simple"},"acf":[],"yoast_head":"<!-- This site is optimized with the Yoast SEO plugin v27.0 - https:\/\/yoast.com\/product\/yoast-seo-wordpress\/ -->\n<title>Onion TOTE Bag - Nuggela &amp; Sul\u00e9<\/title>\n<meta name=\"description\" content=\"Bolsa de 100% algod\u00e3o com design de cebola e al\u00e7as compridas, perfeita para o dia a dia. Pr\u00e1tica, resistente e com o inconfund\u00edvel estilo da Nuggela &amp; Sul\u00e9\" \/>\n<meta name=\"robots\" content=\"index, follow, max-snippet:-1, max-image-preview:large, max-video-preview:-1\" \/>\n<link rel=\"canonical\" href=\"https:\/\/nuggelasule.com\/pt\/producto\/onion-tote-bag\/\" \/>\n<meta property=\"og:locale\" content=\"pt_PT\" \/>\n<meta property=\"og:type\" content=\"article\" \/>\n<meta property=\"og:title\" content=\"Onion TOTE Bag - Nuggela &amp; Sul\u00e9\" \/>\n<meta property=\"og:description\" content=\"Bolsa de 100% algod\u00e3o com design de cebola e al\u00e7as compridas, perfeita para o dia a dia. Pr\u00e1tica, resistente e com o inconfund\u00edvel estilo da Nuggela &amp; Sul\u00e9\" \/>\n<meta property=\"og:url\" content=\"https:\/\/nuggelasule.com\/pt\/producto\/onion-tote-bag\/\" \/>\n<meta property=\"og:site_name\" content=\"Nuggela &amp; Sul\u00e9\" \/>\n<meta property=\"article:publisher\" content=\"https:\/\/www.facebook.com\/nuggelasule\/\" \/>\n<meta property=\"article:modified_time\" content=\"2026-04-28T05:38:26+00:00\" \/>\n<meta property=\"og:image\" content=\"https:\/\/nuggelasule.com\/wp-content\/uploads\/2025\/04\/tote-bag-negra-24.jpg\" \/>\n\t<meta property=\"og:image:width\" content=\"2048\" \/>\n\t<meta property=\"og:image:height\" content=\"2048\" \/>\n\t<meta property=\"og:image:type\" content=\"image\/jpeg\" \/>\n<meta name=\"twitter:card\" content=\"summary_large_image\" \/>\n<meta name=\"twitter:site\" content=\"@nuggelasule\" \/>\n<meta name=\"twitter:label1\" content=\"Est. reading time\" \/>\n\t<meta name=\"twitter:data1\" content=\"1 minute\" \/>\n<script type=\"application\/ld+json\" class=\"yoast-schema-graph\">{\"@context\":\"https:\/\/schema.org\",\"@graph\":[{\"@type\":\"WebPage\",\"@id\":\"https:\/\/nuggelasule.com\/pt\/producto\/onion-tote-bag\/\",\"url\":\"https:\/\/nuggelasule.com\/pt\/producto\/onion-tote-bag\/\",\"name\":\"Onion TOTE Bag - Nuggela &amp; Sul\u00e9\",\"isPartOf\":{\"@id\":\"https:\/\/nuggelasule.com\/#website\"},\"primaryImageOfPage\":{\"@id\":\"https:\/\/nuggelasule.com\/pt\/producto\/onion-tote-bag\/#primaryimage\"},\"image\":{\"@id\":\"https:\/\/nuggelasule.com\/pt\/producto\/onion-tote-bag\/#primaryimage\"},\"thumbnailUrl\":\"https:\/\/nuggelasule.com\/wp-content\/uploads\/2025\/04\/tote-bag-negra-24.jpg\",\"datePublished\":\"2025-04-07T07:09:02+00:00\",\"dateModified\":\"2026-04-28T05:38:26+00:00\",\"description\":\"Bolsa de 100% algod\u00e3o com design de cebola e al\u00e7as compridas, perfeita para o dia a dia. Pr\u00e1tica, resistente e com o inconfund\u00edvel estilo da Nuggela & Sul\u00e9\",\"breadcrumb\":{\"@id\":\"https:\/\/nuggelasule.com\/pt\/producto\/onion-tote-bag\/#breadcrumb\"},\"inLanguage\":\"pt\",\"potentialAction\":[{\"@type\":\"ReadAction\",\"target\":[\"https:\/\/nuggelasule.com\/pt\/producto\/onion-tote-bag\/\"]}]},{\"@type\":\"ImageObject\",\"inLanguage\":\"pt\",\"@id\":\"https:\/\/nuggelasule.com\/pt\/producto\/onion-tote-bag\/#primaryimage\",\"url\":\"https:\/\/nuggelasule.com\/wp-content\/uploads\/2025\/04\/tote-bag-negra-24.jpg\",\"contentUrl\":\"https:\/\/nuggelasule.com\/wp-content\/uploads\/2025\/04\/tote-bag-negra-24.jpg\",\"width\":2048,\"height\":2048},{\"@type\":\"BreadcrumbList\",\"@id\":\"https:\/\/nuggelasule.com\/pt\/producto\/onion-tote-bag\/#breadcrumb\",\"itemListElement\":[{\"@type\":\"ListItem\",\"position\":1,\"name\":\"Portada\",\"item\":\"https:\/\/nuggelasule.com\/pt\/\"},{\"@type\":\"ListItem\",\"position\":2,\"name\":\"Tienda\",\"item\":\"https:\/\/nuggelasule.com\/pt\/tienda\/\"},{\"@type\":\"ListItem\",\"position\":3,\"name\":\"Onion TOTE Bag\"}]},{\"@type\":\"WebSite\",\"@id\":\"https:\/\/nuggelasule.com\/#website\",\"url\":\"https:\/\/nuggelasule.com\/\",\"name\":\"Nuggela &amp; Sul\u00e9\",\"description\":\"Los mejores productos para la salud y belleza del cabello\",\"publisher\":{\"@id\":\"https:\/\/nuggelasule.com\/#organization\"},\"potentialAction\":[{\"@type\":\"SearchAction\",\"target\":{\"@type\":\"EntryPoint\",\"urlTemplate\":\"https:\/\/nuggelasule.com\/?s={search_term_string}\"},\"query-input\":{\"@type\":\"PropertyValueSpecification\",\"valueRequired\":true,\"valueName\":\"search_term_string\"}}],\"inLanguage\":\"pt\"},{\"@type\":\"Organization\",\"@id\":\"https:\/\/nuggelasule.com\/#organization\",\"name\":\"Nuggela&Sul\u00e9 S.L.\",\"url\":\"https:\/\/nuggelasule.com\/\",\"logo\":{\"@type\":\"ImageObject\",\"inLanguage\":\"pt\",\"@id\":\"https:\/\/nuggelasule.com\/#\/schema\/logo\/image\/\",\"url\":\"\",\"contentUrl\":\"\",\"caption\":\"Nuggela&Sul\u00e9 S.L.\"},\"image\":{\"@id\":\"https:\/\/nuggelasule.com\/#\/schema\/logo\/image\/\"},\"sameAs\":[\"https:\/\/www.facebook.com\/nuggelasule\/\",\"https:\/\/x.com\/nuggelasule\",\"https:\/\/www.instagram.com\/nuggela_sule\/\",\"https:\/\/www.linkedin.com\/company\/9406545\",\"https:\/\/www.youtube.com\/channel\/UCP-uGf_c8i2FI4TXfhffEKw\"]}]}<\/script>\n<!-- \/ Yoast SEO plugin. -->","yoast_head_json":{"title":"Onion TOTE Bag - Nuggela &amp; Sul\u00e9","description":"Bolsa de 100% algod\u00e3o com design de cebola e al\u00e7as compridas, perfeita para o dia a dia. Pr\u00e1tica, resistente e com o inconfund\u00edvel estilo da Nuggela & Sul\u00e9","robots":{"index":"index","follow":"follow","max-snippet":"max-snippet:-1","max-image-preview":"max-image-preview:large","max-video-preview":"max-video-preview:-1"},"canonical":"https:\/\/nuggelasule.com\/pt\/producto\/onion-tote-bag\/","og_locale":"pt_PT","og_type":"article","og_title":"Onion TOTE Bag - Nuggela &amp; Sul\u00e9","og_description":"Bolsa de 100% algod\u00e3o com design de cebola e al\u00e7as compridas, perfeita para o dia a dia. Pr\u00e1tica, resistente e com o inconfund\u00edvel estilo da Nuggela & Sul\u00e9","og_url":"https:\/\/nuggelasule.com\/pt\/producto\/onion-tote-bag\/","og_site_name":"Nuggela &amp; Sul\u00e9","article_publisher":"https:\/\/www.facebook.com\/nuggelasule\/","article_modified_time":"2026-04-28T05:38:26+00:00","og_image":[{"width":2048,"height":2048,"url":"https:\/\/nuggelasule.com\/wp-content\/uploads\/2025\/04\/tote-bag-negra-24.jpg","type":"image\/jpeg"}],"twitter_card":"summary_large_image","twitter_site":"@nuggelasule","twitter_misc":{"Est. reading time":"1 minute"},"schema":{"@context":"https:\/\/schema.org","@graph":[{"@type":"WebPage","@id":"https:\/\/nuggelasule.com\/pt\/producto\/onion-tote-bag\/","url":"https:\/\/nuggelasule.com\/pt\/producto\/onion-tote-bag\/","name":"Onion TOTE Bag - Nuggela &amp; Sul\u00e9","isPartOf":{"@id":"https:\/\/nuggelasule.com\/#website"},"primaryImageOfPage":{"@id":"https:\/\/nuggelasule.com\/pt\/producto\/onion-tote-bag\/#primaryimage"},"image":{"@id":"https:\/\/nuggelasule.com\/pt\/producto\/onion-tote-bag\/#primaryimage"},"thumbnailUrl":"https:\/\/nuggelasule.com\/wp-content\/uploads\/2025\/04\/tote-bag-negra-24.jpg","datePublished":"2025-04-07T07:09:02+00:00","dateModified":"2026-04-28T05:38:26+00:00","description":"Bolsa de 100% algod\u00e3o com design de cebola e al\u00e7as compridas, perfeita para o dia a dia. Pr\u00e1tica, resistente e com o inconfund\u00edvel estilo da Nuggela & Sul\u00e9","breadcrumb":{"@id":"https:\/\/nuggelasule.com\/pt\/producto\/onion-tote-bag\/#breadcrumb"},"inLanguage":"pt","potentialAction":[{"@type":"ReadAction","target":["https:\/\/nuggelasule.com\/pt\/producto\/onion-tote-bag\/"]}]},{"@type":"ImageObject","inLanguage":"pt","@id":"https:\/\/nuggelasule.com\/pt\/producto\/onion-tote-bag\/#primaryimage","url":"https:\/\/nuggelasule.com\/wp-content\/uploads\/2025\/04\/tote-bag-negra-24.jpg","contentUrl":"https:\/\/nuggelasule.com\/wp-content\/uploads\/2025\/04\/tote-bag-negra-24.jpg","width":2048,"height":2048},{"@type":"BreadcrumbList","@id":"https:\/\/nuggelasule.com\/pt\/producto\/onion-tote-bag\/#breadcrumb","itemListElement":[{"@type":"ListItem","position":1,"name":"Portada","item":"https:\/\/nuggelasule.com\/pt\/"},{"@type":"ListItem","position":2,"name":"Tienda","item":"https:\/\/nuggelasule.com\/pt\/tienda\/"},{"@type":"ListItem","position":3,"name":"Onion TOTE Bag"}]},{"@type":"WebSite","@id":"https:\/\/nuggelasule.com\/#website","url":"https:\/\/nuggelasule.com\/","name":"Nuggela &amp; Sul\u00e9","description":"Los mejores productos para la salud y belleza del cabello","publisher":{"@id":"https:\/\/nuggelasule.com\/#organization"},"potentialAction":[{"@type":"SearchAction","target":{"@type":"EntryPoint","urlTemplate":"https:\/\/nuggelasule.com\/?s={search_term_string}"},"query-input":{"@type":"PropertyValueSpecification","valueRequired":true,"valueName":"search_term_string"}}],"inLanguage":"pt"},{"@type":"Organization","@id":"https:\/\/nuggelasule.com\/#organization","name":"Nuggela&Sul\u00e9 S.L.","url":"https:\/\/nuggelasule.com\/","logo":{"@type":"ImageObject","inLanguage":"pt","@id":"https:\/\/nuggelasule.com\/#\/schema\/logo\/image\/","url":"","contentUrl":"","caption":"Nuggela&Sul\u00e9 S.L."},"image":{"@id":"https:\/\/nuggelasule.com\/#\/schema\/logo\/image\/"},"sameAs":["https:\/\/www.facebook.com\/nuggelasule\/","https:\/\/x.com\/nuggelasule","https:\/\/www.instagram.com\/nuggela_sule\/","https:\/\/www.linkedin.com\/company\/9406545","https:\/\/www.youtube.com\/channel\/UCP-uGf_c8i2FI4TXfhffEKw"]}]}},"_links":{"self":[{"href":"https:\/\/nuggelasule.com\/pt\/wp-json\/wp\/v2\/product\/24894","targetHints":{"allow":["GET"]}}],"collection":[{"href":"https:\/\/nuggelasule.com\/pt\/wp-json\/wp\/v2\/product"}],"about":[{"href":"https:\/\/nuggelasule.com\/pt\/wp-json\/wp\/v2\/types\/product"}],"replies":[{"embeddable":true,"href":"https:\/\/nuggelasule.com\/pt\/wp-json\/wp\/v2\/comments?post=24894"}],"wp:featuredmedia":[{"embeddable":true,"href":"https:\/\/nuggelasule.com\/pt\/wp-json\/wp\/v2\/media\/24847"}],"wp:attachment":[{"href":"https:\/\/nuggelasule.com\/pt\/wp-json\/wp\/v2\/media?parent=24894"}],"wp:term":[{"taxonomy":"product_brand","embeddable":true,"href":"https:\/\/nuggelasule.com\/pt\/wp-json\/wp\/v2\/product_brand?post=24894"},{"taxonomy":"product_cat","embeddable":true,"href":"https:\/\/nuggelasule.com\/pt\/wp-json\/wp\/v2\/product_cat?post=24894"},{"taxonomy":"product_tag","embeddable":true,"href":"https:\/\/nuggelasule.com\/pt\/wp-json\/wp\/v2\/product_tag?post=24894"}],"curies":[{"name":"wp","href":"https:\/\/api.w.org\/{rel}","templated":true}]},"billing":{"billing_DNI":""}}