{"id":20576,"date":"2023-05-30T10:59:12","date_gmt":"2023-05-30T08:59:12","guid":{"rendered":"https:\/\/nuggelasule.com\/?post_type=product&#038;p=20576"},"modified":"2026-04-22T13:26:07","modified_gmt":"2026-04-22T11:26:07","slug":"kit-protetor-cabelo-premio-presente-lenco","status":"publish","type":"product","link":"https:\/\/nuggelasule.com\/pt\/producto\/kit-protetor-cabelo-premio-presente-lenco\/","title":{"rendered":"Kit Protetor Capilar &#8211; 2026"},"content":{"rendered":"<h1><span style=\"color: #282828;\">Novo Kit Protetor da Nuggela &#038; Sul\u00e9<\/span><\/h1>\n<h4><span style=\"color: #282828;\"><strong>ESTE VER\u00c3O, CUIDE DO SEU CABELO E DESLUMBRE COM A NUGGELA &#038; SUL\u00c9!<\/strong><\/span><\/h4>\n<p>Na compra de um Protetor Capilar Nuggela &#038; Sul\u00e9, receba <strong>de oferta um exclusivo Len\u00e7o Silk Touch &#8220;Carr\u00e9 Flamingo&#8221;<\/strong>, ideal para a acompanhar nos seus dias de praia, piscina ou escapadinhas.<\/p>\n<p>Proteja o seu cabelo do sol, do cloro e do sal do mar com o aliado indispens\u00e1vel do ver\u00e3o e acrescente um toque extra de estilo com o novo len\u00e7o de efeito seda, perfeito para prender o cabelo com um toque chic ou us\u00e1-lo como o acess\u00f3rio estrela da esta\u00e7\u00e3o.<\/p>\n<p>Com\u00a0<strong><u><a href=\"https:\/\/nuggelasule.com\/pt\/aceite-de-chia\/\" target=\"_blank\" rel=\"noopener noreferrer\">\u00d3leo de Chia<\/a><\/u><\/strong>, <strong><u><a href=\"https:\/\/nuggelasule.com\/pt\/aceite-de-ricino\/\" target=\"_blank\" rel=\"noopener noreferrer\">\u00d3leo de R\u00edcino<\/a><\/u><\/strong> e <strong><u><a href=\"https:\/\/nuggelasule.com\/pt\/extrato-de-moringa\/\" target=\"_blank\" rel=\"noopener noreferrer\">Extrato de Folhas de Moringa<\/a><\/u><\/strong>, a sua f\u00f3rmula combina ingredientes ativos que ajudam a restaurar o brilho do cabelo, a melhorar a sua flexibilidade, a prevenir a quebra e a manter o frisado sob controlo.<\/p>\n<div class=\"row\"  id=\"row-869509767\">\n\n\t<div id=\"col-1542253832\" class=\"col medium-6 large-6\"  >\n\t\t\t\t<div class=\"col-inner\"  >\n\t\t\t\n\t\t\t\n\n\t\t<div class=\"icon-box featured-box icon-box-center text-center\"  >\n\t\t\t\t<div class=\"icon-box-text last-reset\">\n\t\t\t\t\t\t\t\t\t\n\t<div class=\"img has-hover x md-x lg-x y md-y lg-y\" id=\"image_506640146\">\n\t\t\t\t\t\t\t\t<div class=\"img-inner dark\" >\n\t\t\t<img loading=\"lazy\" decoding=\"async\" width=\"1020\" height=\"1020\" src=\"https:\/\/nuggelasule.com\/wp-content\/uploads\/2026\/04\/scarfi-1024x1024.jpg\" class=\"attachment-large size-large\" alt=\"\" srcset=\"https:\/\/nuggelasule.com\/wp-content\/uploads\/2026\/04\/scarfi-1024x1024.jpg 1024w, https:\/\/nuggelasule.com\/wp-content\/uploads\/2026\/04\/scarfi-300x300.jpg 300w, https:\/\/nuggelasule.com\/wp-content\/uploads\/2026\/04\/scarfi-122x122.jpg 122w, https:\/\/nuggelasule.com\/wp-content\/uploads\/2026\/04\/scarfi-768x768.jpg 768w, https:\/\/nuggelasule.com\/wp-content\/uploads\/2026\/04\/scarfi-450x450.jpg 450w, https:\/\/nuggelasule.com\/wp-content\/uploads\/2026\/04\/scarfi-510x510.jpg 510w, https:\/\/nuggelasule.com\/wp-content\/uploads\/2026\/04\/scarfi-100x100.jpg 100w, https:\/\/nuggelasule.com\/wp-content\/uploads\/2026\/04\/scarfi-32x32.jpg 32w, https:\/\/nuggelasule.com\/wp-content\/uploads\/2026\/04\/scarfi.jpg 1500w\" sizes=\"auto, (max-width: 1020px) 100vw, 1020px\" \/>\t\t\t\t\t\t\n\t\t\t\t\t<\/div>\n\t\t\t\t\t\t\t\t\n<style>\n#image_506640146 {\n  width: 100%;\n}\n<\/style>\n\t<\/div>\n\t\n\t\t<\/div>\n\t<\/div>\n\t\n\t\n\t\t<\/div>\n\t\t\t\t\t<\/div>\n\n\t\n\n\t<div id=\"col-322286358\" class=\"col medium-6 large-6\"  >\n\t\t\t\t<div class=\"col-inner\"  >\n\t\t\t\n\t\t\t\n\n\t\t<div class=\"icon-box featured-box icon-box-center text-center\"  >\n\t\t\t\t<div class=\"icon-box-text last-reset\">\n\t\t\t\t\t\t\t\t\t\n\t<div class=\"img has-hover x md-x lg-x y md-y lg-y\" id=\"image_1292736601\">\n\t\t\t\t\t\t\t\t<div class=\"img-inner dark\" >\n\t\t\t<img loading=\"lazy\" decoding=\"async\" width=\"1020\" height=\"1020\" src=\"https:\/\/nuggelasule.com\/wp-content\/uploads\/2016\/11\/PROTECTOR-PT-1024x1024.jpg\" class=\"attachment-large size-large\" alt=\"\" srcset=\"https:\/\/nuggelasule.com\/wp-content\/uploads\/2016\/11\/PROTECTOR-PT-1024x1024.jpg 1024w, https:\/\/nuggelasule.com\/wp-content\/uploads\/2016\/11\/PROTECTOR-PT-300x300.jpg 300w, https:\/\/nuggelasule.com\/wp-content\/uploads\/2016\/11\/PROTECTOR-PT-122x122.jpg 122w, https:\/\/nuggelasule.com\/wp-content\/uploads\/2016\/11\/PROTECTOR-PT-768x768.jpg 768w, https:\/\/nuggelasule.com\/wp-content\/uploads\/2016\/11\/PROTECTOR-PT-1536x1536.jpg 1536w, https:\/\/nuggelasule.com\/wp-content\/uploads\/2016\/11\/PROTECTOR-PT-2048x2048.jpg 2048w, https:\/\/nuggelasule.com\/wp-content\/uploads\/2016\/11\/PROTECTOR-PT-450x450.jpg 450w, https:\/\/nuggelasule.com\/wp-content\/uploads\/2016\/11\/PROTECTOR-PT-510x510.jpg 510w, https:\/\/nuggelasule.com\/wp-content\/uploads\/2016\/11\/PROTECTOR-PT-100x100.jpg 100w, https:\/\/nuggelasule.com\/wp-content\/uploads\/2016\/11\/PROTECTOR-PT-32x32.jpg 32w, https:\/\/nuggelasule.com\/wp-content\/uploads\/2016\/11\/PROTECTOR-PT-60x60.jpg 60w, https:\/\/nuggelasule.com\/wp-content\/uploads\/2016\/11\/PROTECTOR-PT-90x90.jpg 90w\" sizes=\"auto, (max-width: 1020px) 100vw, 1020px\" \/>\t\t\t\t\t\t\n\t\t\t\t\t<\/div>\n\t\t\t\t\t\t\t\t\n<style>\n#image_1292736601 {\n  width: 100%;\n}\n<\/style>\n\t<\/div>\n\t\n\t\t<\/div>\n\t<\/div>\n\t\n\t\n\t\t<\/div>\n\t\t\t\t\t<\/div>\n\n\t\n<\/div>\n<div class=\"row\"><div class=\" col medium-6 small-12 large-6\"><div class=\"col  beneficios\"><p class=\"title_charasteritcs\">BENEF\u00cdCIOS<\/p><p class=\"description_charasteritcs\">\u00b7 Prote\u00e7\u00e3o solar (raios UVA)<br \/>\r\n\u00b7 Prote\u00e7\u00e3o t\u00e9rmica (230\u202f\u00b0C)<br \/>\r\n\u00b7 Restaura 90% do brilho<br \/>\r\n\u00b7 Previne a quebra<br \/>\r\n\u00b7 Protege a cor do cabelo<br \/>\r\n\u00b7 Protege contra os radicais livres e a polui\u00e7\u00e3o<\/p><\/div><\/div><div class=\" col medium-6 small-12 large-6\"><div class=\"col indications \"><p class=\"title_charasteritcs\">INDICA\u00c7\u00d5ES<\/p><p class=\"description_charasteritcs\">\u00b7 Para todos os tipos de cabelo<br \/>\r\n\u00b7 Produto vegan<br \/>\r\n\u00b7 De uso di\u00e1rio<br \/>\r\n\u00b7 Testado dermatologicamente<\/p><\/div><\/div><\/div>\n<h3><span style=\"color: #282828;\"><strong>INSTRU\u00c7\u00d5ES DE USO:<\/strong><\/span><\/h3>\n<ol>\n<li>Agitar o produto<\/li>\n<li>Aplicar uma pequena quantidade na m\u00e3o<\/li>\n<li>Distribuir sobre o cabelo seco ou h\u00famido, sempre doseando a quantidade.<br \/>\nCome\u00e7ar com pequenas quantidades e repetir quando necess\u00e1rio, sem saturar o cabelo<\/li>\n<\/ol>\n<p><img loading=\"lazy\" decoding=\"async\" class=\"wp-image-17906 aligncenter\" src=\"https:\/\/nuggelasule.com\/wp-content\/uploads\/2025\/04\/PROTECTOR-INSTRUCTIONS-OF-USE.png\" alt=\"\" width=\"800\" height=\"235\" \/><\/p>\n<p><span style=\"color: #d7aa00;\"><strong>PROTE\u00c7\u00c3O T\u00c9RMICA:<\/strong><\/span> aplicar antes da utiliza\u00e7\u00e3o de aparelhos de calor (pranchas, secadores\u2026)<br \/>\n<span style=\"color: #d7aa00;\"><strong>PROTE\u00c7\u00c3O SOLAR:<\/strong><\/span> aplicar antes ou durante a exposi\u00e7\u00e3o solar. Reaplicar ap\u00f3s o banho<\/p>\n<p><span style=\"color: #282828;\"><strong>DICA:<\/strong><\/span> Utilizar diariamente como toque final para dar brilho ao cabelo.<\/p>\n<div class=\"video video-fit mb\" style=\"padding-top:65%;\"><p><iframe loading=\"lazy\" title=\"PROTECTOR\" src=\"https:\/\/player.vimeo.com\/video\/986396324?dnt=1&amp;app_id=122963\" width=\"1000\" height=\"1000\" frameborder=\"0\" allow=\"autoplay; fullscreen; picture-in-picture; clipboard-write; encrypted-media\"><\/iframe><\/p>\n<\/div>\n<h3><span style=\"color: #282828;\"><strong>PRINCIPAIS INGREDIENTES ATIVOS:<\/strong><\/span><\/h3>\n<div class=\"row\"  id=\"row-2118219337\">\n\n\t<div id=\"col-953640743\" class=\"col medium-4 large-4\"  >\n\t\t\t\t<div class=\"col-inner\"  >\n\t\t\t\n\t\t\t\n\n\t\t<div class=\"icon-box featured-box icon-box-center text-center\"  >\n\t\t\t\t\t<div class=\"icon-box-img\" style=\"width: 303px\">\n\t\t\t\t<div class=\"icon\">\n\t\t\t\t\t<div class=\"icon-inner\" >\n\t\t\t\t\t\t<img loading=\"lazy\" decoding=\"async\" width=\"300\" height=\"300\" src=\"https:\/\/nuggelasule.com\/wp-content\/uploads\/2021\/03\/aceite-chia.jpg\" class=\"attachment-medium size-medium\" alt=\"\" srcset=\"https:\/\/nuggelasule.com\/wp-content\/uploads\/2021\/03\/aceite-chia.jpg 500w, https:\/\/nuggelasule.com\/wp-content\/uploads\/2021\/03\/aceite-chia-450x450.jpg 450w, https:\/\/nuggelasule.com\/wp-content\/uploads\/2021\/03\/aceite-chia-100x100.jpg 100w\" sizes=\"auto, (max-width: 300px) 100vw, 300px\" \/>\t\t\t\t\t<\/div>\n\t\t\t\t<\/div>\n\t\t\t<\/div>\n\t\t\t\t<div class=\"icon-box-text last-reset\">\n\t\t\t<h5 class=\"uppercase\">EXTRATO DE CHIA<\/h5>\t\t\t\t\t\t\n<p>\u00d3leo bot\u00e2nico extra virgem prensado a frio. Protege a fibra capilar do dano oxidativo gerado pela radia\u00e7\u00e3o solar por meio de um filme protetor que impede a destrui\u00e7\u00e3o das prote\u00ednas do cabelo causadas pelos raios UV, aumenta a reten\u00e7\u00e3o de \u00e1gua e evita a foto-oxida\u00e7\u00e3o.<\/p>\n\t\t<\/div>\n\t<\/div>\n\t\n\t\n\t\t<\/div>\n\t\t\t\t\t<\/div>\n\n\t\n\n\t<div id=\"col-1129279015\" class=\"col medium-4 large-4\"  >\n\t\t\t\t<div class=\"col-inner\"  >\n\t\t\t\n\t\t\t\n\n\t\t<div class=\"icon-box featured-box icon-box-center text-center\"  >\n\t\t\t\t\t<div class=\"icon-box-img\" style=\"width: 303px\">\n\t\t\t\t<div class=\"icon\">\n\t\t\t\t\t<div class=\"icon-inner\" >\n\t\t\t\t\t\t<img loading=\"lazy\" decoding=\"async\" width=\"300\" height=\"300\" src=\"https:\/\/nuggelasule.com\/wp-content\/uploads\/2021\/03\/aceite-ricino.jpg\" class=\"attachment-medium size-medium\" alt=\"\" srcset=\"https:\/\/nuggelasule.com\/wp-content\/uploads\/2021\/03\/aceite-ricino.jpg 500w, https:\/\/nuggelasule.com\/wp-content\/uploads\/2021\/03\/aceite-ricino-450x450.jpg 450w, https:\/\/nuggelasule.com\/wp-content\/uploads\/2021\/03\/aceite-ricino-100x100.jpg 100w\" sizes=\"auto, (max-width: 300px) 100vw, 300px\" \/>\t\t\t\t\t<\/div>\n\t\t\t\t<\/div>\n\t\t\t<\/div>\n\t\t\t\t<div class=\"icon-box-text last-reset\">\n\t\t\t<h5 class=\"uppercase\">\u00d3LEO DE R\u00cdCINO<\/h5>\t\t\t\t\t\t\n<p>(<strong><em>Ricinus communis<\/em><\/strong>). Fornece ao cabelo mais resist\u00eancia e brilho, pois fornece \u00e1cidos graxos essenciais (\u00e1cido ricinoleico, \u00f4mega-3, 6 e 9) e vitamina E. Tamb\u00e9m diminui o frizz do cabelo, pois fornece hidrata\u00e7\u00e3o e melhora visivelmente a apar\u00eancia do cabelo em apenas algumas semanas.<\/p>\n\t\t<\/div>\n\t<\/div>\n\t\n\t\n\t\t<\/div>\n\t\t\t\t\t<\/div>\n\n\t\n\n\t<div id=\"col-1884364480\" class=\"col medium-4 large-4\"  >\n\t\t\t\t<div class=\"col-inner\"  >\n\t\t\t\n\t\t\t\n\n\t\t<div class=\"icon-box featured-box icon-box-center text-center\"  >\n\t\t\t\t\t<div class=\"icon-box-img\" style=\"width: 303px\">\n\t\t\t\t<div class=\"icon\">\n\t\t\t\t\t<div class=\"icon-inner\" >\n\t\t\t\t\t\t<img loading=\"lazy\" decoding=\"async\" width=\"300\" height=\"300\" src=\"https:\/\/nuggelasule.com\/wp-content\/uploads\/2021\/03\/extracto-hoja-moringa.jpg\" class=\"attachment-medium size-medium\" alt=\"\" srcset=\"https:\/\/nuggelasule.com\/wp-content\/uploads\/2021\/03\/extracto-hoja-moringa.jpg 500w, https:\/\/nuggelasule.com\/wp-content\/uploads\/2021\/03\/extracto-hoja-moringa-450x450.jpg 450w, https:\/\/nuggelasule.com\/wp-content\/uploads\/2021\/03\/extracto-hoja-moringa-100x100.jpg 100w\" sizes=\"auto, (max-width: 300px) 100vw, 300px\" \/>\t\t\t\t\t<\/div>\n\t\t\t\t<\/div>\n\t\t\t<\/div>\n\t\t\t\t<div class=\"icon-box-text last-reset\">\n\t\t\t<h5 class=\"uppercase\">EXTRATO DE FOLHA DE MORINGA<\/h5>\t\t\t\t\t\t\n<p>Fortalece e ajuda a eliminar o excesso de sebo do cabelo. Tamb\u00e9m elimina problemas de caspa e fornece brilho e luminosidade. Hidrata profundamente, prevenindo o ressecamento e as pontas duplas. Rico em antioxidantes, que proporcionam um efeito anti-envelhecimento e protegem o cabelo da polui\u00e7\u00e3o.<\/p>\n\t\t<\/div>\n\t<\/div>\n\t\n\t\n\t\t<\/div>\n\t\t\t\t\t<\/div>\n\n\t\n<\/div>\n","protected":false},"excerpt":{"rendered":"<hr size=\"4\" \/>\n<p>Prote\u00e7\u00e3o solar, t\u00e9rmica e muito brilho: este ver\u00e3o, o teu cabelo tem tudo\u2026 at\u00e9 um lindo len\u00e7o de presente!<\/p>\n","protected":false},"featured_media":29853,"comment_status":"closed","ping_status":"closed","template":"","meta":{"_acf_changed":false,"_iconic_wsb_product_page_order_bump_ids":[[]],"_sku":["010168"],"_iconic_wsb_product_page_bump_modal_ids":[[]]},"product_brand":[],"product_cat":[245,252,244],"product_tag":[246,279],"class_list":{"0":"post-20576","1":"product","2":"type-product","3":"status-publish","4":"has-post-thumbnail","6":"product_cat-condicionadores-outros-pt","7":"product_cat-pacotes-pt","8":"product_cat-todos-pt","9":"product_tag-anti-encrespamiento-pt","10":"product_tag-proteccion-pt","12":"first","13":"instock","14":"featured","15":"taxable","16":"shipping-taxable","17":"purchasable","18":"product-type-simple"},"acf":[],"yoast_head":"<!-- This site is optimized with the Yoast SEO plugin v27.0 - https:\/\/yoast.com\/product\/yoast-seo-wordpress\/ -->\n<title>Kit Protetor Capilar - 2026 - Nuggela &amp; Sul\u00e9<\/title>\n<meta name=\"description\" content=\"Este ver\u00e3o, protege-te com estilo com a Nuggela &amp; Sul\u00e9. Na compra de um Protetor Capilar, recebe de oferta um exclusivo Len\u00e7o Silk Touch &quot;Carr\u00e9 Flamingo&quot;!\" \/>\n<meta name=\"robots\" content=\"index, follow, max-snippet:-1, max-image-preview:large, max-video-preview:-1\" \/>\n<link rel=\"canonical\" href=\"https:\/\/nuggelasule.com\/pt\/producto\/kit-protetor-cabelo-premio-presente-lenco\/\" \/>\n<meta property=\"og:locale\" content=\"pt_PT\" \/>\n<meta property=\"og:type\" content=\"article\" \/>\n<meta property=\"og:title\" content=\"Kit Protetor Capilar - 2026 - Nuggela &amp; Sul\u00e9\" \/>\n<meta property=\"og:description\" content=\"Este ver\u00e3o, protege-te com estilo com a Nuggela &amp; Sul\u00e9. Na compra de um Protetor Capilar, recebe de oferta um exclusivo Len\u00e7o Silk Touch &quot;Carr\u00e9 Flamingo&quot;!\" \/>\n<meta property=\"og:url\" content=\"https:\/\/nuggelasule.com\/pt\/producto\/kit-protetor-cabelo-premio-presente-lenco\/\" \/>\n<meta property=\"og:site_name\" content=\"Nuggela &amp; Sul\u00e9\" \/>\n<meta property=\"article:publisher\" content=\"https:\/\/www.facebook.com\/nuggelasule\/\" \/>\n<meta property=\"article:modified_time\" content=\"2026-04-22T11:26:07+00:00\" \/>\n<meta property=\"og:image\" content=\"https:\/\/nuggelasule.com\/wp-content\/uploads\/2023\/05\/pack-protectorpanuelo-26-eng.jpg\" \/>\n\t<meta property=\"og:image:width\" content=\"1080\" \/>\n\t<meta property=\"og:image:height\" content=\"1080\" \/>\n\t<meta property=\"og:image:type\" content=\"image\/jpeg\" \/>\n<meta name=\"twitter:card\" content=\"summary_large_image\" \/>\n<meta name=\"twitter:site\" content=\"@nuggelasule\" \/>\n<meta name=\"twitter:label1\" content=\"Est. reading time\" \/>\n\t<meta name=\"twitter:data1\" content=\"3 minutes\" \/>\n<script type=\"application\/ld+json\" class=\"yoast-schema-graph\">{\"@context\":\"https:\/\/schema.org\",\"@graph\":[{\"@type\":\"WebPage\",\"@id\":\"https:\/\/nuggelasule.com\/pt\/producto\/kit-protetor-cabelo-premio-presente-lenco\/\",\"url\":\"https:\/\/nuggelasule.com\/pt\/producto\/kit-protetor-cabelo-premio-presente-lenco\/\",\"name\":\"Kit Protetor Capilar - 2026 - Nuggela &amp; Sul\u00e9\",\"isPartOf\":{\"@id\":\"https:\/\/nuggelasule.com\/#website\"},\"primaryImageOfPage\":{\"@id\":\"https:\/\/nuggelasule.com\/pt\/producto\/kit-protetor-cabelo-premio-presente-lenco\/#primaryimage\"},\"image\":{\"@id\":\"https:\/\/nuggelasule.com\/pt\/producto\/kit-protetor-cabelo-premio-presente-lenco\/#primaryimage\"},\"thumbnailUrl\":\"https:\/\/nuggelasule.com\/wp-content\/uploads\/2023\/05\/pack-protectorpanuelo-26-eng.jpg\",\"datePublished\":\"2023-05-30T08:59:12+00:00\",\"dateModified\":\"2026-04-22T11:26:07+00:00\",\"description\":\"Este ver\u00e3o, protege-te com estilo com a Nuggela & Sul\u00e9. Na compra de um Protetor Capilar, recebe de oferta um exclusivo Len\u00e7o Silk Touch \\\"Carr\u00e9 Flamingo\\\"!\",\"breadcrumb\":{\"@id\":\"https:\/\/nuggelasule.com\/pt\/producto\/kit-protetor-cabelo-premio-presente-lenco\/#breadcrumb\"},\"inLanguage\":\"pt\",\"potentialAction\":[{\"@type\":\"ReadAction\",\"target\":[\"https:\/\/nuggelasule.com\/pt\/producto\/kit-protetor-cabelo-premio-presente-lenco\/\"]}]},{\"@type\":\"ImageObject\",\"inLanguage\":\"pt\",\"@id\":\"https:\/\/nuggelasule.com\/pt\/producto\/kit-protetor-cabelo-premio-presente-lenco\/#primaryimage\",\"url\":\"https:\/\/nuggelasule.com\/wp-content\/uploads\/2023\/05\/pack-protectorpanuelo-26-eng.jpg\",\"contentUrl\":\"https:\/\/nuggelasule.com\/wp-content\/uploads\/2023\/05\/pack-protectorpanuelo-26-eng.jpg\",\"width\":1080,\"height\":1080},{\"@type\":\"BreadcrumbList\",\"@id\":\"https:\/\/nuggelasule.com\/pt\/producto\/kit-protetor-cabelo-premio-presente-lenco\/#breadcrumb\",\"itemListElement\":[{\"@type\":\"ListItem\",\"position\":1,\"name\":\"Portada\",\"item\":\"https:\/\/nuggelasule.com\/pt\/\"},{\"@type\":\"ListItem\",\"position\":2,\"name\":\"Tienda\",\"item\":\"https:\/\/nuggelasule.com\/pt\/tienda\/\"},{\"@type\":\"ListItem\",\"position\":3,\"name\":\"Kit Protetor Capilar &#8211; 2026\"}]},{\"@type\":\"WebSite\",\"@id\":\"https:\/\/nuggelasule.com\/#website\",\"url\":\"https:\/\/nuggelasule.com\/\",\"name\":\"Nuggela &amp; Sul\u00e9\",\"description\":\"Los mejores productos para la salud y belleza del cabello\",\"publisher\":{\"@id\":\"https:\/\/nuggelasule.com\/#organization\"},\"potentialAction\":[{\"@type\":\"SearchAction\",\"target\":{\"@type\":\"EntryPoint\",\"urlTemplate\":\"https:\/\/nuggelasule.com\/?s={search_term_string}\"},\"query-input\":{\"@type\":\"PropertyValueSpecification\",\"valueRequired\":true,\"valueName\":\"search_term_string\"}}],\"inLanguage\":\"pt\"},{\"@type\":\"Organization\",\"@id\":\"https:\/\/nuggelasule.com\/#organization\",\"name\":\"Nuggela&Sul\u00e9 S.L.\",\"url\":\"https:\/\/nuggelasule.com\/\",\"logo\":{\"@type\":\"ImageObject\",\"inLanguage\":\"pt\",\"@id\":\"https:\/\/nuggelasule.com\/#\/schema\/logo\/image\/\",\"url\":\"\",\"contentUrl\":\"\",\"caption\":\"Nuggela&Sul\u00e9 S.L.\"},\"image\":{\"@id\":\"https:\/\/nuggelasule.com\/#\/schema\/logo\/image\/\"},\"sameAs\":[\"https:\/\/www.facebook.com\/nuggelasule\/\",\"https:\/\/x.com\/nuggelasule\",\"https:\/\/www.instagram.com\/nuggela_sule\/\",\"https:\/\/www.linkedin.com\/company\/9406545\",\"https:\/\/www.youtube.com\/channel\/UCP-uGf_c8i2FI4TXfhffEKw\"]}]}<\/script>\n<!-- \/ Yoast SEO plugin. -->","yoast_head_json":{"title":"Kit Protetor Capilar - 2026 - Nuggela &amp; Sul\u00e9","description":"Este ver\u00e3o, protege-te com estilo com a Nuggela & Sul\u00e9. Na compra de um Protetor Capilar, recebe de oferta um exclusivo Len\u00e7o Silk Touch \"Carr\u00e9 Flamingo\"!","robots":{"index":"index","follow":"follow","max-snippet":"max-snippet:-1","max-image-preview":"max-image-preview:large","max-video-preview":"max-video-preview:-1"},"canonical":"https:\/\/nuggelasule.com\/pt\/producto\/kit-protetor-cabelo-premio-presente-lenco\/","og_locale":"pt_PT","og_type":"article","og_title":"Kit Protetor Capilar - 2026 - Nuggela &amp; Sul\u00e9","og_description":"Este ver\u00e3o, protege-te com estilo com a Nuggela & Sul\u00e9. Na compra de um Protetor Capilar, recebe de oferta um exclusivo Len\u00e7o Silk Touch \"Carr\u00e9 Flamingo\"!","og_url":"https:\/\/nuggelasule.com\/pt\/producto\/kit-protetor-cabelo-premio-presente-lenco\/","og_site_name":"Nuggela &amp; Sul\u00e9","article_publisher":"https:\/\/www.facebook.com\/nuggelasule\/","article_modified_time":"2026-04-22T11:26:07+00:00","og_image":[{"width":1080,"height":1080,"url":"https:\/\/nuggelasule.com\/wp-content\/uploads\/2023\/05\/pack-protectorpanuelo-26-eng.jpg","type":"image\/jpeg"}],"twitter_card":"summary_large_image","twitter_site":"@nuggelasule","twitter_misc":{"Est. reading time":"3 minutes"},"schema":{"@context":"https:\/\/schema.org","@graph":[{"@type":"WebPage","@id":"https:\/\/nuggelasule.com\/pt\/producto\/kit-protetor-cabelo-premio-presente-lenco\/","url":"https:\/\/nuggelasule.com\/pt\/producto\/kit-protetor-cabelo-premio-presente-lenco\/","name":"Kit Protetor Capilar - 2026 - Nuggela &amp; Sul\u00e9","isPartOf":{"@id":"https:\/\/nuggelasule.com\/#website"},"primaryImageOfPage":{"@id":"https:\/\/nuggelasule.com\/pt\/producto\/kit-protetor-cabelo-premio-presente-lenco\/#primaryimage"},"image":{"@id":"https:\/\/nuggelasule.com\/pt\/producto\/kit-protetor-cabelo-premio-presente-lenco\/#primaryimage"},"thumbnailUrl":"https:\/\/nuggelasule.com\/wp-content\/uploads\/2023\/05\/pack-protectorpanuelo-26-eng.jpg","datePublished":"2023-05-30T08:59:12+00:00","dateModified":"2026-04-22T11:26:07+00:00","description":"Este ver\u00e3o, protege-te com estilo com a Nuggela & Sul\u00e9. Na compra de um Protetor Capilar, recebe de oferta um exclusivo Len\u00e7o Silk Touch \"Carr\u00e9 Flamingo\"!","breadcrumb":{"@id":"https:\/\/nuggelasule.com\/pt\/producto\/kit-protetor-cabelo-premio-presente-lenco\/#breadcrumb"},"inLanguage":"pt","potentialAction":[{"@type":"ReadAction","target":["https:\/\/nuggelasule.com\/pt\/producto\/kit-protetor-cabelo-premio-presente-lenco\/"]}]},{"@type":"ImageObject","inLanguage":"pt","@id":"https:\/\/nuggelasule.com\/pt\/producto\/kit-protetor-cabelo-premio-presente-lenco\/#primaryimage","url":"https:\/\/nuggelasule.com\/wp-content\/uploads\/2023\/05\/pack-protectorpanuelo-26-eng.jpg","contentUrl":"https:\/\/nuggelasule.com\/wp-content\/uploads\/2023\/05\/pack-protectorpanuelo-26-eng.jpg","width":1080,"height":1080},{"@type":"BreadcrumbList","@id":"https:\/\/nuggelasule.com\/pt\/producto\/kit-protetor-cabelo-premio-presente-lenco\/#breadcrumb","itemListElement":[{"@type":"ListItem","position":1,"name":"Portada","item":"https:\/\/nuggelasule.com\/pt\/"},{"@type":"ListItem","position":2,"name":"Tienda","item":"https:\/\/nuggelasule.com\/pt\/tienda\/"},{"@type":"ListItem","position":3,"name":"Kit Protetor Capilar &#8211; 2026"}]},{"@type":"WebSite","@id":"https:\/\/nuggelasule.com\/#website","url":"https:\/\/nuggelasule.com\/","name":"Nuggela &amp; Sul\u00e9","description":"Los mejores productos para la salud y belleza del cabello","publisher":{"@id":"https:\/\/nuggelasule.com\/#organization"},"potentialAction":[{"@type":"SearchAction","target":{"@type":"EntryPoint","urlTemplate":"https:\/\/nuggelasule.com\/?s={search_term_string}"},"query-input":{"@type":"PropertyValueSpecification","valueRequired":true,"valueName":"search_term_string"}}],"inLanguage":"pt"},{"@type":"Organization","@id":"https:\/\/nuggelasule.com\/#organization","name":"Nuggela&Sul\u00e9 S.L.","url":"https:\/\/nuggelasule.com\/","logo":{"@type":"ImageObject","inLanguage":"pt","@id":"https:\/\/nuggelasule.com\/#\/schema\/logo\/image\/","url":"","contentUrl":"","caption":"Nuggela&Sul\u00e9 S.L."},"image":{"@id":"https:\/\/nuggelasule.com\/#\/schema\/logo\/image\/"},"sameAs":["https:\/\/www.facebook.com\/nuggelasule\/","https:\/\/x.com\/nuggelasule","https:\/\/www.instagram.com\/nuggela_sule\/","https:\/\/www.linkedin.com\/company\/9406545","https:\/\/www.youtube.com\/channel\/UCP-uGf_c8i2FI4TXfhffEKw"]}]}},"_links":{"self":[{"href":"https:\/\/nuggelasule.com\/pt\/wp-json\/wp\/v2\/product\/20576","targetHints":{"allow":["GET"]}}],"collection":[{"href":"https:\/\/nuggelasule.com\/pt\/wp-json\/wp\/v2\/product"}],"about":[{"href":"https:\/\/nuggelasule.com\/pt\/wp-json\/wp\/v2\/types\/product"}],"replies":[{"embeddable":true,"href":"https:\/\/nuggelasule.com\/pt\/wp-json\/wp\/v2\/comments?post=20576"}],"wp:featuredmedia":[{"embeddable":true,"href":"https:\/\/nuggelasule.com\/pt\/wp-json\/wp\/v2\/media\/29853"}],"wp:attachment":[{"href":"https:\/\/nuggelasule.com\/pt\/wp-json\/wp\/v2\/media?parent=20576"}],"wp:term":[{"taxonomy":"product_brand","embeddable":true,"href":"https:\/\/nuggelasule.com\/pt\/wp-json\/wp\/v2\/product_brand?post=20576"},{"taxonomy":"product_cat","embeddable":true,"href":"https:\/\/nuggelasule.com\/pt\/wp-json\/wp\/v2\/product_cat?post=20576"},{"taxonomy":"product_tag","embeddable":true,"href":"https:\/\/nuggelasule.com\/pt\/wp-json\/wp\/v2\/product_tag?post=20576"}],"curies":[{"name":"wp","href":"https:\/\/api.w.org\/{rel}","templated":true}]},"billing":{"billing_DNI":""}}