{"id":19212,"date":"2016-02-13T10:33:16","date_gmt":"2016-02-13T09:33:16","guid":{"rendered":"https:\/\/nuggelasule.com\/producto\/amazonic-serum-densificador-de-cejas\/"},"modified":"2026-04-07T13:00:25","modified_gmt":"2026-04-07T11:00:25","slug":"brow-serum-densificador-para-sobrancelhas-nuggela-sule-orgasol-glicogenio-marinho","status":"publish","type":"product","link":"https:\/\/nuggelasule.com\/pt\/producto\/brow-serum-densificador-para-sobrancelhas-nuggela-sule-orgasol-glicogenio-marinho\/","title":{"rendered":"Brow Serum &#8211; Densificador de Sobrancelhas + Escova"},"content":{"rendered":"<h1><span style=\"color: #282828;\">Brow Serum \u2013 Densificador de Sobrancelhas + Escova da Nuggela &amp; Sul\u00e9<\/span><\/h1>\n<h4><span style=\"color: #282828;\"><strong>DENSIDADE &amp; NUTRI\u00c7\u00c3O \u2013 SOBRANCELHAS MAIS POBLADAS E ESPESSAS<\/strong><\/span><\/h4>\n<p>O tratamento perfeito para obter sobrancelhas saud\u00e1veis, definidas e densas. Uma f\u00f3rmula potente com ingredientes activos naturais para repovoar e aumentar a densidade das sobrancelhas.<\/p>\n<p>Com\u00a0<strong>Orgasol<\/strong>, <strong><u><a href=\"https:\/\/nuggelasule.com\/pt\/glicogenio_marinho\/\" target=\"_blank\" rel=\"noopener noreferrer\">Glicog\u00e9nio Marinho<\/a><\/u><\/strong> e <strong>Provitamina B5 (Pantenol) e Glicerina<\/strong>, ingredientes activos que promovem o crescimento e a densifica\u00e7\u00e3o das sobrancelhas.<\/p>\n<p><strong>ESCOVA ESPECIAL:<\/strong><br \/>\nInclui uma escova especial que, para al\u00e9m de ajudar a conseguir o look desejado, favorece tamb\u00e9m a penetra\u00e7\u00e3o dos princ\u00edpios activos gra\u00e7as \u00e0 ac\u00e7\u00e3o da massagem, estimulando ainda a circula\u00e7\u00e3o sangu\u00ednea para obter os melhores resultados.<\/p>\n<div class=\"row\"  id=\"row-1161982140\">\n\n\t<div id=\"col-1017047272\" class=\"col medium-6 large-6\"  >\n\t\t\t\t<div class=\"col-inner\"  >\n\t\t\t\n\t\t\t\n\n\t\t<div class=\"icon-box featured-box icon-box-center text-center\"  >\n\t\t\t\t<div class=\"icon-box-text last-reset\">\n\t\t\t\t\t\t\t\t\t\n\t<div class=\"img has-hover x md-x lg-x y md-y lg-y\" id=\"image_1249578469\">\n\t\t\t\t\t\t\t\t<div class=\"img-inner dark\" >\n\t\t\t<img loading=\"lazy\" decoding=\"async\" width=\"1020\" height=\"1020\" src=\"https:\/\/nuggelasule.com\/wp-content\/uploads\/2016\/02\/BROW-MODEL-1024x1024.jpg\" class=\"attachment-large size-large\" alt=\"\" srcset=\"https:\/\/nuggelasule.com\/wp-content\/uploads\/2016\/02\/BROW-MODEL-1024x1024.jpg 1024w, https:\/\/nuggelasule.com\/wp-content\/uploads\/2016\/02\/BROW-MODEL-300x300.jpg 300w, https:\/\/nuggelasule.com\/wp-content\/uploads\/2016\/02\/BROW-MODEL-122x122.jpg 122w, https:\/\/nuggelasule.com\/wp-content\/uploads\/2016\/02\/BROW-MODEL-768x768.jpg 768w, https:\/\/nuggelasule.com\/wp-content\/uploads\/2016\/02\/BROW-MODEL-450x450.jpg 450w, https:\/\/nuggelasule.com\/wp-content\/uploads\/2016\/02\/BROW-MODEL-510x510.jpg 510w, https:\/\/nuggelasule.com\/wp-content\/uploads\/2016\/02\/BROW-MODEL-100x100.jpg 100w, https:\/\/nuggelasule.com\/wp-content\/uploads\/2016\/02\/BROW-MODEL-32x32.jpg 32w, https:\/\/nuggelasule.com\/wp-content\/uploads\/2016\/02\/BROW-MODEL-60x60.jpg 60w, https:\/\/nuggelasule.com\/wp-content\/uploads\/2016\/02\/BROW-MODEL-90x90.jpg 90w, https:\/\/nuggelasule.com\/wp-content\/uploads\/2016\/02\/BROW-MODEL.jpg 1080w\" sizes=\"auto, (max-width: 1020px) 100vw, 1020px\" \/>\t\t\t\t\t\t\n\t\t\t\t\t<\/div>\n\t\t\t\t\t\t\t\t\n<style>\n#image_1249578469 {\n  width: 100%;\n}\n<\/style>\n\t<\/div>\n\t\n\t\t<\/div>\n\t<\/div>\n\t\n\t\n\t\t<\/div>\n\t\t\t\t\t<\/div>\n\n\t\n\n\t<div id=\"col-1755323640\" class=\"col medium-6 large-6\"  >\n\t\t\t\t<div class=\"col-inner\"  >\n\t\t\t\n\t\t\t\n\n\t\t<div class=\"icon-box featured-box icon-box-center text-center\"  >\n\t\t\t\t<div class=\"icon-box-text last-reset\">\n\t\t\t\t\t\t\t\t\t\n\t<div class=\"img has-hover x md-x lg-x y md-y lg-y\" id=\"image_2107468656\">\n\t\t\t\t\t\t\t\t<div class=\"img-inner dark\" >\n\t\t\t<img loading=\"lazy\" decoding=\"async\" width=\"1020\" height=\"1020\" src=\"https:\/\/nuggelasule.com\/wp-content\/uploads\/2016\/02\/BROWS-PT-1024x1024.jpg\" class=\"attachment-large size-large\" alt=\"\" srcset=\"https:\/\/nuggelasule.com\/wp-content\/uploads\/2016\/02\/BROWS-PT-1024x1024.jpg 1024w, https:\/\/nuggelasule.com\/wp-content\/uploads\/2016\/02\/BROWS-PT-300x300.jpg 300w, https:\/\/nuggelasule.com\/wp-content\/uploads\/2016\/02\/BROWS-PT-122x122.jpg 122w, https:\/\/nuggelasule.com\/wp-content\/uploads\/2016\/02\/BROWS-PT-768x768.jpg 768w, https:\/\/nuggelasule.com\/wp-content\/uploads\/2016\/02\/BROWS-PT-1536x1536.jpg 1536w, https:\/\/nuggelasule.com\/wp-content\/uploads\/2016\/02\/BROWS-PT-2048x2048.jpg 2048w, https:\/\/nuggelasule.com\/wp-content\/uploads\/2016\/02\/BROWS-PT-450x450.jpg 450w, https:\/\/nuggelasule.com\/wp-content\/uploads\/2016\/02\/BROWS-PT-510x510.jpg 510w, https:\/\/nuggelasule.com\/wp-content\/uploads\/2016\/02\/BROWS-PT-100x100.jpg 100w, https:\/\/nuggelasule.com\/wp-content\/uploads\/2016\/02\/BROWS-PT-32x32.jpg 32w, https:\/\/nuggelasule.com\/wp-content\/uploads\/2016\/02\/BROWS-PT-60x60.jpg 60w, https:\/\/nuggelasule.com\/wp-content\/uploads\/2016\/02\/BROWS-PT-90x90.jpg 90w\" sizes=\"auto, (max-width: 1020px) 100vw, 1020px\" \/>\t\t\t\t\t\t\n\t\t\t\t\t<\/div>\n\t\t\t\t\t\t\t\t\n<style>\n#image_2107468656 {\n  width: 100%;\n}\n<\/style>\n\t<\/div>\n\t\n\t\t<\/div>\n\t<\/div>\n\t\n\t\n\t\t<\/div>\n\t\t\t\t\t<\/div>\n\n\t\n<\/div>\n<div class=\"row\"><div class=\" col medium-6 small-12 large-6\"><div class=\"col  beneficios\"><p class=\"title_charasteritcs\">BENEF\u00cdCIOS<\/p><p class=\"description_charasteritcs\">\u00b7 Ajuda a recuperar a densidade das sobrancelhas<br \/>\r\n\u00b7 Sobrancelhas mais densas e preenchidas<br \/>\r\n\u00b7 Aumenta a hidrata\u00e7\u00e3o da fibra capilar, proporcionando mais volume<br \/>\r\n\u00b7 Redensifica as sobrancelhas, ajudando a devolver a sua curvatura natural<\/p><\/div><\/div><div class=\" col medium-6 small-12 large-6\"><div class=\"col indications \"><p class=\"title_charasteritcs\">INDICA\u00c7\u00d5ES<\/p><p class=\"description_charasteritcs\">\u00b7 Para sobrancelhas sem forma, despovoadas, depiladas e desnutridas<br \/>\r\n\u00b7 Para homens e mulheres<br \/>\r\n\u00b7 Testado dermatologicamente<\/p><\/div><\/div><\/div>\n<h3><span style=\"color: #282828;\"><strong>INSTRU\u00c7\u00d5ES DE USO:<\/strong><\/span><\/h3>\n<ol>\n<li>Antes de usar, desmaquilhar e limpar bem a zona de aplica\u00e7\u00e3o.<br \/>\nAplicar o S\u00e9rum Densificador na sobrancelha no sentido contr\u00e1rio ao crescimento do pelo<\/li>\n<li>Pentear e massajar a zona aplicada com a escova. Ap\u00f3s 1-2 minutos, aplicar a maquilhagem habitual.<br \/>\nRepetir o processo de manh\u00e3 e \u00e0 noite<\/li>\n<\/ol>\n<p><img loading=\"lazy\" decoding=\"async\" class=\"aligncenter wp-image-13528\" src=\"https:\/\/nuggelasule.com\/wp-content\/uploads\/2025\/04\/BROW-INSTRUCTIONS-OF-USE.png\" alt=\"\" width=\"800\" height=\"235\" \/><\/p>\n<p><strong>*Informa\u00e7\u00f5es de Interesse:<\/strong> Este produto cumpre os mais elevados padr\u00f5es cosm\u00e9ticos em termos de controlo de qualidade e seguran\u00e7a. Foi ainda submetido a testes dermatol\u00f3gicos e oftalmol\u00f3gicos, obtendo resultados de compatibilidade cut\u00e2nea e ocular MUITO BONS.<\/p>\n<div class=\"video video-fit mb\" style=\"padding-top:70%;\"><p><iframe loading=\"lazy\" title=\"Brow Se\u0301rum\" src=\"https:\/\/player.vimeo.com\/video\/1082171502?dnt=1&amp;app_id=122963\" width=\"1000\" height=\"1000\" frameborder=\"0\" allow=\"autoplay; fullscreen; picture-in-picture; clipboard-write; encrypted-media\"><\/iframe><\/p>\n<\/div>\n<h3><span style=\"color: #282828;\"><strong>PRINCIPAIS INGREDIENTES ATIVOS:<\/strong><\/span><\/h3>\n<div class=\"row\"  id=\"row-313340927\">\n\n\t<div id=\"col-146909313\" class=\"col medium-4 large-4\"  >\n\t\t\t\t<div class=\"col-inner\"  >\n\t\t\t\n\t\t\t\n\n\t\t<div class=\"icon-box featured-box icon-box-center text-center\"  >\n\t\t\t\t\t<div class=\"icon-box-img\" style=\"width: 303px\">\n\t\t\t\t<div class=\"icon\">\n\t\t\t\t\t<div class=\"icon-inner\" >\n\t\t\t\t\t\t<img loading=\"lazy\" decoding=\"async\" width=\"300\" height=\"300\" src=\"https:\/\/nuggelasule.com\/wp-content\/uploads\/2021\/03\/aceite-ricino.jpg\" class=\"attachment-medium size-medium\" alt=\"\" srcset=\"https:\/\/nuggelasule.com\/wp-content\/uploads\/2021\/03\/aceite-ricino.jpg 500w, https:\/\/nuggelasule.com\/wp-content\/uploads\/2021\/03\/aceite-ricino-450x450.jpg 450w, https:\/\/nuggelasule.com\/wp-content\/uploads\/2021\/03\/aceite-ricino-100x100.jpg 100w\" sizes=\"auto, (max-width: 300px) 100vw, 300px\" \/>\t\t\t\t\t<\/div>\n\t\t\t\t<\/div>\n\t\t\t<\/div>\n\t\t\t\t<div class=\"icon-box-text last-reset\">\n\t\t\t<h5 class=\"uppercase\">ORGASOL<\/h5>\t\t\t\t\t\t\n<p>(Derivado do \u00d3leo de R\u00edcino). Com uma elevada concentra\u00e7\u00e3o de \u00e1cidos gordos \u00d3mega-6, Vitamina E e Minerais, que hidratam e reparam. Estimula tamb\u00e9m o crescimento das sobrancelhas e confere luminosidade.<\/p>\n\t\t<\/div>\n\t<\/div>\n\t\n\t\n\t\t<\/div>\n\t\t\t\t\t<\/div>\n\n\t\n\n\t<div id=\"col-895568825\" class=\"col medium-4 large-4\"  >\n\t\t\t\t<div class=\"col-inner\"  >\n\t\t\t\n\t\t\t\n\n\t\t<div class=\"icon-box featured-box icon-box-center text-center\"  >\n\t\t\t\t\t<div class=\"icon-box-img\" style=\"width: 303px\">\n\t\t\t\t<div class=\"icon\">\n\t\t\t\t\t<div class=\"icon-inner\" >\n\t\t\t\t\t\t<img loading=\"lazy\" decoding=\"async\" width=\"300\" height=\"300\" src=\"https:\/\/nuggelasule.com\/wp-content\/uploads\/2021\/03\/GLUCOGENO.jpg\" class=\"attachment-medium size-medium\" alt=\"\" srcset=\"https:\/\/nuggelasule.com\/wp-content\/uploads\/2021\/03\/GLUCOGENO.jpg 300w, https:\/\/nuggelasule.com\/wp-content\/uploads\/2021\/03\/GLUCOGENO-100x100.jpg 100w\" sizes=\"auto, (max-width: 300px) 100vw, 300px\" \/>\t\t\t\t\t<\/div>\n\t\t\t\t<\/div>\n\t\t\t<\/div>\n\t\t\t\t<div class=\"icon-box-text last-reset\">\n\t\t\t<h5 class=\"uppercase\">GLICOG\u00c9NIO MARINHO<\/h5>\t\t\t\t\t\t\n<p><strong>(Glycoenergizer Hair)<\/strong>. Extra\u00eddo da membrana do molusco (uma das fontes de energia mais poderosas da natureza), fornece uma dose extra de glicog\u00e9nio, fornecendo energia ao fol\u00edculo do cabelo das sobrancelhas.<\/p>\n\t\t<\/div>\n\t<\/div>\n\t\n\t\n\t\t<\/div>\n\t\t\t\t\t<\/div>\n\n\t\n\n\t<div id=\"col-789051381\" class=\"col medium-4 large-4\"  >\n\t\t\t\t<div class=\"col-inner\"  >\n\t\t\t\n\t\t\t\n\n\t\t<div class=\"icon-box featured-box icon-box-center text-center\"  >\n\t\t\t\t\t<div class=\"icon-box-img\" style=\"width: 303px\">\n\t\t\t\t<div class=\"icon\">\n\t\t\t\t\t<div class=\"icon-inner\" >\n\t\t\t\t\t\t<img loading=\"lazy\" decoding=\"async\" width=\"300\" height=\"300\" src=\"https:\/\/nuggelasule.com\/wp-content\/uploads\/2021\/04\/glicerine-1.jpg\" class=\"attachment-medium size-medium\" alt=\"\" srcset=\"https:\/\/nuggelasule.com\/wp-content\/uploads\/2021\/04\/glicerine-1.jpg 500w, https:\/\/nuggelasule.com\/wp-content\/uploads\/2021\/04\/glicerine-1-450x450.jpg 450w, https:\/\/nuggelasule.com\/wp-content\/uploads\/2021\/04\/glicerine-1-100x100.jpg 100w\" sizes=\"auto, (max-width: 300px) 100vw, 300px\" \/>\t\t\t\t\t<\/div>\n\t\t\t\t<\/div>\n\t\t\t<\/div>\n\t\t\t\t<div class=\"icon-box-text last-reset\">\n\t\t\t<h5 class=\"uppercase\">PROVITAMINA B5 (PANTENOL) E GLICERINA<\/h5>\t\t\t\t\t\t\n<p>Fornecem umidade \u00e0s sobrancelhas e estimulam sua regenera\u00e7\u00e3o. Tamb\u00e9m melhoram a resist\u00eancia do fol\u00edculo piloso ao estresse mec\u00e2nico.<\/p>\n\t\t<\/div>\n\t<\/div>\n\t\n\t\n\t\t<\/div>\n\t\t\t\t\t<\/div>\n\n\t\n<\/div>\n","protected":false},"excerpt":{"rendered":"<hr size=\"4\" \/>\n<p>Uma f\u00f3rmula potente com activos naturais para repovoar e aumentar a densidade das sobrancelhas. Inclui uma escova densificadora<\/p>\n","protected":false},"featured_media":29459,"comment_status":"closed","ping_status":"closed","template":"","meta":{"_acf_changed":false,"_iconic_wsb_product_page_order_bump_ids":[[]],"_sku":["P010198"],"_iconic_wsb_product_page_bump_modal_ids":[[]]},"product_brand":[],"product_cat":[282,244],"product_tag":[],"class_list":{"0":"post-19212","1":"product","2":"type-product","3":"status-publish","4":"has-post-thumbnail","6":"product_cat-cilios-e-sobrancelhas-pt","7":"product_cat-todos-pt","9":"first","10":"instock","11":"taxable","12":"shipping-taxable","13":"purchasable","14":"product-type-simple"},"acf":[],"yoast_head":"<!-- This site is optimized with the Yoast SEO plugin v27.0 - https:\/\/yoast.com\/product\/yoast-seo-wordpress\/ -->\n<title>Brow Serum - Densificador de Sobrancelhas + Escova - Nuggela &amp; Sul\u00e9<\/title>\n<meta name=\"robots\" content=\"index, follow, max-snippet:-1, max-image-preview:large, max-video-preview:-1\" \/>\n<link rel=\"canonical\" href=\"https:\/\/nuggelasule.com\/pt\/producto\/brow-serum-densificador-para-sobrancelhas-nuggela-sule-orgasol-glicogenio-marinho\/\" \/>\n<meta property=\"og:locale\" content=\"pt_PT\" \/>\n<meta property=\"og:type\" content=\"article\" \/>\n<meta property=\"og:title\" content=\"Brow Serum - Densificador de Sobrancelhas + Escova - Nuggela &amp; Sul\u00e9\" \/>\n<meta property=\"og:description\" content=\"Uma f\u00f3rmula potente com activos naturais para repovoar e aumentar a densidade das sobrancelhas. Inclui uma escova densificadora\" \/>\n<meta property=\"og:url\" content=\"https:\/\/nuggelasule.com\/pt\/producto\/brow-serum-densificador-para-sobrancelhas-nuggela-sule-orgasol-glicogenio-marinho\/\" \/>\n<meta property=\"og:site_name\" content=\"Nuggela &amp; Sul\u00e9\" \/>\n<meta property=\"article:publisher\" content=\"https:\/\/www.facebook.com\/nuggelasule\/\" \/>\n<meta property=\"article:modified_time\" content=\"2026-04-07T11:00:25+00:00\" \/>\n<meta property=\"og:image\" content=\"https:\/\/nuggelasule.com\/wp-content\/uploads\/2016\/02\/Brow-serum_brush_2.jpg\" \/>\n\t<meta property=\"og:image:width\" content=\"1080\" \/>\n\t<meta property=\"og:image:height\" content=\"1080\" \/>\n\t<meta property=\"og:image:type\" content=\"image\/jpeg\" \/>\n<meta name=\"twitter:card\" content=\"summary_large_image\" \/>\n<meta name=\"twitter:site\" content=\"@nuggelasule\" \/>\n<meta name=\"twitter:label1\" content=\"Est. reading time\" \/>\n\t<meta name=\"twitter:data1\" content=\"2 minutes\" \/>\n<script type=\"application\/ld+json\" class=\"yoast-schema-graph\">{\"@context\":\"https:\/\/schema.org\",\"@graph\":[{\"@type\":\"WebPage\",\"@id\":\"https:\/\/nuggelasule.com\/pt\/producto\/brow-serum-densificador-para-sobrancelhas-nuggela-sule-orgasol-glicogenio-marinho\/\",\"url\":\"https:\/\/nuggelasule.com\/pt\/producto\/brow-serum-densificador-para-sobrancelhas-nuggela-sule-orgasol-glicogenio-marinho\/\",\"name\":\"Brow Serum - Densificador de Sobrancelhas + Escova - Nuggela &amp; Sul\u00e9\",\"isPartOf\":{\"@id\":\"https:\/\/nuggelasule.com\/#website\"},\"primaryImageOfPage\":{\"@id\":\"https:\/\/nuggelasule.com\/pt\/producto\/brow-serum-densificador-para-sobrancelhas-nuggela-sule-orgasol-glicogenio-marinho\/#primaryimage\"},\"image\":{\"@id\":\"https:\/\/nuggelasule.com\/pt\/producto\/brow-serum-densificador-para-sobrancelhas-nuggela-sule-orgasol-glicogenio-marinho\/#primaryimage\"},\"thumbnailUrl\":\"https:\/\/nuggelasule.com\/wp-content\/uploads\/2016\/02\/Brow-serum_brush_2.jpg\",\"datePublished\":\"2016-02-13T09:33:16+00:00\",\"dateModified\":\"2026-04-07T11:00:25+00:00\",\"breadcrumb\":{\"@id\":\"https:\/\/nuggelasule.com\/pt\/producto\/brow-serum-densificador-para-sobrancelhas-nuggela-sule-orgasol-glicogenio-marinho\/#breadcrumb\"},\"inLanguage\":\"pt\",\"potentialAction\":[{\"@type\":\"ReadAction\",\"target\":[\"https:\/\/nuggelasule.com\/pt\/producto\/brow-serum-densificador-para-sobrancelhas-nuggela-sule-orgasol-glicogenio-marinho\/\"]}]},{\"@type\":\"ImageObject\",\"inLanguage\":\"pt\",\"@id\":\"https:\/\/nuggelasule.com\/pt\/producto\/brow-serum-densificador-para-sobrancelhas-nuggela-sule-orgasol-glicogenio-marinho\/#primaryimage\",\"url\":\"https:\/\/nuggelasule.com\/wp-content\/uploads\/2016\/02\/Brow-serum_brush_2.jpg\",\"contentUrl\":\"https:\/\/nuggelasule.com\/wp-content\/uploads\/2016\/02\/Brow-serum_brush_2.jpg\",\"width\":1080,\"height\":1080},{\"@type\":\"BreadcrumbList\",\"@id\":\"https:\/\/nuggelasule.com\/pt\/producto\/brow-serum-densificador-para-sobrancelhas-nuggela-sule-orgasol-glicogenio-marinho\/#breadcrumb\",\"itemListElement\":[{\"@type\":\"ListItem\",\"position\":1,\"name\":\"Portada\",\"item\":\"https:\/\/nuggelasule.com\/pt\/\"},{\"@type\":\"ListItem\",\"position\":2,\"name\":\"Tienda\",\"item\":\"https:\/\/nuggelasule.com\/pt\/tienda\/\"},{\"@type\":\"ListItem\",\"position\":3,\"name\":\"Brow Serum &#8211; Densificador de Sobrancelhas + Escova\"}]},{\"@type\":\"WebSite\",\"@id\":\"https:\/\/nuggelasule.com\/#website\",\"url\":\"https:\/\/nuggelasule.com\/\",\"name\":\"Nuggela &amp; Sul\u00e9\",\"description\":\"Los mejores productos para la salud y belleza del cabello\",\"publisher\":{\"@id\":\"https:\/\/nuggelasule.com\/#organization\"},\"potentialAction\":[{\"@type\":\"SearchAction\",\"target\":{\"@type\":\"EntryPoint\",\"urlTemplate\":\"https:\/\/nuggelasule.com\/?s={search_term_string}\"},\"query-input\":{\"@type\":\"PropertyValueSpecification\",\"valueRequired\":true,\"valueName\":\"search_term_string\"}}],\"inLanguage\":\"pt\"},{\"@type\":\"Organization\",\"@id\":\"https:\/\/nuggelasule.com\/#organization\",\"name\":\"Nuggela&Sul\u00e9 S.L.\",\"url\":\"https:\/\/nuggelasule.com\/\",\"logo\":{\"@type\":\"ImageObject\",\"inLanguage\":\"pt\",\"@id\":\"https:\/\/nuggelasule.com\/#\/schema\/logo\/image\/\",\"url\":\"\",\"contentUrl\":\"\",\"caption\":\"Nuggela&Sul\u00e9 S.L.\"},\"image\":{\"@id\":\"https:\/\/nuggelasule.com\/#\/schema\/logo\/image\/\"},\"sameAs\":[\"https:\/\/www.facebook.com\/nuggelasule\/\",\"https:\/\/x.com\/nuggelasule\",\"https:\/\/www.instagram.com\/nuggela_sule\/\",\"https:\/\/www.linkedin.com\/company\/9406545\",\"https:\/\/www.youtube.com\/channel\/UCP-uGf_c8i2FI4TXfhffEKw\"]}]}<\/script>\n<!-- \/ Yoast SEO plugin. -->","yoast_head_json":{"title":"Brow Serum - Densificador de Sobrancelhas + Escova - Nuggela &amp; Sul\u00e9","robots":{"index":"index","follow":"follow","max-snippet":"max-snippet:-1","max-image-preview":"max-image-preview:large","max-video-preview":"max-video-preview:-1"},"canonical":"https:\/\/nuggelasule.com\/pt\/producto\/brow-serum-densificador-para-sobrancelhas-nuggela-sule-orgasol-glicogenio-marinho\/","og_locale":"pt_PT","og_type":"article","og_title":"Brow Serum - Densificador de Sobrancelhas + Escova - Nuggela &amp; Sul\u00e9","og_description":"Uma f\u00f3rmula potente com activos naturais para repovoar e aumentar a densidade das sobrancelhas. Inclui uma escova densificadora","og_url":"https:\/\/nuggelasule.com\/pt\/producto\/brow-serum-densificador-para-sobrancelhas-nuggela-sule-orgasol-glicogenio-marinho\/","og_site_name":"Nuggela &amp; Sul\u00e9","article_publisher":"https:\/\/www.facebook.com\/nuggelasule\/","article_modified_time":"2026-04-07T11:00:25+00:00","og_image":[{"width":1080,"height":1080,"url":"https:\/\/nuggelasule.com\/wp-content\/uploads\/2016\/02\/Brow-serum_brush_2.jpg","type":"image\/jpeg"}],"twitter_card":"summary_large_image","twitter_site":"@nuggelasule","twitter_misc":{"Est. reading time":"2 minutes"},"schema":{"@context":"https:\/\/schema.org","@graph":[{"@type":"WebPage","@id":"https:\/\/nuggelasule.com\/pt\/producto\/brow-serum-densificador-para-sobrancelhas-nuggela-sule-orgasol-glicogenio-marinho\/","url":"https:\/\/nuggelasule.com\/pt\/producto\/brow-serum-densificador-para-sobrancelhas-nuggela-sule-orgasol-glicogenio-marinho\/","name":"Brow Serum - Densificador de Sobrancelhas + Escova - Nuggela &amp; Sul\u00e9","isPartOf":{"@id":"https:\/\/nuggelasule.com\/#website"},"primaryImageOfPage":{"@id":"https:\/\/nuggelasule.com\/pt\/producto\/brow-serum-densificador-para-sobrancelhas-nuggela-sule-orgasol-glicogenio-marinho\/#primaryimage"},"image":{"@id":"https:\/\/nuggelasule.com\/pt\/producto\/brow-serum-densificador-para-sobrancelhas-nuggela-sule-orgasol-glicogenio-marinho\/#primaryimage"},"thumbnailUrl":"https:\/\/nuggelasule.com\/wp-content\/uploads\/2016\/02\/Brow-serum_brush_2.jpg","datePublished":"2016-02-13T09:33:16+00:00","dateModified":"2026-04-07T11:00:25+00:00","breadcrumb":{"@id":"https:\/\/nuggelasule.com\/pt\/producto\/brow-serum-densificador-para-sobrancelhas-nuggela-sule-orgasol-glicogenio-marinho\/#breadcrumb"},"inLanguage":"pt","potentialAction":[{"@type":"ReadAction","target":["https:\/\/nuggelasule.com\/pt\/producto\/brow-serum-densificador-para-sobrancelhas-nuggela-sule-orgasol-glicogenio-marinho\/"]}]},{"@type":"ImageObject","inLanguage":"pt","@id":"https:\/\/nuggelasule.com\/pt\/producto\/brow-serum-densificador-para-sobrancelhas-nuggela-sule-orgasol-glicogenio-marinho\/#primaryimage","url":"https:\/\/nuggelasule.com\/wp-content\/uploads\/2016\/02\/Brow-serum_brush_2.jpg","contentUrl":"https:\/\/nuggelasule.com\/wp-content\/uploads\/2016\/02\/Brow-serum_brush_2.jpg","width":1080,"height":1080},{"@type":"BreadcrumbList","@id":"https:\/\/nuggelasule.com\/pt\/producto\/brow-serum-densificador-para-sobrancelhas-nuggela-sule-orgasol-glicogenio-marinho\/#breadcrumb","itemListElement":[{"@type":"ListItem","position":1,"name":"Portada","item":"https:\/\/nuggelasule.com\/pt\/"},{"@type":"ListItem","position":2,"name":"Tienda","item":"https:\/\/nuggelasule.com\/pt\/tienda\/"},{"@type":"ListItem","position":3,"name":"Brow Serum &#8211; Densificador de Sobrancelhas + Escova"}]},{"@type":"WebSite","@id":"https:\/\/nuggelasule.com\/#website","url":"https:\/\/nuggelasule.com\/","name":"Nuggela &amp; Sul\u00e9","description":"Los mejores productos para la salud y belleza del cabello","publisher":{"@id":"https:\/\/nuggelasule.com\/#organization"},"potentialAction":[{"@type":"SearchAction","target":{"@type":"EntryPoint","urlTemplate":"https:\/\/nuggelasule.com\/?s={search_term_string}"},"query-input":{"@type":"PropertyValueSpecification","valueRequired":true,"valueName":"search_term_string"}}],"inLanguage":"pt"},{"@type":"Organization","@id":"https:\/\/nuggelasule.com\/#organization","name":"Nuggela&Sul\u00e9 S.L.","url":"https:\/\/nuggelasule.com\/","logo":{"@type":"ImageObject","inLanguage":"pt","@id":"https:\/\/nuggelasule.com\/#\/schema\/logo\/image\/","url":"","contentUrl":"","caption":"Nuggela&Sul\u00e9 S.L."},"image":{"@id":"https:\/\/nuggelasule.com\/#\/schema\/logo\/image\/"},"sameAs":["https:\/\/www.facebook.com\/nuggelasule\/","https:\/\/x.com\/nuggelasule","https:\/\/www.instagram.com\/nuggela_sule\/","https:\/\/www.linkedin.com\/company\/9406545","https:\/\/www.youtube.com\/channel\/UCP-uGf_c8i2FI4TXfhffEKw"]}]}},"_links":{"self":[{"href":"https:\/\/nuggelasule.com\/pt\/wp-json\/wp\/v2\/product\/19212","targetHints":{"allow":["GET"]}}],"collection":[{"href":"https:\/\/nuggelasule.com\/pt\/wp-json\/wp\/v2\/product"}],"about":[{"href":"https:\/\/nuggelasule.com\/pt\/wp-json\/wp\/v2\/types\/product"}],"replies":[{"embeddable":true,"href":"https:\/\/nuggelasule.com\/pt\/wp-json\/wp\/v2\/comments?post=19212"}],"wp:featuredmedia":[{"embeddable":true,"href":"https:\/\/nuggelasule.com\/pt\/wp-json\/wp\/v2\/media\/29459"}],"wp:attachment":[{"href":"https:\/\/nuggelasule.com\/pt\/wp-json\/wp\/v2\/media?parent=19212"}],"wp:term":[{"taxonomy":"product_brand","embeddable":true,"href":"https:\/\/nuggelasule.com\/pt\/wp-json\/wp\/v2\/product_brand?post=19212"},{"taxonomy":"product_cat","embeddable":true,"href":"https:\/\/nuggelasule.com\/pt\/wp-json\/wp\/v2\/product_cat?post=19212"},{"taxonomy":"product_tag","embeddable":true,"href":"https:\/\/nuggelasule.com\/pt\/wp-json\/wp\/v2\/product_tag?post=19212"}],"curies":[{"name":"wp","href":"https:\/\/api.w.org\/{rel}","templated":true}]},"billing":{"billing_DNI":""}}