{"id":19206,"date":"2016-11-03T15:20:31","date_gmt":"2016-11-03T14:20:31","guid":{"rendered":"https:\/\/nuggelasule.com\/producto\/champu-cabello-graso-250ml\/"},"modified":"2026-04-16T16:39:11","modified_gmt":"2026-04-16T14:39:11","slug":"champo-cabelo-oleosos-250ml","status":"publish","type":"product","link":"https:\/\/nuggelasule.com\/pt\/producto\/champo-cabelo-oleosos-250ml\/","title":{"rendered":"Champ\u00f4 Sebo-Regulador"},"content":{"rendered":"<h1><span style=\"color: #282828;\">Champ\u00f4 Sebo-Regulador da Nuggela &amp; Sul\u00e9<\/span><\/h1>\n<h4><span style=\"color: #282828;\"><strong>O CHAMP\u00d4 PARA CABELOS OLEOSOS E MUITO OLEOSOS<\/strong><\/span><\/h4>\n<p>O <strong>Champ\u00f4 Seborregulador para homem e mulher<\/strong> fortalece o cabelo e, a cada lavagem, ajuda a regular a secre\u00e7\u00e3o seb\u00e1cea.<\/p>\n<p>Com\u00a0<strong><u><a href=\"https:\/\/nuggelasule.com\/pt\/secreto-cebolla\/\" target=\"_blank\" rel=\"noopener noreferrer\">Extrato de Cebola Roxa<\/a><\/u><\/strong>, <strong>Seborreductyl<\/strong>, <strong><u><a href=\"https:\/\/nuggelasule.com\/pt\/sais-do-mar-morto\/\" target=\"_blank\" rel=\"noopener noreferrer\">Sais do Mar Morto<\/a><\/u><\/strong> e <strong><u><a href=\"https:\/\/nuggelasule.com\/pt\/glucogeno_marino\/\" target=\"_blank\" rel=\"noopener noreferrer\">Glicog\u00e9nio Marinho<\/a><\/u><\/strong>, ingredientes ativos com propriedades seborreguladoras e adstringentes para uma limpeza duradoura.<\/p>\n<p><strong>SECRE\u00c7\u00c3O SEB\u00c1CEA:<\/strong><br \/>\nUm dos problemas capilares mais comuns costuma ser o desequil\u00edbrio na secre\u00e7\u00e3o seb\u00e1cea. \u00c9 um elemento vis\u00edvel, pois o cabelo apresenta um aspeto oleoso ou sujo, mas internamente pode provocar fragilidade e at\u00e9 mesmo queda capilar.<\/p>\n<div class=\"row\"  id=\"row-475659153\">\n\n\t<div id=\"col-368699414\" class=\"col medium-6 large-6\"  >\n\t\t\t\t<div class=\"col-inner\"  >\n\t\t\t\n\t\t\t\n\n\t\t<div class=\"icon-box featured-box icon-box-center text-center\"  >\n\t\t\t\t\t<div class=\"icon-box-img\" style=\"width: 524px\">\n\t\t\t\t<div class=\"icon\">\n\t\t\t\t\t<div class=\"icon-inner\" >\n\t\t\t\t\t\t\t\t\t\t\t<\/div>\n\t\t\t\t<\/div>\n\t\t\t<\/div>\n\t\t\t\t<div class=\"icon-box-text last-reset\">\n\t\t\t\t\t\t\t\t\t\n\t<div class=\"img has-hover x md-x lg-x y md-y lg-y\" id=\"image_1749448112\">\n\t\t\t\t\t\t\t\t<div class=\"img-inner dark\" >\n\t\t\t<img loading=\"lazy\" decoding=\"async\" width=\"1020\" height=\"1020\" src=\"https:\/\/nuggelasule.com\/wp-content\/uploads\/2016\/11\/sebum-control-couple-int-1024x1024.jpg\" class=\"attachment-large size-large\" alt=\"\" srcset=\"https:\/\/nuggelasule.com\/wp-content\/uploads\/2016\/11\/sebum-control-couple-int-1024x1024.jpg 1024w, https:\/\/nuggelasule.com\/wp-content\/uploads\/2016\/11\/sebum-control-couple-int-300x300.jpg 300w, https:\/\/nuggelasule.com\/wp-content\/uploads\/2016\/11\/sebum-control-couple-int-122x122.jpg 122w, https:\/\/nuggelasule.com\/wp-content\/uploads\/2016\/11\/sebum-control-couple-int-768x768.jpg 768w, https:\/\/nuggelasule.com\/wp-content\/uploads\/2016\/11\/sebum-control-couple-int-1536x1536.jpg 1536w, https:\/\/nuggelasule.com\/wp-content\/uploads\/2016\/11\/sebum-control-couple-int-450x450.jpg 450w, https:\/\/nuggelasule.com\/wp-content\/uploads\/2016\/11\/sebum-control-couple-int-510x510.jpg 510w, https:\/\/nuggelasule.com\/wp-content\/uploads\/2016\/11\/sebum-control-couple-int-100x100.jpg 100w, https:\/\/nuggelasule.com\/wp-content\/uploads\/2016\/11\/sebum-control-couple-int-32x32.jpg 32w, https:\/\/nuggelasule.com\/wp-content\/uploads\/2016\/11\/sebum-control-couple-int-60x60.jpg 60w, https:\/\/nuggelasule.com\/wp-content\/uploads\/2016\/11\/sebum-control-couple-int-90x90.jpg 90w, https:\/\/nuggelasule.com\/wp-content\/uploads\/2016\/11\/sebum-control-couple-int.jpg 2000w\" sizes=\"auto, (max-width: 1020px) 100vw, 1020px\" \/>\t\t\t\t\t\t\n\t\t\t\t\t<\/div>\n\t\t\t\t\t\t\t\t\n<style>\n#image_1749448112 {\n  width: 100%;\n}\n<\/style>\n\t<\/div>\n\t\n\t\t<\/div>\n\t<\/div>\n\t\n\t\n\t\t<\/div>\n\t\t\t\t\t<\/div>\n\n\t\n\n\t<div id=\"col-1028236848\" class=\"col medium-6 large-6\"  >\n\t\t\t\t<div class=\"col-inner\"  >\n\t\t\t\n\t\t\t\n\n\t\t<div class=\"icon-box featured-box icon-box-center text-center\"  >\n\t\t\t\t<div class=\"icon-box-text last-reset\">\n\t\t\t\t\t\t\t\t\t\n\t<div class=\"img has-hover x md-x lg-x y md-y lg-y\" id=\"image_1568244365\">\n\t\t\t\t\t\t\t\t<div class=\"img-inner dark\" >\n\t\t\t<img loading=\"lazy\" decoding=\"async\" width=\"1020\" height=\"1020\" src=\"https:\/\/nuggelasule.com\/wp-content\/uploads\/2016\/11\/SEBOR-PT-V2-1024x1024.jpg\" class=\"attachment-large size-large\" alt=\"\" srcset=\"https:\/\/nuggelasule.com\/wp-content\/uploads\/2016\/11\/SEBOR-PT-V2-1024x1024.jpg 1024w, https:\/\/nuggelasule.com\/wp-content\/uploads\/2016\/11\/SEBOR-PT-V2-300x300.jpg 300w, https:\/\/nuggelasule.com\/wp-content\/uploads\/2016\/11\/SEBOR-PT-V2-122x122.jpg 122w, https:\/\/nuggelasule.com\/wp-content\/uploads\/2016\/11\/SEBOR-PT-V2-768x768.jpg 768w, https:\/\/nuggelasule.com\/wp-content\/uploads\/2016\/11\/SEBOR-PT-V2-1536x1536.jpg 1536w, https:\/\/nuggelasule.com\/wp-content\/uploads\/2016\/11\/SEBOR-PT-V2-2048x2048.jpg 2048w, https:\/\/nuggelasule.com\/wp-content\/uploads\/2016\/11\/SEBOR-PT-V2-450x450.jpg 450w, https:\/\/nuggelasule.com\/wp-content\/uploads\/2016\/11\/SEBOR-PT-V2-510x510.jpg 510w, https:\/\/nuggelasule.com\/wp-content\/uploads\/2016\/11\/SEBOR-PT-V2-100x100.jpg 100w, https:\/\/nuggelasule.com\/wp-content\/uploads\/2016\/11\/SEBOR-PT-V2-32x32.jpg 32w, https:\/\/nuggelasule.com\/wp-content\/uploads\/2016\/11\/SEBOR-PT-V2-60x60.jpg 60w, https:\/\/nuggelasule.com\/wp-content\/uploads\/2016\/11\/SEBOR-PT-V2-90x90.jpg 90w\" sizes=\"auto, (max-width: 1020px) 100vw, 1020px\" \/>\t\t\t\t\t\t\n\t\t\t\t\t<\/div>\n\t\t\t\t\t\t\t\t\n<style>\n#image_1568244365 {\n  width: 100%;\n}\n<\/style>\n\t<\/div>\n\t\n\t\t<\/div>\n\t<\/div>\n\t\n\t\n\t\t<\/div>\n\t\t\t\t\t<\/div>\n\n\t\n<\/div>\n<div class=\"row\"><div class=\" col medium-6 small-12 large-6\"><div class=\"col  beneficios\"><p class=\"title_charasteritcs\">BENEF\u00cdCIOS<\/p><p class=\"description_charasteritcs\">\u00b7 Regula a secre\u00e7\u00e3o seb\u00e1cea<br \/>\r\n\u00b7 Elimina os res\u00edduos de gordura<br \/>\r\n\u00b7 A\u00e7\u00e3o antiqueda capilar<br \/>\r\n\u00b7 Fortalece o cabelo<br \/>\r\n\u00b7 Mais brilho e suavidade<br \/>\r\n\u00b7 Limpeza eficaz<\/p><\/div><\/div><div class=\" col medium-6 small-12 large-6\"><div class=\"col indications \"><p class=\"title_charasteritcs\">INDICA\u00c7\u00d5ES<\/p><p class=\"description_charasteritcs\">\u00b7 Apto para homens e mulheres<br \/>\r\n\u00b7 Indicado para cabelo oleoso e muito oleoso<br \/>\r\n\u00b7 Especialmente indicado para cabelos seborreicos<br \/>\r\n\u00b7 Recomenda-se a utiliza\u00e7\u00e3o exclusiva deste champ\u00f4 durante tr\u00eas semanas (idealmente um m\u00eas)<br \/>\r\n\u00b7 Dermatologicamente testado<\/p><\/div><\/div><\/div>\n<h3><span style=\"color: #282828;\"><strong>INSTRU\u00c7\u00d5ES DE USO:<\/strong><\/span><\/h3>\n<ol>\n<li>Despeje o produto na palma da m\u00e3o e esfregue as m\u00e3os at\u00e9 emulsionar<\/li>\n<li>Aplique no cabelo e no couro cabeludo e massageie uniformemente por alguns minutos<\/li>\n<li>Enx\u00e1gue completamente com \u00e1gua e repita a opera\u00e7\u00e3o uma segunda vez para intensificar os resultados<\/li>\n<\/ol>\n<p><img loading=\"lazy\" decoding=\"async\" class=\"aligncenter wp-image-13292\" src=\"https:\/\/nuggelasule.com\/wp-content\/uploads\/2025\/04\/SHAMPOO-INSTRUCTIONS-OF-USE.png\" alt=\"modo de uso champus\" width=\"800\" height=\"235\" \/><\/p>\n<p><span style=\"font-size: 85%; background-color: #ffcdc9;\">SEGUINDO ESTES PASSOS:<\/span> <span style=\"font-size: 85%;\">voc\u00ea pode preparar e ativar os ingredientes do champ\u00f4 em sua m\u00e3o.<\/span> <span style=\"font-size: 85%;\">Em seguida, voc\u00ea pode distribuir uniformemente o champ\u00f4 em seu cabelo e couro cabeludo.<\/span> <span style=\"font-size: 85%;\">O que ir\u00e1 criar mais espuma e facilitar a massagem no couro cabeludo.<\/span><\/p>\n<p><span style=\"font-size: 85%;\"><strong>*A primeira lavagem gera pouca espuma<\/strong>, o que se deve ao facto de a primeira utiliza\u00e7\u00e3o ter um efeito de limpeza profunda e a segunda um efeito de nutri\u00e7\u00e3o capilar.<\/span><\/p>\n<p><span style=\"color: #282828;\"><strong>DICA:<\/strong><\/span> Para uma maior efic\u00e1cia, recomenda-se n\u00e3o alternar a sua utiliza\u00e7\u00e3o com outros champ\u00f4s.<\/p>\n<div class=\"video video-fit mb\" style=\"padding-top:50%;\"><p><iframe loading=\"lazy\" title=\"CHAMP\u00da SEBORREGULADOR\" src=\"https:\/\/player.vimeo.com\/video\/1057763348?dnt=1&amp;app_id=122963\" width=\"1000\" height=\"1000\" frameborder=\"0\" allow=\"autoplay; fullscreen; picture-in-picture; clipboard-write; encrypted-media\"><\/iframe><\/p>\n<\/div>\n<h3><span style=\"color: #333333;\"><strong>PRINCIPAIS INGREDIENTES ATIVOS:<\/strong><\/span><\/h3>\n<div class=\"row\"  id=\"row-265613069\">\n\n\t<div id=\"col-663164782\" class=\"col medium-4 large-4\"  >\n\t\t\t\t<div class=\"col-inner\"  >\n\t\t\t\n\t\t\t\n\n\t\t<div class=\"icon-box featured-box icon-box-center text-center\"  >\n\t\t\t\t\t<div class=\"icon-box-img\" style=\"width: 303px\">\n\t\t\t\t<div class=\"icon\">\n\t\t\t\t\t<div class=\"icon-inner\" >\n\t\t\t\t\t\t<img loading=\"lazy\" decoding=\"async\" width=\"300\" height=\"300\" src=\"https:\/\/nuggelasule.com\/wp-content\/uploads\/2021\/03\/EXTRACTO-CEBOLLA.jpg\" class=\"attachment-medium size-medium\" alt=\"\" srcset=\"https:\/\/nuggelasule.com\/wp-content\/uploads\/2021\/03\/EXTRACTO-CEBOLLA.jpg 300w, https:\/\/nuggelasule.com\/wp-content\/uploads\/2021\/03\/EXTRACTO-CEBOLLA-100x100.jpg 100w\" sizes=\"auto, (max-width: 300px) 100vw, 300px\" \/>\t\t\t\t\t<\/div>\n\t\t\t\t<\/div>\n\t\t\t<\/div>\n\t\t\t\t<div class=\"icon-box-text last-reset\">\n\t\t\t<h5 class=\"uppercase\">EXTRATO DE CEBOLA ROXA<\/h5>\t\t\t\t\t\t\n<p>O segredo por tr\u00e1s da cebola roxa ou da cebola comum se resume a dois de seus principais ingredientes ativos, a Quercetina e o Enxofre. A <strong>quercetina<\/strong> reduz a inflama\u00e7\u00e3o do couro cabeludo e estimula o fluxo sangu\u00edneo. Assim, o cabelo \u00e9 mais e melhor nutrido. O <strong>Enxofre<\/strong> (tamb\u00e9m conhecido como o mineral da beleza), devido \u00e0s suas propriedades antiss\u00e9pticas, elimina fungos, bact\u00e9rias e o excesso de sebo. Ele ajuda a alcan\u00e7ar uma limpeza altamente eficiente, tornando-o altamente recomendado para cabelos oleosos.<\/p>\n\t\t<\/div>\n\t<\/div>\n\t\n\t\n\t\t<\/div>\n\t\t\t\t\t<\/div>\n\n\t\n\n\t<div id=\"col-631626689\" class=\"col medium-4 large-4\"  >\n\t\t\t\t<div class=\"col-inner\"  >\n\t\t\t\n\t\t\t\n\n\t\t<div class=\"icon-box featured-box icon-box-center text-center\"  >\n\t\t\t\t\t<div class=\"icon-box-img\" style=\"width: 303px\">\n\t\t\t\t<div class=\"icon\">\n\t\t\t\t\t<div class=\"icon-inner\" >\n\t\t\t\t\t\t<img loading=\"lazy\" decoding=\"async\" width=\"300\" height=\"300\" src=\"https:\/\/nuggelasule.com\/wp-content\/uploads\/2021\/03\/seboreductyl.jpg\" class=\"attachment-medium size-medium\" alt=\"\" srcset=\"https:\/\/nuggelasule.com\/wp-content\/uploads\/2021\/03\/seboreductyl.jpg 500w, https:\/\/nuggelasule.com\/wp-content\/uploads\/2021\/03\/seboreductyl-450x450.jpg 450w, https:\/\/nuggelasule.com\/wp-content\/uploads\/2021\/03\/seboreductyl-100x100.jpg 100w\" sizes=\"auto, (max-width: 300px) 100vw, 300px\" \/>\t\t\t\t\t<\/div>\n\t\t\t\t<\/div>\n\t\t\t<\/div>\n\t\t\t\t<div class=\"icon-box-text last-reset\">\n\t\t\t<h5 class=\"uppercase\">SEBORREDUCTYL<\/h5>\t\t\t\t\t\t\n<p>Complexo bot\u00e2nico para o tratamento de pele e cabelo oleosos. Tem componentes como os sulfop\u00e9ptidos e amino\u00e1cidos que regulam a secre\u00e7\u00e3o seb\u00e1cea. Tamb\u00e9m cont\u00e9m vitaminas do Grupo B que suprimem a lipog\u00e9nese. E Alanto\u00edna que hidrata, amacia e acalma a pele.<\/p>\n\t\t<\/div>\n\t<\/div>\n\t\n\t\n\t\t<\/div>\n\t\t\t\t\t<\/div>\n\n\t\n\n\t<div id=\"col-791061919\" class=\"col medium-4 large-4\"  >\n\t\t\t\t<div class=\"col-inner\"  >\n\t\t\t\n\t\t\t\n\n\t\t<div class=\"icon-box featured-box icon-box-center text-center\"  >\n\t\t\t\t\t<div class=\"icon-box-img\" style=\"width: 303px\">\n\t\t\t\t<div class=\"icon\">\n\t\t\t\t\t<div class=\"icon-inner\" >\n\t\t\t\t\t\t<img loading=\"lazy\" decoding=\"async\" width=\"300\" height=\"300\" src=\"https:\/\/nuggelasule.com\/wp-content\/uploads\/2021\/03\/GLUCOGENO.jpg\" class=\"attachment-medium size-medium\" alt=\"\" srcset=\"https:\/\/nuggelasule.com\/wp-content\/uploads\/2021\/03\/GLUCOGENO.jpg 300w, https:\/\/nuggelasule.com\/wp-content\/uploads\/2021\/03\/GLUCOGENO-100x100.jpg 100w\" sizes=\"auto, (max-width: 300px) 100vw, 300px\" \/>\t\t\t\t\t<\/div>\n\t\t\t\t<\/div>\n\t\t\t<\/div>\n\t\t\t\t<div class=\"icon-box-text last-reset\">\n\t\t\t<h5 class=\"uppercase\">GLICOG\u00c9NIO MARINHO<\/h5>\t\t\t\t\t\t\n<p>(Glycoenergizer Hair). O Glicog\u00e9nio Marinho, extra\u00eddo das membranas dos moluscos, \u00e9 uma das fontes de energia mais poderosas da natureza. Quando aplicado ao cabelo, fornece uma dose extra de glicog\u00eanio que fortalece e revitaliza o cabelo, prevenindo a perda de cabelo e o envelhecimento. Este ingrediente \u00e9 particularmente eficaz no fortalecimento de cabelos fr\u00e1geis e quebradi\u00e7os.<\/p>\n\t\t<\/div>\n\t<\/div>\n\t\n\t\n\t\t<\/div>\n\t\t\t\t\t<\/div>\n\n\t\n<\/div>\n<p>&nbsp;<\/p>\n","protected":false},"excerpt":{"rendered":"<hr size=\"4\" \/>\n<p>O champ\u00f4 para homens e mulheres com cabelo oleoso ou muito oleoso que fortalece e ajuda a regular a secre\u00e7\u00e3o seb\u00e1cea em cada lavagem.<\/p>\n","protected":false},"featured_media":22651,"comment_status":"closed","ping_status":"closed","template":"","meta":{"_acf_changed":false,"_iconic_wsb_product_page_order_bump_ids":[[]],"_sku":["010017"],"_iconic_wsb_product_page_bump_modal_ids":[[]]},"product_brand":[],"product_cat":[251,244],"product_tag":[253,254],"class_list":{"0":"post-19206","1":"product","2":"type-product","3":"status-publish","4":"has-post-thumbnail","6":"product_cat-champos-pt","7":"product_cat-todos-pt","8":"product_tag-anti-caida-pt","9":"product_tag-cabellos-grasos-pt","11":"first","12":"instock","13":"taxable","14":"shipping-taxable","15":"purchasable","16":"product-type-simple"},"acf":[],"yoast_head":"<!-- This site is optimized with the Yoast SEO plugin v27.0 - https:\/\/yoast.com\/product\/yoast-seo-wordpress\/ -->\n<title>Nuggela &amp; Sul\u00e9 Champ\u00f4 Sebo-Regulador<\/title>\n<meta name=\"description\" content=\"Champ\u00f4 Seborregulador para homens e mulheres. Regula a secre\u00e7\u00e3o seb\u00e1cea, elimina os res\u00edduos de oleosidade e melhora a qualidade do cabelo em cada lavagem.\" \/>\n<meta name=\"robots\" content=\"index, follow, max-snippet:-1, max-image-preview:large, max-video-preview:-1\" \/>\n<link rel=\"canonical\" href=\"https:\/\/nuggelasule.com\/pt\/producto\/champo-cabelo-oleosos-250ml\/\" \/>\n<meta property=\"og:locale\" content=\"pt_PT\" \/>\n<meta property=\"og:type\" content=\"article\" \/>\n<meta property=\"og:title\" content=\"Nuggela &amp; Sul\u00e9 Champ\u00f4 Sebo-Regulador\" \/>\n<meta property=\"og:description\" content=\"Champ\u00f4 Seborregulador para homens e mulheres. Regula a secre\u00e7\u00e3o seb\u00e1cea, elimina os res\u00edduos de oleosidade e melhora a qualidade do cabelo em cada lavagem.\" \/>\n<meta property=\"og:url\" content=\"https:\/\/nuggelasule.com\/pt\/producto\/champo-cabelo-oleosos-250ml\/\" \/>\n<meta property=\"og:site_name\" content=\"Nuggela &amp; Sul\u00e9\" \/>\n<meta property=\"article:publisher\" content=\"https:\/\/www.facebook.com\/nuggelasule\/\" \/>\n<meta property=\"article:modified_time\" content=\"2026-04-16T14:39:11+00:00\" \/>\n<meta property=\"og:image\" content=\"https:\/\/nuggelasule.com\/wp-content\/uploads\/2021\/04\/8437014761375_1_Shampoo-Sebum-Control_250ml.jpg\" \/>\n\t<meta property=\"og:image:width\" content=\"1800\" \/>\n\t<meta property=\"og:image:height\" content=\"1800\" \/>\n\t<meta property=\"og:image:type\" content=\"image\/jpeg\" \/>\n<meta name=\"twitter:card\" content=\"summary_large_image\" \/>\n<meta name=\"twitter:site\" content=\"@nuggelasule\" \/>\n<meta name=\"twitter:label1\" content=\"Est. reading time\" \/>\n\t<meta name=\"twitter:data1\" content=\"3 minutes\" \/>\n<script type=\"application\/ld+json\" class=\"yoast-schema-graph\">{\"@context\":\"https:\/\/schema.org\",\"@graph\":[{\"@type\":\"WebPage\",\"@id\":\"https:\/\/nuggelasule.com\/pt\/producto\/champo-cabelo-oleosos-250ml\/\",\"url\":\"https:\/\/nuggelasule.com\/pt\/producto\/champo-cabelo-oleosos-250ml\/\",\"name\":\"Nuggela & Sul\u00e9 Champ\u00f4 Sebo-Regulador\",\"isPartOf\":{\"@id\":\"https:\/\/nuggelasule.com\/#website\"},\"primaryImageOfPage\":{\"@id\":\"https:\/\/nuggelasule.com\/pt\/producto\/champo-cabelo-oleosos-250ml\/#primaryimage\"},\"image\":{\"@id\":\"https:\/\/nuggelasule.com\/pt\/producto\/champo-cabelo-oleosos-250ml\/#primaryimage\"},\"thumbnailUrl\":\"https:\/\/nuggelasule.com\/wp-content\/uploads\/2021\/04\/8437014761375_1_Shampoo-Sebum-Control_250ml.jpg\",\"datePublished\":\"2016-11-03T14:20:31+00:00\",\"dateModified\":\"2026-04-16T14:39:11+00:00\",\"description\":\"Champ\u00f4 Seborregulador para homens e mulheres. Regula a secre\u00e7\u00e3o seb\u00e1cea, elimina os res\u00edduos de oleosidade e melhora a qualidade do cabelo em cada lavagem.\",\"breadcrumb\":{\"@id\":\"https:\/\/nuggelasule.com\/pt\/producto\/champo-cabelo-oleosos-250ml\/#breadcrumb\"},\"inLanguage\":\"pt\",\"potentialAction\":[{\"@type\":\"ReadAction\",\"target\":[\"https:\/\/nuggelasule.com\/pt\/producto\/champo-cabelo-oleosos-250ml\/\"]}]},{\"@type\":\"ImageObject\",\"inLanguage\":\"pt\",\"@id\":\"https:\/\/nuggelasule.com\/pt\/producto\/champo-cabelo-oleosos-250ml\/#primaryimage\",\"url\":\"https:\/\/nuggelasule.com\/wp-content\/uploads\/2021\/04\/8437014761375_1_Shampoo-Sebum-Control_250ml.jpg\",\"contentUrl\":\"https:\/\/nuggelasule.com\/wp-content\/uploads\/2021\/04\/8437014761375_1_Shampoo-Sebum-Control_250ml.jpg\",\"width\":1800,\"height\":1800},{\"@type\":\"BreadcrumbList\",\"@id\":\"https:\/\/nuggelasule.com\/pt\/producto\/champo-cabelo-oleosos-250ml\/#breadcrumb\",\"itemListElement\":[{\"@type\":\"ListItem\",\"position\":1,\"name\":\"Portada\",\"item\":\"https:\/\/nuggelasule.com\/pt\/\"},{\"@type\":\"ListItem\",\"position\":2,\"name\":\"Tienda\",\"item\":\"https:\/\/nuggelasule.com\/pt\/tienda\/\"},{\"@type\":\"ListItem\",\"position\":3,\"name\":\"Champ\u00f4 Sebo-Regulador\"}]},{\"@type\":\"WebSite\",\"@id\":\"https:\/\/nuggelasule.com\/#website\",\"url\":\"https:\/\/nuggelasule.com\/\",\"name\":\"Nuggela &amp; Sul\u00e9\",\"description\":\"Los mejores productos para la salud y belleza del cabello\",\"publisher\":{\"@id\":\"https:\/\/nuggelasule.com\/#organization\"},\"potentialAction\":[{\"@type\":\"SearchAction\",\"target\":{\"@type\":\"EntryPoint\",\"urlTemplate\":\"https:\/\/nuggelasule.com\/?s={search_term_string}\"},\"query-input\":{\"@type\":\"PropertyValueSpecification\",\"valueRequired\":true,\"valueName\":\"search_term_string\"}}],\"inLanguage\":\"pt\"},{\"@type\":\"Organization\",\"@id\":\"https:\/\/nuggelasule.com\/#organization\",\"name\":\"Nuggela&Sul\u00e9 S.L.\",\"url\":\"https:\/\/nuggelasule.com\/\",\"logo\":{\"@type\":\"ImageObject\",\"inLanguage\":\"pt\",\"@id\":\"https:\/\/nuggelasule.com\/#\/schema\/logo\/image\/\",\"url\":\"\",\"contentUrl\":\"\",\"caption\":\"Nuggela&Sul\u00e9 S.L.\"},\"image\":{\"@id\":\"https:\/\/nuggelasule.com\/#\/schema\/logo\/image\/\"},\"sameAs\":[\"https:\/\/www.facebook.com\/nuggelasule\/\",\"https:\/\/x.com\/nuggelasule\",\"https:\/\/www.instagram.com\/nuggela_sule\/\",\"https:\/\/www.linkedin.com\/company\/9406545\",\"https:\/\/www.youtube.com\/channel\/UCP-uGf_c8i2FI4TXfhffEKw\"]}]}<\/script>\n<!-- \/ Yoast SEO plugin. -->","yoast_head_json":{"title":"Nuggela & Sul\u00e9 Champ\u00f4 Sebo-Regulador","description":"Champ\u00f4 Seborregulador para homens e mulheres. Regula a secre\u00e7\u00e3o seb\u00e1cea, elimina os res\u00edduos de oleosidade e melhora a qualidade do cabelo em cada lavagem.","robots":{"index":"index","follow":"follow","max-snippet":"max-snippet:-1","max-image-preview":"max-image-preview:large","max-video-preview":"max-video-preview:-1"},"canonical":"https:\/\/nuggelasule.com\/pt\/producto\/champo-cabelo-oleosos-250ml\/","og_locale":"pt_PT","og_type":"article","og_title":"Nuggela & Sul\u00e9 Champ\u00f4 Sebo-Regulador","og_description":"Champ\u00f4 Seborregulador para homens e mulheres. Regula a secre\u00e7\u00e3o seb\u00e1cea, elimina os res\u00edduos de oleosidade e melhora a qualidade do cabelo em cada lavagem.","og_url":"https:\/\/nuggelasule.com\/pt\/producto\/champo-cabelo-oleosos-250ml\/","og_site_name":"Nuggela &amp; Sul\u00e9","article_publisher":"https:\/\/www.facebook.com\/nuggelasule\/","article_modified_time":"2026-04-16T14:39:11+00:00","og_image":[{"width":1800,"height":1800,"url":"https:\/\/nuggelasule.com\/wp-content\/uploads\/2021\/04\/8437014761375_1_Shampoo-Sebum-Control_250ml.jpg","type":"image\/jpeg"}],"twitter_card":"summary_large_image","twitter_site":"@nuggelasule","twitter_misc":{"Est. reading time":"3 minutes"},"schema":{"@context":"https:\/\/schema.org","@graph":[{"@type":"WebPage","@id":"https:\/\/nuggelasule.com\/pt\/producto\/champo-cabelo-oleosos-250ml\/","url":"https:\/\/nuggelasule.com\/pt\/producto\/champo-cabelo-oleosos-250ml\/","name":"Nuggela & Sul\u00e9 Champ\u00f4 Sebo-Regulador","isPartOf":{"@id":"https:\/\/nuggelasule.com\/#website"},"primaryImageOfPage":{"@id":"https:\/\/nuggelasule.com\/pt\/producto\/champo-cabelo-oleosos-250ml\/#primaryimage"},"image":{"@id":"https:\/\/nuggelasule.com\/pt\/producto\/champo-cabelo-oleosos-250ml\/#primaryimage"},"thumbnailUrl":"https:\/\/nuggelasule.com\/wp-content\/uploads\/2021\/04\/8437014761375_1_Shampoo-Sebum-Control_250ml.jpg","datePublished":"2016-11-03T14:20:31+00:00","dateModified":"2026-04-16T14:39:11+00:00","description":"Champ\u00f4 Seborregulador para homens e mulheres. Regula a secre\u00e7\u00e3o seb\u00e1cea, elimina os res\u00edduos de oleosidade e melhora a qualidade do cabelo em cada lavagem.","breadcrumb":{"@id":"https:\/\/nuggelasule.com\/pt\/producto\/champo-cabelo-oleosos-250ml\/#breadcrumb"},"inLanguage":"pt","potentialAction":[{"@type":"ReadAction","target":["https:\/\/nuggelasule.com\/pt\/producto\/champo-cabelo-oleosos-250ml\/"]}]},{"@type":"ImageObject","inLanguage":"pt","@id":"https:\/\/nuggelasule.com\/pt\/producto\/champo-cabelo-oleosos-250ml\/#primaryimage","url":"https:\/\/nuggelasule.com\/wp-content\/uploads\/2021\/04\/8437014761375_1_Shampoo-Sebum-Control_250ml.jpg","contentUrl":"https:\/\/nuggelasule.com\/wp-content\/uploads\/2021\/04\/8437014761375_1_Shampoo-Sebum-Control_250ml.jpg","width":1800,"height":1800},{"@type":"BreadcrumbList","@id":"https:\/\/nuggelasule.com\/pt\/producto\/champo-cabelo-oleosos-250ml\/#breadcrumb","itemListElement":[{"@type":"ListItem","position":1,"name":"Portada","item":"https:\/\/nuggelasule.com\/pt\/"},{"@type":"ListItem","position":2,"name":"Tienda","item":"https:\/\/nuggelasule.com\/pt\/tienda\/"},{"@type":"ListItem","position":3,"name":"Champ\u00f4 Sebo-Regulador"}]},{"@type":"WebSite","@id":"https:\/\/nuggelasule.com\/#website","url":"https:\/\/nuggelasule.com\/","name":"Nuggela &amp; Sul\u00e9","description":"Los mejores productos para la salud y belleza del cabello","publisher":{"@id":"https:\/\/nuggelasule.com\/#organization"},"potentialAction":[{"@type":"SearchAction","target":{"@type":"EntryPoint","urlTemplate":"https:\/\/nuggelasule.com\/?s={search_term_string}"},"query-input":{"@type":"PropertyValueSpecification","valueRequired":true,"valueName":"search_term_string"}}],"inLanguage":"pt"},{"@type":"Organization","@id":"https:\/\/nuggelasule.com\/#organization","name":"Nuggela&Sul\u00e9 S.L.","url":"https:\/\/nuggelasule.com\/","logo":{"@type":"ImageObject","inLanguage":"pt","@id":"https:\/\/nuggelasule.com\/#\/schema\/logo\/image\/","url":"","contentUrl":"","caption":"Nuggela&Sul\u00e9 S.L."},"image":{"@id":"https:\/\/nuggelasule.com\/#\/schema\/logo\/image\/"},"sameAs":["https:\/\/www.facebook.com\/nuggelasule\/","https:\/\/x.com\/nuggelasule","https:\/\/www.instagram.com\/nuggela_sule\/","https:\/\/www.linkedin.com\/company\/9406545","https:\/\/www.youtube.com\/channel\/UCP-uGf_c8i2FI4TXfhffEKw"]}]}},"_links":{"self":[{"href":"https:\/\/nuggelasule.com\/pt\/wp-json\/wp\/v2\/product\/19206","targetHints":{"allow":["GET"]}}],"collection":[{"href":"https:\/\/nuggelasule.com\/pt\/wp-json\/wp\/v2\/product"}],"about":[{"href":"https:\/\/nuggelasule.com\/pt\/wp-json\/wp\/v2\/types\/product"}],"replies":[{"embeddable":true,"href":"https:\/\/nuggelasule.com\/pt\/wp-json\/wp\/v2\/comments?post=19206"}],"wp:featuredmedia":[{"embeddable":true,"href":"https:\/\/nuggelasule.com\/pt\/wp-json\/wp\/v2\/media\/22651"}],"wp:attachment":[{"href":"https:\/\/nuggelasule.com\/pt\/wp-json\/wp\/v2\/media?parent=19206"}],"wp:term":[{"taxonomy":"product_brand","embeddable":true,"href":"https:\/\/nuggelasule.com\/pt\/wp-json\/wp\/v2\/product_brand?post=19206"},{"taxonomy":"product_cat","embeddable":true,"href":"https:\/\/nuggelasule.com\/pt\/wp-json\/wp\/v2\/product_cat?post=19206"},{"taxonomy":"product_tag","embeddable":true,"href":"https:\/\/nuggelasule.com\/pt\/wp-json\/wp\/v2\/product_tag?post=19206"}],"curies":[{"name":"wp","href":"https:\/\/api.w.org\/{rel}","templated":true}]},"billing":{"billing_DNI":""}}