{"id":19165,"date":"2016-11-07T17:04:38","date_gmt":"2016-11-07T16:04:38","guid":{"rendered":"https:\/\/nuggelasule.com\/producto\/mascarilla-south-beach\/"},"modified":"2026-04-16T16:48:25","modified_gmt":"2026-04-16T14:48:25","slug":"tucuma-hair-mask-mascara-capilar-manteiga-de-tucuma-fios-naturais-nuggela-sule-nutricao-reparacao-brilho","status":"publish","type":"product","link":"https:\/\/nuggelasule.com\/pt\/producto\/tucuma-hair-mask-mascara-capilar-manteiga-de-tucuma-fios-naturais-nuggela-sule-nutricao-reparacao-brilho\/","title":{"rendered":"Tucuma Hair Mask"},"content":{"rendered":"<h1><span style=\"color: #282828;\">Tucuma Hair Mask da Nuggela &amp; Sul\u00e9<\/span><\/h1>\n<p><span style=\"color: #282828;\"><strong><a href=\"https:\/\/nuggelasule.com\/pt\/premios-e-reconhecimentos\/\" target=\"_blank\" rel=\"noopener noreferrer\">ELEITA MELHOR M\u00c1SCARA CAPILAR NOS \u2018ELLE Beauty Awards 2025\u2019<\/a><\/strong><\/span><\/p>\n<p>Esta f\u00f3rmula, enriquecida com fibras naturais de Manteiga de Tucum\u00e3, envolve o cabelo numa pel\u00edcula nutritiva que suaviza, hidrata e repara em profundidade. O seu aroma tropical irresist\u00edvel intensifica a experi\u00eancia sensorial, ao mesmo tempo que proporciona uma nutri\u00e7\u00e3o intensa.<\/p>\n<p>Com\u00a0<strong><u><a href=\"https:\/\/nuggelasule.com\/pt\/manteca-de-tucuma\/\" target=\"_blank\" rel=\"noopener noreferrer\">Manteiga de Tucum\u00e3<\/a><\/u><\/strong>, <strong><u><a href=\"https:\/\/nuggelasule.com\/pt\/oleo-de-pequi\/\" target=\"_blank\" rel=\"noopener noreferrer\">\u00d3leo de Pequi<\/a><\/u><\/strong>, <strong><u><a href=\"https:\/\/nuggelasule.com\/pt\/extrato-de-folha-de-alcachofra\/\" target=\"_blank\" rel=\"noopener noreferrer\">Extrato de Folha de Alcachofra<\/a><\/u><\/strong> e <strong><u><a href=\"https:\/\/nuggelasule.com\/pt\/aceite-de-amapola\/\" target=\"_blank\" rel=\"noopener noreferrer\">\u00d3leo de Papoila<\/a><\/u><\/strong>, ingredientes ativos que reparam e nutrem intensamente o cabelo.<\/p>\n<p><strong>M\u00c1SCARA COM FIBRAS NATURAIS E BIODEGRAD\u00c1VEIS:<\/strong><br \/>\nGra\u00e7as \u00e0s fibras naturais da <strong>Manteiga de Tucum\u00e3<\/strong>, o cabelo \u00e9 envolvido por uma camada nutritiva que suaviza, hidrata e repara intensamente. Uma alternativa natural que substitui as siliconas tradicionais, deixando o cabelo solto, leve e saud\u00e1vel.<\/p>\n<div class=\"row\"  id=\"row-958163330\">\n\n\t<div id=\"col-844889765\" class=\"col medium-6 large-6\"  >\n\t\t\t\t<div class=\"col-inner\"  >\n\t\t\t\n\t\t\t\n\n\t\t<div class=\"icon-box featured-box icon-box-center text-center\"  >\n\t\t\t\t\t<div class=\"icon-box-img\" style=\"width: 524px\">\n\t\t\t\t<div class=\"icon\">\n\t\t\t\t\t<div class=\"icon-inner\" >\n\t\t\t\t\t\t\t\t\t\t\t<\/div>\n\t\t\t\t<\/div>\n\t\t\t<\/div>\n\t\t\t\t<div class=\"icon-box-text last-reset\">\n\t\t\t\t\t\t\t\t\t\n\t<div class=\"img has-hover x md-x lg-x y md-y lg-y\" id=\"image_1014988883\">\n\t\t\t\t\t\t\t\t<div class=\"img-inner dark\" >\n\t\t\t<img loading=\"lazy\" decoding=\"async\" width=\"1020\" height=\"1020\" src=\"https:\/\/nuggelasule.com\/wp-content\/uploads\/2016\/11\/TUCUMA-HAIR-MASK-DETAIL-1024x1024.jpg\" class=\"attachment-large size-large\" alt=\"\" srcset=\"https:\/\/nuggelasule.com\/wp-content\/uploads\/2016\/11\/TUCUMA-HAIR-MASK-DETAIL-1024x1024.jpg 1024w, https:\/\/nuggelasule.com\/wp-content\/uploads\/2016\/11\/TUCUMA-HAIR-MASK-DETAIL-300x300.jpg 300w, https:\/\/nuggelasule.com\/wp-content\/uploads\/2016\/11\/TUCUMA-HAIR-MASK-DETAIL-122x122.jpg 122w, https:\/\/nuggelasule.com\/wp-content\/uploads\/2016\/11\/TUCUMA-HAIR-MASK-DETAIL-768x768.jpg 768w, https:\/\/nuggelasule.com\/wp-content\/uploads\/2016\/11\/TUCUMA-HAIR-MASK-DETAIL-450x450.jpg 450w, https:\/\/nuggelasule.com\/wp-content\/uploads\/2016\/11\/TUCUMA-HAIR-MASK-DETAIL-510x510.jpg 510w, https:\/\/nuggelasule.com\/wp-content\/uploads\/2016\/11\/TUCUMA-HAIR-MASK-DETAIL-100x100.jpg 100w, https:\/\/nuggelasule.com\/wp-content\/uploads\/2016\/11\/TUCUMA-HAIR-MASK-DETAIL-32x32.jpg 32w, https:\/\/nuggelasule.com\/wp-content\/uploads\/2016\/11\/TUCUMA-HAIR-MASK-DETAIL-60x60.jpg 60w, https:\/\/nuggelasule.com\/wp-content\/uploads\/2016\/11\/TUCUMA-HAIR-MASK-DETAIL-90x90.jpg 90w, https:\/\/nuggelasule.com\/wp-content\/uploads\/2016\/11\/TUCUMA-HAIR-MASK-DETAIL.jpg 1080w\" sizes=\"auto, (max-width: 1020px) 100vw, 1020px\" \/>\t\t\t\t\t\t\n\t\t\t\t\t<\/div>\n\t\t\t\t\t\t\t\t\n<style>\n#image_1014988883 {\n  width: 100%;\n}\n<\/style>\n\t<\/div>\n\t\n\t\t<\/div>\n\t<\/div>\n\t\n\t\n\t\t<\/div>\n\t\t\t\t\t<\/div>\n\n\t\n\n\t<div id=\"col-916487752\" class=\"col medium-6 large-6\"  >\n\t\t\t\t<div class=\"col-inner\"  >\n\t\t\t\n\t\t\t\n\n\t\t<div class=\"icon-box featured-box icon-box-center text-center\"  >\n\t\t\t\t<div class=\"icon-box-text last-reset\">\n\t\t\t\t\t\t\t\t\t\n\t<div class=\"img has-hover x md-x lg-x y md-y lg-y\" id=\"image_892961810\">\n\t\t\t\t\t\t\t\t<div class=\"img-inner dark\" >\n\t\t\t<img loading=\"lazy\" decoding=\"async\" width=\"1020\" height=\"1020\" src=\"https:\/\/nuggelasule.com\/wp-content\/uploads\/2016\/11\/TUCUMA-PT-1024x1024.jpg\" class=\"attachment-large size-large\" alt=\"\" srcset=\"https:\/\/nuggelasule.com\/wp-content\/uploads\/2016\/11\/TUCUMA-PT-1024x1024.jpg 1024w, https:\/\/nuggelasule.com\/wp-content\/uploads\/2016\/11\/TUCUMA-PT-300x300.jpg 300w, https:\/\/nuggelasule.com\/wp-content\/uploads\/2016\/11\/TUCUMA-PT-122x122.jpg 122w, https:\/\/nuggelasule.com\/wp-content\/uploads\/2016\/11\/TUCUMA-PT-768x768.jpg 768w, https:\/\/nuggelasule.com\/wp-content\/uploads\/2016\/11\/TUCUMA-PT-1536x1536.jpg 1536w, https:\/\/nuggelasule.com\/wp-content\/uploads\/2016\/11\/TUCUMA-PT-2048x2048.jpg 2048w, https:\/\/nuggelasule.com\/wp-content\/uploads\/2016\/11\/TUCUMA-PT-450x450.jpg 450w, https:\/\/nuggelasule.com\/wp-content\/uploads\/2016\/11\/TUCUMA-PT-510x510.jpg 510w, https:\/\/nuggelasule.com\/wp-content\/uploads\/2016\/11\/TUCUMA-PT-100x100.jpg 100w, https:\/\/nuggelasule.com\/wp-content\/uploads\/2016\/11\/TUCUMA-PT-32x32.jpg 32w, https:\/\/nuggelasule.com\/wp-content\/uploads\/2016\/11\/TUCUMA-PT-60x60.jpg 60w, https:\/\/nuggelasule.com\/wp-content\/uploads\/2016\/11\/TUCUMA-PT-90x90.jpg 90w\" sizes=\"auto, (max-width: 1020px) 100vw, 1020px\" \/>\t\t\t\t\t\t\n\t\t\t\t\t<\/div>\n\t\t\t\t\t\t\t\t\n<style>\n#image_892961810 {\n  width: 100%;\n}\n<\/style>\n\t<\/div>\n\t\n\t\t<\/div>\n\t<\/div>\n\t\n\t\n\t\t<\/div>\n\t\t\t\t\t<\/div>\n\n\t\n<\/div>\n<div class=\"row\"><div class=\" col medium-6 small-12 large-6\"><div class=\"col  beneficios\"><p class=\"title_charasteritcs\">BENEF\u00cdCIOS<\/p><p class=\"description_charasteritcs\">\u00b7 Nutri\u00e7\u00e3o intensa<br \/>\r\n\u00b7 Repara\u00e7\u00e3o imediata<br \/>\r\n\u00b7 Restaura o brilho<br \/>\r\n\u00b7 Repara o cabelo danificado<br \/>\r\n\u00b7 Controla o frisado<br \/>\r\n\u00b7 Efeito antioxidante<\/p><\/div><\/div><div class=\" col medium-6 small-12 large-6\"><div class=\"col indications \"><p class=\"title_charasteritcs\">INDICA\u00c7\u00d5ES<\/p><p class=\"description_charasteritcs\">\u00b7 Indicado para cabelos danificados, secos e desidratados<br \/>\r\n\u00b7 Recomenda-se aplicar uma vez por semana. Duas vezes em cabelos muito secos<br \/>\r\n\u00b7 Adequado para cabelos encaracolados<br \/>\r\n\u00b7 Produto vegano<br \/>\r\n\u00b7 Dermatologicamente testado<\/p><\/div><\/div><\/div>\n<h3><span style=\"color: #282828;\"><strong>INSTRU\u00c7\u00d5ES DE USO:<\/strong><\/span><\/h3>\n<ol>\n<li>Aplicar ap\u00f3s a lavagem do cabelo e retirar o excesso de \u00e1gua com uma toalha.<br \/>\nUsar uma noz de produto e aplicar do meio at\u00e9 \u00e0s pontas. Massajar durante alguns minutos<\/li>\n<li>Deixar atuar entre 5 a 15 minutos<\/li>\n<li>Enxaguar abundantemente com \u00e1gua at\u00e9 eliminar completamente o produto<\/li>\n<\/ol>\n<p><img loading=\"lazy\" decoding=\"async\" class=\"aligncenter wp-image-13380\" src=\"https:\/\/nuggelasule.com\/wp-content\/uploads\/2025\/04\/TUCUMA-INSTRUCTIONS-OF-USE.png\" alt=\"modo de uso south beach\" width=\"800\" height=\"235\" \/><\/p>\n<p><span style=\"color: #333333;\"><strong>DICA:<\/strong><\/span> Para uma nutri\u00e7\u00e3o intensa, deixar atuar durante toda a noite.<\/p>\n<div class=\"video video-fit mb\" style=\"padding-top:70%;\"><p><iframe loading=\"lazy\" title=\"Tucuma Hair mask video web\" src=\"https:\/\/player.vimeo.com\/video\/988279573?dnt=1&amp;app_id=122963\" width=\"1000\" height=\"1000\" frameborder=\"0\" allow=\"autoplay; fullscreen; picture-in-picture; clipboard-write\"><\/iframe><\/p>\n<\/div>\n<div class=\"row\"  id=\"row-1261785892\">\n\n\t<div id=\"col-1284583198\" class=\"col small-12 large-12\"  >\n\t\t\t\t<div class=\"col-inner\"  >\n\t\t\t\n\t\t\t\n<h3><span style=\"color: #282828;\"><strong>PRINCIPAIS INGREDIENTES ATIVOS:<\/strong><\/span><\/h3>\n<div class=\"row\"  id=\"row-1717836730\">\n\n\t<div id=\"col-880201677\" class=\"col medium-4 large-4\"  >\n\t\t\t\t<div class=\"col-inner\"  >\n\t\t\t\n\t\t\t\n\n\t\t<div class=\"icon-box featured-box icon-box-center text-center\"  >\n\t\t\t\t\t<div class=\"icon-box-img\" style=\"width: 303px\">\n\t\t\t\t<div class=\"icon\">\n\t\t\t\t\t<div class=\"icon-inner\" >\n\t\t\t\t\t\t<img loading=\"lazy\" decoding=\"async\" width=\"300\" height=\"300\" src=\"https:\/\/nuggelasule.com\/wp-content\/uploads\/2021\/03\/manteca-tucuma-1.jpg\" class=\"attachment-medium size-medium\" alt=\"\" srcset=\"https:\/\/nuggelasule.com\/wp-content\/uploads\/2021\/03\/manteca-tucuma-1.jpg 500w, https:\/\/nuggelasule.com\/wp-content\/uploads\/2021\/03\/manteca-tucuma-1-450x450.jpg 450w, https:\/\/nuggelasule.com\/wp-content\/uploads\/2021\/03\/manteca-tucuma-1-100x100.jpg 100w\" sizes=\"auto, (max-width: 300px) 100vw, 300px\" \/>\t\t\t\t\t<\/div>\n\t\t\t\t<\/div>\n\t\t\t<\/div>\n\t\t\t\t<div class=\"icon-box-text last-reset\">\n\t\t\t<h5 class=\"uppercase\">MANTEIGA DE TUCUM\u00c3<\/h5>\t\t\t\t\t\t\n<p>Extra\u00edda da fruta do palmeira, \u00e9 um dos grandes avan\u00e7os na pesquisa cosm\u00e9tica, uma vez que \u00e9 uma alternativa 100% natural, limpa e eficiente aos silicones. A Manteiga de Tucum\u00e3 \u00e9 rica em \u00e1cidos graxos (\u00e1cido l\u00e1urico e este\u00e1rico) e tem um alto complexo vitam\u00ednico, como a vitamina E.<\/p>\n\t\t<\/div>\n\t<\/div>\n\t\n\t\n\t\t<\/div>\n\t\t\t\t\t<\/div>\n\n\t\n\n\t<div id=\"col-1448818193\" class=\"col medium-4 large-4\"  >\n\t\t\t\t<div class=\"col-inner\"  >\n\t\t\t\n\t\t\t\n\n\t\t<div class=\"icon-box featured-box icon-box-center text-center\"  >\n\t\t\t\t\t<div class=\"icon-box-img\" style=\"width: 303px\">\n\t\t\t\t<div class=\"icon\">\n\t\t\t\t\t<div class=\"icon-inner\" >\n\t\t\t\t\t\t<img loading=\"lazy\" decoding=\"async\" width=\"300\" height=\"300\" src=\"https:\/\/nuggelasule.com\/wp-content\/uploads\/2021\/03\/aceite-pequi.jpg\" class=\"attachment-medium size-medium\" alt=\"\" srcset=\"https:\/\/nuggelasule.com\/wp-content\/uploads\/2021\/03\/aceite-pequi.jpg 500w, https:\/\/nuggelasule.com\/wp-content\/uploads\/2021\/03\/aceite-pequi-450x450.jpg 450w, https:\/\/nuggelasule.com\/wp-content\/uploads\/2021\/03\/aceite-pequi-100x100.jpg 100w\" sizes=\"auto, (max-width: 300px) 100vw, 300px\" \/>\t\t\t\t\t<\/div>\n\t\t\t\t<\/div>\n\t\t\t<\/div>\n\t\t\t\t<div class=\"icon-box-text last-reset\">\n\t\t\t<h5 class=\"uppercase\">\u00d3LEO DE PEQUI<\/h5>\t\t\t\t\t\t\n<p>Fruto da bacia amaz\u00f4nica, do qual se extrai um \u00f3leo utilizado no Brasil com propriedades excepcionais para controlar o frizz do cabelo. Rico em pot\u00e1ssio, antioxidantes, \u00e1cidos graxos essenciais e vitaminas. In\u00fameros estudos t\u00eam mostrado sua poderosa capacidade de controlar o frizz do cabelo.<\/p>\n\t\t<\/div>\n\t<\/div>\n\t\n\t\n\t\t<\/div>\n\t\t\t\t\t<\/div>\n\n\t\n\n\t<div id=\"col-1776493312\" class=\"col medium-4 large-4\"  >\n\t\t\t\t<div class=\"col-inner\"  >\n\t\t\t\n\t\t\t\n\n\t\t<div class=\"icon-box featured-box icon-box-center text-center\"  >\n\t\t\t\t\t<div class=\"icon-box-img\" style=\"width: 303px\">\n\t\t\t\t<div class=\"icon\">\n\t\t\t\t\t<div class=\"icon-inner\" >\n\t\t\t\t\t\t<img loading=\"lazy\" decoding=\"async\" width=\"300\" height=\"300\" src=\"https:\/\/nuggelasule.com\/wp-content\/uploads\/2021\/03\/aceite-semilla-amapola.jpg\" class=\"attachment-medium size-medium\" alt=\"\" srcset=\"https:\/\/nuggelasule.com\/wp-content\/uploads\/2021\/03\/aceite-semilla-amapola.jpg 500w, https:\/\/nuggelasule.com\/wp-content\/uploads\/2021\/03\/aceite-semilla-amapola-450x450.jpg 450w, https:\/\/nuggelasule.com\/wp-content\/uploads\/2021\/03\/aceite-semilla-amapola-100x100.jpg 100w\" sizes=\"auto, (max-width: 300px) 100vw, 300px\" \/>\t\t\t\t\t<\/div>\n\t\t\t\t<\/div>\n\t\t\t<\/div>\n\t\t\t\t<div class=\"icon-box-text last-reset\">\n\t\t\t<h5 class=\"uppercase\">\u00d3LEO DE PAPOILA<\/h5>\t\t\t\t\t\t\n<p>\u00d3leo extra\u00eddo da semente da papoila por prensagem a frio para reter 100% de seus nutrientes. Este \u00f3leo natural \u00e9 uma \u00f3tima fonte de \u00e1cidos graxos, vitaminas B e possui um conte\u00fado significativo de ester\u00f3is. \u00c9 um \u00f3leo especialmente eficaz para reparar as \u00e1reas mais danificadas do cabelo, como as pontas.<\/p>\n\t\t<\/div>\n\t<\/div>\n\t\n\t\n\t\t<\/div>\n\t\t\t\t\t<\/div>\n\n\t\n<\/div>\n\t\t<\/div>\n\t\t\t\t\t<\/div>\n\n\t\n<\/div>\n","protected":false},"excerpt":{"rendered":"<hr size=\"4\" \/>\n<p>M\u00e1scara capilar que cont\u00e9m fibras naturais da manteiga de tucum\u00e3, que atuam como uma pel\u00edcula envolvente para suavizar, hidratar e reparar o cabelo<\/p>\n","protected":false},"featured_media":22205,"comment_status":"closed","ping_status":"closed","template":"","meta":{"_acf_changed":false,"_iconic_wsb_product_page_order_bump_ids":[[]],"_sku":[],"_iconic_wsb_product_page_bump_modal_ids":[[]]},"product_brand":[],"product_cat":[245,244],"product_tag":[248,249],"class_list":{"0":"post-19165","1":"product","2":"type-product","3":"status-publish","4":"has-post-thumbnail","6":"product_cat-condicionadores-outros-pt","7":"product_cat-todos-pt","8":"product_tag-cabellos-secos-pt","9":"product_tag-hidratacion-pt","11":"first","12":"instock","13":"taxable","14":"shipping-taxable","15":"purchasable","16":"product-type-simple"},"acf":[],"yoast_head":"<!-- This site is optimized with the Yoast SEO plugin v27.0 - https:\/\/yoast.com\/product\/yoast-seo-wordpress\/ -->\n<title>Tucuma Hair Mask - Nuggela &amp; Sul\u00e9<\/title>\n<meta name=\"description\" content=\"Manteiga Intensa e Nutritiva. Com aromas tropicais intensos, ela proporciona uma nutri\u00e7\u00e3o profunda\" \/>\n<meta name=\"robots\" content=\"index, follow, max-snippet:-1, max-image-preview:large, max-video-preview:-1\" \/>\n<link rel=\"canonical\" href=\"https:\/\/nuggelasule.com\/pt\/producto\/tucuma-hair-mask-mascara-capilar-manteiga-de-tucuma-fios-naturais-nuggela-sule-nutricao-reparacao-brilho\/\" \/>\n<meta property=\"og:locale\" content=\"pt_PT\" \/>\n<meta property=\"og:type\" content=\"article\" \/>\n<meta property=\"og:title\" content=\"Tucuma Hair Mask - Nuggela &amp; Sul\u00e9\" \/>\n<meta property=\"og:description\" content=\"Manteiga Intensa e Nutritiva. Com aromas tropicais intensos, ela proporciona uma nutri\u00e7\u00e3o profunda\" \/>\n<meta property=\"og:url\" content=\"https:\/\/nuggelasule.com\/pt\/producto\/tucuma-hair-mask-mascara-capilar-manteiga-de-tucuma-fios-naturais-nuggela-sule-nutricao-reparacao-brilho\/\" \/>\n<meta property=\"og:site_name\" content=\"Nuggela &amp; Sul\u00e9\" \/>\n<meta property=\"article:publisher\" content=\"https:\/\/www.facebook.com\/nuggelasule\/\" \/>\n<meta property=\"article:modified_time\" content=\"2026-04-16T14:48:25+00:00\" \/>\n<meta property=\"og:image\" content=\"https:\/\/nuggelasule.com\/wp-content\/uploads\/2016\/11\/8437014761634_1_Tucuma-Hair-Mask.jpg\" \/>\n\t<meta property=\"og:image:width\" content=\"1800\" \/>\n\t<meta property=\"og:image:height\" content=\"1800\" \/>\n\t<meta property=\"og:image:type\" content=\"image\/jpeg\" \/>\n<meta name=\"twitter:card\" content=\"summary_large_image\" \/>\n<meta name=\"twitter:site\" content=\"@nuggelasule\" \/>\n<meta name=\"twitter:label1\" content=\"Est. reading time\" \/>\n\t<meta name=\"twitter:data1\" content=\"3 minutes\" \/>\n<script type=\"application\/ld+json\" class=\"yoast-schema-graph\">{\"@context\":\"https:\/\/schema.org\",\"@graph\":[{\"@type\":\"WebPage\",\"@id\":\"https:\/\/nuggelasule.com\/pt\/producto\/tucuma-hair-mask-mascara-capilar-manteiga-de-tucuma-fios-naturais-nuggela-sule-nutricao-reparacao-brilho\/\",\"url\":\"https:\/\/nuggelasule.com\/pt\/producto\/tucuma-hair-mask-mascara-capilar-manteiga-de-tucuma-fios-naturais-nuggela-sule-nutricao-reparacao-brilho\/\",\"name\":\"Tucuma Hair Mask - Nuggela &amp; Sul\u00e9\",\"isPartOf\":{\"@id\":\"https:\/\/nuggelasule.com\/#website\"},\"primaryImageOfPage\":{\"@id\":\"https:\/\/nuggelasule.com\/pt\/producto\/tucuma-hair-mask-mascara-capilar-manteiga-de-tucuma-fios-naturais-nuggela-sule-nutricao-reparacao-brilho\/#primaryimage\"},\"image\":{\"@id\":\"https:\/\/nuggelasule.com\/pt\/producto\/tucuma-hair-mask-mascara-capilar-manteiga-de-tucuma-fios-naturais-nuggela-sule-nutricao-reparacao-brilho\/#primaryimage\"},\"thumbnailUrl\":\"https:\/\/nuggelasule.com\/wp-content\/uploads\/2016\/11\/8437014761634_1_Tucuma-Hair-Mask.jpg\",\"datePublished\":\"2016-11-07T16:04:38+00:00\",\"dateModified\":\"2026-04-16T14:48:25+00:00\",\"description\":\"Manteiga Intensa e Nutritiva. Com aromas tropicais intensos, ela proporciona uma nutri\u00e7\u00e3o profunda\",\"breadcrumb\":{\"@id\":\"https:\/\/nuggelasule.com\/pt\/producto\/tucuma-hair-mask-mascara-capilar-manteiga-de-tucuma-fios-naturais-nuggela-sule-nutricao-reparacao-brilho\/#breadcrumb\"},\"inLanguage\":\"pt\",\"potentialAction\":[{\"@type\":\"ReadAction\",\"target\":[\"https:\/\/nuggelasule.com\/pt\/producto\/tucuma-hair-mask-mascara-capilar-manteiga-de-tucuma-fios-naturais-nuggela-sule-nutricao-reparacao-brilho\/\"]}]},{\"@type\":\"ImageObject\",\"inLanguage\":\"pt\",\"@id\":\"https:\/\/nuggelasule.com\/pt\/producto\/tucuma-hair-mask-mascara-capilar-manteiga-de-tucuma-fios-naturais-nuggela-sule-nutricao-reparacao-brilho\/#primaryimage\",\"url\":\"https:\/\/nuggelasule.com\/wp-content\/uploads\/2016\/11\/8437014761634_1_Tucuma-Hair-Mask.jpg\",\"contentUrl\":\"https:\/\/nuggelasule.com\/wp-content\/uploads\/2016\/11\/8437014761634_1_Tucuma-Hair-Mask.jpg\",\"width\":1800,\"height\":1800},{\"@type\":\"BreadcrumbList\",\"@id\":\"https:\/\/nuggelasule.com\/pt\/producto\/tucuma-hair-mask-mascara-capilar-manteiga-de-tucuma-fios-naturais-nuggela-sule-nutricao-reparacao-brilho\/#breadcrumb\",\"itemListElement\":[{\"@type\":\"ListItem\",\"position\":1,\"name\":\"Portada\",\"item\":\"https:\/\/nuggelasule.com\/pt\/\"},{\"@type\":\"ListItem\",\"position\":2,\"name\":\"Tienda\",\"item\":\"https:\/\/nuggelasule.com\/pt\/tienda\/\"},{\"@type\":\"ListItem\",\"position\":3,\"name\":\"Tucuma Hair Mask\"}]},{\"@type\":\"WebSite\",\"@id\":\"https:\/\/nuggelasule.com\/#website\",\"url\":\"https:\/\/nuggelasule.com\/\",\"name\":\"Nuggela &amp; Sul\u00e9\",\"description\":\"Los mejores productos para la salud y belleza del cabello\",\"publisher\":{\"@id\":\"https:\/\/nuggelasule.com\/#organization\"},\"potentialAction\":[{\"@type\":\"SearchAction\",\"target\":{\"@type\":\"EntryPoint\",\"urlTemplate\":\"https:\/\/nuggelasule.com\/?s={search_term_string}\"},\"query-input\":{\"@type\":\"PropertyValueSpecification\",\"valueRequired\":true,\"valueName\":\"search_term_string\"}}],\"inLanguage\":\"pt\"},{\"@type\":\"Organization\",\"@id\":\"https:\/\/nuggelasule.com\/#organization\",\"name\":\"Nuggela&Sul\u00e9 S.L.\",\"url\":\"https:\/\/nuggelasule.com\/\",\"logo\":{\"@type\":\"ImageObject\",\"inLanguage\":\"pt\",\"@id\":\"https:\/\/nuggelasule.com\/#\/schema\/logo\/image\/\",\"url\":\"\",\"contentUrl\":\"\",\"caption\":\"Nuggela&Sul\u00e9 S.L.\"},\"image\":{\"@id\":\"https:\/\/nuggelasule.com\/#\/schema\/logo\/image\/\"},\"sameAs\":[\"https:\/\/www.facebook.com\/nuggelasule\/\",\"https:\/\/x.com\/nuggelasule\",\"https:\/\/www.instagram.com\/nuggela_sule\/\",\"https:\/\/www.linkedin.com\/company\/9406545\",\"https:\/\/www.youtube.com\/channel\/UCP-uGf_c8i2FI4TXfhffEKw\"]}]}<\/script>\n<!-- \/ Yoast SEO plugin. -->","yoast_head_json":{"title":"Tucuma Hair Mask - Nuggela &amp; Sul\u00e9","description":"Manteiga Intensa e Nutritiva. Com aromas tropicais intensos, ela proporciona uma nutri\u00e7\u00e3o profunda","robots":{"index":"index","follow":"follow","max-snippet":"max-snippet:-1","max-image-preview":"max-image-preview:large","max-video-preview":"max-video-preview:-1"},"canonical":"https:\/\/nuggelasule.com\/pt\/producto\/tucuma-hair-mask-mascara-capilar-manteiga-de-tucuma-fios-naturais-nuggela-sule-nutricao-reparacao-brilho\/","og_locale":"pt_PT","og_type":"article","og_title":"Tucuma Hair Mask - Nuggela &amp; Sul\u00e9","og_description":"Manteiga Intensa e Nutritiva. Com aromas tropicais intensos, ela proporciona uma nutri\u00e7\u00e3o profunda","og_url":"https:\/\/nuggelasule.com\/pt\/producto\/tucuma-hair-mask-mascara-capilar-manteiga-de-tucuma-fios-naturais-nuggela-sule-nutricao-reparacao-brilho\/","og_site_name":"Nuggela &amp; Sul\u00e9","article_publisher":"https:\/\/www.facebook.com\/nuggelasule\/","article_modified_time":"2026-04-16T14:48:25+00:00","og_image":[{"width":1800,"height":1800,"url":"https:\/\/nuggelasule.com\/wp-content\/uploads\/2016\/11\/8437014761634_1_Tucuma-Hair-Mask.jpg","type":"image\/jpeg"}],"twitter_card":"summary_large_image","twitter_site":"@nuggelasule","twitter_misc":{"Est. reading time":"3 minutes"},"schema":{"@context":"https:\/\/schema.org","@graph":[{"@type":"WebPage","@id":"https:\/\/nuggelasule.com\/pt\/producto\/tucuma-hair-mask-mascara-capilar-manteiga-de-tucuma-fios-naturais-nuggela-sule-nutricao-reparacao-brilho\/","url":"https:\/\/nuggelasule.com\/pt\/producto\/tucuma-hair-mask-mascara-capilar-manteiga-de-tucuma-fios-naturais-nuggela-sule-nutricao-reparacao-brilho\/","name":"Tucuma Hair Mask - Nuggela &amp; Sul\u00e9","isPartOf":{"@id":"https:\/\/nuggelasule.com\/#website"},"primaryImageOfPage":{"@id":"https:\/\/nuggelasule.com\/pt\/producto\/tucuma-hair-mask-mascara-capilar-manteiga-de-tucuma-fios-naturais-nuggela-sule-nutricao-reparacao-brilho\/#primaryimage"},"image":{"@id":"https:\/\/nuggelasule.com\/pt\/producto\/tucuma-hair-mask-mascara-capilar-manteiga-de-tucuma-fios-naturais-nuggela-sule-nutricao-reparacao-brilho\/#primaryimage"},"thumbnailUrl":"https:\/\/nuggelasule.com\/wp-content\/uploads\/2016\/11\/8437014761634_1_Tucuma-Hair-Mask.jpg","datePublished":"2016-11-07T16:04:38+00:00","dateModified":"2026-04-16T14:48:25+00:00","description":"Manteiga Intensa e Nutritiva. Com aromas tropicais intensos, ela proporciona uma nutri\u00e7\u00e3o profunda","breadcrumb":{"@id":"https:\/\/nuggelasule.com\/pt\/producto\/tucuma-hair-mask-mascara-capilar-manteiga-de-tucuma-fios-naturais-nuggela-sule-nutricao-reparacao-brilho\/#breadcrumb"},"inLanguage":"pt","potentialAction":[{"@type":"ReadAction","target":["https:\/\/nuggelasule.com\/pt\/producto\/tucuma-hair-mask-mascara-capilar-manteiga-de-tucuma-fios-naturais-nuggela-sule-nutricao-reparacao-brilho\/"]}]},{"@type":"ImageObject","inLanguage":"pt","@id":"https:\/\/nuggelasule.com\/pt\/producto\/tucuma-hair-mask-mascara-capilar-manteiga-de-tucuma-fios-naturais-nuggela-sule-nutricao-reparacao-brilho\/#primaryimage","url":"https:\/\/nuggelasule.com\/wp-content\/uploads\/2016\/11\/8437014761634_1_Tucuma-Hair-Mask.jpg","contentUrl":"https:\/\/nuggelasule.com\/wp-content\/uploads\/2016\/11\/8437014761634_1_Tucuma-Hair-Mask.jpg","width":1800,"height":1800},{"@type":"BreadcrumbList","@id":"https:\/\/nuggelasule.com\/pt\/producto\/tucuma-hair-mask-mascara-capilar-manteiga-de-tucuma-fios-naturais-nuggela-sule-nutricao-reparacao-brilho\/#breadcrumb","itemListElement":[{"@type":"ListItem","position":1,"name":"Portada","item":"https:\/\/nuggelasule.com\/pt\/"},{"@type":"ListItem","position":2,"name":"Tienda","item":"https:\/\/nuggelasule.com\/pt\/tienda\/"},{"@type":"ListItem","position":3,"name":"Tucuma Hair Mask"}]},{"@type":"WebSite","@id":"https:\/\/nuggelasule.com\/#website","url":"https:\/\/nuggelasule.com\/","name":"Nuggela &amp; Sul\u00e9","description":"Los mejores productos para la salud y belleza del cabello","publisher":{"@id":"https:\/\/nuggelasule.com\/#organization"},"potentialAction":[{"@type":"SearchAction","target":{"@type":"EntryPoint","urlTemplate":"https:\/\/nuggelasule.com\/?s={search_term_string}"},"query-input":{"@type":"PropertyValueSpecification","valueRequired":true,"valueName":"search_term_string"}}],"inLanguage":"pt"},{"@type":"Organization","@id":"https:\/\/nuggelasule.com\/#organization","name":"Nuggela&Sul\u00e9 S.L.","url":"https:\/\/nuggelasule.com\/","logo":{"@type":"ImageObject","inLanguage":"pt","@id":"https:\/\/nuggelasule.com\/#\/schema\/logo\/image\/","url":"","contentUrl":"","caption":"Nuggela&Sul\u00e9 S.L."},"image":{"@id":"https:\/\/nuggelasule.com\/#\/schema\/logo\/image\/"},"sameAs":["https:\/\/www.facebook.com\/nuggelasule\/","https:\/\/x.com\/nuggelasule","https:\/\/www.instagram.com\/nuggela_sule\/","https:\/\/www.linkedin.com\/company\/9406545","https:\/\/www.youtube.com\/channel\/UCP-uGf_c8i2FI4TXfhffEKw"]}]}},"_links":{"self":[{"href":"https:\/\/nuggelasule.com\/pt\/wp-json\/wp\/v2\/product\/19165","targetHints":{"allow":["GET"]}}],"collection":[{"href":"https:\/\/nuggelasule.com\/pt\/wp-json\/wp\/v2\/product"}],"about":[{"href":"https:\/\/nuggelasule.com\/pt\/wp-json\/wp\/v2\/types\/product"}],"replies":[{"embeddable":true,"href":"https:\/\/nuggelasule.com\/pt\/wp-json\/wp\/v2\/comments?post=19165"}],"wp:featuredmedia":[{"embeddable":true,"href":"https:\/\/nuggelasule.com\/pt\/wp-json\/wp\/v2\/media\/22205"}],"wp:attachment":[{"href":"https:\/\/nuggelasule.com\/pt\/wp-json\/wp\/v2\/media?parent=19165"}],"wp:term":[{"taxonomy":"product_brand","embeddable":true,"href":"https:\/\/nuggelasule.com\/pt\/wp-json\/wp\/v2\/product_brand?post=19165"},{"taxonomy":"product_cat","embeddable":true,"href":"https:\/\/nuggelasule.com\/pt\/wp-json\/wp\/v2\/product_cat?post=19165"},{"taxonomy":"product_tag","embeddable":true,"href":"https:\/\/nuggelasule.com\/pt\/wp-json\/wp\/v2\/product_tag?post=19165"}],"curies":[{"name":"wp","href":"https:\/\/api.w.org\/{rel}","templated":true}]},"billing":{"billing_DNI":""}}