{"id":19154,"date":"2016-11-08T19:45:37","date_gmt":"2016-11-08T18:45:37","guid":{"rendered":"https:\/\/nuggelasule.com\/producto\/supracondicionador-imperial-nuggela-sule-250-ml\/"},"modified":"2026-04-16T16:34:55","modified_gmt":"2026-04-16T14:34:55","slug":"condicionador-hidratante-extrato-cebola-accao-anti-queda-nuggela-sule-250-ml","status":"publish","type":"product","link":"https:\/\/nuggelasule.com\/pt\/producto\/condicionador-hidratante-extrato-cebola-accao-anti-queda-nuggela-sule-250-ml\/","title":{"rendered":"Condicionador Hidratante"},"content":{"rendered":"<h1><span style=\"color: #282828;\">Condicionador Hidratante da Nuggela &amp; Sul\u00e9<\/span><\/h1>\n<h4><span style=\"color: #282828;\"><strong>2-3 MINUTOS EXTRA DE TRATAMENTO CAPILAR<\/strong><\/span><\/h4>\n<p>O <strong>Condicionador Hidratante para homens e mulheres<\/strong> \u00e9 uma f\u00f3rmula \u00fanica com extratos naturais e vitaminas, capaz de fortalecer o cabelo da raiz \u00e0s pontas enquanto o hidrata e suaviza. Combina a\u00e7\u00e3o terap\u00eautica e est\u00e9tica, fornecendo nutrientes ao fol\u00edculo piloso para o fortalecer, ao mesmo tempo que protege, nutre e melhora o brilho do cabelo da raiz \u00e0s pontas.<\/p>\n<p>Com\u00a0<strong><u><a href=\"https:\/\/nuggelasule.com\/pt\/secreto-cebolla\/\" target=\"_blank\" rel=\"noopener noreferrer\">Extrato de Cebola Roxa<\/a><\/u><\/strong>, <strong>Cera Alba<\/strong>, e <strong><u><a href=\"https:\/\/nuggelasule.com\/pt\/glucogeno_marino\/\" target=\"_blank\" rel=\"noopener noreferrer\">Glicog\u00e9nio Marinho<\/a><\/u><\/strong>, ingredientes ativos que fortalecem, protegem as fibras de queratina do cabelo e combatem a queda capilar.<\/p>\n<p><strong>FORTALECE, NUTRE, HIDRATA E D\u00c1 BRILHO:<\/strong><br \/>\nCondicionador para homens e mulheres concebido para poder ser aplicado desde a raiz, pois n\u00e3o deixa o cabelo oleoso. A sua a\u00e7\u00e3o antioxidante fortalece e nutre o cabelo, proporcionando mais 2-3 minutos de tratamento capilar para melhorar a sua sa\u00fade e prote\u00e7\u00e3o.<\/p>\n<div class=\"row\"  id=\"row-1919210235\">\n\n\t<div id=\"col-634335663\" class=\"col medium-6 large-6\"  >\n\t\t\t\t<div class=\"col-inner\"  >\n\t\t\t\n\t\t\t\n\n\t\t<div class=\"icon-box featured-box icon-box-center text-center\"  >\n\t\t\t\t\t<div class=\"icon-box-img\" style=\"width: 524px\">\n\t\t\t\t<div class=\"icon\">\n\t\t\t\t\t<div class=\"icon-inner\" >\n\t\t\t\t\t\t\t\t\t\t\t<\/div>\n\t\t\t\t<\/div>\n\t\t\t<\/div>\n\t\t\t\t<div class=\"icon-box-text last-reset\">\n\t\t\t\t\t\t\t\t\t\n\t<div class=\"img has-hover x md-x lg-x y md-y lg-y\" id=\"image_686800207\">\n\t\t\t\t\t\t\t\t<div class=\"img-inner dark\" >\n\t\t\t<img loading=\"lazy\" decoding=\"async\" width=\"1020\" height=\"1020\" src=\"https:\/\/nuggelasule.com\/wp-content\/uploads\/2016\/11\/conditioner-couple-int-1024x1024.jpg\" class=\"attachment-large size-large\" alt=\"\" srcset=\"https:\/\/nuggelasule.com\/wp-content\/uploads\/2016\/11\/conditioner-couple-int-1024x1024.jpg 1024w, https:\/\/nuggelasule.com\/wp-content\/uploads\/2016\/11\/conditioner-couple-int-300x300.jpg 300w, https:\/\/nuggelasule.com\/wp-content\/uploads\/2016\/11\/conditioner-couple-int-122x122.jpg 122w, https:\/\/nuggelasule.com\/wp-content\/uploads\/2016\/11\/conditioner-couple-int-768x768.jpg 768w, https:\/\/nuggelasule.com\/wp-content\/uploads\/2016\/11\/conditioner-couple-int-1536x1536.jpg 1536w, https:\/\/nuggelasule.com\/wp-content\/uploads\/2016\/11\/conditioner-couple-int-2048x2048.jpg 2048w, https:\/\/nuggelasule.com\/wp-content\/uploads\/2016\/11\/conditioner-couple-int-450x450.jpg 450w, https:\/\/nuggelasule.com\/wp-content\/uploads\/2016\/11\/conditioner-couple-int-510x510.jpg 510w, https:\/\/nuggelasule.com\/wp-content\/uploads\/2016\/11\/conditioner-couple-int-100x100.jpg 100w, https:\/\/nuggelasule.com\/wp-content\/uploads\/2016\/11\/conditioner-couple-int-32x32.jpg 32w, https:\/\/nuggelasule.com\/wp-content\/uploads\/2016\/11\/conditioner-couple-int-60x60.jpg 60w, https:\/\/nuggelasule.com\/wp-content\/uploads\/2016\/11\/conditioner-couple-int-90x90.jpg 90w\" sizes=\"auto, (max-width: 1020px) 100vw, 1020px\" \/>\t\t\t\t\t\t\n\t\t\t\t\t<\/div>\n\t\t\t\t\t\t\t\t\n<style>\n#image_686800207 {\n  width: 100%;\n}\n<\/style>\n\t<\/div>\n\t\n\t\t<\/div>\n\t<\/div>\n\t\n\t\n\t\t<\/div>\n\t\t\t\t\t<\/div>\n\n\t\n\n\t<div id=\"col-334669286\" class=\"col medium-6 large-6\"  >\n\t\t\t\t<div class=\"col-inner\"  >\n\t\t\t\n\t\t\t\n\n\t\t<div class=\"icon-box featured-box icon-box-center text-center\"  >\n\t\t\t\t<div class=\"icon-box-text last-reset\">\n\t\t\t\t\t\t\t\t\t\n\t<div class=\"img has-hover x md-x lg-x y md-y lg-y\" id=\"image_1080050919\">\n\t\t\t\t\t\t\t\t<div class=\"img-inner dark\" >\n\t\t\t<img loading=\"lazy\" decoding=\"async\" width=\"1020\" height=\"1020\" src=\"https:\/\/nuggelasule.com\/wp-content\/uploads\/2016\/11\/ACONDICIONADOR-PT-V2-1024x1024.jpg\" class=\"attachment-large size-large\" alt=\"\" srcset=\"https:\/\/nuggelasule.com\/wp-content\/uploads\/2016\/11\/ACONDICIONADOR-PT-V2-1024x1024.jpg 1024w, https:\/\/nuggelasule.com\/wp-content\/uploads\/2016\/11\/ACONDICIONADOR-PT-V2-300x300.jpg 300w, https:\/\/nuggelasule.com\/wp-content\/uploads\/2016\/11\/ACONDICIONADOR-PT-V2-122x122.jpg 122w, https:\/\/nuggelasule.com\/wp-content\/uploads\/2016\/11\/ACONDICIONADOR-PT-V2-768x768.jpg 768w, https:\/\/nuggelasule.com\/wp-content\/uploads\/2016\/11\/ACONDICIONADOR-PT-V2-1536x1536.jpg 1536w, https:\/\/nuggelasule.com\/wp-content\/uploads\/2016\/11\/ACONDICIONADOR-PT-V2-2048x2048.jpg 2048w, https:\/\/nuggelasule.com\/wp-content\/uploads\/2016\/11\/ACONDICIONADOR-PT-V2-450x450.jpg 450w, https:\/\/nuggelasule.com\/wp-content\/uploads\/2016\/11\/ACONDICIONADOR-PT-V2-510x510.jpg 510w, https:\/\/nuggelasule.com\/wp-content\/uploads\/2016\/11\/ACONDICIONADOR-PT-V2-100x100.jpg 100w, https:\/\/nuggelasule.com\/wp-content\/uploads\/2016\/11\/ACONDICIONADOR-PT-V2-32x32.jpg 32w, https:\/\/nuggelasule.com\/wp-content\/uploads\/2016\/11\/ACONDICIONADOR-PT-V2-60x60.jpg 60w, https:\/\/nuggelasule.com\/wp-content\/uploads\/2016\/11\/ACONDICIONADOR-PT-V2-90x90.jpg 90w\" sizes=\"auto, (max-width: 1020px) 100vw, 1020px\" \/>\t\t\t\t\t\t\n\t\t\t\t\t<\/div>\n\t\t\t\t\t\t\t\t\n<style>\n#image_1080050919 {\n  width: 100%;\n}\n<\/style>\n\t<\/div>\n\t\n\t\t<\/div>\n\t<\/div>\n\t\n\t\n\t\t<\/div>\n\t\t\t\t\t<\/div>\n\n\t\n<\/div>\n<div class=\"row\"><div class=\" col medium-6 small-12 large-6\"><div class=\"col  beneficios\"><p class=\"title_charasteritcs\">BENEF\u00cdCIOS<\/p><p class=\"description_charasteritcs\">\u00b7 Nutre desde a raiz at\u00e9 \u00e0s pontas<br \/>\r\n\u00b7 Proporciona um brilho espetacular<br \/>\r\n\u00b7 Vitalidade e volume extra<br \/>\r\n\u00b7 Suavidade incr\u00edvel<br \/>\r\n\u00b7 A\u00e7\u00e3o antiqueda capilar<br \/>\r\n\u00b7 Fortalece o cabelo<\/p><\/div><\/div><div class=\" col medium-6 small-12 large-6\"><div class=\"col indications \"><p class=\"title_charasteritcs\">INDICA\u00c7\u00d5ES<\/p><p class=\"description_charasteritcs\">\u00b7 Apto para homens e mulheres<br \/>\r\n\u00b7 Indicado para suavizar, fortalecer e dar brilho ao cabelo<br \/>\r\n\u00b7 Tamb\u00e9m indicado para cabelo oleoso, fr\u00e1gil, opaco, seco e quebradi\u00e7o<br \/>\r\n\u00b7 Pode ser aplicado desde a raiz sem deixar o cabelo oleoso<br \/>\r\n\u00b7 Dermatologicamente testado<\/p><\/div><\/div><\/div>\n<h3><span style=\"color: #282828;\"><strong>INSTRU\u00c7\u00d5ES DE USO:<\/strong><\/span><\/h3>\n<ol>\n<li>Usar ap\u00f3s a lavagem e com o cabelo h\u00famido. Deitar o produto na palma da m\u00e3o.<\/li>\n<li>Aplicar no couro cabeludo e desde a raiz at\u00e9 \u00e0s pontas. Massajar e deixar atuar durante 2 minutos<\/li>\n<li>Enxaguar abundantemente com \u00e1gua. Secar e pentear como habitual<\/li>\n<\/ol>\n<p><img loading=\"lazy\" decoding=\"async\" class=\"aligncenter wp-image-13376\" src=\"https:\/\/nuggelasule.com\/wp-content\/uploads\/2025\/04\/CONDITIONER-INSTRUCTIONS-OF-USE.png\" alt=\"modo de uso acondicionador\" width=\"800\" height=\"235\" \/><\/p>\n<p><span style=\"font-size: 80%;\"><strong>*<\/strong>A textura e o aroma podem variar em cada frasco, uma vez que utilizamos ingredientes naturais.<\/span><\/p>\n<p><span style=\"color: #282828;\"><strong>DICA:<\/strong><\/span> Recomenda-se lavar o cabelo com a gama de champ\u00f4s da Nuggela &amp; Sul\u00e9 para potenciar os seus efeitos.<\/p>\n<div class=\"video video-fit mb\" style=\"padding-top:50%;\"><p><iframe loading=\"lazy\" title=\"ACONDICIONADOR\" src=\"https:\/\/player.vimeo.com\/video\/986387505?dnt=1&amp;app_id=122963\" width=\"1000\" height=\"1000\" frameborder=\"0\" allow=\"autoplay; fullscreen; picture-in-picture; clipboard-write\"><\/iframe><\/p>\n<\/div>\n<h3><span style=\"color: #282828;\"><strong>PRINCIPAIS INGREDIENTES ATIVOS:<\/strong><\/span><\/h3>\n<div class=\"row align-center\"  id=\"row-1351749171\">\n\n\t<div id=\"col-689754301\" class=\"col medium-4 large-4\"  >\n\t\t\t\t<div class=\"col-inner\"  >\n\t\t\t\n\t\t\t\n\n\t\t<div class=\"icon-box featured-box icon-box-center text-center\"  >\n\t\t\t\t\t<div class=\"icon-box-img\" style=\"width: 303px\">\n\t\t\t\t<div class=\"icon\">\n\t\t\t\t\t<div class=\"icon-inner\" >\n\t\t\t\t\t\t<img loading=\"lazy\" decoding=\"async\" width=\"300\" height=\"300\" src=\"https:\/\/nuggelasule.com\/wp-content\/uploads\/2021\/03\/EXTRACTO-CEBOLLA.jpg\" class=\"attachment-medium size-medium\" alt=\"\" srcset=\"https:\/\/nuggelasule.com\/wp-content\/uploads\/2021\/03\/EXTRACTO-CEBOLLA.jpg 300w, https:\/\/nuggelasule.com\/wp-content\/uploads\/2021\/03\/EXTRACTO-CEBOLLA-100x100.jpg 100w\" sizes=\"auto, (max-width: 300px) 100vw, 300px\" \/>\t\t\t\t\t<\/div>\n\t\t\t\t<\/div>\n\t\t\t<\/div>\n\t\t\t\t<div class=\"icon-box-text last-reset\">\n\t\t\t<h5 class=\"uppercase\">EXTRATO DE CEBOLA ROXA<\/h5>\t\t\t\t\t\t\n<p>O segredo por tr\u00e1s da cebola roxa ou da cebola comum se resume a dois de seus principais ingredientes ativos, a Quercetina e o Enxofre. A <strong>Quercetina<\/strong> reduz a inflama\u00e7\u00e3o do couro cabeludo e estimula o fluxo sangu\u00edneo. Assim, o cabelo \u00e9 mais e melhor nutrido. O <strong>Enxofre<\/strong> (tamb\u00e9m conhecido como o mineral da beleza), devido \u00e0s suas propriedades antiss\u00e9pticas, elimina fungos, bact\u00e9rias e o excesso de sebo. Ele ajuda a alcan\u00e7ar uma limpeza altamente eficiente, tornando-o altamente recomendado para cabelos oleosos.<\/p>\n\t\t<\/div>\n\t<\/div>\n\t\n\t\n\t\t<\/div>\n\t\t\t\t\t<\/div>\n\n\t\n\n\t<div id=\"col-1233287989\" class=\"col medium-4 large-4\"  >\n\t\t\t\t<div class=\"col-inner\"  >\n\t\t\t\n\t\t\t\n\n\t\t<div class=\"icon-box featured-box icon-box-center text-center\"  >\n\t\t\t\t\t<div class=\"icon-box-img\" style=\"width: 303px\">\n\t\t\t\t<div class=\"icon\">\n\t\t\t\t\t<div class=\"icon-inner\" >\n\t\t\t\t\t\t<img loading=\"lazy\" decoding=\"async\" width=\"300\" height=\"300\" src=\"https:\/\/nuggelasule.com\/wp-content\/uploads\/2021\/03\/GLUCOGENO.jpg\" class=\"attachment-medium size-medium\" alt=\"\" srcset=\"https:\/\/nuggelasule.com\/wp-content\/uploads\/2021\/03\/GLUCOGENO.jpg 300w, https:\/\/nuggelasule.com\/wp-content\/uploads\/2021\/03\/GLUCOGENO-100x100.jpg 100w\" sizes=\"auto, (max-width: 300px) 100vw, 300px\" \/>\t\t\t\t\t<\/div>\n\t\t\t\t<\/div>\n\t\t\t<\/div>\n\t\t\t\t<div class=\"icon-box-text last-reset\">\n\t\t\t<h5 class=\"uppercase\">GLICOG\u00c9NIO MARINHO<\/h5>\t\t\t\t\t\t\n<p>(Glycoenergizer Hair). O Glicog\u00e9nio Marinho, extra\u00eddo das membranas dos moluscos, \u00e9 uma das fontes de energia mais poderosas da natureza. Quando aplicado ao cabelo, fornece uma dose extra de glicog\u00eanio que fortalece e revitaliza o cabelo, prevenindo a perda de cabelo e o envelhecimento. Este ingrediente \u00e9 particularmente eficaz no fortalecimento de cabelos fr\u00e1geis e quebradi\u00e7os.<\/p>\n\t\t<\/div>\n\t<\/div>\n\t\n\t\n\t\t<\/div>\n\t\t\t\t\t<\/div>\n\n\t\n\n\t<div id=\"col-1361445384\" class=\"col medium-4 large-4\"  >\n\t\t\t\t<div class=\"col-inner\"  >\n\t\t\t\n\t\t\t\n\n\t\t<div class=\"icon-box featured-box icon-box-center text-center\"  >\n\t\t\t\t\t<div class=\"icon-box-img\" style=\"width: 303px\">\n\t\t\t\t<div class=\"icon\">\n\t\t\t\t\t<div class=\"icon-inner\" >\n\t\t\t\t\t\t<img loading=\"lazy\" decoding=\"async\" width=\"300\" height=\"300\" src=\"https:\/\/nuggelasule.com\/wp-content\/uploads\/2025\/01\/CERA-ALBA-V2.jpg\" class=\"attachment-medium size-medium\" alt=\"\" srcset=\"https:\/\/nuggelasule.com\/wp-content\/uploads\/2025\/01\/CERA-ALBA-V2.jpg 300w, https:\/\/nuggelasule.com\/wp-content\/uploads\/2025\/01\/CERA-ALBA-V2-122x122.jpg 122w, https:\/\/nuggelasule.com\/wp-content\/uploads\/2025\/01\/CERA-ALBA-V2-100x100.jpg 100w, https:\/\/nuggelasule.com\/wp-content\/uploads\/2025\/01\/CERA-ALBA-V2-32x32.jpg 32w, https:\/\/nuggelasule.com\/wp-content\/uploads\/2025\/01\/CERA-ALBA-V2-60x60.jpg 60w, https:\/\/nuggelasule.com\/wp-content\/uploads\/2025\/01\/CERA-ALBA-V2-90x90.jpg 90w\" sizes=\"auto, (max-width: 300px) 100vw, 300px\" \/>\t\t\t\t\t<\/div>\n\t\t\t\t<\/div>\n\t\t\t<\/div>\n\t\t\t\t<div class=\"icon-box-text last-reset\">\n\t\t\t<h5 class=\"uppercase\">CERA ALBA<\/h5>\t\t\t\t\t\t\n<p>Conhecida como <strong>cera de abelha<\/strong>. Ingrediente 100% natural e sustent\u00e1vel que protege, nutre profundamente e cria uma barreira leve que ajuda a manter a hidrata\u00e7\u00e3o do cabelo, deixando-o mais suave, manej\u00e1vel e cheio de vitalidade. Al\u00e9m disso, acalma e hidrata o couro cabeludo, ajudando a manter o seu equil\u00edbrio e sa\u00fade. Uma solu\u00e7\u00e3o perfeita para um cuidado completo, desde a raiz at\u00e9 \u00e0s pontas.<\/p>\n\t\t<\/div>\n\t<\/div>\n\t\n\t\n\t\t<\/div>\n\t\t\t\t\t<\/div>\n\n\t\n<\/div>\n<p>&nbsp;<\/p>\n","protected":false},"excerpt":{"rendered":"<hr size=\"4\" \/>\n<p>Condicionador hidratante para homens e mulheres, com aplica\u00e7\u00e3o desde a raiz sem deixar o cabelo oleoso. Mais vitalidade, mais volume, mais brilho.<\/p>\n<p>Dispon\u00edvel em 250 ml e em Formato de Viagem de 100 ml<\/p>\n","protected":false},"featured_media":22588,"comment_status":"closed","ping_status":"closed","template":"","meta":{"_acf_changed":false,"_iconic_wsb_product_page_order_bump_ids":[[]],"_sku":[],"_iconic_wsb_product_page_bump_modal_ids":[[]]},"product_brand":[],"product_cat":[245,264,244],"product_tag":[247,249],"class_list":{"0":"post-19154","1":"product","2":"type-product","3":"status-publish","4":"has-post-thumbnail","6":"product_cat-condicionadores-outros-pt","7":"product_cat-formato-de-viagem-pt","8":"product_cat-todos-pt","9":"product_tag-brillo-y-volumen-pt","10":"product_tag-hidratacion-pt","12":"first","13":"instock","14":"taxable","15":"shipping-taxable","16":"purchasable","17":"product-type-variable"},"acf":[],"yoast_head":"<!-- This site is optimized with the Yoast SEO plugin v27.0 - https:\/\/yoast.com\/product\/yoast-seo-wordpress\/ -->\n<title>Condicionador Hidratante - Nuggela &amp; Sul\u00e9 - O MELHOR !<\/title>\n<meta name=\"description\" content=\"Condicionador Hidratante para homens e mulheres da Nuggela &amp; Sul\u00e9. O condicionador que suaviza, facilita o pentear e estimula o crescimento do cabelo.\" \/>\n<meta name=\"robots\" content=\"index, follow, max-snippet:-1, max-image-preview:large, max-video-preview:-1\" \/>\n<link rel=\"canonical\" href=\"https:\/\/nuggelasule.com\/pt\/producto\/condicionador-hidratante-extrato-cebola-accao-anti-queda-nuggela-sule-250-ml\/\" \/>\n<meta property=\"og:locale\" content=\"pt_PT\" \/>\n<meta property=\"og:type\" content=\"article\" \/>\n<meta property=\"og:title\" content=\"Condicionador Hidratante - Nuggela &amp; Sul\u00e9 - O MELHOR !\" \/>\n<meta property=\"og:description\" content=\"Condicionador Hidratante para homens e mulheres da Nuggela &amp; Sul\u00e9. O condicionador que suaviza, facilita o pentear e estimula o crescimento do cabelo.\" \/>\n<meta property=\"og:url\" content=\"https:\/\/nuggelasule.com\/pt\/producto\/condicionador-hidratante-extrato-cebola-accao-anti-queda-nuggela-sule-250-ml\/\" \/>\n<meta property=\"og:site_name\" content=\"Nuggela &amp; Sul\u00e9\" \/>\n<meta property=\"article:publisher\" content=\"https:\/\/www.facebook.com\/nuggelasule\/\" \/>\n<meta property=\"article:modified_time\" content=\"2026-04-16T14:34:55+00:00\" \/>\n<meta property=\"og:image\" content=\"https:\/\/nuggelasule.com\/wp-content\/uploads\/2021\/04\/8437014761207_1_Conditioner-250ml.jpg\" \/>\n\t<meta property=\"og:image:width\" content=\"1800\" \/>\n\t<meta property=\"og:image:height\" content=\"1800\" \/>\n\t<meta property=\"og:image:type\" content=\"image\/jpeg\" \/>\n<meta name=\"twitter:card\" content=\"summary_large_image\" \/>\n<meta name=\"twitter:site\" content=\"@nuggelasule\" \/>\n<meta name=\"twitter:label1\" content=\"Est. reading time\" \/>\n\t<meta name=\"twitter:data1\" content=\"3 minutes\" \/>\n<script type=\"application\/ld+json\" class=\"yoast-schema-graph\">{\"@context\":\"https:\/\/schema.org\",\"@graph\":[{\"@type\":\"WebPage\",\"@id\":\"https:\/\/nuggelasule.com\/pt\/producto\/condicionador-hidratante-extrato-cebola-accao-anti-queda-nuggela-sule-250-ml\/\",\"url\":\"https:\/\/nuggelasule.com\/pt\/producto\/condicionador-hidratante-extrato-cebola-accao-anti-queda-nuggela-sule-250-ml\/\",\"name\":\"Condicionador Hidratante - Nuggela & Sul\u00e9 - O MELHOR !\",\"isPartOf\":{\"@id\":\"https:\/\/nuggelasule.com\/#website\"},\"primaryImageOfPage\":{\"@id\":\"https:\/\/nuggelasule.com\/pt\/producto\/condicionador-hidratante-extrato-cebola-accao-anti-queda-nuggela-sule-250-ml\/#primaryimage\"},\"image\":{\"@id\":\"https:\/\/nuggelasule.com\/pt\/producto\/condicionador-hidratante-extrato-cebola-accao-anti-queda-nuggela-sule-250-ml\/#primaryimage\"},\"thumbnailUrl\":\"https:\/\/nuggelasule.com\/wp-content\/uploads\/2021\/04\/8437014761207_1_Conditioner-250ml.jpg\",\"datePublished\":\"2016-11-08T18:45:37+00:00\",\"dateModified\":\"2026-04-16T14:34:55+00:00\",\"description\":\"Condicionador Hidratante para homens e mulheres da Nuggela & Sul\u00e9. O condicionador que suaviza, facilita o pentear e estimula o crescimento do cabelo.\",\"breadcrumb\":{\"@id\":\"https:\/\/nuggelasule.com\/pt\/producto\/condicionador-hidratante-extrato-cebola-accao-anti-queda-nuggela-sule-250-ml\/#breadcrumb\"},\"inLanguage\":\"pt\",\"potentialAction\":[{\"@type\":\"ReadAction\",\"target\":[\"https:\/\/nuggelasule.com\/pt\/producto\/condicionador-hidratante-extrato-cebola-accao-anti-queda-nuggela-sule-250-ml\/\"]}]},{\"@type\":\"ImageObject\",\"inLanguage\":\"pt\",\"@id\":\"https:\/\/nuggelasule.com\/pt\/producto\/condicionador-hidratante-extrato-cebola-accao-anti-queda-nuggela-sule-250-ml\/#primaryimage\",\"url\":\"https:\/\/nuggelasule.com\/wp-content\/uploads\/2021\/04\/8437014761207_1_Conditioner-250ml.jpg\",\"contentUrl\":\"https:\/\/nuggelasule.com\/wp-content\/uploads\/2021\/04\/8437014761207_1_Conditioner-250ml.jpg\",\"width\":1800,\"height\":1800},{\"@type\":\"BreadcrumbList\",\"@id\":\"https:\/\/nuggelasule.com\/pt\/producto\/condicionador-hidratante-extrato-cebola-accao-anti-queda-nuggela-sule-250-ml\/#breadcrumb\",\"itemListElement\":[{\"@type\":\"ListItem\",\"position\":1,\"name\":\"Portada\",\"item\":\"https:\/\/nuggelasule.com\/pt\/\"},{\"@type\":\"ListItem\",\"position\":2,\"name\":\"Tienda\",\"item\":\"https:\/\/nuggelasule.com\/pt\/tienda\/\"},{\"@type\":\"ListItem\",\"position\":3,\"name\":\"Condicionador Hidratante\"}]},{\"@type\":\"WebSite\",\"@id\":\"https:\/\/nuggelasule.com\/#website\",\"url\":\"https:\/\/nuggelasule.com\/\",\"name\":\"Nuggela &amp; Sul\u00e9\",\"description\":\"Los mejores productos para la salud y belleza del cabello\",\"publisher\":{\"@id\":\"https:\/\/nuggelasule.com\/#organization\"},\"potentialAction\":[{\"@type\":\"SearchAction\",\"target\":{\"@type\":\"EntryPoint\",\"urlTemplate\":\"https:\/\/nuggelasule.com\/?s={search_term_string}\"},\"query-input\":{\"@type\":\"PropertyValueSpecification\",\"valueRequired\":true,\"valueName\":\"search_term_string\"}}],\"inLanguage\":\"pt\"},{\"@type\":\"Organization\",\"@id\":\"https:\/\/nuggelasule.com\/#organization\",\"name\":\"Nuggela&Sul\u00e9 S.L.\",\"url\":\"https:\/\/nuggelasule.com\/\",\"logo\":{\"@type\":\"ImageObject\",\"inLanguage\":\"pt\",\"@id\":\"https:\/\/nuggelasule.com\/#\/schema\/logo\/image\/\",\"url\":\"\",\"contentUrl\":\"\",\"caption\":\"Nuggela&Sul\u00e9 S.L.\"},\"image\":{\"@id\":\"https:\/\/nuggelasule.com\/#\/schema\/logo\/image\/\"},\"sameAs\":[\"https:\/\/www.facebook.com\/nuggelasule\/\",\"https:\/\/x.com\/nuggelasule\",\"https:\/\/www.instagram.com\/nuggela_sule\/\",\"https:\/\/www.linkedin.com\/company\/9406545\",\"https:\/\/www.youtube.com\/channel\/UCP-uGf_c8i2FI4TXfhffEKw\"]}]}<\/script>\n<!-- \/ Yoast SEO plugin. -->","yoast_head_json":{"title":"Condicionador Hidratante - Nuggela & Sul\u00e9 - O MELHOR !","description":"Condicionador Hidratante para homens e mulheres da Nuggela & Sul\u00e9. O condicionador que suaviza, facilita o pentear e estimula o crescimento do cabelo.","robots":{"index":"index","follow":"follow","max-snippet":"max-snippet:-1","max-image-preview":"max-image-preview:large","max-video-preview":"max-video-preview:-1"},"canonical":"https:\/\/nuggelasule.com\/pt\/producto\/condicionador-hidratante-extrato-cebola-accao-anti-queda-nuggela-sule-250-ml\/","og_locale":"pt_PT","og_type":"article","og_title":"Condicionador Hidratante - Nuggela & Sul\u00e9 - O MELHOR !","og_description":"Condicionador Hidratante para homens e mulheres da Nuggela & Sul\u00e9. O condicionador que suaviza, facilita o pentear e estimula o crescimento do cabelo.","og_url":"https:\/\/nuggelasule.com\/pt\/producto\/condicionador-hidratante-extrato-cebola-accao-anti-queda-nuggela-sule-250-ml\/","og_site_name":"Nuggela &amp; Sul\u00e9","article_publisher":"https:\/\/www.facebook.com\/nuggelasule\/","article_modified_time":"2026-04-16T14:34:55+00:00","og_image":[{"width":1800,"height":1800,"url":"https:\/\/nuggelasule.com\/wp-content\/uploads\/2021\/04\/8437014761207_1_Conditioner-250ml.jpg","type":"image\/jpeg"}],"twitter_card":"summary_large_image","twitter_site":"@nuggelasule","twitter_misc":{"Est. reading time":"3 minutes"},"schema":{"@context":"https:\/\/schema.org","@graph":[{"@type":"WebPage","@id":"https:\/\/nuggelasule.com\/pt\/producto\/condicionador-hidratante-extrato-cebola-accao-anti-queda-nuggela-sule-250-ml\/","url":"https:\/\/nuggelasule.com\/pt\/producto\/condicionador-hidratante-extrato-cebola-accao-anti-queda-nuggela-sule-250-ml\/","name":"Condicionador Hidratante - Nuggela & Sul\u00e9 - O MELHOR !","isPartOf":{"@id":"https:\/\/nuggelasule.com\/#website"},"primaryImageOfPage":{"@id":"https:\/\/nuggelasule.com\/pt\/producto\/condicionador-hidratante-extrato-cebola-accao-anti-queda-nuggela-sule-250-ml\/#primaryimage"},"image":{"@id":"https:\/\/nuggelasule.com\/pt\/producto\/condicionador-hidratante-extrato-cebola-accao-anti-queda-nuggela-sule-250-ml\/#primaryimage"},"thumbnailUrl":"https:\/\/nuggelasule.com\/wp-content\/uploads\/2021\/04\/8437014761207_1_Conditioner-250ml.jpg","datePublished":"2016-11-08T18:45:37+00:00","dateModified":"2026-04-16T14:34:55+00:00","description":"Condicionador Hidratante para homens e mulheres da Nuggela & Sul\u00e9. O condicionador que suaviza, facilita o pentear e estimula o crescimento do cabelo.","breadcrumb":{"@id":"https:\/\/nuggelasule.com\/pt\/producto\/condicionador-hidratante-extrato-cebola-accao-anti-queda-nuggela-sule-250-ml\/#breadcrumb"},"inLanguage":"pt","potentialAction":[{"@type":"ReadAction","target":["https:\/\/nuggelasule.com\/pt\/producto\/condicionador-hidratante-extrato-cebola-accao-anti-queda-nuggela-sule-250-ml\/"]}]},{"@type":"ImageObject","inLanguage":"pt","@id":"https:\/\/nuggelasule.com\/pt\/producto\/condicionador-hidratante-extrato-cebola-accao-anti-queda-nuggela-sule-250-ml\/#primaryimage","url":"https:\/\/nuggelasule.com\/wp-content\/uploads\/2021\/04\/8437014761207_1_Conditioner-250ml.jpg","contentUrl":"https:\/\/nuggelasule.com\/wp-content\/uploads\/2021\/04\/8437014761207_1_Conditioner-250ml.jpg","width":1800,"height":1800},{"@type":"BreadcrumbList","@id":"https:\/\/nuggelasule.com\/pt\/producto\/condicionador-hidratante-extrato-cebola-accao-anti-queda-nuggela-sule-250-ml\/#breadcrumb","itemListElement":[{"@type":"ListItem","position":1,"name":"Portada","item":"https:\/\/nuggelasule.com\/pt\/"},{"@type":"ListItem","position":2,"name":"Tienda","item":"https:\/\/nuggelasule.com\/pt\/tienda\/"},{"@type":"ListItem","position":3,"name":"Condicionador Hidratante"}]},{"@type":"WebSite","@id":"https:\/\/nuggelasule.com\/#website","url":"https:\/\/nuggelasule.com\/","name":"Nuggela &amp; Sul\u00e9","description":"Los mejores productos para la salud y belleza del cabello","publisher":{"@id":"https:\/\/nuggelasule.com\/#organization"},"potentialAction":[{"@type":"SearchAction","target":{"@type":"EntryPoint","urlTemplate":"https:\/\/nuggelasule.com\/?s={search_term_string}"},"query-input":{"@type":"PropertyValueSpecification","valueRequired":true,"valueName":"search_term_string"}}],"inLanguage":"pt"},{"@type":"Organization","@id":"https:\/\/nuggelasule.com\/#organization","name":"Nuggela&Sul\u00e9 S.L.","url":"https:\/\/nuggelasule.com\/","logo":{"@type":"ImageObject","inLanguage":"pt","@id":"https:\/\/nuggelasule.com\/#\/schema\/logo\/image\/","url":"","contentUrl":"","caption":"Nuggela&Sul\u00e9 S.L."},"image":{"@id":"https:\/\/nuggelasule.com\/#\/schema\/logo\/image\/"},"sameAs":["https:\/\/www.facebook.com\/nuggelasule\/","https:\/\/x.com\/nuggelasule","https:\/\/www.instagram.com\/nuggela_sule\/","https:\/\/www.linkedin.com\/company\/9406545","https:\/\/www.youtube.com\/channel\/UCP-uGf_c8i2FI4TXfhffEKw"]}]}},"_links":{"self":[{"href":"https:\/\/nuggelasule.com\/pt\/wp-json\/wp\/v2\/product\/19154","targetHints":{"allow":["GET"]}}],"collection":[{"href":"https:\/\/nuggelasule.com\/pt\/wp-json\/wp\/v2\/product"}],"about":[{"href":"https:\/\/nuggelasule.com\/pt\/wp-json\/wp\/v2\/types\/product"}],"replies":[{"embeddable":true,"href":"https:\/\/nuggelasule.com\/pt\/wp-json\/wp\/v2\/comments?post=19154"}],"wp:featuredmedia":[{"embeddable":true,"href":"https:\/\/nuggelasule.com\/pt\/wp-json\/wp\/v2\/media\/22588"}],"wp:attachment":[{"href":"https:\/\/nuggelasule.com\/pt\/wp-json\/wp\/v2\/media?parent=19154"}],"wp:term":[{"taxonomy":"product_brand","embeddable":true,"href":"https:\/\/nuggelasule.com\/pt\/wp-json\/wp\/v2\/product_brand?post=19154"},{"taxonomy":"product_cat","embeddable":true,"href":"https:\/\/nuggelasule.com\/pt\/wp-json\/wp\/v2\/product_cat?post=19154"},{"taxonomy":"product_tag","embeddable":true,"href":"https:\/\/nuggelasule.com\/pt\/wp-json\/wp\/v2\/product_tag?post=19154"}],"curies":[{"name":"wp","href":"https:\/\/api.w.org\/{rel}","templated":true}]},"billing":{"billing_DNI":""}}