{"id":19141,"date":"2016-11-11T20:00:47","date_gmt":"2016-11-11T19:00:47","guid":{"rendered":"https:\/\/nuggelasule.com\/producto\/ampollas-anti-caida-nuggela-sule-10-ml\/"},"modified":"2026-04-07T12:33:35","modified_gmt":"2026-04-07T10:33:35","slug":"ampolas-anti-queda-eficazes-cabelo-nuggela-sule-cebola-tratamento-10-ml","status":"publish","type":"product","link":"https:\/\/nuggelasule.com\/pt\/producto\/ampolas-anti-queda-eficazes-cabelo-nuggela-sule-cebola-tratamento-10-ml\/","title":{"rendered":"Ampolas Anti-Queda Eficazes"},"content":{"rendered":"<h1><span style=\"color: #282828;\">Ampola Anti-Queda Eficaz da Nuggela &amp; Sul\u00e9<\/span><\/h1>\n<h4><span style=\"color: #282828;\"><strong>A SOLU\u00c7\u00c3O PARA P\u00d4R FIM \u00c0 QUEDA DE CABELO<\/strong><\/span><\/h4>\n<p>A primeira solu\u00e7\u00e3o <strong>para homens e mulheres<\/strong> \u00e0 base de glicog\u00e9nio marinho e extrato de cebola roxa que <strong>trava efetivamente a queda do cabelo<\/strong> e o fortalece. <strong>Tratamento anti-queda eficaz com efeito antienvelhecimento capilar<\/strong>.<\/p>\n<p>Com\u00a0<strong><u><a href=\"https:\/\/nuggelasule.com\/pt\/secreto-cebolla\/\" target=\"_blank\" rel=\"noopener noreferrer\">Extrato de Cebola Roxa<\/a><\/u><\/strong>, <strong>\u00c1cido Capr\u00edlico<\/strong> e <strong><u><a href=\"https:\/\/nuggelasule.com\/pt\/glicogenio_marinho\/\" target=\"_blank\" rel=\"noopener noreferrer\">Glicog\u00e9nio Marinho<\/a><\/u><\/strong>, ingredientes ativos que travam a queda de cabelo e o fortalecem.<\/p>\n<div class=\"row\"  id=\"row-1079159007\">\n\n\t<div id=\"col-209536321\" class=\"col medium-6 large-6\"  >\n\t\t\t\t<div class=\"col-inner\"  >\n\t\t\t\n\t\t\t\n\n\t\t<div class=\"icon-box featured-box icon-box-center text-center\"  >\n\t\t\t\t<div class=\"icon-box-text last-reset\">\n\t\t\t\t\t\t\t\t\t\n\t<div class=\"img has-hover x md-x lg-x y md-y lg-y\" id=\"image_850811559\">\n\t\t\t\t\t\t\t\t<div class=\"img-inner dark\" >\n\t\t\t<img loading=\"lazy\" decoding=\"async\" width=\"1020\" height=\"1022\" src=\"https:\/\/nuggelasule.com\/wp-content\/uploads\/2016\/11\/girl-ampoule-anticaida-1022x1024.jpg\" class=\"attachment-large size-large\" alt=\"\" srcset=\"https:\/\/nuggelasule.com\/wp-content\/uploads\/2016\/11\/girl-ampoule-anticaida-1022x1024.jpg 1022w, https:\/\/nuggelasule.com\/wp-content\/uploads\/2016\/11\/girl-ampoule-anticaida-300x300.jpg 300w, https:\/\/nuggelasule.com\/wp-content\/uploads\/2016\/11\/girl-ampoule-anticaida-122x122.jpg 122w, https:\/\/nuggelasule.com\/wp-content\/uploads\/2016\/11\/girl-ampoule-anticaida-768x769.jpg 768w, https:\/\/nuggelasule.com\/wp-content\/uploads\/2016\/11\/girl-ampoule-anticaida-1533x1536.jpg 1533w, https:\/\/nuggelasule.com\/wp-content\/uploads\/2016\/11\/girl-ampoule-anticaida-450x451.jpg 450w, https:\/\/nuggelasule.com\/wp-content\/uploads\/2016\/11\/girl-ampoule-anticaida-510x511.jpg 510w, https:\/\/nuggelasule.com\/wp-content\/uploads\/2016\/11\/girl-ampoule-anticaida-100x100.jpg 100w, https:\/\/nuggelasule.com\/wp-content\/uploads\/2016\/11\/girl-ampoule-anticaida-32x32.jpg 32w, https:\/\/nuggelasule.com\/wp-content\/uploads\/2016\/11\/girl-ampoule-anticaida-60x60.jpg 60w, https:\/\/nuggelasule.com\/wp-content\/uploads\/2016\/11\/girl-ampoule-anticaida-90x90.jpg 90w, https:\/\/nuggelasule.com\/wp-content\/uploads\/2016\/11\/girl-ampoule-anticaida.jpg 1800w\" sizes=\"auto, (max-width: 1020px) 100vw, 1020px\" \/>\t\t\t\t\t\t\n\t\t\t\t\t<\/div>\n\t\t\t\t\t\t\t\t\n<style>\n#image_850811559 {\n  width: 100%;\n}\n<\/style>\n\t<\/div>\n\t\n\t\t<\/div>\n\t<\/div>\n\t\n\t\n\t\t<\/div>\n\t\t\t\t\t<\/div>\n\n\t\n\n\t<div id=\"col-477335322\" class=\"col medium-6 large-6\"  >\n\t\t\t\t<div class=\"col-inner\"  >\n\t\t\t\n\t\t\t\n\n\t\t<div class=\"icon-box featured-box icon-box-center text-center\"  >\n\t\t\t\t<div class=\"icon-box-text last-reset\">\n\t\t\t\t\t\t\t\t\t\n\t<div class=\"img has-hover x md-x lg-x y md-y lg-y\" id=\"image_965738323\">\n\t\t\t\t\t\t\t\t<div class=\"img-inner dark\" >\n\t\t\t<img loading=\"lazy\" decoding=\"async\" width=\"1020\" height=\"1020\" src=\"https:\/\/nuggelasule.com\/wp-content\/uploads\/2016\/11\/ANTICAIDA-PT-V2-1024x1024.jpg\" class=\"attachment-large size-large\" alt=\"\" srcset=\"https:\/\/nuggelasule.com\/wp-content\/uploads\/2016\/11\/ANTICAIDA-PT-V2-1024x1024.jpg 1024w, https:\/\/nuggelasule.com\/wp-content\/uploads\/2016\/11\/ANTICAIDA-PT-V2-300x300.jpg 300w, https:\/\/nuggelasule.com\/wp-content\/uploads\/2016\/11\/ANTICAIDA-PT-V2-122x122.jpg 122w, https:\/\/nuggelasule.com\/wp-content\/uploads\/2016\/11\/ANTICAIDA-PT-V2-768x768.jpg 768w, https:\/\/nuggelasule.com\/wp-content\/uploads\/2016\/11\/ANTICAIDA-PT-V2-1536x1536.jpg 1536w, https:\/\/nuggelasule.com\/wp-content\/uploads\/2016\/11\/ANTICAIDA-PT-V2-2048x2048.jpg 2048w, https:\/\/nuggelasule.com\/wp-content\/uploads\/2016\/11\/ANTICAIDA-PT-V2-450x450.jpg 450w, https:\/\/nuggelasule.com\/wp-content\/uploads\/2016\/11\/ANTICAIDA-PT-V2-510x510.jpg 510w, https:\/\/nuggelasule.com\/wp-content\/uploads\/2016\/11\/ANTICAIDA-PT-V2-100x100.jpg 100w, https:\/\/nuggelasule.com\/wp-content\/uploads\/2016\/11\/ANTICAIDA-PT-V2-32x32.jpg 32w, https:\/\/nuggelasule.com\/wp-content\/uploads\/2016\/11\/ANTICAIDA-PT-V2-60x60.jpg 60w, https:\/\/nuggelasule.com\/wp-content\/uploads\/2016\/11\/ANTICAIDA-PT-V2-90x90.jpg 90w\" sizes=\"auto, (max-width: 1020px) 100vw, 1020px\" \/>\t\t\t\t\t\t\n\t\t\t\t\t<\/div>\n\t\t\t\t\t\t\t\t\n<style>\n#image_965738323 {\n  width: 100%;\n}\n<\/style>\n\t<\/div>\n\t\n\t\t<\/div>\n\t<\/div>\n\t\n\t\n\t\t<\/div>\n\t\t\t\t\t<\/div>\n\n\t\n<\/div>\n<div class=\"row\"><div class=\" col medium-6 small-12 large-6\"><div class=\"col  beneficios\"><p class=\"title_charasteritcs\">BENEF\u00cdCIOS<\/p><p class=\"description_charasteritcs\">\u00b7 Tratamento Anti-Queda eficaz<br \/>\r\n\u00b7 Fortalecimento do cabelo<br \/>\r\n\u00b7 Mais volume<br \/>\r\n\u00b7 Estimula o crescimento capilar<br \/>\r\n\u00b7 Efeito anti-envelhecimento capilar<\/p><\/div><\/div><div class=\" col medium-6 small-12 large-6\"><div class=\"col indications \"><p class=\"title_charasteritcs\">INDICA\u00c7\u00d5ES<\/p><p class=\"description_charasteritcs\">\u00b7 Apto para homens e mulheres<br \/>\r\n\u00b7 Indicado para travar a queda capilar e fortalecer o cabelo<br \/>\r\n\u00b7 Especialmente indicado para cabelos fracos, quebradi\u00e7os ou com problemas de queda capilar<br \/>\r\n\u00b7 Dermatologicamente testado<\/p><\/div><\/div><\/div>\n<p><strong>TRATAMENTOS:<\/strong><\/p>\n<p>Cada ampola cont\u00e9m produto suficiente para 3 doses. <strong>Aplicar uma ampola por semana, dividida em 3 aplica\u00e7\u00f5es (por exemplo: segunda-feira, quarta-feira e sexta-feira).<\/strong><br \/>\nRecomenda-se realizar o tratamento durante, no m\u00ednimo, 2 meses (8 ampolas). Embora seja aconselh\u00e1vel aplicar as ampolas \u00e0 noite, antes de deitar, com o couro cabeludo limpo e preferencialmente ap\u00f3s a lavagem para favorecer a penetra\u00e7\u00e3o dos ativos, tamb\u00e9m podem ser aplicadas durante o dia.<\/p>\n<h3><span style=\"color: #282828;\"><strong>INSTRU\u00c7\u00d5ES DE USO:<\/strong><\/span><\/h3>\n<p><strong>Em cabelo seco ou h\u00famido, preferencialmente \u00e0 noite:<\/strong><\/p>\n<ol>\n<li>Na primeira utiliza\u00e7\u00e3o da ampola, pressionar a tampa para baixo para perfurar a c\u00e2nula.<br \/>\nUma vez aberta (ouvir\u00e1 um \u00abclic\u00bb), retirar a tampa puxando-a<\/li>\n<li>Com o doseador, desenhar 6 a 8 linhas paralelas, da testa at\u00e9 \u00e0 nuca, cobrindo toda a cabe\u00e7a<\/li>\n<li>Massajar com a ponta dos dedos durante cerca de 2 minutos. Pentear o cabelo como habitualmente.<br \/>\nN\u00e3o enxaguar e deixar atuar durante toda a noite<\/li>\n<\/ol>\n<p><img loading=\"lazy\" decoding=\"async\" class=\"aligncenter wp-image-13447\" src=\"https:\/\/nuggelasule.com\/wp-content\/uploads\/2025\/04\/AMPOLLAS-INSTRUCTIONS-OF-USE.png\" alt=\"\" width=\"800\" height=\"235\" \/><\/p>\n<div class=\"video video-fit mb\" style=\"padding-top:70%;\"><p><iframe loading=\"lazy\" title=\"AMPOLLAS\" src=\"https:\/\/player.vimeo.com\/video\/986389582?dnt=1&amp;app_id=122963\" width=\"1000\" height=\"1000\" frameborder=\"0\" allow=\"autoplay; fullscreen; picture-in-picture; clipboard-write\"><\/iframe><\/p>\n<\/div>\n<h3><span style=\"color: #282828;\"><strong>PRINCIPAIS INGREDIENTES ATIVOS:<\/strong><\/span><\/h3>\n<div class=\"row\"  id=\"row-1006693943\">\n\n\t<div id=\"col-532984532\" class=\"col medium-4 large-4\"  >\n\t\t\t\t<div class=\"col-inner\"  >\n\t\t\t\n\t\t\t\n\n\t\t<div class=\"icon-box featured-box icon-box-center text-center\"  >\n\t\t\t\t\t<div class=\"icon-box-img\" style=\"width: 303px\">\n\t\t\t\t<div class=\"icon\">\n\t\t\t\t\t<div class=\"icon-inner\" >\n\t\t\t\t\t\t<img loading=\"lazy\" decoding=\"async\" width=\"300\" height=\"300\" src=\"https:\/\/nuggelasule.com\/wp-content\/uploads\/2021\/03\/EXTRACTO-CEBOLLA.jpg\" class=\"attachment-medium size-medium\" alt=\"\" srcset=\"https:\/\/nuggelasule.com\/wp-content\/uploads\/2021\/03\/EXTRACTO-CEBOLLA.jpg 300w, https:\/\/nuggelasule.com\/wp-content\/uploads\/2021\/03\/EXTRACTO-CEBOLLA-100x100.jpg 100w\" sizes=\"auto, (max-width: 300px) 100vw, 300px\" \/>\t\t\t\t\t<\/div>\n\t\t\t\t<\/div>\n\t\t\t<\/div>\n\t\t\t\t<div class=\"icon-box-text last-reset\">\n\t\t\t<h5 class=\"uppercase\">EXTRATO DE CEBOLA ROXA<\/h5>\t\t\t\t\t\t\n<p>O segredo por tr\u00e1s da cebola roxa ou da cebola comum se resume a dois de seus principais ingredientes ativos: A <strong>Quercetina<\/strong> reduz a inflama\u00e7\u00e3o do couro cabeludo e estimula o fluxo sangu\u00edneo. Assim, o cabelo \u00e9 mais e melhor nutrido. O <strong>Enxofre<\/strong>\u00a0(tamb\u00e9m conhecido como o mineral da beleza), devido \u00e0s suas propriedades antiss\u00e9pticas, elimina fungos, bact\u00e9rias e o excesso de sebo. Ele ajuda a alcan\u00e7ar uma limpeza altamente eficiente, tornando-o altamente recomendado para cabelos oleosos.<\/p>\n\t\t<\/div>\n\t<\/div>\n\t\n\t\n\t\t<\/div>\n\t\t\t\t\t<\/div>\n\n\t\n\n\t<div id=\"col-515192890\" class=\"col medium-4 large-4\"  >\n\t\t\t\t<div class=\"col-inner\"  >\n\t\t\t\n\t\t\t\n\n\t\t<div class=\"icon-box featured-box icon-box-center text-center\"  >\n\t\t\t\t\t<div class=\"icon-box-img\" style=\"width: 303px\">\n\t\t\t\t<div class=\"icon\">\n\t\t\t\t\t<div class=\"icon-inner\" >\n\t\t\t\t\t\t<img loading=\"lazy\" decoding=\"async\" width=\"300\" height=\"300\" src=\"https:\/\/nuggelasule.com\/wp-content\/uploads\/2021\/04\/acido-caprilico.jpg\" class=\"attachment-medium size-medium\" alt=\"\" srcset=\"https:\/\/nuggelasule.com\/wp-content\/uploads\/2021\/04\/acido-caprilico.jpg 500w, https:\/\/nuggelasule.com\/wp-content\/uploads\/2021\/04\/acido-caprilico-450x450.jpg 450w, https:\/\/nuggelasule.com\/wp-content\/uploads\/2021\/04\/acido-caprilico-100x100.jpg 100w\" sizes=\"auto, (max-width: 300px) 100vw, 300px\" \/>\t\t\t\t\t<\/div>\n\t\t\t\t<\/div>\n\t\t\t<\/div>\n\t\t\t\t<div class=\"icon-box-text last-reset\">\n\t\t\t<h5 class=\"uppercase\">\u00c1CIDO CAPR\u00cdLICO<\/h5>\t\t\t\t\t\t\n<p>Repara a fibra capilar, elimina o frisado do cabelo e confere brilho e vitalidade. Tudo isto faz com que o cabelo fique hidratado e com um aspeto saud\u00e1vel.<\/p>\n\t\t<\/div>\n\t<\/div>\n\t\n\t\n\t\t<\/div>\n\t\t\t\t\t<\/div>\n\n\t\n\n\t<div id=\"col-371877754\" class=\"col medium-4 large-4\"  >\n\t\t\t\t<div class=\"col-inner\"  >\n\t\t\t\n\t\t\t\n\n\t\t<div class=\"icon-box featured-box icon-box-center text-center\"  >\n\t\t\t\t\t<div class=\"icon-box-img\" style=\"width: 303px\">\n\t\t\t\t<div class=\"icon\">\n\t\t\t\t\t<div class=\"icon-inner\" >\n\t\t\t\t\t\t<img loading=\"lazy\" decoding=\"async\" width=\"300\" height=\"300\" src=\"https:\/\/nuggelasule.com\/wp-content\/uploads\/2021\/03\/GLUCOGENO.jpg\" class=\"attachment-medium size-medium\" alt=\"\" srcset=\"https:\/\/nuggelasule.com\/wp-content\/uploads\/2021\/03\/GLUCOGENO.jpg 300w, https:\/\/nuggelasule.com\/wp-content\/uploads\/2021\/03\/GLUCOGENO-100x100.jpg 100w\" sizes=\"auto, (max-width: 300px) 100vw, 300px\" \/>\t\t\t\t\t<\/div>\n\t\t\t\t<\/div>\n\t\t\t<\/div>\n\t\t\t\t<div class=\"icon-box-text last-reset\">\n\t\t\t<h5 class=\"uppercase\">GLICOG\u00c9NIO MARINHO<\/h5>\t\t\t\t\t\t\n<p>(Glycoenergizer Hair). O Glicog\u00e9nio Marinho, extra\u00eddo das membranas dos moluscos, \u00e9 uma das fontes de energia mais poderosas da natureza. Quando aplicado ao cabelo, fornece uma dose extra de glicog\u00eanio que fortalece e revitaliza o cabelo, prevenindo a perda de cabelo e o envelhecimento. Este ingrediente \u00e9 particularmente eficaz no fortalecimento de cabelos fr\u00e1geis e quebradi\u00e7os.<\/p>\n\t\t<\/div>\n\t<\/div>\n\t\n\t\n\t\t<\/div>\n\t\t\t\t\t<\/div>\n\n\t\n<\/div>\n","protected":false},"excerpt":{"rendered":"<hr size=\"4\" \/>\n<p>Tratamento para homens e mulheres, com alta concentra\u00e7\u00e3o de princ\u00edpios ativos, que combina t\u00e9cnicas tradicionais e de \u00faltima gera\u00e7\u00e3o para travar a queda do cabelo e ativar a sua regenera\u00e7\u00e3o.<\/p>\n<p>3 Formatos Dispon\u00edveis:<\/p>\n<p>&#8211; <strong>Ampola unit\u00e1ria <\/strong> (10 ml): <em><strong>tratamento para 1 semana<\/strong><\/em><br \/>\n&#8211; <strong>Pack de 4 ampolas<\/strong> (10 ml): <em><strong>tratamento para 1 m\u00eas<\/strong><\/em><br \/>\n&#8211; <strong>Pack de 8 ampolas<\/strong> (10 ml): <em><strong>tratamento para 2 meses<\/strong><\/em><\/p>\n","protected":false},"featured_media":23383,"comment_status":"closed","ping_status":"closed","template":"","meta":{"_acf_changed":false,"_iconic_wsb_product_page_order_bump_ids":[[]],"_sku":[],"_iconic_wsb_product_page_bump_modal_ids":[[]]},"product_brand":[],"product_cat":[273,244],"product_tag":[253],"class_list":{"0":"post-19141","1":"product","2":"type-product","3":"status-publish","4":"has-post-thumbnail","6":"product_cat-ampolas-pt","7":"product_cat-todos-pt","8":"product_tag-anti-caida-pt","10":"first","11":"instock","12":"taxable","13":"shipping-taxable","14":"purchasable","15":"product-type-variable"},"acf":[],"yoast_head":"<!-- This site is optimized with the Yoast SEO plugin v27.0 - https:\/\/yoast.com\/product\/yoast-seo-wordpress\/ -->\n<title>Ampolas Anti-Queda Eficazes - Nuggela &amp; Sul\u00e9<\/title>\n<meta name=\"description\" content=\"Ampolas Anti-Queda Eficaz para homens e mulheres, o tratamento que trava 100% a queda capilar e fortalece o cabelo. Menos queda, mais confian\u00e7a.\" \/>\n<meta name=\"robots\" content=\"index, follow, max-snippet:-1, max-image-preview:large, max-video-preview:-1\" \/>\n<link rel=\"canonical\" href=\"https:\/\/nuggelasule.com\/pt\/producto\/ampolas-anti-queda-eficazes-cabelo-nuggela-sule-cebola-tratamento-10-ml\/\" \/>\n<meta property=\"og:locale\" content=\"pt_PT\" \/>\n<meta property=\"og:type\" content=\"article\" \/>\n<meta property=\"og:title\" content=\"Ampolas Anti-Queda Eficazes - Nuggela &amp; Sul\u00e9\" \/>\n<meta property=\"og:description\" content=\"Ampolas Anti-Queda Eficaz para homens e mulheres, o tratamento que trava 100% a queda capilar e fortalece o cabelo. Menos queda, mais confian\u00e7a.\" \/>\n<meta property=\"og:url\" content=\"https:\/\/nuggelasule.com\/pt\/producto\/ampolas-anti-queda-eficazes-cabelo-nuggela-sule-cebola-tratamento-10-ml\/\" \/>\n<meta property=\"og:site_name\" content=\"Nuggela &amp; Sul\u00e9\" \/>\n<meta property=\"article:publisher\" content=\"https:\/\/www.facebook.com\/nuggelasule\/\" \/>\n<meta property=\"article:modified_time\" content=\"2026-04-07T10:33:35+00:00\" \/>\n<meta property=\"og:image\" content=\"https:\/\/nuggelasule.com\/wp-content\/uploads\/2016\/11\/8437014761030_1_Ampolla_Anticaida-Efectiva_10ml.jpg\" \/>\n\t<meta property=\"og:image:width\" content=\"1800\" \/>\n\t<meta property=\"og:image:height\" content=\"1800\" \/>\n\t<meta property=\"og:image:type\" content=\"image\/jpeg\" \/>\n<meta name=\"twitter:card\" content=\"summary_large_image\" \/>\n<meta name=\"twitter:site\" content=\"@nuggelasule\" \/>\n<meta name=\"twitter:label1\" content=\"Est. reading time\" \/>\n\t<meta name=\"twitter:data1\" content=\"3 minutes\" \/>\n<script type=\"application\/ld+json\" class=\"yoast-schema-graph\">{\"@context\":\"https:\/\/schema.org\",\"@graph\":[{\"@type\":\"WebPage\",\"@id\":\"https:\/\/nuggelasule.com\/pt\/producto\/ampolas-anti-queda-eficazes-cabelo-nuggela-sule-cebola-tratamento-10-ml\/\",\"url\":\"https:\/\/nuggelasule.com\/pt\/producto\/ampolas-anti-queda-eficazes-cabelo-nuggela-sule-cebola-tratamento-10-ml\/\",\"name\":\"Ampolas Anti-Queda Eficazes - Nuggela & Sul\u00e9\",\"isPartOf\":{\"@id\":\"https:\/\/nuggelasule.com\/#website\"},\"primaryImageOfPage\":{\"@id\":\"https:\/\/nuggelasule.com\/pt\/producto\/ampolas-anti-queda-eficazes-cabelo-nuggela-sule-cebola-tratamento-10-ml\/#primaryimage\"},\"image\":{\"@id\":\"https:\/\/nuggelasule.com\/pt\/producto\/ampolas-anti-queda-eficazes-cabelo-nuggela-sule-cebola-tratamento-10-ml\/#primaryimage\"},\"thumbnailUrl\":\"https:\/\/nuggelasule.com\/wp-content\/uploads\/2016\/11\/8437014761030_1_Ampolla_Anticaida-Efectiva_10ml.jpg\",\"datePublished\":\"2016-11-11T19:00:47+00:00\",\"dateModified\":\"2026-04-07T10:33:35+00:00\",\"description\":\"Ampolas Anti-Queda Eficaz para homens e mulheres, o tratamento que trava 100% a queda capilar e fortalece o cabelo. Menos queda, mais confian\u00e7a.\",\"breadcrumb\":{\"@id\":\"https:\/\/nuggelasule.com\/pt\/producto\/ampolas-anti-queda-eficazes-cabelo-nuggela-sule-cebola-tratamento-10-ml\/#breadcrumb\"},\"inLanguage\":\"pt\",\"potentialAction\":[{\"@type\":\"ReadAction\",\"target\":[\"https:\/\/nuggelasule.com\/pt\/producto\/ampolas-anti-queda-eficazes-cabelo-nuggela-sule-cebola-tratamento-10-ml\/\"]}]},{\"@type\":\"ImageObject\",\"inLanguage\":\"pt\",\"@id\":\"https:\/\/nuggelasule.com\/pt\/producto\/ampolas-anti-queda-eficazes-cabelo-nuggela-sule-cebola-tratamento-10-ml\/#primaryimage\",\"url\":\"https:\/\/nuggelasule.com\/wp-content\/uploads\/2016\/11\/8437014761030_1_Ampolla_Anticaida-Efectiva_10ml.jpg\",\"contentUrl\":\"https:\/\/nuggelasule.com\/wp-content\/uploads\/2016\/11\/8437014761030_1_Ampolla_Anticaida-Efectiva_10ml.jpg\",\"width\":1800,\"height\":1800},{\"@type\":\"BreadcrumbList\",\"@id\":\"https:\/\/nuggelasule.com\/pt\/producto\/ampolas-anti-queda-eficazes-cabelo-nuggela-sule-cebola-tratamento-10-ml\/#breadcrumb\",\"itemListElement\":[{\"@type\":\"ListItem\",\"position\":1,\"name\":\"Portada\",\"item\":\"https:\/\/nuggelasule.com\/pt\/\"},{\"@type\":\"ListItem\",\"position\":2,\"name\":\"Tienda\",\"item\":\"https:\/\/nuggelasule.com\/pt\/tienda\/\"},{\"@type\":\"ListItem\",\"position\":3,\"name\":\"Ampolas Anti-Queda Eficazes\"}]},{\"@type\":\"WebSite\",\"@id\":\"https:\/\/nuggelasule.com\/#website\",\"url\":\"https:\/\/nuggelasule.com\/\",\"name\":\"Nuggela &amp; Sul\u00e9\",\"description\":\"Los mejores productos para la salud y belleza del cabello\",\"publisher\":{\"@id\":\"https:\/\/nuggelasule.com\/#organization\"},\"potentialAction\":[{\"@type\":\"SearchAction\",\"target\":{\"@type\":\"EntryPoint\",\"urlTemplate\":\"https:\/\/nuggelasule.com\/?s={search_term_string}\"},\"query-input\":{\"@type\":\"PropertyValueSpecification\",\"valueRequired\":true,\"valueName\":\"search_term_string\"}}],\"inLanguage\":\"pt\"},{\"@type\":\"Organization\",\"@id\":\"https:\/\/nuggelasule.com\/#organization\",\"name\":\"Nuggela&Sul\u00e9 S.L.\",\"url\":\"https:\/\/nuggelasule.com\/\",\"logo\":{\"@type\":\"ImageObject\",\"inLanguage\":\"pt\",\"@id\":\"https:\/\/nuggelasule.com\/#\/schema\/logo\/image\/\",\"url\":\"\",\"contentUrl\":\"\",\"caption\":\"Nuggela&Sul\u00e9 S.L.\"},\"image\":{\"@id\":\"https:\/\/nuggelasule.com\/#\/schema\/logo\/image\/\"},\"sameAs\":[\"https:\/\/www.facebook.com\/nuggelasule\/\",\"https:\/\/x.com\/nuggelasule\",\"https:\/\/www.instagram.com\/nuggela_sule\/\",\"https:\/\/www.linkedin.com\/company\/9406545\",\"https:\/\/www.youtube.com\/channel\/UCP-uGf_c8i2FI4TXfhffEKw\"]}]}<\/script>\n<!-- \/ Yoast SEO plugin. -->","yoast_head_json":{"title":"Ampolas Anti-Queda Eficazes - Nuggela & Sul\u00e9","description":"Ampolas Anti-Queda Eficaz para homens e mulheres, o tratamento que trava 100% a queda capilar e fortalece o cabelo. Menos queda, mais confian\u00e7a.","robots":{"index":"index","follow":"follow","max-snippet":"max-snippet:-1","max-image-preview":"max-image-preview:large","max-video-preview":"max-video-preview:-1"},"canonical":"https:\/\/nuggelasule.com\/pt\/producto\/ampolas-anti-queda-eficazes-cabelo-nuggela-sule-cebola-tratamento-10-ml\/","og_locale":"pt_PT","og_type":"article","og_title":"Ampolas Anti-Queda Eficazes - Nuggela & Sul\u00e9","og_description":"Ampolas Anti-Queda Eficaz para homens e mulheres, o tratamento que trava 100% a queda capilar e fortalece o cabelo. Menos queda, mais confian\u00e7a.","og_url":"https:\/\/nuggelasule.com\/pt\/producto\/ampolas-anti-queda-eficazes-cabelo-nuggela-sule-cebola-tratamento-10-ml\/","og_site_name":"Nuggela &amp; Sul\u00e9","article_publisher":"https:\/\/www.facebook.com\/nuggelasule\/","article_modified_time":"2026-04-07T10:33:35+00:00","og_image":[{"width":1800,"height":1800,"url":"https:\/\/nuggelasule.com\/wp-content\/uploads\/2016\/11\/8437014761030_1_Ampolla_Anticaida-Efectiva_10ml.jpg","type":"image\/jpeg"}],"twitter_card":"summary_large_image","twitter_site":"@nuggelasule","twitter_misc":{"Est. reading time":"3 minutes"},"schema":{"@context":"https:\/\/schema.org","@graph":[{"@type":"WebPage","@id":"https:\/\/nuggelasule.com\/pt\/producto\/ampolas-anti-queda-eficazes-cabelo-nuggela-sule-cebola-tratamento-10-ml\/","url":"https:\/\/nuggelasule.com\/pt\/producto\/ampolas-anti-queda-eficazes-cabelo-nuggela-sule-cebola-tratamento-10-ml\/","name":"Ampolas Anti-Queda Eficazes - Nuggela & Sul\u00e9","isPartOf":{"@id":"https:\/\/nuggelasule.com\/#website"},"primaryImageOfPage":{"@id":"https:\/\/nuggelasule.com\/pt\/producto\/ampolas-anti-queda-eficazes-cabelo-nuggela-sule-cebola-tratamento-10-ml\/#primaryimage"},"image":{"@id":"https:\/\/nuggelasule.com\/pt\/producto\/ampolas-anti-queda-eficazes-cabelo-nuggela-sule-cebola-tratamento-10-ml\/#primaryimage"},"thumbnailUrl":"https:\/\/nuggelasule.com\/wp-content\/uploads\/2016\/11\/8437014761030_1_Ampolla_Anticaida-Efectiva_10ml.jpg","datePublished":"2016-11-11T19:00:47+00:00","dateModified":"2026-04-07T10:33:35+00:00","description":"Ampolas Anti-Queda Eficaz para homens e mulheres, o tratamento que trava 100% a queda capilar e fortalece o cabelo. Menos queda, mais confian\u00e7a.","breadcrumb":{"@id":"https:\/\/nuggelasule.com\/pt\/producto\/ampolas-anti-queda-eficazes-cabelo-nuggela-sule-cebola-tratamento-10-ml\/#breadcrumb"},"inLanguage":"pt","potentialAction":[{"@type":"ReadAction","target":["https:\/\/nuggelasule.com\/pt\/producto\/ampolas-anti-queda-eficazes-cabelo-nuggela-sule-cebola-tratamento-10-ml\/"]}]},{"@type":"ImageObject","inLanguage":"pt","@id":"https:\/\/nuggelasule.com\/pt\/producto\/ampolas-anti-queda-eficazes-cabelo-nuggela-sule-cebola-tratamento-10-ml\/#primaryimage","url":"https:\/\/nuggelasule.com\/wp-content\/uploads\/2016\/11\/8437014761030_1_Ampolla_Anticaida-Efectiva_10ml.jpg","contentUrl":"https:\/\/nuggelasule.com\/wp-content\/uploads\/2016\/11\/8437014761030_1_Ampolla_Anticaida-Efectiva_10ml.jpg","width":1800,"height":1800},{"@type":"BreadcrumbList","@id":"https:\/\/nuggelasule.com\/pt\/producto\/ampolas-anti-queda-eficazes-cabelo-nuggela-sule-cebola-tratamento-10-ml\/#breadcrumb","itemListElement":[{"@type":"ListItem","position":1,"name":"Portada","item":"https:\/\/nuggelasule.com\/pt\/"},{"@type":"ListItem","position":2,"name":"Tienda","item":"https:\/\/nuggelasule.com\/pt\/tienda\/"},{"@type":"ListItem","position":3,"name":"Ampolas Anti-Queda Eficazes"}]},{"@type":"WebSite","@id":"https:\/\/nuggelasule.com\/#website","url":"https:\/\/nuggelasule.com\/","name":"Nuggela &amp; Sul\u00e9","description":"Los mejores productos para la salud y belleza del cabello","publisher":{"@id":"https:\/\/nuggelasule.com\/#organization"},"potentialAction":[{"@type":"SearchAction","target":{"@type":"EntryPoint","urlTemplate":"https:\/\/nuggelasule.com\/?s={search_term_string}"},"query-input":{"@type":"PropertyValueSpecification","valueRequired":true,"valueName":"search_term_string"}}],"inLanguage":"pt"},{"@type":"Organization","@id":"https:\/\/nuggelasule.com\/#organization","name":"Nuggela&Sul\u00e9 S.L.","url":"https:\/\/nuggelasule.com\/","logo":{"@type":"ImageObject","inLanguage":"pt","@id":"https:\/\/nuggelasule.com\/#\/schema\/logo\/image\/","url":"","contentUrl":"","caption":"Nuggela&Sul\u00e9 S.L."},"image":{"@id":"https:\/\/nuggelasule.com\/#\/schema\/logo\/image\/"},"sameAs":["https:\/\/www.facebook.com\/nuggelasule\/","https:\/\/x.com\/nuggelasule","https:\/\/www.instagram.com\/nuggela_sule\/","https:\/\/www.linkedin.com\/company\/9406545","https:\/\/www.youtube.com\/channel\/UCP-uGf_c8i2FI4TXfhffEKw"]}]}},"_links":{"self":[{"href":"https:\/\/nuggelasule.com\/pt\/wp-json\/wp\/v2\/product\/19141","targetHints":{"allow":["GET"]}}],"collection":[{"href":"https:\/\/nuggelasule.com\/pt\/wp-json\/wp\/v2\/product"}],"about":[{"href":"https:\/\/nuggelasule.com\/pt\/wp-json\/wp\/v2\/types\/product"}],"replies":[{"embeddable":true,"href":"https:\/\/nuggelasule.com\/pt\/wp-json\/wp\/v2\/comments?post=19141"}],"wp:featuredmedia":[{"embeddable":true,"href":"https:\/\/nuggelasule.com\/pt\/wp-json\/wp\/v2\/media\/23383"}],"wp:attachment":[{"href":"https:\/\/nuggelasule.com\/pt\/wp-json\/wp\/v2\/media?parent=19141"}],"wp:term":[{"taxonomy":"product_brand","embeddable":true,"href":"https:\/\/nuggelasule.com\/pt\/wp-json\/wp\/v2\/product_brand?post=19141"},{"taxonomy":"product_cat","embeddable":true,"href":"https:\/\/nuggelasule.com\/pt\/wp-json\/wp\/v2\/product_cat?post=19141"},{"taxonomy":"product_tag","embeddable":true,"href":"https:\/\/nuggelasule.com\/pt\/wp-json\/wp\/v2\/product_tag?post=19141"}],"curies":[{"name":"wp","href":"https:\/\/api.w.org\/{rel}","templated":true}]},"billing":{"billing_DNI":""}}