{"id":19135,"date":"2016-11-12T20:03:54","date_gmt":"2016-11-12T19:03:54","guid":{"rendered":"https:\/\/nuggelasule.com\/producto\/regenerador-capilar-nuggela-sule-ampollas-10-ml\/"},"modified":"2026-04-07T12:34:58","modified_gmt":"2026-04-07T10:34:58","slug":"regenerador-cabelo-maca-andina-tratamento-nuggela-sule-ampolas-10-ml","status":"publish","type":"product","link":"https:\/\/nuggelasule.com\/pt\/producto\/regenerador-cabelo-maca-andina-tratamento-nuggela-sule-ampolas-10-ml\/","title":{"rendered":"Ampolas Regeneradoras de Cabelo"},"content":{"rendered":"<h1><span style=\"color: #282828;\">Ampola Regeneradora Capilar da Nuggela &amp; Sul\u00e9<\/span><\/h1>\n<h4><span style=\"color: #282828;\"><strong>AS MAIS EFICAZES PARA REGENERAR O CABELO<\/strong><\/span><\/h4>\n<p><strong>Tratamento regenerador capilar eficaz para homens e mulheres<\/strong> que aumenta a espessura e a densidade do cabelo. Uma poderosa combina\u00e7\u00e3o de ativos, vitaminas e micronutrientes refor\u00e7ados com Maca Andina.<br \/>\nCom um potente cocktail de ativos que atua promovendo a regenera\u00e7\u00e3o capilar, aumentando at\u00e9 <strong>30% a densidade e a espessura do cabelo<\/strong>.<\/p>\n<p>Com\u00a0<strong>Prote\u00edna de Soja<\/strong>, <strong><u><a href=\"https:\/\/nuggelasule.com\/pt\/maca-andina\/\" target=\"_blank\" rel=\"noopener noreferrer\">Maca Andina<\/a><\/u><\/strong> e <strong><u><a href=\"https:\/\/nuggelasule.com\/pt\/glicogenio_marinho\/\" target=\"_blank\" rel=\"noopener noreferrer\">Glicog\u00e9nio Marinho<\/a><\/u><\/strong>, ingredientes ativos que aumentam a densidade e a espessura do cabelo.<\/p>\n<div class=\"row\"  id=\"row-1267619533\">\n\n\t<div id=\"col-1529379876\" class=\"col medium-6 large-6\"  >\n\t\t\t\t<div class=\"col-inner\"  >\n\t\t\t\n\t\t\t\n\n\t\t<div class=\"icon-box featured-box icon-box-center text-center\"  >\n\t\t\t\t\t<div class=\"icon-box-img\" style=\"width: 524px\">\n\t\t\t\t<div class=\"icon\">\n\t\t\t\t\t<div class=\"icon-inner\" >\n\t\t\t\t\t\t\t\t\t\t\t<\/div>\n\t\t\t\t<\/div>\n\t\t\t<\/div>\n\t\t\t\t<div class=\"icon-box-text last-reset\">\n\t\t\t\t\t\t\t\t\t\n\t<div class=\"img has-hover x md-x lg-x y md-y lg-y\" id=\"image_1769637299\">\n\t\t\t\t\t\t\t\t<div class=\"img-inner dark\" >\n\t\t\t<img loading=\"lazy\" decoding=\"async\" width=\"1020\" height=\"1020\" src=\"https:\/\/nuggelasule.com\/wp-content\/uploads\/2016\/11\/girl-ampoule-reg-1024x1024.jpg\" class=\"attachment-large size-large\" alt=\"\" srcset=\"https:\/\/nuggelasule.com\/wp-content\/uploads\/2016\/11\/girl-ampoule-reg-1024x1024.jpg 1024w, https:\/\/nuggelasule.com\/wp-content\/uploads\/2016\/11\/girl-ampoule-reg-300x300.jpg 300w, https:\/\/nuggelasule.com\/wp-content\/uploads\/2016\/11\/girl-ampoule-reg-122x122.jpg 122w, https:\/\/nuggelasule.com\/wp-content\/uploads\/2016\/11\/girl-ampoule-reg-768x768.jpg 768w, https:\/\/nuggelasule.com\/wp-content\/uploads\/2016\/11\/girl-ampoule-reg-1536x1536.jpg 1536w, https:\/\/nuggelasule.com\/wp-content\/uploads\/2016\/11\/girl-ampoule-reg-450x450.jpg 450w, https:\/\/nuggelasule.com\/wp-content\/uploads\/2016\/11\/girl-ampoule-reg-510x510.jpg 510w, https:\/\/nuggelasule.com\/wp-content\/uploads\/2016\/11\/girl-ampoule-reg-100x100.jpg 100w, https:\/\/nuggelasule.com\/wp-content\/uploads\/2016\/11\/girl-ampoule-reg-32x32.jpg 32w, https:\/\/nuggelasule.com\/wp-content\/uploads\/2016\/11\/girl-ampoule-reg-60x60.jpg 60w, https:\/\/nuggelasule.com\/wp-content\/uploads\/2016\/11\/girl-ampoule-reg-90x90.jpg 90w, https:\/\/nuggelasule.com\/wp-content\/uploads\/2016\/11\/girl-ampoule-reg.jpg 2000w\" sizes=\"auto, (max-width: 1020px) 100vw, 1020px\" \/>\t\t\t\t\t\t\n\t\t\t\t\t<\/div>\n\t\t\t\t\t\t\t\t\n<style>\n#image_1769637299 {\n  width: 100%;\n}\n<\/style>\n\t<\/div>\n\t\n\t\t<\/div>\n\t<\/div>\n\t\n\t\n\t\t<\/div>\n\t\t\t\t\t<\/div>\n\n\t\n\n\t<div id=\"col-900355076\" class=\"col medium-6 large-6\"  >\n\t\t\t\t<div class=\"col-inner\"  >\n\t\t\t\n\t\t\t\n\n\t\t<div class=\"icon-box featured-box icon-box-center text-center\"  >\n\t\t\t\t<div class=\"icon-box-text last-reset\">\n\t\t\t\t\t\t\t\t\t\n\t<div class=\"img has-hover x md-x lg-x y md-y lg-y\" id=\"image_306999847\">\n\t\t\t\t\t\t\t\t<div class=\"img-inner dark\" >\n\t\t\t<img loading=\"lazy\" decoding=\"async\" width=\"1020\" height=\"1020\" src=\"https:\/\/nuggelasule.com\/wp-content\/uploads\/2016\/11\/REGENERADOR-PT-V2-1024x1024.jpg\" class=\"attachment-large size-large\" alt=\"\" srcset=\"https:\/\/nuggelasule.com\/wp-content\/uploads\/2016\/11\/REGENERADOR-PT-V2-1024x1024.jpg 1024w, https:\/\/nuggelasule.com\/wp-content\/uploads\/2016\/11\/REGENERADOR-PT-V2-300x300.jpg 300w, https:\/\/nuggelasule.com\/wp-content\/uploads\/2016\/11\/REGENERADOR-PT-V2-122x122.jpg 122w, https:\/\/nuggelasule.com\/wp-content\/uploads\/2016\/11\/REGENERADOR-PT-V2-768x768.jpg 768w, https:\/\/nuggelasule.com\/wp-content\/uploads\/2016\/11\/REGENERADOR-PT-V2-1536x1536.jpg 1536w, https:\/\/nuggelasule.com\/wp-content\/uploads\/2016\/11\/REGENERADOR-PT-V2-2048x2048.jpg 2048w, https:\/\/nuggelasule.com\/wp-content\/uploads\/2016\/11\/REGENERADOR-PT-V2-450x450.jpg 450w, https:\/\/nuggelasule.com\/wp-content\/uploads\/2016\/11\/REGENERADOR-PT-V2-510x510.jpg 510w, https:\/\/nuggelasule.com\/wp-content\/uploads\/2016\/11\/REGENERADOR-PT-V2-100x100.jpg 100w, https:\/\/nuggelasule.com\/wp-content\/uploads\/2016\/11\/REGENERADOR-PT-V2-32x32.jpg 32w, https:\/\/nuggelasule.com\/wp-content\/uploads\/2016\/11\/REGENERADOR-PT-V2-60x60.jpg 60w, https:\/\/nuggelasule.com\/wp-content\/uploads\/2016\/11\/REGENERADOR-PT-V2-90x90.jpg 90w\" sizes=\"auto, (max-width: 1020px) 100vw, 1020px\" \/>\t\t\t\t\t\t\n\t\t\t\t\t<\/div>\n\t\t\t\t\t\t\t\t\n<style>\n#image_306999847 {\n  width: 100%;\n}\n<\/style>\n\t<\/div>\n\t\n\t\t<\/div>\n\t<\/div>\n\t\n\t\n\t\t<\/div>\n\t\t\t\t\t<\/div>\n\n\t\n<\/div>\n<div class=\"row\"><div class=\" col medium-6 small-12 large-6\"><div class=\"col  beneficios\"><p class=\"title_charasteritcs\">BENEF\u00cdCIOS<\/p><p class=\"description_charasteritcs\">\u00b7 Regenera\u00e7\u00e3o capilar<br \/>\r\n\u00b7 Aumento da densidade do cabelo, at\u00e9 30%<br \/>\r\n\u00b7 Aumento da espessura do cabelo, at\u00e9 27%<br \/>\r\n\u00b7 Refor\u00e7a a vitalidade do cabelo<br \/>\r\n\u00b7 Potente fonte de energia capilar<\/p><\/div><\/div><div class=\" col medium-6 small-12 large-6\"><div class=\"col indications \"><p class=\"title_charasteritcs\">INDICA\u00c7\u00d5ES<\/p><p class=\"description_charasteritcs\">\u00b7 Apto para homens e mulheres<br \/>\r\n\u00b7 Indicado para favorecer a regenera\u00e7\u00e3o capilar e aumentar a espessura e a densidade do cabelo<br \/>\r\n\u00b7 Especialmente indicado para cabelos fracos, quebradi\u00e7os ou com zonas despovoadas<br \/>\r\n\u00b7 Dermatologicamente testado<\/p><\/div><\/div><\/div>\n<p><strong>TRATAMENTOS:<\/strong><\/p>\n<p>Cada ampola cont\u00e9m produto suficiente para 3 doses. <strong>Aplicar uma ampola por semana, dividida em 3 aplica\u00e7\u00f5es (por exemplo: segunda-feira, quarta-feira e sexta-feira).<\/strong><br \/>\nRecomenda-se realizar o tratamento durante, no m\u00ednimo, 2 meses (8 ampolas). Embora seja aconselh\u00e1vel aplicar as ampolas \u00e0 noite, antes de deitar, com o couro cabeludo limpo e preferencialmente ap\u00f3s a lavagem para favorecer a penetra\u00e7\u00e3o dos ativos, tamb\u00e9m podem ser aplicadas durante o dia.<\/p>\n<h3><span style=\"color: #282828;\"><strong>INSTRU\u00c7\u00d5ES DE USO:<\/strong><\/span><\/h3>\n<p><strong>Em cabelo seco ou h\u00famido, preferencialmente \u00e0 noite:<\/strong><\/p>\n<ol>\n<li>Na primeira utiliza\u00e7\u00e3o da ampola, pressionar a tampa para baixo para perfurar a c\u00e2nula.<br \/>\nUma vez aberta (ouvir\u00e1 um \u00abclic\u00bb), retirar a tampa puxando-a<\/li>\n<li>Com o doseador, desenhar 6 a 8 linhas paralelas, da testa at\u00e9 \u00e0 nuca, cobrindo toda a cabe\u00e7a<\/li>\n<li>Massajar com a ponta dos dedos durante cerca de 2 minutos. Pentear o cabelo como habitualmente.<br \/>\nN\u00e3o enxaguar e deixar atuar durante toda a noite<\/li>\n<\/ol>\n<p><img loading=\"lazy\" decoding=\"async\" class=\"aligncenter wp-image-13447\" src=\"https:\/\/nuggelasule.com\/wp-content\/uploads\/2025\/04\/AMPOLLAS-INSTRUCTIONS-OF-USE.png\" alt=\"\" width=\"800\" height=\"235\" \/><\/p>\n<div class=\"video video-fit mb\" style=\"padding-top:70%;\"><p><iframe loading=\"lazy\" title=\"AMPOLLAS\" src=\"https:\/\/player.vimeo.com\/video\/986389582?dnt=1&amp;app_id=122963\" width=\"1000\" height=\"1000\" frameborder=\"0\" allow=\"autoplay; fullscreen; picture-in-picture; clipboard-write; encrypted-media\"><\/iframe><\/p>\n<\/div>\n<h3><span style=\"color: #282828;\"><strong>PRINCIPAIS INGREDIENTES ATIVOS:<\/strong><\/span><\/h3>\n<div class=\"row\"  id=\"row-1201751702\">\n\n\t<div id=\"col-547941123\" class=\"col medium-4 large-4\"  >\n\t\t\t\t<div class=\"col-inner\"  >\n\t\t\t\n\t\t\t\n\n\t\t<div class=\"icon-box featured-box icon-box-center text-center\"  >\n\t\t\t\t\t<div class=\"icon-box-img\" style=\"width: 303px\">\n\t\t\t\t<div class=\"icon\">\n\t\t\t\t\t<div class=\"icon-inner\" >\n\t\t\t\t\t\t<img loading=\"lazy\" decoding=\"async\" width=\"300\" height=\"300\" src=\"https:\/\/nuggelasule.com\/wp-content\/uploads\/2021\/06\/soya-300x300.jpg\" class=\"attachment-medium size-medium\" alt=\"\" srcset=\"https:\/\/nuggelasule.com\/wp-content\/uploads\/2021\/06\/soya-300x300.jpg 300w, https:\/\/nuggelasule.com\/wp-content\/uploads\/2021\/06\/soya-122x122.jpg 122w, https:\/\/nuggelasule.com\/wp-content\/uploads\/2021\/06\/soya-450x450.jpg 450w, https:\/\/nuggelasule.com\/wp-content\/uploads\/2021\/06\/soya-100x100.jpg 100w, https:\/\/nuggelasule.com\/wp-content\/uploads\/2021\/06\/soya-32x32.jpg 32w, https:\/\/nuggelasule.com\/wp-content\/uploads\/2021\/06\/soya-60x60.jpg 60w, https:\/\/nuggelasule.com\/wp-content\/uploads\/2021\/06\/soya-90x90.jpg 90w, https:\/\/nuggelasule.com\/wp-content\/uploads\/2021\/06\/soya.jpg 500w\" sizes=\"auto, (max-width: 300px) 100vw, 300px\" \/>\t\t\t\t\t<\/div>\n\t\t\t\t<\/div>\n\t\t\t<\/div>\n\t\t\t\t<div class=\"icon-box-text last-reset\">\n\t\t\t<h5 class=\"uppercase\">PROTE\u00cdNA DE SOJA<\/h5>\t\t\t\t\t\t\n<p>Prote\u00edna vegetal que vem da soja. \u00c9 a principal fonte de amino\u00e1cidos vegetais. Este ingrediente ativo fornece a\u00e7\u00facares ao fol\u00edculo capilar para manter a fase an\u00e1gena (fase de crescimento do cabelo) e, portanto, reduzir o risco de calv\u00edcie.<\/p>\n\t\t<\/div>\n\t<\/div>\n\t\n\t\n\t\t<\/div>\n\t\t\t\t\t<\/div>\n\n\t\n\n\t<div id=\"col-613656838\" class=\"col medium-4 large-4\"  >\n\t\t\t\t<div class=\"col-inner\"  >\n\t\t\t\n\t\t\t\n\n\t\t<div class=\"icon-box featured-box icon-box-center text-center\"  >\n\t\t\t\t\t<div class=\"icon-box-img\" style=\"width: 303px\">\n\t\t\t\t<div class=\"icon\">\n\t\t\t\t\t<div class=\"icon-inner\" >\n\t\t\t\t\t\t<img loading=\"lazy\" decoding=\"async\" width=\"300\" height=\"300\" src=\"https:\/\/nuggelasule.com\/wp-content\/uploads\/2021\/03\/maca-andina.jpg\" class=\"attachment-medium size-medium\" alt=\"\" srcset=\"https:\/\/nuggelasule.com\/wp-content\/uploads\/2021\/03\/maca-andina.jpg 500w, https:\/\/nuggelasule.com\/wp-content\/uploads\/2021\/03\/maca-andina-450x450.jpg 450w, https:\/\/nuggelasule.com\/wp-content\/uploads\/2021\/03\/maca-andina-100x100.jpg 100w\" sizes=\"auto, (max-width: 300px) 100vw, 300px\" \/>\t\t\t\t\t<\/div>\n\t\t\t\t<\/div>\n\t\t\t<\/div>\n\t\t\t\t<div class=\"icon-box-text last-reset\">\n\t\t\t<h5 class=\"uppercase\">MACA ANDINA<\/h5>\t\t\t\t\t\t\n<p>(<strong><em>Lepidium meyenii<\/em><\/strong>). Muito rica em amino\u00e1cidos, vitaminas, minerais e nutrientes essenciais para um cabelo saud\u00e1vel. A Maca Andina promove a mitose e a produ\u00e7\u00e3o de queratin\u00f3citos na raiz do cabelo. \u00c9 um excelente ingrediente ativo para combater a queda de cabelo, aumentar a densidade e espessura dos cabelos e fortalec\u00ea-los a partir de suas ra\u00edzes.<\/p>\n\t\t<\/div>\n\t<\/div>\n\t\n\t\n\t\t<\/div>\n\t\t\t\t\t<\/div>\n\n\t\n\n\t<div id=\"col-1840889162\" class=\"col medium-4 large-4\"  >\n\t\t\t\t<div class=\"col-inner\"  >\n\t\t\t\n\t\t\t\n\n\t\t<div class=\"icon-box featured-box icon-box-center text-center\"  >\n\t\t\t\t\t<div class=\"icon-box-img\" style=\"width: 303px\">\n\t\t\t\t<div class=\"icon\">\n\t\t\t\t\t<div class=\"icon-inner\" >\n\t\t\t\t\t\t<img loading=\"lazy\" decoding=\"async\" width=\"300\" height=\"300\" src=\"https:\/\/nuggelasule.com\/wp-content\/uploads\/2021\/03\/GLUCOGENO.jpg\" class=\"attachment-medium size-medium\" alt=\"\" srcset=\"https:\/\/nuggelasule.com\/wp-content\/uploads\/2021\/03\/GLUCOGENO.jpg 300w, https:\/\/nuggelasule.com\/wp-content\/uploads\/2021\/03\/GLUCOGENO-100x100.jpg 100w\" sizes=\"auto, (max-width: 300px) 100vw, 300px\" \/>\t\t\t\t\t<\/div>\n\t\t\t\t<\/div>\n\t\t\t<\/div>\n\t\t\t\t<div class=\"icon-box-text last-reset\">\n\t\t\t<h5 class=\"uppercase\">GLICOG\u00c9NIO MARINHO<\/h5>\t\t\t\t\t\t\n<p>(Glycoenergizer Hair). O Glicog\u00e9nio Marinho, extra\u00eddo das membranas dos moluscos, \u00e9 uma das fontes de energia mais poderosas da natureza. Quando aplicado ao cabelo, fornece uma dose extra de glicog\u00eanio que fortalece e revitaliza o cabelo, prevenindo a perda de cabelo e o envelhecimento. Este ingrediente \u00e9 particularmente eficaz no fortalecimento de cabelos fr\u00e1geis e quebradi\u00e7os.<\/p>\n\t\t<\/div>\n\t<\/div>\n\t\n\t\n\t\t<\/div>\n\t\t\t\t\t<\/div>\n\n\t\n<\/div>\n","protected":false},"excerpt":{"rendered":"<hr size=\"4\" \/>\n<p>F\u00f3rmula para homens e mulheres com vitaminas e oligoelementos refor\u00e7ados com Maca Andina, que ajuda a aumentar a espessura e a densidade do cabelo.<\/p>\n<p>3 Formatos Dispon\u00edveis:<\/p>\n<p>&#8211; <strong>Ampola unit\u00e1ria <\/strong> (10 ml): <em><strong>tratamento para 1 semana<\/strong><\/em><br \/>\n&#8211; <strong>Pack de 4 ampolas<\/strong> (10 ml): <em><strong>tratamento para 1 m\u00eas<\/strong><\/em><br \/>\n&#8211; <strong>Pack de 8 ampolas<\/strong> (10 ml): <em><strong>tratamento para 2 meses<\/strong><\/em><\/p>\n","protected":false},"featured_media":23386,"comment_status":"closed","ping_status":"closed","template":"","meta":{"_acf_changed":false,"_iconic_wsb_product_page_order_bump_ids":[[]],"_sku":[],"_iconic_wsb_product_page_bump_modal_ids":[[]]},"product_brand":[],"product_cat":[273,244],"product_tag":[254,255,276],"class_list":{"0":"post-19135","1":"product","2":"type-product","3":"status-publish","4":"has-post-thumbnail","6":"product_cat-ampolas-pt","7":"product_cat-todos-pt","8":"product_tag-cabellos-grasos-pt","9":"product_tag-crecimiento-cabello-pt","10":"product_tag-regeneracion-capilar-pt","12":"first","13":"instock","14":"taxable","15":"shipping-taxable","16":"purchasable","17":"product-type-variable"},"acf":[],"yoast_head":"<!-- This site is optimized with the Yoast SEO plugin v27.0 - https:\/\/yoast.com\/product\/yoast-seo-wordpress\/ -->\n<title>Regenerador Capilar \u2013 Nuggela &amp; Sul\u00e9 30% de Aumento de Cabelo!<\/title>\n<meta name=\"description\" content=\"Ampolas Regeneradoras Capilares para homens e mulheres. A f\u00f3rmula mais potente para aumentar at\u00e9 30% a densidade do cabelo e 27% a sua espessura.\" \/>\n<meta name=\"robots\" content=\"index, follow, max-snippet:-1, max-image-preview:large, max-video-preview:-1\" \/>\n<link rel=\"canonical\" href=\"https:\/\/nuggelasule.com\/pt\/producto\/regenerador-cabelo-maca-andina-tratamento-nuggela-sule-ampolas-10-ml\/\" \/>\n<meta property=\"og:locale\" content=\"pt_PT\" \/>\n<meta property=\"og:type\" content=\"article\" \/>\n<meta property=\"og:title\" content=\"Regenerador Capilar \u2013 Nuggela &amp; Sul\u00e9 30% de Aumento de Cabelo!\" \/>\n<meta property=\"og:description\" content=\"Ampolas Regeneradoras Capilares para homens e mulheres. A f\u00f3rmula mais potente para aumentar at\u00e9 30% a densidade do cabelo e 27% a sua espessura.\" \/>\n<meta property=\"og:url\" content=\"https:\/\/nuggelasule.com\/pt\/producto\/regenerador-cabelo-maca-andina-tratamento-nuggela-sule-ampolas-10-ml\/\" \/>\n<meta property=\"og:site_name\" content=\"Nuggela &amp; Sul\u00e9\" \/>\n<meta property=\"article:publisher\" content=\"https:\/\/www.facebook.com\/nuggelasule\/\" \/>\n<meta property=\"article:modified_time\" content=\"2026-04-07T10:34:58+00:00\" \/>\n<meta property=\"og:image\" content=\"https:\/\/nuggelasule.com\/wp-content\/uploads\/2016\/11\/8437014761344_1_Ampolla_Regenerador-Capilar_10ml.jpg\" \/>\n\t<meta property=\"og:image:width\" content=\"1800\" \/>\n\t<meta property=\"og:image:height\" content=\"1800\" \/>\n\t<meta property=\"og:image:type\" content=\"image\/jpeg\" \/>\n<meta name=\"twitter:card\" content=\"summary_large_image\" \/>\n<meta name=\"twitter:site\" content=\"@nuggelasule\" \/>\n<meta name=\"twitter:label1\" content=\"Est. reading time\" \/>\n\t<meta name=\"twitter:data1\" content=\"3 minutes\" \/>\n<script type=\"application\/ld+json\" class=\"yoast-schema-graph\">{\"@context\":\"https:\/\/schema.org\",\"@graph\":[{\"@type\":\"WebPage\",\"@id\":\"https:\/\/nuggelasule.com\/pt\/producto\/regenerador-cabelo-maca-andina-tratamento-nuggela-sule-ampolas-10-ml\/\",\"url\":\"https:\/\/nuggelasule.com\/pt\/producto\/regenerador-cabelo-maca-andina-tratamento-nuggela-sule-ampolas-10-ml\/\",\"name\":\"Regenerador Capilar \u2013 Nuggela & Sul\u00e9 30% de Aumento de Cabelo!\",\"isPartOf\":{\"@id\":\"https:\/\/nuggelasule.com\/#website\"},\"primaryImageOfPage\":{\"@id\":\"https:\/\/nuggelasule.com\/pt\/producto\/regenerador-cabelo-maca-andina-tratamento-nuggela-sule-ampolas-10-ml\/#primaryimage\"},\"image\":{\"@id\":\"https:\/\/nuggelasule.com\/pt\/producto\/regenerador-cabelo-maca-andina-tratamento-nuggela-sule-ampolas-10-ml\/#primaryimage\"},\"thumbnailUrl\":\"https:\/\/nuggelasule.com\/wp-content\/uploads\/2016\/11\/8437014761344_1_Ampolla_Regenerador-Capilar_10ml.jpg\",\"datePublished\":\"2016-11-12T19:03:54+00:00\",\"dateModified\":\"2026-04-07T10:34:58+00:00\",\"description\":\"Ampolas Regeneradoras Capilares para homens e mulheres. A f\u00f3rmula mais potente para aumentar at\u00e9 30% a densidade do cabelo e 27% a sua espessura.\",\"breadcrumb\":{\"@id\":\"https:\/\/nuggelasule.com\/pt\/producto\/regenerador-cabelo-maca-andina-tratamento-nuggela-sule-ampolas-10-ml\/#breadcrumb\"},\"inLanguage\":\"pt\",\"potentialAction\":[{\"@type\":\"ReadAction\",\"target\":[\"https:\/\/nuggelasule.com\/pt\/producto\/regenerador-cabelo-maca-andina-tratamento-nuggela-sule-ampolas-10-ml\/\"]}]},{\"@type\":\"ImageObject\",\"inLanguage\":\"pt\",\"@id\":\"https:\/\/nuggelasule.com\/pt\/producto\/regenerador-cabelo-maca-andina-tratamento-nuggela-sule-ampolas-10-ml\/#primaryimage\",\"url\":\"https:\/\/nuggelasule.com\/wp-content\/uploads\/2016\/11\/8437014761344_1_Ampolla_Regenerador-Capilar_10ml.jpg\",\"contentUrl\":\"https:\/\/nuggelasule.com\/wp-content\/uploads\/2016\/11\/8437014761344_1_Ampolla_Regenerador-Capilar_10ml.jpg\",\"width\":1800,\"height\":1800},{\"@type\":\"BreadcrumbList\",\"@id\":\"https:\/\/nuggelasule.com\/pt\/producto\/regenerador-cabelo-maca-andina-tratamento-nuggela-sule-ampolas-10-ml\/#breadcrumb\",\"itemListElement\":[{\"@type\":\"ListItem\",\"position\":1,\"name\":\"Portada\",\"item\":\"https:\/\/nuggelasule.com\/pt\/\"},{\"@type\":\"ListItem\",\"position\":2,\"name\":\"Tienda\",\"item\":\"https:\/\/nuggelasule.com\/pt\/tienda\/\"},{\"@type\":\"ListItem\",\"position\":3,\"name\":\"Ampolas Regeneradoras de Cabelo\"}]},{\"@type\":\"WebSite\",\"@id\":\"https:\/\/nuggelasule.com\/#website\",\"url\":\"https:\/\/nuggelasule.com\/\",\"name\":\"Nuggela &amp; Sul\u00e9\",\"description\":\"Los mejores productos para la salud y belleza del cabello\",\"publisher\":{\"@id\":\"https:\/\/nuggelasule.com\/#organization\"},\"potentialAction\":[{\"@type\":\"SearchAction\",\"target\":{\"@type\":\"EntryPoint\",\"urlTemplate\":\"https:\/\/nuggelasule.com\/?s={search_term_string}\"},\"query-input\":{\"@type\":\"PropertyValueSpecification\",\"valueRequired\":true,\"valueName\":\"search_term_string\"}}],\"inLanguage\":\"pt\"},{\"@type\":\"Organization\",\"@id\":\"https:\/\/nuggelasule.com\/#organization\",\"name\":\"Nuggela&Sul\u00e9 S.L.\",\"url\":\"https:\/\/nuggelasule.com\/\",\"logo\":{\"@type\":\"ImageObject\",\"inLanguage\":\"pt\",\"@id\":\"https:\/\/nuggelasule.com\/#\/schema\/logo\/image\/\",\"url\":\"\",\"contentUrl\":\"\",\"caption\":\"Nuggela&Sul\u00e9 S.L.\"},\"image\":{\"@id\":\"https:\/\/nuggelasule.com\/#\/schema\/logo\/image\/\"},\"sameAs\":[\"https:\/\/www.facebook.com\/nuggelasule\/\",\"https:\/\/x.com\/nuggelasule\",\"https:\/\/www.instagram.com\/nuggela_sule\/\",\"https:\/\/www.linkedin.com\/company\/9406545\",\"https:\/\/www.youtube.com\/channel\/UCP-uGf_c8i2FI4TXfhffEKw\"]}]}<\/script>\n<!-- \/ Yoast SEO plugin. -->","yoast_head_json":{"title":"Regenerador Capilar \u2013 Nuggela & Sul\u00e9 30% de Aumento de Cabelo!","description":"Ampolas Regeneradoras Capilares para homens e mulheres. A f\u00f3rmula mais potente para aumentar at\u00e9 30% a densidade do cabelo e 27% a sua espessura.","robots":{"index":"index","follow":"follow","max-snippet":"max-snippet:-1","max-image-preview":"max-image-preview:large","max-video-preview":"max-video-preview:-1"},"canonical":"https:\/\/nuggelasule.com\/pt\/producto\/regenerador-cabelo-maca-andina-tratamento-nuggela-sule-ampolas-10-ml\/","og_locale":"pt_PT","og_type":"article","og_title":"Regenerador Capilar \u2013 Nuggela & Sul\u00e9 30% de Aumento de Cabelo!","og_description":"Ampolas Regeneradoras Capilares para homens e mulheres. A f\u00f3rmula mais potente para aumentar at\u00e9 30% a densidade do cabelo e 27% a sua espessura.","og_url":"https:\/\/nuggelasule.com\/pt\/producto\/regenerador-cabelo-maca-andina-tratamento-nuggela-sule-ampolas-10-ml\/","og_site_name":"Nuggela &amp; Sul\u00e9","article_publisher":"https:\/\/www.facebook.com\/nuggelasule\/","article_modified_time":"2026-04-07T10:34:58+00:00","og_image":[{"width":1800,"height":1800,"url":"https:\/\/nuggelasule.com\/wp-content\/uploads\/2016\/11\/8437014761344_1_Ampolla_Regenerador-Capilar_10ml.jpg","type":"image\/jpeg"}],"twitter_card":"summary_large_image","twitter_site":"@nuggelasule","twitter_misc":{"Est. reading time":"3 minutes"},"schema":{"@context":"https:\/\/schema.org","@graph":[{"@type":"WebPage","@id":"https:\/\/nuggelasule.com\/pt\/producto\/regenerador-cabelo-maca-andina-tratamento-nuggela-sule-ampolas-10-ml\/","url":"https:\/\/nuggelasule.com\/pt\/producto\/regenerador-cabelo-maca-andina-tratamento-nuggela-sule-ampolas-10-ml\/","name":"Regenerador Capilar \u2013 Nuggela & Sul\u00e9 30% de Aumento de Cabelo!","isPartOf":{"@id":"https:\/\/nuggelasule.com\/#website"},"primaryImageOfPage":{"@id":"https:\/\/nuggelasule.com\/pt\/producto\/regenerador-cabelo-maca-andina-tratamento-nuggela-sule-ampolas-10-ml\/#primaryimage"},"image":{"@id":"https:\/\/nuggelasule.com\/pt\/producto\/regenerador-cabelo-maca-andina-tratamento-nuggela-sule-ampolas-10-ml\/#primaryimage"},"thumbnailUrl":"https:\/\/nuggelasule.com\/wp-content\/uploads\/2016\/11\/8437014761344_1_Ampolla_Regenerador-Capilar_10ml.jpg","datePublished":"2016-11-12T19:03:54+00:00","dateModified":"2026-04-07T10:34:58+00:00","description":"Ampolas Regeneradoras Capilares para homens e mulheres. A f\u00f3rmula mais potente para aumentar at\u00e9 30% a densidade do cabelo e 27% a sua espessura.","breadcrumb":{"@id":"https:\/\/nuggelasule.com\/pt\/producto\/regenerador-cabelo-maca-andina-tratamento-nuggela-sule-ampolas-10-ml\/#breadcrumb"},"inLanguage":"pt","potentialAction":[{"@type":"ReadAction","target":["https:\/\/nuggelasule.com\/pt\/producto\/regenerador-cabelo-maca-andina-tratamento-nuggela-sule-ampolas-10-ml\/"]}]},{"@type":"ImageObject","inLanguage":"pt","@id":"https:\/\/nuggelasule.com\/pt\/producto\/regenerador-cabelo-maca-andina-tratamento-nuggela-sule-ampolas-10-ml\/#primaryimage","url":"https:\/\/nuggelasule.com\/wp-content\/uploads\/2016\/11\/8437014761344_1_Ampolla_Regenerador-Capilar_10ml.jpg","contentUrl":"https:\/\/nuggelasule.com\/wp-content\/uploads\/2016\/11\/8437014761344_1_Ampolla_Regenerador-Capilar_10ml.jpg","width":1800,"height":1800},{"@type":"BreadcrumbList","@id":"https:\/\/nuggelasule.com\/pt\/producto\/regenerador-cabelo-maca-andina-tratamento-nuggela-sule-ampolas-10-ml\/#breadcrumb","itemListElement":[{"@type":"ListItem","position":1,"name":"Portada","item":"https:\/\/nuggelasule.com\/pt\/"},{"@type":"ListItem","position":2,"name":"Tienda","item":"https:\/\/nuggelasule.com\/pt\/tienda\/"},{"@type":"ListItem","position":3,"name":"Ampolas Regeneradoras de Cabelo"}]},{"@type":"WebSite","@id":"https:\/\/nuggelasule.com\/#website","url":"https:\/\/nuggelasule.com\/","name":"Nuggela &amp; Sul\u00e9","description":"Los mejores productos para la salud y belleza del cabello","publisher":{"@id":"https:\/\/nuggelasule.com\/#organization"},"potentialAction":[{"@type":"SearchAction","target":{"@type":"EntryPoint","urlTemplate":"https:\/\/nuggelasule.com\/?s={search_term_string}"},"query-input":{"@type":"PropertyValueSpecification","valueRequired":true,"valueName":"search_term_string"}}],"inLanguage":"pt"},{"@type":"Organization","@id":"https:\/\/nuggelasule.com\/#organization","name":"Nuggela&Sul\u00e9 S.L.","url":"https:\/\/nuggelasule.com\/","logo":{"@type":"ImageObject","inLanguage":"pt","@id":"https:\/\/nuggelasule.com\/#\/schema\/logo\/image\/","url":"","contentUrl":"","caption":"Nuggela&Sul\u00e9 S.L."},"image":{"@id":"https:\/\/nuggelasule.com\/#\/schema\/logo\/image\/"},"sameAs":["https:\/\/www.facebook.com\/nuggelasule\/","https:\/\/x.com\/nuggelasule","https:\/\/www.instagram.com\/nuggela_sule\/","https:\/\/www.linkedin.com\/company\/9406545","https:\/\/www.youtube.com\/channel\/UCP-uGf_c8i2FI4TXfhffEKw"]}]}},"_links":{"self":[{"href":"https:\/\/nuggelasule.com\/pt\/wp-json\/wp\/v2\/product\/19135","targetHints":{"allow":["GET"]}}],"collection":[{"href":"https:\/\/nuggelasule.com\/pt\/wp-json\/wp\/v2\/product"}],"about":[{"href":"https:\/\/nuggelasule.com\/pt\/wp-json\/wp\/v2\/types\/product"}],"replies":[{"embeddable":true,"href":"https:\/\/nuggelasule.com\/pt\/wp-json\/wp\/v2\/comments?post=19135"}],"wp:featuredmedia":[{"embeddable":true,"href":"https:\/\/nuggelasule.com\/pt\/wp-json\/wp\/v2\/media\/23386"}],"wp:attachment":[{"href":"https:\/\/nuggelasule.com\/pt\/wp-json\/wp\/v2\/media?parent=19135"}],"wp:term":[{"taxonomy":"product_brand","embeddable":true,"href":"https:\/\/nuggelasule.com\/pt\/wp-json\/wp\/v2\/product_brand?post=19135"},{"taxonomy":"product_cat","embeddable":true,"href":"https:\/\/nuggelasule.com\/pt\/wp-json\/wp\/v2\/product_cat?post=19135"},{"taxonomy":"product_tag","embeddable":true,"href":"https:\/\/nuggelasule.com\/pt\/wp-json\/wp\/v2\/product_tag?post=19135"}],"curies":[{"name":"wp","href":"https:\/\/api.w.org\/{rel}","templated":true}]},"billing":{"billing_DNI":""}}