{"id":19131,"date":"2016-11-13T23:28:29","date_gmt":"2016-11-13T22:28:29","guid":{"rendered":"https:\/\/nuggelasule.com\/producto\/multivitamina-energy-ampollas\/"},"modified":"2026-04-07T12:35:53","modified_gmt":"2026-04-07T10:35:53","slug":"multivitaminica-energy-energia-ampolas-potenciador-da-beleza-do-cabelo-nuggela-sule","status":"publish","type":"product","link":"https:\/\/nuggelasule.com\/pt\/producto\/multivitaminica-energy-energia-ampolas-potenciador-da-beleza-do-cabelo-nuggela-sule\/","title":{"rendered":"Ampolas Multivitam\u00ednicas-Energy"},"content":{"rendered":"<h1><span style=\"color: #282828;\">Ampola Multivitamina-Energy da Nuggela &amp; Sul\u00e9<\/span><\/h1>\n<h4><span style=\"color: #282828;\"><strong>O POTENCIADOR DA BELEZA DO CABELO<\/strong><\/span><\/h4>\n<p>Um potenciador da beleza do cabelo que o ilumina desde a raiz at\u00e9 \u00e0s pontas, nutre-o e fortalece-o desde o interior. F\u00f3rmula exclusiva que fornece vitaminas essenciais para a sa\u00fade capilar, como as vitaminas E, C, B3, B5 e B6.<\/p>\n<p>Com\u00a0<strong><u><a href=\"https:\/\/nuggelasule.com\/pt\/glicogenio_marinho\/\" target=\"_blank\" rel=\"noopener noreferrer\">Glicog\u00e9nio Marinho<\/a><\/u><\/strong>, <strong>Ess\u00eancia de Cana-de-A\u00e7\u00facar<\/strong> e <strong>Casca de Lim\u00e3o<\/strong>, ingredientes ativos que revitalizam e iluminam o cabelo.<\/p>\n<div class=\"row\"  id=\"row-1543395979\">\n\n\t<div id=\"col-1711247587\" class=\"col medium-6 large-6\"  >\n\t\t\t\t<div class=\"col-inner\"  >\n\t\t\t\n\t\t\t\n\n\t\t<div class=\"icon-box featured-box icon-box-center text-center\"  >\n\t\t\t\t<div class=\"icon-box-text last-reset\">\n\t\t\t\t\t\t\t\t\t\n\t<div class=\"img has-hover x md-x lg-x y md-y lg-y\" id=\"image_774021248\">\n\t\t\t\t\t\t\t\t<div class=\"img-inner dark\" >\n\t\t\t<img loading=\"lazy\" decoding=\"async\" width=\"1020\" height=\"1020\" src=\"https:\/\/nuggelasule.com\/wp-content\/uploads\/2016\/11\/multiviamin-amp-box-1024x1024.jpg\" class=\"attachment-large size-large\" alt=\"\" srcset=\"https:\/\/nuggelasule.com\/wp-content\/uploads\/2016\/11\/multiviamin-amp-box-1024x1024.jpg 1024w, https:\/\/nuggelasule.com\/wp-content\/uploads\/2016\/11\/multiviamin-amp-box-300x300.jpg 300w, https:\/\/nuggelasule.com\/wp-content\/uploads\/2016\/11\/multiviamin-amp-box-122x122.jpg 122w, https:\/\/nuggelasule.com\/wp-content\/uploads\/2016\/11\/multiviamin-amp-box-768x768.jpg 768w, https:\/\/nuggelasule.com\/wp-content\/uploads\/2016\/11\/multiviamin-amp-box-1536x1536.jpg 1536w, https:\/\/nuggelasule.com\/wp-content\/uploads\/2016\/11\/multiviamin-amp-box-450x450.jpg 450w, https:\/\/nuggelasule.com\/wp-content\/uploads\/2016\/11\/multiviamin-amp-box-510x510.jpg 510w, https:\/\/nuggelasule.com\/wp-content\/uploads\/2016\/11\/multiviamin-amp-box-100x100.jpg 100w, https:\/\/nuggelasule.com\/wp-content\/uploads\/2016\/11\/multiviamin-amp-box-32x32.jpg 32w, https:\/\/nuggelasule.com\/wp-content\/uploads\/2016\/11\/multiviamin-amp-box-60x60.jpg 60w, https:\/\/nuggelasule.com\/wp-content\/uploads\/2016\/11\/multiviamin-amp-box-90x90.jpg 90w, https:\/\/nuggelasule.com\/wp-content\/uploads\/2016\/11\/multiviamin-amp-box.jpg 2000w\" sizes=\"auto, (max-width: 1020px) 100vw, 1020px\" \/>\t\t\t\t\t\t\n\t\t\t\t\t<\/div>\n\t\t\t\t\t\t\t\t\n<style>\n#image_774021248 {\n  width: 100%;\n}\n<\/style>\n\t<\/div>\n\t\n\t\t<\/div>\n\t<\/div>\n\t\n\t\n\t\t<\/div>\n\t\t\t\t\t<\/div>\n\n\t\n\n\t<div id=\"col-637938029\" class=\"col medium-6 large-6\"  >\n\t\t\t\t<div class=\"col-inner\"  >\n\t\t\t\n\t\t\t\n\n\t\t<div class=\"icon-box featured-box icon-box-center text-center\"  >\n\t\t\t\t<div class=\"icon-box-text last-reset\">\n\t\t\t\t\t\t\t\t\t\n\t<div class=\"img has-hover x md-x lg-x y md-y lg-y\" id=\"image_633662660\">\n\t\t\t\t\t\t\t\t<div class=\"img-inner dark\" >\n\t\t\t<img loading=\"lazy\" decoding=\"async\" width=\"1020\" height=\"1020\" src=\"https:\/\/nuggelasule.com\/wp-content\/uploads\/2016\/11\/MULTIVITAMIN-PT-1024x1024.jpg\" class=\"attachment-large size-large\" alt=\"\" srcset=\"https:\/\/nuggelasule.com\/wp-content\/uploads\/2016\/11\/MULTIVITAMIN-PT-1024x1024.jpg 1024w, https:\/\/nuggelasule.com\/wp-content\/uploads\/2016\/11\/MULTIVITAMIN-PT-300x300.jpg 300w, https:\/\/nuggelasule.com\/wp-content\/uploads\/2016\/11\/MULTIVITAMIN-PT-122x122.jpg 122w, https:\/\/nuggelasule.com\/wp-content\/uploads\/2016\/11\/MULTIVITAMIN-PT-768x768.jpg 768w, https:\/\/nuggelasule.com\/wp-content\/uploads\/2016\/11\/MULTIVITAMIN-PT-1536x1536.jpg 1536w, https:\/\/nuggelasule.com\/wp-content\/uploads\/2016\/11\/MULTIVITAMIN-PT-2048x2048.jpg 2048w, https:\/\/nuggelasule.com\/wp-content\/uploads\/2016\/11\/MULTIVITAMIN-PT-450x450.jpg 450w, https:\/\/nuggelasule.com\/wp-content\/uploads\/2016\/11\/MULTIVITAMIN-PT-510x510.jpg 510w, https:\/\/nuggelasule.com\/wp-content\/uploads\/2016\/11\/MULTIVITAMIN-PT-100x100.jpg 100w, https:\/\/nuggelasule.com\/wp-content\/uploads\/2016\/11\/MULTIVITAMIN-PT-32x32.jpg 32w, https:\/\/nuggelasule.com\/wp-content\/uploads\/2016\/11\/MULTIVITAMIN-PT-60x60.jpg 60w, https:\/\/nuggelasule.com\/wp-content\/uploads\/2016\/11\/MULTIVITAMIN-PT-90x90.jpg 90w\" sizes=\"auto, (max-width: 1020px) 100vw, 1020px\" \/>\t\t\t\t\t\t\n\t\t\t\t\t<\/div>\n\t\t\t\t\t\t\t\t\n<style>\n#image_633662660 {\n  width: 100%;\n}\n<\/style>\n\t<\/div>\n\t\n\t\t<\/div>\n\t<\/div>\n\t\n\t\n\t\t<\/div>\n\t\t\t\t\t<\/div>\n\n\t\n<\/div>\n<div class=\"row\"><div class=\" col medium-6 small-12 large-6\"><div class=\"col  beneficios\"><p class=\"title_charasteritcs\">BENEF\u00cdCIOS<\/p><p class=\"description_charasteritcs\">\u00b7 Ilumina o cabelo da raiz at\u00e9 \u00e0s pontas<br \/>\r\n\u00b7 Proporciona mais volume<br \/>\r\n\u00b7 Mais brilho<br \/>\r\n\u00b7 Elevada dose de nutri\u00e7\u00e3o capilar<br \/>\r\n\u00b7 Devolve vitalidade ao cabelo<\/p><\/div><\/div><div class=\" col medium-6 small-12 large-6\"><div class=\"col indications \"><p class=\"title_charasteritcs\">INDICA\u00c7\u00d5ES<\/p><p class=\"description_charasteritcs\">\u00b7 Para todo o tipo de cabelo<br \/>\r\n\u00b7 Especialmente indicado para cabelos desnutridos, sem vitalidade, sem for\u00e7a e com falta de brilho<br \/>\r\n\u00b7 Com Efeito Flash de Brilho<br \/>\r\n\u00b7 Dermatologicamente testado<\/p><\/div><\/div><\/div>\n<p><strong>TRATAMENTOS:<\/strong><\/p>\n<p>Cada ampola cont\u00e9m produto suficiente para 3 doses. <strong>Aplicar no cabelo e couro cabeludo, da raiz at\u00e9 \u00e0s pontas. N\u00e3o enxaguar.<\/strong><br \/>\nCom Efeito Flash de Brilho, pode ser aplicada sempre que se desejar.<\/p>\n<h3><span style=\"color: #282828;\"><strong>INSTRU\u00c7\u00d5ES DE USO:<\/strong><\/span><\/h3>\n<p><strong>Em cabelo seco ou h\u00famido:<\/strong><\/p>\n<ol>\n<li>Na primeira utiliza\u00e7\u00e3o da ampola, pressionar a tampa para baixo para perfurar a c\u00e2nula.<br \/>\nUma vez aberta (ouvir\u00e1 um \u00abclic\u00bb), retirar a tampa puxando-a<\/li>\n<li>Com o doseador, desenhar 6 a 8 linhas paralelas, da testa at\u00e9 \u00e0 nuca, cobrindo toda a cabe\u00e7a<\/li>\n<li>Massajar com a ponta dos dedos durante cerca de 2 minutos. Pentear o cabelo como habitualmente.<br \/>\nN\u00e3o enxaguar e aguardar cerca de 10 minutos antes de utilizar o secador<\/li>\n<\/ol>\n<p><img loading=\"lazy\" decoding=\"async\" class=\"aligncenter wp-image-13447\" src=\"https:\/\/nuggelasule.com\/wp-content\/uploads\/2025\/04\/AMPOLLAS-INSTRUCTIONS-OF-USE.png\" alt=\"\" width=\"800\" height=\"235\" \/><\/p>\n<div class=\"video video-fit mb\" style=\"padding-top:70%;\"><p><iframe loading=\"lazy\" title=\"AMPOLLAS\" src=\"https:\/\/player.vimeo.com\/video\/986389582?dnt=1&amp;app_id=122963\" width=\"1000\" height=\"1000\" frameborder=\"0\" allow=\"autoplay; fullscreen; picture-in-picture; clipboard-write; encrypted-media\"><\/iframe><\/p>\n<\/div>\n<h3><span style=\"color: #282828;\"><strong>PRINCIPAIS INGREDIENTES ATIVOS:<\/strong><\/span><\/h3>\n<div class=\"row\"  id=\"row-1980233749\">\n\n\t<div id=\"col-757267269\" class=\"col medium-4 large-4\"  >\n\t\t\t\t<div class=\"col-inner\"  >\n\t\t\t\n\t\t\t\n\n\t\t<div class=\"icon-box featured-box icon-box-center text-center\"  >\n\t\t\t\t\t<div class=\"icon-box-img\" style=\"width: 303px\">\n\t\t\t\t<div class=\"icon\">\n\t\t\t\t\t<div class=\"icon-inner\" >\n\t\t\t\t\t\t<img loading=\"lazy\" decoding=\"async\" width=\"300\" height=\"300\" src=\"https:\/\/nuggelasule.com\/wp-content\/uploads\/2021\/03\/GLUCOGENO.jpg\" class=\"attachment-medium size-medium\" alt=\"\" srcset=\"https:\/\/nuggelasule.com\/wp-content\/uploads\/2021\/03\/GLUCOGENO.jpg 300w, https:\/\/nuggelasule.com\/wp-content\/uploads\/2021\/03\/GLUCOGENO-100x100.jpg 100w\" sizes=\"auto, (max-width: 300px) 100vw, 300px\" \/>\t\t\t\t\t<\/div>\n\t\t\t\t<\/div>\n\t\t\t<\/div>\n\t\t\t\t<div class=\"icon-box-text last-reset\">\n\t\t\t<h5 class=\"uppercase\">GLICOG\u00c9NIO MARINHO<\/h5>\t\t\t\t\t\t\n<p>(Glycoenergizer Hair). O Glicog\u00e9nio Marinho, extra\u00eddo das membranas dos moluscos, \u00e9 uma das fontes de energia mais poderosas da natureza. Quando aplicado ao cabelo, fornece uma dose extra de glicog\u00eanio que fortalece e revitaliza o cabelo, prevenindo a perda de cabelo e o envelhecimento. Este ingrediente \u00e9 particularmente eficaz no fortalecimento de cabelos fr\u00e1geis e quebradi\u00e7os.<\/p>\n\t\t<\/div>\n\t<\/div>\n\t\n\t\n\t\t<\/div>\n\t\t\t\t\t<\/div>\n\n\t\n\n\t<div id=\"col-254943276\" class=\"col medium-4 large-4\"  >\n\t\t\t\t<div class=\"col-inner\"  >\n\t\t\t\n\t\t\t\n\n\t\t<div class=\"icon-box featured-box icon-box-center text-center\"  >\n\t\t\t\t\t<div class=\"icon-box-img\" style=\"width: 303px\">\n\t\t\t\t<div class=\"icon\">\n\t\t\t\t\t<div class=\"icon-inner\" >\n\t\t\t\t\t\t<img loading=\"lazy\" decoding=\"async\" width=\"300\" height=\"300\" src=\"https:\/\/nuggelasule.com\/wp-content\/uploads\/2021\/04\/esencia-cana-azucar.jpg\" class=\"attachment-medium size-medium\" alt=\"\" srcset=\"https:\/\/nuggelasule.com\/wp-content\/uploads\/2021\/04\/esencia-cana-azucar.jpg 500w, https:\/\/nuggelasule.com\/wp-content\/uploads\/2021\/04\/esencia-cana-azucar-450x450.jpg 450w, https:\/\/nuggelasule.com\/wp-content\/uploads\/2021\/04\/esencia-cana-azucar-100x100.jpg 100w\" sizes=\"auto, (max-width: 300px) 100vw, 300px\" \/>\t\t\t\t\t<\/div>\n\t\t\t\t<\/div>\n\t\t\t<\/div>\n\t\t\t\t<div class=\"icon-box-text last-reset\">\n\t\t\t<h5 class=\"uppercase\">ESS\u00caNCIA DE CANA-DE-A\u00c7\u00daCAR<\/h5>\t\t\t\t\t\t\n<p>Com carboidratos e vitaminas do complexo B. Regenera e fortalece o cabelo. Reduz o frizz do cabelo e protege-o contra agentes externos. Previne o envelhecimento precoce do cabelo e estimula a produ\u00e7\u00e3o de col\u00e1geno e elastina, proporcionando ao cabelo maior elasticidade e flexibilidade. Proporciona brilho extra e maciez.<\/p>\n\t\t<\/div>\n\t<\/div>\n\t\n\t\n\t\t<\/div>\n\t\t\t\t\t<\/div>\n\n\t\n\n\t<div id=\"col-440527235\" class=\"col medium-4 large-4\"  >\n\t\t\t\t<div class=\"col-inner\"  >\n\t\t\t\n\t\t\t\n\n\t\t<div class=\"icon-box featured-box icon-box-center text-center\"  >\n\t\t\t\t\t<div class=\"icon-box-img\" style=\"width: 303px\">\n\t\t\t\t<div class=\"icon\">\n\t\t\t\t\t<div class=\"icon-inner\" >\n\t\t\t\t\t\t<img loading=\"lazy\" decoding=\"async\" width=\"300\" height=\"300\" src=\"https:\/\/nuggelasule.com\/wp-content\/uploads\/2021\/04\/cascaralimon.jpg\" class=\"attachment-medium size-medium\" alt=\"\" srcset=\"https:\/\/nuggelasule.com\/wp-content\/uploads\/2021\/04\/cascaralimon.jpg 500w, https:\/\/nuggelasule.com\/wp-content\/uploads\/2021\/04\/cascaralimon-450x450.jpg 450w, https:\/\/nuggelasule.com\/wp-content\/uploads\/2021\/04\/cascaralimon-100x100.jpg 100w\" sizes=\"auto, (max-width: 300px) 100vw, 300px\" \/>\t\t\t\t\t<\/div>\n\t\t\t\t<\/div>\n\t\t\t<\/div>\n\t\t\t\t<div class=\"icon-box-text last-reset\">\n\t\t\t<h5 class=\"uppercase\">CASCA DE LIM\u00c3O<\/h5>\t\t\t\t\t\t\n<p>Ingrediente ativo rico em vitaminas do complexo B, C e A. Com propriedades adstringentes que ajudam a eliminar o excesso de sebo do cabelo e fortalec\u00ea-lo. Um excelente aliado na limpeza dos cabelos, eliminando problemas de caspa e proporcionando brilho e luminosidade.<\/p>\n\t\t<\/div>\n\t<\/div>\n\t\n\t\n\t\t<\/div>\n\t\t\t\t\t<\/div>\n\n\t\n<\/div>\n","protected":false},"excerpt":{"rendered":"<hr size=\"4\" \/>\n<p>Uma f\u00f3rmula exclusiva que fornece vitaminas essenciais e ingredientes ativos para revitalizar e iluminar o cabelo<\/p>\n<p>2 Formatos Dispon\u00edveis:<\/p>\n<p>&#8211; <strong>Ampola unit\u00e1ria <\/strong> (10 ml): <em><strong>tratamento para 1 semana<\/strong><\/em><br \/>\n&#8211; <strong>Pack de 4 ampolas<\/strong> (10 ml): <em><strong>tratamento para 1 m\u00eas<\/strong><\/em><\/p>\n","protected":false},"featured_media":23377,"comment_status":"closed","ping_status":"closed","template":"","meta":{"_acf_changed":false,"_iconic_wsb_product_page_order_bump_ids":[[]],"_sku":[],"_iconic_wsb_product_page_bump_modal_ids":[[]]},"product_brand":[],"product_cat":[273,244],"product_tag":[247],"class_list":{"0":"post-19131","1":"product","2":"type-product","3":"status-publish","4":"has-post-thumbnail","6":"product_cat-ampolas-pt","7":"product_cat-todos-pt","8":"product_tag-brillo-y-volumen-pt","10":"first","11":"instock","12":"taxable","13":"shipping-taxable","14":"purchasable","15":"product-type-variable"},"acf":[],"yoast_head":"<!-- This site is optimized with the Yoast SEO plugin v27.0 - https:\/\/yoast.com\/product\/yoast-seo-wordpress\/ -->\n<title>Ampolas Multivitam\u00ednicas-Energy - Nuggela &amp; Sul\u00e9<\/title>\n<meta name=\"description\" content=\"As Ampolas Multivitam\u00ednicas-Energy da Nuggela &amp; Sul\u00e9, s\u00e3o um s\u00e9rum natural potenciador da beleza do cabelo. Revitaliza e ilumina instantaneamente!\" \/>\n<meta name=\"robots\" content=\"index, follow, max-snippet:-1, max-image-preview:large, max-video-preview:-1\" \/>\n<link rel=\"canonical\" href=\"https:\/\/nuggelasule.com\/pt\/producto\/multivitaminica-energy-energia-ampolas-potenciador-da-beleza-do-cabelo-nuggela-sule\/\" \/>\n<meta property=\"og:locale\" content=\"pt_PT\" \/>\n<meta property=\"og:type\" content=\"article\" \/>\n<meta property=\"og:title\" content=\"Ampolas Multivitam\u00ednicas-Energy - Nuggela &amp; Sul\u00e9\" \/>\n<meta property=\"og:description\" content=\"As Ampolas Multivitam\u00ednicas-Energy da Nuggela &amp; Sul\u00e9, s\u00e3o um s\u00e9rum natural potenciador da beleza do cabelo. Revitaliza e ilumina instantaneamente!\" \/>\n<meta property=\"og:url\" content=\"https:\/\/nuggelasule.com\/pt\/producto\/multivitaminica-energy-energia-ampolas-potenciador-da-beleza-do-cabelo-nuggela-sule\/\" \/>\n<meta property=\"og:site_name\" content=\"Nuggela &amp; Sul\u00e9\" \/>\n<meta property=\"article:publisher\" content=\"https:\/\/www.facebook.com\/nuggelasule\/\" \/>\n<meta property=\"article:modified_time\" content=\"2026-04-07T10:35:53+00:00\" \/>\n<meta property=\"og:image\" content=\"https:\/\/nuggelasule.com\/wp-content\/uploads\/2016\/11\/8437014761405_1_Ampolla_Multivitamina-Energy_10ml.jpg\" \/>\n\t<meta property=\"og:image:width\" content=\"1800\" \/>\n\t<meta property=\"og:image:height\" content=\"1800\" \/>\n\t<meta property=\"og:image:type\" content=\"image\/jpeg\" \/>\n<meta name=\"twitter:card\" content=\"summary_large_image\" \/>\n<meta name=\"twitter:site\" content=\"@nuggelasule\" \/>\n<meta name=\"twitter:label1\" content=\"Est. reading time\" \/>\n\t<meta name=\"twitter:data1\" content=\"3 minutes\" \/>\n<script type=\"application\/ld+json\" class=\"yoast-schema-graph\">{\"@context\":\"https:\/\/schema.org\",\"@graph\":[{\"@type\":\"WebPage\",\"@id\":\"https:\/\/nuggelasule.com\/pt\/producto\/multivitaminica-energy-energia-ampolas-potenciador-da-beleza-do-cabelo-nuggela-sule\/\",\"url\":\"https:\/\/nuggelasule.com\/pt\/producto\/multivitaminica-energy-energia-ampolas-potenciador-da-beleza-do-cabelo-nuggela-sule\/\",\"name\":\"Ampolas Multivitam\u00ednicas-Energy - Nuggela & Sul\u00e9\",\"isPartOf\":{\"@id\":\"https:\/\/nuggelasule.com\/#website\"},\"primaryImageOfPage\":{\"@id\":\"https:\/\/nuggelasule.com\/pt\/producto\/multivitaminica-energy-energia-ampolas-potenciador-da-beleza-do-cabelo-nuggela-sule\/#primaryimage\"},\"image\":{\"@id\":\"https:\/\/nuggelasule.com\/pt\/producto\/multivitaminica-energy-energia-ampolas-potenciador-da-beleza-do-cabelo-nuggela-sule\/#primaryimage\"},\"thumbnailUrl\":\"https:\/\/nuggelasule.com\/wp-content\/uploads\/2016\/11\/8437014761405_1_Ampolla_Multivitamina-Energy_10ml.jpg\",\"datePublished\":\"2016-11-13T22:28:29+00:00\",\"dateModified\":\"2026-04-07T10:35:53+00:00\",\"description\":\"As Ampolas Multivitam\u00ednicas-Energy da Nuggela & Sul\u00e9, s\u00e3o um s\u00e9rum natural potenciador da beleza do cabelo. Revitaliza e ilumina instantaneamente!\",\"breadcrumb\":{\"@id\":\"https:\/\/nuggelasule.com\/pt\/producto\/multivitaminica-energy-energia-ampolas-potenciador-da-beleza-do-cabelo-nuggela-sule\/#breadcrumb\"},\"inLanguage\":\"pt\",\"potentialAction\":[{\"@type\":\"ReadAction\",\"target\":[\"https:\/\/nuggelasule.com\/pt\/producto\/multivitaminica-energy-energia-ampolas-potenciador-da-beleza-do-cabelo-nuggela-sule\/\"]}]},{\"@type\":\"ImageObject\",\"inLanguage\":\"pt\",\"@id\":\"https:\/\/nuggelasule.com\/pt\/producto\/multivitaminica-energy-energia-ampolas-potenciador-da-beleza-do-cabelo-nuggela-sule\/#primaryimage\",\"url\":\"https:\/\/nuggelasule.com\/wp-content\/uploads\/2016\/11\/8437014761405_1_Ampolla_Multivitamina-Energy_10ml.jpg\",\"contentUrl\":\"https:\/\/nuggelasule.com\/wp-content\/uploads\/2016\/11\/8437014761405_1_Ampolla_Multivitamina-Energy_10ml.jpg\",\"width\":1800,\"height\":1800},{\"@type\":\"BreadcrumbList\",\"@id\":\"https:\/\/nuggelasule.com\/pt\/producto\/multivitaminica-energy-energia-ampolas-potenciador-da-beleza-do-cabelo-nuggela-sule\/#breadcrumb\",\"itemListElement\":[{\"@type\":\"ListItem\",\"position\":1,\"name\":\"Portada\",\"item\":\"https:\/\/nuggelasule.com\/pt\/\"},{\"@type\":\"ListItem\",\"position\":2,\"name\":\"Tienda\",\"item\":\"https:\/\/nuggelasule.com\/pt\/tienda\/\"},{\"@type\":\"ListItem\",\"position\":3,\"name\":\"Ampolas Multivitam\u00ednicas-Energy\"}]},{\"@type\":\"WebSite\",\"@id\":\"https:\/\/nuggelasule.com\/#website\",\"url\":\"https:\/\/nuggelasule.com\/\",\"name\":\"Nuggela &amp; Sul\u00e9\",\"description\":\"Los mejores productos para la salud y belleza del cabello\",\"publisher\":{\"@id\":\"https:\/\/nuggelasule.com\/#organization\"},\"potentialAction\":[{\"@type\":\"SearchAction\",\"target\":{\"@type\":\"EntryPoint\",\"urlTemplate\":\"https:\/\/nuggelasule.com\/?s={search_term_string}\"},\"query-input\":{\"@type\":\"PropertyValueSpecification\",\"valueRequired\":true,\"valueName\":\"search_term_string\"}}],\"inLanguage\":\"pt\"},{\"@type\":\"Organization\",\"@id\":\"https:\/\/nuggelasule.com\/#organization\",\"name\":\"Nuggela&Sul\u00e9 S.L.\",\"url\":\"https:\/\/nuggelasule.com\/\",\"logo\":{\"@type\":\"ImageObject\",\"inLanguage\":\"pt\",\"@id\":\"https:\/\/nuggelasule.com\/#\/schema\/logo\/image\/\",\"url\":\"\",\"contentUrl\":\"\",\"caption\":\"Nuggela&Sul\u00e9 S.L.\"},\"image\":{\"@id\":\"https:\/\/nuggelasule.com\/#\/schema\/logo\/image\/\"},\"sameAs\":[\"https:\/\/www.facebook.com\/nuggelasule\/\",\"https:\/\/x.com\/nuggelasule\",\"https:\/\/www.instagram.com\/nuggela_sule\/\",\"https:\/\/www.linkedin.com\/company\/9406545\",\"https:\/\/www.youtube.com\/channel\/UCP-uGf_c8i2FI4TXfhffEKw\"]}]}<\/script>\n<!-- \/ Yoast SEO plugin. -->","yoast_head_json":{"title":"Ampolas Multivitam\u00ednicas-Energy - Nuggela & Sul\u00e9","description":"As Ampolas Multivitam\u00ednicas-Energy da Nuggela & Sul\u00e9, s\u00e3o um s\u00e9rum natural potenciador da beleza do cabelo. Revitaliza e ilumina instantaneamente!","robots":{"index":"index","follow":"follow","max-snippet":"max-snippet:-1","max-image-preview":"max-image-preview:large","max-video-preview":"max-video-preview:-1"},"canonical":"https:\/\/nuggelasule.com\/pt\/producto\/multivitaminica-energy-energia-ampolas-potenciador-da-beleza-do-cabelo-nuggela-sule\/","og_locale":"pt_PT","og_type":"article","og_title":"Ampolas Multivitam\u00ednicas-Energy - Nuggela & Sul\u00e9","og_description":"As Ampolas Multivitam\u00ednicas-Energy da Nuggela & Sul\u00e9, s\u00e3o um s\u00e9rum natural potenciador da beleza do cabelo. Revitaliza e ilumina instantaneamente!","og_url":"https:\/\/nuggelasule.com\/pt\/producto\/multivitaminica-energy-energia-ampolas-potenciador-da-beleza-do-cabelo-nuggela-sule\/","og_site_name":"Nuggela &amp; Sul\u00e9","article_publisher":"https:\/\/www.facebook.com\/nuggelasule\/","article_modified_time":"2026-04-07T10:35:53+00:00","og_image":[{"width":1800,"height":1800,"url":"https:\/\/nuggelasule.com\/wp-content\/uploads\/2016\/11\/8437014761405_1_Ampolla_Multivitamina-Energy_10ml.jpg","type":"image\/jpeg"}],"twitter_card":"summary_large_image","twitter_site":"@nuggelasule","twitter_misc":{"Est. reading time":"3 minutes"},"schema":{"@context":"https:\/\/schema.org","@graph":[{"@type":"WebPage","@id":"https:\/\/nuggelasule.com\/pt\/producto\/multivitaminica-energy-energia-ampolas-potenciador-da-beleza-do-cabelo-nuggela-sule\/","url":"https:\/\/nuggelasule.com\/pt\/producto\/multivitaminica-energy-energia-ampolas-potenciador-da-beleza-do-cabelo-nuggela-sule\/","name":"Ampolas Multivitam\u00ednicas-Energy - Nuggela & Sul\u00e9","isPartOf":{"@id":"https:\/\/nuggelasule.com\/#website"},"primaryImageOfPage":{"@id":"https:\/\/nuggelasule.com\/pt\/producto\/multivitaminica-energy-energia-ampolas-potenciador-da-beleza-do-cabelo-nuggela-sule\/#primaryimage"},"image":{"@id":"https:\/\/nuggelasule.com\/pt\/producto\/multivitaminica-energy-energia-ampolas-potenciador-da-beleza-do-cabelo-nuggela-sule\/#primaryimage"},"thumbnailUrl":"https:\/\/nuggelasule.com\/wp-content\/uploads\/2016\/11\/8437014761405_1_Ampolla_Multivitamina-Energy_10ml.jpg","datePublished":"2016-11-13T22:28:29+00:00","dateModified":"2026-04-07T10:35:53+00:00","description":"As Ampolas Multivitam\u00ednicas-Energy da Nuggela & Sul\u00e9, s\u00e3o um s\u00e9rum natural potenciador da beleza do cabelo. Revitaliza e ilumina instantaneamente!","breadcrumb":{"@id":"https:\/\/nuggelasule.com\/pt\/producto\/multivitaminica-energy-energia-ampolas-potenciador-da-beleza-do-cabelo-nuggela-sule\/#breadcrumb"},"inLanguage":"pt","potentialAction":[{"@type":"ReadAction","target":["https:\/\/nuggelasule.com\/pt\/producto\/multivitaminica-energy-energia-ampolas-potenciador-da-beleza-do-cabelo-nuggela-sule\/"]}]},{"@type":"ImageObject","inLanguage":"pt","@id":"https:\/\/nuggelasule.com\/pt\/producto\/multivitaminica-energy-energia-ampolas-potenciador-da-beleza-do-cabelo-nuggela-sule\/#primaryimage","url":"https:\/\/nuggelasule.com\/wp-content\/uploads\/2016\/11\/8437014761405_1_Ampolla_Multivitamina-Energy_10ml.jpg","contentUrl":"https:\/\/nuggelasule.com\/wp-content\/uploads\/2016\/11\/8437014761405_1_Ampolla_Multivitamina-Energy_10ml.jpg","width":1800,"height":1800},{"@type":"BreadcrumbList","@id":"https:\/\/nuggelasule.com\/pt\/producto\/multivitaminica-energy-energia-ampolas-potenciador-da-beleza-do-cabelo-nuggela-sule\/#breadcrumb","itemListElement":[{"@type":"ListItem","position":1,"name":"Portada","item":"https:\/\/nuggelasule.com\/pt\/"},{"@type":"ListItem","position":2,"name":"Tienda","item":"https:\/\/nuggelasule.com\/pt\/tienda\/"},{"@type":"ListItem","position":3,"name":"Ampolas Multivitam\u00ednicas-Energy"}]},{"@type":"WebSite","@id":"https:\/\/nuggelasule.com\/#website","url":"https:\/\/nuggelasule.com\/","name":"Nuggela &amp; Sul\u00e9","description":"Los mejores productos para la salud y belleza del cabello","publisher":{"@id":"https:\/\/nuggelasule.com\/#organization"},"potentialAction":[{"@type":"SearchAction","target":{"@type":"EntryPoint","urlTemplate":"https:\/\/nuggelasule.com\/?s={search_term_string}"},"query-input":{"@type":"PropertyValueSpecification","valueRequired":true,"valueName":"search_term_string"}}],"inLanguage":"pt"},{"@type":"Organization","@id":"https:\/\/nuggelasule.com\/#organization","name":"Nuggela&Sul\u00e9 S.L.","url":"https:\/\/nuggelasule.com\/","logo":{"@type":"ImageObject","inLanguage":"pt","@id":"https:\/\/nuggelasule.com\/#\/schema\/logo\/image\/","url":"","contentUrl":"","caption":"Nuggela&Sul\u00e9 S.L."},"image":{"@id":"https:\/\/nuggelasule.com\/#\/schema\/logo\/image\/"},"sameAs":["https:\/\/www.facebook.com\/nuggelasule\/","https:\/\/x.com\/nuggelasule","https:\/\/www.instagram.com\/nuggela_sule\/","https:\/\/www.linkedin.com\/company\/9406545","https:\/\/www.youtube.com\/channel\/UCP-uGf_c8i2FI4TXfhffEKw"]}]}},"_links":{"self":[{"href":"https:\/\/nuggelasule.com\/pt\/wp-json\/wp\/v2\/product\/19131","targetHints":{"allow":["GET"]}}],"collection":[{"href":"https:\/\/nuggelasule.com\/pt\/wp-json\/wp\/v2\/product"}],"about":[{"href":"https:\/\/nuggelasule.com\/pt\/wp-json\/wp\/v2\/types\/product"}],"replies":[{"embeddable":true,"href":"https:\/\/nuggelasule.com\/pt\/wp-json\/wp\/v2\/comments?post=19131"}],"wp:featuredmedia":[{"embeddable":true,"href":"https:\/\/nuggelasule.com\/pt\/wp-json\/wp\/v2\/media\/23377"}],"wp:attachment":[{"href":"https:\/\/nuggelasule.com\/pt\/wp-json\/wp\/v2\/media?parent=19131"}],"wp:term":[{"taxonomy":"product_brand","embeddable":true,"href":"https:\/\/nuggelasule.com\/pt\/wp-json\/wp\/v2\/product_brand?post=19131"},{"taxonomy":"product_cat","embeddable":true,"href":"https:\/\/nuggelasule.com\/pt\/wp-json\/wp\/v2\/product_cat?post=19131"},{"taxonomy":"product_tag","embeddable":true,"href":"https:\/\/nuggelasule.com\/pt\/wp-json\/wp\/v2\/product_tag?post=19131"}],"curies":[{"name":"wp","href":"https:\/\/api.w.org\/{rel}","templated":true}]},"billing":{"billing_DNI":""}}