{"id":19071,"date":"2021-07-16T17:42:08","date_gmt":"2021-07-16T15:42:08","guid":{"rendered":"https:\/\/nuggelasule.com\/producto\/tote-bags\/"},"modified":"2025-04-15T09:21:32","modified_gmt":"2025-04-15T07:21:32","slug":"tote-bags-cores-reutilizaveis","status":"publish","type":"product","link":"https:\/\/nuggelasule.com\/pt\/producto\/tote-bags-cores-reutilizaveis\/","title":{"rendered":"TOTE Bags"},"content":{"rendered":"<h1><span style=\"color: #282828;\">TOTE Bags da Nuggela &#038; Sul\u00e9<\/span><\/h1>\n<h4><span style=\"color: #282828;\"><strong>Sacos 100% Reutiliz\u00e1veis com log\u00f3tipo exclusivo da marca<\/strong><\/span><\/h4>\n<p>Descobre os nossos sacos de alta qualidade, confecionados em 100% algod\u00e3o, com um design exclusivo e elegante com o nosso log\u00f3tipo. Gra\u00e7as \u00e0s suas al\u00e7as longas e resistentes, tornam-se no complemento perfeito para te acompanhar no dia a dia.<\/p>\n<p>Seja para fazer compras, ir para o trabalho, para a praia ou simplesmente dar um passeio, estes sacos s\u00e3o t\u00e3o vers\u00e1teis quanto pr\u00e1ticos. O seu design intemporal reflete o esp\u00edrito da marca, tornando-os num acess\u00f3rio imprescind\u00edvel para os verdadeiros amantes da Nuggela &#038; Sul\u00e9.<\/p>\n<p><strong>COM ESTILO E PROP\u00d3SITO<\/strong><br \/>\nLeva-os contigo para todo o lado e deixa que o universo Nuggela &#038; Sul\u00e9 fa\u00e7a parte do teu quotidiano. Mais do que um saco, \u00e9 uma forma de expressar quem \u00e9s: natural, consciente e com muito estilo.<\/p>\n<div class=\"row\"  id=\"row-930006518\">\n\n\t<div id=\"col-1308722382\" class=\"col medium-6 large-6\"  >\n\t\t\t\t<div class=\"col-inner\"  >\n\t\t\t\n\t\t\t\n\n\t\t<div class=\"icon-box featured-box icon-box-center text-center\"  >\n\t\t\t\t<div class=\"icon-box-text last-reset\">\n\t\t\t\t\t\t\t\t\t\n\t<div class=\"img has-hover x md-x lg-x y md-y lg-y\" id=\"image_2004900640\">\n\t\t\t\t\t\t\t\t<div class=\"img-inner dark\" >\n\t\t\t<img loading=\"lazy\" decoding=\"async\" width=\"1020\" height=\"1020\" src=\"https:\/\/nuggelasule.com\/wp-content\/uploads\/2021\/07\/verde-1-1024x1024.jpg\" class=\"attachment-large size-large\" alt=\"\" srcset=\"https:\/\/nuggelasule.com\/wp-content\/uploads\/2021\/07\/verde-1-1024x1024.jpg 1024w, https:\/\/nuggelasule.com\/wp-content\/uploads\/2021\/07\/verde-1-300x300.jpg 300w, https:\/\/nuggelasule.com\/wp-content\/uploads\/2021\/07\/verde-1-122x122.jpg 122w, https:\/\/nuggelasule.com\/wp-content\/uploads\/2021\/07\/verde-1-768x768.jpg 768w, https:\/\/nuggelasule.com\/wp-content\/uploads\/2021\/07\/verde-1-1536x1536.jpg 1536w, https:\/\/nuggelasule.com\/wp-content\/uploads\/2021\/07\/verde-1-450x450.jpg 450w, https:\/\/nuggelasule.com\/wp-content\/uploads\/2021\/07\/verde-1-510x510.jpg 510w, https:\/\/nuggelasule.com\/wp-content\/uploads\/2021\/07\/verde-1-100x100.jpg 100w, https:\/\/nuggelasule.com\/wp-content\/uploads\/2021\/07\/verde-1-32x32.jpg 32w, https:\/\/nuggelasule.com\/wp-content\/uploads\/2021\/07\/verde-1-60x60.jpg 60w, https:\/\/nuggelasule.com\/wp-content\/uploads\/2021\/07\/verde-1-90x90.jpg 90w, https:\/\/nuggelasule.com\/wp-content\/uploads\/2021\/07\/verde-1.jpg 2000w\" sizes=\"auto, (max-width: 1020px) 100vw, 1020px\" \/>\t\t\t\t\t\t\n\t\t\t\t\t<\/div>\n\t\t\t\t\t\t\t\t\n<style>\n#image_2004900640 {\n  width: 100%;\n}\n<\/style>\n\t<\/div>\n\t\n\t\t<\/div>\n\t<\/div>\n\t\n\t\n\t\t<\/div>\n\t\t\t\t\t<\/div>\n\n\t\n\n\t<div id=\"col-1782168932\" class=\"col medium-6 large-6\"  >\n\t\t\t\t<div class=\"col-inner\"  >\n\t\t\t\n\t\t\t\n\n\t\t<div class=\"icon-box featured-box icon-box-center text-center\"  >\n\t\t\t\t<div class=\"icon-box-text last-reset\">\n\t\t\t\t\t\t\t\t\t\n\t<div class=\"img has-hover x md-x lg-x y md-y lg-y\" id=\"image_675528560\">\n\t\t\t\t\t\t\t\t<div class=\"img-inner dark\" >\n\t\t\t<img loading=\"lazy\" decoding=\"async\" width=\"1020\" height=\"1020\" src=\"https:\/\/nuggelasule.com\/wp-content\/uploads\/2025\/04\/TOTE-ONION-PT-1024x1024.jpg\" class=\"attachment-large size-large\" alt=\"\" srcset=\"https:\/\/nuggelasule.com\/wp-content\/uploads\/2025\/04\/TOTE-ONION-PT-1024x1024.jpg 1024w, https:\/\/nuggelasule.com\/wp-content\/uploads\/2025\/04\/TOTE-ONION-PT-300x300.jpg 300w, https:\/\/nuggelasule.com\/wp-content\/uploads\/2025\/04\/TOTE-ONION-PT-122x122.jpg 122w, https:\/\/nuggelasule.com\/wp-content\/uploads\/2025\/04\/TOTE-ONION-PT-768x768.jpg 768w, https:\/\/nuggelasule.com\/wp-content\/uploads\/2025\/04\/TOTE-ONION-PT-1536x1536.jpg 1536w, https:\/\/nuggelasule.com\/wp-content\/uploads\/2025\/04\/TOTE-ONION-PT-2048x2048.jpg 2048w, https:\/\/nuggelasule.com\/wp-content\/uploads\/2025\/04\/TOTE-ONION-PT-450x450.jpg 450w, https:\/\/nuggelasule.com\/wp-content\/uploads\/2025\/04\/TOTE-ONION-PT-510x510.jpg 510w, https:\/\/nuggelasule.com\/wp-content\/uploads\/2025\/04\/TOTE-ONION-PT-100x100.jpg 100w, https:\/\/nuggelasule.com\/wp-content\/uploads\/2025\/04\/TOTE-ONION-PT-32x32.jpg 32w, https:\/\/nuggelasule.com\/wp-content\/uploads\/2025\/04\/TOTE-ONION-PT-60x60.jpg 60w, https:\/\/nuggelasule.com\/wp-content\/uploads\/2025\/04\/TOTE-ONION-PT-90x90.jpg 90w\" sizes=\"auto, (max-width: 1020px) 100vw, 1020px\" \/>\t\t\t\t\t\t\n\t\t\t\t\t<\/div>\n\t\t\t\t\t\t\t\t\n<style>\n#image_675528560 {\n  width: 100%;\n}\n<\/style>\n\t<\/div>\n\t\n\t\t<\/div>\n\t<\/div>\n\t\n\t\n\t\t<\/div>\n\t\t\t\t\t<\/div>\n\n\t\n<\/div>\n<div class=\"row\"><div class=\" col medium-6 small-12 large-6\"><div class=\"col  beneficios\"><p class=\"title_charasteritcs\">BENEF\u00cdCIOS<\/p><p class=\"description_charasteritcs\">\u00b7 100% algod\u00e3o<br \/>\r\n\u00b7 Bolsa reutiliz\u00e1vel<br \/>\r\n\u00b7 Bolsa resistente<br \/>\r\n\u00b7 Abertura larga<br \/>\r\n\u00b7 Al\u00e7as compridas<br \/>\r\n\u00b7 Com log\u00f3tipo da marca<\/p><\/div><\/div><div class=\" col medium-6 small-12 large-6\"><div class=\"col indications \"><p class=\"title_charasteritcs\">INDICA\u00c7\u00d5ES<\/p><p class=\"description_charasteritcs\">\u00b7 Lavar na m\u00e1quina a uma temperatura m\u00e1xima de 30\u00baC<br \/>\r\n\u00b7 N\u00e3o utilizar m\u00e1quina de secar<br \/>\r\n\u00b7 Passar a ferro a temperatura m\u00e9dia<br \/>\r\n\u00b7 N\u00e3o utilizar lix\u00edvia<\/p><\/div><\/div><\/div>\n<div class=\"row\"  id=\"row-1793401957\">\n\n\t<div id=\"col-1011529834\" class=\"col small-12 large-12\"  >\n\t\t\t\t<div class=\"col-inner\"  >\n\t\t\t\n\t\t\t\n<div class=\"row\"  id=\"row-960619125\">\n\n\t<div id=\"col-1858194788\" class=\"col small-12 large-12\"  >\n\t\t\t\t<div class=\"col-inner\"  >\n\t\t\t\n\t\t\t\n\t\t<\/div>\n\t\t\t\t\t<\/div>\n\n\t\n<\/div>\n\t\t<\/div>\n\t\t\t\t\t<\/div>\n\n\t\n<\/div>\n","protected":false},"excerpt":{"rendered":"<hr size=\"4\" \/>\n<p>TOTE Bags de 100% algod\u00e3o, pr\u00e1ticas e resistentes, com al\u00e7as longas e um design elegante com o nosso log\u00f3tipo<\/p>\n","protected":false},"featured_media":19076,"comment_status":"closed","ping_status":"closed","template":"","meta":{"_acf_changed":false,"_iconic_wsb_product_page_order_bump_ids":[[]],"_sku":[],"_iconic_wsb_product_page_bump_modal_ids":[[]]},"product_brand":[],"product_cat":[256,244],"product_tag":[],"class_list":{"0":"post-19071","1":"product","2":"type-product","3":"status-publish","4":"has-post-thumbnail","6":"product_cat-acessorios-pt","7":"product_cat-todos-pt","9":"first","10":"instock","11":"taxable","12":"shipping-taxable","13":"purchasable","14":"product-type-variable"},"acf":[],"yoast_head":"<!-- This site is optimized with the Yoast SEO plugin v27.0 - https:\/\/yoast.com\/product\/yoast-seo-wordpress\/ -->\n<title>TOTE Bags - Nuggela &amp; Sul\u00e9<\/title>\n<meta name=\"description\" content=\"Bolsas de algod\u00e3o. Leve consigo a alma de Nuggela &amp; Sul\u00e9: um saco com estilo, consci\u00eancia e personalidade. 3 cores dispon\u00edveis!\" \/>\n<meta name=\"robots\" content=\"index, follow, max-snippet:-1, max-image-preview:large, max-video-preview:-1\" \/>\n<link rel=\"canonical\" href=\"https:\/\/nuggelasule.com\/pt\/producto\/tote-bags-cores-reutilizaveis\/\" \/>\n<meta property=\"og:locale\" content=\"pt_PT\" \/>\n<meta property=\"og:type\" content=\"article\" \/>\n<meta property=\"og:title\" content=\"TOTE Bags - Nuggela &amp; Sul\u00e9\" \/>\n<meta property=\"og:description\" content=\"Bolsas de algod\u00e3o. Leve consigo a alma de Nuggela &amp; Sul\u00e9: um saco com estilo, consci\u00eancia e personalidade. 3 cores dispon\u00edveis!\" \/>\n<meta property=\"og:url\" content=\"https:\/\/nuggelasule.com\/pt\/producto\/tote-bags-cores-reutilizaveis\/\" \/>\n<meta property=\"og:site_name\" content=\"Nuggela &amp; Sul\u00e9\" \/>\n<meta property=\"article:publisher\" content=\"https:\/\/www.facebook.com\/nuggelasule\/\" \/>\n<meta property=\"article:modified_time\" content=\"2025-04-15T07:21:32+00:00\" \/>\n<meta property=\"og:image\" content=\"https:\/\/nuggelasule.com\/wp-content\/uploads\/2021\/07\/tote.jpg\" \/>\n\t<meta property=\"og:image:width\" content=\"2000\" \/>\n\t<meta property=\"og:image:height\" content=\"2092\" \/>\n\t<meta property=\"og:image:type\" content=\"image\/jpeg\" \/>\n<meta name=\"twitter:card\" content=\"summary_large_image\" \/>\n<meta name=\"twitter:site\" content=\"@nuggelasule\" \/>\n<meta name=\"twitter:label1\" content=\"Est. reading time\" \/>\n\t<meta name=\"twitter:data1\" content=\"1 minute\" \/>\n<script type=\"application\/ld+json\" class=\"yoast-schema-graph\">{\"@context\":\"https:\/\/schema.org\",\"@graph\":[{\"@type\":\"WebPage\",\"@id\":\"https:\/\/nuggelasule.com\/pt\/producto\/tote-bags-cores-reutilizaveis\/\",\"url\":\"https:\/\/nuggelasule.com\/pt\/producto\/tote-bags-cores-reutilizaveis\/\",\"name\":\"TOTE Bags - Nuggela &amp; Sul\u00e9\",\"isPartOf\":{\"@id\":\"https:\/\/nuggelasule.com\/#website\"},\"primaryImageOfPage\":{\"@id\":\"https:\/\/nuggelasule.com\/pt\/producto\/tote-bags-cores-reutilizaveis\/#primaryimage\"},\"image\":{\"@id\":\"https:\/\/nuggelasule.com\/pt\/producto\/tote-bags-cores-reutilizaveis\/#primaryimage\"},\"thumbnailUrl\":\"https:\/\/nuggelasule.com\/wp-content\/uploads\/2021\/07\/tote.jpg\",\"datePublished\":\"2021-07-16T15:42:08+00:00\",\"dateModified\":\"2025-04-15T07:21:32+00:00\",\"description\":\"Bolsas de algod\u00e3o. Leve consigo a alma de Nuggela & Sul\u00e9: um saco com estilo, consci\u00eancia e personalidade. 3 cores dispon\u00edveis!\",\"breadcrumb\":{\"@id\":\"https:\/\/nuggelasule.com\/pt\/producto\/tote-bags-cores-reutilizaveis\/#breadcrumb\"},\"inLanguage\":\"pt\",\"potentialAction\":[{\"@type\":\"ReadAction\",\"target\":[\"https:\/\/nuggelasule.com\/pt\/producto\/tote-bags-cores-reutilizaveis\/\"]}]},{\"@type\":\"ImageObject\",\"inLanguage\":\"pt\",\"@id\":\"https:\/\/nuggelasule.com\/pt\/producto\/tote-bags-cores-reutilizaveis\/#primaryimage\",\"url\":\"https:\/\/nuggelasule.com\/wp-content\/uploads\/2021\/07\/tote.jpg\",\"contentUrl\":\"https:\/\/nuggelasule.com\/wp-content\/uploads\/2021\/07\/tote.jpg\",\"width\":2000,\"height\":2092},{\"@type\":\"BreadcrumbList\",\"@id\":\"https:\/\/nuggelasule.com\/pt\/producto\/tote-bags-cores-reutilizaveis\/#breadcrumb\",\"itemListElement\":[{\"@type\":\"ListItem\",\"position\":1,\"name\":\"Portada\",\"item\":\"https:\/\/nuggelasule.com\/pt\/\"},{\"@type\":\"ListItem\",\"position\":2,\"name\":\"Tienda\",\"item\":\"https:\/\/nuggelasule.com\/pt\/tienda\/\"},{\"@type\":\"ListItem\",\"position\":3,\"name\":\"TOTE Bags\"}]},{\"@type\":\"WebSite\",\"@id\":\"https:\/\/nuggelasule.com\/#website\",\"url\":\"https:\/\/nuggelasule.com\/\",\"name\":\"Nuggela &amp; Sul\u00e9\",\"description\":\"Los mejores productos para la salud y belleza del cabello\",\"publisher\":{\"@id\":\"https:\/\/nuggelasule.com\/#organization\"},\"potentialAction\":[{\"@type\":\"SearchAction\",\"target\":{\"@type\":\"EntryPoint\",\"urlTemplate\":\"https:\/\/nuggelasule.com\/?s={search_term_string}\"},\"query-input\":{\"@type\":\"PropertyValueSpecification\",\"valueRequired\":true,\"valueName\":\"search_term_string\"}}],\"inLanguage\":\"pt\"},{\"@type\":\"Organization\",\"@id\":\"https:\/\/nuggelasule.com\/#organization\",\"name\":\"Nuggela&Sul\u00e9 S.L.\",\"url\":\"https:\/\/nuggelasule.com\/\",\"logo\":{\"@type\":\"ImageObject\",\"inLanguage\":\"pt\",\"@id\":\"https:\/\/nuggelasule.com\/#\/schema\/logo\/image\/\",\"url\":\"\",\"contentUrl\":\"\",\"caption\":\"Nuggela&Sul\u00e9 S.L.\"},\"image\":{\"@id\":\"https:\/\/nuggelasule.com\/#\/schema\/logo\/image\/\"},\"sameAs\":[\"https:\/\/www.facebook.com\/nuggelasule\/\",\"https:\/\/x.com\/nuggelasule\",\"https:\/\/www.instagram.com\/nuggela_sule\/\",\"https:\/\/www.linkedin.com\/company\/9406545\",\"https:\/\/www.youtube.com\/channel\/UCP-uGf_c8i2FI4TXfhffEKw\"]}]}<\/script>\n<!-- \/ Yoast SEO plugin. -->","yoast_head_json":{"title":"TOTE Bags - Nuggela &amp; Sul\u00e9","description":"Bolsas de algod\u00e3o. Leve consigo a alma de Nuggela & Sul\u00e9: um saco com estilo, consci\u00eancia e personalidade. 3 cores dispon\u00edveis!","robots":{"index":"index","follow":"follow","max-snippet":"max-snippet:-1","max-image-preview":"max-image-preview:large","max-video-preview":"max-video-preview:-1"},"canonical":"https:\/\/nuggelasule.com\/pt\/producto\/tote-bags-cores-reutilizaveis\/","og_locale":"pt_PT","og_type":"article","og_title":"TOTE Bags - Nuggela &amp; Sul\u00e9","og_description":"Bolsas de algod\u00e3o. Leve consigo a alma de Nuggela & Sul\u00e9: um saco com estilo, consci\u00eancia e personalidade. 3 cores dispon\u00edveis!","og_url":"https:\/\/nuggelasule.com\/pt\/producto\/tote-bags-cores-reutilizaveis\/","og_site_name":"Nuggela &amp; Sul\u00e9","article_publisher":"https:\/\/www.facebook.com\/nuggelasule\/","article_modified_time":"2025-04-15T07:21:32+00:00","og_image":[{"width":2000,"height":2092,"url":"https:\/\/nuggelasule.com\/wp-content\/uploads\/2021\/07\/tote.jpg","type":"image\/jpeg"}],"twitter_card":"summary_large_image","twitter_site":"@nuggelasule","twitter_misc":{"Est. reading time":"1 minute"},"schema":{"@context":"https:\/\/schema.org","@graph":[{"@type":"WebPage","@id":"https:\/\/nuggelasule.com\/pt\/producto\/tote-bags-cores-reutilizaveis\/","url":"https:\/\/nuggelasule.com\/pt\/producto\/tote-bags-cores-reutilizaveis\/","name":"TOTE Bags - Nuggela &amp; Sul\u00e9","isPartOf":{"@id":"https:\/\/nuggelasule.com\/#website"},"primaryImageOfPage":{"@id":"https:\/\/nuggelasule.com\/pt\/producto\/tote-bags-cores-reutilizaveis\/#primaryimage"},"image":{"@id":"https:\/\/nuggelasule.com\/pt\/producto\/tote-bags-cores-reutilizaveis\/#primaryimage"},"thumbnailUrl":"https:\/\/nuggelasule.com\/wp-content\/uploads\/2021\/07\/tote.jpg","datePublished":"2021-07-16T15:42:08+00:00","dateModified":"2025-04-15T07:21:32+00:00","description":"Bolsas de algod\u00e3o. Leve consigo a alma de Nuggela & Sul\u00e9: um saco com estilo, consci\u00eancia e personalidade. 3 cores dispon\u00edveis!","breadcrumb":{"@id":"https:\/\/nuggelasule.com\/pt\/producto\/tote-bags-cores-reutilizaveis\/#breadcrumb"},"inLanguage":"pt","potentialAction":[{"@type":"ReadAction","target":["https:\/\/nuggelasule.com\/pt\/producto\/tote-bags-cores-reutilizaveis\/"]}]},{"@type":"ImageObject","inLanguage":"pt","@id":"https:\/\/nuggelasule.com\/pt\/producto\/tote-bags-cores-reutilizaveis\/#primaryimage","url":"https:\/\/nuggelasule.com\/wp-content\/uploads\/2021\/07\/tote.jpg","contentUrl":"https:\/\/nuggelasule.com\/wp-content\/uploads\/2021\/07\/tote.jpg","width":2000,"height":2092},{"@type":"BreadcrumbList","@id":"https:\/\/nuggelasule.com\/pt\/producto\/tote-bags-cores-reutilizaveis\/#breadcrumb","itemListElement":[{"@type":"ListItem","position":1,"name":"Portada","item":"https:\/\/nuggelasule.com\/pt\/"},{"@type":"ListItem","position":2,"name":"Tienda","item":"https:\/\/nuggelasule.com\/pt\/tienda\/"},{"@type":"ListItem","position":3,"name":"TOTE Bags"}]},{"@type":"WebSite","@id":"https:\/\/nuggelasule.com\/#website","url":"https:\/\/nuggelasule.com\/","name":"Nuggela &amp; Sul\u00e9","description":"Los mejores productos para la salud y belleza del cabello","publisher":{"@id":"https:\/\/nuggelasule.com\/#organization"},"potentialAction":[{"@type":"SearchAction","target":{"@type":"EntryPoint","urlTemplate":"https:\/\/nuggelasule.com\/?s={search_term_string}"},"query-input":{"@type":"PropertyValueSpecification","valueRequired":true,"valueName":"search_term_string"}}],"inLanguage":"pt"},{"@type":"Organization","@id":"https:\/\/nuggelasule.com\/#organization","name":"Nuggela&Sul\u00e9 S.L.","url":"https:\/\/nuggelasule.com\/","logo":{"@type":"ImageObject","inLanguage":"pt","@id":"https:\/\/nuggelasule.com\/#\/schema\/logo\/image\/","url":"","contentUrl":"","caption":"Nuggela&Sul\u00e9 S.L."},"image":{"@id":"https:\/\/nuggelasule.com\/#\/schema\/logo\/image\/"},"sameAs":["https:\/\/www.facebook.com\/nuggelasule\/","https:\/\/x.com\/nuggelasule","https:\/\/www.instagram.com\/nuggela_sule\/","https:\/\/www.linkedin.com\/company\/9406545","https:\/\/www.youtube.com\/channel\/UCP-uGf_c8i2FI4TXfhffEKw"]}]}},"_links":{"self":[{"href":"https:\/\/nuggelasule.com\/pt\/wp-json\/wp\/v2\/product\/19071","targetHints":{"allow":["GET"]}}],"collection":[{"href":"https:\/\/nuggelasule.com\/pt\/wp-json\/wp\/v2\/product"}],"about":[{"href":"https:\/\/nuggelasule.com\/pt\/wp-json\/wp\/v2\/types\/product"}],"replies":[{"embeddable":true,"href":"https:\/\/nuggelasule.com\/pt\/wp-json\/wp\/v2\/comments?post=19071"}],"wp:featuredmedia":[{"embeddable":true,"href":"https:\/\/nuggelasule.com\/pt\/wp-json\/wp\/v2\/media\/19076"}],"wp:attachment":[{"href":"https:\/\/nuggelasule.com\/pt\/wp-json\/wp\/v2\/media?parent=19071"}],"wp:term":[{"taxonomy":"product_brand","embeddable":true,"href":"https:\/\/nuggelasule.com\/pt\/wp-json\/wp\/v2\/product_brand?post=19071"},{"taxonomy":"product_cat","embeddable":true,"href":"https:\/\/nuggelasule.com\/pt\/wp-json\/wp\/v2\/product_cat?post=19071"},{"taxonomy":"product_tag","embeddable":true,"href":"https:\/\/nuggelasule.com\/pt\/wp-json\/wp\/v2\/product_tag?post=19071"}],"curies":[{"name":"wp","href":"https:\/\/api.w.org\/{rel}","templated":true}]},"billing":{"billing_DNI":""}}