{"id":19035,"date":"2021-07-20T17:12:27","date_gmt":"2021-07-20T15:12:27","guid":{"rendered":"https:\/\/nuggelasule.com\/producto\/magic-massager-brush-cepillo-masajeador-cabello-nuggela-sule\/"},"modified":"2026-04-07T07:44:48","modified_gmt":"2026-04-07T05:44:48","slug":"massager-brush-escova-de-massagem-cabelo-nuggela-sule","status":"publish","type":"product","link":"https:\/\/nuggelasule.com\/pt\/producto\/massager-brush-escova-de-massagem-cabelo-nuggela-sule\/","title":{"rendered":"Massager Brush"},"content":{"rendered":"<h1><span style=\"color: #282828;\">Massager Brush da Nuggela &amp; Sul\u00e9<\/span><\/h1>\n<h4><span style=\"color: #282828;\"><strong>A ESCOVA M\u00c1GICA<\/strong><\/span><\/h4>\n<p>A Massager Brush da Nuggela &#038; Sul\u00e9 \u00e9 uma escova que <strong>ajuda a revitalizar o cabelo<\/strong> ya que proporciona un <strong>uma massagem terap\u00eautica suave que estimula e ativa o fluxo sangu\u00edneo<\/strong> e a <strong>nutri\u00e7\u00e3o capilar<\/strong>.<\/p>\n<p>Seu uso cria uma microesfolia\u00e7\u00e3o para reparar e eliminar c\u00e9lulas mortas da pele que poderiam gerar micro-organismos prejudiciais. Tamb\u00e9m ajuda a limpar profundamente as ra\u00edzes do cabelo, e sua massagem acalma a coceira, o desconforto e relaxa o couro cabeludo e seus m\u00fasculos.<\/p>\n<p><strong>DESIGN<\/strong><br \/>\nAcabamento com toque gomoso para uma utiliza\u00e7\u00e3o agrad\u00e1vel. O seu design \u00e9 ergon\u00f3mico e a sua magia reside no duplo n\u00edvel de cerdas de silicone, dispostas numa dupla linha de atua\u00e7\u00e3o com ponta triangular que n\u00e3o agride o couro cabeludo, mas sim estimula a circula\u00e7\u00e3o sangu\u00ednea, aumentando a nutri\u00e7\u00e3o do fol\u00edculo capilar. Al\u00e9m disso, conta com um cabo ambidestro de f\u00e1cil manuseio.<\/p>\n<p><strong>DICA<\/strong><br \/>\nUtiliza-o ao aplicar o Champ\u00f4 ou os Serums da Nuggela &#038; Sul\u00e9, pois a massagem terap\u00eautica relaxa e favorece a absor\u00e7\u00e3o dos ativos, potenciando os benef\u00edcios dos cosm\u00e9ticos.<\/p>\n<div class=\"row\"  id=\"row-814120513\">\n\n\t<div id=\"col-338584110\" class=\"col medium-6 large-6\"  >\n\t\t\t\t<div class=\"col-inner\"  >\n\t\t\t\n\t\t\t\n\n\t\t<div class=\"icon-box featured-box icon-box-center text-center\"  >\n\t\t\t\t<div class=\"icon-box-text last-reset\">\n\t\t\t\t\t\t\t\t\t\n\t<div class=\"img has-hover x md-x lg-x y md-y lg-y\" id=\"image_647473228\">\n\t\t\t\t\t\t\t\t<div class=\"img-inner dark\" >\n\t\t\t<img loading=\"lazy\" decoding=\"async\" width=\"1020\" height=\"1020\" src=\"https:\/\/nuggelasule.com\/wp-content\/uploads\/2021\/07\/8437014761320_MassagerBrush_3-1024x1024.jpg\" class=\"attachment-large size-large\" alt=\"\" srcset=\"https:\/\/nuggelasule.com\/wp-content\/uploads\/2021\/07\/8437014761320_MassagerBrush_3-1024x1024.jpg 1024w, https:\/\/nuggelasule.com\/wp-content\/uploads\/2021\/07\/8437014761320_MassagerBrush_3-300x300.jpg 300w, https:\/\/nuggelasule.com\/wp-content\/uploads\/2021\/07\/8437014761320_MassagerBrush_3-122x122.jpg 122w, https:\/\/nuggelasule.com\/wp-content\/uploads\/2021\/07\/8437014761320_MassagerBrush_3-768x768.jpg 768w, https:\/\/nuggelasule.com\/wp-content\/uploads\/2021\/07\/8437014761320_MassagerBrush_3-450x450.jpg 450w, https:\/\/nuggelasule.com\/wp-content\/uploads\/2021\/07\/8437014761320_MassagerBrush_3-510x510.jpg 510w, https:\/\/nuggelasule.com\/wp-content\/uploads\/2021\/07\/8437014761320_MassagerBrush_3-100x100.jpg 100w, https:\/\/nuggelasule.com\/wp-content\/uploads\/2021\/07\/8437014761320_MassagerBrush_3-32x32.jpg 32w, https:\/\/nuggelasule.com\/wp-content\/uploads\/2021\/07\/8437014761320_MassagerBrush_3-60x60.jpg 60w, https:\/\/nuggelasule.com\/wp-content\/uploads\/2021\/07\/8437014761320_MassagerBrush_3-90x90.jpg 90w, https:\/\/nuggelasule.com\/wp-content\/uploads\/2021\/07\/8437014761320_MassagerBrush_3.jpg 1080w\" sizes=\"auto, (max-width: 1020px) 100vw, 1020px\" \/>\t\t\t\t\t\t\n\t\t\t\t\t<\/div>\n\t\t\t\t\t\t\t\t\n<style>\n#image_647473228 {\n  width: 100%;\n}\n<\/style>\n\t<\/div>\n\t\n\t\t<\/div>\n\t<\/div>\n\t\n\t\n\t\t<\/div>\n\t\t\t\t\t<\/div>\n\n\t\n\n\t<div id=\"col-1972271669\" class=\"col medium-6 large-6\"  >\n\t\t\t\t<div class=\"col-inner\"  >\n\t\t\t\n\t\t\t\n\n\t\t<div class=\"icon-box featured-box icon-box-center text-center\"  >\n\t\t\t\t<div class=\"icon-box-text last-reset\">\n\t\t\t\t\t\t\t\t\t\n\t<div class=\"img has-hover x md-x lg-x y md-y lg-y\" id=\"image_1558485785\">\n\t\t\t\t\t\t\t\t<div class=\"img-inner dark\" >\n\t\t\t<img loading=\"lazy\" decoding=\"async\" width=\"1020\" height=\"1020\" src=\"https:\/\/nuggelasule.com\/wp-content\/uploads\/2021\/07\/MASSAGER-BRUSH-PT-1024x1024.jpg\" class=\"attachment-large size-large\" alt=\"\" srcset=\"https:\/\/nuggelasule.com\/wp-content\/uploads\/2021\/07\/MASSAGER-BRUSH-PT-1024x1024.jpg 1024w, https:\/\/nuggelasule.com\/wp-content\/uploads\/2021\/07\/MASSAGER-BRUSH-PT-300x300.jpg 300w, https:\/\/nuggelasule.com\/wp-content\/uploads\/2021\/07\/MASSAGER-BRUSH-PT-122x122.jpg 122w, https:\/\/nuggelasule.com\/wp-content\/uploads\/2021\/07\/MASSAGER-BRUSH-PT-768x768.jpg 768w, https:\/\/nuggelasule.com\/wp-content\/uploads\/2021\/07\/MASSAGER-BRUSH-PT-1536x1536.jpg 1536w, https:\/\/nuggelasule.com\/wp-content\/uploads\/2021\/07\/MASSAGER-BRUSH-PT-2048x2048.jpg 2048w, https:\/\/nuggelasule.com\/wp-content\/uploads\/2021\/07\/MASSAGER-BRUSH-PT-450x450.jpg 450w, https:\/\/nuggelasule.com\/wp-content\/uploads\/2021\/07\/MASSAGER-BRUSH-PT-510x510.jpg 510w, https:\/\/nuggelasule.com\/wp-content\/uploads\/2021\/07\/MASSAGER-BRUSH-PT-100x100.jpg 100w, https:\/\/nuggelasule.com\/wp-content\/uploads\/2021\/07\/MASSAGER-BRUSH-PT-32x32.jpg 32w, https:\/\/nuggelasule.com\/wp-content\/uploads\/2021\/07\/MASSAGER-BRUSH-PT-60x60.jpg 60w, https:\/\/nuggelasule.com\/wp-content\/uploads\/2021\/07\/MASSAGER-BRUSH-PT-90x90.jpg 90w\" sizes=\"auto, (max-width: 1020px) 100vw, 1020px\" \/>\t\t\t\t\t\t\n\t\t\t\t\t<\/div>\n\t\t\t\t\t\t\t\t\n<style>\n#image_1558485785 {\n  width: 100%;\n}\n<\/style>\n\t<\/div>\n\t\n\t\t<\/div>\n\t<\/div>\n\t\n\t\n\t\t<\/div>\n\t\t\t\t\t<\/div>\n\n\t\n<\/div>\n<div class=\"row\"><div class=\" col medium-6 small-12 large-6\"><div class=\"col  beneficios\"><p class=\"title_charasteritcs\">BENEF\u00cdCIOS<\/p><p class=\"description_charasteritcs\">\u00b7 Massagem terap\u00eautica no couro cabeludo<br \/>\r\n\u00b7 Estimula o fluxo sangu\u00edneo<br \/>\r\n\u00b7 Promove a nutri\u00e7\u00e3o do fol\u00edculo capilar<br \/>\r\n\u00b7 Beneficia a filtragem de ingredientes ativos<br \/>\r\n\u00b7 Alivia coceira e desconforto<br \/>\r\n\u00b7 Repara e elimina c\u00e9lulas mortas da pele<\/p><\/div><\/div><div class=\" col medium-6 small-12 large-6\"><div class=\"col indications \"><p class=\"title_charasteritcs\">INDICA\u00c7\u00d5ES<\/p><p class=\"description_charasteritcs\">\u00b7 Adequado para homens, mulheres e crian\u00e7as<br \/>\r\n\u00b7 O seu tamanho \u00e9 adequado a todos os tipos de m\u00e3os<br \/>\r\n\u00b7 Pode ser usado tanto em cabelo seco como molhado<br \/>\r\n\u00b7 Aplicar na zona a tratar, realizando uma ligeira massagem terap\u00eautica<\/p><\/div><\/div><\/div>\n<div class=\"row\"  id=\"row-239679491\">\n\n\t<div id=\"col-2091765849\" class=\"col small-12 large-12\"  >\n\t\t\t\t<div class=\"col-inner\"  >\n\t\t\t\n\t\t\t\n<div class=\"row\"  id=\"row-1589355662\">\n\n\t<div id=\"col-59730928\" class=\"col small-12 large-12\"  >\n\t\t\t\t<div class=\"col-inner\"  >\n\t\t\t\n\t\t\t\n<p>\u00a0<\/p>\n<div class=\"video video-fit mb\" style=\"padding-top:56.25%;\"><p><iframe loading=\"lazy\" title=\"Massager brush\" src=\"https:\/\/player.vimeo.com\/video\/1073483979?dnt=1&amp;app_id=122963\" width=\"1000\" height=\"1000\" frameborder=\"0\" allow=\"autoplay; fullscreen; picture-in-picture; clipboard-write; encrypted-media\"><\/iframe><\/p>\n<\/div>\n\t\t<\/div>\n\t\t\t\t\t<\/div>\n\n\t\n<\/div>\n\t\t<\/div>\n\t\t\t\t\t<\/div>\n\n\t\n<\/div>\n","protected":false},"excerpt":{"rendered":"<hr size=\"4\" \/>\n<p>A escova m\u00e1gica que proporciona uma massagem terap\u00eautica, estimulando a circula\u00e7\u00e3o sangu\u00ednea e a nutri\u00e7\u00e3o capilar<\/p>\n","protected":false},"featured_media":26836,"comment_status":"closed","ping_status":"closed","template":"","meta":{"_acf_changed":false,"_iconic_wsb_product_page_order_bump_ids":[[]],"_sku":["010089"],"_iconic_wsb_product_page_bump_modal_ids":[[]]},"product_brand":[],"product_cat":[256,244],"product_tag":[],"class_list":{"0":"post-19035","1":"product","2":"type-product","3":"status-publish","4":"has-post-thumbnail","6":"product_cat-acessorios-pt","7":"product_cat-todos-pt","9":"first","10":"instock","11":"taxable","12":"shipping-taxable","13":"purchasable","14":"product-type-simple"},"acf":[],"yoast_head":"<!-- This site is optimized with the Yoast SEO plugin v27.0 - https:\/\/yoast.com\/product\/yoast-seo-wordpress\/ -->\n<title>Massager Brush - Nuggela &amp; Sul\u00e9<\/title>\n<meta name=\"description\" content=\"A Escova M\u00e1gica que alivia a comich\u00e3o, o desconforto, relaxa o couro cabeludo e os seus m\u00fasculos. Para Homens, Mulheres e Crian\u00e7as\" \/>\n<meta name=\"robots\" content=\"index, follow, max-snippet:-1, max-image-preview:large, max-video-preview:-1\" \/>\n<link rel=\"canonical\" href=\"https:\/\/nuggelasule.com\/pt\/producto\/massager-brush-escova-de-massagem-cabelo-nuggela-sule\/\" \/>\n<meta property=\"og:locale\" content=\"pt_PT\" \/>\n<meta property=\"og:type\" content=\"article\" \/>\n<meta property=\"og:title\" content=\"Massager Brush - Nuggela &amp; Sul\u00e9\" \/>\n<meta property=\"og:description\" content=\"A Escova M\u00e1gica que alivia a comich\u00e3o, o desconforto, relaxa o couro cabeludo e os seus m\u00fasculos. Para Homens, Mulheres e Crian\u00e7as\" \/>\n<meta property=\"og:url\" content=\"https:\/\/nuggelasule.com\/pt\/producto\/massager-brush-escova-de-massagem-cabelo-nuggela-sule\/\" \/>\n<meta property=\"og:site_name\" content=\"Nuggela &amp; Sul\u00e9\" \/>\n<meta property=\"article:publisher\" content=\"https:\/\/www.facebook.com\/nuggelasule\/\" \/>\n<meta property=\"article:modified_time\" content=\"2026-04-07T05:44:48+00:00\" \/>\n<meta property=\"og:image\" content=\"https:\/\/nuggelasule.com\/wp-content\/uploads\/2021\/07\/8437014761320_MassagerBrush_1.jpg\" \/>\n\t<meta property=\"og:image:width\" content=\"1080\" \/>\n\t<meta property=\"og:image:height\" content=\"1080\" \/>\n\t<meta property=\"og:image:type\" content=\"image\/jpeg\" \/>\n<meta name=\"twitter:card\" content=\"summary_large_image\" \/>\n<meta name=\"twitter:site\" content=\"@nuggelasule\" \/>\n<meta name=\"twitter:label1\" content=\"Est. reading time\" \/>\n\t<meta name=\"twitter:data1\" content=\"2 minutes\" \/>\n<script type=\"application\/ld+json\" class=\"yoast-schema-graph\">{\"@context\":\"https:\/\/schema.org\",\"@graph\":[{\"@type\":\"WebPage\",\"@id\":\"https:\/\/nuggelasule.com\/pt\/producto\/massager-brush-escova-de-massagem-cabelo-nuggela-sule\/\",\"url\":\"https:\/\/nuggelasule.com\/pt\/producto\/massager-brush-escova-de-massagem-cabelo-nuggela-sule\/\",\"name\":\"Massager Brush - Nuggela &amp; Sul\u00e9\",\"isPartOf\":{\"@id\":\"https:\/\/nuggelasule.com\/#website\"},\"primaryImageOfPage\":{\"@id\":\"https:\/\/nuggelasule.com\/pt\/producto\/massager-brush-escova-de-massagem-cabelo-nuggela-sule\/#primaryimage\"},\"image\":{\"@id\":\"https:\/\/nuggelasule.com\/pt\/producto\/massager-brush-escova-de-massagem-cabelo-nuggela-sule\/#primaryimage\"},\"thumbnailUrl\":\"https:\/\/nuggelasule.com\/wp-content\/uploads\/2021\/07\/8437014761320_MassagerBrush_1.jpg\",\"datePublished\":\"2021-07-20T15:12:27+00:00\",\"dateModified\":\"2026-04-07T05:44:48+00:00\",\"description\":\"A Escova M\u00e1gica que alivia a comich\u00e3o, o desconforto, relaxa o couro cabeludo e os seus m\u00fasculos. Para Homens, Mulheres e Crian\u00e7as\",\"breadcrumb\":{\"@id\":\"https:\/\/nuggelasule.com\/pt\/producto\/massager-brush-escova-de-massagem-cabelo-nuggela-sule\/#breadcrumb\"},\"inLanguage\":\"pt\",\"potentialAction\":[{\"@type\":\"ReadAction\",\"target\":[\"https:\/\/nuggelasule.com\/pt\/producto\/massager-brush-escova-de-massagem-cabelo-nuggela-sule\/\"]}]},{\"@type\":\"ImageObject\",\"inLanguage\":\"pt\",\"@id\":\"https:\/\/nuggelasule.com\/pt\/producto\/massager-brush-escova-de-massagem-cabelo-nuggela-sule\/#primaryimage\",\"url\":\"https:\/\/nuggelasule.com\/wp-content\/uploads\/2021\/07\/8437014761320_MassagerBrush_1.jpg\",\"contentUrl\":\"https:\/\/nuggelasule.com\/wp-content\/uploads\/2021\/07\/8437014761320_MassagerBrush_1.jpg\",\"width\":1080,\"height\":1080},{\"@type\":\"BreadcrumbList\",\"@id\":\"https:\/\/nuggelasule.com\/pt\/producto\/massager-brush-escova-de-massagem-cabelo-nuggela-sule\/#breadcrumb\",\"itemListElement\":[{\"@type\":\"ListItem\",\"position\":1,\"name\":\"Portada\",\"item\":\"https:\/\/nuggelasule.com\/pt\/\"},{\"@type\":\"ListItem\",\"position\":2,\"name\":\"Tienda\",\"item\":\"https:\/\/nuggelasule.com\/pt\/tienda\/\"},{\"@type\":\"ListItem\",\"position\":3,\"name\":\"Massager Brush\"}]},{\"@type\":\"WebSite\",\"@id\":\"https:\/\/nuggelasule.com\/#website\",\"url\":\"https:\/\/nuggelasule.com\/\",\"name\":\"Nuggela &amp; Sul\u00e9\",\"description\":\"Los mejores productos para la salud y belleza del cabello\",\"publisher\":{\"@id\":\"https:\/\/nuggelasule.com\/#organization\"},\"potentialAction\":[{\"@type\":\"SearchAction\",\"target\":{\"@type\":\"EntryPoint\",\"urlTemplate\":\"https:\/\/nuggelasule.com\/?s={search_term_string}\"},\"query-input\":{\"@type\":\"PropertyValueSpecification\",\"valueRequired\":true,\"valueName\":\"search_term_string\"}}],\"inLanguage\":\"pt\"},{\"@type\":\"Organization\",\"@id\":\"https:\/\/nuggelasule.com\/#organization\",\"name\":\"Nuggela&Sul\u00e9 S.L.\",\"url\":\"https:\/\/nuggelasule.com\/\",\"logo\":{\"@type\":\"ImageObject\",\"inLanguage\":\"pt\",\"@id\":\"https:\/\/nuggelasule.com\/#\/schema\/logo\/image\/\",\"url\":\"\",\"contentUrl\":\"\",\"caption\":\"Nuggela&Sul\u00e9 S.L.\"},\"image\":{\"@id\":\"https:\/\/nuggelasule.com\/#\/schema\/logo\/image\/\"},\"sameAs\":[\"https:\/\/www.facebook.com\/nuggelasule\/\",\"https:\/\/x.com\/nuggelasule\",\"https:\/\/www.instagram.com\/nuggela_sule\/\",\"https:\/\/www.linkedin.com\/company\/9406545\",\"https:\/\/www.youtube.com\/channel\/UCP-uGf_c8i2FI4TXfhffEKw\"]}]}<\/script>\n<!-- \/ Yoast SEO plugin. -->","yoast_head_json":{"title":"Massager Brush - Nuggela &amp; Sul\u00e9","description":"A Escova M\u00e1gica que alivia a comich\u00e3o, o desconforto, relaxa o couro cabeludo e os seus m\u00fasculos. Para Homens, Mulheres e Crian\u00e7as","robots":{"index":"index","follow":"follow","max-snippet":"max-snippet:-1","max-image-preview":"max-image-preview:large","max-video-preview":"max-video-preview:-1"},"canonical":"https:\/\/nuggelasule.com\/pt\/producto\/massager-brush-escova-de-massagem-cabelo-nuggela-sule\/","og_locale":"pt_PT","og_type":"article","og_title":"Massager Brush - Nuggela &amp; Sul\u00e9","og_description":"A Escova M\u00e1gica que alivia a comich\u00e3o, o desconforto, relaxa o couro cabeludo e os seus m\u00fasculos. Para Homens, Mulheres e Crian\u00e7as","og_url":"https:\/\/nuggelasule.com\/pt\/producto\/massager-brush-escova-de-massagem-cabelo-nuggela-sule\/","og_site_name":"Nuggela &amp; Sul\u00e9","article_publisher":"https:\/\/www.facebook.com\/nuggelasule\/","article_modified_time":"2026-04-07T05:44:48+00:00","og_image":[{"width":1080,"height":1080,"url":"https:\/\/nuggelasule.com\/wp-content\/uploads\/2021\/07\/8437014761320_MassagerBrush_1.jpg","type":"image\/jpeg"}],"twitter_card":"summary_large_image","twitter_site":"@nuggelasule","twitter_misc":{"Est. reading time":"2 minutes"},"schema":{"@context":"https:\/\/schema.org","@graph":[{"@type":"WebPage","@id":"https:\/\/nuggelasule.com\/pt\/producto\/massager-brush-escova-de-massagem-cabelo-nuggela-sule\/","url":"https:\/\/nuggelasule.com\/pt\/producto\/massager-brush-escova-de-massagem-cabelo-nuggela-sule\/","name":"Massager Brush - Nuggela &amp; Sul\u00e9","isPartOf":{"@id":"https:\/\/nuggelasule.com\/#website"},"primaryImageOfPage":{"@id":"https:\/\/nuggelasule.com\/pt\/producto\/massager-brush-escova-de-massagem-cabelo-nuggela-sule\/#primaryimage"},"image":{"@id":"https:\/\/nuggelasule.com\/pt\/producto\/massager-brush-escova-de-massagem-cabelo-nuggela-sule\/#primaryimage"},"thumbnailUrl":"https:\/\/nuggelasule.com\/wp-content\/uploads\/2021\/07\/8437014761320_MassagerBrush_1.jpg","datePublished":"2021-07-20T15:12:27+00:00","dateModified":"2026-04-07T05:44:48+00:00","description":"A Escova M\u00e1gica que alivia a comich\u00e3o, o desconforto, relaxa o couro cabeludo e os seus m\u00fasculos. Para Homens, Mulheres e Crian\u00e7as","breadcrumb":{"@id":"https:\/\/nuggelasule.com\/pt\/producto\/massager-brush-escova-de-massagem-cabelo-nuggela-sule\/#breadcrumb"},"inLanguage":"pt","potentialAction":[{"@type":"ReadAction","target":["https:\/\/nuggelasule.com\/pt\/producto\/massager-brush-escova-de-massagem-cabelo-nuggela-sule\/"]}]},{"@type":"ImageObject","inLanguage":"pt","@id":"https:\/\/nuggelasule.com\/pt\/producto\/massager-brush-escova-de-massagem-cabelo-nuggela-sule\/#primaryimage","url":"https:\/\/nuggelasule.com\/wp-content\/uploads\/2021\/07\/8437014761320_MassagerBrush_1.jpg","contentUrl":"https:\/\/nuggelasule.com\/wp-content\/uploads\/2021\/07\/8437014761320_MassagerBrush_1.jpg","width":1080,"height":1080},{"@type":"BreadcrumbList","@id":"https:\/\/nuggelasule.com\/pt\/producto\/massager-brush-escova-de-massagem-cabelo-nuggela-sule\/#breadcrumb","itemListElement":[{"@type":"ListItem","position":1,"name":"Portada","item":"https:\/\/nuggelasule.com\/pt\/"},{"@type":"ListItem","position":2,"name":"Tienda","item":"https:\/\/nuggelasule.com\/pt\/tienda\/"},{"@type":"ListItem","position":3,"name":"Massager Brush"}]},{"@type":"WebSite","@id":"https:\/\/nuggelasule.com\/#website","url":"https:\/\/nuggelasule.com\/","name":"Nuggela &amp; Sul\u00e9","description":"Los mejores productos para la salud y belleza del cabello","publisher":{"@id":"https:\/\/nuggelasule.com\/#organization"},"potentialAction":[{"@type":"SearchAction","target":{"@type":"EntryPoint","urlTemplate":"https:\/\/nuggelasule.com\/?s={search_term_string}"},"query-input":{"@type":"PropertyValueSpecification","valueRequired":true,"valueName":"search_term_string"}}],"inLanguage":"pt"},{"@type":"Organization","@id":"https:\/\/nuggelasule.com\/#organization","name":"Nuggela&Sul\u00e9 S.L.","url":"https:\/\/nuggelasule.com\/","logo":{"@type":"ImageObject","inLanguage":"pt","@id":"https:\/\/nuggelasule.com\/#\/schema\/logo\/image\/","url":"","contentUrl":"","caption":"Nuggela&Sul\u00e9 S.L."},"image":{"@id":"https:\/\/nuggelasule.com\/#\/schema\/logo\/image\/"},"sameAs":["https:\/\/www.facebook.com\/nuggelasule\/","https:\/\/x.com\/nuggelasule","https:\/\/www.instagram.com\/nuggela_sule\/","https:\/\/www.linkedin.com\/company\/9406545","https:\/\/www.youtube.com\/channel\/UCP-uGf_c8i2FI4TXfhffEKw"]}]}},"_links":{"self":[{"href":"https:\/\/nuggelasule.com\/pt\/wp-json\/wp\/v2\/product\/19035","targetHints":{"allow":["GET"]}}],"collection":[{"href":"https:\/\/nuggelasule.com\/pt\/wp-json\/wp\/v2\/product"}],"about":[{"href":"https:\/\/nuggelasule.com\/pt\/wp-json\/wp\/v2\/types\/product"}],"replies":[{"embeddable":true,"href":"https:\/\/nuggelasule.com\/pt\/wp-json\/wp\/v2\/comments?post=19035"}],"wp:featuredmedia":[{"embeddable":true,"href":"https:\/\/nuggelasule.com\/pt\/wp-json\/wp\/v2\/media\/26836"}],"wp:attachment":[{"href":"https:\/\/nuggelasule.com\/pt\/wp-json\/wp\/v2\/media?parent=19035"}],"wp:term":[{"taxonomy":"product_brand","embeddable":true,"href":"https:\/\/nuggelasule.com\/pt\/wp-json\/wp\/v2\/product_brand?post=19035"},{"taxonomy":"product_cat","embeddable":true,"href":"https:\/\/nuggelasule.com\/pt\/wp-json\/wp\/v2\/product_cat?post=19035"},{"taxonomy":"product_tag","embeddable":true,"href":"https:\/\/nuggelasule.com\/pt\/wp-json\/wp\/v2\/product_tag?post=19035"}],"curies":[{"name":"wp","href":"https:\/\/api.w.org\/{rel}","templated":true}]},"billing":{"billing_DNI":""}}