{"id":19032,"date":"2021-07-22T14:52:05","date_gmt":"2021-07-22T12:52:05","guid":{"rendered":"https:\/\/nuggelasule.com\/producto\/champu-no2-cabellos-secos-ultra-hidratante-nuggela-sule\/"},"modified":"2026-04-16T16:43:36","modified_gmt":"2026-04-16T14:43:36","slug":"champo-ultra-hidratante-cabelo-seco-ultra-hidratacao-nuggela-sule","status":"publish","type":"product","link":"https:\/\/nuggelasule.com\/pt\/producto\/champo-ultra-hidratante-cabelo-seco-ultra-hidratacao-nuggela-sule\/","title":{"rendered":"Champ\u00f4 Ultra-Hidratante"},"content":{"rendered":"<h1><span style=\"color: #282828;\">Champ\u00f4 Ultra-Hidratante &#8211; para cabelos secos<\/span><\/h1>\n<h5><span style=\"color: #282828;\"><strong>PARA CABELO SECO OU MUITO SECO<\/strong><\/span><\/h5>\n<p>O <strong>Champ\u00f4 Ultra-hidratante para homem e mulher<\/strong> \u00e9 uma f\u00f3rmula em creme com <strong>\u00d3leos Bot\u00e2nicos Nutritivos<\/strong> que hidrata instantaneamente o cabelo seco ou muito seco. Hidrata, repara e protege o cabelo gra\u00e7as \u00e0 elevada concentra\u00e7\u00e3o de agentes antioxidantes, calmantes e nutritivos.<\/p>\n<p>Com\u00a0<strong><u><a href=\"https:\/\/nuggelasule.com\/pt\/secreto-cebolla\/\" target=\"_blank\" rel=\"noopener noreferrer\">Extrato de Cebola Roxa<\/a><\/u><\/strong>, <strong><u><a href=\"https:\/\/nuggelasule.com\/pt\/glicogenio_marinho\/\" target=\"_blank\" rel=\"noopener noreferrer\">Glicog\u00e9nio Marinho<\/a><\/u><\/strong>, <strong>\u00d3leo de Sacha Inchi<\/strong>, <strong><u><a href=\"https:\/\/nuggelasule.com\/pt\/aceite-de-chia\/\" target=\"_blank\" rel=\"noopener noreferrer\">\u00d3leo de Chia<\/a><\/u><\/strong> e <strong><u><a href=\"https:\/\/nuggelasule.com\/pt\/aceite-de-ricino\/\" target=\"_blank\" rel=\"noopener noreferrer\">\u00d3leo de R\u00edcino<\/a><\/u><\/strong> ingredientes activos com elevada concentra\u00e7\u00e3o de antioxidantes que reparam e nutrem o cabelo de forma instant\u00e2nea.<\/p>\n<div class=\"row\"  id=\"row-1043263471\">\n\n\t<div id=\"col-1731135442\" class=\"col medium-6 large-6\"  >\n\t\t\t\t<div class=\"col-inner\"  >\n\t\t\t\n\t\t\t\n\n\t\t<div class=\"icon-box featured-box icon-box-center text-center\"  >\n\t\t\t\t\t<div class=\"icon-box-img\" style=\"width: 524px\">\n\t\t\t\t<div class=\"icon\">\n\t\t\t\t\t<div class=\"icon-inner\" >\n\t\t\t\t\t\t\t\t\t\t\t<\/div>\n\t\t\t\t<\/div>\n\t\t\t<\/div>\n\t\t\t\t<div class=\"icon-box-text last-reset\">\n\t\t\t\t\t\t\t\t\t\n\t<div class=\"img has-hover x md-x lg-x y md-y lg-y\" id=\"image_732360733\">\n\t\t\t\t\t\t\t\t<div class=\"img-inner dark\" >\n\t\t\t<img loading=\"lazy\" decoding=\"async\" width=\"1020\" height=\"1020\" src=\"https:\/\/nuggelasule.com\/wp-content\/uploads\/2021\/07\/CHICO-back-ultrahidratante-int-1024x1024.jpg\" class=\"attachment-large size-large\" alt=\"\" srcset=\"https:\/\/nuggelasule.com\/wp-content\/uploads\/2021\/07\/CHICO-back-ultrahidratante-int-1024x1024.jpg 1024w, https:\/\/nuggelasule.com\/wp-content\/uploads\/2021\/07\/CHICO-back-ultrahidratante-int-300x300.jpg 300w, https:\/\/nuggelasule.com\/wp-content\/uploads\/2021\/07\/CHICO-back-ultrahidratante-int-122x122.jpg 122w, https:\/\/nuggelasule.com\/wp-content\/uploads\/2021\/07\/CHICO-back-ultrahidratante-int-768x768.jpg 768w, https:\/\/nuggelasule.com\/wp-content\/uploads\/2021\/07\/CHICO-back-ultrahidratante-int-1536x1536.jpg 1536w, https:\/\/nuggelasule.com\/wp-content\/uploads\/2021\/07\/CHICO-back-ultrahidratante-int-450x450.jpg 450w, https:\/\/nuggelasule.com\/wp-content\/uploads\/2021\/07\/CHICO-back-ultrahidratante-int-510x510.jpg 510w, https:\/\/nuggelasule.com\/wp-content\/uploads\/2021\/07\/CHICO-back-ultrahidratante-int-100x100.jpg 100w, https:\/\/nuggelasule.com\/wp-content\/uploads\/2021\/07\/CHICO-back-ultrahidratante-int-32x32.jpg 32w, https:\/\/nuggelasule.com\/wp-content\/uploads\/2021\/07\/CHICO-back-ultrahidratante-int-60x60.jpg 60w, https:\/\/nuggelasule.com\/wp-content\/uploads\/2021\/07\/CHICO-back-ultrahidratante-int-90x90.jpg 90w, https:\/\/nuggelasule.com\/wp-content\/uploads\/2021\/07\/CHICO-back-ultrahidratante-int.jpg 2000w\" sizes=\"auto, (max-width: 1020px) 100vw, 1020px\" \/>\t\t\t\t\t\t\n\t\t\t\t\t<\/div>\n\t\t\t\t\t\t\t\t\n<style>\n#image_732360733 {\n  width: 100%;\n}\n<\/style>\n\t<\/div>\n\t\n\t\t<\/div>\n\t<\/div>\n\t\n\t\n\t\t<\/div>\n\t\t\t\t\t<\/div>\n\n\t\n\n\t<div id=\"col-150646463\" class=\"col medium-6 large-6\"  >\n\t\t\t\t<div class=\"col-inner\"  >\n\t\t\t\n\t\t\t\n\n\t\t<div class=\"icon-box featured-box icon-box-center text-center\"  >\n\t\t\t\t<div class=\"icon-box-text last-reset\">\n\t\t\t\t\t\t\t\t\t\n\t<div class=\"img has-hover x md-x lg-x y md-y lg-y\" id=\"image_1366844473\">\n\t\t\t\t\t\t\t\t<div class=\"img-inner dark\" >\n\t\t\t<img loading=\"lazy\" decoding=\"async\" width=\"1020\" height=\"1020\" src=\"https:\/\/nuggelasule.com\/wp-content\/uploads\/2021\/07\/ULTRA-PT-V2-1024x1024.jpg\" class=\"attachment-large size-large\" alt=\"\" srcset=\"https:\/\/nuggelasule.com\/wp-content\/uploads\/2021\/07\/ULTRA-PT-V2-1024x1024.jpg 1024w, https:\/\/nuggelasule.com\/wp-content\/uploads\/2021\/07\/ULTRA-PT-V2-300x300.jpg 300w, https:\/\/nuggelasule.com\/wp-content\/uploads\/2021\/07\/ULTRA-PT-V2-122x122.jpg 122w, https:\/\/nuggelasule.com\/wp-content\/uploads\/2021\/07\/ULTRA-PT-V2-768x768.jpg 768w, https:\/\/nuggelasule.com\/wp-content\/uploads\/2021\/07\/ULTRA-PT-V2-1536x1536.jpg 1536w, https:\/\/nuggelasule.com\/wp-content\/uploads\/2021\/07\/ULTRA-PT-V2-2048x2048.jpg 2048w, https:\/\/nuggelasule.com\/wp-content\/uploads\/2021\/07\/ULTRA-PT-V2-450x450.jpg 450w, https:\/\/nuggelasule.com\/wp-content\/uploads\/2021\/07\/ULTRA-PT-V2-510x510.jpg 510w, https:\/\/nuggelasule.com\/wp-content\/uploads\/2021\/07\/ULTRA-PT-V2-100x100.jpg 100w, https:\/\/nuggelasule.com\/wp-content\/uploads\/2021\/07\/ULTRA-PT-V2-32x32.jpg 32w, https:\/\/nuggelasule.com\/wp-content\/uploads\/2021\/07\/ULTRA-PT-V2-60x60.jpg 60w, https:\/\/nuggelasule.com\/wp-content\/uploads\/2021\/07\/ULTRA-PT-V2-90x90.jpg 90w\" sizes=\"auto, (max-width: 1020px) 100vw, 1020px\" \/>\t\t\t\t\t\t\n\t\t\t\t\t<\/div>\n\t\t\t\t\t\t\t\t\n<style>\n#image_1366844473 {\n  width: 100%;\n}\n<\/style>\n\t<\/div>\n\t\n\t\t<\/div>\n\t<\/div>\n\t\n\t\n\t\t<\/div>\n\t\t\t\t\t<\/div>\n\n\t\n<\/div>\n<div class=\"row\"><div class=\" col medium-6 small-12 large-6\"><div class=\"col  beneficios\"><p class=\"title_charasteritcs\">BENEF\u00cdCIOS<\/p><p class=\"description_charasteritcs\">\u00b7 Hidrata\u00e7\u00e3o e nutri\u00e7\u00e3o intensas de forma imediata<br \/>\r\n\u00b7 A\u00e7\u00e3o calmante e dermoprotetora<br \/>\r\n\u00b7 Prote\u00e7\u00e3o e repara\u00e7\u00e3o<br \/>\r\n\u00b7 A\u00e7\u00e3o antiqueda capilar<br \/>\r\n\u00b7 Fortalece o cabelo<\/p><\/div><\/div><div class=\" col medium-6 small-12 large-6\"><div class=\"col indications \"><p class=\"title_charasteritcs\">INDICA\u00c7\u00d5ES<\/p><p class=\"description_charasteritcs\">\u00b7 Apto para homens e mulheres<br \/>\r\n\u00b7 Indicado para cabelo seco ou muito seco<br \/>\r\n\u00b7 Especialmente indicado para cabelo desidratado, encrespado e sem brilho<br \/>\r\n\u00b7 Apto para cabelo encaracolado e pintado<\/p><\/div><\/div><\/div>\n<h4><span style=\"color: #333333;\"><strong>INSTRU\u00c7\u00d5ES DE USO:<\/strong><\/span><\/h4>\n<ol>\n<li>Deixar cair o produto na palma da m\u00e3o<\/li>\n<li>Aplicar no cabelo e couro cabeludo e massajar uniformemente durante alguns minutos<\/li>\n<li>Enxaguar com bastante \u00e1gua. Se necess\u00e1rio, repetir a aplica\u00e7\u00e3o uma segunda vez<\/li>\n<\/ol>\n<p><img loading=\"lazy\" decoding=\"async\" class=\"wp-image-15561 aligncenter\" src=\"https:\/\/nuggelasule.com\/wp-content\/uploads\/2025\/04\/ULTRA-HIDRAT-INSTRUCTIONS-OF-USE.png\" alt=\"\" width=\"800\" height=\"235\" \/><\/p>\n<p><span style=\"font-size: 85%;\"><strong>FAZ POUCA ESPUMA:<\/strong> A espuma n\u00e3o \u00e9 sin\u00f3nimo de efic\u00e1cia.<\/span><\/p>\n<p><span style=\"color: #333333;\"><strong>DICA:<\/strong><\/span> Para potenciar os resultados, utiliza a <strong><u><a href=\"https:\/\/nuggelasule.com\/pt\/producto\/tucuma-hair-mask-mascara-capilar-manteiga-de-tucuma-fios-naturais-nuggela-sule-nutricao-reparacao-brilho\/\">Tucuma Hair Mask<\/a><\/u><\/strong> da Nuggela &amp; Sul\u00e9.<\/p>\n<div class=\"video video-fit mb\" style=\"padding-top:56.25%;\"><p><iframe loading=\"lazy\" title=\"CHAMPU\u0301 ULTRAHIDRATANTE\" src=\"https:\/\/player.vimeo.com\/video\/1065594387?dnt=1&amp;app_id=122963\" width=\"1000\" height=\"1000\" frameborder=\"0\" allow=\"autoplay; fullscreen; picture-in-picture; clipboard-write; encrypted-media\"><\/iframe><\/p>\n<\/div>\n\t<div id=\"text-433048244\" class=\"text\">\n\t\t\n<h4><strong>PRINCIPAIS ACTIVOS:<\/strong><\/h4>\n\t\t\n<style>\n#text-433048244 {\n  color: rgb(0, 0, 0);\n}\n#text-433048244 > * {\n  color: rgb(0, 0, 0);\n}\n<\/style>\n\t<\/div>\n\t\n<div class=\"row\"  id=\"row-1641575256\">\n\n\t<div id=\"col-1144382335\" class=\"col medium-4 large-4\"  >\n\t\t\t\t<div class=\"col-inner\"  >\n\t\t\t\n\t\t\t\n\n\t\t<div class=\"icon-box featured-box icon-box-center text-center\"  >\n\t\t\t\t\t<div class=\"icon-box-img\" style=\"width: 303px\">\n\t\t\t\t<div class=\"icon\">\n\t\t\t\t\t<div class=\"icon-inner\" >\n\t\t\t\t\t\t<img loading=\"lazy\" decoding=\"async\" width=\"300\" height=\"300\" src=\"https:\/\/nuggelasule.com\/wp-content\/uploads\/2021\/07\/aceite-sacha-inchi-300x300.jpg\" class=\"attachment-medium size-medium\" alt=\"\" srcset=\"https:\/\/nuggelasule.com\/wp-content\/uploads\/2021\/07\/aceite-sacha-inchi-300x300.jpg 300w, https:\/\/nuggelasule.com\/wp-content\/uploads\/2021\/07\/aceite-sacha-inchi-122x122.jpg 122w, https:\/\/nuggelasule.com\/wp-content\/uploads\/2021\/07\/aceite-sacha-inchi-450x450.jpg 450w, https:\/\/nuggelasule.com\/wp-content\/uploads\/2021\/07\/aceite-sacha-inchi-100x100.jpg 100w, https:\/\/nuggelasule.com\/wp-content\/uploads\/2021\/07\/aceite-sacha-inchi-32x32.jpg 32w, https:\/\/nuggelasule.com\/wp-content\/uploads\/2021\/07\/aceite-sacha-inchi-60x60.jpg 60w, https:\/\/nuggelasule.com\/wp-content\/uploads\/2021\/07\/aceite-sacha-inchi-90x90.jpg 90w, https:\/\/nuggelasule.com\/wp-content\/uploads\/2021\/07\/aceite-sacha-inchi.jpg 500w\" sizes=\"auto, (max-width: 300px) 100vw, 300px\" \/>\t\t\t\t\t<\/div>\n\t\t\t\t<\/div>\n\t\t\t<\/div>\n\t\t\t\t<div class=\"icon-box-text last-reset\">\n\t\t\t<h5 class=\"uppercase\">\u00d3LEO DE SACHA INCHI<\/h5>\t\t\t\t\t\t\n<p>(<strong><em>Plukenetia volubilis seed oil<\/em><\/strong>). Uma planta nativa da Amaz\u00f3nia peruana. O seu \u00f3leo \u00e9 rico em Vitaminas A e E com fun\u00e7\u00e3o antioxidante para o brilho. \u00c1cidos gordos polinsaturados (Omega 3, 6 e 9) que protegem e hidratam, favorecendo a produ\u00e7\u00e3o de colag\u00e9nio para manter o cabelo el\u00e1stico e saud\u00e1vel.<\/p>\n\t\t<\/div>\n\t<\/div>\n\t\n\t\n\t\t<\/div>\n\t\t\t\t\t<\/div>\n\n\t\n\n\t<div id=\"col-1223585411\" class=\"col medium-4 large-4\"  >\n\t\t\t\t<div class=\"col-inner\"  >\n\t\t\t\n\t\t\t\n\n\t\t<div class=\"icon-box featured-box icon-box-center text-center\"  >\n\t\t\t\t\t<div class=\"icon-box-img\" style=\"width: 303px\">\n\t\t\t\t<div class=\"icon\">\n\t\t\t\t\t<div class=\"icon-inner\" >\n\t\t\t\t\t\t<img loading=\"lazy\" decoding=\"async\" width=\"300\" height=\"300\" src=\"https:\/\/nuggelasule.com\/wp-content\/uploads\/2021\/05\/aceite-chia-300x300.jpg\" class=\"attachment-medium size-medium\" alt=\"\" srcset=\"https:\/\/nuggelasule.com\/wp-content\/uploads\/2021\/05\/aceite-chia-300x300.jpg 300w, https:\/\/nuggelasule.com\/wp-content\/uploads\/2021\/05\/aceite-chia-122x122.jpg 122w, https:\/\/nuggelasule.com\/wp-content\/uploads\/2021\/05\/aceite-chia-450x450.jpg 450w, https:\/\/nuggelasule.com\/wp-content\/uploads\/2021\/05\/aceite-chia-100x100.jpg 100w, https:\/\/nuggelasule.com\/wp-content\/uploads\/2021\/05\/aceite-chia-32x32.jpg 32w, https:\/\/nuggelasule.com\/wp-content\/uploads\/2021\/05\/aceite-chia-60x60.jpg 60w, https:\/\/nuggelasule.com\/wp-content\/uploads\/2021\/05\/aceite-chia-90x90.jpg 90w, https:\/\/nuggelasule.com\/wp-content\/uploads\/2021\/05\/aceite-chia.jpg 500w\" sizes=\"auto, (max-width: 300px) 100vw, 300px\" \/>\t\t\t\t\t<\/div>\n\t\t\t\t<\/div>\n\t\t\t<\/div>\n\t\t\t\t<div class=\"icon-box-text last-reset\">\n\t\t\t<h5 class=\"uppercase\">\u00d3LEO DE CHIA<\/h5>\t\t\t\t\t\t\n<p>Excelente fonte de prote\u00ednas e oligoelementos tais como C\u00e1lcio, Zinco, Ferro e Niacina. Rico em Omega-3, tem propriedades anti-inflamat\u00f3rias e calmantes que combatem a comich\u00e3o e a vermelhid\u00e3o. Com Vitamina E e antioxidantes que criam uma pel\u00edcula protectora que previne a perda de prote\u00ednas e humidade do cabelo.<\/p>\n\t\t<\/div>\n\t<\/div>\n\t\n\t\n\t\t<\/div>\n\t\t\t\t\t<\/div>\n\n\t\n\n\t<div id=\"col-1961534565\" class=\"col medium-4 large-4\"  >\n\t\t\t\t<div class=\"col-inner\"  >\n\t\t\t\n\t\t\t\n\n\t\t<div class=\"icon-box featured-box icon-box-center text-center\"  >\n\t\t\t\t\t<div class=\"icon-box-img\" style=\"width: 303px\">\n\t\t\t\t<div class=\"icon\">\n\t\t\t\t\t<div class=\"icon-inner\" >\n\t\t\t\t\t\t<img loading=\"lazy\" decoding=\"async\" width=\"300\" height=\"300\" src=\"https:\/\/nuggelasule.com\/wp-content\/uploads\/2021\/05\/aceite-ricino-300x300.jpg\" class=\"attachment-medium size-medium\" alt=\"\" srcset=\"https:\/\/nuggelasule.com\/wp-content\/uploads\/2021\/05\/aceite-ricino-300x300.jpg 300w, https:\/\/nuggelasule.com\/wp-content\/uploads\/2021\/05\/aceite-ricino-122x122.jpg 122w, https:\/\/nuggelasule.com\/wp-content\/uploads\/2021\/05\/aceite-ricino-450x450.jpg 450w, https:\/\/nuggelasule.com\/wp-content\/uploads\/2021\/05\/aceite-ricino-100x100.jpg 100w, https:\/\/nuggelasule.com\/wp-content\/uploads\/2021\/05\/aceite-ricino-32x32.jpg 32w, https:\/\/nuggelasule.com\/wp-content\/uploads\/2021\/05\/aceite-ricino-60x60.jpg 60w, https:\/\/nuggelasule.com\/wp-content\/uploads\/2021\/05\/aceite-ricino-90x90.jpg 90w, https:\/\/nuggelasule.com\/wp-content\/uploads\/2021\/05\/aceite-ricino.jpg 500w\" sizes=\"auto, (max-width: 300px) 100vw, 300px\" \/>\t\t\t\t\t<\/div>\n\t\t\t\t<\/div>\n\t\t\t<\/div>\n\t\t\t\t<div class=\"icon-box-text last-reset\">\n\t\t\t<h5 class=\"uppercase\">\u00d3LEO DE R\u00cdCINO<\/h5>\t\t\t\t\t\t\n<p>(<strong><em>Ricinus communis<\/em><\/strong>). Gra\u00e7as ao seu teor de \u00e1cido ricinoleico, estimula a circula\u00e7\u00e3o sangu\u00ednea no couro cabeludo, favorecendo o crescimento natural do cabelo. Tamb\u00e9m proporciona uma nutri\u00e7\u00e3o e hidrata\u00e7\u00e3o elevadas, o que melhora visivelmente o aspecto do cabelo em apenas algumas semanas.<\/p>\n\t\t<\/div>\n\t<\/div>\n\t\n\t\n\t\t<\/div>\n\t\t\t\t\t<\/div>\n\n\t\n<\/div>\n","protected":false},"excerpt":{"rendered":"<hr size=\"4\" \/>\n<p>Champ\u00f4 em creme ultra-hidratante para homens e mulheres com cabelo seco ou muito seco. Uma f\u00f3rmula rica em \u00f3leos bot\u00e2nicos que hidrata, repara e protege o cabelo.<\/p>\n","protected":false},"featured_media":22554,"comment_status":"closed","ping_status":"closed","template":"","meta":{"_acf_changed":false,"_iconic_wsb_product_page_order_bump_ids":[[]],"_sku":["010083"],"_iconic_wsb_product_page_bump_modal_ids":[[]]},"product_brand":[],"product_cat":[251,244],"product_tag":[248,249],"class_list":{"0":"post-19032","1":"product","2":"type-product","3":"status-publish","4":"has-post-thumbnail","6":"product_cat-champos-pt","7":"product_cat-todos-pt","8":"product_tag-cabellos-secos-pt","9":"product_tag-hidratacion-pt","11":"first","12":"instock","13":"taxable","14":"shipping-taxable","15":"purchasable","16":"product-type-simple"},"acf":[],"yoast_head":"<!-- This site is optimized with the Yoast SEO plugin v27.0 - https:\/\/yoast.com\/product\/yoast-seo-wordpress\/ -->\n<title>Champ\u00f4 Ultra-Hidratante - Nuggela &amp; Sul\u00e9<\/title>\n<meta name=\"description\" content=\"Champ\u00f4 em creme para homens e mulheres com cabelo seco ou muito seco. Uma f\u00f3rmula rica em \u00f3leos bot\u00e2nicos que hidrata, repara e protege o cabelo.\" \/>\n<meta name=\"robots\" content=\"index, follow, max-snippet:-1, max-image-preview:large, max-video-preview:-1\" \/>\n<link rel=\"canonical\" href=\"https:\/\/nuggelasule.com\/pt\/producto\/champo-ultra-hidratante-cabelo-seco-ultra-hidratacao-nuggela-sule\/\" \/>\n<meta property=\"og:locale\" content=\"pt_PT\" \/>\n<meta property=\"og:type\" content=\"article\" \/>\n<meta property=\"og:title\" content=\"Champ\u00f4 Ultra-Hidratante - Nuggela &amp; Sul\u00e9\" \/>\n<meta property=\"og:description\" content=\"Champ\u00f4 em creme para homens e mulheres com cabelo seco ou muito seco. Uma f\u00f3rmula rica em \u00f3leos bot\u00e2nicos que hidrata, repara e protege o cabelo.\" \/>\n<meta property=\"og:url\" content=\"https:\/\/nuggelasule.com\/pt\/producto\/champo-ultra-hidratante-cabelo-seco-ultra-hidratacao-nuggela-sule\/\" \/>\n<meta property=\"og:site_name\" content=\"Nuggela &amp; Sul\u00e9\" \/>\n<meta property=\"article:publisher\" content=\"https:\/\/www.facebook.com\/nuggelasule\/\" \/>\n<meta property=\"article:modified_time\" content=\"2026-04-16T14:43:36+00:00\" \/>\n<meta property=\"og:image\" content=\"https:\/\/nuggelasule.com\/wp-content\/uploads\/2021\/09\/8437014761764_1_Shampoo_Ultra-Hydrating_250ml.jpg\" \/>\n\t<meta property=\"og:image:width\" content=\"1800\" \/>\n\t<meta property=\"og:image:height\" content=\"1800\" \/>\n\t<meta property=\"og:image:type\" content=\"image\/jpeg\" \/>\n<meta name=\"twitter:card\" content=\"summary_large_image\" \/>\n<meta name=\"twitter:site\" content=\"@nuggelasule\" \/>\n<meta name=\"twitter:label1\" content=\"Est. reading time\" \/>\n\t<meta name=\"twitter:data1\" content=\"3 minutes\" \/>\n<script type=\"application\/ld+json\" class=\"yoast-schema-graph\">{\"@context\":\"https:\/\/schema.org\",\"@graph\":[{\"@type\":\"WebPage\",\"@id\":\"https:\/\/nuggelasule.com\/pt\/producto\/champo-ultra-hidratante-cabelo-seco-ultra-hidratacao-nuggela-sule\/\",\"url\":\"https:\/\/nuggelasule.com\/pt\/producto\/champo-ultra-hidratante-cabelo-seco-ultra-hidratacao-nuggela-sule\/\",\"name\":\"Champ\u00f4 Ultra-Hidratante - Nuggela &amp; Sul\u00e9\",\"isPartOf\":{\"@id\":\"https:\/\/nuggelasule.com\/#website\"},\"primaryImageOfPage\":{\"@id\":\"https:\/\/nuggelasule.com\/pt\/producto\/champo-ultra-hidratante-cabelo-seco-ultra-hidratacao-nuggela-sule\/#primaryimage\"},\"image\":{\"@id\":\"https:\/\/nuggelasule.com\/pt\/producto\/champo-ultra-hidratante-cabelo-seco-ultra-hidratacao-nuggela-sule\/#primaryimage\"},\"thumbnailUrl\":\"https:\/\/nuggelasule.com\/wp-content\/uploads\/2021\/09\/8437014761764_1_Shampoo_Ultra-Hydrating_250ml.jpg\",\"datePublished\":\"2021-07-22T12:52:05+00:00\",\"dateModified\":\"2026-04-16T14:43:36+00:00\",\"description\":\"Champ\u00f4 em creme para homens e mulheres com cabelo seco ou muito seco. Uma f\u00f3rmula rica em \u00f3leos bot\u00e2nicos que hidrata, repara e protege o cabelo.\",\"breadcrumb\":{\"@id\":\"https:\/\/nuggelasule.com\/pt\/producto\/champo-ultra-hidratante-cabelo-seco-ultra-hidratacao-nuggela-sule\/#breadcrumb\"},\"inLanguage\":\"pt\",\"potentialAction\":[{\"@type\":\"ReadAction\",\"target\":[\"https:\/\/nuggelasule.com\/pt\/producto\/champo-ultra-hidratante-cabelo-seco-ultra-hidratacao-nuggela-sule\/\"]}]},{\"@type\":\"ImageObject\",\"inLanguage\":\"pt\",\"@id\":\"https:\/\/nuggelasule.com\/pt\/producto\/champo-ultra-hidratante-cabelo-seco-ultra-hidratacao-nuggela-sule\/#primaryimage\",\"url\":\"https:\/\/nuggelasule.com\/wp-content\/uploads\/2021\/09\/8437014761764_1_Shampoo_Ultra-Hydrating_250ml.jpg\",\"contentUrl\":\"https:\/\/nuggelasule.com\/wp-content\/uploads\/2021\/09\/8437014761764_1_Shampoo_Ultra-Hydrating_250ml.jpg\",\"width\":1800,\"height\":1800},{\"@type\":\"BreadcrumbList\",\"@id\":\"https:\/\/nuggelasule.com\/pt\/producto\/champo-ultra-hidratante-cabelo-seco-ultra-hidratacao-nuggela-sule\/#breadcrumb\",\"itemListElement\":[{\"@type\":\"ListItem\",\"position\":1,\"name\":\"Portada\",\"item\":\"https:\/\/nuggelasule.com\/pt\/\"},{\"@type\":\"ListItem\",\"position\":2,\"name\":\"Tienda\",\"item\":\"https:\/\/nuggelasule.com\/pt\/tienda\/\"},{\"@type\":\"ListItem\",\"position\":3,\"name\":\"Champ\u00f4 Ultra-Hidratante\"}]},{\"@type\":\"WebSite\",\"@id\":\"https:\/\/nuggelasule.com\/#website\",\"url\":\"https:\/\/nuggelasule.com\/\",\"name\":\"Nuggela &amp; Sul\u00e9\",\"description\":\"Los mejores productos para la salud y belleza del cabello\",\"publisher\":{\"@id\":\"https:\/\/nuggelasule.com\/#organization\"},\"potentialAction\":[{\"@type\":\"SearchAction\",\"target\":{\"@type\":\"EntryPoint\",\"urlTemplate\":\"https:\/\/nuggelasule.com\/?s={search_term_string}\"},\"query-input\":{\"@type\":\"PropertyValueSpecification\",\"valueRequired\":true,\"valueName\":\"search_term_string\"}}],\"inLanguage\":\"pt\"},{\"@type\":\"Organization\",\"@id\":\"https:\/\/nuggelasule.com\/#organization\",\"name\":\"Nuggela&Sul\u00e9 S.L.\",\"url\":\"https:\/\/nuggelasule.com\/\",\"logo\":{\"@type\":\"ImageObject\",\"inLanguage\":\"pt\",\"@id\":\"https:\/\/nuggelasule.com\/#\/schema\/logo\/image\/\",\"url\":\"\",\"contentUrl\":\"\",\"caption\":\"Nuggela&Sul\u00e9 S.L.\"},\"image\":{\"@id\":\"https:\/\/nuggelasule.com\/#\/schema\/logo\/image\/\"},\"sameAs\":[\"https:\/\/www.facebook.com\/nuggelasule\/\",\"https:\/\/x.com\/nuggelasule\",\"https:\/\/www.instagram.com\/nuggela_sule\/\",\"https:\/\/www.linkedin.com\/company\/9406545\",\"https:\/\/www.youtube.com\/channel\/UCP-uGf_c8i2FI4TXfhffEKw\"]}]}<\/script>\n<!-- \/ Yoast SEO plugin. -->","yoast_head_json":{"title":"Champ\u00f4 Ultra-Hidratante - Nuggela &amp; Sul\u00e9","description":"Champ\u00f4 em creme para homens e mulheres com cabelo seco ou muito seco. Uma f\u00f3rmula rica em \u00f3leos bot\u00e2nicos que hidrata, repara e protege o cabelo.","robots":{"index":"index","follow":"follow","max-snippet":"max-snippet:-1","max-image-preview":"max-image-preview:large","max-video-preview":"max-video-preview:-1"},"canonical":"https:\/\/nuggelasule.com\/pt\/producto\/champo-ultra-hidratante-cabelo-seco-ultra-hidratacao-nuggela-sule\/","og_locale":"pt_PT","og_type":"article","og_title":"Champ\u00f4 Ultra-Hidratante - Nuggela &amp; Sul\u00e9","og_description":"Champ\u00f4 em creme para homens e mulheres com cabelo seco ou muito seco. Uma f\u00f3rmula rica em \u00f3leos bot\u00e2nicos que hidrata, repara e protege o cabelo.","og_url":"https:\/\/nuggelasule.com\/pt\/producto\/champo-ultra-hidratante-cabelo-seco-ultra-hidratacao-nuggela-sule\/","og_site_name":"Nuggela &amp; Sul\u00e9","article_publisher":"https:\/\/www.facebook.com\/nuggelasule\/","article_modified_time":"2026-04-16T14:43:36+00:00","og_image":[{"width":1800,"height":1800,"url":"https:\/\/nuggelasule.com\/wp-content\/uploads\/2021\/09\/8437014761764_1_Shampoo_Ultra-Hydrating_250ml.jpg","type":"image\/jpeg"}],"twitter_card":"summary_large_image","twitter_site":"@nuggelasule","twitter_misc":{"Est. reading time":"3 minutes"},"schema":{"@context":"https:\/\/schema.org","@graph":[{"@type":"WebPage","@id":"https:\/\/nuggelasule.com\/pt\/producto\/champo-ultra-hidratante-cabelo-seco-ultra-hidratacao-nuggela-sule\/","url":"https:\/\/nuggelasule.com\/pt\/producto\/champo-ultra-hidratante-cabelo-seco-ultra-hidratacao-nuggela-sule\/","name":"Champ\u00f4 Ultra-Hidratante - Nuggela &amp; Sul\u00e9","isPartOf":{"@id":"https:\/\/nuggelasule.com\/#website"},"primaryImageOfPage":{"@id":"https:\/\/nuggelasule.com\/pt\/producto\/champo-ultra-hidratante-cabelo-seco-ultra-hidratacao-nuggela-sule\/#primaryimage"},"image":{"@id":"https:\/\/nuggelasule.com\/pt\/producto\/champo-ultra-hidratante-cabelo-seco-ultra-hidratacao-nuggela-sule\/#primaryimage"},"thumbnailUrl":"https:\/\/nuggelasule.com\/wp-content\/uploads\/2021\/09\/8437014761764_1_Shampoo_Ultra-Hydrating_250ml.jpg","datePublished":"2021-07-22T12:52:05+00:00","dateModified":"2026-04-16T14:43:36+00:00","description":"Champ\u00f4 em creme para homens e mulheres com cabelo seco ou muito seco. Uma f\u00f3rmula rica em \u00f3leos bot\u00e2nicos que hidrata, repara e protege o cabelo.","breadcrumb":{"@id":"https:\/\/nuggelasule.com\/pt\/producto\/champo-ultra-hidratante-cabelo-seco-ultra-hidratacao-nuggela-sule\/#breadcrumb"},"inLanguage":"pt","potentialAction":[{"@type":"ReadAction","target":["https:\/\/nuggelasule.com\/pt\/producto\/champo-ultra-hidratante-cabelo-seco-ultra-hidratacao-nuggela-sule\/"]}]},{"@type":"ImageObject","inLanguage":"pt","@id":"https:\/\/nuggelasule.com\/pt\/producto\/champo-ultra-hidratante-cabelo-seco-ultra-hidratacao-nuggela-sule\/#primaryimage","url":"https:\/\/nuggelasule.com\/wp-content\/uploads\/2021\/09\/8437014761764_1_Shampoo_Ultra-Hydrating_250ml.jpg","contentUrl":"https:\/\/nuggelasule.com\/wp-content\/uploads\/2021\/09\/8437014761764_1_Shampoo_Ultra-Hydrating_250ml.jpg","width":1800,"height":1800},{"@type":"BreadcrumbList","@id":"https:\/\/nuggelasule.com\/pt\/producto\/champo-ultra-hidratante-cabelo-seco-ultra-hidratacao-nuggela-sule\/#breadcrumb","itemListElement":[{"@type":"ListItem","position":1,"name":"Portada","item":"https:\/\/nuggelasule.com\/pt\/"},{"@type":"ListItem","position":2,"name":"Tienda","item":"https:\/\/nuggelasule.com\/pt\/tienda\/"},{"@type":"ListItem","position":3,"name":"Champ\u00f4 Ultra-Hidratante"}]},{"@type":"WebSite","@id":"https:\/\/nuggelasule.com\/#website","url":"https:\/\/nuggelasule.com\/","name":"Nuggela &amp; Sul\u00e9","description":"Los mejores productos para la salud y belleza del cabello","publisher":{"@id":"https:\/\/nuggelasule.com\/#organization"},"potentialAction":[{"@type":"SearchAction","target":{"@type":"EntryPoint","urlTemplate":"https:\/\/nuggelasule.com\/?s={search_term_string}"},"query-input":{"@type":"PropertyValueSpecification","valueRequired":true,"valueName":"search_term_string"}}],"inLanguage":"pt"},{"@type":"Organization","@id":"https:\/\/nuggelasule.com\/#organization","name":"Nuggela&Sul\u00e9 S.L.","url":"https:\/\/nuggelasule.com\/","logo":{"@type":"ImageObject","inLanguage":"pt","@id":"https:\/\/nuggelasule.com\/#\/schema\/logo\/image\/","url":"","contentUrl":"","caption":"Nuggela&Sul\u00e9 S.L."},"image":{"@id":"https:\/\/nuggelasule.com\/#\/schema\/logo\/image\/"},"sameAs":["https:\/\/www.facebook.com\/nuggelasule\/","https:\/\/x.com\/nuggelasule","https:\/\/www.instagram.com\/nuggela_sule\/","https:\/\/www.linkedin.com\/company\/9406545","https:\/\/www.youtube.com\/channel\/UCP-uGf_c8i2FI4TXfhffEKw"]}]}},"_links":{"self":[{"href":"https:\/\/nuggelasule.com\/pt\/wp-json\/wp\/v2\/product\/19032","targetHints":{"allow":["GET"]}}],"collection":[{"href":"https:\/\/nuggelasule.com\/pt\/wp-json\/wp\/v2\/product"}],"about":[{"href":"https:\/\/nuggelasule.com\/pt\/wp-json\/wp\/v2\/types\/product"}],"replies":[{"embeddable":true,"href":"https:\/\/nuggelasule.com\/pt\/wp-json\/wp\/v2\/comments?post=19032"}],"wp:featuredmedia":[{"embeddable":true,"href":"https:\/\/nuggelasule.com\/pt\/wp-json\/wp\/v2\/media\/22554"}],"wp:attachment":[{"href":"https:\/\/nuggelasule.com\/pt\/wp-json\/wp\/v2\/media?parent=19032"}],"wp:term":[{"taxonomy":"product_brand","embeddable":true,"href":"https:\/\/nuggelasule.com\/pt\/wp-json\/wp\/v2\/product_brand?post=19032"},{"taxonomy":"product_cat","embeddable":true,"href":"https:\/\/nuggelasule.com\/pt\/wp-json\/wp\/v2\/product_cat?post=19032"},{"taxonomy":"product_tag","embeddable":true,"href":"https:\/\/nuggelasule.com\/pt\/wp-json\/wp\/v2\/product_tag?post=19032"}],"curies":[{"name":"wp","href":"https:\/\/api.w.org\/{rel}","templated":true}]},"billing":{"billing_DNI":""}}