{"id":19029,"date":"2021-11-17T16:54:07","date_gmt":"2021-11-17T15:54:07","guid":{"rendered":"https:\/\/nuggelasule.com\/producto\/bolsa-de-regalo\/"},"modified":"2026-04-27T10:22:22","modified_gmt":"2026-04-27T08:22:22","slug":"bolsa-de-regalo-nuggela-sule","status":"publish","type":"product","link":"https:\/\/nuggelasule.com\/pt\/producto\/bolsa-de-regalo-nuggela-sule\/","title":{"rendered":"Bolsa de regalo"},"content":{"rendered":"<h1><span style=\"color: #282828;\">Bolsa de Regalo de Nuggela &amp; Sul\u00e9<\/span><\/h1>\n<h4><span style=\"color: #282828;\"><strong>ENVU\u00c9LVELO T\u00da MISMO<\/strong><\/span><\/h4>\n<p>\u00a1La bolsa es enviada sin montar, para que puedas meter lo que quieras regalar! As\u00ed puedes preparar t\u00fa mismo el detalle, elegir el momento perfecto y envolverlo con tu toque personal.<\/p>\n<p>Porque cuando lo preparas t\u00fa, el regalo tiene a\u00fan m\u00e1s valor.<\/p>\n<p><strong>EN LA BOLSA CABE:<\/strong><\/p>\n<ul>\n<li>Hasta 4 champ\u00fas<\/li>\n<li>Hasta 2 cajas del pack de 4 ampollas<\/li>\n<li>Hasta 2 champ\u00fas, 1 mascarilla y un Tangle Tamer Brush<\/li>\n<\/ul>\n<p><strong>DISE\u00d1O:<\/strong><br \/>\nSu dise\u00f1o elegante y reutilizable convierte cada obsequio en una experiencia especial \u2014 incluso antes de abrirlo.<\/p>\n<div class=\"row\"  id=\"row-2007649259\">\n<\/div>\n<div class=\"row\"><div class=\" col medium-6 small-12 large-6\"><div class=\"col  beneficios\"><p class=\"title_charasteritcs\">BENEF\u00cdCIOS<\/p><p class=\"description_charasteritcs\">\u00b7 Bolsa de tela<br \/>\r\n\u00b7 Hecha de algod\u00f3n<br \/>\r\n\u00b7 Tama\u00f1o: 20 x 30 cm<br \/>\r\n\u00b7 Con dise\u00f1o exclusivo<\/p><\/div><\/div><div class=\" col medium-6 small-12 large-6\"><div class=\"col indications \"><p class=\"title_charasteritcs\">INDICA\u00c7\u00d5ES<\/p><p class=\"description_charasteritcs\">\u00b7 Lavar a m\u00e1quina con temperatura m\u00e1xima de 30\u00baC<br \/>\r\n\u00b7 No secar en la secadora<br \/>\r\n\u00b7 Planchar a temperatura media<br \/>\r\n\u00b7 No usar lej\u00eda<\/p><\/div><\/div><\/div>\n<div class=\"row\"  id=\"row-441691626\">\n\n\t<div id=\"col-1549448826\" class=\"col small-12 large-12\"  >\n\t\t\t\t<div class=\"col-inner\"  >\n\t\t\t\n\t\t\t\n<div class=\"row\"  id=\"row-1398443420\">\n\n\t<div id=\"col-2079594286\" class=\"col small-12 large-12\"  >\n\t\t\t\t<div class=\"col-inner\"  >\n\t\t\t\n\t\t\t\n\t\t<\/div>\n\t\t\t\t\t<\/div>\n\n\t\n<\/div>\n\t\t<\/div>\n\t\t\t\t\t<\/div>\n\n\t\n<\/div>\n","protected":false},"excerpt":{"rendered":"<hr size=\"4\" \/>\n<p>Gift bag con dise\u00f1o exclusivo de la marca. \u00a1Para que puedas meter lo que quieras regalar! Porque cuando lo preparas t\u00fa, el regalo tiene a\u00fan m\u00e1s valor.<\/p>\n","protected":false},"featured_media":24865,"comment_status":"closed","ping_status":"closed","template":"","meta":{"_acf_changed":false,"_iconic_wsb_product_page_order_bump_ids":[[]],"_sku":["016098"],"_iconic_wsb_product_page_bump_modal_ids":[[]]},"product_brand":[],"product_cat":[256],"product_tag":[],"class_list":{"0":"post-19029","1":"product","2":"type-product","3":"status-publish","4":"has-post-thumbnail","6":"product_cat-acessorios-pt","8":"first","9":"instock","10":"taxable","11":"shipping-taxable","12":"purchasable","13":"product-type-simple"},"acf":[],"yoast_head":"<!-- This site is optimized with the Yoast SEO plugin v27.0 - https:\/\/yoast.com\/product\/yoast-seo-wordpress\/ -->\n<title>Bolsa de regalo - Nuggela &amp; Sul\u00e9<\/title>\n<meta name=\"description\" content=\"Bolsa con dise\u00f1o exclusivo de la marca. \u00a1Para que puedas meter lo que quieras regalar! Porque cuando lo preparas t\u00fa, el regalo tiene a\u00fan m\u00e1s valor\" \/>\n<meta name=\"robots\" content=\"index, follow, max-snippet:-1, max-image-preview:large, max-video-preview:-1\" \/>\n<link rel=\"canonical\" href=\"https:\/\/nuggelasule.com\/pt\/producto\/bolsa-de-regalo-nuggela-sule\/\" \/>\n<meta property=\"og:locale\" content=\"pt_PT\" \/>\n<meta property=\"og:type\" content=\"article\" \/>\n<meta property=\"og:title\" content=\"Bolsa de regalo - Nuggela &amp; Sul\u00e9\" \/>\n<meta property=\"og:description\" content=\"Bolsa con dise\u00f1o exclusivo de la marca. \u00a1Para que puedas meter lo que quieras regalar! Porque cuando lo preparas t\u00fa, el regalo tiene a\u00fan m\u00e1s valor\" \/>\n<meta property=\"og:url\" content=\"https:\/\/nuggelasule.com\/pt\/producto\/bolsa-de-regalo-nuggela-sule\/\" \/>\n<meta property=\"og:site_name\" content=\"Nuggela &amp; Sul\u00e9\" \/>\n<meta property=\"article:publisher\" content=\"https:\/\/www.facebook.com\/nuggelasule\/\" \/>\n<meta property=\"article:modified_time\" content=\"2026-04-27T08:22:22+00:00\" \/>\n<meta property=\"og:image\" content=\"https:\/\/nuggelasule.com\/wp-content\/uploads\/2021\/11\/black-bag-onion.jpg\" \/>\n\t<meta property=\"og:image:width\" content=\"1500\" \/>\n\t<meta property=\"og:image:height\" content=\"1500\" \/>\n\t<meta property=\"og:image:type\" content=\"image\/jpeg\" \/>\n<meta name=\"twitter:card\" content=\"summary_large_image\" \/>\n<meta name=\"twitter:site\" content=\"@nuggelasule\" \/>\n<meta name=\"twitter:label1\" content=\"Est. reading time\" \/>\n\t<meta name=\"twitter:data1\" content=\"1 minute\" \/>\n<script type=\"application\/ld+json\" class=\"yoast-schema-graph\">{\"@context\":\"https:\/\/schema.org\",\"@graph\":[{\"@type\":\"WebPage\",\"@id\":\"https:\/\/nuggelasule.com\/pt\/producto\/bolsa-de-regalo-nuggela-sule\/\",\"url\":\"https:\/\/nuggelasule.com\/pt\/producto\/bolsa-de-regalo-nuggela-sule\/\",\"name\":\"Bolsa de regalo - Nuggela &amp; Sul\u00e9\",\"isPartOf\":{\"@id\":\"https:\/\/nuggelasule.com\/#website\"},\"primaryImageOfPage\":{\"@id\":\"https:\/\/nuggelasule.com\/pt\/producto\/bolsa-de-regalo-nuggela-sule\/#primaryimage\"},\"image\":{\"@id\":\"https:\/\/nuggelasule.com\/pt\/producto\/bolsa-de-regalo-nuggela-sule\/#primaryimage\"},\"thumbnailUrl\":\"https:\/\/nuggelasule.com\/wp-content\/uploads\/2021\/11\/black-bag-onion.jpg\",\"datePublished\":\"2021-11-17T15:54:07+00:00\",\"dateModified\":\"2026-04-27T08:22:22+00:00\",\"description\":\"Bolsa con dise\u00f1o exclusivo de la marca. \u00a1Para que puedas meter lo que quieras regalar! Porque cuando lo preparas t\u00fa, el regalo tiene a\u00fan m\u00e1s valor\",\"breadcrumb\":{\"@id\":\"https:\/\/nuggelasule.com\/pt\/producto\/bolsa-de-regalo-nuggela-sule\/#breadcrumb\"},\"inLanguage\":\"pt\",\"potentialAction\":[{\"@type\":\"ReadAction\",\"target\":[\"https:\/\/nuggelasule.com\/pt\/producto\/bolsa-de-regalo-nuggela-sule\/\"]}]},{\"@type\":\"ImageObject\",\"inLanguage\":\"pt\",\"@id\":\"https:\/\/nuggelasule.com\/pt\/producto\/bolsa-de-regalo-nuggela-sule\/#primaryimage\",\"url\":\"https:\/\/nuggelasule.com\/wp-content\/uploads\/2021\/11\/black-bag-onion.jpg\",\"contentUrl\":\"https:\/\/nuggelasule.com\/wp-content\/uploads\/2021\/11\/black-bag-onion.jpg\",\"width\":1500,\"height\":1500},{\"@type\":\"BreadcrumbList\",\"@id\":\"https:\/\/nuggelasule.com\/pt\/producto\/bolsa-de-regalo-nuggela-sule\/#breadcrumb\",\"itemListElement\":[{\"@type\":\"ListItem\",\"position\":1,\"name\":\"Portada\",\"item\":\"https:\/\/nuggelasule.com\/pt\/\"},{\"@type\":\"ListItem\",\"position\":2,\"name\":\"Tienda\",\"item\":\"https:\/\/nuggelasule.com\/pt\/tienda\/\"},{\"@type\":\"ListItem\",\"position\":3,\"name\":\"Bolsa de regalo\"}]},{\"@type\":\"WebSite\",\"@id\":\"https:\/\/nuggelasule.com\/#website\",\"url\":\"https:\/\/nuggelasule.com\/\",\"name\":\"Nuggela &amp; Sul\u00e9\",\"description\":\"Los mejores productos para la salud y belleza del cabello\",\"publisher\":{\"@id\":\"https:\/\/nuggelasule.com\/#organization\"},\"potentialAction\":[{\"@type\":\"SearchAction\",\"target\":{\"@type\":\"EntryPoint\",\"urlTemplate\":\"https:\/\/nuggelasule.com\/?s={search_term_string}\"},\"query-input\":{\"@type\":\"PropertyValueSpecification\",\"valueRequired\":true,\"valueName\":\"search_term_string\"}}],\"inLanguage\":\"pt\"},{\"@type\":\"Organization\",\"@id\":\"https:\/\/nuggelasule.com\/#organization\",\"name\":\"Nuggela&Sul\u00e9 S.L.\",\"url\":\"https:\/\/nuggelasule.com\/\",\"logo\":{\"@type\":\"ImageObject\",\"inLanguage\":\"pt\",\"@id\":\"https:\/\/nuggelasule.com\/#\/schema\/logo\/image\/\",\"url\":\"\",\"contentUrl\":\"\",\"caption\":\"Nuggela&Sul\u00e9 S.L.\"},\"image\":{\"@id\":\"https:\/\/nuggelasule.com\/#\/schema\/logo\/image\/\"},\"sameAs\":[\"https:\/\/www.facebook.com\/nuggelasule\/\",\"https:\/\/x.com\/nuggelasule\",\"https:\/\/www.instagram.com\/nuggela_sule\/\",\"https:\/\/www.linkedin.com\/company\/9406545\",\"https:\/\/www.youtube.com\/channel\/UCP-uGf_c8i2FI4TXfhffEKw\"]}]}<\/script>\n<!-- \/ Yoast SEO plugin. -->","yoast_head_json":{"title":"Bolsa de regalo - Nuggela &amp; Sul\u00e9","description":"Bolsa con dise\u00f1o exclusivo de la marca. \u00a1Para que puedas meter lo que quieras regalar! Porque cuando lo preparas t\u00fa, el regalo tiene a\u00fan m\u00e1s valor","robots":{"index":"index","follow":"follow","max-snippet":"max-snippet:-1","max-image-preview":"max-image-preview:large","max-video-preview":"max-video-preview:-1"},"canonical":"https:\/\/nuggelasule.com\/pt\/producto\/bolsa-de-regalo-nuggela-sule\/","og_locale":"pt_PT","og_type":"article","og_title":"Bolsa de regalo - Nuggela &amp; Sul\u00e9","og_description":"Bolsa con dise\u00f1o exclusivo de la marca. \u00a1Para que puedas meter lo que quieras regalar! Porque cuando lo preparas t\u00fa, el regalo tiene a\u00fan m\u00e1s valor","og_url":"https:\/\/nuggelasule.com\/pt\/producto\/bolsa-de-regalo-nuggela-sule\/","og_site_name":"Nuggela &amp; Sul\u00e9","article_publisher":"https:\/\/www.facebook.com\/nuggelasule\/","article_modified_time":"2026-04-27T08:22:22+00:00","og_image":[{"width":1500,"height":1500,"url":"https:\/\/nuggelasule.com\/wp-content\/uploads\/2021\/11\/black-bag-onion.jpg","type":"image\/jpeg"}],"twitter_card":"summary_large_image","twitter_site":"@nuggelasule","twitter_misc":{"Est. reading time":"1 minute"},"schema":{"@context":"https:\/\/schema.org","@graph":[{"@type":"WebPage","@id":"https:\/\/nuggelasule.com\/pt\/producto\/bolsa-de-regalo-nuggela-sule\/","url":"https:\/\/nuggelasule.com\/pt\/producto\/bolsa-de-regalo-nuggela-sule\/","name":"Bolsa de regalo - Nuggela &amp; Sul\u00e9","isPartOf":{"@id":"https:\/\/nuggelasule.com\/#website"},"primaryImageOfPage":{"@id":"https:\/\/nuggelasule.com\/pt\/producto\/bolsa-de-regalo-nuggela-sule\/#primaryimage"},"image":{"@id":"https:\/\/nuggelasule.com\/pt\/producto\/bolsa-de-regalo-nuggela-sule\/#primaryimage"},"thumbnailUrl":"https:\/\/nuggelasule.com\/wp-content\/uploads\/2021\/11\/black-bag-onion.jpg","datePublished":"2021-11-17T15:54:07+00:00","dateModified":"2026-04-27T08:22:22+00:00","description":"Bolsa con dise\u00f1o exclusivo de la marca. \u00a1Para que puedas meter lo que quieras regalar! Porque cuando lo preparas t\u00fa, el regalo tiene a\u00fan m\u00e1s valor","breadcrumb":{"@id":"https:\/\/nuggelasule.com\/pt\/producto\/bolsa-de-regalo-nuggela-sule\/#breadcrumb"},"inLanguage":"pt","potentialAction":[{"@type":"ReadAction","target":["https:\/\/nuggelasule.com\/pt\/producto\/bolsa-de-regalo-nuggela-sule\/"]}]},{"@type":"ImageObject","inLanguage":"pt","@id":"https:\/\/nuggelasule.com\/pt\/producto\/bolsa-de-regalo-nuggela-sule\/#primaryimage","url":"https:\/\/nuggelasule.com\/wp-content\/uploads\/2021\/11\/black-bag-onion.jpg","contentUrl":"https:\/\/nuggelasule.com\/wp-content\/uploads\/2021\/11\/black-bag-onion.jpg","width":1500,"height":1500},{"@type":"BreadcrumbList","@id":"https:\/\/nuggelasule.com\/pt\/producto\/bolsa-de-regalo-nuggela-sule\/#breadcrumb","itemListElement":[{"@type":"ListItem","position":1,"name":"Portada","item":"https:\/\/nuggelasule.com\/pt\/"},{"@type":"ListItem","position":2,"name":"Tienda","item":"https:\/\/nuggelasule.com\/pt\/tienda\/"},{"@type":"ListItem","position":3,"name":"Bolsa de regalo"}]},{"@type":"WebSite","@id":"https:\/\/nuggelasule.com\/#website","url":"https:\/\/nuggelasule.com\/","name":"Nuggela &amp; Sul\u00e9","description":"Los mejores productos para la salud y belleza del cabello","publisher":{"@id":"https:\/\/nuggelasule.com\/#organization"},"potentialAction":[{"@type":"SearchAction","target":{"@type":"EntryPoint","urlTemplate":"https:\/\/nuggelasule.com\/?s={search_term_string}"},"query-input":{"@type":"PropertyValueSpecification","valueRequired":true,"valueName":"search_term_string"}}],"inLanguage":"pt"},{"@type":"Organization","@id":"https:\/\/nuggelasule.com\/#organization","name":"Nuggela&Sul\u00e9 S.L.","url":"https:\/\/nuggelasule.com\/","logo":{"@type":"ImageObject","inLanguage":"pt","@id":"https:\/\/nuggelasule.com\/#\/schema\/logo\/image\/","url":"","contentUrl":"","caption":"Nuggela&Sul\u00e9 S.L."},"image":{"@id":"https:\/\/nuggelasule.com\/#\/schema\/logo\/image\/"},"sameAs":["https:\/\/www.facebook.com\/nuggelasule\/","https:\/\/x.com\/nuggelasule","https:\/\/www.instagram.com\/nuggela_sule\/","https:\/\/www.linkedin.com\/company\/9406545","https:\/\/www.youtube.com\/channel\/UCP-uGf_c8i2FI4TXfhffEKw"]}]}},"_links":{"self":[{"href":"https:\/\/nuggelasule.com\/pt\/wp-json\/wp\/v2\/product\/19029","targetHints":{"allow":["GET"]}}],"collection":[{"href":"https:\/\/nuggelasule.com\/pt\/wp-json\/wp\/v2\/product"}],"about":[{"href":"https:\/\/nuggelasule.com\/pt\/wp-json\/wp\/v2\/types\/product"}],"replies":[{"embeddable":true,"href":"https:\/\/nuggelasule.com\/pt\/wp-json\/wp\/v2\/comments?post=19029"}],"wp:featuredmedia":[{"embeddable":true,"href":"https:\/\/nuggelasule.com\/pt\/wp-json\/wp\/v2\/media\/24865"}],"wp:attachment":[{"href":"https:\/\/nuggelasule.com\/pt\/wp-json\/wp\/v2\/media?parent=19029"}],"wp:term":[{"taxonomy":"product_brand","embeddable":true,"href":"https:\/\/nuggelasule.com\/pt\/wp-json\/wp\/v2\/product_brand?post=19029"},{"taxonomy":"product_cat","embeddable":true,"href":"https:\/\/nuggelasule.com\/pt\/wp-json\/wp\/v2\/product_cat?post=19029"},{"taxonomy":"product_tag","embeddable":true,"href":"https:\/\/nuggelasule.com\/pt\/wp-json\/wp\/v2\/product_tag?post=19029"}],"curies":[{"name":"wp","href":"https:\/\/api.w.org\/{rel}","templated":true}]},"billing":{"billing_DNI":""}}