{"id":26902,"date":"2025-11-06T09:11:51","date_gmt":"2025-11-06T08:11:51","guid":{"rendered":"https:\/\/nuggelasule.com\/?page_id=26902"},"modified":"2026-02-18T08:05:13","modified_gmt":"2026-02-18T07:05:13","slug":"oleo-uva-nuggela-sule","status":"publish","type":"page","link":"https:\/\/nuggelasule.com\/pt\/oleo-uva-nuggela-sule\/","title":{"rendered":"\u00d3leo de Uva"},"content":{"rendered":"  <div id=\"page-header-1037756762\" class=\"page-header-wrapper\">\n  <div class=\"page-title dark simple-title has-parallax\">\n\n        <div class=\"page-title-bg\">\n      <div class=\"title-bg fill bg-fill\"\n        data-parallax-container=\".page-title\"\n        data-parallax-background\n        data-parallax=\"-6\">\n      <\/div>\n      <div class=\"title-overlay fill\"><\/div>\n    <\/div>\n    \n    <div class=\"page-title-inner container align-center text-center flex-row-col medium-flex-wrap\" data-parallax-fade=\"true\" data-parallax=\"-1\">\n            <div class=\"title-content flex-col\">\n              <\/div>\n    <\/div>\n\n     \n<style>\n#page-header-1037756762 .page-title-inner {\n  min-height: 400px;\n}\n#page-header-1037756762 {\n  margin-bottom: 0px;\n}\n#page-header-1037756762 .title-bg {\n  background-image: url(https:\/\/nuggelasule.com\/wp-content\/uploads\/2025\/11\/GRAPE-GREEN.jpg);\n}\n<\/style>\n  <\/div>\n    <\/div>\n  \n<div class=\"text-center\"><div class=\"is-divider divider clearfix\" style=\"background-color:rgb(255, 255, 255);\"><\/div><\/div>\n<h1>\u00d3LEO DE UVA<\/h1>\n<p style=\"text-align: justify;\">O <strong>\u00d3leo de Uva<\/strong> <strong><em>Vitis vinifera<\/strong><\/em> \u00e9 obtido por prensagem a frio das sementes da uva, a mesma planta de que prov\u00e9m o vinho. \u00c9 um subproduto da ind\u00fastria vin\u00edcola e tem sido utilizado na alimenta\u00e7\u00e3o, na medicina tradicional e na cosm\u00e9tica h\u00e1 s\u00e9culos.<\/p>\n<h3>USOS TRADICIONAIS<\/h3>\n<p style=\"text-align: justify;\">Historicamente, o \u00f3leo de uva teve usos distintos consoante a regi\u00e3o. No <strong>Mediterr\u00e2neo e na Europa<\/strong> \u00e9 usado desde a Antiguidade como <strong>tratamento para a pele pela sua capacidade de suavizar e hidratar<\/strong>. Tamb\u00e9m na medicina popular, utilizava-se o \u00f3leo de uva para aliviar inflama\u00e7\u00f5es ligeiras e feridas, bem como para melhorar a circula\u00e7\u00e3o, nutrir o couro cabeludo e fortalecer o cabelo. Na <strong>\u00c1sia<\/strong>, era usado em misturas de \u00f3leos vegetais em <strong>tratamentos capilares e corporais, pelo seu efeito calmante e antioxidante<\/strong>.<\/p>\n<hr \/>\n<div class=\"row row-large\"  id=\"row-878504170\">\n\n\t<div id=\"col-1034106213\" class=\"col medium-6 small-12 large-6\"  >\n\t\t\t\t<div class=\"col-inner\"  >\n\t\t\t\n\t\t\t\n<h3><span style=\"background-color: #ffdee4;\">O \u00d3LEO DE UVA E O CABELO<\/span><\/h3>\n<p>O \u00f3leo de semente de uva destaca-se pelo seu perfil rico em \u00e1cidos gordos insaturados e compostos bioactivos antioxidantes:<\/p>\n<ul>\n<li><strong>\u00c1cido Linoleico:<\/strong> (\u00d3mega 6) &#8211; <em>\u00c1cido Gordo Essencial<\/em> &#8211; Hidratante e fortalece a barreira cut\u00e2nea<\/li>\n<li><strong>\u00c1cido Oleico:<\/strong> (\u00d3mega 9) &#8211; <em>\u00c1cido Gordo Monoinsaturado<\/em> &#8211; Suaviza e nutre<\/li>\n<li><strong>Vitamina E:<\/strong> (Tocofer\u00f3is) &#8211; <em>Antioxidante Natural<\/em> &#8211; Protege do dano oxidativo<\/li>\n<li><strong>Proantocianidinas:<\/strong> (OPC) &#8211; <em>Polifen\u00f3is Antioxidantes<\/em> &#8211; Potentes contra radicais livres<\/li>\n<li><strong>Fitoster\u00f3is:<\/strong> Compostos Vegetais &#8211; Favorecem a repara\u00e7\u00e3o cut\u00e2nea<\/li>\n<\/ul>\n\t\t<\/div>\n\t\t\t\t\t<\/div>\n\n\t\n\n\t<div id=\"col-2057792187\" class=\"col medium-6 small-12 large-6\"  >\n\t\t\t\t<div class=\"col-inner\"  >\n\t\t\t\n\t\t\t\n\t<div class=\"img has-hover x md-x lg-x y md-y lg-y\" id=\"image_1340606076\">\n\t\t\t\t\t\t\t\t<div class=\"img-inner dark\" >\n\t\t\t<img loading=\"lazy\" decoding=\"async\" width=\"1020\" height=\"1020\" src=\"https:\/\/nuggelasule.com\/wp-content\/uploads\/2025\/11\/Firefly_Gemini-Flash-1.png\" class=\"attachment-large size-large\" alt=\"\" srcset=\"https:\/\/nuggelasule.com\/wp-content\/uploads\/2025\/11\/Firefly_Gemini-Flash-1.png 1024w, https:\/\/nuggelasule.com\/wp-content\/uploads\/2025\/11\/Firefly_Gemini-Flash-1-300x300.png 300w, https:\/\/nuggelasule.com\/wp-content\/uploads\/2025\/11\/Firefly_Gemini-Flash-1-122x122.png 122w, https:\/\/nuggelasule.com\/wp-content\/uploads\/2025\/11\/Firefly_Gemini-Flash-1-768x768.png 768w, https:\/\/nuggelasule.com\/wp-content\/uploads\/2025\/11\/Firefly_Gemini-Flash-1-450x450.png 450w, https:\/\/nuggelasule.com\/wp-content\/uploads\/2025\/11\/Firefly_Gemini-Flash-1-510x510.png 510w, https:\/\/nuggelasule.com\/wp-content\/uploads\/2025\/11\/Firefly_Gemini-Flash-1-100x100.png 100w, https:\/\/nuggelasule.com\/wp-content\/uploads\/2025\/11\/Firefly_Gemini-Flash-1-32x32.png 32w, https:\/\/nuggelasule.com\/wp-content\/uploads\/2025\/11\/Firefly_Gemini-Flash-1-60x60.png 60w, https:\/\/nuggelasule.com\/wp-content\/uploads\/2025\/11\/Firefly_Gemini-Flash-1-90x90.png 90w\" sizes=\"auto, (max-width: 1020px) 100vw, 1020px\" \/>\t\t\t\t\t\t\n\t\t\t\t\t<\/div>\n\t\t\t\t\t\t\t\t\n<style>\n#image_1340606076 {\n  width: 90%;\n}\n<\/style>\n\t<\/div>\n\t\n\t\t<\/div>\n\t\t\t\t\t<\/div>\n\n\t\n<\/div>\n<div class=\"text-center\"><div class=\"is-divider divider clearfix\" style=\"background-color:rgb(255, 255, 255);\"><\/div><\/div>\n<div class=\"row row-full-width align-middle align-center\"  id=\"row-1296707887\">\n\n\t<div id=\"col-1071315932\" class=\"col medium-10 small-12 large-10\"  >\n\t\t\t\t<div class=\"col-inner text-left\"  >\n\t\t\t\n\t\t\t\n<div class=\"message-box relative\" style=\"padding-top:44px;padding-bottom:44px;\"><div class=\"message-box-bg-image bg-fill fill\" ><\/div><div class=\"message-box-bg-overlay bg-fill fill\" style=\"background-color:rgb(255, 222, 228);\"><\/div><div class=\"container relative\"><div class=\"inner last-reset\">\n<div class=\"row align-middle align-center\"  id=\"row-636694716\">\n\n\t<div id=\"col-728382355\" class=\"col medium-10 small-12 large-10\"  >\n\t\t\t\t<div class=\"col-inner\"  >\n\t\t\t\n\t\t\t\n<h3>BENEF\u00cdCIOS PARA O CABELO<\/h3>\n<ul>\n<li><strong>Hidrata\u00e7\u00e3o profunda sem pesar<\/strong><br \/>\nO seu elevado teor de \u00e1cido linoleico ajuda a reter a humidade na fibra capilar<\/li>\n<li><strong>Fortalece o cabelo e previne a quebra<\/strong><br \/>\nRepara a cut\u00edcula, aumenta a elasticidade e reduz a fragilidade e o frizz<\/li>\n<li><strong>Estimula o crescimento<\/strong><br \/>\nAs proantocianidinas prolongam a fase anag\u00e9nica do fol\u00edculo piloso, favorecendo um crescimento saud\u00e1vel<\/li>\n<li><strong>Controla a caspa e a irrita\u00e7\u00e3o<\/strong><br \/>\nA sua a\u00e7\u00e3o anti-inflamat\u00f3ria e antimicrobiana acalma e pele seca e descamada<\/li>\n<li><strong>Prote\u00e7\u00e3o antioxidante<\/strong><br \/>\nA vitamina E e os polifen\u00f3is protegem contra o dano provocado pela radia\u00e7\u00e3o UV e pela polui\u00e7\u00e3o ambiental<\/li>\n<\/ul>\n\t\t<\/div>\n\t\t\t\t\t<\/div>\n\n\t\n<\/div>\n<\/div><\/div><\/div>\n\t\t<\/div>\n\t\t\t\t\t<\/div>\n\n\t\n<\/div>\n<p><strong>PRODUTOS QUE CONT\u00caM ESTE INGREDIENTE ATIVO<\/strong><\/p>\n<div class=\"woocommerce columns-4 \"><div class=\"products row row-small large-columns-4 medium-columns-3 small-columns-2 has-equal-box-heights\">\n<div class=\"product-small col has-hover product type-product post-26812 status-publish first instock product_cat-linha-de-barba product_cat-todos-pt has-post-thumbnail featured taxable shipping-taxable purchasable product-type-simple\">\n\t<div class=\"col-inner\">\n\t\n<div class=\"badge-container absolute left top z-1\">\n\n<div class=\"badge callout badge-circle\"><div class=\"badge-inner callout-new-bg is-small new-bubble\">NOVO<\/div><\/div><\/div>\n\t<div class=\"product-small box \">\n\t\t<div class=\"box-image\">\n\t\t\t<div class=\"image-fade_in_back\">\n\t\t\t\t<a href=\"https:\/\/nuggelasule.com\/pt\/producto\/oleo-de-barba-oleos-naturais-homens\/\">\n\t\t\t\t\t<img loading=\"lazy\" decoding=\"async\" width=\"450\" height=\"450\" src=\"https:\/\/nuggelasule.com\/wp-content\/uploads\/2025\/11\/8437024803485beard-oil-450x450.jpg\" class=\"attachment-woocommerce_thumbnail size-woocommerce_thumbnail\" alt=\"\u00d3leo de Barba\" srcset=\"https:\/\/nuggelasule.com\/wp-content\/uploads\/2025\/11\/8437024803485beard-oil-450x450.jpg 450w, https:\/\/nuggelasule.com\/wp-content\/uploads\/2025\/11\/8437024803485beard-oil-300x300.jpg 300w, https:\/\/nuggelasule.com\/wp-content\/uploads\/2025\/11\/8437024803485beard-oil-1024x1024.jpg 1024w, https:\/\/nuggelasule.com\/wp-content\/uploads\/2025\/11\/8437024803485beard-oil-122x122.jpg 122w, https:\/\/nuggelasule.com\/wp-content\/uploads\/2025\/11\/8437024803485beard-oil-768x768.jpg 768w, https:\/\/nuggelasule.com\/wp-content\/uploads\/2025\/11\/8437024803485beard-oil-510x510.jpg 510w, https:\/\/nuggelasule.com\/wp-content\/uploads\/2025\/11\/8437024803485beard-oil-100x100.jpg 100w, https:\/\/nuggelasule.com\/wp-content\/uploads\/2025\/11\/8437024803485beard-oil-32x32.jpg 32w, https:\/\/nuggelasule.com\/wp-content\/uploads\/2025\/11\/8437024803485beard-oil.jpg 1080w\" sizes=\"auto, (max-width: 450px) 100vw, 450px\" \/><img loading=\"lazy\" decoding=\"async\" width=\"450\" height=\"450\" src=\"https:\/\/nuggelasule.com\/wp-content\/uploads\/2025\/11\/B0GPXP28L5.PT01-1-450x450.jpg\" class=\"show-on-hover absolute fill hide-for-small back-image\" alt=\"Alternative view of \u00d3leo de Barba\" aria-hidden=\"true\" srcset=\"https:\/\/nuggelasule.com\/wp-content\/uploads\/2025\/11\/B0GPXP28L5.PT01-1-450x450.jpg 450w, https:\/\/nuggelasule.com\/wp-content\/uploads\/2025\/11\/B0GPXP28L5.PT01-1-300x300.jpg 300w, https:\/\/nuggelasule.com\/wp-content\/uploads\/2025\/11\/B0GPXP28L5.PT01-1-1024x1024.jpg 1024w, https:\/\/nuggelasule.com\/wp-content\/uploads\/2025\/11\/B0GPXP28L5.PT01-1-122x122.jpg 122w, https:\/\/nuggelasule.com\/wp-content\/uploads\/2025\/11\/B0GPXP28L5.PT01-1-768x768.jpg 768w, https:\/\/nuggelasule.com\/wp-content\/uploads\/2025\/11\/B0GPXP28L5.PT01-1-510x510.jpg 510w, https:\/\/nuggelasule.com\/wp-content\/uploads\/2025\/11\/B0GPXP28L5.PT01-1-100x100.jpg 100w, https:\/\/nuggelasule.com\/wp-content\/uploads\/2025\/11\/B0GPXP28L5.PT01-1-32x32.jpg 32w, https:\/\/nuggelasule.com\/wp-content\/uploads\/2025\/11\/B0GPXP28L5.PT01-1.jpg 1080w\" sizes=\"auto, (max-width: 450px) 100vw, 450px\" \/>\t\t\t\t<\/a>\n\t\t\t<\/div>\n\t\t\t<div class=\"image-tools is-small top right show-on-hover\">\n\t\t\t\t\t\t\t<\/div>\n\t\t\t<div class=\"image-tools is-small hide-for-small bottom left show-on-hover\">\n\t\t\t\t\t\t\t<\/div>\n\t\t\t<div class=\"image-tools grid-tools text-center hide-for-small bottom hover-slide-in show-on-hover\">\n\t\t\t\t\t\t\t<\/div>\n\t\t\t\t\t<\/div>\n\n\t\t<div class=\"box-text box-text-products\">\n\t\t\t<div class=\"title-wrapper\"><p class=\"name product-title woocommerce-loop-product__title\"><a href=\"https:\/\/nuggelasule.com\/pt\/producto\/oleo-de-barba-oleos-naturais-homens\/\" class=\"woocommerce-LoopProduct-link woocommerce-loop-product__link\">\u00d3leo de Barba<\/a><\/p><\/div><div class=\"price-wrapper\">\n\t<span class=\"price\"><span class=\"woocommerce-Price-amount amount\"><bdi>19,90&nbsp;<span class=\"woocommerce-Price-currencySymbol\">&euro;<\/span><\/bdi><\/span><\/span>\n<\/div>\t\t<\/div>\n\t<\/div>\n\t\t<\/div>\n<\/div><\/div><!-- row -->\n<\/div>\n","protected":false},"excerpt":{"rendered":"<p>\u00d3LEO DE UVA O \u00d3leo de Uva Vitis vinifera \u00e9 obtido por prensagem a frio das sementes da uva, a mesma planta de que prov\u00e9m o vinho. \u00c9 um subproduto da ind\u00fastria vin\u00edcola e tem sido utilizado na alimenta\u00e7\u00e3o, na medicina tradicional e na cosm\u00e9tica h\u00e1 s\u00e9culos. USOS TRADICIONAIS Historicamente, o \u00f3leo de uva teve [&#8230;]\n","protected":false},"author":1469,"featured_media":0,"parent":0,"menu_order":0,"comment_status":"closed","ping_status":"closed","template":"","meta":{"_acf_changed":false,"footnotes":""},"class_list":["post-26902","page","type-page","status-publish","hentry"],"acf":[],"yoast_head":"<!-- This site is optimized with the Yoast SEO plugin v27.0 - https:\/\/yoast.com\/product\/yoast-seo-wordpress\/ -->\n<title>\u00d3leo de Uva - Nuggela &amp; Sul\u00e9<\/title>\n<meta name=\"description\" content=\"Um \u00f3leo leve e antioxidante que nutre, repara, fortalece e confere brilho natural \u00e0 barba sem a deixar pesada.\" \/>\n<meta name=\"robots\" content=\"index, follow, max-snippet:-1, max-image-preview:large, max-video-preview:-1\" \/>\n<link rel=\"canonical\" href=\"https:\/\/nuggelasule.com\/pt\/oleo-uva-nuggela-sule\/\" \/>\n<meta property=\"og:locale\" content=\"pt_PT\" \/>\n<meta property=\"og:type\" content=\"article\" \/>\n<meta property=\"og:title\" content=\"\u00d3leo de Uva - Nuggela &amp; Sul\u00e9\" \/>\n<meta property=\"og:description\" content=\"Um \u00f3leo leve e antioxidante que nutre, repara, fortalece e confere brilho natural \u00e0 barba sem a deixar pesada.\" \/>\n<meta property=\"og:url\" content=\"https:\/\/nuggelasule.com\/pt\/oleo-uva-nuggela-sule\/\" \/>\n<meta property=\"og:site_name\" content=\"Nuggela &amp; Sul\u00e9\" \/>\n<meta property=\"article:publisher\" content=\"https:\/\/www.facebook.com\/nuggelasule\/\" \/>\n<meta property=\"article:modified_time\" content=\"2026-02-18T07:05:13+00:00\" \/>\n<meta property=\"og:image\" content=\"https:\/\/nuggelasule.com\/wp-content\/uploads\/2024\/08\/LOGO_nuggelasule.png\" \/>\n\t<meta property=\"og:image:width\" content=\"1200\" \/>\n\t<meta property=\"og:image:height\" content=\"675\" \/>\n\t<meta property=\"og:image:type\" content=\"image\/png\" \/>\n<meta name=\"twitter:card\" content=\"summary_large_image\" \/>\n<meta name=\"twitter:site\" content=\"@nuggelasule\" \/>\n<meta name=\"twitter:label1\" content=\"Est. reading time\" \/>\n\t<meta name=\"twitter:data1\" content=\"2 minutes\" \/>\n<script type=\"application\/ld+json\" class=\"yoast-schema-graph\">{\"@context\":\"https:\/\/schema.org\",\"@graph\":[{\"@type\":\"WebPage\",\"@id\":\"https:\/\/nuggelasule.com\/pt\/oleo-uva-nuggela-sule\/\",\"url\":\"https:\/\/nuggelasule.com\/pt\/oleo-uva-nuggela-sule\/\",\"name\":\"\u00d3leo de Uva - Nuggela &amp; Sul\u00e9\",\"isPartOf\":{\"@id\":\"https:\/\/nuggelasule.com\/#website\"},\"datePublished\":\"2025-11-06T08:11:51+00:00\",\"dateModified\":\"2026-02-18T07:05:13+00:00\",\"description\":\"Um \u00f3leo leve e antioxidante que nutre, repara, fortalece e confere brilho natural \u00e0 barba sem a deixar pesada.\",\"breadcrumb\":{\"@id\":\"https:\/\/nuggelasule.com\/pt\/oleo-uva-nuggela-sule\/#breadcrumb\"},\"inLanguage\":\"pt\",\"potentialAction\":[{\"@type\":\"ReadAction\",\"target\":[\"https:\/\/nuggelasule.com\/pt\/oleo-uva-nuggela-sule\/\"]}]},{\"@type\":\"BreadcrumbList\",\"@id\":\"https:\/\/nuggelasule.com\/pt\/oleo-uva-nuggela-sule\/#breadcrumb\",\"itemListElement\":[{\"@type\":\"ListItem\",\"position\":1,\"name\":\"Portada\",\"item\":\"https:\/\/nuggelasule.com\/pt\/\"},{\"@type\":\"ListItem\",\"position\":2,\"name\":\"\u00d3leo de Uva\"}]},{\"@type\":\"WebSite\",\"@id\":\"https:\/\/nuggelasule.com\/#website\",\"url\":\"https:\/\/nuggelasule.com\/\",\"name\":\"Nuggela &amp; Sul\u00e9\",\"description\":\"Los mejores productos para la salud y belleza del cabello\",\"publisher\":{\"@id\":\"https:\/\/nuggelasule.com\/#organization\"},\"potentialAction\":[{\"@type\":\"SearchAction\",\"target\":{\"@type\":\"EntryPoint\",\"urlTemplate\":\"https:\/\/nuggelasule.com\/?s={search_term_string}\"},\"query-input\":{\"@type\":\"PropertyValueSpecification\",\"valueRequired\":true,\"valueName\":\"search_term_string\"}}],\"inLanguage\":\"pt\"},{\"@type\":\"Organization\",\"@id\":\"https:\/\/nuggelasule.com\/#organization\",\"name\":\"Nuggela&Sul\u00e9 S.L.\",\"url\":\"https:\/\/nuggelasule.com\/\",\"logo\":{\"@type\":\"ImageObject\",\"inLanguage\":\"pt\",\"@id\":\"https:\/\/nuggelasule.com\/#\/schema\/logo\/image\/\",\"url\":\"\",\"contentUrl\":\"\",\"caption\":\"Nuggela&Sul\u00e9 S.L.\"},\"image\":{\"@id\":\"https:\/\/nuggelasule.com\/#\/schema\/logo\/image\/\"},\"sameAs\":[\"https:\/\/www.facebook.com\/nuggelasule\/\",\"https:\/\/x.com\/nuggelasule\",\"https:\/\/www.instagram.com\/nuggela_sule\/\",\"https:\/\/www.linkedin.com\/company\/9406545\",\"https:\/\/www.youtube.com\/channel\/UCP-uGf_c8i2FI4TXfhffEKw\"]}]}<\/script>\n<!-- \/ Yoast SEO plugin. -->","yoast_head_json":{"title":"\u00d3leo de Uva - Nuggela &amp; Sul\u00e9","description":"Um \u00f3leo leve e antioxidante que nutre, repara, fortalece e confere brilho natural \u00e0 barba sem a deixar pesada.","robots":{"index":"index","follow":"follow","max-snippet":"max-snippet:-1","max-image-preview":"max-image-preview:large","max-video-preview":"max-video-preview:-1"},"canonical":"https:\/\/nuggelasule.com\/pt\/oleo-uva-nuggela-sule\/","og_locale":"pt_PT","og_type":"article","og_title":"\u00d3leo de Uva - Nuggela &amp; Sul\u00e9","og_description":"Um \u00f3leo leve e antioxidante que nutre, repara, fortalece e confere brilho natural \u00e0 barba sem a deixar pesada.","og_url":"https:\/\/nuggelasule.com\/pt\/oleo-uva-nuggela-sule\/","og_site_name":"Nuggela &amp; Sul\u00e9","article_publisher":"https:\/\/www.facebook.com\/nuggelasule\/","article_modified_time":"2026-02-18T07:05:13+00:00","og_image":[{"width":1200,"height":675,"url":"https:\/\/nuggelasule.com\/wp-content\/uploads\/2024\/08\/LOGO_nuggelasule.png","type":"image\/png"}],"twitter_card":"summary_large_image","twitter_site":"@nuggelasule","twitter_misc":{"Est. reading time":"2 minutes"},"schema":{"@context":"https:\/\/schema.org","@graph":[{"@type":"WebPage","@id":"https:\/\/nuggelasule.com\/pt\/oleo-uva-nuggela-sule\/","url":"https:\/\/nuggelasule.com\/pt\/oleo-uva-nuggela-sule\/","name":"\u00d3leo de Uva - Nuggela &amp; Sul\u00e9","isPartOf":{"@id":"https:\/\/nuggelasule.com\/#website"},"datePublished":"2025-11-06T08:11:51+00:00","dateModified":"2026-02-18T07:05:13+00:00","description":"Um \u00f3leo leve e antioxidante que nutre, repara, fortalece e confere brilho natural \u00e0 barba sem a deixar pesada.","breadcrumb":{"@id":"https:\/\/nuggelasule.com\/pt\/oleo-uva-nuggela-sule\/#breadcrumb"},"inLanguage":"pt","potentialAction":[{"@type":"ReadAction","target":["https:\/\/nuggelasule.com\/pt\/oleo-uva-nuggela-sule\/"]}]},{"@type":"BreadcrumbList","@id":"https:\/\/nuggelasule.com\/pt\/oleo-uva-nuggela-sule\/#breadcrumb","itemListElement":[{"@type":"ListItem","position":1,"name":"Portada","item":"https:\/\/nuggelasule.com\/pt\/"},{"@type":"ListItem","position":2,"name":"\u00d3leo de Uva"}]},{"@type":"WebSite","@id":"https:\/\/nuggelasule.com\/#website","url":"https:\/\/nuggelasule.com\/","name":"Nuggela &amp; Sul\u00e9","description":"Los mejores productos para la salud y belleza del cabello","publisher":{"@id":"https:\/\/nuggelasule.com\/#organization"},"potentialAction":[{"@type":"SearchAction","target":{"@type":"EntryPoint","urlTemplate":"https:\/\/nuggelasule.com\/?s={search_term_string}"},"query-input":{"@type":"PropertyValueSpecification","valueRequired":true,"valueName":"search_term_string"}}],"inLanguage":"pt"},{"@type":"Organization","@id":"https:\/\/nuggelasule.com\/#organization","name":"Nuggela&Sul\u00e9 S.L.","url":"https:\/\/nuggelasule.com\/","logo":{"@type":"ImageObject","inLanguage":"pt","@id":"https:\/\/nuggelasule.com\/#\/schema\/logo\/image\/","url":"","contentUrl":"","caption":"Nuggela&Sul\u00e9 S.L."},"image":{"@id":"https:\/\/nuggelasule.com\/#\/schema\/logo\/image\/"},"sameAs":["https:\/\/www.facebook.com\/nuggelasule\/","https:\/\/x.com\/nuggelasule","https:\/\/www.instagram.com\/nuggela_sule\/","https:\/\/www.linkedin.com\/company\/9406545","https:\/\/www.youtube.com\/channel\/UCP-uGf_c8i2FI4TXfhffEKw"]}]}},"_links":{"self":[{"href":"https:\/\/nuggelasule.com\/pt\/wp-json\/wp\/v2\/pages\/26902","targetHints":{"allow":["GET"]}}],"collection":[{"href":"https:\/\/nuggelasule.com\/pt\/wp-json\/wp\/v2\/pages"}],"about":[{"href":"https:\/\/nuggelasule.com\/pt\/wp-json\/wp\/v2\/types\/page"}],"author":[{"embeddable":true,"href":"https:\/\/nuggelasule.com\/pt\/wp-json\/wp\/v2\/users\/1469"}],"replies":[{"embeddable":true,"href":"https:\/\/nuggelasule.com\/pt\/wp-json\/wp\/v2\/comments?post=26902"}],"version-history":[{"count":7,"href":"https:\/\/nuggelasule.com\/pt\/wp-json\/wp\/v2\/pages\/26902\/revisions"}],"predecessor-version":[{"id":27539,"href":"https:\/\/nuggelasule.com\/pt\/wp-json\/wp\/v2\/pages\/26902\/revisions\/27539"}],"wp:attachment":[{"href":"https:\/\/nuggelasule.com\/pt\/wp-json\/wp\/v2\/media?parent=26902"}],"curies":[{"name":"wp","href":"https:\/\/api.w.org\/{rel}","templated":true}]},"billing":{"billing_DNI":""}}