{"id":24675,"date":"2025-03-26T09:22:05","date_gmt":"2025-03-26T08:22:05","guid":{"rendered":"https:\/\/nuggelasule.com\/?page_id=24675"},"modified":"2025-03-26T09:22:05","modified_gmt":"2025-03-26T08:22:05","slug":"extrato-de-moringa","status":"publish","type":"page","link":"https:\/\/nuggelasule.com\/pt\/extrato-de-moringa\/","title":{"rendered":"Extrato de Moringa"},"content":{"rendered":"  <div id=\"page-header-1759908537\" class=\"page-header-wrapper\">\n  <div class=\"page-title dark simple-title has-parallax\">\n\n        <div class=\"page-title-bg\">\n      <div class=\"title-bg fill bg-fill\"\n        data-parallax-container=\".page-title\"\n        data-parallax-background\n        data-parallax=\"-6\">\n      <\/div>\n      <div class=\"title-overlay fill\"><\/div>\n    <\/div>\n    \n    <div class=\"page-title-inner container align-center text-center flex-row-col medium-flex-wrap\" data-parallax-fade=\"true\" data-parallax=\"-1\">\n            <div class=\"title-content flex-col\">\n              <\/div>\n    <\/div>\n\n     \n<style>\n#page-header-1759908537 .page-title-inner {\n  min-height: 400px;\n}\n#page-header-1759908537 {\n  margin-bottom: 0px;\n}\n#page-header-1759908537 .title-bg {\n  background-image: url(https:\/\/nuggelasule.com\/wp-content\/uploads\/2025\/03\/HOJAS-DE-MORINGA.jpg);\n  background-position: 0% 58%;\n}\n<\/style>\n  <\/div>\n    <\/div>\n  \n<div class=\"text-center\"><div class=\"is-divider divider clearfix\" style=\"background-color:rgb(255, 255, 255);\"><\/div><\/div>\n<h1>EXTRATO DE MORINGA<\/h1>\n<p style=\"text-align: justify;\">A <strong>Moringa<\/strong> (<em>Moringa oleifera<\/em>), \u00e9 uma planta origin\u00e1ria do norte da \u00cdndia. \u00c9 tamb\u00e9m conhecida como \u201ca \u00e1rvore da vida\u201d ou \u201ca \u00e1rvore milagrosa\u201d devido aos seus m\u00faltiplos benef\u00edcios nutricionais, medicinais e cosm\u00e9ticos. Praticamente todas as partes da planta (folhas, sementes, flores, casca, ra\u00edzes) podem ser utilizadas.<\/p>\n<p>A Moringa cont\u00e9m <strong>vitaminas A<\/strong>, <strong>C<\/strong> e <strong>E<\/strong>, que protegem a pele e refor\u00e7am as defesas. Fornece <strong>minerais<\/strong> como c\u00e1lcio, pot\u00e1ssio, ferro e zinco, ben\u00e9ficos para os ossos, a energia e o sistema imunit\u00e1rio. Possui <strong>prote\u00ednas<\/strong> completas, com todos os amino\u00e1cidos essenciais. \u00c9 rica em <strong>antioxidantes<\/strong>, e as suas sementes cont\u00eam <strong>gorduras saud\u00e1veis<\/strong> (\u00f3mega 3, 6 e 9).<\/p>\n<h3>USOS TRADICIONAIS<\/h3>\n<p style=\"text-align: justify;\">No Antigo Egipto, aplicavam o \u00f3leo de Moringa (\u00f3leo de ben) para <strong>nutrir o couro cabeludo,<\/strong>, <strong>fortalecer o cabelo<\/strong> e proteg\u00ea-lo do sol e do p\u00f3. Era valorizado por deixar o cabelo <strong>macio<\/strong>, <strong>brilhante<\/strong> e <strong>forte<\/strong>, gra\u00e7as ao seu conte\u00fado em vitaminas, antioxidantes e \u00e1cidos gordos. Na medicina ayurv\u00e9dica, al\u00e9m dos seus usos medicinais, era aplicado para <strong>estimular o crescimento do cabelo e prevenir a caspa<\/strong>.<\/p>\n<hr \/>\n<div class=\"row row-large\"  id=\"row-748405209\">\n\n\t<div id=\"col-440009403\" class=\"col medium-6 small-12 large-6\"  >\n\t\t\t\t<div class=\"col-inner\"  >\n\t\t\t\n\t\t\t\n<h3><span style=\"background-color: #ffdee4;\">A MORINGA E O CABELO<\/span><\/h3>\n<p>A moringa \u00e9 uma planta muito completa, e as suas folhas, a parte mais utilizada, destacam-se pela riqueza em nutrientes.<\/p>\n<p>Cont\u00eam:<\/p>\n<ul>\n<li><strong>Vitaminas A, C e E:<\/strong> Nutrem o couro cabeludo, estimulam o crescimento e protegem contra os danos oxidativos<\/li>\n<li><strong>Minerais (zinco, ferro e c\u00e1lcio):<\/strong> Fortalecem o fol\u00edculo e ajudam a prevenir a queda<\/li>\n<li><strong>Prote\u00ednas:<\/strong> Conferem estrutura e resist\u00eancia ao cabelo<\/li>\n<li><strong>\u00c1cidos gordos essenciais (\u00f3mega 3, 6 e 9):<\/strong> Hidratam em profundidade e proporcionam brilho<\/li>\n<li><strong>Antioxidantes naturais:<\/strong> Combatem o envelhecimento capilar e os efeitos do stress ambiental<\/li>\n<\/ul>\n\t\t<\/div>\n\t\t\t\t\t<\/div>\n\n\t\n\n\t<div id=\"col-639235219\" class=\"col medium-6 small-12 large-6\"  >\n\t\t\t\t<div class=\"col-inner\"  >\n\t\t\t\n\t\t\t\n\t<div class=\"img has-hover x md-x lg-x y md-y lg-y\" id=\"image_567242844\">\n\t\t\t\t\t\t\t\t<div class=\"img-inner dark\" >\n\t\t\t<img loading=\"lazy\" decoding=\"async\" width=\"800\" height=\"800\" src=\"https:\/\/nuggelasule.com\/wp-content\/uploads\/2025\/03\/MORINGA-DETALLE.jpg\" class=\"attachment-large size-large\" alt=\"\" srcset=\"https:\/\/nuggelasule.com\/wp-content\/uploads\/2025\/03\/MORINGA-DETALLE.jpg 800w, https:\/\/nuggelasule.com\/wp-content\/uploads\/2025\/03\/MORINGA-DETALLE-300x300.jpg 300w, https:\/\/nuggelasule.com\/wp-content\/uploads\/2025\/03\/MORINGA-DETALLE-122x122.jpg 122w, https:\/\/nuggelasule.com\/wp-content\/uploads\/2025\/03\/MORINGA-DETALLE-768x768.jpg 768w, https:\/\/nuggelasule.com\/wp-content\/uploads\/2025\/03\/MORINGA-DETALLE-450x450.jpg 450w, https:\/\/nuggelasule.com\/wp-content\/uploads\/2025\/03\/MORINGA-DETALLE-510x510.jpg 510w, https:\/\/nuggelasule.com\/wp-content\/uploads\/2025\/03\/MORINGA-DETALLE-100x100.jpg 100w, https:\/\/nuggelasule.com\/wp-content\/uploads\/2025\/03\/MORINGA-DETALLE-32x32.jpg 32w, https:\/\/nuggelasule.com\/wp-content\/uploads\/2025\/03\/MORINGA-DETALLE-60x60.jpg 60w, https:\/\/nuggelasule.com\/wp-content\/uploads\/2025\/03\/MORINGA-DETALLE-90x90.jpg 90w\" sizes=\"auto, (max-width: 800px) 100vw, 800px\" \/>\t\t\t\t\t\t\n\t\t\t\t\t<\/div>\n\t\t\t\t\t\t\t\t\n<style>\n#image_567242844 {\n  width: 90%;\n}\n<\/style>\n\t<\/div>\n\t\n\t\t<\/div>\n\t\t\t\t\t<\/div>\n\n\t\n<\/div>\n<div class=\"text-center\"><div class=\"is-divider divider clearfix\" style=\"background-color:rgb(255, 255, 255);\"><\/div><\/div>\n<div class=\"row row-full-width align-middle align-center\"  id=\"row-1478904820\">\n\n\t<div id=\"col-574598415\" class=\"col medium-10 small-12 large-10\"  >\n\t\t\t\t<div class=\"col-inner text-left\"  >\n\t\t\t\n\t\t\t\n<div class=\"message-box relative\" style=\"padding-top:44px;padding-bottom:44px;\"><div class=\"message-box-bg-image bg-fill fill\" ><\/div><div class=\"message-box-bg-overlay bg-fill fill\" style=\"background-color:rgb(255, 222, 228);\"><\/div><div class=\"container relative\"><div class=\"inner last-reset\">\n<div class=\"row align-middle align-center\"  id=\"row-1983400168\">\n\n\t<div id=\"col-311944226\" class=\"col medium-10 small-12 large-10\"  >\n\t\t\t\t<div class=\"col-inner\"  >\n\t\t\t\n\t\t\t\n<h3>BENEF\u00cdCIOS PARA O CABELO<\/h3>\n<ul>\n<li>Fortalece e revitaliza o cabelo desde a raiz<\/li>\n<li>Estimula o crescimento capilar<\/li>\n<li>Previne a queda ao melhorar a sa\u00fade do fol\u00edculo<\/li>\n<li>Hidrata e suaviza, deixando o cabelo mais brilhante e f\u00e1cil de pentear<\/li>\n<li>Protege contra agress\u00f5es externas<\/li>\n<li>Ajuda a combater a caspa<\/li>\n<\/ul>\n\t\t<\/div>\n\t\t\t\t\t<\/div>\n\n\t\n<\/div>\n<\/div><\/div><\/div>\n\t\t<\/div>\n\t\t\t\t\t<\/div>\n\n\t\n<\/div>\n<p><strong>PRODUTOS QUE CONT\u00caM ESTE INGREDIENTE ATIVO<\/strong><\/p>\n<div class=\"woocommerce columns-4 \"><div class=\"products row row-small large-columns-4 medium-columns-3 small-columns-2 has-equal-box-heights\">\n<div class=\"product-small col has-hover product type-product post-19020 status-publish first instock product_cat-condicionadores-outros-pt product_cat-formato-de-viagem-pt product_cat-todos-pt product_tag-anti-encrespamiento-pt product_tag-brillo-y-volumen-pt product_tag-cabellos-secos-pt product_tag-hidratacion-pt product_tag-reparacion-pt has-post-thumbnail taxable shipping-taxable purchasable product-type-simple\">\n\t<div class=\"col-inner\">\n\t\n<div class=\"badge-container absolute left top z-1\">\n\n<\/div>\n\t<div class=\"product-small box \">\n\t\t<div class=\"box-image\">\n\t\t\t<div class=\"image-fade_in_back\">\n\t\t\t\t<a href=\"https:\/\/nuggelasule.com\/pt\/producto\/amber-hair-oil-oleos-essenciais-africanos-nuggela-sule-30-ml\/\">\n\t\t\t\t\t<img loading=\"lazy\" decoding=\"async\" width=\"450\" height=\"450\" src=\"https:\/\/nuggelasule.com\/wp-content\/uploads\/2022\/08\/B091QFK6MF.MAIN1_-450x450.png\" class=\"attachment-woocommerce_thumbnail size-woocommerce_thumbnail\" alt=\"AMBER Hair Oil\" srcset=\"https:\/\/nuggelasule.com\/wp-content\/uploads\/2022\/08\/B091QFK6MF.MAIN1_-450x450.png 450w, https:\/\/nuggelasule.com\/wp-content\/uploads\/2022\/08\/B091QFK6MF.MAIN1_-300x300.png 300w, https:\/\/nuggelasule.com\/wp-content\/uploads\/2022\/08\/B091QFK6MF.MAIN1_-1024x1024.png 1024w, https:\/\/nuggelasule.com\/wp-content\/uploads\/2022\/08\/B091QFK6MF.MAIN1_-122x122.png 122w, https:\/\/nuggelasule.com\/wp-content\/uploads\/2022\/08\/B091QFK6MF.MAIN1_-768x768.png 768w, https:\/\/nuggelasule.com\/wp-content\/uploads\/2022\/08\/B091QFK6MF.MAIN1_-510x510.png 510w, https:\/\/nuggelasule.com\/wp-content\/uploads\/2022\/08\/B091QFK6MF.MAIN1_-100x100.png 100w, https:\/\/nuggelasule.com\/wp-content\/uploads\/2022\/08\/B091QFK6MF.MAIN1_-32x32.png 32w, https:\/\/nuggelasule.com\/wp-content\/uploads\/2022\/08\/B091QFK6MF.MAIN1_.png 1080w\" sizes=\"auto, (max-width: 450px) 100vw, 450px\" \/><img loading=\"lazy\" decoding=\"async\" width=\"450\" height=\"450\" src=\"https:\/\/nuggelasule.com\/wp-content\/uploads\/2022\/08\/B091QFK6MF.PT01-450x450.jpg\" class=\"show-on-hover absolute fill hide-for-small back-image\" alt=\"Alternative view of AMBER Hair Oil\" aria-hidden=\"true\" srcset=\"https:\/\/nuggelasule.com\/wp-content\/uploads\/2022\/08\/B091QFK6MF.PT01-450x450.jpg 450w, https:\/\/nuggelasule.com\/wp-content\/uploads\/2022\/08\/B091QFK6MF.PT01-300x300.jpg 300w, https:\/\/nuggelasule.com\/wp-content\/uploads\/2022\/08\/B091QFK6MF.PT01-1024x1024.jpg 1024w, https:\/\/nuggelasule.com\/wp-content\/uploads\/2022\/08\/B091QFK6MF.PT01-122x122.jpg 122w, https:\/\/nuggelasule.com\/wp-content\/uploads\/2022\/08\/B091QFK6MF.PT01-768x768.jpg 768w, https:\/\/nuggelasule.com\/wp-content\/uploads\/2022\/08\/B091QFK6MF.PT01-510x510.jpg 510w, https:\/\/nuggelasule.com\/wp-content\/uploads\/2022\/08\/B091QFK6MF.PT01-100x100.jpg 100w, https:\/\/nuggelasule.com\/wp-content\/uploads\/2022\/08\/B091QFK6MF.PT01-32x32.jpg 32w, https:\/\/nuggelasule.com\/wp-content\/uploads\/2022\/08\/B091QFK6MF.PT01.jpg 1097w\" sizes=\"auto, (max-width: 450px) 100vw, 450px\" \/>\t\t\t\t<\/a>\n\t\t\t<\/div>\n\t\t\t<div class=\"image-tools is-small top right show-on-hover\">\n\t\t\t\t\t\t\t<\/div>\n\t\t\t<div class=\"image-tools is-small hide-for-small bottom left show-on-hover\">\n\t\t\t\t\t\t\t<\/div>\n\t\t\t<div class=\"image-tools grid-tools text-center hide-for-small bottom hover-slide-in show-on-hover\">\n\t\t\t\t\t\t\t<\/div>\n\t\t\t\t\t<\/div>\n\n\t\t<div class=\"box-text box-text-products\">\n\t\t\t<div class=\"title-wrapper\"><p class=\"name product-title woocommerce-loop-product__title\"><a href=\"https:\/\/nuggelasule.com\/pt\/producto\/amber-hair-oil-oleos-essenciais-africanos-nuggela-sule-30-ml\/\" class=\"woocommerce-LoopProduct-link woocommerce-loop-product__link\">AMBER Hair Oil<\/a><\/p><\/div><div class=\"price-wrapper\">\n\t<span class=\"price\"><span class=\"woocommerce-Price-amount amount\"><bdi>19,90&nbsp;<span class=\"woocommerce-Price-currencySymbol\">&euro;<\/span><\/bdi><\/span><\/span>\n<\/div>\t\t<\/div>\n\t<\/div>\n\t\t<\/div>\n<\/div><div class=\"product-small col has-hover product type-product post-19170 status-publish instock product_cat-condicionadores-outros-pt product_cat-formato-de-viagem-pt product_cat-todos-pt product_tag-proteccion-pt has-post-thumbnail taxable shipping-taxable purchasable product-type-simple\">\n\t<div class=\"col-inner\">\n\t\n<div class=\"badge-container absolute left top z-1\">\n\n<\/div>\n\t<div class=\"product-small box \">\n\t\t<div class=\"box-image\">\n\t\t\t<div class=\"image-fade_in_back\">\n\t\t\t\t<a href=\"https:\/\/nuggelasule.com\/pt\/producto\/protetor-capilar-nuggela-sule-chia-protecao-termica-protecao-solar-100-ml\/\">\n\t\t\t\t\t<img loading=\"lazy\" decoding=\"async\" width=\"450\" height=\"450\" src=\"https:\/\/nuggelasule.com\/wp-content\/uploads\/2021\/04\/8437014761429_1_Total-Protector-450x450.jpg\" class=\"attachment-woocommerce_thumbnail size-woocommerce_thumbnail\" alt=\"Protetor Capilar\" srcset=\"https:\/\/nuggelasule.com\/wp-content\/uploads\/2021\/04\/8437014761429_1_Total-Protector-450x450.jpg 450w, https:\/\/nuggelasule.com\/wp-content\/uploads\/2021\/04\/8437014761429_1_Total-Protector-300x300.jpg 300w, https:\/\/nuggelasule.com\/wp-content\/uploads\/2021\/04\/8437014761429_1_Total-Protector-122x122.jpg 122w, https:\/\/nuggelasule.com\/wp-content\/uploads\/2021\/04\/8437014761429_1_Total-Protector-768x768.jpg 768w, https:\/\/nuggelasule.com\/wp-content\/uploads\/2021\/04\/8437014761429_1_Total-Protector-510x510.jpg 510w, https:\/\/nuggelasule.com\/wp-content\/uploads\/2021\/04\/8437014761429_1_Total-Protector-100x100.jpg 100w, https:\/\/nuggelasule.com\/wp-content\/uploads\/2021\/04\/8437014761429_1_Total-Protector-32x32.jpg 32w, https:\/\/nuggelasule.com\/wp-content\/uploads\/2021\/04\/8437014761429_1_Total-Protector-60x60.jpg 60w, https:\/\/nuggelasule.com\/wp-content\/uploads\/2021\/04\/8437014761429_1_Total-Protector-90x90.jpg 90w, https:\/\/nuggelasule.com\/wp-content\/uploads\/2021\/04\/8437014761429_1_Total-Protector.jpg 900w\" sizes=\"auto, (max-width: 450px) 100vw, 450px\" \/><img loading=\"lazy\" decoding=\"async\" width=\"450\" height=\"450\" src=\"https:\/\/nuggelasule.com\/wp-content\/uploads\/2021\/04\/B073PXS9SN.PT01-450x450.jpg\" class=\"show-on-hover absolute fill hide-for-small back-image\" alt=\"Alternative view of Protetor Capilar\" aria-hidden=\"true\" srcset=\"https:\/\/nuggelasule.com\/wp-content\/uploads\/2021\/04\/B073PXS9SN.PT01-450x450.jpg 450w, https:\/\/nuggelasule.com\/wp-content\/uploads\/2021\/04\/B073PXS9SN.PT01-300x300.jpg 300w, https:\/\/nuggelasule.com\/wp-content\/uploads\/2021\/04\/B073PXS9SN.PT01-1024x1024.jpg 1024w, https:\/\/nuggelasule.com\/wp-content\/uploads\/2021\/04\/B073PXS9SN.PT01-122x122.jpg 122w, https:\/\/nuggelasule.com\/wp-content\/uploads\/2021\/04\/B073PXS9SN.PT01-768x768.jpg 768w, https:\/\/nuggelasule.com\/wp-content\/uploads\/2021\/04\/B073PXS9SN.PT01-510x510.jpg 510w, https:\/\/nuggelasule.com\/wp-content\/uploads\/2021\/04\/B073PXS9SN.PT01-100x100.jpg 100w, https:\/\/nuggelasule.com\/wp-content\/uploads\/2021\/04\/B073PXS9SN.PT01-32x32.jpg 32w, https:\/\/nuggelasule.com\/wp-content\/uploads\/2021\/04\/B073PXS9SN.PT01.jpg 1097w\" sizes=\"auto, (max-width: 450px) 100vw, 450px\" \/>\t\t\t\t<\/a>\n\t\t\t<\/div>\n\t\t\t<div class=\"image-tools is-small top right show-on-hover\">\n\t\t\t\t\t\t\t<\/div>\n\t\t\t<div class=\"image-tools is-small hide-for-small bottom left show-on-hover\">\n\t\t\t\t\t\t\t<\/div>\n\t\t\t<div class=\"image-tools grid-tools text-center hide-for-small bottom hover-slide-in show-on-hover\">\n\t\t\t\t\t\t\t<\/div>\n\t\t\t\t\t<\/div>\n\n\t\t<div class=\"box-text box-text-products\">\n\t\t\t<div class=\"title-wrapper\"><p class=\"name product-title woocommerce-loop-product__title\"><a href=\"https:\/\/nuggelasule.com\/pt\/producto\/protetor-capilar-nuggela-sule-chia-protecao-termica-protecao-solar-100-ml\/\" class=\"woocommerce-LoopProduct-link woocommerce-loop-product__link\">Protetor Capilar<\/a><\/p><\/div><div class=\"price-wrapper\">\n\t<span class=\"price\"><span class=\"woocommerce-Price-amount amount\"><bdi>16,90&nbsp;<span class=\"woocommerce-Price-currencySymbol\">&euro;<\/span><\/bdi><\/span><\/span>\n<\/div>\t\t<\/div>\n\t<\/div>\n\t\t<\/div>\n<\/div><\/div><!-- row -->\n<\/div>\n","protected":false},"excerpt":{"rendered":"<p>EXTRATO DE MORINGA A Moringa (Moringa oleifera), \u00e9 uma planta origin\u00e1ria do norte da \u00cdndia. \u00c9 tamb\u00e9m conhecida como \u201ca \u00e1rvore da vida\u201d ou \u201ca \u00e1rvore milagrosa\u201d devido aos seus m\u00faltiplos benef\u00edcios nutricionais, medicinais e cosm\u00e9ticos. Praticamente todas as partes da planta (folhas, sementes, flores, casca, ra\u00edzes) podem ser utilizadas. A Moringa cont\u00e9m vitaminas A, [&#8230;]\n","protected":false},"author":1469,"featured_media":0,"parent":0,"menu_order":0,"comment_status":"closed","ping_status":"closed","template":"","meta":{"_acf_changed":false,"footnotes":""},"class_list":["post-24675","page","type-page","status-publish","hentry"],"acf":[],"yoast_head":"<!-- This site is optimized with the Yoast SEO plugin v27.0 - https:\/\/yoast.com\/product\/yoast-seo-wordpress\/ -->\n<title>Extrato de Moringa - Activos Naturais Nuggela &amp; Sul\u00e9<\/title>\n<meta name=\"robots\" content=\"index, follow, max-snippet:-1, max-image-preview:large, max-video-preview:-1\" \/>\n<link rel=\"canonical\" href=\"https:\/\/nuggelasule.com\/pt\/extrato-de-moringa\/\" \/>\n<meta property=\"og:locale\" content=\"pt_PT\" \/>\n<meta property=\"og:type\" content=\"article\" \/>\n<meta property=\"og:title\" content=\"Extrato de Moringa - Activos Naturais Nuggela &amp; Sul\u00e9\" \/>\n<meta property=\"og:description\" content=\"EXTRATO DE MORINGA A Moringa (Moringa oleifera), \u00e9 uma planta origin\u00e1ria do norte da \u00cdndia. \u00c9 tamb\u00e9m conhecida como \u201ca \u00e1rvore da vida\u201d ou \u201ca \u00e1rvore milagrosa\u201d devido aos seus m\u00faltiplos benef\u00edcios nutricionais, medicinais e cosm\u00e9ticos. Praticamente todas as partes da planta (folhas, sementes, flores, casca, ra\u00edzes) podem ser utilizadas. A Moringa cont\u00e9m vitaminas A, [...]\" \/>\n<meta property=\"og:url\" content=\"https:\/\/nuggelasule.com\/pt\/extrato-de-moringa\/\" \/>\n<meta property=\"og:site_name\" content=\"Nuggela &amp; Sul\u00e9\" \/>\n<meta property=\"article:publisher\" content=\"https:\/\/www.facebook.com\/nuggelasule\/\" \/>\n<meta property=\"og:image\" content=\"https:\/\/nuggelasule.com\/wp-content\/uploads\/2024\/08\/LOGO_nuggelasule.png\" \/>\n\t<meta property=\"og:image:width\" content=\"1200\" \/>\n\t<meta property=\"og:image:height\" content=\"675\" \/>\n\t<meta property=\"og:image:type\" content=\"image\/png\" \/>\n<meta name=\"twitter:card\" content=\"summary_large_image\" \/>\n<meta name=\"twitter:site\" content=\"@nuggelasule\" \/>\n<meta name=\"twitter:label1\" content=\"Est. reading time\" \/>\n\t<meta name=\"twitter:data1\" content=\"2 minutes\" \/>\n<script type=\"application\/ld+json\" class=\"yoast-schema-graph\">{\"@context\":\"https:\/\/schema.org\",\"@graph\":[{\"@type\":\"WebPage\",\"@id\":\"https:\/\/nuggelasule.com\/pt\/extrato-de-moringa\/\",\"url\":\"https:\/\/nuggelasule.com\/pt\/extrato-de-moringa\/\",\"name\":\"Extrato de Moringa - Activos Naturais Nuggela & Sul\u00e9\",\"isPartOf\":{\"@id\":\"https:\/\/nuggelasule.com\/#website\"},\"datePublished\":\"2025-03-26T08:22:05+00:00\",\"breadcrumb\":{\"@id\":\"https:\/\/nuggelasule.com\/pt\/extrato-de-moringa\/#breadcrumb\"},\"inLanguage\":\"pt\",\"potentialAction\":[{\"@type\":\"ReadAction\",\"target\":[\"https:\/\/nuggelasule.com\/pt\/extrato-de-moringa\/\"]}]},{\"@type\":\"BreadcrumbList\",\"@id\":\"https:\/\/nuggelasule.com\/pt\/extrato-de-moringa\/#breadcrumb\",\"itemListElement\":[{\"@type\":\"ListItem\",\"position\":1,\"name\":\"Portada\",\"item\":\"https:\/\/nuggelasule.com\/pt\/\"},{\"@type\":\"ListItem\",\"position\":2,\"name\":\"Extrato de Moringa\"}]},{\"@type\":\"WebSite\",\"@id\":\"https:\/\/nuggelasule.com\/#website\",\"url\":\"https:\/\/nuggelasule.com\/\",\"name\":\"Nuggela &amp; Sul\u00e9\",\"description\":\"Los mejores productos para la salud y belleza del cabello\",\"publisher\":{\"@id\":\"https:\/\/nuggelasule.com\/#organization\"},\"potentialAction\":[{\"@type\":\"SearchAction\",\"target\":{\"@type\":\"EntryPoint\",\"urlTemplate\":\"https:\/\/nuggelasule.com\/?s={search_term_string}\"},\"query-input\":{\"@type\":\"PropertyValueSpecification\",\"valueRequired\":true,\"valueName\":\"search_term_string\"}}],\"inLanguage\":\"pt\"},{\"@type\":\"Organization\",\"@id\":\"https:\/\/nuggelasule.com\/#organization\",\"name\":\"Nuggela&Sul\u00e9 S.L.\",\"url\":\"https:\/\/nuggelasule.com\/\",\"logo\":{\"@type\":\"ImageObject\",\"inLanguage\":\"pt\",\"@id\":\"https:\/\/nuggelasule.com\/#\/schema\/logo\/image\/\",\"url\":\"\",\"contentUrl\":\"\",\"caption\":\"Nuggela&Sul\u00e9 S.L.\"},\"image\":{\"@id\":\"https:\/\/nuggelasule.com\/#\/schema\/logo\/image\/\"},\"sameAs\":[\"https:\/\/www.facebook.com\/nuggelasule\/\",\"https:\/\/x.com\/nuggelasule\",\"https:\/\/www.instagram.com\/nuggela_sule\/\",\"https:\/\/www.linkedin.com\/company\/9406545\",\"https:\/\/www.youtube.com\/channel\/UCP-uGf_c8i2FI4TXfhffEKw\"]}]}<\/script>\n<!-- \/ Yoast SEO plugin. -->","yoast_head_json":{"title":"Extrato de Moringa - Activos Naturais Nuggela & Sul\u00e9","robots":{"index":"index","follow":"follow","max-snippet":"max-snippet:-1","max-image-preview":"max-image-preview:large","max-video-preview":"max-video-preview:-1"},"canonical":"https:\/\/nuggelasule.com\/pt\/extrato-de-moringa\/","og_locale":"pt_PT","og_type":"article","og_title":"Extrato de Moringa - Activos Naturais Nuggela & Sul\u00e9","og_description":"EXTRATO DE MORINGA A Moringa (Moringa oleifera), \u00e9 uma planta origin\u00e1ria do norte da \u00cdndia. \u00c9 tamb\u00e9m conhecida como \u201ca \u00e1rvore da vida\u201d ou \u201ca \u00e1rvore milagrosa\u201d devido aos seus m\u00faltiplos benef\u00edcios nutricionais, medicinais e cosm\u00e9ticos. Praticamente todas as partes da planta (folhas, sementes, flores, casca, ra\u00edzes) podem ser utilizadas. A Moringa cont\u00e9m vitaminas A, [...]","og_url":"https:\/\/nuggelasule.com\/pt\/extrato-de-moringa\/","og_site_name":"Nuggela &amp; Sul\u00e9","article_publisher":"https:\/\/www.facebook.com\/nuggelasule\/","og_image":[{"width":1200,"height":675,"url":"https:\/\/nuggelasule.com\/wp-content\/uploads\/2024\/08\/LOGO_nuggelasule.png","type":"image\/png"}],"twitter_card":"summary_large_image","twitter_site":"@nuggelasule","twitter_misc":{"Est. reading time":"2 minutes"},"schema":{"@context":"https:\/\/schema.org","@graph":[{"@type":"WebPage","@id":"https:\/\/nuggelasule.com\/pt\/extrato-de-moringa\/","url":"https:\/\/nuggelasule.com\/pt\/extrato-de-moringa\/","name":"Extrato de Moringa - Activos Naturais Nuggela & Sul\u00e9","isPartOf":{"@id":"https:\/\/nuggelasule.com\/#website"},"datePublished":"2025-03-26T08:22:05+00:00","breadcrumb":{"@id":"https:\/\/nuggelasule.com\/pt\/extrato-de-moringa\/#breadcrumb"},"inLanguage":"pt","potentialAction":[{"@type":"ReadAction","target":["https:\/\/nuggelasule.com\/pt\/extrato-de-moringa\/"]}]},{"@type":"BreadcrumbList","@id":"https:\/\/nuggelasule.com\/pt\/extrato-de-moringa\/#breadcrumb","itemListElement":[{"@type":"ListItem","position":1,"name":"Portada","item":"https:\/\/nuggelasule.com\/pt\/"},{"@type":"ListItem","position":2,"name":"Extrato de Moringa"}]},{"@type":"WebSite","@id":"https:\/\/nuggelasule.com\/#website","url":"https:\/\/nuggelasule.com\/","name":"Nuggela &amp; Sul\u00e9","description":"Los mejores productos para la salud y belleza del cabello","publisher":{"@id":"https:\/\/nuggelasule.com\/#organization"},"potentialAction":[{"@type":"SearchAction","target":{"@type":"EntryPoint","urlTemplate":"https:\/\/nuggelasule.com\/?s={search_term_string}"},"query-input":{"@type":"PropertyValueSpecification","valueRequired":true,"valueName":"search_term_string"}}],"inLanguage":"pt"},{"@type":"Organization","@id":"https:\/\/nuggelasule.com\/#organization","name":"Nuggela&Sul\u00e9 S.L.","url":"https:\/\/nuggelasule.com\/","logo":{"@type":"ImageObject","inLanguage":"pt","@id":"https:\/\/nuggelasule.com\/#\/schema\/logo\/image\/","url":"","contentUrl":"","caption":"Nuggela&Sul\u00e9 S.L."},"image":{"@id":"https:\/\/nuggelasule.com\/#\/schema\/logo\/image\/"},"sameAs":["https:\/\/www.facebook.com\/nuggelasule\/","https:\/\/x.com\/nuggelasule","https:\/\/www.instagram.com\/nuggela_sule\/","https:\/\/www.linkedin.com\/company\/9406545","https:\/\/www.youtube.com\/channel\/UCP-uGf_c8i2FI4TXfhffEKw"]}]}},"_links":{"self":[{"href":"https:\/\/nuggelasule.com\/pt\/wp-json\/wp\/v2\/pages\/24675","targetHints":{"allow":["GET"]}}],"collection":[{"href":"https:\/\/nuggelasule.com\/pt\/wp-json\/wp\/v2\/pages"}],"about":[{"href":"https:\/\/nuggelasule.com\/pt\/wp-json\/wp\/v2\/types\/page"}],"author":[{"embeddable":true,"href":"https:\/\/nuggelasule.com\/pt\/wp-json\/wp\/v2\/users\/1469"}],"replies":[{"embeddable":true,"href":"https:\/\/nuggelasule.com\/pt\/wp-json\/wp\/v2\/comments?post=24675"}],"version-history":[{"count":2,"href":"https:\/\/nuggelasule.com\/pt\/wp-json\/wp\/v2\/pages\/24675\/revisions"}],"predecessor-version":[{"id":24677,"href":"https:\/\/nuggelasule.com\/pt\/wp-json\/wp\/v2\/pages\/24675\/revisions\/24677"}],"wp:attachment":[{"href":"https:\/\/nuggelasule.com\/pt\/wp-json\/wp\/v2\/media?parent=24675"}],"curies":[{"name":"wp","href":"https:\/\/api.w.org\/{rel}","templated":true}]},"billing":{"billing_DNI":""}}