{"id":24652,"date":"2025-03-25T13:34:56","date_gmt":"2025-03-25T12:34:56","guid":{"rendered":"https:\/\/nuggelasule.com\/?page_id=24652"},"modified":"2025-03-25T13:40:24","modified_gmt":"2025-03-25T12:40:24","slug":"extrato-de-arvore-do-cha","status":"publish","type":"page","link":"https:\/\/nuggelasule.com\/pt\/extrato-de-arvore-do-cha\/","title":{"rendered":"Extrato de \u00c1rvore do Ch\u00e1"},"content":{"rendered":"  <div id=\"page-header-1431275516\" class=\"page-header-wrapper\">\n  <div class=\"page-title dark simple-title has-parallax\">\n\n        <div class=\"page-title-bg\">\n      <div class=\"title-bg fill bg-fill\"\n        data-parallax-container=\".page-title\"\n        data-parallax-background\n        data-parallax=\"-6\">\n      <\/div>\n      <div class=\"title-overlay fill\"><\/div>\n    <\/div>\n    \n    <div class=\"page-title-inner container align-center text-center flex-row-col medium-flex-wrap\" data-parallax-fade=\"true\" data-parallax=\"-1\">\n            <div class=\"title-content flex-col\">\n              <\/div>\n    <\/div>\n\n     \n<style>\n#page-header-1431275516 .page-title-inner {\n  min-height: 400px;\n}\n#page-header-1431275516 {\n  margin-bottom: 0px;\n}\n#page-header-1431275516 .title-bg {\n  background-image: url(https:\/\/nuggelasule.com\/wp-content\/uploads\/2025\/03\/ARBOL-DE-TE.jpg);\n}\n<\/style>\n  <\/div>\n    <\/div>\n  \n<div class=\"text-center\"><div class=\"is-divider divider clearfix\" style=\"background-color:rgb(255, 255, 255);\"><\/div><\/div>\n<h1>EXTRATO DE \u00c1RVORE DO CH\u00c1<\/h1>\n<p style=\"text-align: justify;\">A <strong>\u00c1rvore do Ch\u00e1<\/strong> (<strong><em>Melaleuca alternifolia<\/em><\/strong>), \u00e9 uma \u00e1rvore nativa da Austr\u00e1lia, conhecida pelo seu <strong>\u00f3leo essencial com potentes propriedades antimicrobianas<\/strong>, <strong>antif\u00fangicas<\/strong> e <strong>anti-inflamat\u00f3rias<\/strong>.<\/p>\n<p>O <strong>\u00d3leo de \u00c1rvore do Ch\u00e1<\/strong> (<strong><em>Melaleuca alternifolia<\/em> Leaf Oil<\/strong>), \u00e9 extra\u00eddo das suas folhas atrav\u00e9s de destila\u00e7\u00e3o a vapor e \u00e9 amplamente utilizado em cosm\u00e9tica e dermatologia.<\/p>\n<h3>USOS TRADICIONAIS<\/h3>\n<p style=\"text-align: justify;\">O extrato de \u00c1rvore do Ch\u00e1 tem sido utilizado h\u00e1 s\u00e9culos, principalmente pelos abor\u00edgenes australianos, que esmagavam as suas folhas e aplicavam-nas diretamente sobre feridas, cortes e irrita\u00e7\u00f5es para favorecer a cicatriza\u00e7\u00e3o e prevenir infe\u00e7\u00f5es. Tamb\u00e9m as esfregavam no couro cabeludo para o manter saud\u00e1vel e livre de parasitas.<\/p>\n<hr \/>\n<div class=\"row row-large\"  id=\"row-503052860\">\n\n\t<div id=\"col-481278683\" class=\"col medium-6 small-12 large-6\"  >\n\t\t\t\t<div class=\"col-inner\"  >\n\t\t\t\n\t\t\t\n<h3><span style=\"background-color: #ffdee4;\">O EXTRATO DE \u00c1RVORE DO CH\u00c1 E O CABELO<\/span><\/h3>\n<p>O \u00f3leo de \u00c1rvore do Ch\u00e1 cont\u00e9m mais de 100 compostos bioativos, sendo os mais importantes:<\/p>\n<ul>\n<li><strong>Terpinen-4-ol \u2013 Antimicrobiano e anti-inflamat\u00f3rio:<\/strong> o componente mais importante do \u00f3leo, com potentes efeitos antibacterianos, antif\u00fangicos e calmantes<\/li>\n<li><strong>\u03b3-Terpineno \u2013 Antiss\u00e9ptico e antioxidante:<\/strong> protege contra os radicais livres e ajuda a manter a sa\u00fade do couro cabeludo<\/li>\n<li><strong>\u03b1-Terpineno \u2013 Antiss\u00e9ptico e antimicrobiano:<\/strong> contribui para a a\u00e7\u00e3o purificante e para a preven\u00e7\u00e3o de infe\u00e7\u00f5es cut\u00e2neas<\/li>\n<li><strong>1,8-Cineol (Eucaliptol) \u2013 Refrescante e descongestionante:<\/strong> proporciona um efeito calmante e refrescante no couro cabeludo<\/li>\n<li><strong>\u03b1-Pineno e \u03b2-Pineno \u2013 Estimulam a circula\u00e7\u00e3o sangu\u00ednea:<\/strong> favorecem o aporte de nutrientes ao fol\u00edculo piloso<\/li>\n<\/ul>\n\t\t<\/div>\n\t\t\t\t\t<\/div>\n\n\t\n\n\t<div id=\"col-2130775676\" class=\"col medium-6 small-12 large-6\"  >\n\t\t\t\t<div class=\"col-inner\"  >\n\t\t\t\n\t\t\t\n\t<div class=\"img has-hover x md-x lg-x y md-y lg-y\" id=\"image_1215401313\">\n\t\t\t\t\t\t\t\t<div class=\"img-inner dark\" >\n\t\t\t<img loading=\"lazy\" decoding=\"async\" width=\"800\" height=\"800\" src=\"https:\/\/nuggelasule.com\/wp-content\/uploads\/2025\/03\/ARBOL-DE-TE-DETALLE.jpg\" class=\"attachment-large size-large\" alt=\"\" srcset=\"https:\/\/nuggelasule.com\/wp-content\/uploads\/2025\/03\/ARBOL-DE-TE-DETALLE.jpg 800w, https:\/\/nuggelasule.com\/wp-content\/uploads\/2025\/03\/ARBOL-DE-TE-DETALLE-300x300.jpg 300w, https:\/\/nuggelasule.com\/wp-content\/uploads\/2025\/03\/ARBOL-DE-TE-DETALLE-122x122.jpg 122w, https:\/\/nuggelasule.com\/wp-content\/uploads\/2025\/03\/ARBOL-DE-TE-DETALLE-768x768.jpg 768w, https:\/\/nuggelasule.com\/wp-content\/uploads\/2025\/03\/ARBOL-DE-TE-DETALLE-450x450.jpg 450w, https:\/\/nuggelasule.com\/wp-content\/uploads\/2025\/03\/ARBOL-DE-TE-DETALLE-510x510.jpg 510w, https:\/\/nuggelasule.com\/wp-content\/uploads\/2025\/03\/ARBOL-DE-TE-DETALLE-100x100.jpg 100w, https:\/\/nuggelasule.com\/wp-content\/uploads\/2025\/03\/ARBOL-DE-TE-DETALLE-32x32.jpg 32w, https:\/\/nuggelasule.com\/wp-content\/uploads\/2025\/03\/ARBOL-DE-TE-DETALLE-60x60.jpg 60w, https:\/\/nuggelasule.com\/wp-content\/uploads\/2025\/03\/ARBOL-DE-TE-DETALLE-90x90.jpg 90w\" sizes=\"auto, (max-width: 800px) 100vw, 800px\" \/>\t\t\t\t\t\t\n\t\t\t\t\t<\/div>\n\t\t\t\t\t\t\t\t\n<style>\n#image_1215401313 {\n  width: 90%;\n}\n<\/style>\n\t<\/div>\n\t\n\t\t<\/div>\n\t\t\t\t\t<\/div>\n\n\t\n<\/div>\n<div class=\"text-center\"><div class=\"is-divider divider clearfix\" style=\"background-color:rgb(255, 255, 255);\"><\/div><\/div>\n<div class=\"row row-full-width align-middle align-center\"  id=\"row-1505719442\">\n\n\t<div id=\"col-1472157199\" class=\"col medium-10 small-12 large-10\"  >\n\t\t\t\t<div class=\"col-inner text-left\"  >\n\t\t\t\n\t\t\t\n<div class=\"message-box relative\" style=\"padding-top:44px;padding-bottom:44px;\"><div class=\"message-box-bg-image bg-fill fill\" ><\/div><div class=\"message-box-bg-overlay bg-fill fill\" style=\"background-color:rgb(255, 222, 228);\"><\/div><div class=\"container relative\"><div class=\"inner last-reset\">\n<div class=\"row align-middle align-center\"  id=\"row-836876969\">\n\n\t<div id=\"col-350359658\" class=\"col medium-10 small-12 large-10\"  >\n\t\t\t\t<div class=\"col-inner\"  >\n\t\t\t\n\t\t\t\n<h3>BENEF\u00cdCIOS PARA O CABELO<\/h3>\n<ul>\n<li>Regula o excesso de oleosidade no couro cabeludo<\/li>\n<li>Combate a caspa e a dermatite seborreica<\/li>\n<li>Previne a obstru\u00e7\u00e3o dos fol\u00edculos pilosos<\/li>\n<li>Estimula o crescimento do cabelo<\/li>\n<li>Acalma a comich\u00e3o e a irrita\u00e7\u00e3o<\/li>\n<li>A\u00e7\u00e3o antiparasit\u00e1ria (piolhos e l\u00eandeas)<\/li>\n<\/ul>\n\t\t<\/div>\n\t\t\t\t\t<\/div>\n\n\t\n<\/div>\n<\/div><\/div><\/div>\n\t\t<\/div>\n\t\t\t\t\t<\/div>\n\n\t\n<\/div>\n<p><strong>PRODUTOS QUE CONT\u00caM ESTE INGREDIENTE ATIVO<\/strong><\/p>\n<div class=\"woocommerce columns-4 \"><div class=\"products row row-small large-columns-4 medium-columns-3 small-columns-2 has-equal-box-heights\">\n<div class=\"product-small col has-hover product type-product post-23093 status-publish first instock product_cat-linha-infantil product_cat-todos-pt product_tag-brillo-y-volumen-pt product_tag-hidratacion-pt product_tag-suavidade has-post-thumbnail taxable shipping-taxable purchasable product-type-simple\">\n\t<div class=\"col-inner\">\n\t\n<div class=\"badge-container absolute left top z-1\">\n\n<\/div>\n\t<div class=\"product-small box \">\n\t\t<div class=\"box-image\">\n\t\t\t<div class=\"image-fade_in_back\">\n\t\t\t\t<a href=\"https:\/\/nuggelasule.com\/pt\/producto\/condicionador-criancas-linha-das-criancas-nao-iluminacao-nao-vertentes-extrato-da-cebola\/\">\n\t\t\t\t\t<img loading=\"lazy\" decoding=\"async\" width=\"450\" height=\"450\" src=\"https:\/\/nuggelasule.com\/wp-content\/uploads\/2024\/07\/8437024803065_kids_Condicioner_250ml-450x450.jpg\" class=\"attachment-woocommerce_thumbnail size-woocommerce_thumbnail\" alt=\"Condicionador KIDS\" srcset=\"https:\/\/nuggelasule.com\/wp-content\/uploads\/2024\/07\/8437024803065_kids_Condicioner_250ml-450x450.jpg 450w, https:\/\/nuggelasule.com\/wp-content\/uploads\/2024\/07\/8437024803065_kids_Condicioner_250ml-300x300.jpg 300w, https:\/\/nuggelasule.com\/wp-content\/uploads\/2024\/07\/8437024803065_kids_Condicioner_250ml-1024x1024.jpg 1024w, https:\/\/nuggelasule.com\/wp-content\/uploads\/2024\/07\/8437024803065_kids_Condicioner_250ml-122x122.jpg 122w, https:\/\/nuggelasule.com\/wp-content\/uploads\/2024\/07\/8437024803065_kids_Condicioner_250ml-768x768.jpg 768w, https:\/\/nuggelasule.com\/wp-content\/uploads\/2024\/07\/8437024803065_kids_Condicioner_250ml-1536x1536.jpg 1536w, https:\/\/nuggelasule.com\/wp-content\/uploads\/2024\/07\/8437024803065_kids_Condicioner_250ml-510x510.jpg 510w, https:\/\/nuggelasule.com\/wp-content\/uploads\/2024\/07\/8437024803065_kids_Condicioner_250ml-100x100.jpg 100w, https:\/\/nuggelasule.com\/wp-content\/uploads\/2024\/07\/8437024803065_kids_Condicioner_250ml-32x32.jpg 32w, https:\/\/nuggelasule.com\/wp-content\/uploads\/2024\/07\/8437024803065_kids_Condicioner_250ml-60x60.jpg 60w, https:\/\/nuggelasule.com\/wp-content\/uploads\/2024\/07\/8437024803065_kids_Condicioner_250ml-90x90.jpg 90w, https:\/\/nuggelasule.com\/wp-content\/uploads\/2024\/07\/8437024803065_kids_Condicioner_250ml.jpg 1800w\" sizes=\"auto, (max-width: 450px) 100vw, 450px\" \/><img loading=\"lazy\" decoding=\"async\" width=\"450\" height=\"450\" src=\"https:\/\/nuggelasule.com\/wp-content\/uploads\/2024\/04\/B0D4MMCT3V.PT01-450x450.jpg\" class=\"show-on-hover absolute fill hide-for-small back-image\" alt=\"Alternative view of Condicionador KIDS\" aria-hidden=\"true\" srcset=\"https:\/\/nuggelasule.com\/wp-content\/uploads\/2024\/04\/B0D4MMCT3V.PT01-450x450.jpg 450w, https:\/\/nuggelasule.com\/wp-content\/uploads\/2024\/04\/B0D4MMCT3V.PT01-300x300.jpg 300w, https:\/\/nuggelasule.com\/wp-content\/uploads\/2024\/04\/B0D4MMCT3V.PT01-1024x1024.jpg 1024w, https:\/\/nuggelasule.com\/wp-content\/uploads\/2024\/04\/B0D4MMCT3V.PT01-122x122.jpg 122w, https:\/\/nuggelasule.com\/wp-content\/uploads\/2024\/04\/B0D4MMCT3V.PT01-768x768.jpg 768w, https:\/\/nuggelasule.com\/wp-content\/uploads\/2024\/04\/B0D4MMCT3V.PT01-510x510.jpg 510w, https:\/\/nuggelasule.com\/wp-content\/uploads\/2024\/04\/B0D4MMCT3V.PT01-100x100.jpg 100w, https:\/\/nuggelasule.com\/wp-content\/uploads\/2024\/04\/B0D4MMCT3V.PT01-32x32.jpg 32w, https:\/\/nuggelasule.com\/wp-content\/uploads\/2024\/04\/B0D4MMCT3V.PT01.jpg 1080w\" sizes=\"auto, (max-width: 450px) 100vw, 450px\" \/>\t\t\t\t<\/a>\n\t\t\t<\/div>\n\t\t\t<div class=\"image-tools is-small top right show-on-hover\">\n\t\t\t\t\t\t\t<\/div>\n\t\t\t<div class=\"image-tools is-small hide-for-small bottom left show-on-hover\">\n\t\t\t\t\t\t\t<\/div>\n\t\t\t<div class=\"image-tools grid-tools text-center hide-for-small bottom hover-slide-in show-on-hover\">\n\t\t\t\t\t\t\t<\/div>\n\t\t\t\t\t<\/div>\n\n\t\t<div class=\"box-text box-text-products\">\n\t\t\t<div class=\"title-wrapper\"><p class=\"name product-title woocommerce-loop-product__title\"><a href=\"https:\/\/nuggelasule.com\/pt\/producto\/condicionador-criancas-linha-das-criancas-nao-iluminacao-nao-vertentes-extrato-da-cebola\/\" class=\"woocommerce-LoopProduct-link woocommerce-loop-product__link\">Condicionador KIDS<\/a><\/p><\/div><div class=\"price-wrapper\">\n\t<span class=\"price\"><span class=\"woocommerce-Price-amount amount\"><bdi>19,90&nbsp;<span class=\"woocommerce-Price-currencySymbol\">&euro;<\/span><\/bdi><\/span><\/span>\n<\/div>\t\t<\/div>\n\t<\/div>\n\t\t<\/div>\n<\/div><\/div><!-- row -->\n<\/div>\n","protected":false},"excerpt":{"rendered":"<p>EXTRATO DE \u00c1RVORE DO CH\u00c1 A \u00c1rvore do Ch\u00e1 (Melaleuca alternifolia), \u00e9 uma \u00e1rvore nativa da Austr\u00e1lia, conhecida pelo seu \u00f3leo essencial com potentes propriedades antimicrobianas, antif\u00fangicas e anti-inflamat\u00f3rias. O \u00d3leo de \u00c1rvore do Ch\u00e1 (Melaleuca alternifolia Leaf Oil), \u00e9 extra\u00eddo das suas folhas atrav\u00e9s de destila\u00e7\u00e3o a vapor e \u00e9 amplamente utilizado em cosm\u00e9tica [&#8230;]\n","protected":false},"author":1469,"featured_media":0,"parent":0,"menu_order":0,"comment_status":"closed","ping_status":"closed","template":"","meta":{"_acf_changed":false,"footnotes":""},"class_list":["post-24652","page","type-page","status-publish","hentry"],"acf":[],"yoast_head":"<!-- This site is optimized with the Yoast SEO plugin v27.0 - https:\/\/yoast.com\/product\/yoast-seo-wordpress\/ -->\n<title>\u00c1rvore-do-Ch\u00e1 - Activos Naturais<\/title>\n<meta name=\"robots\" content=\"index, follow, max-snippet:-1, max-image-preview:large, max-video-preview:-1\" \/>\n<link rel=\"canonical\" href=\"https:\/\/nuggelasule.com\/pt\/extrato-de-arvore-do-cha\/\" \/>\n<meta property=\"og:locale\" content=\"pt_PT\" \/>\n<meta property=\"og:type\" content=\"article\" \/>\n<meta property=\"og:title\" content=\"\u00c1rvore-do-Ch\u00e1 - Activos Naturais\" \/>\n<meta property=\"og:description\" content=\"EXTRATO DE \u00c1RVORE DO CH\u00c1 A \u00c1rvore do Ch\u00e1 (Melaleuca alternifolia), \u00e9 uma \u00e1rvore nativa da Austr\u00e1lia, conhecida pelo seu \u00f3leo essencial com potentes propriedades antimicrobianas, antif\u00fangicas e anti-inflamat\u00f3rias. O \u00d3leo de \u00c1rvore do Ch\u00e1 (Melaleuca alternifolia Leaf Oil), \u00e9 extra\u00eddo das suas folhas atrav\u00e9s de destila\u00e7\u00e3o a vapor e \u00e9 amplamente utilizado em cosm\u00e9tica [...]\" \/>\n<meta property=\"og:url\" content=\"https:\/\/nuggelasule.com\/pt\/extrato-de-arvore-do-cha\/\" \/>\n<meta property=\"og:site_name\" content=\"Nuggela &amp; Sul\u00e9\" \/>\n<meta property=\"article:publisher\" content=\"https:\/\/www.facebook.com\/nuggelasule\/\" \/>\n<meta property=\"article:modified_time\" content=\"2025-03-25T12:40:24+00:00\" \/>\n<meta property=\"og:image\" content=\"https:\/\/nuggelasule.com\/wp-content\/uploads\/2024\/08\/LOGO_nuggelasule.png\" \/>\n\t<meta property=\"og:image:width\" content=\"1200\" \/>\n\t<meta property=\"og:image:height\" content=\"675\" \/>\n\t<meta property=\"og:image:type\" content=\"image\/png\" \/>\n<meta name=\"twitter:card\" content=\"summary_large_image\" \/>\n<meta name=\"twitter:site\" content=\"@nuggelasule\" \/>\n<meta name=\"twitter:label1\" content=\"Est. reading time\" \/>\n\t<meta name=\"twitter:data1\" content=\"2 minutes\" \/>\n<script type=\"application\/ld+json\" class=\"yoast-schema-graph\">{\"@context\":\"https:\/\/schema.org\",\"@graph\":[{\"@type\":\"WebPage\",\"@id\":\"https:\/\/nuggelasule.com\/pt\/extrato-de-arvore-do-cha\/\",\"url\":\"https:\/\/nuggelasule.com\/pt\/extrato-de-arvore-do-cha\/\",\"name\":\"\u00c1rvore-do-Ch\u00e1 - Activos Naturais\",\"isPartOf\":{\"@id\":\"https:\/\/nuggelasule.com\/#website\"},\"datePublished\":\"2025-03-25T12:34:56+00:00\",\"dateModified\":\"2025-03-25T12:40:24+00:00\",\"breadcrumb\":{\"@id\":\"https:\/\/nuggelasule.com\/pt\/extrato-de-arvore-do-cha\/#breadcrumb\"},\"inLanguage\":\"pt\",\"potentialAction\":[{\"@type\":\"ReadAction\",\"target\":[\"https:\/\/nuggelasule.com\/pt\/extrato-de-arvore-do-cha\/\"]}]},{\"@type\":\"BreadcrumbList\",\"@id\":\"https:\/\/nuggelasule.com\/pt\/extrato-de-arvore-do-cha\/#breadcrumb\",\"itemListElement\":[{\"@type\":\"ListItem\",\"position\":1,\"name\":\"Portada\",\"item\":\"https:\/\/nuggelasule.com\/pt\/\"},{\"@type\":\"ListItem\",\"position\":2,\"name\":\"Extrato de \u00c1rvore do Ch\u00e1\"}]},{\"@type\":\"WebSite\",\"@id\":\"https:\/\/nuggelasule.com\/#website\",\"url\":\"https:\/\/nuggelasule.com\/\",\"name\":\"Nuggela &amp; Sul\u00e9\",\"description\":\"Los mejores productos para la salud y belleza del cabello\",\"publisher\":{\"@id\":\"https:\/\/nuggelasule.com\/#organization\"},\"potentialAction\":[{\"@type\":\"SearchAction\",\"target\":{\"@type\":\"EntryPoint\",\"urlTemplate\":\"https:\/\/nuggelasule.com\/?s={search_term_string}\"},\"query-input\":{\"@type\":\"PropertyValueSpecification\",\"valueRequired\":true,\"valueName\":\"search_term_string\"}}],\"inLanguage\":\"pt\"},{\"@type\":\"Organization\",\"@id\":\"https:\/\/nuggelasule.com\/#organization\",\"name\":\"Nuggela&Sul\u00e9 S.L.\",\"url\":\"https:\/\/nuggelasule.com\/\",\"logo\":{\"@type\":\"ImageObject\",\"inLanguage\":\"pt\",\"@id\":\"https:\/\/nuggelasule.com\/#\/schema\/logo\/image\/\",\"url\":\"\",\"contentUrl\":\"\",\"caption\":\"Nuggela&Sul\u00e9 S.L.\"},\"image\":{\"@id\":\"https:\/\/nuggelasule.com\/#\/schema\/logo\/image\/\"},\"sameAs\":[\"https:\/\/www.facebook.com\/nuggelasule\/\",\"https:\/\/x.com\/nuggelasule\",\"https:\/\/www.instagram.com\/nuggela_sule\/\",\"https:\/\/www.linkedin.com\/company\/9406545\",\"https:\/\/www.youtube.com\/channel\/UCP-uGf_c8i2FI4TXfhffEKw\"]}]}<\/script>\n<!-- \/ Yoast SEO plugin. -->","yoast_head_json":{"title":"\u00c1rvore-do-Ch\u00e1 - Activos Naturais","robots":{"index":"index","follow":"follow","max-snippet":"max-snippet:-1","max-image-preview":"max-image-preview:large","max-video-preview":"max-video-preview:-1"},"canonical":"https:\/\/nuggelasule.com\/pt\/extrato-de-arvore-do-cha\/","og_locale":"pt_PT","og_type":"article","og_title":"\u00c1rvore-do-Ch\u00e1 - Activos Naturais","og_description":"EXTRATO DE \u00c1RVORE DO CH\u00c1 A \u00c1rvore do Ch\u00e1 (Melaleuca alternifolia), \u00e9 uma \u00e1rvore nativa da Austr\u00e1lia, conhecida pelo seu \u00f3leo essencial com potentes propriedades antimicrobianas, antif\u00fangicas e anti-inflamat\u00f3rias. O \u00d3leo de \u00c1rvore do Ch\u00e1 (Melaleuca alternifolia Leaf Oil), \u00e9 extra\u00eddo das suas folhas atrav\u00e9s de destila\u00e7\u00e3o a vapor e \u00e9 amplamente utilizado em cosm\u00e9tica [...]","og_url":"https:\/\/nuggelasule.com\/pt\/extrato-de-arvore-do-cha\/","og_site_name":"Nuggela &amp; Sul\u00e9","article_publisher":"https:\/\/www.facebook.com\/nuggelasule\/","article_modified_time":"2025-03-25T12:40:24+00:00","og_image":[{"width":1200,"height":675,"url":"https:\/\/nuggelasule.com\/wp-content\/uploads\/2024\/08\/LOGO_nuggelasule.png","type":"image\/png"}],"twitter_card":"summary_large_image","twitter_site":"@nuggelasule","twitter_misc":{"Est. reading time":"2 minutes"},"schema":{"@context":"https:\/\/schema.org","@graph":[{"@type":"WebPage","@id":"https:\/\/nuggelasule.com\/pt\/extrato-de-arvore-do-cha\/","url":"https:\/\/nuggelasule.com\/pt\/extrato-de-arvore-do-cha\/","name":"\u00c1rvore-do-Ch\u00e1 - Activos Naturais","isPartOf":{"@id":"https:\/\/nuggelasule.com\/#website"},"datePublished":"2025-03-25T12:34:56+00:00","dateModified":"2025-03-25T12:40:24+00:00","breadcrumb":{"@id":"https:\/\/nuggelasule.com\/pt\/extrato-de-arvore-do-cha\/#breadcrumb"},"inLanguage":"pt","potentialAction":[{"@type":"ReadAction","target":["https:\/\/nuggelasule.com\/pt\/extrato-de-arvore-do-cha\/"]}]},{"@type":"BreadcrumbList","@id":"https:\/\/nuggelasule.com\/pt\/extrato-de-arvore-do-cha\/#breadcrumb","itemListElement":[{"@type":"ListItem","position":1,"name":"Portada","item":"https:\/\/nuggelasule.com\/pt\/"},{"@type":"ListItem","position":2,"name":"Extrato de \u00c1rvore do Ch\u00e1"}]},{"@type":"WebSite","@id":"https:\/\/nuggelasule.com\/#website","url":"https:\/\/nuggelasule.com\/","name":"Nuggela &amp; Sul\u00e9","description":"Los mejores productos para la salud y belleza del cabello","publisher":{"@id":"https:\/\/nuggelasule.com\/#organization"},"potentialAction":[{"@type":"SearchAction","target":{"@type":"EntryPoint","urlTemplate":"https:\/\/nuggelasule.com\/?s={search_term_string}"},"query-input":{"@type":"PropertyValueSpecification","valueRequired":true,"valueName":"search_term_string"}}],"inLanguage":"pt"},{"@type":"Organization","@id":"https:\/\/nuggelasule.com\/#organization","name":"Nuggela&Sul\u00e9 S.L.","url":"https:\/\/nuggelasule.com\/","logo":{"@type":"ImageObject","inLanguage":"pt","@id":"https:\/\/nuggelasule.com\/#\/schema\/logo\/image\/","url":"","contentUrl":"","caption":"Nuggela&Sul\u00e9 S.L."},"image":{"@id":"https:\/\/nuggelasule.com\/#\/schema\/logo\/image\/"},"sameAs":["https:\/\/www.facebook.com\/nuggelasule\/","https:\/\/x.com\/nuggelasule","https:\/\/www.instagram.com\/nuggela_sule\/","https:\/\/www.linkedin.com\/company\/9406545","https:\/\/www.youtube.com\/channel\/UCP-uGf_c8i2FI4TXfhffEKw"]}]}},"_links":{"self":[{"href":"https:\/\/nuggelasule.com\/pt\/wp-json\/wp\/v2\/pages\/24652","targetHints":{"allow":["GET"]}}],"collection":[{"href":"https:\/\/nuggelasule.com\/pt\/wp-json\/wp\/v2\/pages"}],"about":[{"href":"https:\/\/nuggelasule.com\/pt\/wp-json\/wp\/v2\/types\/page"}],"author":[{"embeddable":true,"href":"https:\/\/nuggelasule.com\/pt\/wp-json\/wp\/v2\/users\/1469"}],"replies":[{"embeddable":true,"href":"https:\/\/nuggelasule.com\/pt\/wp-json\/wp\/v2\/comments?post=24652"}],"version-history":[{"count":4,"href":"https:\/\/nuggelasule.com\/pt\/wp-json\/wp\/v2\/pages\/24652\/revisions"}],"predecessor-version":[{"id":24659,"href":"https:\/\/nuggelasule.com\/pt\/wp-json\/wp\/v2\/pages\/24652\/revisions\/24659"}],"wp:attachment":[{"href":"https:\/\/nuggelasule.com\/pt\/wp-json\/wp\/v2\/media?parent=24652"}],"curies":[{"name":"wp","href":"https:\/\/api.w.org\/{rel}","templated":true}]},"billing":{"billing_DNI":""}}