{"id":24637,"date":"2025-03-25T11:42:30","date_gmt":"2025-03-25T10:42:30","guid":{"rendered":"https:\/\/nuggelasule.com\/?page_id=24637"},"modified":"2025-03-25T11:45:33","modified_gmt":"2025-03-25T10:45:33","slug":"oleo-de-pequi","status":"publish","type":"page","link":"https:\/\/nuggelasule.com\/pt\/oleo-de-pequi\/","title":{"rendered":"\u00d3leo de Pequi"},"content":{"rendered":"  <div id=\"page-header-478077232\" class=\"page-header-wrapper\">\n  <div class=\"page-title dark simple-title has-parallax\">\n\n        <div class=\"page-title-bg\">\n      <div class=\"title-bg fill bg-fill\"\n        data-parallax-container=\".page-title\"\n        data-parallax-background\n        data-parallax=\"-6\">\n      <\/div>\n      <div class=\"title-overlay fill\"><\/div>\n    <\/div>\n    \n    <div class=\"page-title-inner container align-center text-center flex-row-col medium-flex-wrap\" data-parallax-fade=\"true\" data-parallax=\"-1\">\n            <div class=\"title-content flex-col\">\n              <\/div>\n    <\/div>\n\n     \n<style>\n#page-header-478077232 .page-title-inner {\n  min-height: 400px;\n}\n#page-header-478077232 {\n  margin-bottom: 0px;\n}\n#page-header-478077232 .title-bg {\n  background-image: url(https:\/\/nuggelasule.com\/wp-content\/uploads\/2025\/03\/PEQUI.jpg);\n}\n<\/style>\n  <\/div>\n    <\/div>\n  \n<div class=\"text-center\"><div class=\"is-divider divider clearfix\" style=\"background-color:rgb(255, 255, 255);\"><\/div><\/div>\n<h1>\u00d3LEO DE PEQUI<\/h1>\n<p style=\"text-align: justify;\">O <strong>\u00d3leo de Pequi<\/strong> extra\u00eddo do fruto do <strong><em>Caryocar brasiliense<\/strong><\/em>, \u00e9 amplamente conhecido na bacia amaz\u00f3nica, de onde se obt\u00e9m um \u00f3leo utilizado no Brasil com propriedades excecionais para controlar o frizz do cabelo. Rico em pot\u00e1ssio, antioxidantes, \u00e1cidos gordos essenciais e vitaminas. Existem estudos que comprovam o seu elevado poder na redu\u00e7\u00e3o do frizz. O \u00f3leo de pequi proporciona maior defini\u00e7\u00e3o dos carac\u00f3is, mais for\u00e7a ao cabelo e regenera a fibra capilar, conferindo um efeito sedoso e brilhante.<\/p>\n<h3>USOS TRADICIONAIS<\/h3>\n<p style=\"text-align: justify;\">O \u00f3leo de pequi tem sido utilizado desde tempos antigos pelos povos ind\u00edgenas e pelas comunidades tradicionais do Cerrado brasileiro. A sua utiliza\u00e7\u00e3o baseava-se em conhecimentos emp\u00edricos transmitidos de gera\u00e7\u00e3o em gera\u00e7\u00e3o. Antigamente, n\u00e3o era apenas um recurso alimentar essencial, mas tamb\u00e9m um elemento fundamental na medicina e na cultura destes povos.<\/p>\n<hr \/>\n<div class=\"row row-large\"  id=\"row-82093696\">\n\n\t<div id=\"col-112951667\" class=\"col medium-6 small-12 large-6\"  >\n\t\t\t\t<div class=\"col-inner\"  >\n\t\t\t\n\t\t\t\n<h3><span style=\"background-color: #ffdee4;\">O \u00d3LEO DE PEQUI E O CABELO<\/span><\/h3>\n<p>O \u00f3leo de pequi \u00e9 um excelente aliado para a sa\u00fade capilar, gra\u00e7as ao seu elevado teor de \u00e1cidos gordos essenciais, antioxidantes e vitaminas.<\/p>\n<ul>\n<li><strong>\u00c1cidos Gordos Essenciais:<\/strong> como o \u00e1cido oleico, palm\u00edtico e linoleico, s\u00e3o os respons\u00e1veis pelo seu poder hidratante e reparador<\/li>\n<li><strong>Antioxidantes Naturais:<\/strong> (provitamina A e vitamina E), protegem contra o envelhecimento precoce do cabelo e ajudam na repara\u00e7\u00e3o celular e na melhoria da sa\u00fade capilar<\/li>\n<li><strong>Fitonutrientes e Ester\u00f3is:<\/strong> (polifen\u00f3is e ester\u00f3is vegetais), ajudam a combater a inflama\u00e7\u00e3o do couro cabeludo e promovem a sa\u00fade do cabelo<\/li>\n<li><strong>Minerais Essenciais:<\/strong> cont\u00e9m pequenas quantidades de c\u00e1lcio, f\u00f3sforo e magn\u00e9sio, fundamentais para a regenera\u00e7\u00e3o capilar<\/li>\n<\/ul>\n\t\t<\/div>\n\t\t\t\t\t<\/div>\n\n\t\n\n\t<div id=\"col-998762382\" class=\"col medium-6 small-12 large-6\"  >\n\t\t\t\t<div class=\"col-inner\"  >\n\t\t\t\n\t\t\t\n\t<div class=\"img has-hover x md-x lg-x y md-y lg-y\" id=\"image_1633049315\">\n\t\t\t\t\t\t\t\t<div class=\"img-inner dark\" >\n\t\t\t<img loading=\"lazy\" decoding=\"async\" width=\"800\" height=\"800\" src=\"https:\/\/nuggelasule.com\/wp-content\/uploads\/2025\/03\/PEQUI-DETALLE.jpg\" class=\"attachment-large size-large\" alt=\"\" srcset=\"https:\/\/nuggelasule.com\/wp-content\/uploads\/2025\/03\/PEQUI-DETALLE.jpg 800w, https:\/\/nuggelasule.com\/wp-content\/uploads\/2025\/03\/PEQUI-DETALLE-300x300.jpg 300w, https:\/\/nuggelasule.com\/wp-content\/uploads\/2025\/03\/PEQUI-DETALLE-122x122.jpg 122w, https:\/\/nuggelasule.com\/wp-content\/uploads\/2025\/03\/PEQUI-DETALLE-768x768.jpg 768w, https:\/\/nuggelasule.com\/wp-content\/uploads\/2025\/03\/PEQUI-DETALLE-450x450.jpg 450w, https:\/\/nuggelasule.com\/wp-content\/uploads\/2025\/03\/PEQUI-DETALLE-510x510.jpg 510w, https:\/\/nuggelasule.com\/wp-content\/uploads\/2025\/03\/PEQUI-DETALLE-100x100.jpg 100w, https:\/\/nuggelasule.com\/wp-content\/uploads\/2025\/03\/PEQUI-DETALLE-32x32.jpg 32w, https:\/\/nuggelasule.com\/wp-content\/uploads\/2025\/03\/PEQUI-DETALLE-60x60.jpg 60w, https:\/\/nuggelasule.com\/wp-content\/uploads\/2025\/03\/PEQUI-DETALLE-90x90.jpg 90w\" sizes=\"auto, (max-width: 800px) 100vw, 800px\" \/>\t\t\t\t\t\t\n\t\t\t\t\t<\/div>\n\t\t\t\t\t\t\t\t\n<style>\n#image_1633049315 {\n  width: 90%;\n}\n<\/style>\n\t<\/div>\n\t\n\t\t<\/div>\n\t\t\t\t\t<\/div>\n\n\t\n<\/div>\n<div class=\"text-center\"><div class=\"is-divider divider clearfix\" style=\"background-color:rgb(255, 255, 255);\"><\/div><\/div>\n<div class=\"row row-full-width align-middle align-center\"  id=\"row-606408451\">\n\n\t<div id=\"col-1529252872\" class=\"col medium-10 small-12 large-10\"  >\n\t\t\t\t<div class=\"col-inner text-left\"  >\n\t\t\t\n\t\t\t\n<div class=\"message-box relative\" style=\"padding-top:44px;padding-bottom:44px;\"><div class=\"message-box-bg-image bg-fill fill\" ><\/div><div class=\"message-box-bg-overlay bg-fill fill\" style=\"background-color:rgb(255, 222, 228);\"><\/div><div class=\"container relative\"><div class=\"inner last-reset\">\n<div class=\"row align-middle align-center\"  id=\"row-1666461640\">\n\n\t<div id=\"col-1322441448\" class=\"col medium-10 small-12 large-10\"  >\n\t\t\t\t<div class=\"col-inner\"  >\n\t\t\t\n\t\t\t\n<h3>BENEF\u00cdCIOS PARA O CABELO<\/h3>\n<ul>\n<li>Hidrata\u00e7\u00e3o profunda<\/li>\n<li>Redu\u00e7\u00e3o do frizz<\/li>\n<li>Repara\u00e7\u00e3o e fortalecimento do cabelo danificado<\/li>\n<li>Proporciona brilho e suavidade<\/li>\n<li>Prote\u00e7\u00e3o contra agressores externos<\/li>\n<\/ul>\n\t\t<\/div>\n\t\t\t\t\t<\/div>\n\n\t\n<\/div>\n<\/div><\/div><\/div>\n\t\t<\/div>\n\t\t\t\t\t<\/div>\n\n\t\n<\/div>\n<p><strong>PRODUTOS QUE CONT\u00caM ESTE INGREDIENTE ATIVO<\/strong><\/p>\n<div class=\"woocommerce columns-4 \"><div class=\"products row row-small large-columns-4 medium-columns-3 small-columns-2 has-equal-box-heights\">\n<div class=\"product-small col has-hover product type-product post-19165 status-publish first instock product_cat-condicionadores-outros-pt product_cat-todos-pt product_tag-cabellos-secos-pt product_tag-hidratacion-pt has-post-thumbnail taxable shipping-taxable purchasable product-type-simple\">\n\t<div class=\"col-inner\">\n\t\n<div class=\"badge-container absolute left top z-1\">\n\n<\/div>\n\t<div class=\"product-small box \">\n\t\t<div class=\"box-image\">\n\t\t\t<div class=\"image-fade_in_back\">\n\t\t\t\t<a href=\"https:\/\/nuggelasule.com\/pt\/producto\/tucuma-hair-mask-mascara-capilar-manteiga-de-tucuma-fios-naturais-nuggela-sule-nutricao-reparacao-brilho\/\">\n\t\t\t\t\t<img loading=\"lazy\" decoding=\"async\" width=\"450\" height=\"450\" src=\"https:\/\/nuggelasule.com\/wp-content\/uploads\/2016\/11\/8437014761634_1_Tucuma-Hair-Mask-450x450.jpg\" class=\"attachment-woocommerce_thumbnail size-woocommerce_thumbnail\" alt=\"Tucuma Hair Mask\" srcset=\"https:\/\/nuggelasule.com\/wp-content\/uploads\/2016\/11\/8437014761634_1_Tucuma-Hair-Mask-450x450.jpg 450w, https:\/\/nuggelasule.com\/wp-content\/uploads\/2016\/11\/8437014761634_1_Tucuma-Hair-Mask-300x300.jpg 300w, https:\/\/nuggelasule.com\/wp-content\/uploads\/2016\/11\/8437014761634_1_Tucuma-Hair-Mask-1024x1024.jpg 1024w, https:\/\/nuggelasule.com\/wp-content\/uploads\/2016\/11\/8437014761634_1_Tucuma-Hair-Mask-122x122.jpg 122w, https:\/\/nuggelasule.com\/wp-content\/uploads\/2016\/11\/8437014761634_1_Tucuma-Hair-Mask-768x768.jpg 768w, https:\/\/nuggelasule.com\/wp-content\/uploads\/2016\/11\/8437014761634_1_Tucuma-Hair-Mask-1536x1536.jpg 1536w, https:\/\/nuggelasule.com\/wp-content\/uploads\/2016\/11\/8437014761634_1_Tucuma-Hair-Mask-510x510.jpg 510w, https:\/\/nuggelasule.com\/wp-content\/uploads\/2016\/11\/8437014761634_1_Tucuma-Hair-Mask-100x100.jpg 100w, https:\/\/nuggelasule.com\/wp-content\/uploads\/2016\/11\/8437014761634_1_Tucuma-Hair-Mask-32x32.jpg 32w, https:\/\/nuggelasule.com\/wp-content\/uploads\/2016\/11\/8437014761634_1_Tucuma-Hair-Mask-60x60.jpg 60w, https:\/\/nuggelasule.com\/wp-content\/uploads\/2016\/11\/8437014761634_1_Tucuma-Hair-Mask-90x90.jpg 90w, https:\/\/nuggelasule.com\/wp-content\/uploads\/2016\/11\/8437014761634_1_Tucuma-Hair-Mask.jpg 1800w\" sizes=\"auto, (max-width: 450px) 100vw, 450px\" \/><img loading=\"lazy\" decoding=\"async\" width=\"450\" height=\"450\" src=\"https:\/\/nuggelasule.com\/wp-content\/uploads\/2016\/11\/B07XBSMD7R.PT01-450x450.jpg\" class=\"show-on-hover absolute fill hide-for-small back-image\" alt=\"Alternative view of Tucuma Hair Mask\" aria-hidden=\"true\" srcset=\"https:\/\/nuggelasule.com\/wp-content\/uploads\/2016\/11\/B07XBSMD7R.PT01-450x450.jpg 450w, https:\/\/nuggelasule.com\/wp-content\/uploads\/2016\/11\/B07XBSMD7R.PT01-300x300.jpg 300w, https:\/\/nuggelasule.com\/wp-content\/uploads\/2016\/11\/B07XBSMD7R.PT01-1024x1024.jpg 1024w, https:\/\/nuggelasule.com\/wp-content\/uploads\/2016\/11\/B07XBSMD7R.PT01-122x122.jpg 122w, https:\/\/nuggelasule.com\/wp-content\/uploads\/2016\/11\/B07XBSMD7R.PT01-768x768.jpg 768w, https:\/\/nuggelasule.com\/wp-content\/uploads\/2016\/11\/B07XBSMD7R.PT01-510x510.jpg 510w, https:\/\/nuggelasule.com\/wp-content\/uploads\/2016\/11\/B07XBSMD7R.PT01-100x100.jpg 100w, https:\/\/nuggelasule.com\/wp-content\/uploads\/2016\/11\/B07XBSMD7R.PT01-32x32.jpg 32w, https:\/\/nuggelasule.com\/wp-content\/uploads\/2016\/11\/B07XBSMD7R.PT01.jpg 1097w\" sizes=\"auto, (max-width: 450px) 100vw, 450px\" \/>\t\t\t\t<\/a>\n\t\t\t<\/div>\n\t\t\t<div class=\"image-tools is-small top right show-on-hover\">\n\t\t\t\t\t\t\t<\/div>\n\t\t\t<div class=\"image-tools is-small hide-for-small bottom left show-on-hover\">\n\t\t\t\t\t\t\t<\/div>\n\t\t\t<div class=\"image-tools grid-tools text-center hide-for-small bottom hover-slide-in show-on-hover\">\n\t\t\t\t\t\t\t<\/div>\n\t\t\t\t\t<\/div>\n\n\t\t<div class=\"box-text box-text-products\">\n\t\t\t<div class=\"title-wrapper\"><p class=\"name product-title woocommerce-loop-product__title\"><a href=\"https:\/\/nuggelasule.com\/pt\/producto\/tucuma-hair-mask-mascara-capilar-manteiga-de-tucuma-fios-naturais-nuggela-sule-nutricao-reparacao-brilho\/\" class=\"woocommerce-LoopProduct-link woocommerce-loop-product__link\">Tucuma Hair Mask<\/a><\/p><\/div><div class=\"price-wrapper\">\n\t<span class=\"price\"><span class=\"woocommerce-Price-amount amount\"><bdi>27,70&nbsp;<span class=\"woocommerce-Price-currencySymbol\">&euro;<\/span><\/bdi><\/span><\/span>\n<\/div>\t\t<\/div>\n\t<\/div>\n\t\t<\/div>\n<\/div><\/div><!-- row -->\n<\/div>\n","protected":false},"excerpt":{"rendered":"<p>\u00d3LEO DE PEQUI O \u00d3leo de Pequi extra\u00eddo do fruto do Caryocar brasiliense, \u00e9 amplamente conhecido na bacia amaz\u00f3nica, de onde se obt\u00e9m um \u00f3leo utilizado no Brasil com propriedades excecionais para controlar o frizz do cabelo. Rico em pot\u00e1ssio, antioxidantes, \u00e1cidos gordos essenciais e vitaminas. Existem estudos que comprovam o seu elevado poder na [&#8230;]\n","protected":false},"author":1469,"featured_media":0,"parent":0,"menu_order":0,"comment_status":"closed","ping_status":"closed","template":"","meta":{"_acf_changed":false,"footnotes":""},"class_list":["post-24637","page","type-page","status-publish","hentry"],"acf":[],"yoast_head":"<!-- This site is optimized with the Yoast SEO plugin v27.0 - https:\/\/yoast.com\/product\/yoast-seo-wordpress\/ -->\n<title>\u00d3leo de Pequi - Activos Naturais Nuggela &amp; Sul\u00e9<\/title>\n<meta name=\"description\" content=\"O \u00f3leo de pequi \u00e9 um cocktail de nutrientes naturais com poderosas propriedades hidratantes, reparadoras e protetoras para o cabelo\" \/>\n<meta name=\"robots\" content=\"index, follow, max-snippet:-1, max-image-preview:large, max-video-preview:-1\" \/>\n<link rel=\"canonical\" href=\"https:\/\/nuggelasule.com\/pt\/oleo-de-pequi\/\" \/>\n<meta property=\"og:locale\" content=\"pt_PT\" \/>\n<meta property=\"og:type\" content=\"article\" \/>\n<meta property=\"og:title\" content=\"\u00d3leo de Pequi - Activos Naturais Nuggela &amp; Sul\u00e9\" \/>\n<meta property=\"og:description\" content=\"O \u00f3leo de pequi \u00e9 um cocktail de nutrientes naturais com poderosas propriedades hidratantes, reparadoras e protetoras para o cabelo\" \/>\n<meta property=\"og:url\" content=\"https:\/\/nuggelasule.com\/pt\/oleo-de-pequi\/\" \/>\n<meta property=\"og:site_name\" content=\"Nuggela &amp; Sul\u00e9\" \/>\n<meta property=\"article:publisher\" content=\"https:\/\/www.facebook.com\/nuggelasule\/\" \/>\n<meta property=\"article:modified_time\" content=\"2025-03-25T10:45:33+00:00\" \/>\n<meta property=\"og:image\" content=\"https:\/\/nuggelasule.com\/wp-content\/uploads\/2024\/08\/LOGO_nuggelasule.png\" \/>\n\t<meta property=\"og:image:width\" content=\"1200\" \/>\n\t<meta property=\"og:image:height\" content=\"675\" \/>\n\t<meta property=\"og:image:type\" content=\"image\/png\" \/>\n<meta name=\"twitter:card\" content=\"summary_large_image\" \/>\n<meta name=\"twitter:site\" content=\"@nuggelasule\" \/>\n<meta name=\"twitter:label1\" content=\"Est. reading time\" \/>\n\t<meta name=\"twitter:data1\" content=\"2 minutes\" \/>\n<script type=\"application\/ld+json\" class=\"yoast-schema-graph\">{\"@context\":\"https:\/\/schema.org\",\"@graph\":[{\"@type\":\"WebPage\",\"@id\":\"https:\/\/nuggelasule.com\/pt\/oleo-de-pequi\/\",\"url\":\"https:\/\/nuggelasule.com\/pt\/oleo-de-pequi\/\",\"name\":\"\u00d3leo de Pequi - Activos Naturais Nuggela & Sul\u00e9\",\"isPartOf\":{\"@id\":\"https:\/\/nuggelasule.com\/#website\"},\"datePublished\":\"2025-03-25T10:42:30+00:00\",\"dateModified\":\"2025-03-25T10:45:33+00:00\",\"description\":\"O \u00f3leo de pequi \u00e9 um cocktail de nutrientes naturais com poderosas propriedades hidratantes, reparadoras e protetoras para o cabelo\",\"breadcrumb\":{\"@id\":\"https:\/\/nuggelasule.com\/pt\/oleo-de-pequi\/#breadcrumb\"},\"inLanguage\":\"pt\",\"potentialAction\":[{\"@type\":\"ReadAction\",\"target\":[\"https:\/\/nuggelasule.com\/pt\/oleo-de-pequi\/\"]}]},{\"@type\":\"BreadcrumbList\",\"@id\":\"https:\/\/nuggelasule.com\/pt\/oleo-de-pequi\/#breadcrumb\",\"itemListElement\":[{\"@type\":\"ListItem\",\"position\":1,\"name\":\"Portada\",\"item\":\"https:\/\/nuggelasule.com\/pt\/\"},{\"@type\":\"ListItem\",\"position\":2,\"name\":\"\u00d3leo de Pequi\"}]},{\"@type\":\"WebSite\",\"@id\":\"https:\/\/nuggelasule.com\/#website\",\"url\":\"https:\/\/nuggelasule.com\/\",\"name\":\"Nuggela &amp; Sul\u00e9\",\"description\":\"Los mejores productos para la salud y belleza del cabello\",\"publisher\":{\"@id\":\"https:\/\/nuggelasule.com\/#organization\"},\"potentialAction\":[{\"@type\":\"SearchAction\",\"target\":{\"@type\":\"EntryPoint\",\"urlTemplate\":\"https:\/\/nuggelasule.com\/?s={search_term_string}\"},\"query-input\":{\"@type\":\"PropertyValueSpecification\",\"valueRequired\":true,\"valueName\":\"search_term_string\"}}],\"inLanguage\":\"pt\"},{\"@type\":\"Organization\",\"@id\":\"https:\/\/nuggelasule.com\/#organization\",\"name\":\"Nuggela&Sul\u00e9 S.L.\",\"url\":\"https:\/\/nuggelasule.com\/\",\"logo\":{\"@type\":\"ImageObject\",\"inLanguage\":\"pt\",\"@id\":\"https:\/\/nuggelasule.com\/#\/schema\/logo\/image\/\",\"url\":\"\",\"contentUrl\":\"\",\"caption\":\"Nuggela&Sul\u00e9 S.L.\"},\"image\":{\"@id\":\"https:\/\/nuggelasule.com\/#\/schema\/logo\/image\/\"},\"sameAs\":[\"https:\/\/www.facebook.com\/nuggelasule\/\",\"https:\/\/x.com\/nuggelasule\",\"https:\/\/www.instagram.com\/nuggela_sule\/\",\"https:\/\/www.linkedin.com\/company\/9406545\",\"https:\/\/www.youtube.com\/channel\/UCP-uGf_c8i2FI4TXfhffEKw\"]}]}<\/script>\n<!-- \/ Yoast SEO plugin. -->","yoast_head_json":{"title":"\u00d3leo de Pequi - Activos Naturais Nuggela & Sul\u00e9","description":"O \u00f3leo de pequi \u00e9 um cocktail de nutrientes naturais com poderosas propriedades hidratantes, reparadoras e protetoras para o cabelo","robots":{"index":"index","follow":"follow","max-snippet":"max-snippet:-1","max-image-preview":"max-image-preview:large","max-video-preview":"max-video-preview:-1"},"canonical":"https:\/\/nuggelasule.com\/pt\/oleo-de-pequi\/","og_locale":"pt_PT","og_type":"article","og_title":"\u00d3leo de Pequi - Activos Naturais Nuggela & Sul\u00e9","og_description":"O \u00f3leo de pequi \u00e9 um cocktail de nutrientes naturais com poderosas propriedades hidratantes, reparadoras e protetoras para o cabelo","og_url":"https:\/\/nuggelasule.com\/pt\/oleo-de-pequi\/","og_site_name":"Nuggela &amp; Sul\u00e9","article_publisher":"https:\/\/www.facebook.com\/nuggelasule\/","article_modified_time":"2025-03-25T10:45:33+00:00","og_image":[{"width":1200,"height":675,"url":"https:\/\/nuggelasule.com\/wp-content\/uploads\/2024\/08\/LOGO_nuggelasule.png","type":"image\/png"}],"twitter_card":"summary_large_image","twitter_site":"@nuggelasule","twitter_misc":{"Est. reading time":"2 minutes"},"schema":{"@context":"https:\/\/schema.org","@graph":[{"@type":"WebPage","@id":"https:\/\/nuggelasule.com\/pt\/oleo-de-pequi\/","url":"https:\/\/nuggelasule.com\/pt\/oleo-de-pequi\/","name":"\u00d3leo de Pequi - Activos Naturais Nuggela & Sul\u00e9","isPartOf":{"@id":"https:\/\/nuggelasule.com\/#website"},"datePublished":"2025-03-25T10:42:30+00:00","dateModified":"2025-03-25T10:45:33+00:00","description":"O \u00f3leo de pequi \u00e9 um cocktail de nutrientes naturais com poderosas propriedades hidratantes, reparadoras e protetoras para o cabelo","breadcrumb":{"@id":"https:\/\/nuggelasule.com\/pt\/oleo-de-pequi\/#breadcrumb"},"inLanguage":"pt","potentialAction":[{"@type":"ReadAction","target":["https:\/\/nuggelasule.com\/pt\/oleo-de-pequi\/"]}]},{"@type":"BreadcrumbList","@id":"https:\/\/nuggelasule.com\/pt\/oleo-de-pequi\/#breadcrumb","itemListElement":[{"@type":"ListItem","position":1,"name":"Portada","item":"https:\/\/nuggelasule.com\/pt\/"},{"@type":"ListItem","position":2,"name":"\u00d3leo de Pequi"}]},{"@type":"WebSite","@id":"https:\/\/nuggelasule.com\/#website","url":"https:\/\/nuggelasule.com\/","name":"Nuggela &amp; Sul\u00e9","description":"Los mejores productos para la salud y belleza del cabello","publisher":{"@id":"https:\/\/nuggelasule.com\/#organization"},"potentialAction":[{"@type":"SearchAction","target":{"@type":"EntryPoint","urlTemplate":"https:\/\/nuggelasule.com\/?s={search_term_string}"},"query-input":{"@type":"PropertyValueSpecification","valueRequired":true,"valueName":"search_term_string"}}],"inLanguage":"pt"},{"@type":"Organization","@id":"https:\/\/nuggelasule.com\/#organization","name":"Nuggela&Sul\u00e9 S.L.","url":"https:\/\/nuggelasule.com\/","logo":{"@type":"ImageObject","inLanguage":"pt","@id":"https:\/\/nuggelasule.com\/#\/schema\/logo\/image\/","url":"","contentUrl":"","caption":"Nuggela&Sul\u00e9 S.L."},"image":{"@id":"https:\/\/nuggelasule.com\/#\/schema\/logo\/image\/"},"sameAs":["https:\/\/www.facebook.com\/nuggelasule\/","https:\/\/x.com\/nuggelasule","https:\/\/www.instagram.com\/nuggela_sule\/","https:\/\/www.linkedin.com\/company\/9406545","https:\/\/www.youtube.com\/channel\/UCP-uGf_c8i2FI4TXfhffEKw"]}]}},"_links":{"self":[{"href":"https:\/\/nuggelasule.com\/pt\/wp-json\/wp\/v2\/pages\/24637","targetHints":{"allow":["GET"]}}],"collection":[{"href":"https:\/\/nuggelasule.com\/pt\/wp-json\/wp\/v2\/pages"}],"about":[{"href":"https:\/\/nuggelasule.com\/pt\/wp-json\/wp\/v2\/types\/page"}],"author":[{"embeddable":true,"href":"https:\/\/nuggelasule.com\/pt\/wp-json\/wp\/v2\/users\/1469"}],"replies":[{"embeddable":true,"href":"https:\/\/nuggelasule.com\/pt\/wp-json\/wp\/v2\/comments?post=24637"}],"version-history":[{"count":2,"href":"https:\/\/nuggelasule.com\/pt\/wp-json\/wp\/v2\/pages\/24637\/revisions"}],"predecessor-version":[{"id":24643,"href":"https:\/\/nuggelasule.com\/pt\/wp-json\/wp\/v2\/pages\/24637\/revisions\/24643"}],"wp:attachment":[{"href":"https:\/\/nuggelasule.com\/pt\/wp-json\/wp\/v2\/media?parent=24637"}],"curies":[{"name":"wp","href":"https:\/\/api.w.org\/{rel}","templated":true}]},"billing":{"billing_DNI":""}}