{"id":19016,"date":"2013-08-11T19:22:53","date_gmt":"2013-08-11T19:22:53","guid":{"rendered":"https:\/\/nuggelasule.com\/contacto\/"},"modified":"2024-07-19T13:00:51","modified_gmt":"2024-07-19T11:00:51","slug":"contacto","status":"publish","type":"page","link":"https:\/\/nuggelasule.com\/pt\/contacto\/","title":{"rendered":"Contato"},"content":{"rendered":"  <div id=\"page-header-459824596\" class=\"page-header-wrapper\">\n  <div class=\"page-title dark featured-title has-parallax\">\n\n        <div class=\"page-title-bg\">\n      <div class=\"title-bg fill bg-fill\"\n        data-parallax-container=\".page-title\"\n        data-parallax-background\n        data-parallax=\"-2\">\n      <\/div>\n      <div class=\"title-overlay fill\"><\/div>\n    <\/div>\n    \n    <div class=\"page-title-inner container align-center flex-row medium-flex-wrap\" >\n              <div class=\"title-wrapper uppercase flex-col text-left medium-text-center\">\n          <h1 class=\"entry-title mb-0\">\n            Contato          <\/h1>\n        <\/div>\n                    <div class=\"title-content flex-col flex-right text-right medium-text-center\">\n        <ul class=\"nav sm-touch-scroll nav-simple nav-uppercase text-left nav-left\"><li class=\"nav-single-page hidden\"><\/li><\/ul>      <\/div>\n    <\/div>\n\n     \n<style>\n#page-header-459824596 .page-title-inner {\n  min-height: 214px;\n}\n#page-header-459824596 .title-bg {\n  background-image: url(https:\/\/nuggelasule.com\/wp-content\/uploads\/2024\/07\/banner-home-NEW-BRAND.jpg);\n}\n<\/style>\n  <\/div>\n    <\/div>\n  \n\t<div id=\"gap-1128661924\" class=\"gap-element clearfix\" style=\"display:block; height:auto;\">\n\t\t\n<style>\n#gap-1128661924 {\n  padding-top: 70px;\n}\n<\/style>\n\t<\/div>\n\t\n<div class=\"row\"  id=\"row-1678807618\">\n\n\t<div id=\"col-538584549\" class=\"col medium-6 large-6\"  >\n\t\t\t\t<div class=\"col-inner\"  >\n\t\t\t\n\t\t\t\n<h1>Entre em contato conosco!<\/h1>\n<p><strong>Nuggela &amp; Sul\u00e9 S.L.<\/strong><br \/>C\/ Valenzuela 6<br \/>28014 Madrid \u2013 Espanha<br \/><strong>+34 915316402<\/strong><br \/>info@nuggelasule.com<br \/><a href=\"https:\/\/nuggelasule.com\/pt\/\">www.nuggelasule.com<\/a><\/p>\n<div class=\"social-icons follow-icons\" ><a href=\"https:\/\/www.facebook.com\/nuggelasule\/\" target=\"_blank\" data-label=\"Facebook\" class=\"icon button circle is-outline tooltip facebook\" title=\"Follow on Facebook\" aria-label=\"Follow on Facebook\" rel=\"noopener nofollow\"><i class=\"icon-facebook\" aria-hidden=\"true\"><\/i><\/a><a href=\"https:\/\/www.instagram.com\/nuggela_sule\/\" target=\"_blank\" data-label=\"Instagram\" class=\"icon button circle is-outline tooltip instagram\" title=\"Follow on Instagram\" aria-label=\"Follow on Instagram\" rel=\"noopener nofollow\"><i class=\"icon-instagram\" aria-hidden=\"true\"><\/i><\/a><a href=\"mailto:info@nuggelasule.com\" data-label=\"E-mail\" target=\"_blank\" class=\"icon button circle is-outline tooltip email\" title=\"Send us an email\" aria-label=\"Send us an email\" rel=\"nofollow noopener\"><i class=\"icon-envelop\" aria-hidden=\"true\"><\/i><\/a><a href=\"https:\/\/www.linkedin.com\/company\/9406545?\" data-label=\"LinkedIn\" target=\"_blank\" class=\"icon button circle is-outline tooltip linkedin\" title=\"Follow on LinkedIn\" aria-label=\"Follow on LinkedIn\" rel=\"noopener nofollow\"><i class=\"icon-linkedin\" aria-hidden=\"true\"><\/i><\/a><a href=\"https:\/\/www.youtube.com\/channel\/UCP-uGf_c8i2FI4TXfhffEKw\" data-label=\"YouTube\" target=\"_blank\" class=\"icon button circle is-outline tooltip youtube\" title=\"Follow on YouTube\" aria-label=\"Follow on YouTube\" rel=\"noopener nofollow\"><i class=\"icon-youtube\" aria-hidden=\"true\"><\/i><\/a><\/div>\n<p><strong><u>Hor\u00e1rio de atendimento telef\u00f4nico<\/u><\/strong><br \/>\n<strong>De segunda a quinta-feira:<\/strong> 10:00 \u00e0s 18:00<br \/>\n<strong>Sexta-feira:<\/strong> 10:00 \u00e0s 14:00<br \/>\n<strong>*<\/strong>Feriados n\u00e3o inclu\u00eddos<\/p>\n\t\t<\/div>\n\t\t\t\t\t<\/div>\n\n\t\n\n\t<div id=\"col-1271882794\" class=\"col medium-6 large-6\"  >\n\t\t\t\t<div class=\"col-inner\"  >\n\t\t\t\n\t\t\t\n\n<div class=\"wpcf7 no-js\" id=\"wpcf7-f15532-o1\" lang=\"es-ES\" dir=\"ltr\" data-wpcf7-id=\"15532\">\n<div class=\"screen-reader-response\"><p role=\"status\" aria-live=\"polite\" aria-atomic=\"true\"><\/p> <ul><\/ul><\/div>\n<form action=\"\/pt\/wp-json\/wp\/v2\/pages\/19016#wpcf7-f15532-o1\" method=\"post\" class=\"wpcf7-form init wpcf7-acceptance-as-validation\" aria-label=\"Contact form\" novalidate=\"novalidate\" data-status=\"init\">\n<fieldset class=\"hidden-fields-container\"><input type=\"hidden\" name=\"_wpcf7\" value=\"15532\" \/><input type=\"hidden\" name=\"_wpcf7_version\" value=\"6.1.5\" \/><input type=\"hidden\" name=\"_wpcf7_locale\" value=\"es_ES\" \/><input type=\"hidden\" name=\"_wpcf7_unit_tag\" value=\"wpcf7-f15532-o1\" \/><input type=\"hidden\" name=\"_wpcf7_container_post\" value=\"0\" \/><input type=\"hidden\" name=\"_wpcf7_posted_data_hash\" value=\"\" \/><input type=\"hidden\" name=\"_wpcf7_recaptcha_response\" value=\"\" \/>\n<\/fieldset>\n<p><label> Soy un:<span class=\"wpcf7-form-control-wrap\" data-name=\"menu-623\"><select class=\"wpcf7-form-control wpcf7-select\" aria-invalid=\"false\" name=\"menu-623\"><option value=\"Particular\">Particular<\/option><option value=\"Profesional\">Profesional<\/option><\/select><\/span> <\/label>\n<\/p>\n<p><span class=\"wpcf7-form-control-wrap\" data-name=\"your-name\"><input size=\"40\" maxlength=\"400\" class=\"wpcf7-form-control wpcf7-text wpcf7-validates-as-required\" aria-required=\"true\" aria-invalid=\"false\" placeholder=\"Nombre\" value=\"\" type=\"text\" name=\"your-name\" \/><\/span>\n<\/p>\n<p><span class=\"wpcf7-form-control-wrap\" data-name=\"your-email\"><input size=\"40\" maxlength=\"400\" class=\"wpcf7-form-control wpcf7-email wpcf7-validates-as-required wpcf7-text wpcf7-validates-as-email\" aria-required=\"true\" aria-invalid=\"false\" placeholder=\"Correo electr\u00f3nico\" value=\"\" type=\"email\" name=\"your-email\" \/><\/span>\n<\/p>\n<p><span class=\"wpcf7-form-control-wrap\" data-name=\"your-subject\"><input size=\"40\" maxlength=\"400\" class=\"wpcf7-form-control wpcf7-text\" aria-invalid=\"false\" placeholder=\"Tel\u00e9fono (Opcional)\" value=\"\" type=\"text\" name=\"your-subject\" \/><\/span>\n<\/p>\n<p><span class=\"wpcf7-form-control-wrap\" data-name=\"your-message\"><textarea cols=\"40\" rows=\"10\" maxlength=\"2000\" class=\"wpcf7-form-control wpcf7-textarea\" aria-invalid=\"false\" placeholder=\"Escr\u00edbenos \u00bfen qu\u00e9 te podemos ayudar?\" name=\"your-message\"><\/textarea><\/span>\n<\/p>\n<p><span style=\"color: #000000;\">He le\u00eddo y acepto la <\/span><a href=\"http:\/\/nuggelasule.com\/politica-de-privacidad-y-cookies\/\"><span style=\"text-decoration: underline;\">Pol\u00edtica de Privacidad<\/span><\/a><span class=\"wpcf7-form-control-wrap\" data-name=\"acceptance-212\"><span class=\"wpcf7-form-control wpcf7-acceptance\"><span class=\"wpcf7-list-item\"><input type=\"checkbox\" name=\"acceptance-212\" value=\"1\" aria-invalid=\"false\" \/><\/span><\/span><\/span><br \/>\n\n<\/p>\n<p><input class=\"wpcf7-form-control wpcf7-submit has-spinner enviar\" type=\"submit\" value=\"Enviar\" \/>\n<\/p><div class=\"wpcf7-response-output\" aria-hidden=\"true\"><\/div>\n<\/form>\n<\/div>\n\n\t\t<\/div>\n\t\t\t\t\t<\/div>\n\n\t\n<\/div>\n\n\t<section class=\"section dark\" id=\"section_622686279\">\n\t\t<div class=\"section-bg fill\" >\n\t\t\t\t\t\t\t\t\t\n\t\t\t\n\n\t\t<\/div>\n\n\t\t\n\n\t\t<div class=\"section-content relative\">\n\t\t\t\n<div class=\"row align-center\"  id=\"row-69244443\">\n\n\t<div id=\"col-298254546\" class=\"col medium-10 small-12 large-10\"  >\n\t\t\t\t<div class=\"col-inner text-center\"  >\n\t\t\t\n\t\t\t\n\t<div id=\"text-4126420729\" class=\"text\">\n\t\t\n<p>Junte-se ao universo <strong>Nuggela &amp; Sul\u00e9<\/strong> e inspire-se com novos conte\u00fados, dicas e muito mais!<br \/>\n\t\t\n<style>\n#text-4126420729 {\n  font-size: 1.5rem;\n  color: rgb(0, 0, 0);\n}\n#text-4126420729 > * {\n  color: rgb(0, 0, 0);\n}\n<\/style>\n\t<\/div>\n\t\n[probance_newsletter]\n\t\t<\/div>\n\t\t\t\t\t<\/div>\n\n\t\n<\/div>\n\t\t<\/div>\n\n\t\t\n<style>\n#section_622686279 {\n  padding-top: 60px;\n  padding-bottom: 60px;\n  min-height: 300px;\n  background-color: rgb(255, 215, 177);\n}\n<\/style>\n\t<\/section>\n\t\n","protected":false},"excerpt":{"rendered":"","protected":false},"author":2,"featured_media":0,"parent":0,"menu_order":0,"comment_status":"closed","ping_status":"closed","template":"page-blank.php","meta":{"_acf_changed":false,"footnotes":""},"class_list":["post-19016","page","type-page","status-publish","hentry"],"acf":[],"yoast_head":"<!-- This site is optimized with the Yoast SEO plugin v27.0 - https:\/\/yoast.com\/product\/yoast-seo-wordpress\/ -->\n<title>Contata - nuggela &amp; sul\u00e9<\/title>\n<meta name=\"description\" content=\"Quer seja um cliente final, ou se estiver interessado em receber ou distribuir o nosso produto, n\u00e3o hesite em contactar-nos, estamos \u00e0 sua espera.\" \/>\n<meta name=\"robots\" content=\"index, follow, max-snippet:-1, max-image-preview:large, max-video-preview:-1\" \/>\n<link rel=\"canonical\" href=\"https:\/\/nuggelasule.com\/pt\/contacto\/\" \/>\n<meta property=\"og:locale\" content=\"pt_PT\" \/>\n<meta property=\"og:type\" content=\"article\" \/>\n<meta property=\"og:title\" content=\"Contata - nuggela &amp; sul\u00e9\" \/>\n<meta property=\"og:description\" content=\"Quer seja um cliente final, ou se estiver interessado em receber ou distribuir o nosso produto, n\u00e3o hesite em contactar-nos, estamos \u00e0 sua espera.\" \/>\n<meta property=\"og:url\" content=\"https:\/\/nuggelasule.com\/pt\/contacto\/\" \/>\n<meta property=\"og:site_name\" content=\"Nuggela &amp; Sul\u00e9\" \/>\n<meta property=\"article:publisher\" content=\"https:\/\/www.facebook.com\/nuggelasule\/\" \/>\n<meta property=\"article:modified_time\" content=\"2024-07-19T11:00:51+00:00\" \/>\n<meta property=\"og:image\" content=\"https:\/\/nuggelasule.com\/wp-content\/uploads\/2024\/08\/LOGO_nuggelasule.png\" \/>\n\t<meta property=\"og:image:width\" content=\"1200\" \/>\n\t<meta property=\"og:image:height\" content=\"675\" \/>\n\t<meta property=\"og:image:type\" content=\"image\/png\" \/>\n<meta name=\"twitter:card\" content=\"summary_large_image\" \/>\n<meta name=\"twitter:site\" content=\"@nuggelasule\" \/>\n<meta name=\"twitter:label1\" content=\"Est. reading time\" \/>\n\t<meta name=\"twitter:data1\" content=\"1 minute\" \/>\n<script type=\"application\/ld+json\" class=\"yoast-schema-graph\">{\"@context\":\"https:\/\/schema.org\",\"@graph\":[{\"@type\":\"WebPage\",\"@id\":\"https:\/\/nuggelasule.com\/pt\/contacto\/\",\"url\":\"https:\/\/nuggelasule.com\/pt\/contacto\/\",\"name\":\"Contata - nuggela & sul\u00e9\",\"isPartOf\":{\"@id\":\"https:\/\/nuggelasule.com\/#website\"},\"datePublished\":\"2013-08-11T19:22:53+00:00\",\"dateModified\":\"2024-07-19T11:00:51+00:00\",\"description\":\"Quer seja um cliente final, ou se estiver interessado em receber ou distribuir o nosso produto, n\u00e3o hesite em contactar-nos, estamos \u00e0 sua espera.\",\"breadcrumb\":{\"@id\":\"https:\/\/nuggelasule.com\/pt\/contacto\/#breadcrumb\"},\"inLanguage\":\"pt\",\"potentialAction\":[{\"@type\":\"ReadAction\",\"target\":[\"https:\/\/nuggelasule.com\/pt\/contacto\/\"]}]},{\"@type\":\"BreadcrumbList\",\"@id\":\"https:\/\/nuggelasule.com\/pt\/contacto\/#breadcrumb\",\"itemListElement\":[{\"@type\":\"ListItem\",\"position\":1,\"name\":\"Portada\",\"item\":\"https:\/\/nuggelasule.com\/pt\/\"},{\"@type\":\"ListItem\",\"position\":2,\"name\":\"Contato\"}]},{\"@type\":\"WebSite\",\"@id\":\"https:\/\/nuggelasule.com\/#website\",\"url\":\"https:\/\/nuggelasule.com\/\",\"name\":\"Nuggela &amp; Sul\u00e9\",\"description\":\"Los mejores productos para la salud y belleza del cabello\",\"publisher\":{\"@id\":\"https:\/\/nuggelasule.com\/#organization\"},\"potentialAction\":[{\"@type\":\"SearchAction\",\"target\":{\"@type\":\"EntryPoint\",\"urlTemplate\":\"https:\/\/nuggelasule.com\/?s={search_term_string}\"},\"query-input\":{\"@type\":\"PropertyValueSpecification\",\"valueRequired\":true,\"valueName\":\"search_term_string\"}}],\"inLanguage\":\"pt\"},{\"@type\":\"Organization\",\"@id\":\"https:\/\/nuggelasule.com\/#organization\",\"name\":\"Nuggela&Sul\u00e9 S.L.\",\"url\":\"https:\/\/nuggelasule.com\/\",\"logo\":{\"@type\":\"ImageObject\",\"inLanguage\":\"pt\",\"@id\":\"https:\/\/nuggelasule.com\/#\/schema\/logo\/image\/\",\"url\":\"\",\"contentUrl\":\"\",\"caption\":\"Nuggela&Sul\u00e9 S.L.\"},\"image\":{\"@id\":\"https:\/\/nuggelasule.com\/#\/schema\/logo\/image\/\"},\"sameAs\":[\"https:\/\/www.facebook.com\/nuggelasule\/\",\"https:\/\/x.com\/nuggelasule\",\"https:\/\/www.instagram.com\/nuggela_sule\/\",\"https:\/\/www.linkedin.com\/company\/9406545\",\"https:\/\/www.youtube.com\/channel\/UCP-uGf_c8i2FI4TXfhffEKw\"]}]}<\/script>\n<!-- \/ Yoast SEO plugin. -->","yoast_head_json":{"title":"Contata - nuggela & sul\u00e9","description":"Quer seja um cliente final, ou se estiver interessado em receber ou distribuir o nosso produto, n\u00e3o hesite em contactar-nos, estamos \u00e0 sua espera.","robots":{"index":"index","follow":"follow","max-snippet":"max-snippet:-1","max-image-preview":"max-image-preview:large","max-video-preview":"max-video-preview:-1"},"canonical":"https:\/\/nuggelasule.com\/pt\/contacto\/","og_locale":"pt_PT","og_type":"article","og_title":"Contata - nuggela & sul\u00e9","og_description":"Quer seja um cliente final, ou se estiver interessado em receber ou distribuir o nosso produto, n\u00e3o hesite em contactar-nos, estamos \u00e0 sua espera.","og_url":"https:\/\/nuggelasule.com\/pt\/contacto\/","og_site_name":"Nuggela &amp; Sul\u00e9","article_publisher":"https:\/\/www.facebook.com\/nuggelasule\/","article_modified_time":"2024-07-19T11:00:51+00:00","og_image":[{"width":1200,"height":675,"url":"https:\/\/nuggelasule.com\/wp-content\/uploads\/2024\/08\/LOGO_nuggelasule.png","type":"image\/png"}],"twitter_card":"summary_large_image","twitter_site":"@nuggelasule","twitter_misc":{"Est. reading time":"1 minute"},"schema":{"@context":"https:\/\/schema.org","@graph":[{"@type":"WebPage","@id":"https:\/\/nuggelasule.com\/pt\/contacto\/","url":"https:\/\/nuggelasule.com\/pt\/contacto\/","name":"Contata - nuggela & sul\u00e9","isPartOf":{"@id":"https:\/\/nuggelasule.com\/#website"},"datePublished":"2013-08-11T19:22:53+00:00","dateModified":"2024-07-19T11:00:51+00:00","description":"Quer seja um cliente final, ou se estiver interessado em receber ou distribuir o nosso produto, n\u00e3o hesite em contactar-nos, estamos \u00e0 sua espera.","breadcrumb":{"@id":"https:\/\/nuggelasule.com\/pt\/contacto\/#breadcrumb"},"inLanguage":"pt","potentialAction":[{"@type":"ReadAction","target":["https:\/\/nuggelasule.com\/pt\/contacto\/"]}]},{"@type":"BreadcrumbList","@id":"https:\/\/nuggelasule.com\/pt\/contacto\/#breadcrumb","itemListElement":[{"@type":"ListItem","position":1,"name":"Portada","item":"https:\/\/nuggelasule.com\/pt\/"},{"@type":"ListItem","position":2,"name":"Contato"}]},{"@type":"WebSite","@id":"https:\/\/nuggelasule.com\/#website","url":"https:\/\/nuggelasule.com\/","name":"Nuggela &amp; Sul\u00e9","description":"Los mejores productos para la salud y belleza del cabello","publisher":{"@id":"https:\/\/nuggelasule.com\/#organization"},"potentialAction":[{"@type":"SearchAction","target":{"@type":"EntryPoint","urlTemplate":"https:\/\/nuggelasule.com\/?s={search_term_string}"},"query-input":{"@type":"PropertyValueSpecification","valueRequired":true,"valueName":"search_term_string"}}],"inLanguage":"pt"},{"@type":"Organization","@id":"https:\/\/nuggelasule.com\/#organization","name":"Nuggela&Sul\u00e9 S.L.","url":"https:\/\/nuggelasule.com\/","logo":{"@type":"ImageObject","inLanguage":"pt","@id":"https:\/\/nuggelasule.com\/#\/schema\/logo\/image\/","url":"","contentUrl":"","caption":"Nuggela&Sul\u00e9 S.L."},"image":{"@id":"https:\/\/nuggelasule.com\/#\/schema\/logo\/image\/"},"sameAs":["https:\/\/www.facebook.com\/nuggelasule\/","https:\/\/x.com\/nuggelasule","https:\/\/www.instagram.com\/nuggela_sule\/","https:\/\/www.linkedin.com\/company\/9406545","https:\/\/www.youtube.com\/channel\/UCP-uGf_c8i2FI4TXfhffEKw"]}]}},"_links":{"self":[{"href":"https:\/\/nuggelasule.com\/pt\/wp-json\/wp\/v2\/pages\/19016","targetHints":{"allow":["GET"]}}],"collection":[{"href":"https:\/\/nuggelasule.com\/pt\/wp-json\/wp\/v2\/pages"}],"about":[{"href":"https:\/\/nuggelasule.com\/pt\/wp-json\/wp\/v2\/types\/page"}],"author":[{"embeddable":true,"href":"https:\/\/nuggelasule.com\/pt\/wp-json\/wp\/v2\/users\/2"}],"replies":[{"embeddable":true,"href":"https:\/\/nuggelasule.com\/pt\/wp-json\/wp\/v2\/comments?post=19016"}],"version-history":[{"count":5,"href":"https:\/\/nuggelasule.com\/pt\/wp-json\/wp\/v2\/pages\/19016\/revisions"}],"predecessor-version":[{"id":23233,"href":"https:\/\/nuggelasule.com\/pt\/wp-json\/wp\/v2\/pages\/19016\/revisions\/23233"}],"wp:attachment":[{"href":"https:\/\/nuggelasule.com\/pt\/wp-json\/wp\/v2\/media?parent=19016"}],"curies":[{"name":"wp","href":"https:\/\/api.w.org\/{rel}","templated":true}]},"billing":{"billing_DNI":""}}