{"id":18996,"date":"2016-09-12T17:47:57","date_gmt":"2016-09-12T17:47:57","guid":{"rendered":"https:\/\/nuggelasule.com\/politica-de-privacidad-y-cookies\/"},"modified":"2025-04-01T09:24:58","modified_gmt":"2025-04-01T07:24:58","slug":"politica-de-privacidad-y-cookies","status":"publish","type":"page","link":"https:\/\/nuggelasule.com\/pt\/politica-de-privacidad-y-cookies\/","title":{"rendered":"Pol\u00edtica de Privacidade e Cookies"},"content":{"rendered":"<h1 style=\"text-align: justify;\">Pol\u00edtica de Privacidade e Cookies da Nuggela &#038; Sul\u00e9<\/h1>\n\t<div id=\"gap-1687184693\" class=\"gap-element clearfix\" style=\"display:block; height:auto;\">\n\t\t\n<style>\n#gap-1687184693 {\n  padding-top: 50px;\n}\n<\/style>\n\t<\/div>\n\t\n<h3 style=\"text-align: justify;\"><span style=\"background-color: #ffdee4;\"><strong>INFORMA\u00c7\u00c3O AO UTILIZADOR<\/strong><\/span><\/h3>\n<p><strong>NUGGELA &amp; SUL\u00c9 S.L.<\/strong>,\u00a0doravante designada por Respons\u00e1vel, \u00e9 a respons\u00e1vel pelo tratamento dos dados pessoais do Utilizador e informa que estes ser\u00e3o tratados em conformidade com o disposto no Regulamento (UE) 2016\/679 de 27 de abril de 2016 (RGPD) e na Lei Org\u00e2nica de Prote\u00e7\u00e3o de Dados 15\/1999 (LOPD), relativas \u00e0 prote\u00e7\u00e3o das pessoas singulares no que diz respeito ao tratamento de dados pessoais e \u00e0 livre circula\u00e7\u00e3o desses dados. Assim, disponibiliza-se a seguinte Informa\u00e7\u00e3o sobre o Tratamento:<\/p>\n<p style=\"text-align: justify;\"><strong>FINALIDADE DO TRATAMENTO<\/strong><\/p>\n<p>Responder a pedidos de informa\u00e7\u00e3o e \u00e0 presta\u00e7\u00e3o de servi\u00e7os, mantendo uma rela\u00e7\u00e3o comercial com o Utilizador.<br \/>\nAs opera\u00e7\u00f5es previstas para a realiza\u00e7\u00e3o do tratamento s\u00e3o:<\/p>\n<ul>\n<li>Envio de comunica\u00e7\u00f5es comerciais publicit\u00e1rias por email, fax, SMS, MMS, redes sociais ou qualquer outro meio eletr\u00f3nico ou f\u00edsico, presente ou futuro, que permita realizar comunica\u00e7\u00f5es comerciais. Estas comunica\u00e7\u00f5es ser\u00e3o realizadas pelo Respons\u00e1vel e estar\u00e3o relacionadas com os seus produtos e servi\u00e7os, ou com os dos seus parceiros ou fornecedores com os quais tenha celebrado algum acordo de promo\u00e7\u00e3o. Neste caso, os terceiros nunca ter\u00e3o acesso aos dados pessoais.<\/li>\n<li>Realiza\u00e7\u00e3o de estudos estat\u00edsticos.<\/li>\n<li>Processamento de encomendas, pedidos ou qualquer tipo de solicita\u00e7\u00e3o efetuada pelo Utilizador atrav\u00e9s de qualquer um dos meios de contacto disponibilizados.<\/li>\n<\/ul>\n<p style=\"text-align: justify;\"><strong>CRIT\u00c9RIOS DE CONSERVA\u00c7\u00c3O DOS DADOS<\/strong><\/p>\n<p>Os dados fornecidos ser\u00e3o conservados pelo tempo necess\u00e1rio para cumprir a finalidade para a qual foram recolhidos. Uma vez terminado esse per\u00edodo, ser\u00e3o eliminados, adotando-se as medidas de seguran\u00e7a adequadas para garantir a sua pseudonimiza\u00e7\u00e3o ou a destrui\u00e7\u00e3o total dos mesmos, desde que n\u00e3o exista qualquer obriga\u00e7\u00e3o legal pendente relativamente aos dados.<\/p>\n<p style=\"text-align: justify;\"><strong>COMUNICA\u00c7\u00c3O DOS DADOS<\/strong><\/p>\n<p>Os dados pessoais fornecidos n\u00e3o ser\u00e3o cedidos nem comunicados, nem mesmo para efeitos de conserva\u00e7\u00e3o, a terceiros, salvo obriga\u00e7\u00e3o legal.<\/p>\n<p style=\"text-align: justify;\"><strong>DIREITOS DO UTILIZADOR<\/strong><\/p>\n<p>Direito de acesso, retifica\u00e7\u00e3o, cancelamento, oposi\u00e7\u00e3o, portabilidade e esquecimento.<br \/>\nPara exercer qualquer um destes direitos, o titular dos dados deve fornecer ao Respons\u00e1vel:<\/p>\n<ul>\n<li>Fotoc\u00f3pia do Cart\u00e3o de Cidad\u00e3o ou documento equivalente.<\/li>\n<li>Pedido espec\u00edfico em que se concretize a solicita\u00e7\u00e3o.<\/li>\n<li>Morada para efeitos de notifica\u00e7\u00e3o, data e assinatura.<\/li>\n<li>Documentos comprovativos do pedido efetuado, se aplic\u00e1vel.<\/li>\n<\/ul>\n<p>E envi\u00e1-los para:<\/p>\n<ul>\n<li><strong>Morada:<\/strong> NUGGELA &amp; SUL\u00c9 S.L. \u2013 C\/ Valenzuela, 6\u00a0\u2013 28014 MADRID<\/li>\n<li><strong>Endere\u00e7o de email:<\/strong> info@nuggelasule.com<\/li>\n<li><strong>Telefone:<\/strong>\u00a0+34 91 531 64 02<\/li>\n<\/ul>\n<p>Caso n\u00e3o receba uma notifica\u00e7\u00e3o expressa por parte do Respons\u00e1vel pelo ficheiro, dentro dos prazos legalmente estabelecidos, informando que a sua solicita\u00e7\u00e3o foi tratada, a pessoa em causa poder\u00e1 apresentar uma reclama\u00e7\u00e3o junto da Ag\u00eancia Espanhola de Prote\u00e7\u00e3o de Dados (AEPD \u2013 agpd.es).<\/p>\n<p style=\"text-align: justify;\"><strong>CAR\u00c1TER OBRIGAT\u00d3RIO OU FACULTATIVO DA INFORMA\u00c7\u00c3O FACULTADA PELO UTILIZADOR<\/strong><\/p>\n<p>Os utilizadores, atrav\u00e9s da sele\u00e7\u00e3o das respetivas caixas e da introdu\u00e7\u00e3o de dados nos campos assinalados como obrigat\u00f3rios nos formul\u00e1rios de contacto ou nos formul\u00e1rios de descarga, aceitam de forma expressa, livre e inequ\u00edvoca que os seus dados s\u00e3o necess\u00e1rios para que o prestador possa atender ao seu pedido, sendo facultativa a inclus\u00e3o de dados nos restantes campos. O utilizador garante que os dados pessoais fornecidos ao Respons\u00e1vel s\u00e3o verdadeiros e compromete-se a comunicar qualquer altera\u00e7\u00e3o dos mesmos.<\/p>\n<p>Todos os dados solicitados atrav\u00e9s do website s\u00e3o necess\u00e1rios para a presta\u00e7\u00e3o de um servi\u00e7o \u00f3timo ao Utilizador. Caso n\u00e3o sejam fornecidos todos os dados requeridos, n\u00e3o se garante que a informa\u00e7\u00e3o e os servi\u00e7os prestados correspondam totalmente \u00e0s suas necessidades.<\/p>\n<p style=\"text-align: justify;\"><strong>MEDIDAS DE SEGURAN\u00c7A<\/strong><\/p>\n<p>Em conformidade com as normas vigentes em mat\u00e9ria de prote\u00e7\u00e3o de dados pessoais, o Respons\u00e1vel cumpre todas as disposi\u00e7\u00f5es do RGPD e da LOPD no que diz respeito ao tratamento dos dados pessoais sob a sua responsabilidade, e observa expressamente os princ\u00edpios descritos no artigo 5.\u00ba do RGPD, segundo os quais os dados s\u00e3o tratados de forma l\u00edcita, leal e transparente em rela\u00e7\u00e3o ao titular, sendo adequados, pertinentes e limitados ao necess\u00e1rio relativamente \u00e0s finalidades para as quais s\u00e3o tratados.<\/p>\n<p>O Respons\u00e1vel garante que implementou pol\u00edticas t\u00e9cnicas e organizativas adequadas para aplicar as medidas de seguran\u00e7a previstas no RGPD e na LOPD, com o objetivo de proteger os direitos e liberdades dos Utilizadores, tendo-lhes tamb\u00e9m fornecido a informa\u00e7\u00e3o adequada para que possam exerc\u00ea-los.<\/p>\n<p>\u00a0<\/p>\n<hr size=\"10\" \/>\n<p>\u00a0<\/p>\n<h3 style=\"text-align: justify;\"><span style=\"background-color: #ffdee4;\"><strong>POL\u00cdTICA DE COOKIES<\/strong><\/span><\/h3>\n<p style=\"text-align: justify;\">Este portal, tal como a maioria dos portais na Internet, utiliza cookies para melhorar a experi\u00eancia do utilizador. Abaixo encontrar\u00e1 informa\u00e7\u00f5es sobre o que s\u00e3o as \u201ccookies\u201d, que tipo de cookies utiliza este portal, como pode desativar as cookies no seu navegador e como desativar especificamente a instala\u00e7\u00e3o de cookies de terceiros. Se n\u00e3o encontrar a informa\u00e7\u00e3o espec\u00edfica que procura, por favor contacte <strong>info@nuggelasule.com<\/strong><\/p>\n<ol style=\"padding-left: 30px;\">\n<li><strong>O que s\u00e3o cookies?<\/strong><\/li>\n<p style=\"text-align: justify;\">As cookies s\u00e3o pequenos ficheiros que algumas plataformas, como os sites, podem instalar no seu computador, smartphone, tablet ou televis\u00e3o com acesso \u00e0 Internet. As suas fun\u00e7\u00f5es podem ser muito variadas: armazenar as suas prefer\u00eancias de navega\u00e7\u00e3o, recolher informa\u00e7\u00f5es estat\u00edsticas, permitir determinadas funcionalidades t\u00e9cnicas\u2026 Por vezes, as cookies s\u00e3o utilizadas para armazenar informa\u00e7\u00e3o b\u00e1sica sobre os h\u00e1bitos de navega\u00e7\u00e3o do utilizador ou do seu dispositivo, podendo, nalguns casos, permitir o seu reconhecimento.<\/p>\n<\/ol>\n<ol style=\"padding-left: 30px;\" start=\"2\">\n<li><strong>Porque s\u00e3o importantes?<\/strong><\/li>\n<p style=\"text-align: justify;\">As cookies s\u00e3o \u00fateis por v\u00e1rios motivos. Do ponto de vista t\u00e9cnico, permitem que os websites funcionem de forma mais r\u00e1pida e adaptada \u00e0s suas prefer\u00eancias, como por exemplo, armazenar o seu idioma ou a moeda do seu pa\u00eds. Al\u00e9m disso, ajudam os respons\u00e1veis pelos websites a melhorar os servi\u00e7os que oferecem, gra\u00e7as \u00e0 informa\u00e7\u00e3o estat\u00edstica recolhida atrav\u00e9s das mesmas. Por fim, servem para tornar a publicidade que lhe \u00e9 apresentada mais eficiente, o que nos permite oferecer-lhe determinados servi\u00e7os de forma gratuita.<\/p>\n<\/ol>\n<ol style=\"padding-left: 30px;\" start=\"3\">\n<li><strong>Como utilizamos as cookies?<\/strong><\/li>\n<p style=\"text-align: justify;\">Navegar neste portal implica o seu consentimento para a instala\u00e7\u00e3o dos seguintes tipos de cookies:<\/p>\n<p style=\"padding-left: 30px;\"><strong>a) Cookies de an\u00e1lise estat\u00edstica<\/strong><br \/>\nS\u00e3o aquelas que, tratadas por n\u00f3s ou por terceiros, permitem quantificar o n\u00famero de visitantes e analisar estatisticamente a forma como os utilizadores utilizam os nossos servi\u00e7os. Gra\u00e7as a isso, podemos estudar a navega\u00e7\u00e3o no nosso website e melhorar a oferta de produtos ou servi\u00e7os que disponibilizamos.<\/p>\n<p style=\"padding-left: 30px;\"><strong>b) Cookies pr\u00f3prias<\/strong><br \/>\nQuando se regista no nosso portal, s\u00e3o geradas cookies que o identificam como utilizador registado e indicam quando iniciou sess\u00e3o no portal.<br \/>\nEstas cookies s\u00e3o utilizadas para identificar a sua conta de utilizador e os servi\u00e7os associados. Mant\u00eam-se ativas enquanto n\u00e3o terminar a sess\u00e3o, fechar o navegador ou desligar o dispositivo.<br \/>\nEstas cookies podem ser utilizadas em combina\u00e7\u00e3o com dados anal\u00edticos para identificar individualmente as suas prefer\u00eancias no nosso portal.<\/p>\n<p style=\"padding-left: 30px;\"><strong>c) Outras cookies de terceiros<\/strong><br \/>\nEm algumas das nossas p\u00e1ginas podem ser instaladas cookies de terceiros que permitem gerir e melhorar os servi\u00e7os que estes oferecem. Um exemplo desta utiliza\u00e7\u00e3o s\u00e3o os links para redes sociais que permitem partilhar os nossos conte\u00fados.<\/p>\n<\/ol>\n<p>\u00a0<\/p>\n<ol style=\"padding-left: 30px;\" start=\"4\">\n<li><strong>Como posso configurar as minhas prefer\u00eancias?<\/strong><\/li>\n<p style=\"text-align: justify;\">Pode permitir, bloquear ou eliminar as cookies instaladas no seu equipamento atrav\u00e9s da configura\u00e7\u00e3o das op\u00e7\u00f5es do seu navegador de internet. Caso as bloqueie, \u00e9 poss\u00edvel que certos servi\u00e7os que requerem a sua utiliza\u00e7\u00e3o n\u00e3o estejam dispon\u00edveis para si.<\/p>\n<p style=\"text-align: justify;\">A seguir, disponibilizamos liga\u00e7\u00f5es onde poder\u00e1 encontrar informa\u00e7\u00f5es sobre como ativar as suas prefer\u00eancias nos principais navegadores:<\/p>\n<p><a href=\"http:\/\/support.google.com\/chrome\/bin\/answer.py?hl=es&amp;answer=95647\" target=\"_blank\" rel=\"noopener noreferrer\">Google Chrome<\/a><br \/>\n<a href=\"http:\/\/support.mozilla.org\/es\/kb\/cookies-informacion-que-los-sitios-web-guardan-en-?redirectlocale=en-US&amp;redirectslug=Cookies\" target=\"_blank\" rel=\"noopener noreferrer\">Mozilla Firefox<\/a><br \/>\n<a href=\"http:\/\/support.microsoft.com\/kb\/196955\/es\" target=\"_blank\" rel=\"noopener noreferrer\">Internet Explorer<\/a><br \/>\n<a href=\"http:\/\/support.mozilla.org\/es\/kb\/cookies-informacion-que-los-sitios-web-guardan-en-?redirectlocale=en-US&amp;redirectslug=Cookies\" target=\"_blank\" rel=\"noopener noreferrer\">Safari\u00a0<\/a><br \/>\n<a href=\"http:\/\/support.apple.com\/kb\/HT1677?viewlocale=es_ES\" target=\"_blank\" rel=\"noopener noreferrer\">Safari para IOS (iPhone, iPad)<\/a><\/p>\n<p style=\"text-align: justify;\">Por fim, pode tamb\u00e9m aceder ao portal\u00a0<a href=\"http:\/\/www.youronlinechoices.com\/es\/\" target=\"_blank\" rel=\"noopener noreferrer\">Your Online Choices<\/a>\u00a0onde, al\u00e9m de encontrar informa\u00e7\u00e3o \u00fatil, poder\u00e1 configurar, fornecedor a fornecedor, as suas prefer\u00eancias relativamente \u00e0s cookies publicit\u00e1rias de terceiros.<\/p>\n<p style=\"text-align: justify;\">Se desejar contactar-nos relativamente \u00e0 nossa pol\u00edtica de cookies, pode faz\u00ea-lo atrav\u00e9s do email <strong>info@nuggelasule.com<\/strong><\/p>\n<\/ol>\n<p>\u00a0<\/p>\n<p style=\"text-align: justify;\"><strong>DADOS IDENTIFICATIVOS DA EMPRESA<\/strong><\/p>\n<p style=\"text-align: justify;\">Em cumprimento do artigo 10.\u00ba da Lei 34\/2002, de 11 de julho, de Servi\u00e7os da Sociedade da Informa\u00e7\u00e3o e Com\u00e9rcio Eletr\u00f3nico, apresentam-se abaixo os dados identificativos da empresa:<\/p>\n<ul style=\"text-align: justify;\">\n<li>Denomina\u00e7\u00e3o social: Nuggela &amp; Sul\u00e9 S.L.<\/li>\n<li>Inscrita no Registo Comercial de Madrid, no Tomo 32.898, Folha 90, Sec\u00e7\u00e3o 8, P\u00e1gina M-592313, Inscri\u00e7\u00e3o 1.\u00aa<\/li>\n<li>NIF:\u00a0B87169280<\/li>\n<li>Morada: Calle Valenzuela 6, 28014 Madrid<\/li>\n<li>Email: info@nuggelasule.com<\/li>\n<li>Telefone: +34 91 531 64 02<\/li>\n<\/ul>\n<p>\u00a0<\/p>\n<hr size=\"10\" \/>\n<div class=\"message-box relative dark\" style=\"padding-top:23px;padding-bottom:23px;\"><div class=\"message-box-bg-image bg-fill fill\" ><\/div><div class=\"message-box-bg-overlay bg-fill fill\" style=\"background-color:rgb(255, 215, 177);\"><\/div><div class=\"container relative\"><div class=\"inner last-reset\">\n<div class=\"row align-middle align-center\"  id=\"row-1114333366\">\n\n\t<div id=\"col-69947666\" class=\"col medium-9 small-12 large-9\"  >\n\t\t\t\t<div class=\"col-inner\"  >\n\t\t\t\n\t\t\t\n\t<div id=\"text-3756773842\" class=\"text\">\n\t\t\n<p style=\"text-align: center;\"><strong>A NUGGELA &#038; SUL\u00c9 \u00c9 QUALIDADE, \u00c9TICA, SUSTENTABILIDADE E EFIC\u00c1CIA<\/strong><\/p>\n<p style=\"text-align: center;\"><img loading=\"lazy\" decoding=\"async\" class=\"aligncenter wp-image-22688\" src=\"https:\/\/nuggelasule.com\/wp-content\/uploads\/2024\/07\/logos-eco-300x46.png\" alt=\"\" width=\"500\" height=\"76\" srcset=\"https:\/\/nuggelasule.com\/wp-content\/uploads\/2024\/07\/logos-eco-300x46.png 300w, https:\/\/nuggelasule.com\/wp-content\/uploads\/2024\/07\/logos-eco-1024x155.png 1024w, https:\/\/nuggelasule.com\/wp-content\/uploads\/2024\/07\/logos-eco-768x117.png 768w, https:\/\/nuggelasule.com\/wp-content\/uploads\/2024\/07\/logos-eco-450x68.png 450w, https:\/\/nuggelasule.com\/wp-content\/uploads\/2024\/07\/logos-eco-510x77.png 510w, https:\/\/nuggelasule.com\/wp-content\/uploads\/2024\/07\/logos-eco-190x29.png 190w, https:\/\/nuggelasule.com\/wp-content\/uploads\/2024\/07\/logos-eco-593x90.png 593w, https:\/\/nuggelasule.com\/wp-content\/uploads\/2024\/07\/logos-eco.png 1080w\" sizes=\"auto, (max-width: 500px) 100vw, 500px\" \/><\/p>\n<p style=\"text-align: center;\"><span style=\"font-size: 85%; color: #333333;\">A Nuggela &#038; Sul\u00e9 n\u00e3o testa as suas f\u00f3rmulas em animais, alinhando-se com a pol\u00edtica Cruelty Free. Todos os produtos da Nuggela &#038; Sul\u00e9 s\u00e3o testados sob controlo dermatol\u00f3gico<\/span><\/p>\n\t\t\n<style>\n#text-3756773842 {\n  color: rgb(0,0,0);\n}\n#text-3756773842 > * {\n  color: rgb(0,0,0);\n}\n<\/style>\n\t<\/div>\n\t\n\t\t<\/div>\n\t\t\t\t\t<\/div>\n\n\t\n<\/div>\n<\/div><\/div><\/div>\n","protected":false},"excerpt":{"rendered":"<p>Pol\u00edtica de Privacidade e Cookies da Nuggela &#038; Sul\u00e9 INFORMA\u00c7\u00c3O AO UTILIZADOR NUGGELA &amp; SUL\u00c9 S.L.,\u00a0doravante designada por Respons\u00e1vel, \u00e9 a respons\u00e1vel pelo tratamento dos dados pessoais do Utilizador e informa que estes ser\u00e3o tratados em conformidade com o disposto no Regulamento (UE) 2016\/679 de 27 de abril de 2016 (RGPD) e na Lei Org\u00e2nica [&#8230;]\n","protected":false},"author":2,"featured_media":0,"parent":0,"menu_order":0,"comment_status":"closed","ping_status":"closed","template":"","meta":{"_acf_changed":false,"footnotes":""},"class_list":["post-18996","page","type-page","status-publish","hentry"],"acf":[],"yoast_head":"<!-- This site is optimized with the Yoast SEO plugin v27.0 - https:\/\/yoast.com\/product\/yoast-seo-wordpress\/ -->\n<title>Pol\u00edtica de Privacidade e Cookies - Nuggela &amp; Sul\u00e9<\/title>\n<meta name=\"description\" content=\"Pol\u00edtica de Privacidade e Cookies de Nuggela &amp; Sul\u00e9. Neste documento, pode consultar a pol\u00edtica de privacidade, cookies e detalhes da empresa.\" \/>\n<meta name=\"robots\" content=\"index, follow, max-snippet:-1, max-image-preview:large, max-video-preview:-1\" \/>\n<link rel=\"canonical\" href=\"https:\/\/nuggelasule.com\/pt\/politica-de-privacidad-y-cookies\/\" \/>\n<meta property=\"og:locale\" content=\"pt_PT\" \/>\n<meta property=\"og:type\" content=\"article\" \/>\n<meta property=\"og:title\" content=\"Pol\u00edtica de Privacidade e Cookies - Nuggela &amp; Sul\u00e9\" \/>\n<meta property=\"og:description\" content=\"Pol\u00edtica de Privacidade e Cookies de Nuggela &amp; Sul\u00e9. Neste documento, pode consultar a pol\u00edtica de privacidade, cookies e detalhes da empresa.\" \/>\n<meta property=\"og:url\" content=\"https:\/\/nuggelasule.com\/pt\/politica-de-privacidad-y-cookies\/\" \/>\n<meta property=\"og:site_name\" content=\"Nuggela &amp; Sul\u00e9\" \/>\n<meta property=\"article:publisher\" content=\"https:\/\/www.facebook.com\/nuggelasule\/\" \/>\n<meta property=\"article:modified_time\" content=\"2025-04-01T07:24:58+00:00\" \/>\n<meta property=\"og:image\" content=\"https:\/\/nuggelasule.com\/wp-content\/uploads\/2024\/07\/logos-eco.png\" \/>\n\t<meta property=\"og:image:width\" content=\"1080\" \/>\n\t<meta property=\"og:image:height\" content=\"164\" \/>\n\t<meta property=\"og:image:type\" content=\"image\/png\" \/>\n<meta name=\"twitter:card\" content=\"summary_large_image\" \/>\n<meta name=\"twitter:site\" content=\"@nuggelasule\" \/>\n<meta name=\"twitter:label1\" content=\"Est. reading time\" \/>\n\t<meta name=\"twitter:data1\" content=\"7 minutes\" \/>\n<script type=\"application\/ld+json\" class=\"yoast-schema-graph\">{\"@context\":\"https:\/\/schema.org\",\"@graph\":[{\"@type\":\"WebPage\",\"@id\":\"https:\/\/nuggelasule.com\/pt\/politica-de-privacidad-y-cookies\/\",\"url\":\"https:\/\/nuggelasule.com\/pt\/politica-de-privacidad-y-cookies\/\",\"name\":\"Pol\u00edtica de Privacidade e Cookies - Nuggela & Sul\u00e9\",\"isPartOf\":{\"@id\":\"https:\/\/nuggelasule.com\/#website\"},\"primaryImageOfPage\":{\"@id\":\"https:\/\/nuggelasule.com\/pt\/politica-de-privacidad-y-cookies\/#primaryimage\"},\"image\":{\"@id\":\"https:\/\/nuggelasule.com\/pt\/politica-de-privacidad-y-cookies\/#primaryimage\"},\"thumbnailUrl\":\"https:\/\/nuggelasule.com\/wp-content\/uploads\/2024\/07\/logos-eco-300x46.png\",\"datePublished\":\"2016-09-12T17:47:57+00:00\",\"dateModified\":\"2025-04-01T07:24:58+00:00\",\"description\":\"Pol\u00edtica de Privacidade e Cookies de Nuggela & Sul\u00e9. Neste documento, pode consultar a pol\u00edtica de privacidade, cookies e detalhes da empresa.\",\"breadcrumb\":{\"@id\":\"https:\/\/nuggelasule.com\/pt\/politica-de-privacidad-y-cookies\/#breadcrumb\"},\"inLanguage\":\"pt\",\"potentialAction\":[{\"@type\":\"ReadAction\",\"target\":[\"https:\/\/nuggelasule.com\/pt\/politica-de-privacidad-y-cookies\/\"]}]},{\"@type\":\"ImageObject\",\"inLanguage\":\"pt\",\"@id\":\"https:\/\/nuggelasule.com\/pt\/politica-de-privacidad-y-cookies\/#primaryimage\",\"url\":\"https:\/\/nuggelasule.com\/wp-content\/uploads\/2024\/07\/logos-eco-300x46.png\",\"contentUrl\":\"https:\/\/nuggelasule.com\/wp-content\/uploads\/2024\/07\/logos-eco-300x46.png\"},{\"@type\":\"BreadcrumbList\",\"@id\":\"https:\/\/nuggelasule.com\/pt\/politica-de-privacidad-y-cookies\/#breadcrumb\",\"itemListElement\":[{\"@type\":\"ListItem\",\"position\":1,\"name\":\"Portada\",\"item\":\"https:\/\/nuggelasule.com\/pt\/\"},{\"@type\":\"ListItem\",\"position\":2,\"name\":\"Pol\u00edtica de Privacidade e Cookies\"}]},{\"@type\":\"WebSite\",\"@id\":\"https:\/\/nuggelasule.com\/#website\",\"url\":\"https:\/\/nuggelasule.com\/\",\"name\":\"Nuggela &amp; Sul\u00e9\",\"description\":\"Los mejores productos para la salud y belleza del cabello\",\"publisher\":{\"@id\":\"https:\/\/nuggelasule.com\/#organization\"},\"potentialAction\":[{\"@type\":\"SearchAction\",\"target\":{\"@type\":\"EntryPoint\",\"urlTemplate\":\"https:\/\/nuggelasule.com\/?s={search_term_string}\"},\"query-input\":{\"@type\":\"PropertyValueSpecification\",\"valueRequired\":true,\"valueName\":\"search_term_string\"}}],\"inLanguage\":\"pt\"},{\"@type\":\"Organization\",\"@id\":\"https:\/\/nuggelasule.com\/#organization\",\"name\":\"Nuggela&Sul\u00e9 S.L.\",\"url\":\"https:\/\/nuggelasule.com\/\",\"logo\":{\"@type\":\"ImageObject\",\"inLanguage\":\"pt\",\"@id\":\"https:\/\/nuggelasule.com\/#\/schema\/logo\/image\/\",\"url\":\"\",\"contentUrl\":\"\",\"caption\":\"Nuggela&Sul\u00e9 S.L.\"},\"image\":{\"@id\":\"https:\/\/nuggelasule.com\/#\/schema\/logo\/image\/\"},\"sameAs\":[\"https:\/\/www.facebook.com\/nuggelasule\/\",\"https:\/\/x.com\/nuggelasule\",\"https:\/\/www.instagram.com\/nuggela_sule\/\",\"https:\/\/www.linkedin.com\/company\/9406545\",\"https:\/\/www.youtube.com\/channel\/UCP-uGf_c8i2FI4TXfhffEKw\"]}]}<\/script>\n<!-- \/ Yoast SEO plugin. -->","yoast_head_json":{"title":"Pol\u00edtica de Privacidade e Cookies - Nuggela & Sul\u00e9","description":"Pol\u00edtica de Privacidade e Cookies de Nuggela & Sul\u00e9. Neste documento, pode consultar a pol\u00edtica de privacidade, cookies e detalhes da empresa.","robots":{"index":"index","follow":"follow","max-snippet":"max-snippet:-1","max-image-preview":"max-image-preview:large","max-video-preview":"max-video-preview:-1"},"canonical":"https:\/\/nuggelasule.com\/pt\/politica-de-privacidad-y-cookies\/","og_locale":"pt_PT","og_type":"article","og_title":"Pol\u00edtica de Privacidade e Cookies - Nuggela & Sul\u00e9","og_description":"Pol\u00edtica de Privacidade e Cookies de Nuggela & Sul\u00e9. Neste documento, pode consultar a pol\u00edtica de privacidade, cookies e detalhes da empresa.","og_url":"https:\/\/nuggelasule.com\/pt\/politica-de-privacidad-y-cookies\/","og_site_name":"Nuggela &amp; Sul\u00e9","article_publisher":"https:\/\/www.facebook.com\/nuggelasule\/","article_modified_time":"2025-04-01T07:24:58+00:00","og_image":[{"width":1080,"height":164,"url":"https:\/\/nuggelasule.com\/wp-content\/uploads\/2024\/07\/logos-eco.png","type":"image\/png"}],"twitter_card":"summary_large_image","twitter_site":"@nuggelasule","twitter_misc":{"Est. reading time":"7 minutes"},"schema":{"@context":"https:\/\/schema.org","@graph":[{"@type":"WebPage","@id":"https:\/\/nuggelasule.com\/pt\/politica-de-privacidad-y-cookies\/","url":"https:\/\/nuggelasule.com\/pt\/politica-de-privacidad-y-cookies\/","name":"Pol\u00edtica de Privacidade e Cookies - Nuggela & Sul\u00e9","isPartOf":{"@id":"https:\/\/nuggelasule.com\/#website"},"primaryImageOfPage":{"@id":"https:\/\/nuggelasule.com\/pt\/politica-de-privacidad-y-cookies\/#primaryimage"},"image":{"@id":"https:\/\/nuggelasule.com\/pt\/politica-de-privacidad-y-cookies\/#primaryimage"},"thumbnailUrl":"https:\/\/nuggelasule.com\/wp-content\/uploads\/2024\/07\/logos-eco-300x46.png","datePublished":"2016-09-12T17:47:57+00:00","dateModified":"2025-04-01T07:24:58+00:00","description":"Pol\u00edtica de Privacidade e Cookies de Nuggela & Sul\u00e9. Neste documento, pode consultar a pol\u00edtica de privacidade, cookies e detalhes da empresa.","breadcrumb":{"@id":"https:\/\/nuggelasule.com\/pt\/politica-de-privacidad-y-cookies\/#breadcrumb"},"inLanguage":"pt","potentialAction":[{"@type":"ReadAction","target":["https:\/\/nuggelasule.com\/pt\/politica-de-privacidad-y-cookies\/"]}]},{"@type":"ImageObject","inLanguage":"pt","@id":"https:\/\/nuggelasule.com\/pt\/politica-de-privacidad-y-cookies\/#primaryimage","url":"https:\/\/nuggelasule.com\/wp-content\/uploads\/2024\/07\/logos-eco-300x46.png","contentUrl":"https:\/\/nuggelasule.com\/wp-content\/uploads\/2024\/07\/logos-eco-300x46.png"},{"@type":"BreadcrumbList","@id":"https:\/\/nuggelasule.com\/pt\/politica-de-privacidad-y-cookies\/#breadcrumb","itemListElement":[{"@type":"ListItem","position":1,"name":"Portada","item":"https:\/\/nuggelasule.com\/pt\/"},{"@type":"ListItem","position":2,"name":"Pol\u00edtica de Privacidade e Cookies"}]},{"@type":"WebSite","@id":"https:\/\/nuggelasule.com\/#website","url":"https:\/\/nuggelasule.com\/","name":"Nuggela &amp; Sul\u00e9","description":"Los mejores productos para la salud y belleza del cabello","publisher":{"@id":"https:\/\/nuggelasule.com\/#organization"},"potentialAction":[{"@type":"SearchAction","target":{"@type":"EntryPoint","urlTemplate":"https:\/\/nuggelasule.com\/?s={search_term_string}"},"query-input":{"@type":"PropertyValueSpecification","valueRequired":true,"valueName":"search_term_string"}}],"inLanguage":"pt"},{"@type":"Organization","@id":"https:\/\/nuggelasule.com\/#organization","name":"Nuggela&Sul\u00e9 S.L.","url":"https:\/\/nuggelasule.com\/","logo":{"@type":"ImageObject","inLanguage":"pt","@id":"https:\/\/nuggelasule.com\/#\/schema\/logo\/image\/","url":"","contentUrl":"","caption":"Nuggela&Sul\u00e9 S.L."},"image":{"@id":"https:\/\/nuggelasule.com\/#\/schema\/logo\/image\/"},"sameAs":["https:\/\/www.facebook.com\/nuggelasule\/","https:\/\/x.com\/nuggelasule","https:\/\/www.instagram.com\/nuggela_sule\/","https:\/\/www.linkedin.com\/company\/9406545","https:\/\/www.youtube.com\/channel\/UCP-uGf_c8i2FI4TXfhffEKw"]}]}},"_links":{"self":[{"href":"https:\/\/nuggelasule.com\/pt\/wp-json\/wp\/v2\/pages\/18996","targetHints":{"allow":["GET"]}}],"collection":[{"href":"https:\/\/nuggelasule.com\/pt\/wp-json\/wp\/v2\/pages"}],"about":[{"href":"https:\/\/nuggelasule.com\/pt\/wp-json\/wp\/v2\/types\/page"}],"author":[{"embeddable":true,"href":"https:\/\/nuggelasule.com\/pt\/wp-json\/wp\/v2\/users\/2"}],"replies":[{"embeddable":true,"href":"https:\/\/nuggelasule.com\/pt\/wp-json\/wp\/v2\/comments?post=18996"}],"version-history":[{"count":5,"href":"https:\/\/nuggelasule.com\/pt\/wp-json\/wp\/v2\/pages\/18996\/revisions"}],"predecessor-version":[{"id":24813,"href":"https:\/\/nuggelasule.com\/pt\/wp-json\/wp\/v2\/pages\/18996\/revisions\/24813"}],"wp:attachment":[{"href":"https:\/\/nuggelasule.com\/pt\/wp-json\/wp\/v2\/media?parent=18996"}],"curies":[{"name":"wp","href":"https:\/\/api.w.org\/{rel}","templated":true}]},"billing":{"billing_DNI":""}}