{"id":18995,"date":"2016-10-04T22:35:46","date_gmt":"2016-10-04T22:35:46","guid":{"rendered":"https:\/\/nuggelasule.com\/quinoa\/"},"modified":"2024-07-22T11:34:59","modified_gmt":"2024-07-22T09:34:59","slug":"quinoa","status":"publish","type":"page","link":"https:\/\/nuggelasule.com\/pt\/quinoa\/","title":{"rendered":"Quinoa"},"content":{"rendered":"  <div id=\"page-header-910266873\" class=\"page-header-wrapper\">\n  <div class=\"page-title dark simple-title has-parallax\">\n\n        <div class=\"page-title-bg\">\n      <div class=\"title-bg fill bg-fill\"\n        data-parallax-container=\".page-title\"\n        data-parallax-background\n        data-parallax=\"-6\">\n      <\/div>\n      <div class=\"title-overlay fill\"><\/div>\n    <\/div>\n    \n    <div class=\"page-title-inner container align-center text-center flex-row-col medium-flex-wrap\" data-parallax-fade=\"true\" data-parallax=\"-1\">\n            <div class=\"title-content flex-col\">\n              <\/div>\n    <\/div>\n\n     \n<style>\n#page-header-910266873 .page-title-inner {\n  min-height: 400px;\n}\n#page-header-910266873 {\n  margin-bottom: 0px;\n}\n#page-header-910266873 .title-bg {\n  background-image: url(https:\/\/nuggelasule.com\/wp-content\/uploads\/2021\/04\/quinoa-plant.jpg);\n}\n<\/style>\n  <\/div>\n    <\/div>\n  \n<div class=\"text-center\"><div class=\"is-divider divider clearfix\" style=\"background-color:rgb(255, 255, 255);\"><\/div><\/div>\n<h1>EXTRATO DE QUINOA<\/h1>\n<p style=\"text-align: justify;\">Quinoa, batatas, tomates, milho e chocolate s\u00e3o todos alimentos que t\u00eam a sua origem americana em comum. Quando os europeus chegaram \u00e0 Am\u00e9rica, descobriram um novo mundo cheio de novos produtos que enriqueceram a sua gastronomia. 500 anos mais tarde, estes produtos continuam a conquistar os paladares dos europeus e do resto do mundo.<\/p>\n<p style=\"text-align: justify;\"><strong>Quinoa<\/strong> (<span style=\"text-decoration: underline;\"><a href=\"https:\/\/es.wikipedia.org\/wiki\/Chenopodium_quinoa\" target=\"_blank\" rel=\"noopener noreferrer\"><strong>Chenopodium quinoa<\/strong><\/a><\/span>), \u00e9 um pseudo-cereal que \u00e9 cultivado nos Andes e que tem sido subvalorizado at\u00e9 h\u00e1 relativamente pouco tempo. O seu elevado valor nutricional, devido ao seu <strong>elevado teor de amino\u00e1cidos essenciais<\/strong>, <strong>\u00e1cidos gordos essenciais<\/strong>, <strong>minerais<\/strong> e <strong>oligoelementos<\/strong>, tornou-a um produto da moda no campo da nutri\u00e7\u00e3o.<\/p>\n<p style=\"text-align: justify;\">A quinoa cont\u00e9m mais e de melhor qualidade do que qualquer outro gr\u00e3o cultivado atualmente. Tamb\u00e9m cont\u00e9m minerais promotores de sa\u00fade, tais como c\u00e1lcio, f\u00f3sforo, magn\u00e9sio e pot\u00e1ssio.<\/p>\n<p style=\"text-align: justify;\">O que outrora fazia parte da dieta b\u00e1sica dos Incas, hoje em dia, e devido \u00e0s suas grandes propriedades e benef\u00edcios, passou a ser conhecido como &#8220;<strong>Supercereal<\/strong>&#8221; ou &#8220;<strong>alimento dos astronautas<\/strong>&#8220;, uma vez que \u00e9 utilizado pelos astronautas como alimento quando est\u00e3o no espa\u00e7o. Por esta raz\u00e3o, foi definida como a maior fonte de prote\u00edna vegetal e um dos alimentos mais completos e equilibrados do mundo.<br \/>\nO consumo de quinoa \u00e9 recomendado para fortalecer o corpo e combater a fadiga e, de acordo com a FAO (Organiza\u00e7\u00e3o das Na\u00e7\u00f5es Unidas para a Alimenta\u00e7\u00e3o e Agricultura), as sementes, folhas e caules deste pseudo-cereal curam mais de 22 doen\u00e7as e condi\u00e7\u00f5es humanas diferentes.<\/p>\n<hr \/>\n<div class=\"row row-large\"  id=\"row-1851635633\">\n\n\t<div id=\"col-142541713\" class=\"col medium-3 small-12 large-3\"  >\n\t\t\t\t<div class=\"col-inner\"  >\n\t\t\t\n\t\t\t\n\t<div id=\"text-27398896\" class=\"text\">\n\t\t\n<h3><span style=\"background-color: #ffdee4;\">QUINOA E OS SEUS BENEF\u00cdCIOS PARA O CABELO<\/span><\/h3>\n\t\t\n<style>\n#text-27398896 {\n  line-height: 1.5;\n}\n<\/style>\n\t<\/div>\n\t\n\t\t<\/div>\n\t\t\t\t\n<style>\n#col-142541713 > .col-inner {\n  padding: 0px 0px 0px 0px;\n  margin: 0px 0px 0px 0px;\n}\n<\/style>\n\t<\/div>\n\n\t\n\n\t<div id=\"col-1036672673\" class=\"col medium-9 small-12 large-9\"  >\n\t\t\t\t<div class=\"col-inner\"  >\n\t\t\t\n\t<div class=\"is-border\"\n\t\tstyle=\"border-width:0px 0px 0px 0px;margin:0px 0px -1px 0px;\">\n\t<\/div>\n\t\t\t\n<p style=\"text-align: justify;\"><span style=\"text-decoration: underline;\"><strong><a href=\"http:\/\/nuggelasule.com\/empresa\/\">Nuggela &amp; Sul\u00e9<\/a><\/strong><\/span>, como parte da sua cultura de inova\u00e7\u00e3o, fez uso dos benef\u00edcios deste &#8220;Superfood&#8221; para melhorar os resultados dos seus produtos. O seu elevado teor de amino\u00e1cidos essenciais faz da quinoa <strong>o melhor ingrediente ativo para melhorar a sa\u00fade do cabelo<\/strong>.<\/p>\n<p style=\"text-align: justify;\">A quinoa cont\u00e9m <strong>16 amino\u00e1cidos<\/strong>, tais como lisina, arginina, fenilalanina, metionina, histidina, triptofano, leucina, valina, isoleucina, alanina e treonina. Dos quais destacamos para o cabelo:<\/p>\n\t\t<\/div>\n\t\t\t\t\n<style>\n#col-1036672673 > .col-inner {\n  padding: 0px 0px 0px 0px;\n}\n<\/style>\n\t<\/div>\n\n\t\n\n<style>\n#row-1851635633 > .col > .col-inner {\n  padding: 36px 0px 0px 0px;\n}\n<\/style>\n<\/div>\n<div class=\"row row-large row-dashed\"  id=\"row-1785524350\">\n\n\t<div id=\"col-1821607676\" class=\"col medium-6 small-12 large-6\"  >\n\t\t\t\t<div class=\"col-inner\"  >\n\t\t\t\n\t\t\t\n\t<div class=\"box has-hover   has-hover box-text-bottom\" >\n\n\t\t<div class=\"box-image\" style=\"width:95%;\">\n\t\t\t\t\t\t<div class=\"\" >\n\t\t\t\t<img loading=\"lazy\" decoding=\"async\" width=\"650\" height=\"392\" src=\"https:\/\/nuggelasule.com\/wp-content\/uploads\/2021\/04\/METIONINA-1.jpg\" class=\"attachment- size-\" alt=\"\" srcset=\"https:\/\/nuggelasule.com\/wp-content\/uploads\/2021\/04\/METIONINA-1.jpg 650w, https:\/\/nuggelasule.com\/wp-content\/uploads\/2021\/04\/METIONINA-1-300x181.jpg 300w, https:\/\/nuggelasule.com\/wp-content\/uploads\/2021\/04\/METIONINA-1-450x271.jpg 450w, https:\/\/nuggelasule.com\/wp-content\/uploads\/2021\/04\/METIONINA-1-510x308.jpg 510w, https:\/\/nuggelasule.com\/wp-content\/uploads\/2021\/04\/METIONINA-1-99x60.jpg 99w, https:\/\/nuggelasule.com\/wp-content\/uploads\/2021\/04\/METIONINA-1-149x90.jpg 149w\" sizes=\"auto, (max-width: 650px) 100vw, 650px\" \/>\t\t\t\t\t\t\t\t\t\t\t<\/div>\n\t\t\t\t\t<\/div>\n\n\t\t<div class=\"box-text text-center\" style=\"padding:20px 0px 0px 0px;\">\n\t\t\t<div class=\"box-text-inner\">\n\t\t\t\t\n\t<div id=\"text-2297902914\" class=\"text\">\n\t\t\n<h4><span style=\"background-color: #ffdee4;\">METIONINA<\/span><\/h4>\n<hr \/>\n<p>Para al\u00e9m de fortalecer as unhas, <strong>\u00e9 eficaz contra a queda de cabelo<\/strong>. A metionina cont\u00e9m <strong>enxofre<\/strong>, que forma cadeias que se entrela\u00e7am entre si, reproduzindo o que acontece no cabelo e <strong>ajudando a fortalecer a sua estrutura<\/strong>. De acordo com um estudo recente, a metionina\u00a0<strong>ajuda contra a queda do cabelo<sup>(1)<\/sup><\/strong>. Em 2006, num congresso dermatol\u00f3gico em Floren\u00e7a, foram publicados os resultados de um estudo de pacientes com queda de cabelo. O estudo envolveu 30 pacientes que foram divididos em dois grupos. A um grupo foi dada uma prepara\u00e7\u00e3o combinada de amino\u00e1cidos e um complexo de vitamina B. Ao outro grupo foi administrado placebo. Ap\u00f3s 6 meses, verificou-se que a quantidade de cabelo na fase de crescimento no grupo que tomava metionina era aproximadamente <strong>10% mais elevada do que no grupo que tomava placebo<sup>(2)<\/sup><\/strong>.<br \/>\n\t\t\n<style>\n#text-2297902914 {\n  font-size: 0.8rem;\n}\n<\/style>\n\t<\/div>\n\t\n\t\t\t<\/div>\n\t\t<\/div>\n\t<\/div>\n\t\n\t\t<\/div>\n\t\t\t\t\t<\/div>\n\n\t\n\n\t<div id=\"col-2147150156\" class=\"col medium-6 small-12 large-6\"  >\n\t\t\t\t<div class=\"col-inner\"  >\n\t\t\t\n\t\t\t\n\t<div class=\"box has-hover   has-hover box-text-bottom\" >\n\n\t\t<div class=\"box-image\" style=\"width:95%;\">\n\t\t\t\t\t\t<div class=\"\" >\n\t\t\t\t<img loading=\"lazy\" decoding=\"async\" width=\"650\" height=\"392\" src=\"https:\/\/nuggelasule.com\/wp-content\/uploads\/2021\/04\/ARGININA-1.jpg\" class=\"attachment- size-\" alt=\"\" srcset=\"https:\/\/nuggelasule.com\/wp-content\/uploads\/2021\/04\/ARGININA-1.jpg 650w, https:\/\/nuggelasule.com\/wp-content\/uploads\/2021\/04\/ARGININA-1-300x181.jpg 300w, https:\/\/nuggelasule.com\/wp-content\/uploads\/2021\/04\/ARGININA-1-450x271.jpg 450w, https:\/\/nuggelasule.com\/wp-content\/uploads\/2021\/04\/ARGININA-1-510x308.jpg 510w, https:\/\/nuggelasule.com\/wp-content\/uploads\/2021\/04\/ARGININA-1-99x60.jpg 99w, https:\/\/nuggelasule.com\/wp-content\/uploads\/2021\/04\/ARGININA-1-149x90.jpg 149w\" sizes=\"auto, (max-width: 650px) 100vw, 650px\" \/>\t\t\t\t\t\t\t\t\t\t\t<\/div>\n\t\t\t\t\t<\/div>\n\n\t\t<div class=\"box-text text-center\" style=\"padding:20px 0px 0px 0px;\">\n\t\t\t<div class=\"box-text-inner\">\n\t\t\t\t\n\t<div id=\"text-3352489434\" class=\"text\">\n\t\t\n<h4><span style=\"background-color: #ffdee4;\">ARGININA<\/span><\/h4>\n<hr \/>\n<p><strong>Promove o crescimento do cabelo<\/strong>. Em estados de dificuldade, tais como doen\u00e7a, stress ou envelhecimento <strong>o n\u00edvel de arginina cai drasticamente<\/strong>. Numa publica\u00e7\u00e3o recente, foi demonstrado que o amino\u00e1cido arginina, como precursor do \u00f3xido n\u00edtrico (NO), \u00e9 <strong>altamente eficaz para o crescimento do cabelo<\/strong>.<\/p>\n<p>O seu efeito vasodilatador promove o crescimento do cabelo, devido \u00e0 abund\u00e2ncia de \u00f3xido n\u00edtrico que abre os canais de pot\u00e1ssio <strong>melhorando o fluxo sangu\u00edneo para o fol\u00edculo piloso<sup>(3)<\/sup><\/strong>.<br \/>\n\t\t\n<style>\n#text-3352489434 {\n  font-size: 0.8rem;\n  line-height: 1.6;\n}\n<\/style>\n\t<\/div>\n\t\n\t\t\t<\/div>\n\t\t<\/div>\n\t<\/div>\n\t\n\t\t<\/div>\n\t\t\t\t\t<\/div>\n\n\t\n<\/div>\n<div class=\"row align-middle align-center row-divided\"  id=\"row-1643487531\">\n\n\t<div id=\"col-1102001218\" class=\"col small-12 large-12\"  >\n\t\t\t\t<div class=\"col-inner\"  >\n\t\t\t\n\t\t\t\n\n\t<section class=\"section\" id=\"section_1925124345\">\n\t\t<div class=\"section-bg fill\" >\n\t\t\t\t\t\t\t\t\t\n\t\t\t\n\t<div class=\"is-border\"\n\t\tstyle=\"border-radius:13px;border-width:0px 0px 0px 0px;margin:0px 0px 0px 0px;\">\n\t<\/div>\n\n\t\t<\/div>\n\n\t\t\n\n\t\t<div class=\"section-content relative\">\n\t\t\t\n<div class=\"message-box relative\" style=\"padding-top:38px;padding-bottom:38px;\"><div class=\"message-box-bg-image bg-fill fill\" ><\/div><div class=\"message-box-bg-overlay bg-fill fill\" style=\"background-color:rgb(240, 240, 240);\"><\/div><div class=\"container relative\"><div class=\"inner last-reset\">\n<div class=\"row align-middle align-center\"  id=\"row-1714433698\">\n\n\t<div id=\"col-1844558587\" class=\"col medium-11 small-12 large-11\"  >\n\t\t\t\t<div class=\"col-inner\"  >\n\t\t\t\n\t\t\t\n<h3><strong>OUTROS BENEF\u00cdCIOS:<\/strong><\/h3>\n<ul>\n<li><strong>Protege e nutre os fol\u00edculos capilares:<\/strong><br \/>\nQuinoa cont\u00e9m aproximadamente 15% de prote\u00edna de alta qualidade e, como acima referido, \u00e9 a mais elevada entre todos os gr\u00e3os ou sementes presentes no mundo. As prote\u00ednas hidrolisadas extra\u00eddas da quinoa protegem e nutrem o fol\u00edculo capilar a partir do seu interior.<\/li>\n<li><strong>Promove o crescimento do cabelo:<\/strong><br \/>\nO consumo regular de quinoa <strong>proporciona brilho ao cabelo e d\u00e1-lhe um aspecto sedoso e brilhante<\/strong>. O seu elevado teor proteico proporciona nutri\u00e7\u00e3o \u00e0s c\u00e9lulas do corpo e ao fol\u00edculo piloso, que s\u00e3o essenciais para o crescimento do p\u00ealo. Esta nutri\u00e7\u00e3o \u00e9 tamb\u00e9m essencial para a forma\u00e7\u00e3o de gl\u00f3bulos vermelhos que promovem o crescimento do cabelo.<\/li>\n<li><strong>Ajuda a eliminar a caspa:<\/strong><br \/>\nA quinoa cont\u00e9m minerais importantes como o <strong>c\u00e1lcio<\/strong>, <strong>ferro<\/strong> e <strong>f\u00f3sforo<\/strong> que ajudam a selar a humidade no couro cabeludo, prevenindo a secura e a descama\u00e7\u00e3o e mantendo a caspa \u00e0 dist\u00e2ncia.<\/li>\n<li><strong>Ajuda a selar pontas duplas:<\/strong> As prote\u00ednas t\u00eam a capacidade de penetrar no c\u00f3rtex do cabelo, nivelar a sua porosidade e aumentar a sua elasticidade.<\/li>\n<li><strong>Reduz a quebra:<\/strong> A Quinoa tamb\u00e9m cont\u00e9m vitamina E que equilibra a produ\u00e7\u00e3o natural de \u00f3leo para manter o cabelo bem hidratado e reduzir a quebra devido aos emaranhados.<\/li>\n<li><strong>Preserva a cor original do cabelo:<\/strong> Quinoa cont\u00e9m um amino\u00e1cido chamado <strong>tirosina<\/strong>, que \u00e9 respons\u00e1vel pela pigmenta\u00e7\u00e3o e cor do cabelo e da pele. Estimula a re-pigmenta\u00e7\u00e3o do cabelo e ajuda a manter a cor original do cabelo.<\/li>\n<\/ul>\n\t\t<\/div>\n\t\t\t\t\t<\/div>\n\n\t\n\n<style>\n#row-1714433698 > .col > .col-inner {\n  padding: 2px 0px 0px 0px;\n}\n<\/style>\n<\/div>\n<\/div><\/div><\/div>\n\t\t<\/div>\n\n\t\t\n<style>\n#section_1925124345 {\n  padding-top: 1px;\n  padding-bottom: 1px;\n  margin-bottom: 1px;\n}\n<\/style>\n\t<\/section>\n\t\n\t\t<\/div>\n\t\t\t\t\t<\/div>\n\n\t\n\n<style>\n#row-1643487531 > .col > .col-inner {\n  padding: 25px 0px 0px 0px;\n}\n<\/style>\n<\/div>\n<div class=\"message-box relative\" style=\"padding-top:14px;padding-bottom:14px;\"><div class=\"message-box-bg-image bg-fill fill\" ><\/div><div class=\"message-box-bg-overlay bg-fill fill\" style=\"background-color:rgb(255, 215, 177);\"><\/div><div class=\"container relative\"><div class=\"inner last-reset\">\n<div class=\"row align-middle align-center\"  id=\"row-310457014\">\n\n\t<div id=\"col-2075564192\" class=\"col medium-11 small-12 large-11\"  >\n\t\t\t\t<div class=\"col-inner\"  >\n\t\t\t\n\t\t\t\n\t<div id=\"text-3615316191\" class=\"text\">\n\t\t\n<h3 style=\"text-align: justify;\"><strong>BIBLIOGRAFIA<\/strong><\/h3>\n<ol style=\"padding-left: 30px;\">\n<li>Haneke, E. &amp; Baran, R. (2011)\u00a0<em>Micronutrients for Hair and Nails<\/em>,\u00a0Nutrition for healthy skin, Volume 2, (pp.149-163)<\/li>\n<li style=\"text-align: justify;\">Alonso, L. &amp; Fuchs, E. (2006)\u00a0<em>The hair cycle<\/em>,\u00a0Journal of Cell Science, issue 119, (pp.391-393)<\/li>\n<li style=\"text-align: justify;\">Saini, R. &amp; Zanwar, A. A. (2013)\u00a0<em>Arginine Derived Nitric Oxide: Key to Healthy Skin<\/em>,\u00a0Bioactive Dietary Factors and Plant Extracts in Dermatology (pp.73-82)<\/li>\n<\/ol>\n\t\t\n<style>\n#text-3615316191 {\n  text-align: left;\n}\n<\/style>\n\t<\/div>\n\t\n\t\t<\/div>\n\t\t\t\t\n<style>\n#col-2075564192 > .col-inner {\n  padding: 20px 0px 0px 0px;\n  margin: 20px 0px 30px 0px;\n}\n<\/style>\n\t<\/div>\n\n\t\n<\/div>\n<\/div><\/div><\/div>\n<div class=\"text-center\"><div class=\"is-divider divider clearfix\" style=\"background-color:rgb(255, 255, 255);\"><\/div><\/div>\n<p><strong>PRODUTOS QUE CONT\u00caM ESTE ATIVO<\/strong><\/p>\n<div class=\"woocommerce columns-4 \"><\/div>\n","protected":false},"excerpt":{"rendered":"<p>EXTRATO DE QUINOA Quinoa, batatas, tomates, milho e chocolate s\u00e3o todos alimentos que t\u00eam a sua origem americana em comum. Quando os europeus chegaram \u00e0 Am\u00e9rica, descobriram um novo mundo cheio de novos produtos que enriqueceram a sua gastronomia. 500 anos mais tarde, estes produtos continuam a conquistar os paladares dos europeus e do resto [&#8230;]\n","protected":false},"author":2,"featured_media":0,"parent":0,"menu_order":0,"comment_status":"closed","ping_status":"open","template":"","meta":{"_acf_changed":false,"footnotes":""},"class_list":["post-18995","page","type-page","status-publish","hentry"],"acf":[],"yoast_head":"<!-- This site is optimized with the Yoast SEO plugin v27.0 - https:\/\/yoast.com\/product\/yoast-seo-wordpress\/ -->\n<title>Quinoa - Activos Naturales Nuggela &amp; Sul\u00e9<\/title>\n<meta name=\"description\" content=\"Nuggela &amp; Sul\u00e9 usa Quinoa nas suas f\u00f3rmulas, pois nutre o cabelo, fortalece-o, combate a queda de cabelo, elimina a caspa e promove o crescimento do cabelo.\" \/>\n<meta name=\"robots\" content=\"index, follow, max-snippet:-1, max-image-preview:large, max-video-preview:-1\" \/>\n<link rel=\"canonical\" href=\"https:\/\/nuggelasule.com\/pt\/quinoa\/\" \/>\n<meta property=\"og:locale\" content=\"pt_PT\" \/>\n<meta property=\"og:type\" content=\"article\" \/>\n<meta property=\"og:title\" content=\"Quinoa - Activos Naturales Nuggela &amp; Sul\u00e9\" \/>\n<meta property=\"og:description\" content=\"Nuggela &amp; Sul\u00e9 usa Quinoa nas suas f\u00f3rmulas, pois nutre o cabelo, fortalece-o, combate a queda de cabelo, elimina a caspa e promove o crescimento do cabelo.\" \/>\n<meta property=\"og:url\" content=\"https:\/\/nuggelasule.com\/pt\/quinoa\/\" \/>\n<meta property=\"og:site_name\" content=\"Nuggela &amp; Sul\u00e9\" \/>\n<meta property=\"article:publisher\" content=\"https:\/\/www.facebook.com\/nuggelasule\/\" \/>\n<meta property=\"article:modified_time\" content=\"2024-07-22T09:34:59+00:00\" \/>\n<meta property=\"og:image\" content=\"https:\/\/nuggelasule.com\/wp-content\/uploads\/2024\/08\/LOGO_nuggelasule.png\" \/>\n\t<meta property=\"og:image:width\" content=\"1200\" \/>\n\t<meta property=\"og:image:height\" content=\"675\" \/>\n\t<meta property=\"og:image:type\" content=\"image\/png\" \/>\n<meta name=\"twitter:card\" content=\"summary_large_image\" \/>\n<meta name=\"twitter:site\" content=\"@nuggelasule\" \/>\n<meta name=\"twitter:label1\" content=\"Est. reading time\" \/>\n\t<meta name=\"twitter:data1\" content=\"5 minutes\" \/>\n<script type=\"application\/ld+json\" class=\"yoast-schema-graph\">{\"@context\":\"https:\/\/schema.org\",\"@graph\":[{\"@type\":\"WebPage\",\"@id\":\"https:\/\/nuggelasule.com\/pt\/quinoa\/\",\"url\":\"https:\/\/nuggelasule.com\/pt\/quinoa\/\",\"name\":\"Quinoa - Activos Naturales Nuggela & Sul\u00e9\",\"isPartOf\":{\"@id\":\"https:\/\/nuggelasule.com\/#website\"},\"datePublished\":\"2016-10-04T22:35:46+00:00\",\"dateModified\":\"2024-07-22T09:34:59+00:00\",\"description\":\"Nuggela & Sul\u00e9 usa Quinoa nas suas f\u00f3rmulas, pois nutre o cabelo, fortalece-o, combate a queda de cabelo, elimina a caspa e promove o crescimento do cabelo.\",\"breadcrumb\":{\"@id\":\"https:\/\/nuggelasule.com\/pt\/quinoa\/#breadcrumb\"},\"inLanguage\":\"pt\",\"potentialAction\":[{\"@type\":\"ReadAction\",\"target\":[\"https:\/\/nuggelasule.com\/pt\/quinoa\/\"]}]},{\"@type\":\"BreadcrumbList\",\"@id\":\"https:\/\/nuggelasule.com\/pt\/quinoa\/#breadcrumb\",\"itemListElement\":[{\"@type\":\"ListItem\",\"position\":1,\"name\":\"Portada\",\"item\":\"https:\/\/nuggelasule.com\/pt\/\"},{\"@type\":\"ListItem\",\"position\":2,\"name\":\"Quinoa\"}]},{\"@type\":\"WebSite\",\"@id\":\"https:\/\/nuggelasule.com\/#website\",\"url\":\"https:\/\/nuggelasule.com\/\",\"name\":\"Nuggela &amp; Sul\u00e9\",\"description\":\"Los mejores productos para la salud y belleza del cabello\",\"publisher\":{\"@id\":\"https:\/\/nuggelasule.com\/#organization\"},\"potentialAction\":[{\"@type\":\"SearchAction\",\"target\":{\"@type\":\"EntryPoint\",\"urlTemplate\":\"https:\/\/nuggelasule.com\/?s={search_term_string}\"},\"query-input\":{\"@type\":\"PropertyValueSpecification\",\"valueRequired\":true,\"valueName\":\"search_term_string\"}}],\"inLanguage\":\"pt\"},{\"@type\":\"Organization\",\"@id\":\"https:\/\/nuggelasule.com\/#organization\",\"name\":\"Nuggela&Sul\u00e9 S.L.\",\"url\":\"https:\/\/nuggelasule.com\/\",\"logo\":{\"@type\":\"ImageObject\",\"inLanguage\":\"pt\",\"@id\":\"https:\/\/nuggelasule.com\/#\/schema\/logo\/image\/\",\"url\":\"\",\"contentUrl\":\"\",\"caption\":\"Nuggela&Sul\u00e9 S.L.\"},\"image\":{\"@id\":\"https:\/\/nuggelasule.com\/#\/schema\/logo\/image\/\"},\"sameAs\":[\"https:\/\/www.facebook.com\/nuggelasule\/\",\"https:\/\/x.com\/nuggelasule\",\"https:\/\/www.instagram.com\/nuggela_sule\/\",\"https:\/\/www.linkedin.com\/company\/9406545\",\"https:\/\/www.youtube.com\/channel\/UCP-uGf_c8i2FI4TXfhffEKw\"]}]}<\/script>\n<!-- \/ Yoast SEO plugin. -->","yoast_head_json":{"title":"Quinoa - Activos Naturales Nuggela & Sul\u00e9","description":"Nuggela & Sul\u00e9 usa Quinoa nas suas f\u00f3rmulas, pois nutre o cabelo, fortalece-o, combate a queda de cabelo, elimina a caspa e promove o crescimento do cabelo.","robots":{"index":"index","follow":"follow","max-snippet":"max-snippet:-1","max-image-preview":"max-image-preview:large","max-video-preview":"max-video-preview:-1"},"canonical":"https:\/\/nuggelasule.com\/pt\/quinoa\/","og_locale":"pt_PT","og_type":"article","og_title":"Quinoa - Activos Naturales Nuggela & Sul\u00e9","og_description":"Nuggela & Sul\u00e9 usa Quinoa nas suas f\u00f3rmulas, pois nutre o cabelo, fortalece-o, combate a queda de cabelo, elimina a caspa e promove o crescimento do cabelo.","og_url":"https:\/\/nuggelasule.com\/pt\/quinoa\/","og_site_name":"Nuggela &amp; Sul\u00e9","article_publisher":"https:\/\/www.facebook.com\/nuggelasule\/","article_modified_time":"2024-07-22T09:34:59+00:00","og_image":[{"width":1200,"height":675,"url":"https:\/\/nuggelasule.com\/wp-content\/uploads\/2024\/08\/LOGO_nuggelasule.png","type":"image\/png"}],"twitter_card":"summary_large_image","twitter_site":"@nuggelasule","twitter_misc":{"Est. reading time":"5 minutes"},"schema":{"@context":"https:\/\/schema.org","@graph":[{"@type":"WebPage","@id":"https:\/\/nuggelasule.com\/pt\/quinoa\/","url":"https:\/\/nuggelasule.com\/pt\/quinoa\/","name":"Quinoa - Activos Naturales Nuggela & Sul\u00e9","isPartOf":{"@id":"https:\/\/nuggelasule.com\/#website"},"datePublished":"2016-10-04T22:35:46+00:00","dateModified":"2024-07-22T09:34:59+00:00","description":"Nuggela & Sul\u00e9 usa Quinoa nas suas f\u00f3rmulas, pois nutre o cabelo, fortalece-o, combate a queda de cabelo, elimina a caspa e promove o crescimento do cabelo.","breadcrumb":{"@id":"https:\/\/nuggelasule.com\/pt\/quinoa\/#breadcrumb"},"inLanguage":"pt","potentialAction":[{"@type":"ReadAction","target":["https:\/\/nuggelasule.com\/pt\/quinoa\/"]}]},{"@type":"BreadcrumbList","@id":"https:\/\/nuggelasule.com\/pt\/quinoa\/#breadcrumb","itemListElement":[{"@type":"ListItem","position":1,"name":"Portada","item":"https:\/\/nuggelasule.com\/pt\/"},{"@type":"ListItem","position":2,"name":"Quinoa"}]},{"@type":"WebSite","@id":"https:\/\/nuggelasule.com\/#website","url":"https:\/\/nuggelasule.com\/","name":"Nuggela &amp; Sul\u00e9","description":"Los mejores productos para la salud y belleza del cabello","publisher":{"@id":"https:\/\/nuggelasule.com\/#organization"},"potentialAction":[{"@type":"SearchAction","target":{"@type":"EntryPoint","urlTemplate":"https:\/\/nuggelasule.com\/?s={search_term_string}"},"query-input":{"@type":"PropertyValueSpecification","valueRequired":true,"valueName":"search_term_string"}}],"inLanguage":"pt"},{"@type":"Organization","@id":"https:\/\/nuggelasule.com\/#organization","name":"Nuggela&Sul\u00e9 S.L.","url":"https:\/\/nuggelasule.com\/","logo":{"@type":"ImageObject","inLanguage":"pt","@id":"https:\/\/nuggelasule.com\/#\/schema\/logo\/image\/","url":"","contentUrl":"","caption":"Nuggela&Sul\u00e9 S.L."},"image":{"@id":"https:\/\/nuggelasule.com\/#\/schema\/logo\/image\/"},"sameAs":["https:\/\/www.facebook.com\/nuggelasule\/","https:\/\/x.com\/nuggelasule","https:\/\/www.instagram.com\/nuggela_sule\/","https:\/\/www.linkedin.com\/company\/9406545","https:\/\/www.youtube.com\/channel\/UCP-uGf_c8i2FI4TXfhffEKw"]}]}},"_links":{"self":[{"href":"https:\/\/nuggelasule.com\/pt\/wp-json\/wp\/v2\/pages\/18995","targetHints":{"allow":["GET"]}}],"collection":[{"href":"https:\/\/nuggelasule.com\/pt\/wp-json\/wp\/v2\/pages"}],"about":[{"href":"https:\/\/nuggelasule.com\/pt\/wp-json\/wp\/v2\/types\/page"}],"author":[{"embeddable":true,"href":"https:\/\/nuggelasule.com\/pt\/wp-json\/wp\/v2\/users\/2"}],"replies":[{"embeddable":true,"href":"https:\/\/nuggelasule.com\/pt\/wp-json\/wp\/v2\/comments?post=18995"}],"version-history":[{"count":6,"href":"https:\/\/nuggelasule.com\/pt\/wp-json\/wp\/v2\/pages\/18995\/revisions"}],"predecessor-version":[{"id":23255,"href":"https:\/\/nuggelasule.com\/pt\/wp-json\/wp\/v2\/pages\/18995\/revisions\/23255"}],"wp:attachment":[{"href":"https:\/\/nuggelasule.com\/pt\/wp-json\/wp\/v2\/media?parent=18995"}],"curies":[{"name":"wp","href":"https:\/\/api.w.org\/{rel}","templated":true}]},"billing":{"billing_DNI":""}}