{"id":18989,"date":"2016-11-13T14:39:58","date_gmt":"2016-11-13T14:39:58","guid":{"rendered":"https:\/\/nuggelasule.com\/politica-venta-devoluciones\/"},"modified":"2025-04-01T09:26:04","modified_gmt":"2025-04-01T07:26:04","slug":"politica-vendas-devolucoes","status":"publish","type":"page","link":"https:\/\/nuggelasule.com\/pt\/politica-vendas-devolucoes\/","title":{"rendered":"Pol\u00edtica de Vendas e Devolu\u00e7\u00f5es"},"content":{"rendered":"<h1 style=\"text-align: justify;\">Pol\u00edtica de Venda e Devolu\u00e7\u00f5es da Nuggela &#038; Sul\u00e9<\/h1>\n<p style=\"text-align: justify;\">A presente Pol\u00edtica de Venda e Devolu\u00e7\u00f5es regula a utiliza\u00e7\u00e3o do site www.nuggelasule.com, que a empresa Nuggela &#038; Sul\u00e9, S.L. coloca \u00e0 disposi\u00e7\u00e3o das pessoas que acedem a este site, com o objetivo de lhes fornecer informa\u00e7\u00f5es sobre os seus produtos e servi\u00e7os, pr\u00f3prios e\/ou de terceiros colaboradores, bem como facilitar-lhes o acesso aos mesmos e \u00e0 contrata\u00e7\u00e3o de bens e servi\u00e7os atrav\u00e9s do site.<\/p>\n<p style=\"text-align: justify;\">Pode tamb\u00e9m consultar aqui a nossa <a href=\"https:\/\/nuggelasule.com\/pt\/politica-de-privacidad-y-cookies\/\"><span style=\"text-decoration: underline;\"><strong>Pol\u00edtica de Privacidade e Cookies<\/strong><\/span><\/a>.<\/p>\n<div class=\"container section-title-container\" style=\"margin-top:50px;\"><h3 class=\"section-title section-title-center\"><b aria-hidden=\"true\"><\/b><span class=\"section-title-main\" >PRE\u00c7OS<\/span><b aria-hidden=\"true\"><\/b><\/h3><\/div>\n<p>Os pre\u00e7os publicados em www.nuggelasule.com est\u00e3o em Euros e s\u00e3o v\u00e1lidos salvo erro tipogr\u00e1fico. Todos os pre\u00e7os incluem o IVA aplic\u00e1vel \u00e0 data da encomenda. Qualquer altera\u00e7\u00e3o da taxa de IVA ser\u00e1 aplicada automaticamente aos pre\u00e7os dos produtos em venda. As ofertas sobre produtos dispon\u00edveis em www.nuggelasule.com ser\u00e3o v\u00e1lidas enquanto se encontrarem vis\u00edveis no ecr\u00e3.<\/p>\n<div class=\"container section-title-container\" style=\"margin-top:50px;\"><h3 class=\"section-title section-title-center\"><b aria-hidden=\"true\"><\/b><span class=\"section-title-main\" >PAGAMENTO<\/span><b aria-hidden=\"true\"><\/b><\/h3><\/div>\n<p>Ao efetuar a encomenda, o cliente pode escolher livremente pagar as compras realizadas em www.nuggelasule.com atrav\u00e9s de:<\/p>\n<ul>\n<li><strong>Cart\u00e3o de cr\u00e9dito\/d\u00e9bito:<\/strong>\u00a0Pagamento seguro e com total tranquilidade atrav\u00e9s de cart\u00e3o de cr\u00e9dito\/d\u00e9bito. Ao selecionar este m\u00e9todo de pagamento, ser\u00e1 redirecionado para o site do banco, garantindo total seguran\u00e7a na transa\u00e7\u00e3o. As informa\u00e7\u00f5es relativas \u00e0 sua encomenda e ao pagamento online por cart\u00e3o banc\u00e1rio est\u00e3o protegidas por um servidor seguro, utilizando software de seguran\u00e7a SSL, e o n\u00famero do seu cart\u00e3o aparecer\u00e1 encriptado.<\/li>\n<li><strong>PayPal:<\/strong> Pagamento atrav\u00e9s do PayPal. \u00c9 uma forma r\u00e1pida e segura de pagar pela Internet. Pode pagar facilmente com o seu cart\u00e3o de cr\u00e9dito\/d\u00e9bito mesmo que n\u00e3o tenha uma conta PayPal. A mercadoria ser\u00e1 enviada para o endere\u00e7o indicado no momento da confirma\u00e7\u00e3o da encomenda, independentemente do endere\u00e7o associado \u00e0 conta PayPal.<\/li>\n<li><strong>Transfer\u00eancia banc\u00e1ria:<\/strong>\u00a0Pode efetuar o pagamento diretamente para a nossa conta banc\u00e1ria. Deve indicar a refer\u00eancia da encomenda como descri\u00e7\u00e3o do pagamento. A encomenda s\u00f3 ser\u00e1 enviada ap\u00f3s a rece\u00e7\u00e3o do montante total na nossa conta.<\/li>\n<\/ul>\n<p><\/p>\n<p style=\"text-align: justify;\"><span style=\"background-color: #ffdee4;\"><strong>&#8211; Porque raz\u00e3o o meu cart\u00e3o de cr\u00e9dito\/d\u00e9bito pode ser recusado? &#8211;<\/strong><\/span><\/p>\n<ul>\n<li>O cart\u00e3o poder\u00e1 estar caducado.<\/li>\n<li>O limite de cr\u00e9dito do cart\u00e3o poder\u00e1 ter sido ultrapassado.<\/li>\n<li>Algum dos dados introduzidos poder\u00e1 estar incorreto.<\/li>\n<\/ul>\n<div class=\"container section-title-container\" style=\"margin-top:50px;\"><h3 class=\"section-title section-title-center\"><b aria-hidden=\"true\"><\/b><span class=\"section-title-main\" >PRODUTO<\/span><b aria-hidden=\"true\"><\/b><\/h3><\/div>\n<p>As ofertas apresentadas pela Nuggela &#038; Sul\u00e9 s\u00e3o v\u00e1lidas dentro do limite do stock dispon\u00edvel. A Nuggela &#038; Sul\u00e9 reserva-se o direito de modificar o sortido de produtos em fun\u00e7\u00e3o das dificuldades impostas pelos seus fornecedores. As fotografias, grafismos e descri\u00e7\u00f5es dos produtos propostos para venda s\u00e3o meramente informativos e n\u00e3o constituem, em caso algum, um compromisso vinculativo por parte do vendedor Nuggela &#038; Sul\u00e9.<\/p>\n<div class=\"container section-title-container\" style=\"margin-top:50px;\"><h3 class=\"section-title section-title-center\"><b aria-hidden=\"true\"><\/b><span class=\"section-title-main\" >ENVIO<\/span><b aria-hidden=\"true\"><\/b><\/h3><\/div>\n<ul>\n<li>Os produtos adquiridos ser\u00e3o entregues \u00e0 pessoa e na morada indicada na encomenda.<\/li>\n<li>Por defeito, as faturas ser\u00e3o enviadas para o endere\u00e7o de email indicado pelo cliente aquando do seu registo em www.nuggelasule.com.<\/li>\n<li>Aos s\u00e1bados, domingos e feriados n\u00e3o haver\u00e1 expedi\u00e7\u00e3o nem entrega de encomendas. No entanto, qualquer atraso na entrega n\u00e3o implicar\u00e1 o cancelamento da encomenda nem dar\u00e1 direito a qualquer indemniza\u00e7\u00e3o.<\/li>\n<li>As encomendas realizadas <strong>depois das 13h00<\/strong>, ser\u00e3o enviadas no dia \u00fatil seguinte.<\/li>\n<li>Uma <strong>encomenda considera-se entregue<\/strong>, no momento em que o transportador <strong>entrega o(s) pacote(s) ao cliente<\/strong> e este <strong>assina o comprovativo de rece\u00e7\u00e3o<\/strong>. Compete ao cliente verificar o estado da mercadoria no momento da rece\u00e7\u00e3o e indicar todas as anomalias no documento de entrega.<\/li>\n<\/ul>\n<p style=\"padding-left: 30px;\"><strong>Envios Nacionais (Apenas para Espanha)<\/strong><\/p>\n<ul style=\"padding-left: 30px;\">\n<li>O custo de envio para <strong>Espanha continental<\/strong> (<strong>exceto ilhas<\/strong>) \u00e9 de <strong>4,95\u20ac<\/strong>. Para compras <strong>superiores a 40\u20ac<\/strong>, o envio \u00e9 <strong>GR\u00c1TIS<\/strong><\/li>\n<li>O custo de envio para <strong>as Ilhas Baleares<\/strong> \u00e9 de <strong>8,95\u20ac<\/strong>. Para compras <strong>superiores a 60\u20ac<\/strong>, o envio \u00e9 <strong>GR\u00c1TIS<\/strong><\/li>\n<li>O custo de envio para <strong>Ceuta e Melilla<\/strong> \u00e9 de <strong>9,95\u20ac<\/strong>. Para compras <strong>superiores a 60\u20ac<\/strong>, o envio \u00e9 <strong>GR\u00c1TIS<\/strong><\/li>\n<li>O custo de envio para <strong>Can\u00e1rias<\/strong> \u00e9 de <strong>9,95\u20ac<\/strong>. Para compras <strong>superiores a 70\u20ac<\/strong>, o envio \u00e9 <strong>GR\u00c1TIS<\/strong><\/li>\n<li><strong>*<\/strong> Se cancelar a sua encomenda antes de a mercadoria ter sido expedida, n\u00e3o haver\u00e1 qualquer custo. No entanto, se a encomenda <strong>j\u00e1 tiver sido enviada<\/strong>, <strong>ter\u00e1 de suportar os custos de envio e de devolu\u00e7\u00e3o<\/strong><\/li>\n<\/ul>\n<p style=\"padding-left: 30px;\"><strong>Envios Internacionais<\/strong><\/p>\n<ul style=\"padding-left: 30px;\">\n<li>O custo de envio para <strong>Portugal<\/strong> \u00e9 de <strong>8,95\u20ac<\/strong>. Para compras <strong>superiores a 60\u20ac<\/strong>, o envio \u00e9 <strong>GR\u00c1TIS<\/strong><\/li>\n<li>O custo de envio para <strong>outros pa\u00edses da Uni\u00e3o Europeia<\/strong> \u00e9 de <strong>15\u20ac<\/strong>. Para compras <strong>superiores a 70\u20ac<\/strong>, o envio \u00e9 <strong>GR\u00c1TIS<\/strong><\/li>\n<li>Para envios para <strong>pa\u00edses fora da Uni\u00e3o Europeia<\/strong>, contacte o nosso <strong>servi\u00e7o de apoio ao cliente<\/strong> atrav\u00e9s do email\u00a0<strong>info@nuggelasule.com<\/strong><\/li>\n<li><strong>*A Nuggela &#038; Sul\u00e9 n\u00e3o se responsabiliza por quaisquer taxas alfandeg\u00e1rias ou impostos que possam ser aplicados por cada pa\u00eds sobre as importa\u00e7\u00f5es<\/strong><\/li>\n<\/ul>\n<p>\u00a0<\/p>\n<p style=\"text-align: justify;\"><strong>PRAZOS DE ENTREGA<\/strong><\/p>\n<p style=\"text-align: justify;\"><span style=\"background-color: #ffdee4;\"><strong>&#8211; Que empresa de transporte ir\u00e1 entregar a minha encomenda? &#8211;<\/strong><\/span><\/p>\n<ul>\n<li>Todas as nossas entregas s\u00e3o realizadas atrav\u00e9s de uma transportadora com cobertura nacional.<\/li>\n<\/ul>\n<p style=\"text-align: justify;\"><span style=\"background-color: #ffdee4;\"><strong>&#8211; Onde vou receber a minha encomenda? &#8211;<\/strong><\/span><\/p>\n<ul>\n<li>As encomendas ser\u00e3o entregues na morada indicada pelo cliente no momento da compra. N\u00e3o s\u00e3o aceites envios para apartados postais.<\/li>\n<\/ul>\n<p style=\"text-align: justify;\"><span style=\"background-color: #ffdee4;\"><strong>&#8211; Quanto tempo demorar\u00e1 a chegar a minha encomenda? &#8211;<\/strong><\/span><\/p>\n<ul>\n<li><strong>Envios para Espanha:<\/strong> a entrega das encomendas ser\u00e1 efetuada na morada especificada <strong>num prazo de 48h*<\/strong>\u00a0de segunda a sexta-feira, exceto feriados. <strong>*As encomendas realizadas antes das 13h00, de segunda a quinta-feira (exceto feriados)<\/strong>, ser\u00e3o entregues no prazo de 48 horas, desde que o destinat\u00e1rio se encontre no domic\u00edlio.<br \/>\nCaso pretenda que a sua encomenda seja entregue numa morada diferente da indicada inicialmente e essa altera\u00e7\u00e3o implique uma reexpedi\u00e7\u00e3o por parte da transportadora (por se tratar de outro c\u00f3digo postal), o cliente dever\u00e1 suportar o custo correspondente a essa altera\u00e7\u00e3o: 5\u20ac no caso de envios para a Pen\u00ednsula. Para envios fora da Pen\u00ednsula, por favor consultar os pre\u00e7os. <strong>Hor\u00e1rio de entrega:<\/strong> de segunda a sexta-feira (dias \u00fateis), com entregas at\u00e9 \u00e0s 19h na morada previamente indicada como endere\u00e7o de envio.<\/li>\n<li><strong>Envios Internacionais:<\/strong> os prazos de entrega variam entre <strong>10 e 15 dias \u00fateis<\/strong> exceto para <strong>Portugal<\/strong>, cujo prazo \u00e9 de <strong>3 dias \u00fateis<\/strong>.<\/li>\n<\/ul>\n<div class=\"container section-title-container\" style=\"margin-top:50px;\"><h3 class=\"section-title section-title-center\"><b aria-hidden=\"true\"><\/b><span class=\"section-title-main\" >DEVOLU\u00c7\u00d5ES<\/span><b aria-hidden=\"true\"><\/b><\/h3><\/div>\n<p style=\"text-align: justify;\"><span style=\"background-color: #ffdee4;\"><strong>&#8211; Posso devolver a minha encomenda? &#8211;<\/strong><\/span><\/p>\n<ul>\n<li>O <strong>prazo m\u00e1ximo para aceitar devolu\u00e7\u00f5es<\/strong>, \u00e9 de <strong>15 dias ap\u00f3s a data de confirma\u00e7\u00e3o da compra<\/strong>. Os artigos a devolver devem encontrar-se em perfeito estado, com a embalagem original.\u00a0<strong>N\u00e3o ser\u00e3o aceites devolu\u00e7\u00f5es<\/strong> de artigos que tenham sido manuseados, abertos ou experimentados.<br \/>\nCaso a sua encomenda chegue em mau estado, dever\u00e1 anot\u00e1-lo na guia do transportador e entrar em contacto com o nosso departamento de Apoio ao Cliente atrav\u00e9s do email <strong>info@nuggelasule.com<\/strong> para nos informar da situa\u00e7\u00e3o. Este departamento indicar\u00e1 os passos a seguir para gerir a devolu\u00e7\u00e3o.<br \/>\nUma vez recebida a mercadoria nos nossos armaz\u00e9ns, os pacotes ser\u00e3o revistos e, ap\u00f3s a verifica\u00e7\u00e3o do seu estado e desde que estejam de acordo com as condi\u00e7\u00f5es de devolu\u00e7\u00e3o, ser\u00e1 feito um novo envio da sua encomenda.<br \/>\nCaso n\u00e3o se cumpram as condi\u00e7\u00f5es de devolu\u00e7\u00e3o, a Nuggela &#038; Sul\u00e9\u00a0<strong>n\u00e3o aceitar\u00e1 a devolu\u00e7\u00e3o e informar\u00e1 o cliente por email<\/strong>. Os artigos rejeitados ficar\u00e3o \u00e0 disposi\u00e7\u00e3o do cliente durante 1 m\u00eas nos nossos armaz\u00e9ns, podendo este solicitar um novo envio, assumindo previamente todos os custos associados \u00e0 nova entrega.<\/li>\n<\/ul>\n<ul>\n<li>A Nuggela &#038; Sul\u00e9 reserva-se o direito de recusar devolu\u00e7\u00f5es enviadas fora de prazo ou que n\u00e3o estejam nas mesmas condi\u00e7\u00f5es em que foram entregues.<br \/>\nEm caso de perda, dano ou atraso da encomenda, a responsabilidade ser\u00e1 da empresa transportadora e aplicar-se-\u00e3o os Termos e Condi\u00e7\u00f5es de Transporte da respetiva empresa.<\/li>\n<\/ul>\n<ul>\n<li>A gest\u00e3o e os custos de envio de uma devolu\u00e7\u00e3o motivada por defeito de qualidade ou erro da Nuggela &#038; Sul\u00e9 <strong>n\u00e3o ter\u00e3o qualquer custo para o cliente<\/strong>. Faremos a recolha do produto defeituoso e enviaremos um novo, ap\u00f3s a rece\u00e7\u00e3o do produto devolvido. Se desejar acelerar o processo, pode enviar-nos uma fotografia onde seja vis\u00edvel o defeito, identificando a encomenda em quest\u00e3o.<br \/>\nSe o motivo da devolu\u00e7\u00e3o n\u00e3o estiver relacionado com qualidade ou erro de gest\u00e3o, o cliente dever\u00e1 assumir os custos de envio e de gest\u00e3o da devolu\u00e7\u00e3o.<br \/>\nO reembolso do valor do produto devolvido ser\u00e1 realizado no <strong>prazo m\u00e1ximo de 14 dias<\/strong>, utilizando o mesmo m\u00e9todo de pagamento utilizado na compra.<\/li>\n<\/ul>\n<ul>\n<li>Caso a encomenda j\u00e1 tenha sido processada e expedida, e o cliente solicite a sua devolu\u00e7\u00e3o, apenas ser\u00e1 reembolsado o valor do produto, e n\u00e3o os custos de envio.<br \/>\nSe a encomenda j\u00e1 tiver sido expedida, o cliente dever\u00e1 recusar a mercadoria no momento da entrega \u00e0 transportadora.<\/li>\n<\/ul>\n<p>\u00a0<\/p>\n<hr size=\"10\" \/>\n<div class=\"message-box relative dark\" style=\"padding-top:23px;padding-bottom:23px;\"><div class=\"message-box-bg-image bg-fill fill\" ><\/div><div class=\"message-box-bg-overlay bg-fill fill\" style=\"background-color:rgb(255, 215, 177);\"><\/div><div class=\"container relative\"><div class=\"inner last-reset\">\n<div class=\"row align-middle align-center\"  id=\"row-1668538943\">\n\n\t<div id=\"col-1594889260\" class=\"col medium-9 small-12 large-9\"  >\n\t\t\t\t<div class=\"col-inner\"  >\n\t\t\t\n\t\t\t\n\t<div id=\"text-3113718273\" class=\"text\">\n\t\t\n<p style=\"text-align: center;\"><strong>A NUGGELA &#038; SUL\u00c9 \u00c9 QUALIDADE, \u00c9TICA, SUSTENTABILIDADE E EFIC\u00c1CIA<\/strong><\/p>\n<p style=\"text-align: center;\"><img loading=\"lazy\" decoding=\"async\" class=\"aligncenter wp-image-22688\" src=\"https:\/\/nuggelasule.com\/wp-content\/uploads\/2024\/07\/logos-eco-300x46.png\" alt=\"\" width=\"500\" height=\"76\" srcset=\"https:\/\/nuggelasule.com\/wp-content\/uploads\/2024\/07\/logos-eco-300x46.png 300w, https:\/\/nuggelasule.com\/wp-content\/uploads\/2024\/07\/logos-eco-1024x155.png 1024w, https:\/\/nuggelasule.com\/wp-content\/uploads\/2024\/07\/logos-eco-768x117.png 768w, https:\/\/nuggelasule.com\/wp-content\/uploads\/2024\/07\/logos-eco-450x68.png 450w, https:\/\/nuggelasule.com\/wp-content\/uploads\/2024\/07\/logos-eco-510x77.png 510w, https:\/\/nuggelasule.com\/wp-content\/uploads\/2024\/07\/logos-eco-190x29.png 190w, https:\/\/nuggelasule.com\/wp-content\/uploads\/2024\/07\/logos-eco-593x90.png 593w, https:\/\/nuggelasule.com\/wp-content\/uploads\/2024\/07\/logos-eco.png 1080w\" sizes=\"auto, (max-width: 500px) 100vw, 500px\" \/><\/p>\n<p style=\"text-align: center;\"><span style=\"font-size: 85%; color: #333333;\">A Nuggela &#038; Sul\u00e9 n\u00e3o testa as suas f\u00f3rmulas em animais, alinhando-se com a pol\u00edtica Cruelty Free. Todos os produtos da Nuggela &#038; Sul\u00e9 s\u00e3o testados sob controlo dermatol\u00f3gico<\/span><\/p>\n\t\t\n<style>\n#text-3113718273 {\n  color: rgb(0,0,0);\n}\n#text-3113718273 > * {\n  color: rgb(0,0,0);\n}\n<\/style>\n\t<\/div>\n\t\n\t\t<\/div>\n\t\t\t\t\t<\/div>\n\n\t\n<\/div>\n<\/div><\/div><\/div>\n","protected":false},"excerpt":{"rendered":"<p>Pol\u00edtica de Venda e Devolu\u00e7\u00f5es da Nuggela &#038; Sul\u00e9 A presente Pol\u00edtica de Venda e Devolu\u00e7\u00f5es regula a utiliza\u00e7\u00e3o do site www.nuggelasule.com, que a empresa Nuggela &#038; Sul\u00e9, S.L. coloca \u00e0 disposi\u00e7\u00e3o das pessoas que acedem a este site, com o objetivo de lhes fornecer informa\u00e7\u00f5es sobre os seus produtos e servi\u00e7os, pr\u00f3prios e\/ou de [&#8230;]\n","protected":false},"author":2,"featured_media":0,"parent":0,"menu_order":0,"comment_status":"closed","ping_status":"closed","template":"","meta":{"_acf_changed":false,"footnotes":""},"class_list":["post-18989","page","type-page","status-publish","hentry"],"acf":[],"yoast_head":"<!-- This site is optimized with the Yoast SEO plugin v27.0 - https:\/\/yoast.com\/product\/yoast-seo-wordpress\/ -->\n<title>Pol\u00edtica de Venta y Devoluciones - Nuggela &amp; Sul\u00e9<\/title>\n<meta name=\"description\" content=\"Pol\u00edtica de Vendas e Devolu\u00e7\u00f5es Nuggela &amp; Sul\u00e9. Neste documento, pode consultar a pol\u00edtica de vendas, expedi\u00e7\u00e3o e devolu\u00e7\u00f5es.\" \/>\n<meta name=\"robots\" content=\"index, follow, max-snippet:-1, max-image-preview:large, max-video-preview:-1\" \/>\n<link rel=\"canonical\" href=\"https:\/\/nuggelasule.com\/pt\/politica-vendas-devolucoes\/\" \/>\n<meta property=\"og:locale\" content=\"pt_PT\" \/>\n<meta property=\"og:type\" content=\"article\" \/>\n<meta property=\"og:title\" content=\"Pol\u00edtica de Venta y Devoluciones - Nuggela &amp; Sul\u00e9\" \/>\n<meta property=\"og:description\" content=\"Pol\u00edtica de Vendas e Devolu\u00e7\u00f5es Nuggela &amp; Sul\u00e9. Neste documento, pode consultar a pol\u00edtica de vendas, expedi\u00e7\u00e3o e devolu\u00e7\u00f5es.\" \/>\n<meta property=\"og:url\" content=\"https:\/\/nuggelasule.com\/pt\/politica-vendas-devolucoes\/\" \/>\n<meta property=\"og:site_name\" content=\"Nuggela &amp; Sul\u00e9\" \/>\n<meta property=\"article:publisher\" content=\"https:\/\/www.facebook.com\/nuggelasule\/\" \/>\n<meta property=\"article:modified_time\" content=\"2025-04-01T07:26:04+00:00\" \/>\n<meta property=\"og:image\" content=\"https:\/\/nuggelasule.com\/wp-content\/uploads\/2024\/07\/logos-eco.png\" \/>\n\t<meta property=\"og:image:width\" content=\"1080\" \/>\n\t<meta property=\"og:image:height\" content=\"164\" \/>\n\t<meta property=\"og:image:type\" content=\"image\/png\" \/>\n<meta name=\"twitter:card\" content=\"summary_large_image\" \/>\n<meta name=\"twitter:site\" content=\"@nuggelasule\" \/>\n<meta name=\"twitter:label1\" content=\"Est. reading time\" \/>\n\t<meta name=\"twitter:data1\" content=\"7 minutes\" \/>\n<script type=\"application\/ld+json\" class=\"yoast-schema-graph\">{\"@context\":\"https:\/\/schema.org\",\"@graph\":[{\"@type\":\"WebPage\",\"@id\":\"https:\/\/nuggelasule.com\/pt\/politica-vendas-devolucoes\/\",\"url\":\"https:\/\/nuggelasule.com\/pt\/politica-vendas-devolucoes\/\",\"name\":\"Pol\u00edtica de Venta y Devoluciones - Nuggela & Sul\u00e9\",\"isPartOf\":{\"@id\":\"https:\/\/nuggelasule.com\/#website\"},\"primaryImageOfPage\":{\"@id\":\"https:\/\/nuggelasule.com\/pt\/politica-vendas-devolucoes\/#primaryimage\"},\"image\":{\"@id\":\"https:\/\/nuggelasule.com\/pt\/politica-vendas-devolucoes\/#primaryimage\"},\"thumbnailUrl\":\"https:\/\/nuggelasule.com\/wp-content\/uploads\/2024\/07\/logos-eco-300x46.png\",\"datePublished\":\"2016-11-13T14:39:58+00:00\",\"dateModified\":\"2025-04-01T07:26:04+00:00\",\"description\":\"Pol\u00edtica de Vendas e Devolu\u00e7\u00f5es Nuggela & Sul\u00e9. Neste documento, pode consultar a pol\u00edtica de vendas, expedi\u00e7\u00e3o e devolu\u00e7\u00f5es.\",\"breadcrumb\":{\"@id\":\"https:\/\/nuggelasule.com\/pt\/politica-vendas-devolucoes\/#breadcrumb\"},\"inLanguage\":\"pt\",\"potentialAction\":[{\"@type\":\"ReadAction\",\"target\":[\"https:\/\/nuggelasule.com\/pt\/politica-vendas-devolucoes\/\"]}]},{\"@type\":\"ImageObject\",\"inLanguage\":\"pt\",\"@id\":\"https:\/\/nuggelasule.com\/pt\/politica-vendas-devolucoes\/#primaryimage\",\"url\":\"https:\/\/nuggelasule.com\/wp-content\/uploads\/2024\/07\/logos-eco-300x46.png\",\"contentUrl\":\"https:\/\/nuggelasule.com\/wp-content\/uploads\/2024\/07\/logos-eco-300x46.png\"},{\"@type\":\"BreadcrumbList\",\"@id\":\"https:\/\/nuggelasule.com\/pt\/politica-vendas-devolucoes\/#breadcrumb\",\"itemListElement\":[{\"@type\":\"ListItem\",\"position\":1,\"name\":\"Portada\",\"item\":\"https:\/\/nuggelasule.com\/pt\/\"},{\"@type\":\"ListItem\",\"position\":2,\"name\":\"Pol\u00edtica de Vendas e Devolu\u00e7\u00f5es\"}]},{\"@type\":\"WebSite\",\"@id\":\"https:\/\/nuggelasule.com\/#website\",\"url\":\"https:\/\/nuggelasule.com\/\",\"name\":\"Nuggela &amp; Sul\u00e9\",\"description\":\"Los mejores productos para la salud y belleza del cabello\",\"publisher\":{\"@id\":\"https:\/\/nuggelasule.com\/#organization\"},\"potentialAction\":[{\"@type\":\"SearchAction\",\"target\":{\"@type\":\"EntryPoint\",\"urlTemplate\":\"https:\/\/nuggelasule.com\/?s={search_term_string}\"},\"query-input\":{\"@type\":\"PropertyValueSpecification\",\"valueRequired\":true,\"valueName\":\"search_term_string\"}}],\"inLanguage\":\"pt\"},{\"@type\":\"Organization\",\"@id\":\"https:\/\/nuggelasule.com\/#organization\",\"name\":\"Nuggela&Sul\u00e9 S.L.\",\"url\":\"https:\/\/nuggelasule.com\/\",\"logo\":{\"@type\":\"ImageObject\",\"inLanguage\":\"pt\",\"@id\":\"https:\/\/nuggelasule.com\/#\/schema\/logo\/image\/\",\"url\":\"\",\"contentUrl\":\"\",\"caption\":\"Nuggela&Sul\u00e9 S.L.\"},\"image\":{\"@id\":\"https:\/\/nuggelasule.com\/#\/schema\/logo\/image\/\"},\"sameAs\":[\"https:\/\/www.facebook.com\/nuggelasule\/\",\"https:\/\/x.com\/nuggelasule\",\"https:\/\/www.instagram.com\/nuggela_sule\/\",\"https:\/\/www.linkedin.com\/company\/9406545\",\"https:\/\/www.youtube.com\/channel\/UCP-uGf_c8i2FI4TXfhffEKw\"]}]}<\/script>\n<!-- \/ Yoast SEO plugin. -->","yoast_head_json":{"title":"Pol\u00edtica de Venta y Devoluciones - Nuggela & Sul\u00e9","description":"Pol\u00edtica de Vendas e Devolu\u00e7\u00f5es Nuggela & Sul\u00e9. Neste documento, pode consultar a pol\u00edtica de vendas, expedi\u00e7\u00e3o e devolu\u00e7\u00f5es.","robots":{"index":"index","follow":"follow","max-snippet":"max-snippet:-1","max-image-preview":"max-image-preview:large","max-video-preview":"max-video-preview:-1"},"canonical":"https:\/\/nuggelasule.com\/pt\/politica-vendas-devolucoes\/","og_locale":"pt_PT","og_type":"article","og_title":"Pol\u00edtica de Venta y Devoluciones - Nuggela & Sul\u00e9","og_description":"Pol\u00edtica de Vendas e Devolu\u00e7\u00f5es Nuggela & Sul\u00e9. Neste documento, pode consultar a pol\u00edtica de vendas, expedi\u00e7\u00e3o e devolu\u00e7\u00f5es.","og_url":"https:\/\/nuggelasule.com\/pt\/politica-vendas-devolucoes\/","og_site_name":"Nuggela &amp; Sul\u00e9","article_publisher":"https:\/\/www.facebook.com\/nuggelasule\/","article_modified_time":"2025-04-01T07:26:04+00:00","og_image":[{"width":1080,"height":164,"url":"https:\/\/nuggelasule.com\/wp-content\/uploads\/2024\/07\/logos-eco.png","type":"image\/png"}],"twitter_card":"summary_large_image","twitter_site":"@nuggelasule","twitter_misc":{"Est. reading time":"7 minutes"},"schema":{"@context":"https:\/\/schema.org","@graph":[{"@type":"WebPage","@id":"https:\/\/nuggelasule.com\/pt\/politica-vendas-devolucoes\/","url":"https:\/\/nuggelasule.com\/pt\/politica-vendas-devolucoes\/","name":"Pol\u00edtica de Venta y Devoluciones - Nuggela & Sul\u00e9","isPartOf":{"@id":"https:\/\/nuggelasule.com\/#website"},"primaryImageOfPage":{"@id":"https:\/\/nuggelasule.com\/pt\/politica-vendas-devolucoes\/#primaryimage"},"image":{"@id":"https:\/\/nuggelasule.com\/pt\/politica-vendas-devolucoes\/#primaryimage"},"thumbnailUrl":"https:\/\/nuggelasule.com\/wp-content\/uploads\/2024\/07\/logos-eco-300x46.png","datePublished":"2016-11-13T14:39:58+00:00","dateModified":"2025-04-01T07:26:04+00:00","description":"Pol\u00edtica de Vendas e Devolu\u00e7\u00f5es Nuggela & Sul\u00e9. Neste documento, pode consultar a pol\u00edtica de vendas, expedi\u00e7\u00e3o e devolu\u00e7\u00f5es.","breadcrumb":{"@id":"https:\/\/nuggelasule.com\/pt\/politica-vendas-devolucoes\/#breadcrumb"},"inLanguage":"pt","potentialAction":[{"@type":"ReadAction","target":["https:\/\/nuggelasule.com\/pt\/politica-vendas-devolucoes\/"]}]},{"@type":"ImageObject","inLanguage":"pt","@id":"https:\/\/nuggelasule.com\/pt\/politica-vendas-devolucoes\/#primaryimage","url":"https:\/\/nuggelasule.com\/wp-content\/uploads\/2024\/07\/logos-eco-300x46.png","contentUrl":"https:\/\/nuggelasule.com\/wp-content\/uploads\/2024\/07\/logos-eco-300x46.png"},{"@type":"BreadcrumbList","@id":"https:\/\/nuggelasule.com\/pt\/politica-vendas-devolucoes\/#breadcrumb","itemListElement":[{"@type":"ListItem","position":1,"name":"Portada","item":"https:\/\/nuggelasule.com\/pt\/"},{"@type":"ListItem","position":2,"name":"Pol\u00edtica de Vendas e Devolu\u00e7\u00f5es"}]},{"@type":"WebSite","@id":"https:\/\/nuggelasule.com\/#website","url":"https:\/\/nuggelasule.com\/","name":"Nuggela &amp; Sul\u00e9","description":"Los mejores productos para la salud y belleza del cabello","publisher":{"@id":"https:\/\/nuggelasule.com\/#organization"},"potentialAction":[{"@type":"SearchAction","target":{"@type":"EntryPoint","urlTemplate":"https:\/\/nuggelasule.com\/?s={search_term_string}"},"query-input":{"@type":"PropertyValueSpecification","valueRequired":true,"valueName":"search_term_string"}}],"inLanguage":"pt"},{"@type":"Organization","@id":"https:\/\/nuggelasule.com\/#organization","name":"Nuggela&Sul\u00e9 S.L.","url":"https:\/\/nuggelasule.com\/","logo":{"@type":"ImageObject","inLanguage":"pt","@id":"https:\/\/nuggelasule.com\/#\/schema\/logo\/image\/","url":"","contentUrl":"","caption":"Nuggela&Sul\u00e9 S.L."},"image":{"@id":"https:\/\/nuggelasule.com\/#\/schema\/logo\/image\/"},"sameAs":["https:\/\/www.facebook.com\/nuggelasule\/","https:\/\/x.com\/nuggelasule","https:\/\/www.instagram.com\/nuggela_sule\/","https:\/\/www.linkedin.com\/company\/9406545","https:\/\/www.youtube.com\/channel\/UCP-uGf_c8i2FI4TXfhffEKw"]}]}},"_links":{"self":[{"href":"https:\/\/nuggelasule.com\/pt\/wp-json\/wp\/v2\/pages\/18989","targetHints":{"allow":["GET"]}}],"collection":[{"href":"https:\/\/nuggelasule.com\/pt\/wp-json\/wp\/v2\/pages"}],"about":[{"href":"https:\/\/nuggelasule.com\/pt\/wp-json\/wp\/v2\/types\/page"}],"author":[{"embeddable":true,"href":"https:\/\/nuggelasule.com\/pt\/wp-json\/wp\/v2\/users\/2"}],"replies":[{"embeddable":true,"href":"https:\/\/nuggelasule.com\/pt\/wp-json\/wp\/v2\/comments?post=18989"}],"version-history":[{"count":6,"href":"https:\/\/nuggelasule.com\/pt\/wp-json\/wp\/v2\/pages\/18989\/revisions"}],"predecessor-version":[{"id":24814,"href":"https:\/\/nuggelasule.com\/pt\/wp-json\/wp\/v2\/pages\/18989\/revisions\/24814"}],"wp:attachment":[{"href":"https:\/\/nuggelasule.com\/pt\/wp-json\/wp\/v2\/media?parent=18989"}],"curies":[{"name":"wp","href":"https:\/\/api.w.org\/{rel}","templated":true}]},"billing":{"billing_DNI":""}}