{"id":18988,"date":"2016-11-13T15:30:45","date_gmt":"2016-11-13T15:30:45","guid":{"rendered":"https:\/\/nuggelasule.com\/como-comprar\/"},"modified":"2025-03-31T11:34:14","modified_gmt":"2025-03-31T09:34:14","slug":"como-comprar","status":"publish","type":"page","link":"https:\/\/nuggelasule.com\/pt\/como-comprar\/","title":{"rendered":"Como comprar"},"content":{"rendered":"<h1 style=\"text-align: justify;\">Como e onde comprar os produtos da Nuggela &#038; Sul\u00e9<\/h1>\n<div class=\"row\"  id=\"row-1439467641\">\n\n\t<div id=\"col-1003870649\" class=\"col small-12 large-12\"  >\n\t\t\t\t<div class=\"col-inner text-left\"  >\n\t\t\t\n\t\t\t\n<div class=\"message-box relative\" style=\"padding-top:15px;padding-bottom:15px;\"><div class=\"message-box-bg-image bg-fill fill\" ><\/div><div class=\"message-box-bg-overlay bg-fill fill\" style=\"background-color:rgb(255, 222, 228);\"><\/div><div class=\"container relative\"><div class=\"inner last-reset\">\n<div class=\"row align-middle align-center\"  id=\"row-2684707\">\n\n\t<div id=\"col-2124883823\" class=\"col medium-10 small-12 large-10\"  >\n\t\t\t\t<div class=\"col-inner\"  >\n\t\t\t\n\t\t\t\n<p style=\"text-align: justify;\">Os produtos da Nuggela &#038; Sul\u00e9 est\u00e3o dispon\u00edveis em\u00a0<strong>Farm\u00e1cias<\/strong>, <strong>Parafarm\u00e1cias<\/strong> e <strong>Lojas de Produtos Naturais<\/strong>, tanto em estabelecimentos f\u00edsicos como atrav\u00e9s de venda online.<\/p>\n<p>Al\u00e9m disso, pode adquirir os produtos da Nuggela &#038; Sul\u00e9 neste site, atrav\u00e9s da loja online. Aceda \u00e0 loja atrav\u00e9s do seguinte <span style=\"text-decoration: underline;\"><a href=\"https:\/\/nuggelasule.com\/pt\/categoria-producto\/todos-pt\/\"> <strong>link<\/strong><\/a><\/span>.<\/p>\n\t\t<\/div>\n\t\t\t\t\n<style>\n#col-2124883823 > .col-inner {\n  padding: 0px 0px 0px 0px;\n  margin: 30px 0px 30px 0px;\n}\n<\/style>\n\t<\/div>\n\n\t\n\n<style>\n#row-2684707 > .col > .col-inner {\n  padding: 0px 0px 0px 0px;\n}\n<\/style>\n<\/div>\n<\/div><\/div><\/div>\n<div class=\"row\"  id=\"row-1606010535\">\n<p>\u00a0<\/p>\n\n\t<div id=\"col-1827227746\" class=\"col small-12 large-12\"  >\n\t\t\t\t<div class=\"col-inner text-center\"  >\n\t\t\t\n\t\t\t\n\t<div class=\"img has-hover x md-x lg-x y md-y lg-y\" id=\"image_546585327\">\n\t\t\t\t\t\t\t\t<div class=\"img-inner dark\" >\n\t\t\t<img loading=\"lazy\" decoding=\"async\" width=\"1020\" height=\"373\" src=\"https:\/\/nuggelasule.com\/wp-content\/uploads\/2025\/03\/Ponto-de-venda-PT-1024x374.jpg\" class=\"attachment-large size-large\" alt=\"\" srcset=\"https:\/\/nuggelasule.com\/wp-content\/uploads\/2025\/03\/Ponto-de-venda-PT-1024x374.jpg 1024w, https:\/\/nuggelasule.com\/wp-content\/uploads\/2025\/03\/Ponto-de-venda-PT-300x110.jpg 300w, https:\/\/nuggelasule.com\/wp-content\/uploads\/2025\/03\/Ponto-de-venda-PT-768x280.jpg 768w, https:\/\/nuggelasule.com\/wp-content\/uploads\/2025\/03\/Ponto-de-venda-PT-1536x561.jpg 1536w, https:\/\/nuggelasule.com\/wp-content\/uploads\/2025\/03\/Ponto-de-venda-PT-2048x748.jpg 2048w, https:\/\/nuggelasule.com\/wp-content\/uploads\/2025\/03\/Ponto-de-venda-PT-450x164.jpg 450w, https:\/\/nuggelasule.com\/wp-content\/uploads\/2025\/03\/Ponto-de-venda-PT-510x186.jpg 510w, https:\/\/nuggelasule.com\/wp-content\/uploads\/2025\/03\/Ponto-de-venda-PT-164x60.jpg 164w, https:\/\/nuggelasule.com\/wp-content\/uploads\/2025\/03\/Ponto-de-venda-PT-246x90.jpg 246w\" sizes=\"auto, (max-width: 1020px) 100vw, 1020px\" \/>\t\t\t\t\t\t\n\t\t\t\t\t<\/div>\n\t\t\t\t\t\t\t\t\n<style>\n#image_546585327 {\n  width: 76%;\n}\n<\/style>\n\t<\/div>\n\t\n<h2 style=\"text-align: left;\">Principais pontos de venda:<\/h2>\n\t\t<\/div>\n\t\t\t\t\n<style>\n#col-1827227746 > .col-inner {\n  margin: 0px 0px -35px 0px;\n}\n<\/style>\n\t<\/div>\n\n\t\n<\/div>\n\t<div class=\"img has-hover x md-x lg-x y md-y lg-y\" id=\"image_382868861\">\n\t\t\t\t\t\t\t\t<div class=\"img-inner dark\" >\n\t\t\t<img loading=\"lazy\" decoding=\"async\" width=\"1020\" height=\"429\" src=\"https:\/\/nuggelasule.com\/wp-content\/uploads\/2024\/07\/puntos-de-venta-1024x431.jpg\" class=\"attachment-large size-large\" alt=\"\" srcset=\"https:\/\/nuggelasule.com\/wp-content\/uploads\/2024\/07\/puntos-de-venta-1024x431.jpg 1024w, https:\/\/nuggelasule.com\/wp-content\/uploads\/2024\/07\/puntos-de-venta-300x126.jpg 300w, https:\/\/nuggelasule.com\/wp-content\/uploads\/2024\/07\/puntos-de-venta-768x323.jpg 768w, https:\/\/nuggelasule.com\/wp-content\/uploads\/2024\/07\/puntos-de-venta-1536x647.jpg 1536w, https:\/\/nuggelasule.com\/wp-content\/uploads\/2024\/07\/puntos-de-venta-450x189.jpg 450w, https:\/\/nuggelasule.com\/wp-content\/uploads\/2024\/07\/puntos-de-venta-510x215.jpg 510w, https:\/\/nuggelasule.com\/wp-content\/uploads\/2024\/07\/puntos-de-venta-143x60.jpg 143w, https:\/\/nuggelasule.com\/wp-content\/uploads\/2024\/07\/puntos-de-venta-214x90.jpg 214w, https:\/\/nuggelasule.com\/wp-content\/uploads\/2024\/07\/puntos-de-venta.jpg 1900w\" sizes=\"auto, (max-width: 1020px) 100vw, 1020px\" \/>\t\t\t\t\t\t\n\t\t\t\t\t<\/div>\n\t\t\t\t\t\t\t\t\n<style>\n#image_382868861 {\n  width: 100%;\n}\n<\/style>\n\t<\/div>\n\t\n\t<div id=\"gap-1286076799\" class=\"gap-element clearfix\" style=\"display:block; height:auto;\">\n\t\t\n<style>\n#gap-1286076799 {\n  padding-top: 50px;\n}\n<\/style>\n\t<\/div>\n\t\n<h3><\/h3>\n<h2>Informa\u00e7\u00f5es sobre Compras Online:<\/h2>\n<p><span style=\"font-size: 105%;\"><span style=\"background-color: #ffdee4;\"><strong>&#8211; Preciso de me registar para fazer uma compra? &#8211;<\/strong><\/span><\/span><\/p>\n<ul>\n<li>N\u00e3o \u00e9 obrigat\u00f3rio registar-se, mas \u00e9 recomend\u00e1vel. Se no futuro quiser voltar a fazer uma compra e j\u00e1 tiver o registo completo, poupar\u00e1 tempo por n\u00e3o ter de voltar a preencher todos os seus dados pessoais<\/li>\n<\/ul>\n<p><span style=\"font-size: 105%;\"><span style=\"background-color: #ffdee4;\"><strong>&#8211; Quais s\u00e3o os custos de envio? E os prazos de entrega? &#8211;<\/strong><\/span><\/span><\/p>\n<ul>\n<li>Os produtos que encomendar ser\u00e3o entregues \u00e0 pessoa e na morada indicada no seu pedido<\/li>\n<li>Por defeito, enviaremos a fatura para o e-mail que forneceu aquando do registo em www.nuggelasule.com<\/li>\n<li>N\u00e3o realizamos envios nem entregas aos s\u00e1bados, domingos ou feriados. Ainda assim, eventuais atrasos n\u00e3o implicam o cancelamento da encomenda nem d\u00e3o direito a qualquer indemniza\u00e7\u00e3o<\/li>\n<li>Se fizer a sua encomenda depois das 13:00, esta ser\u00e1 preparada e enviada no dia \u00fatil seguinte<\/li>\n<li>Regra geral, o prazo de entrega \u00e9 de 48 horas para encomendas dentro da Pen\u00ednsula Ib\u00e9rica<\/li>\n<li>Consideramos uma encomenda como \u201centregue\u201d no momento em que o transportador lhe entrega a embalagem e assina o comprovativo de rece\u00e7\u00e3o. Recomendamos que verifique o estado da embalagem no momento da entrega e que registe qualquer anomalia no comprovativo de entrega<\/li>\n<\/ul>\n<p><span style=\"font-size: 105%;\"><span style=\"background-color: #ffdee4;\"><strong>&#8211; Envios Nacionais &#8211;<\/strong><\/span><\/span><\/p>\n<ul>\n<li>O custo de envio para a <strong>Pen\u00ednsula Espanhola<\/strong> (<strong>exceto ilhas<\/strong>) \u00e9 de <strong>4,95\u20ac<\/strong>. Para encomendas <strong>superiores a 40\u20ac<\/strong>, o <strong>envio \u00e9 GR\u00c1TIS<\/strong><\/li>\n<li>O custo de envio para as <strong>Ilhas Baleares<\/strong> \u00e9 de <strong>8,95\u20ac<\/strong>. Para encomendas <strong>superiores a 60\u20ac<\/strong>, o <strong>envio \u00e9 GR\u00c1TIS<\/strong><\/li>\n<li>O custo de envio para <strong>Ceuta e Melilla<\/strong> \u00e9 de <strong>9,95\u20ac<\/strong>. Para encomendas <strong>superiores a 60\u20ac<\/strong>, o <strong>envio \u00e9 GR\u00c1TIS<\/strong><\/li>\n<li>O custo de envio para as <strong>Can\u00e1rias<\/strong> \u00e9 de <strong>9,95\u20ac<\/strong>. Para encomendas <strong>superiores a 70\u20ac<\/strong>, o <strong>envio \u00e9 GR\u00c1TIS<\/strong><\/li>\n<li><strong>*<\/strong> Se cancelar a sua encomenda antes de o envio ter sido efetuado, n\u00e3o ter\u00e1 qualquer custo. No entanto, <strong>se o envio j\u00e1 tiver sido realizado<\/strong>, <strong>ter\u00e1 de suportar tanto os custos de envio como os de devolu\u00e7\u00e3o<\/strong><\/li>\n<\/ul>\n<p><span style=\"font-size: 105%;\"><span style=\"background-color: #ffdee4;\"><strong>&#8211; Envios Internacionais &#8211;<\/strong><\/span><\/span><\/p>\n<ul>\n<li>O custo de envio para <strong>Portugal<\/strong> \u00e9 de <strong>8,95\u20ac<\/strong>. Para encomendas <strong>superiores a 60\u20ac<\/strong>, o <strong>envio \u00e9 GR\u00c1TIS<\/strong><\/li>\n<li>O custo de envio para <strong>outros pa\u00edses da Uni\u00e3o Europeia<\/strong> \u00e9 de <strong>15\u20ac<\/strong>. Para encomendas <strong>superiores a 70\u20ac<\/strong>, o <strong>envio \u00e9 GR\u00c1TIS<\/strong><\/li>\n<li>Para envios para <strong>pa\u00edses fora da UE<\/strong>, contacte o nosso <strong>servi\u00e7o de apoio ao cliente<\/strong> atrav\u00e9s do e-mail\u00a0<strong>info@nuggelasule.com<\/strong><\/li>\n<li><strong>* A Nuggela &#038; Sul\u00e9 n\u00e3o se responsabiliza por quaisquer taxas alfandeg\u00e1rias ou impostos que possam ser aplicados pelos pa\u00edses de destino<\/strong><\/li>\n<\/ul>\n<p><span style=\"font-size: 105%;\"><span style=\"background-color: #ffdee4;\"><strong>&#8211; \u00c9 seguro comprar na loja online da Nuggela &#038; Sul\u00e9? &#8211;<\/strong><\/span><\/span><\/p>\n<ul>\n<li>Sim, pode faz\u00ea-lo com total tranquilidade. Todas as opera\u00e7\u00f5es relacionadas com a sua encomenda \u2013 especialmente o pagamento online com cart\u00e3o banc\u00e1rio \u2013 est\u00e3o protegidas. A transa\u00e7\u00e3o \u00e9 realizada atrav\u00e9s de um servidor seguro (SSL) e o n\u00famero do seu cart\u00e3o permanece sempre encriptado<\/li>\n<\/ul>\n<p><span style=\"font-size: 105%;\"><span style=\"background-color: #ffdee4;\"><strong>&#8211; Quem pode comprar na loja online? &#8211;<\/strong><\/span><\/span><\/p>\n<ul>\n<li>A loja online da Nuggela &#038; Sul\u00e9 destina-se a pessoas maiores de idade que atuem como consumidores finais<\/li>\n<\/ul>\n\t\t<\/div>\n\t\t\t\t\n<style>\n#col-1003870649 > .col-inner {\n  padding: 10px 0px 0px 0px;\n}\n<\/style>\n\t<\/div>\n\n\t\n<\/div>\n<hr size=\"10\" \/>\n<div class=\"message-box relative dark\" style=\"padding-top:23px;padding-bottom:23px;\"><div class=\"message-box-bg-image bg-fill fill\" ><\/div><div class=\"message-box-bg-overlay bg-fill fill\" style=\"background-color:rgb(255, 215, 177);\"><\/div><div class=\"container relative\"><div class=\"inner last-reset\">\n<div class=\"row align-middle align-center\"  id=\"row-779613551\">\n\n\t<div id=\"col-553923202\" class=\"col medium-10 small-12 large-10\"  >\n\t\t\t\t<div class=\"col-inner\"  >\n\t\t\t\n\t\t\t\n\t<div id=\"text-1107997793\" class=\"text\">\n\t\t\n<p style=\"text-align: center;\"><strong>A NUGGELA &#038; SUL\u00c9 \u00c9 QUALIDADE, \u00c9TICA, SUSTENTABILIDADE E EFIC\u00c1CIA<\/strong><\/p>\n<p style=\"text-align: center;\"><img loading=\"lazy\" decoding=\"async\" class=\"aligncenter wp-image-22688\" src=\"https:\/\/nuggelasule.com\/wp-content\/uploads\/2024\/07\/logos-eco-300x46.png\" alt=\"\" width=\"500\" height=\"76\" srcset=\"https:\/\/nuggelasule.com\/wp-content\/uploads\/2024\/07\/logos-eco-300x46.png 300w, https:\/\/nuggelasule.com\/wp-content\/uploads\/2024\/07\/logos-eco-1024x155.png 1024w, https:\/\/nuggelasule.com\/wp-content\/uploads\/2024\/07\/logos-eco-768x117.png 768w, https:\/\/nuggelasule.com\/wp-content\/uploads\/2024\/07\/logos-eco-450x68.png 450w, https:\/\/nuggelasule.com\/wp-content\/uploads\/2024\/07\/logos-eco-510x77.png 510w, https:\/\/nuggelasule.com\/wp-content\/uploads\/2024\/07\/logos-eco-190x29.png 190w, https:\/\/nuggelasule.com\/wp-content\/uploads\/2024\/07\/logos-eco-593x90.png 593w, https:\/\/nuggelasule.com\/wp-content\/uploads\/2024\/07\/logos-eco.png 1080w\" sizes=\"auto, (max-width: 500px) 100vw, 500px\" \/><\/p>\n<p style=\"text-align: center;\"><span style=\"font-size: 85%; color: #333333;\">A Nuggela &#038; Sul\u00e9 n\u00e3o testa as suas f\u00f3rmulas em animais, alinhando-se com a pol\u00edtica Cruelty Free. Todos os produtos da Nuggela &#038; Sul\u00e9 s\u00e3o testados sob controlo dermatol\u00f3gico<\/span><\/p>\n\t\t\n<style>\n#text-1107997793 {\n  color: rgb(0,0,0);\n}\n#text-1107997793 > * {\n  color: rgb(0,0,0);\n}\n<\/style>\n\t<\/div>\n\t\n\t\t<\/div>\n\t\t\t\t\t<\/div>\n\n\t\n<\/div>\n<\/div><\/div><\/div>\n","protected":false},"excerpt":{"rendered":"<p>Como e onde comprar os produtos da Nuggela &#038; Sul\u00e9<\/p>\n","protected":false},"author":2,"featured_media":0,"parent":0,"menu_order":0,"comment_status":"closed","ping_status":"closed","template":"","meta":{"_acf_changed":false,"footnotes":""},"class_list":["post-18988","page","type-page","status-publish","hentry"],"acf":[],"yoast_head":"<!-- This site is optimized with the Yoast SEO plugin v27.0 - https:\/\/yoast.com\/product\/yoast-seo-wordpress\/ -->\n<title>Como comprar - Nuggela &amp; Sul\u00e9<\/title>\n<meta name=\"description\" content=\"Como comprar Nuggela &amp; Sul\u00e9. Neste documento, voc\u00ea pode consultar os pontos de venda e informa\u00e7\u00f5es de compra on-line\" \/>\n<meta name=\"robots\" content=\"index, follow, max-snippet:-1, max-image-preview:large, max-video-preview:-1\" \/>\n<link rel=\"canonical\" href=\"https:\/\/nuggelasule.com\/pt\/como-comprar\/\" \/>\n<meta property=\"og:locale\" content=\"pt_PT\" \/>\n<meta property=\"og:type\" content=\"article\" \/>\n<meta property=\"og:title\" content=\"Como comprar - Nuggela &amp; Sul\u00e9\" \/>\n<meta property=\"og:description\" content=\"Como comprar Nuggela &amp; Sul\u00e9. Neste documento, voc\u00ea pode consultar os pontos de venda e informa\u00e7\u00f5es de compra on-line\" \/>\n<meta property=\"og:url\" content=\"https:\/\/nuggelasule.com\/pt\/como-comprar\/\" \/>\n<meta property=\"og:site_name\" content=\"Nuggela &amp; Sul\u00e9\" \/>\n<meta property=\"article:publisher\" content=\"https:\/\/www.facebook.com\/nuggelasule\/\" \/>\n<meta property=\"article:modified_time\" content=\"2025-03-31T09:34:14+00:00\" \/>\n<meta property=\"og:image\" content=\"https:\/\/nuggelasule.com\/wp-content\/uploads\/2024\/07\/logos-eco-300x46.png\" \/>\n<meta name=\"twitter:card\" content=\"summary_large_image\" \/>\n<meta name=\"twitter:site\" content=\"@nuggelasule\" \/>\n<meta name=\"twitter:label1\" content=\"Est. reading time\" \/>\n\t<meta name=\"twitter:data1\" content=\"4 minutes\" \/>\n<script type=\"application\/ld+json\" class=\"yoast-schema-graph\">{\"@context\":\"https:\/\/schema.org\",\"@graph\":[{\"@type\":\"WebPage\",\"@id\":\"https:\/\/nuggelasule.com\/pt\/como-comprar\/\",\"url\":\"https:\/\/nuggelasule.com\/pt\/como-comprar\/\",\"name\":\"Como comprar - Nuggela & Sul\u00e9\",\"isPartOf\":{\"@id\":\"https:\/\/nuggelasule.com\/#website\"},\"primaryImageOfPage\":{\"@id\":\"https:\/\/nuggelasule.com\/pt\/como-comprar\/#primaryimage\"},\"image\":{\"@id\":\"https:\/\/nuggelasule.com\/pt\/como-comprar\/#primaryimage\"},\"thumbnailUrl\":\"https:\/\/nuggelasule.com\/wp-content\/uploads\/2024\/07\/logos-eco-300x46.png\",\"datePublished\":\"2016-11-13T15:30:45+00:00\",\"dateModified\":\"2025-03-31T09:34:14+00:00\",\"description\":\"Como comprar Nuggela & Sul\u00e9. Neste documento, voc\u00ea pode consultar os pontos de venda e informa\u00e7\u00f5es de compra on-line\",\"breadcrumb\":{\"@id\":\"https:\/\/nuggelasule.com\/pt\/como-comprar\/#breadcrumb\"},\"inLanguage\":\"pt\",\"potentialAction\":[{\"@type\":\"ReadAction\",\"target\":[\"https:\/\/nuggelasule.com\/pt\/como-comprar\/\"]}]},{\"@type\":\"ImageObject\",\"inLanguage\":\"pt\",\"@id\":\"https:\/\/nuggelasule.com\/pt\/como-comprar\/#primaryimage\",\"url\":\"https:\/\/nuggelasule.com\/wp-content\/uploads\/2024\/07\/logos-eco-300x46.png\",\"contentUrl\":\"https:\/\/nuggelasule.com\/wp-content\/uploads\/2024\/07\/logos-eco-300x46.png\"},{\"@type\":\"BreadcrumbList\",\"@id\":\"https:\/\/nuggelasule.com\/pt\/como-comprar\/#breadcrumb\",\"itemListElement\":[{\"@type\":\"ListItem\",\"position\":1,\"name\":\"Portada\",\"item\":\"https:\/\/nuggelasule.com\/pt\/\"},{\"@type\":\"ListItem\",\"position\":2,\"name\":\"Como comprar\"}]},{\"@type\":\"WebSite\",\"@id\":\"https:\/\/nuggelasule.com\/#website\",\"url\":\"https:\/\/nuggelasule.com\/\",\"name\":\"Nuggela &amp; Sul\u00e9\",\"description\":\"Los mejores productos para la salud y belleza del cabello\",\"publisher\":{\"@id\":\"https:\/\/nuggelasule.com\/#organization\"},\"potentialAction\":[{\"@type\":\"SearchAction\",\"target\":{\"@type\":\"EntryPoint\",\"urlTemplate\":\"https:\/\/nuggelasule.com\/?s={search_term_string}\"},\"query-input\":{\"@type\":\"PropertyValueSpecification\",\"valueRequired\":true,\"valueName\":\"search_term_string\"}}],\"inLanguage\":\"pt\"},{\"@type\":\"Organization\",\"@id\":\"https:\/\/nuggelasule.com\/#organization\",\"name\":\"Nuggela&Sul\u00e9 S.L.\",\"url\":\"https:\/\/nuggelasule.com\/\",\"logo\":{\"@type\":\"ImageObject\",\"inLanguage\":\"pt\",\"@id\":\"https:\/\/nuggelasule.com\/#\/schema\/logo\/image\/\",\"url\":\"\",\"contentUrl\":\"\",\"caption\":\"Nuggela&Sul\u00e9 S.L.\"},\"image\":{\"@id\":\"https:\/\/nuggelasule.com\/#\/schema\/logo\/image\/\"},\"sameAs\":[\"https:\/\/www.facebook.com\/nuggelasule\/\",\"https:\/\/x.com\/nuggelasule\",\"https:\/\/www.instagram.com\/nuggela_sule\/\",\"https:\/\/www.linkedin.com\/company\/9406545\",\"https:\/\/www.youtube.com\/channel\/UCP-uGf_c8i2FI4TXfhffEKw\"]}]}<\/script>\n<!-- \/ Yoast SEO plugin. -->","yoast_head_json":{"title":"Como comprar - Nuggela & Sul\u00e9","description":"Como comprar Nuggela & Sul\u00e9. Neste documento, voc\u00ea pode consultar os pontos de venda e informa\u00e7\u00f5es de compra on-line","robots":{"index":"index","follow":"follow","max-snippet":"max-snippet:-1","max-image-preview":"max-image-preview:large","max-video-preview":"max-video-preview:-1"},"canonical":"https:\/\/nuggelasule.com\/pt\/como-comprar\/","og_locale":"pt_PT","og_type":"article","og_title":"Como comprar - Nuggela & Sul\u00e9","og_description":"Como comprar Nuggela & Sul\u00e9. Neste documento, voc\u00ea pode consultar os pontos de venda e informa\u00e7\u00f5es de compra on-line","og_url":"https:\/\/nuggelasule.com\/pt\/como-comprar\/","og_site_name":"Nuggela &amp; Sul\u00e9","article_publisher":"https:\/\/www.facebook.com\/nuggelasule\/","article_modified_time":"2025-03-31T09:34:14+00:00","og_image":[{"url":"https:\/\/nuggelasule.com\/wp-content\/uploads\/2024\/07\/logos-eco-300x46.png","type":"","width":"","height":""}],"twitter_card":"summary_large_image","twitter_site":"@nuggelasule","twitter_misc":{"Est. reading time":"4 minutes"},"schema":{"@context":"https:\/\/schema.org","@graph":[{"@type":"WebPage","@id":"https:\/\/nuggelasule.com\/pt\/como-comprar\/","url":"https:\/\/nuggelasule.com\/pt\/como-comprar\/","name":"Como comprar - Nuggela & Sul\u00e9","isPartOf":{"@id":"https:\/\/nuggelasule.com\/#website"},"primaryImageOfPage":{"@id":"https:\/\/nuggelasule.com\/pt\/como-comprar\/#primaryimage"},"image":{"@id":"https:\/\/nuggelasule.com\/pt\/como-comprar\/#primaryimage"},"thumbnailUrl":"https:\/\/nuggelasule.com\/wp-content\/uploads\/2024\/07\/logos-eco-300x46.png","datePublished":"2016-11-13T15:30:45+00:00","dateModified":"2025-03-31T09:34:14+00:00","description":"Como comprar Nuggela & Sul\u00e9. Neste documento, voc\u00ea pode consultar os pontos de venda e informa\u00e7\u00f5es de compra on-line","breadcrumb":{"@id":"https:\/\/nuggelasule.com\/pt\/como-comprar\/#breadcrumb"},"inLanguage":"pt","potentialAction":[{"@type":"ReadAction","target":["https:\/\/nuggelasule.com\/pt\/como-comprar\/"]}]},{"@type":"ImageObject","inLanguage":"pt","@id":"https:\/\/nuggelasule.com\/pt\/como-comprar\/#primaryimage","url":"https:\/\/nuggelasule.com\/wp-content\/uploads\/2024\/07\/logos-eco-300x46.png","contentUrl":"https:\/\/nuggelasule.com\/wp-content\/uploads\/2024\/07\/logos-eco-300x46.png"},{"@type":"BreadcrumbList","@id":"https:\/\/nuggelasule.com\/pt\/como-comprar\/#breadcrumb","itemListElement":[{"@type":"ListItem","position":1,"name":"Portada","item":"https:\/\/nuggelasule.com\/pt\/"},{"@type":"ListItem","position":2,"name":"Como comprar"}]},{"@type":"WebSite","@id":"https:\/\/nuggelasule.com\/#website","url":"https:\/\/nuggelasule.com\/","name":"Nuggela &amp; Sul\u00e9","description":"Los mejores productos para la salud y belleza del cabello","publisher":{"@id":"https:\/\/nuggelasule.com\/#organization"},"potentialAction":[{"@type":"SearchAction","target":{"@type":"EntryPoint","urlTemplate":"https:\/\/nuggelasule.com\/?s={search_term_string}"},"query-input":{"@type":"PropertyValueSpecification","valueRequired":true,"valueName":"search_term_string"}}],"inLanguage":"pt"},{"@type":"Organization","@id":"https:\/\/nuggelasule.com\/#organization","name":"Nuggela&Sul\u00e9 S.L.","url":"https:\/\/nuggelasule.com\/","logo":{"@type":"ImageObject","inLanguage":"pt","@id":"https:\/\/nuggelasule.com\/#\/schema\/logo\/image\/","url":"","contentUrl":"","caption":"Nuggela&Sul\u00e9 S.L."},"image":{"@id":"https:\/\/nuggelasule.com\/#\/schema\/logo\/image\/"},"sameAs":["https:\/\/www.facebook.com\/nuggelasule\/","https:\/\/x.com\/nuggelasule","https:\/\/www.instagram.com\/nuggela_sule\/","https:\/\/www.linkedin.com\/company\/9406545","https:\/\/www.youtube.com\/channel\/UCP-uGf_c8i2FI4TXfhffEKw"]}]}},"_links":{"self":[{"href":"https:\/\/nuggelasule.com\/pt\/wp-json\/wp\/v2\/pages\/18988","targetHints":{"allow":["GET"]}}],"collection":[{"href":"https:\/\/nuggelasule.com\/pt\/wp-json\/wp\/v2\/pages"}],"about":[{"href":"https:\/\/nuggelasule.com\/pt\/wp-json\/wp\/v2\/types\/page"}],"author":[{"embeddable":true,"href":"https:\/\/nuggelasule.com\/pt\/wp-json\/wp\/v2\/users\/2"}],"replies":[{"embeddable":true,"href":"https:\/\/nuggelasule.com\/pt\/wp-json\/wp\/v2\/comments?post=18988"}],"version-history":[{"count":8,"href":"https:\/\/nuggelasule.com\/pt\/wp-json\/wp\/v2\/pages\/18988\/revisions"}],"predecessor-version":[{"id":24764,"href":"https:\/\/nuggelasule.com\/pt\/wp-json\/wp\/v2\/pages\/18988\/revisions\/24764"}],"wp:attachment":[{"href":"https:\/\/nuggelasule.com\/pt\/wp-json\/wp\/v2\/media?parent=18988"}],"curies":[{"name":"wp","href":"https:\/\/api.w.org\/{rel}","templated":true}]},"billing":{"billing_DNI":""}}