{"id":18981,"date":"2021-04-16T13:41:10","date_gmt":"2021-04-16T11:41:10","guid":{"rendered":"https:\/\/nuggelasule.com\/aceite-de-amapola\/"},"modified":"2025-03-25T13:43:47","modified_gmt":"2025-03-25T12:43:47","slug":"aceite-de-amapola","status":"publish","type":"page","link":"https:\/\/nuggelasule.com\/pt\/aceite-de-amapola\/","title":{"rendered":"\u00d3leo de Papoila"},"content":{"rendered":"  <div id=\"page-header-630187364\" class=\"page-header-wrapper\">\n  <div class=\"page-title dark simple-title has-parallax\">\n\n        <div class=\"page-title-bg\">\n      <div class=\"title-bg fill bg-fill\"\n        data-parallax-container=\".page-title\"\n        data-parallax-background\n        data-parallax=\"-6\">\n      <\/div>\n      <div class=\"title-overlay fill\"><\/div>\n    <\/div>\n    \n    <div class=\"page-title-inner container align-center text-center flex-row-col medium-flex-wrap\" data-parallax-fade=\"true\" data-parallax=\"-1\">\n            <div class=\"title-content flex-col\">\n              <\/div>\n    <\/div>\n\n     \n<style>\n#page-header-630187364 .page-title-inner {\n  min-height: 400px;\n}\n#page-header-630187364 {\n  margin-bottom: 0px;\n}\n#page-header-630187364 .title-bg {\n  background-image: url(https:\/\/nuggelasule.com\/wp-content\/uploads\/2021\/04\/amapolas.jpg);\n}\n<\/style>\n  <\/div>\n    <\/div>\n  \n<div class=\"text-center\"><div class=\"is-divider divider clearfix\" style=\"background-color:rgb(255, 255, 255);\"><\/div><\/div>\n<h1>\u00d3LEO DE PAPOILA<\/h1>\n<p style=\"text-align: justify;\">Extra\u00eddo da semente por prensagem a frio para reter 100% dos seus nutrientes. Um \u00f3leo natural, cru, com elevadas propriedades para cuidar do cabelo, especialmente das zonas mais danificadas, como as pontas.<\/p>\n<p>Grande fonte de <strong>\u00e1cidos gordos<\/strong>, <strong>vitaminas do complexo B<\/strong> e com um conte\u00fado significativo de <strong>ester\u00f3is<\/strong>, ideais para o cuidado capilar. \u00c9 f\u00e1cil de preparar e ideal para utilizar em formula\u00e7\u00f5es para o cuidado do cabelo e da pele. Um emoliente natural que previne a perda de humidade e hidrata durante a aplica\u00e7\u00e3o.<\/p>\n<hr \/>\n<h3>\u00a0<\/h3>\n<h3><span style=\"background-color: #ffdee4;\">ESTUDO CL\u00cdNICO SOBRE O CUIDADO DO CABELO<\/span><\/h3>\n<p>Foi realizado um estudo com 15 volunt\u00e1rios. Os participantes lavaram o cabelo com um champ\u00f4 antes de aplicarem um dos dois condicionadores fornecidos. Um dos condicionadores era placebo e o outro continha 1% de \u00f3leo virgem de semente de papoila. No dia seguinte, os participantes repetiram o mesmo procedimento, aplicando o condicionador que n\u00e3o tinham utilizado no dia anterior.<\/p>\n<p>\u00a0<\/p>\n<div class=\"row row-large\"  id=\"row-4698297\">\n\n\t<div id=\"col-195291912\" class=\"col medium-6 small-12 large-6\"  >\n\t\t\t\t<div class=\"col-inner\"  >\n\t\t\t\n\t\t\t\n<h3><span style=\"background-color: #ffdee4;\">RESULTADOS DO ESTUDO<\/span><\/h3>\n<p>As maiores melhorias ao utilizar o condicionador com \u00f3leo de papoila foram observadas na facilidade de pentear o cabelo molhado, na sensa\u00e7\u00e3o ao toque com o cabelo ainda h\u00famido e no pentear do cabelo seco.<\/p>\n<p><strong>O \u00f3leo de papoila no cabelo melhora:<\/strong><\/p>\n<ul>\n<li>O pentear do cabelo molhado<\/li>\n<li>A sensa\u00e7\u00e3o ao toque do cabelo h\u00famido<\/li>\n<li>O pentear do cabelo seco<\/li>\n<li>Facilita o enxaguamento<\/li>\n<li>Facilita a secagem<\/li>\n<li>Suaviza e melhora a condi\u00e7\u00e3o do cabelo<\/li>\n<\/ul>\n\t\t<\/div>\n\t\t\t\t\t<\/div>\n\n\t\n\n\t<div id=\"col-2119040968\" class=\"col medium-6 small-12 large-6\"  >\n\t\t\t\t<div class=\"col-inner\"  >\n\t\t\t\n\t\t\t\n\t<div class=\"img has-hover x md-x lg-x y md-y lg-y\" id=\"image_587956147\">\n\t\t\t\t\t\t\t\t<div class=\"img-inner dark\" >\n\t\t\t<img loading=\"lazy\" decoding=\"async\" width=\"500\" height=\"384\" src=\"https:\/\/nuggelasule.com\/wp-content\/uploads\/2021\/04\/aceite-semilla-amapola-2.jpg\" class=\"attachment-large size-large\" alt=\"\" srcset=\"https:\/\/nuggelasule.com\/wp-content\/uploads\/2021\/04\/aceite-semilla-amapola-2.jpg 500w, https:\/\/nuggelasule.com\/wp-content\/uploads\/2021\/04\/aceite-semilla-amapola-2-300x230.jpg 300w, https:\/\/nuggelasule.com\/wp-content\/uploads\/2021\/04\/aceite-semilla-amapola-2-450x346.jpg 450w, https:\/\/nuggelasule.com\/wp-content\/uploads\/2021\/04\/aceite-semilla-amapola-2-78x60.jpg 78w, https:\/\/nuggelasule.com\/wp-content\/uploads\/2021\/04\/aceite-semilla-amapola-2-117x90.jpg 117w\" sizes=\"auto, (max-width: 500px) 100vw, 500px\" \/>\t\t\t\t\t\t\n\t\t\t\t\t<\/div>\n\t\t\t\t\t\t\t\t\n<style>\n#image_587956147 {\n  width: 90%;\n}\n<\/style>\n\t<\/div>\n\t\n\t\t<\/div>\n\t\t\t\t\t<\/div>\n\n\t\n<\/div>\n<div class=\"row row-full-width align-middle align-center\"  id=\"row-988025889\">\n\n\t<div id=\"col-1972988004\" class=\"col medium-9 small-12 large-9\"  >\n\t\t\t\t<div class=\"col-inner text-left\"  >\n\t\t\t\n\t\t\t\n<div class=\"message-box relative\" style=\"padding-top:44px;padding-bottom:44px;\"><div class=\"message-box-bg-image bg-fill fill\" ><\/div><div class=\"message-box-bg-overlay bg-fill fill\" style=\"background-color:rgb(255, 222, 228);\"><\/div><div class=\"container relative\"><div class=\"inner last-reset\">\n<div class=\"row align-middle align-center\"  id=\"row-1149126846\">\n\n\t<div id=\"col-892570856\" class=\"col medium-9 small-12 large-9\"  >\n\t\t\t\t<div class=\"col-inner\"  >\n\t\t\t\n\t\t\t\n<h3>BENEF\u00cdCIOS PARA O CABELO<\/h3>\n<ul>\n<li>Melhora a capacidade de pentear o cabelo seco e molhado<\/li>\n<li>Proporciona uma sensa\u00e7\u00e3o sedosa<\/li>\n<li>Suaviza o cabelo e as pontas<\/li>\n<li>Nutre o cabelo, especialmente com antioxidantes<\/li>\n<\/ul>\n\t\t<\/div>\n\t\t\t\t\t<\/div>\n\n\t\n<\/div>\n<\/div><\/div><\/div>\n\t\t<\/div>\n\t\t\t\t\t<\/div>\n\n\t\n<\/div>\n<p><strong>PRODUTOS QUE CONT\u00caM ESTE INGREDIENTE ATIVO<\/strong><\/p>\n<div class=\"woocommerce columns-4 \"><div class=\"products row row-small large-columns-4 medium-columns-3 small-columns-2 has-equal-box-heights\">\n<div class=\"product-small col has-hover product type-product post-19165 status-publish first instock product_cat-condicionadores-outros-pt product_cat-todos-pt product_tag-cabellos-secos-pt product_tag-hidratacion-pt has-post-thumbnail taxable shipping-taxable purchasable product-type-simple\">\n\t<div class=\"col-inner\">\n\t\n<div class=\"badge-container absolute left top z-1\">\n\n<\/div>\n\t<div class=\"product-small box \">\n\t\t<div class=\"box-image\">\n\t\t\t<div class=\"image-fade_in_back\">\n\t\t\t\t<a href=\"https:\/\/nuggelasule.com\/pt\/producto\/tucuma-hair-mask-mascara-capilar-manteiga-de-tucuma-fios-naturais-nuggela-sule-nutricao-reparacao-brilho\/\">\n\t\t\t\t\t<img loading=\"lazy\" decoding=\"async\" width=\"450\" height=\"450\" src=\"https:\/\/nuggelasule.com\/wp-content\/uploads\/2016\/11\/8437014761634_1_Tucuma-Hair-Mask-450x450.jpg\" class=\"attachment-woocommerce_thumbnail size-woocommerce_thumbnail\" alt=\"Tucuma Hair Mask\" srcset=\"https:\/\/nuggelasule.com\/wp-content\/uploads\/2016\/11\/8437014761634_1_Tucuma-Hair-Mask-450x450.jpg 450w, https:\/\/nuggelasule.com\/wp-content\/uploads\/2016\/11\/8437014761634_1_Tucuma-Hair-Mask-300x300.jpg 300w, https:\/\/nuggelasule.com\/wp-content\/uploads\/2016\/11\/8437014761634_1_Tucuma-Hair-Mask-1024x1024.jpg 1024w, https:\/\/nuggelasule.com\/wp-content\/uploads\/2016\/11\/8437014761634_1_Tucuma-Hair-Mask-122x122.jpg 122w, https:\/\/nuggelasule.com\/wp-content\/uploads\/2016\/11\/8437014761634_1_Tucuma-Hair-Mask-768x768.jpg 768w, https:\/\/nuggelasule.com\/wp-content\/uploads\/2016\/11\/8437014761634_1_Tucuma-Hair-Mask-1536x1536.jpg 1536w, https:\/\/nuggelasule.com\/wp-content\/uploads\/2016\/11\/8437014761634_1_Tucuma-Hair-Mask-510x510.jpg 510w, https:\/\/nuggelasule.com\/wp-content\/uploads\/2016\/11\/8437014761634_1_Tucuma-Hair-Mask-100x100.jpg 100w, https:\/\/nuggelasule.com\/wp-content\/uploads\/2016\/11\/8437014761634_1_Tucuma-Hair-Mask-32x32.jpg 32w, https:\/\/nuggelasule.com\/wp-content\/uploads\/2016\/11\/8437014761634_1_Tucuma-Hair-Mask-60x60.jpg 60w, https:\/\/nuggelasule.com\/wp-content\/uploads\/2016\/11\/8437014761634_1_Tucuma-Hair-Mask-90x90.jpg 90w, https:\/\/nuggelasule.com\/wp-content\/uploads\/2016\/11\/8437014761634_1_Tucuma-Hair-Mask.jpg 1800w\" sizes=\"auto, (max-width: 450px) 100vw, 450px\" \/><img loading=\"lazy\" decoding=\"async\" width=\"450\" height=\"450\" src=\"https:\/\/nuggelasule.com\/wp-content\/uploads\/2016\/11\/B07XBSMD7R.PT01-450x450.jpg\" class=\"show-on-hover absolute fill hide-for-small back-image\" alt=\"Alternative view of Tucuma Hair Mask\" aria-hidden=\"true\" srcset=\"https:\/\/nuggelasule.com\/wp-content\/uploads\/2016\/11\/B07XBSMD7R.PT01-450x450.jpg 450w, https:\/\/nuggelasule.com\/wp-content\/uploads\/2016\/11\/B07XBSMD7R.PT01-300x300.jpg 300w, https:\/\/nuggelasule.com\/wp-content\/uploads\/2016\/11\/B07XBSMD7R.PT01-1024x1024.jpg 1024w, https:\/\/nuggelasule.com\/wp-content\/uploads\/2016\/11\/B07XBSMD7R.PT01-122x122.jpg 122w, https:\/\/nuggelasule.com\/wp-content\/uploads\/2016\/11\/B07XBSMD7R.PT01-768x768.jpg 768w, https:\/\/nuggelasule.com\/wp-content\/uploads\/2016\/11\/B07XBSMD7R.PT01-510x510.jpg 510w, https:\/\/nuggelasule.com\/wp-content\/uploads\/2016\/11\/B07XBSMD7R.PT01-100x100.jpg 100w, https:\/\/nuggelasule.com\/wp-content\/uploads\/2016\/11\/B07XBSMD7R.PT01-32x32.jpg 32w, https:\/\/nuggelasule.com\/wp-content\/uploads\/2016\/11\/B07XBSMD7R.PT01.jpg 1097w\" sizes=\"auto, (max-width: 450px) 100vw, 450px\" \/>\t\t\t\t<\/a>\n\t\t\t<\/div>\n\t\t\t<div class=\"image-tools is-small top right show-on-hover\">\n\t\t\t\t\t\t\t<\/div>\n\t\t\t<div class=\"image-tools is-small hide-for-small bottom left show-on-hover\">\n\t\t\t\t\t\t\t<\/div>\n\t\t\t<div class=\"image-tools grid-tools text-center hide-for-small bottom hover-slide-in show-on-hover\">\n\t\t\t\t\t\t\t<\/div>\n\t\t\t\t\t<\/div>\n\n\t\t<div class=\"box-text box-text-products\">\n\t\t\t<div class=\"title-wrapper\"><p class=\"name product-title woocommerce-loop-product__title\"><a href=\"https:\/\/nuggelasule.com\/pt\/producto\/tucuma-hair-mask-mascara-capilar-manteiga-de-tucuma-fios-naturais-nuggela-sule-nutricao-reparacao-brilho\/\" class=\"woocommerce-LoopProduct-link woocommerce-loop-product__link\">Tucuma Hair Mask<\/a><\/p><\/div><div class=\"price-wrapper\">\n\t<span class=\"price\"><span class=\"woocommerce-Price-amount amount\"><bdi>27,70&nbsp;<span class=\"woocommerce-Price-currencySymbol\">&euro;<\/span><\/bdi><\/span><\/span>\n<\/div>\t\t<\/div>\n\t<\/div>\n\t\t<\/div>\n<\/div><\/div><!-- row -->\n<\/div>\n","protected":false},"excerpt":{"rendered":"<p>\u00d3LEO DE PAPOILA Extra\u00eddo da semente por prensagem a frio para reter 100% dos seus nutrientes. Um \u00f3leo natural, cru, com elevadas propriedades para cuidar do cabelo, especialmente das zonas mais danificadas, como as pontas. Grande fonte de \u00e1cidos gordos, vitaminas do complexo B e com um conte\u00fado significativo de ester\u00f3is, ideais para o cuidado [&#8230;]\n","protected":false},"author":2,"featured_media":0,"parent":0,"menu_order":0,"comment_status":"closed","ping_status":"closed","template":"","meta":{"_acf_changed":false,"footnotes":""},"class_list":["post-18981","page","type-page","status-publish","hentry"],"acf":[],"yoast_head":"<!-- This site is optimized with the Yoast SEO plugin v27.0 - https:\/\/yoast.com\/product\/yoast-seo-wordpress\/ -->\n<title>\u00d3leo de Papoila - Nuggela &amp; Sul\u00e9<\/title>\n<meta name=\"robots\" content=\"index, follow, max-snippet:-1, max-image-preview:large, max-video-preview:-1\" \/>\n<link rel=\"canonical\" href=\"https:\/\/nuggelasule.com\/pt\/aceite-de-amapola\/\" \/>\n<meta property=\"og:locale\" content=\"pt_PT\" \/>\n<meta property=\"og:type\" content=\"article\" \/>\n<meta property=\"og:title\" content=\"\u00d3leo de Papoila - Nuggela &amp; Sul\u00e9\" \/>\n<meta property=\"og:description\" content=\"\u00d3LEO DE PAPOILA Extra\u00eddo da semente por prensagem a frio para reter 100% dos seus nutrientes. Um \u00f3leo natural, cru, com elevadas propriedades para cuidar do cabelo, especialmente das zonas mais danificadas, como as pontas. Grande fonte de \u00e1cidos gordos, vitaminas do complexo B e com um conte\u00fado significativo de ester\u00f3is, ideais para o cuidado [...]\" \/>\n<meta property=\"og:url\" content=\"https:\/\/nuggelasule.com\/pt\/aceite-de-amapola\/\" \/>\n<meta property=\"og:site_name\" content=\"Nuggela &amp; Sul\u00e9\" \/>\n<meta property=\"article:publisher\" content=\"https:\/\/www.facebook.com\/nuggelasule\/\" \/>\n<meta property=\"article:modified_time\" content=\"2025-03-25T12:43:47+00:00\" \/>\n<meta property=\"og:image\" content=\"https:\/\/nuggelasule.com\/wp-content\/uploads\/2024\/08\/LOGO_nuggelasule.png\" \/>\n\t<meta property=\"og:image:width\" content=\"1200\" \/>\n\t<meta property=\"og:image:height\" content=\"675\" \/>\n\t<meta property=\"og:image:type\" content=\"image\/png\" \/>\n<meta name=\"twitter:card\" content=\"summary_large_image\" \/>\n<meta name=\"twitter:site\" content=\"@nuggelasule\" \/>\n<meta name=\"twitter:label1\" content=\"Est. reading time\" \/>\n\t<meta name=\"twitter:data1\" content=\"2 minutes\" \/>\n<script type=\"application\/ld+json\" class=\"yoast-schema-graph\">{\"@context\":\"https:\/\/schema.org\",\"@graph\":[{\"@type\":\"WebPage\",\"@id\":\"https:\/\/nuggelasule.com\/pt\/aceite-de-amapola\/\",\"url\":\"https:\/\/nuggelasule.com\/pt\/aceite-de-amapola\/\",\"name\":\"\u00d3leo de Papoila - Nuggela &amp; Sul\u00e9\",\"isPartOf\":{\"@id\":\"https:\/\/nuggelasule.com\/#website\"},\"datePublished\":\"2021-04-16T11:41:10+00:00\",\"dateModified\":\"2025-03-25T12:43:47+00:00\",\"breadcrumb\":{\"@id\":\"https:\/\/nuggelasule.com\/pt\/aceite-de-amapola\/#breadcrumb\"},\"inLanguage\":\"pt\",\"potentialAction\":[{\"@type\":\"ReadAction\",\"target\":[\"https:\/\/nuggelasule.com\/pt\/aceite-de-amapola\/\"]}]},{\"@type\":\"BreadcrumbList\",\"@id\":\"https:\/\/nuggelasule.com\/pt\/aceite-de-amapola\/#breadcrumb\",\"itemListElement\":[{\"@type\":\"ListItem\",\"position\":1,\"name\":\"Portada\",\"item\":\"https:\/\/nuggelasule.com\/pt\/\"},{\"@type\":\"ListItem\",\"position\":2,\"name\":\"\u00d3leo de Papoila\"}]},{\"@type\":\"WebSite\",\"@id\":\"https:\/\/nuggelasule.com\/#website\",\"url\":\"https:\/\/nuggelasule.com\/\",\"name\":\"Nuggela &amp; Sul\u00e9\",\"description\":\"Los mejores productos para la salud y belleza del cabello\",\"publisher\":{\"@id\":\"https:\/\/nuggelasule.com\/#organization\"},\"potentialAction\":[{\"@type\":\"SearchAction\",\"target\":{\"@type\":\"EntryPoint\",\"urlTemplate\":\"https:\/\/nuggelasule.com\/?s={search_term_string}\"},\"query-input\":{\"@type\":\"PropertyValueSpecification\",\"valueRequired\":true,\"valueName\":\"search_term_string\"}}],\"inLanguage\":\"pt\"},{\"@type\":\"Organization\",\"@id\":\"https:\/\/nuggelasule.com\/#organization\",\"name\":\"Nuggela&Sul\u00e9 S.L.\",\"url\":\"https:\/\/nuggelasule.com\/\",\"logo\":{\"@type\":\"ImageObject\",\"inLanguage\":\"pt\",\"@id\":\"https:\/\/nuggelasule.com\/#\/schema\/logo\/image\/\",\"url\":\"\",\"contentUrl\":\"\",\"caption\":\"Nuggela&Sul\u00e9 S.L.\"},\"image\":{\"@id\":\"https:\/\/nuggelasule.com\/#\/schema\/logo\/image\/\"},\"sameAs\":[\"https:\/\/www.facebook.com\/nuggelasule\/\",\"https:\/\/x.com\/nuggelasule\",\"https:\/\/www.instagram.com\/nuggela_sule\/\",\"https:\/\/www.linkedin.com\/company\/9406545\",\"https:\/\/www.youtube.com\/channel\/UCP-uGf_c8i2FI4TXfhffEKw\"]}]}<\/script>\n<!-- \/ Yoast SEO plugin. -->","yoast_head_json":{"title":"\u00d3leo de Papoila - Nuggela &amp; Sul\u00e9","robots":{"index":"index","follow":"follow","max-snippet":"max-snippet:-1","max-image-preview":"max-image-preview:large","max-video-preview":"max-video-preview:-1"},"canonical":"https:\/\/nuggelasule.com\/pt\/aceite-de-amapola\/","og_locale":"pt_PT","og_type":"article","og_title":"\u00d3leo de Papoila - Nuggela &amp; Sul\u00e9","og_description":"\u00d3LEO DE PAPOILA Extra\u00eddo da semente por prensagem a frio para reter 100% dos seus nutrientes. Um \u00f3leo natural, cru, com elevadas propriedades para cuidar do cabelo, especialmente das zonas mais danificadas, como as pontas. Grande fonte de \u00e1cidos gordos, vitaminas do complexo B e com um conte\u00fado significativo de ester\u00f3is, ideais para o cuidado [...]","og_url":"https:\/\/nuggelasule.com\/pt\/aceite-de-amapola\/","og_site_name":"Nuggela &amp; Sul\u00e9","article_publisher":"https:\/\/www.facebook.com\/nuggelasule\/","article_modified_time":"2025-03-25T12:43:47+00:00","og_image":[{"width":1200,"height":675,"url":"https:\/\/nuggelasule.com\/wp-content\/uploads\/2024\/08\/LOGO_nuggelasule.png","type":"image\/png"}],"twitter_card":"summary_large_image","twitter_site":"@nuggelasule","twitter_misc":{"Est. reading time":"2 minutes"},"schema":{"@context":"https:\/\/schema.org","@graph":[{"@type":"WebPage","@id":"https:\/\/nuggelasule.com\/pt\/aceite-de-amapola\/","url":"https:\/\/nuggelasule.com\/pt\/aceite-de-amapola\/","name":"\u00d3leo de Papoila - Nuggela &amp; Sul\u00e9","isPartOf":{"@id":"https:\/\/nuggelasule.com\/#website"},"datePublished":"2021-04-16T11:41:10+00:00","dateModified":"2025-03-25T12:43:47+00:00","breadcrumb":{"@id":"https:\/\/nuggelasule.com\/pt\/aceite-de-amapola\/#breadcrumb"},"inLanguage":"pt","potentialAction":[{"@type":"ReadAction","target":["https:\/\/nuggelasule.com\/pt\/aceite-de-amapola\/"]}]},{"@type":"BreadcrumbList","@id":"https:\/\/nuggelasule.com\/pt\/aceite-de-amapola\/#breadcrumb","itemListElement":[{"@type":"ListItem","position":1,"name":"Portada","item":"https:\/\/nuggelasule.com\/pt\/"},{"@type":"ListItem","position":2,"name":"\u00d3leo de Papoila"}]},{"@type":"WebSite","@id":"https:\/\/nuggelasule.com\/#website","url":"https:\/\/nuggelasule.com\/","name":"Nuggela &amp; Sul\u00e9","description":"Los mejores productos para la salud y belleza del cabello","publisher":{"@id":"https:\/\/nuggelasule.com\/#organization"},"potentialAction":[{"@type":"SearchAction","target":{"@type":"EntryPoint","urlTemplate":"https:\/\/nuggelasule.com\/?s={search_term_string}"},"query-input":{"@type":"PropertyValueSpecification","valueRequired":true,"valueName":"search_term_string"}}],"inLanguage":"pt"},{"@type":"Organization","@id":"https:\/\/nuggelasule.com\/#organization","name":"Nuggela&Sul\u00e9 S.L.","url":"https:\/\/nuggelasule.com\/","logo":{"@type":"ImageObject","inLanguage":"pt","@id":"https:\/\/nuggelasule.com\/#\/schema\/logo\/image\/","url":"","contentUrl":"","caption":"Nuggela&Sul\u00e9 S.L."},"image":{"@id":"https:\/\/nuggelasule.com\/#\/schema\/logo\/image\/"},"sameAs":["https:\/\/www.facebook.com\/nuggelasule\/","https:\/\/x.com\/nuggelasule","https:\/\/www.instagram.com\/nuggela_sule\/","https:\/\/www.linkedin.com\/company\/9406545","https:\/\/www.youtube.com\/channel\/UCP-uGf_c8i2FI4TXfhffEKw"]}]}},"_links":{"self":[{"href":"https:\/\/nuggelasule.com\/pt\/wp-json\/wp\/v2\/pages\/18981","targetHints":{"allow":["GET"]}}],"collection":[{"href":"https:\/\/nuggelasule.com\/pt\/wp-json\/wp\/v2\/pages"}],"about":[{"href":"https:\/\/nuggelasule.com\/pt\/wp-json\/wp\/v2\/types\/page"}],"author":[{"embeddable":true,"href":"https:\/\/nuggelasule.com\/pt\/wp-json\/wp\/v2\/users\/2"}],"replies":[{"embeddable":true,"href":"https:\/\/nuggelasule.com\/pt\/wp-json\/wp\/v2\/comments?post=18981"}],"version-history":[{"count":6,"href":"https:\/\/nuggelasule.com\/pt\/wp-json\/wp\/v2\/pages\/18981\/revisions"}],"predecessor-version":[{"id":24660,"href":"https:\/\/nuggelasule.com\/pt\/wp-json\/wp\/v2\/pages\/18981\/revisions\/24660"}],"wp:attachment":[{"href":"https:\/\/nuggelasule.com\/pt\/wp-json\/wp\/v2\/media?parent=18981"}],"curies":[{"name":"wp","href":"https:\/\/api.w.org\/{rel}","templated":true}]},"billing":{"billing_DNI":""}}