{"id":18978,"date":"2021-04-17T21:38:34","date_gmt":"2021-04-17T19:38:34","guid":{"rendered":"https:\/\/nuggelasule.com\/aceite-de-chia\/"},"modified":"2025-03-25T11:43:39","modified_gmt":"2025-03-25T10:43:39","slug":"aceite-de-chia","status":"publish","type":"page","link":"https:\/\/nuggelasule.com\/pt\/aceite-de-chia\/","title":{"rendered":"\u00d3leo de Chia"},"content":{"rendered":"  <div id=\"page-header-912661646\" class=\"page-header-wrapper\">\n  <div class=\"page-title dark simple-title has-parallax\">\n\n        <div class=\"page-title-bg\">\n      <div class=\"title-bg fill bg-fill\"\n        data-parallax-container=\".page-title\"\n        data-parallax-background\n        data-parallax=\"-6\">\n      <\/div>\n      <div class=\"title-overlay fill\"><\/div>\n    <\/div>\n    \n    <div class=\"page-title-inner container align-center text-center flex-row-col medium-flex-wrap\" data-parallax-fade=\"true\" data-parallax=\"-1\">\n            <div class=\"title-content flex-col\">\n              <\/div>\n    <\/div>\n\n     \n<style>\n#page-header-912661646 .page-title-inner {\n  min-height: 400px;\n}\n#page-header-912661646 {\n  margin-bottom: 0px;\n}\n#page-header-912661646 .title-bg {\n  background-image: url(https:\/\/nuggelasule.com\/wp-content\/uploads\/2021\/04\/aceitechia.jpg);\n}\n<\/style>\n  <\/div>\n    <\/div>\n  \n<div class=\"text-center\"><div class=\"is-divider divider clearfix\" style=\"background-color:rgb(255, 255, 255);\"><\/div><\/div>\n<h1>\u00d3LEO DE CHIA<\/h1>\n<p><span style=\"color: #555555;\">O \u00f3leo de Chia<\/span> \u00e9 um \u00f3leo bot\u00e2nico virgem extra, obtido por prensagem a frio, extra\u00eddo da semente de Salvia hisp\u00e2nica que cresce na selva amaz\u00f3nica.\u00a0<strong>Protege as fibras capilares dos danos oxidativos causados pela radia\u00e7\u00e3o solar<\/strong>. Cria uma pel\u00edcula protetora que evita a destrui\u00e7\u00e3o das prote\u00ednas provocada pelos raios UV, ao mesmo tempo que aumenta a reten\u00e7\u00e3o de \u00e1gua e previne a foto-oxida\u00e7\u00e3o.<\/p>\n<p>O \u00f3leo de Chia fornece \u00e1cidos gordos essenciais como o \u00d3mega 3 e 6, vitaminas, flavonoides e antioxidantes. Protege o cabelo de agress\u00f5es externas e restaura o seu brilho natural.<\/p>\n<hr \/>\n<h3>\u00a0<\/h3>\n<h3><span style=\"background-color: #ffdee4;\">OS INGREDIENTES ATIVOS DA CHIA<\/span><\/h3>\n<div class=\"row\"  id=\"row-1371494643\">\n\n\t<div id=\"col-1493656829\" class=\"col medium-6 small-12 large-6\"  >\n\t\t\t\t<div class=\"col-inner\"  >\n\t\t\t\n\t\t\t\n<p><strong>Prote\u00ednas:<\/strong> as sementes de chia s\u00e3o uma boa fonte de prote\u00ednas (at\u00e9 20%) e s\u00e3o essenciais para o crescimento saud\u00e1vel do cabelo. A falta de prote\u00ednas na dieta pode causar um crescimento lento do cabelo e levar \u00e0 sua queda. As sementes de chia cont\u00eam todos os amino\u00e1cidos essenciais.<\/p>\n<p><strong>Cobre:<\/strong> fundamental para um crescimento capilar saud\u00e1vel. A defici\u00eancia de cobre tem sido associada \u00e0 queda e ao enfraquecimento do cabelo. O cobre tamb\u00e9m atrasa o aparecimento de cabelos brancos e intensifica a sua cor.<\/p>\n<p><strong>Zinco:<\/strong> outro mineral importante para a sa\u00fade capilar. Essencial para a produ\u00e7\u00e3o de novas c\u00e9lulas capilares e ajuda a regular a atividade das gl\u00e2ndulas seb\u00e1ceas, mantendo o cabelo brilhante. As sementes de chia s\u00e3o uma excelente fonte de zinco e cobre.<\/p>\n<p><strong>PUFAs:<\/strong> as sementes de chia s\u00e3o uma das melhores fontes de \u00f3mega 3 e \u00f3mega 6. A car\u00eancia destes \u00e1cidos gordos est\u00e1 associada \u00e0 queda de cabelo e \u00e0 pele seca e escamosa.<\/p>\n\t\t<\/div>\n\t\t\t\t\n<style>\n#col-1493656829 > .col-inner {\n  padding: 10px 0px 0px 0px;\n}\n<\/style>\n\t<\/div>\n\n\t\n\n\t<div id=\"col-2016062997\" class=\"col medium-6 small-12 large-6\"  >\n\t\t\t\t<div class=\"col-inner\"  >\n\t\t\t\n\t\t\t\n<p><strong>Complexo de vitamina B:<\/strong> essencial para um cabelo saud\u00e1vel. As sementes de chia s\u00e3o uma excelente fonte de vitaminas do complexo B, especialmente Tiamina (vitamina B1), Niacina (vitamina B3), Riboflavina (vitamina B2), Piridoxina (vitamina B6) e Cobalamina (vitamina B12).<\/p>\n<p><strong>Ferro:<\/strong> uma baixa ingest\u00e3o de ferro parece ser uma das principais causas da queda precoce de cabelo nas mulheres. As sementes de chia s\u00e3o ricas em ferro.<\/p>\n<p><strong>Vitamina D:<\/strong> importante no ciclo de crescimento do cabelo, especialmente no in\u00edcio da fase an\u00e1gena. Investiga\u00e7\u00f5es da Universidade do Cairo revelaram que as mulheres que sofreram queda de cabelo tamb\u00e9m apresentavam n\u00edveis baixos de ferro e de vitamina D.<\/p>\n<p><strong>Vitamina E:<\/strong> antioxidante essencial para a sa\u00fade capilar. Protege o cabelo dos danos causados pela radia\u00e7\u00e3o UV, mantendo-o hidratado. Os antioxidantes funcionam como uma barreira de defesa ao reduzirem a quantidade de radicais livres gerados no interior do cabelo.<\/p>\n\t\t<\/div>\n\t\t\t\t\n<style>\n#col-2016062997 > .col-inner {\n  padding: 10px 0px 0px 0px;\n}\n<\/style>\n\t<\/div>\n\n\t\n<\/div>\n<div class=\"row row-large\"  id=\"row-1786930929\">\n\n\t<div id=\"col-954903028\" class=\"col medium-6 small-12 large-6\"  >\n\t\t\t\t<div class=\"col-inner\"  >\n\t\t\t\n\t\t\t\n<h3><span style=\"background-color: #ffdee4;\">100% NATURAL<\/span><\/h3>\n<p><strong>O \u00f3leo de chia \u00e9 um produto <u>biol\u00f3gico 100% natural<\/u><\/strong><\/p>\n<ul>\n<li>Sem aditivos utilizados durante o cultivo. Cuidados especiais na colheita e no armazenamento das sementes.<\/li>\n<li>Sem subst\u00e2ncias qu\u00edmicas adicionadas.<\/li>\n<li>Extra\u00eddo por prensagem a frio. Sem solventes nem aplica\u00e7\u00e3o de calor que possa desnaturar o \u00f3leo.<\/li>\n<\/ul>\n\t\t<\/div>\n\t\t\t\t\t<\/div>\n\n\t\n\n\t<div id=\"col-1762283672\" class=\"col medium-6 small-12 large-6\"  >\n\t\t\t\t<div class=\"col-inner\"  >\n\t\t\t\n\t\t\t\n\t<div class=\"img has-hover x md-x lg-x y md-y lg-y\" id=\"image_220712302\">\n\t\t\t\t\t\t\t\t<div class=\"img-inner dark\" >\n\t\t\t<img loading=\"lazy\" decoding=\"async\" width=\"700\" height=\"500\" src=\"https:\/\/nuggelasule.com\/wp-content\/uploads\/2021\/04\/aceite-chia2.jpg\" class=\"attachment-large size-large\" alt=\"\" srcset=\"https:\/\/nuggelasule.com\/wp-content\/uploads\/2021\/04\/aceite-chia2.jpg 700w, https:\/\/nuggelasule.com\/wp-content\/uploads\/2021\/04\/aceite-chia2-300x214.jpg 300w, https:\/\/nuggelasule.com\/wp-content\/uploads\/2021\/04\/aceite-chia2-450x321.jpg 450w, https:\/\/nuggelasule.com\/wp-content\/uploads\/2021\/04\/aceite-chia2-510x364.jpg 510w, https:\/\/nuggelasule.com\/wp-content\/uploads\/2021\/04\/aceite-chia2-84x60.jpg 84w, https:\/\/nuggelasule.com\/wp-content\/uploads\/2021\/04\/aceite-chia2-126x90.jpg 126w\" sizes=\"auto, (max-width: 700px) 100vw, 700px\" \/>\t\t\t\t\t\t\n\t\t\t\t\t<\/div>\n\t\t\t\t\t\t\t\t\n<style>\n#image_220712302 {\n  width: 90%;\n}\n<\/style>\n\t<\/div>\n\t\n\t\t<\/div>\n\t\t\t\t\t<\/div>\n\n\t\n<\/div>\n<div class=\"row row-full-width align-middle align-center\"  id=\"row-2052722407\">\n\n\t<div id=\"col-2078227649\" class=\"col medium-10 small-12 large-10\"  >\n\t\t\t\t<div class=\"col-inner text-left\"  >\n\t\t\t\n\t\t\t\n<div class=\"message-box relative\" style=\"padding-top:44px;padding-bottom:44px;\"><div class=\"message-box-bg-image bg-fill fill\" ><\/div><div class=\"message-box-bg-overlay bg-fill fill\" style=\"background-color:rgb(255, 222, 228);\"><\/div><div class=\"container relative\"><div class=\"inner last-reset\">\n<div class=\"row align-middle align-center\"  id=\"row-1641828640\">\n\n\t<div id=\"col-1383093078\" class=\"col medium-10 small-12 large-10\"  >\n\t\t\t\t<div class=\"col-inner\"  >\n\t\t\t\n\t\t\t\n<h3>BENEF\u00cdCIOS PARA O CABELO<\/h3>\n<ul>\n<li>Protege a fibra capilar dos danos oxidativos causados pela radia\u00e7\u00e3o solar<\/li>\n<li>\n<p>Aumenta a reten\u00e7\u00e3o de \u00e1gua e previne a foto-oxida\u00e7\u00e3o<\/p>\n<\/li>\n<li>\n<p>Previne a quebra do cabelo<\/p>\n<\/li>\n<li>\n<p>Restaura o brilho natural do cabelo<\/p>\n<\/li>\n<\/ul>\n\t\t<\/div>\n\t\t\t\t\t<\/div>\n\n\t\n<\/div>\n<\/div><\/div><\/div>\n\t\t<\/div>\n\t\t\t\t\t<\/div>\n\n\t\n<\/div>\n<p><strong>PRODUTOS QUE CONT\u00caM ESTE INGREDIENTE ATIVO<\/strong><\/p>\n<div class=\"woocommerce columns-4 \"><div class=\"products row row-small large-columns-4 medium-columns-3 small-columns-2 has-equal-box-heights\">\n<div class=\"product-small col has-hover product type-product post-19032 status-publish first instock product_cat-champos-pt product_cat-todos-pt product_tag-cabellos-secos-pt product_tag-hidratacion-pt has-post-thumbnail taxable shipping-taxable purchasable product-type-simple\">\n\t<div class=\"col-inner\">\n\t\n<div class=\"badge-container absolute left top z-1\">\n\n<\/div>\n\t<div class=\"product-small box \">\n\t\t<div class=\"box-image\">\n\t\t\t<div class=\"image-fade_in_back\">\n\t\t\t\t<a href=\"https:\/\/nuggelasule.com\/pt\/producto\/champo-ultra-hidratante-cabelo-seco-ultra-hidratacao-nuggela-sule\/\">\n\t\t\t\t\t<img loading=\"lazy\" decoding=\"async\" width=\"450\" height=\"450\" src=\"https:\/\/nuggelasule.com\/wp-content\/uploads\/2021\/09\/8437014761764_1_Shampoo_Ultra-Hydrating_250ml-450x450.jpg\" class=\"attachment-woocommerce_thumbnail size-woocommerce_thumbnail\" alt=\"Champ\u00f4 Ultra-Hidratante\" srcset=\"https:\/\/nuggelasule.com\/wp-content\/uploads\/2021\/09\/8437014761764_1_Shampoo_Ultra-Hydrating_250ml-450x450.jpg 450w, https:\/\/nuggelasule.com\/wp-content\/uploads\/2021\/09\/8437014761764_1_Shampoo_Ultra-Hydrating_250ml-300x300.jpg 300w, https:\/\/nuggelasule.com\/wp-content\/uploads\/2021\/09\/8437014761764_1_Shampoo_Ultra-Hydrating_250ml-1024x1024.jpg 1024w, https:\/\/nuggelasule.com\/wp-content\/uploads\/2021\/09\/8437014761764_1_Shampoo_Ultra-Hydrating_250ml-122x122.jpg 122w, https:\/\/nuggelasule.com\/wp-content\/uploads\/2021\/09\/8437014761764_1_Shampoo_Ultra-Hydrating_250ml-768x768.jpg 768w, https:\/\/nuggelasule.com\/wp-content\/uploads\/2021\/09\/8437014761764_1_Shampoo_Ultra-Hydrating_250ml-1536x1536.jpg 1536w, https:\/\/nuggelasule.com\/wp-content\/uploads\/2021\/09\/8437014761764_1_Shampoo_Ultra-Hydrating_250ml-510x510.jpg 510w, https:\/\/nuggelasule.com\/wp-content\/uploads\/2021\/09\/8437014761764_1_Shampoo_Ultra-Hydrating_250ml-100x100.jpg 100w, https:\/\/nuggelasule.com\/wp-content\/uploads\/2021\/09\/8437014761764_1_Shampoo_Ultra-Hydrating_250ml-32x32.jpg 32w, https:\/\/nuggelasule.com\/wp-content\/uploads\/2021\/09\/8437014761764_1_Shampoo_Ultra-Hydrating_250ml-60x60.jpg 60w, https:\/\/nuggelasule.com\/wp-content\/uploads\/2021\/09\/8437014761764_1_Shampoo_Ultra-Hydrating_250ml-90x90.jpg 90w, https:\/\/nuggelasule.com\/wp-content\/uploads\/2021\/09\/8437014761764_1_Shampoo_Ultra-Hydrating_250ml.jpg 1800w\" sizes=\"auto, (max-width: 450px) 100vw, 450px\" \/><img loading=\"lazy\" decoding=\"async\" width=\"450\" height=\"450\" src=\"https:\/\/nuggelasule.com\/wp-content\/uploads\/2021\/09\/B09B7N1875.PT01-450x450.jpg\" class=\"show-on-hover absolute fill hide-for-small back-image\" alt=\"Alternative view of Champ\u00f4 Ultra-Hidratante\" aria-hidden=\"true\" srcset=\"https:\/\/nuggelasule.com\/wp-content\/uploads\/2021\/09\/B09B7N1875.PT01-450x450.jpg 450w, https:\/\/nuggelasule.com\/wp-content\/uploads\/2021\/09\/B09B7N1875.PT01-300x300.jpg 300w, https:\/\/nuggelasule.com\/wp-content\/uploads\/2021\/09\/B09B7N1875.PT01-1024x1024.jpg 1024w, https:\/\/nuggelasule.com\/wp-content\/uploads\/2021\/09\/B09B7N1875.PT01-122x122.jpg 122w, https:\/\/nuggelasule.com\/wp-content\/uploads\/2021\/09\/B09B7N1875.PT01-768x768.jpg 768w, https:\/\/nuggelasule.com\/wp-content\/uploads\/2021\/09\/B09B7N1875.PT01-510x510.jpg 510w, https:\/\/nuggelasule.com\/wp-content\/uploads\/2021\/09\/B09B7N1875.PT01-100x100.jpg 100w, https:\/\/nuggelasule.com\/wp-content\/uploads\/2021\/09\/B09B7N1875.PT01-32x32.jpg 32w, https:\/\/nuggelasule.com\/wp-content\/uploads\/2021\/09\/B09B7N1875.PT01.jpg 1097w\" sizes=\"auto, (max-width: 450px) 100vw, 450px\" \/>\t\t\t\t<\/a>\n\t\t\t<\/div>\n\t\t\t<div class=\"image-tools is-small top right show-on-hover\">\n\t\t\t\t\t\t\t<\/div>\n\t\t\t<div class=\"image-tools is-small hide-for-small bottom left show-on-hover\">\n\t\t\t\t\t\t\t<\/div>\n\t\t\t<div class=\"image-tools grid-tools text-center hide-for-small bottom hover-slide-in show-on-hover\">\n\t\t\t\t\t\t\t<\/div>\n\t\t\t\t\t<\/div>\n\n\t\t<div class=\"box-text box-text-products\">\n\t\t\t<div class=\"title-wrapper\"><p class=\"name product-title woocommerce-loop-product__title\"><a href=\"https:\/\/nuggelasule.com\/pt\/producto\/champo-ultra-hidratante-cabelo-seco-ultra-hidratacao-nuggela-sule\/\" class=\"woocommerce-LoopProduct-link woocommerce-loop-product__link\">Champ\u00f4 Ultra-Hidratante<\/a><\/p><\/div><div class=\"price-wrapper\">\n\t<span class=\"price\"><span class=\"woocommerce-Price-amount amount\"><bdi>19,90&nbsp;<span class=\"woocommerce-Price-currencySymbol\">&euro;<\/span><\/bdi><\/span><\/span>\n<\/div>\t\t<\/div>\n\t<\/div>\n\t\t<\/div>\n<\/div><div class=\"product-small col has-hover product type-product post-19170 status-publish instock product_cat-condicionadores-outros-pt product_cat-formato-de-viagem-pt product_cat-todos-pt product_tag-proteccion-pt has-post-thumbnail taxable shipping-taxable purchasable product-type-simple\">\n\t<div class=\"col-inner\">\n\t\n<div class=\"badge-container absolute left top z-1\">\n\n<\/div>\n\t<div class=\"product-small box \">\n\t\t<div class=\"box-image\">\n\t\t\t<div class=\"image-fade_in_back\">\n\t\t\t\t<a href=\"https:\/\/nuggelasule.com\/pt\/producto\/protetor-capilar-nuggela-sule-chia-protecao-termica-protecao-solar-100-ml\/\">\n\t\t\t\t\t<img loading=\"lazy\" decoding=\"async\" width=\"450\" height=\"450\" src=\"https:\/\/nuggelasule.com\/wp-content\/uploads\/2021\/04\/8437014761429_1_Total-Protector-450x450.jpg\" class=\"attachment-woocommerce_thumbnail size-woocommerce_thumbnail\" alt=\"Protetor Capilar\" srcset=\"https:\/\/nuggelasule.com\/wp-content\/uploads\/2021\/04\/8437014761429_1_Total-Protector-450x450.jpg 450w, https:\/\/nuggelasule.com\/wp-content\/uploads\/2021\/04\/8437014761429_1_Total-Protector-300x300.jpg 300w, https:\/\/nuggelasule.com\/wp-content\/uploads\/2021\/04\/8437014761429_1_Total-Protector-122x122.jpg 122w, https:\/\/nuggelasule.com\/wp-content\/uploads\/2021\/04\/8437014761429_1_Total-Protector-768x768.jpg 768w, https:\/\/nuggelasule.com\/wp-content\/uploads\/2021\/04\/8437014761429_1_Total-Protector-510x510.jpg 510w, https:\/\/nuggelasule.com\/wp-content\/uploads\/2021\/04\/8437014761429_1_Total-Protector-100x100.jpg 100w, https:\/\/nuggelasule.com\/wp-content\/uploads\/2021\/04\/8437014761429_1_Total-Protector-32x32.jpg 32w, https:\/\/nuggelasule.com\/wp-content\/uploads\/2021\/04\/8437014761429_1_Total-Protector-60x60.jpg 60w, https:\/\/nuggelasule.com\/wp-content\/uploads\/2021\/04\/8437014761429_1_Total-Protector-90x90.jpg 90w, https:\/\/nuggelasule.com\/wp-content\/uploads\/2021\/04\/8437014761429_1_Total-Protector.jpg 900w\" sizes=\"auto, (max-width: 450px) 100vw, 450px\" \/><img loading=\"lazy\" decoding=\"async\" width=\"450\" height=\"450\" src=\"https:\/\/nuggelasule.com\/wp-content\/uploads\/2021\/04\/B073PXS9SN.PT01-450x450.jpg\" class=\"show-on-hover absolute fill hide-for-small back-image\" alt=\"Alternative view of Protetor Capilar\" aria-hidden=\"true\" srcset=\"https:\/\/nuggelasule.com\/wp-content\/uploads\/2021\/04\/B073PXS9SN.PT01-450x450.jpg 450w, https:\/\/nuggelasule.com\/wp-content\/uploads\/2021\/04\/B073PXS9SN.PT01-300x300.jpg 300w, https:\/\/nuggelasule.com\/wp-content\/uploads\/2021\/04\/B073PXS9SN.PT01-1024x1024.jpg 1024w, https:\/\/nuggelasule.com\/wp-content\/uploads\/2021\/04\/B073PXS9SN.PT01-122x122.jpg 122w, https:\/\/nuggelasule.com\/wp-content\/uploads\/2021\/04\/B073PXS9SN.PT01-768x768.jpg 768w, https:\/\/nuggelasule.com\/wp-content\/uploads\/2021\/04\/B073PXS9SN.PT01-510x510.jpg 510w, https:\/\/nuggelasule.com\/wp-content\/uploads\/2021\/04\/B073PXS9SN.PT01-100x100.jpg 100w, https:\/\/nuggelasule.com\/wp-content\/uploads\/2021\/04\/B073PXS9SN.PT01-32x32.jpg 32w, https:\/\/nuggelasule.com\/wp-content\/uploads\/2021\/04\/B073PXS9SN.PT01.jpg 1097w\" sizes=\"auto, (max-width: 450px) 100vw, 450px\" \/>\t\t\t\t<\/a>\n\t\t\t<\/div>\n\t\t\t<div class=\"image-tools is-small top right show-on-hover\">\n\t\t\t\t\t\t\t<\/div>\n\t\t\t<div class=\"image-tools is-small hide-for-small bottom left show-on-hover\">\n\t\t\t\t\t\t\t<\/div>\n\t\t\t<div class=\"image-tools grid-tools text-center hide-for-small bottom hover-slide-in show-on-hover\">\n\t\t\t\t\t\t\t<\/div>\n\t\t\t\t\t<\/div>\n\n\t\t<div class=\"box-text box-text-products\">\n\t\t\t<div class=\"title-wrapper\"><p class=\"name product-title woocommerce-loop-product__title\"><a href=\"https:\/\/nuggelasule.com\/pt\/producto\/protetor-capilar-nuggela-sule-chia-protecao-termica-protecao-solar-100-ml\/\" class=\"woocommerce-LoopProduct-link woocommerce-loop-product__link\">Protetor Capilar<\/a><\/p><\/div><div class=\"price-wrapper\">\n\t<span class=\"price\"><span class=\"woocommerce-Price-amount amount\"><bdi>16,90&nbsp;<span class=\"woocommerce-Price-currencySymbol\">&euro;<\/span><\/bdi><\/span><\/span>\n<\/div>\t\t<\/div>\n\t<\/div>\n\t\t<\/div>\n<\/div><\/div><!-- row -->\n<\/div>\n","protected":false},"excerpt":{"rendered":"<p>\u00d3LEO DE CHIA O \u00f3leo de Chia \u00e9 um \u00f3leo bot\u00e2nico virgem extra, obtido por prensagem a frio, extra\u00eddo da semente de Salvia hisp\u00e2nica que cresce na selva amaz\u00f3nica.\u00a0Protege as fibras capilares dos danos oxidativos causados pela radia\u00e7\u00e3o solar. Cria uma pel\u00edcula protetora que evita a destrui\u00e7\u00e3o das prote\u00ednas provocada pelos raios UV, ao mesmo [&#8230;]\n","protected":false},"author":417,"featured_media":0,"parent":0,"menu_order":0,"comment_status":"closed","ping_status":"closed","template":"","meta":{"_acf_changed":false,"footnotes":""},"class_list":["post-18978","page","type-page","status-publish","hentry"],"acf":[],"yoast_head":"<!-- This site is optimized with the Yoast SEO plugin v27.0 - https:\/\/yoast.com\/product\/yoast-seo-wordpress\/ -->\n<title>\u00d3leo de Chia - Nuggela &amp; Sul\u00e9<\/title>\n<meta name=\"robots\" content=\"index, follow, max-snippet:-1, max-image-preview:large, max-video-preview:-1\" \/>\n<link rel=\"canonical\" href=\"https:\/\/nuggelasule.com\/pt\/aceite-de-chia\/\" \/>\n<meta property=\"og:locale\" content=\"pt_PT\" \/>\n<meta property=\"og:type\" content=\"article\" \/>\n<meta property=\"og:title\" content=\"\u00d3leo de Chia - Nuggela &amp; Sul\u00e9\" \/>\n<meta property=\"og:description\" content=\"\u00d3LEO DE CHIA O \u00f3leo de Chia \u00e9 um \u00f3leo bot\u00e2nico virgem extra, obtido por prensagem a frio, extra\u00eddo da semente de Salvia hisp\u00e2nica que cresce na selva amaz\u00f3nica.\u00a0Protege as fibras capilares dos danos oxidativos causados pela radia\u00e7\u00e3o solar. Cria uma pel\u00edcula protetora que evita a destrui\u00e7\u00e3o das prote\u00ednas provocada pelos raios UV, ao mesmo [...]\" \/>\n<meta property=\"og:url\" content=\"https:\/\/nuggelasule.com\/pt\/aceite-de-chia\/\" \/>\n<meta property=\"og:site_name\" content=\"Nuggela &amp; Sul\u00e9\" \/>\n<meta property=\"article:publisher\" content=\"https:\/\/www.facebook.com\/nuggelasule\/\" \/>\n<meta property=\"article:modified_time\" content=\"2025-03-25T10:43:39+00:00\" \/>\n<meta property=\"og:image\" content=\"https:\/\/nuggelasule.com\/wp-content\/uploads\/2024\/08\/LOGO_nuggelasule.png\" \/>\n\t<meta property=\"og:image:width\" content=\"1200\" \/>\n\t<meta property=\"og:image:height\" content=\"675\" \/>\n\t<meta property=\"og:image:type\" content=\"image\/png\" \/>\n<meta name=\"twitter:card\" content=\"summary_large_image\" \/>\n<meta name=\"twitter:site\" content=\"@nuggelasule\" \/>\n<meta name=\"twitter:label1\" content=\"Est. reading time\" \/>\n\t<meta name=\"twitter:data1\" content=\"3 minutes\" \/>\n<script type=\"application\/ld+json\" class=\"yoast-schema-graph\">{\"@context\":\"https:\/\/schema.org\",\"@graph\":[{\"@type\":\"WebPage\",\"@id\":\"https:\/\/nuggelasule.com\/pt\/aceite-de-chia\/\",\"url\":\"https:\/\/nuggelasule.com\/pt\/aceite-de-chia\/\",\"name\":\"\u00d3leo de Chia - Nuggela &amp; Sul\u00e9\",\"isPartOf\":{\"@id\":\"https:\/\/nuggelasule.com\/#website\"},\"datePublished\":\"2021-04-17T19:38:34+00:00\",\"dateModified\":\"2025-03-25T10:43:39+00:00\",\"breadcrumb\":{\"@id\":\"https:\/\/nuggelasule.com\/pt\/aceite-de-chia\/#breadcrumb\"},\"inLanguage\":\"pt\",\"potentialAction\":[{\"@type\":\"ReadAction\",\"target\":[\"https:\/\/nuggelasule.com\/pt\/aceite-de-chia\/\"]}]},{\"@type\":\"BreadcrumbList\",\"@id\":\"https:\/\/nuggelasule.com\/pt\/aceite-de-chia\/#breadcrumb\",\"itemListElement\":[{\"@type\":\"ListItem\",\"position\":1,\"name\":\"Portada\",\"item\":\"https:\/\/nuggelasule.com\/pt\/\"},{\"@type\":\"ListItem\",\"position\":2,\"name\":\"\u00d3leo de Chia\"}]},{\"@type\":\"WebSite\",\"@id\":\"https:\/\/nuggelasule.com\/#website\",\"url\":\"https:\/\/nuggelasule.com\/\",\"name\":\"Nuggela &amp; Sul\u00e9\",\"description\":\"Los mejores productos para la salud y belleza del cabello\",\"publisher\":{\"@id\":\"https:\/\/nuggelasule.com\/#organization\"},\"potentialAction\":[{\"@type\":\"SearchAction\",\"target\":{\"@type\":\"EntryPoint\",\"urlTemplate\":\"https:\/\/nuggelasule.com\/?s={search_term_string}\"},\"query-input\":{\"@type\":\"PropertyValueSpecification\",\"valueRequired\":true,\"valueName\":\"search_term_string\"}}],\"inLanguage\":\"pt\"},{\"@type\":\"Organization\",\"@id\":\"https:\/\/nuggelasule.com\/#organization\",\"name\":\"Nuggela&Sul\u00e9 S.L.\",\"url\":\"https:\/\/nuggelasule.com\/\",\"logo\":{\"@type\":\"ImageObject\",\"inLanguage\":\"pt\",\"@id\":\"https:\/\/nuggelasule.com\/#\/schema\/logo\/image\/\",\"url\":\"\",\"contentUrl\":\"\",\"caption\":\"Nuggela&Sul\u00e9 S.L.\"},\"image\":{\"@id\":\"https:\/\/nuggelasule.com\/#\/schema\/logo\/image\/\"},\"sameAs\":[\"https:\/\/www.facebook.com\/nuggelasule\/\",\"https:\/\/x.com\/nuggelasule\",\"https:\/\/www.instagram.com\/nuggela_sule\/\",\"https:\/\/www.linkedin.com\/company\/9406545\",\"https:\/\/www.youtube.com\/channel\/UCP-uGf_c8i2FI4TXfhffEKw\"]}]}<\/script>\n<!-- \/ Yoast SEO plugin. -->","yoast_head_json":{"title":"\u00d3leo de Chia - Nuggela &amp; Sul\u00e9","robots":{"index":"index","follow":"follow","max-snippet":"max-snippet:-1","max-image-preview":"max-image-preview:large","max-video-preview":"max-video-preview:-1"},"canonical":"https:\/\/nuggelasule.com\/pt\/aceite-de-chia\/","og_locale":"pt_PT","og_type":"article","og_title":"\u00d3leo de Chia - Nuggela &amp; Sul\u00e9","og_description":"\u00d3LEO DE CHIA O \u00f3leo de Chia \u00e9 um \u00f3leo bot\u00e2nico virgem extra, obtido por prensagem a frio, extra\u00eddo da semente de Salvia hisp\u00e2nica que cresce na selva amaz\u00f3nica.\u00a0Protege as fibras capilares dos danos oxidativos causados pela radia\u00e7\u00e3o solar. Cria uma pel\u00edcula protetora que evita a destrui\u00e7\u00e3o das prote\u00ednas provocada pelos raios UV, ao mesmo [...]","og_url":"https:\/\/nuggelasule.com\/pt\/aceite-de-chia\/","og_site_name":"Nuggela &amp; Sul\u00e9","article_publisher":"https:\/\/www.facebook.com\/nuggelasule\/","article_modified_time":"2025-03-25T10:43:39+00:00","og_image":[{"width":1200,"height":675,"url":"https:\/\/nuggelasule.com\/wp-content\/uploads\/2024\/08\/LOGO_nuggelasule.png","type":"image\/png"}],"twitter_card":"summary_large_image","twitter_site":"@nuggelasule","twitter_misc":{"Est. reading time":"3 minutes"},"schema":{"@context":"https:\/\/schema.org","@graph":[{"@type":"WebPage","@id":"https:\/\/nuggelasule.com\/pt\/aceite-de-chia\/","url":"https:\/\/nuggelasule.com\/pt\/aceite-de-chia\/","name":"\u00d3leo de Chia - Nuggela &amp; Sul\u00e9","isPartOf":{"@id":"https:\/\/nuggelasule.com\/#website"},"datePublished":"2021-04-17T19:38:34+00:00","dateModified":"2025-03-25T10:43:39+00:00","breadcrumb":{"@id":"https:\/\/nuggelasule.com\/pt\/aceite-de-chia\/#breadcrumb"},"inLanguage":"pt","potentialAction":[{"@type":"ReadAction","target":["https:\/\/nuggelasule.com\/pt\/aceite-de-chia\/"]}]},{"@type":"BreadcrumbList","@id":"https:\/\/nuggelasule.com\/pt\/aceite-de-chia\/#breadcrumb","itemListElement":[{"@type":"ListItem","position":1,"name":"Portada","item":"https:\/\/nuggelasule.com\/pt\/"},{"@type":"ListItem","position":2,"name":"\u00d3leo de Chia"}]},{"@type":"WebSite","@id":"https:\/\/nuggelasule.com\/#website","url":"https:\/\/nuggelasule.com\/","name":"Nuggela &amp; Sul\u00e9","description":"Los mejores productos para la salud y belleza del cabello","publisher":{"@id":"https:\/\/nuggelasule.com\/#organization"},"potentialAction":[{"@type":"SearchAction","target":{"@type":"EntryPoint","urlTemplate":"https:\/\/nuggelasule.com\/?s={search_term_string}"},"query-input":{"@type":"PropertyValueSpecification","valueRequired":true,"valueName":"search_term_string"}}],"inLanguage":"pt"},{"@type":"Organization","@id":"https:\/\/nuggelasule.com\/#organization","name":"Nuggela&Sul\u00e9 S.L.","url":"https:\/\/nuggelasule.com\/","logo":{"@type":"ImageObject","inLanguage":"pt","@id":"https:\/\/nuggelasule.com\/#\/schema\/logo\/image\/","url":"","contentUrl":"","caption":"Nuggela&Sul\u00e9 S.L."},"image":{"@id":"https:\/\/nuggelasule.com\/#\/schema\/logo\/image\/"},"sameAs":["https:\/\/www.facebook.com\/nuggelasule\/","https:\/\/x.com\/nuggelasule","https:\/\/www.instagram.com\/nuggela_sule\/","https:\/\/www.linkedin.com\/company\/9406545","https:\/\/www.youtube.com\/channel\/UCP-uGf_c8i2FI4TXfhffEKw"]}]}},"_links":{"self":[{"href":"https:\/\/nuggelasule.com\/pt\/wp-json\/wp\/v2\/pages\/18978","targetHints":{"allow":["GET"]}}],"collection":[{"href":"https:\/\/nuggelasule.com\/pt\/wp-json\/wp\/v2\/pages"}],"about":[{"href":"https:\/\/nuggelasule.com\/pt\/wp-json\/wp\/v2\/types\/page"}],"author":[{"embeddable":true,"href":"https:\/\/nuggelasule.com\/pt\/wp-json\/wp\/v2\/users\/417"}],"replies":[{"embeddable":true,"href":"https:\/\/nuggelasule.com\/pt\/wp-json\/wp\/v2\/comments?post=18978"}],"version-history":[{"count":6,"href":"https:\/\/nuggelasule.com\/pt\/wp-json\/wp\/v2\/pages\/18978\/revisions"}],"predecessor-version":[{"id":24641,"href":"https:\/\/nuggelasule.com\/pt\/wp-json\/wp\/v2\/pages\/18978\/revisions\/24641"}],"wp:attachment":[{"href":"https:\/\/nuggelasule.com\/pt\/wp-json\/wp\/v2\/media?parent=18978"}],"curies":[{"name":"wp","href":"https:\/\/api.w.org\/{rel}","templated":true}]},"billing":{"billing_DNI":""}}