{"id":14629,"date":"2021-05-06T17:28:26","date_gmt":"2021-05-06T15:28:26","guid":{"rendered":"https:\/\/dev.nuggelasule.com\/?page_id=14629"},"modified":"2025-04-01T08:24:11","modified_gmt":"2025-04-01T06:24:11","slug":"privacy-policy-and-cookies","status":"publish","type":"page","link":"https:\/\/nuggelasule.com\/en\/privacy-policy-and-cookies\/","title":{"rendered":"Privacy Policy and Cookies"},"content":{"rendered":"<h1 style=\"text-align: justify;\">Nuggela &#038; Sul\u00e9 Privacy and Cookies Policy<\/h1>\n\t<div id=\"gap-418196193\" class=\"gap-element clearfix\" style=\"display:block; height:auto;\">\n\t\t\n<style>\n#gap-418196193 {\n  padding-top: 50px;\n}\n<\/style>\n\t<\/div>\n\t\n<h3 style=\"text-align: justify;\"><span style=\"background-color: #ffdee4;\"><strong>USER INFORMATION<\/strong><\/span><\/h3>\n<p><strong>NUGGELA &amp; SUL\u00c9 S.L.<\/strong>,\u00a0hereinafter referred to as the Controller, is responsible for the processing of the User\u2019s personal data and hereby informs you that such data will be processed in accordance with the provisions of Regulation (EU) 2016\/679 of 27 April 2016 (GDPR) and Spanish Organic Law 15\/1999 on the Protection of Personal Data (LOPD), concerning the protection of natural persons with regard to the processing of personal data and the free movement of such data. The following information regarding the processing is therefore provided:<\/p>\n<p style=\"text-align: justify;\"><strong>PURPOSE OF THE PROCESSING<\/strong><\/p>\n<p>To respond to requests for information and the provision of services, maintaining a commercial relationship with the User.<br \/>\nThe processing operations envisaged are as follows:<\/p>\n<ul>\n<li>Sending of commercial and promotional communications by email, fax, SMS, MMS, social media or any other electronic or physical means, present or future, that enables commercial communications to be made. These communications will be carried out by the Controller and will relate to their products and services, or those of their partners or suppliers with whom a promotional agreement has been established. In such cases, third parties will never have access to personal data.<\/li>\n<li>Carrying out statistical studies.<\/li>\n<li>Processing orders, requests or any type of enquiry made by the User through any of the contact methods made available.<\/li>\n<\/ul>\n<p style=\"text-align: justify;\"><strong>DATA RETENTION CRITERIA<\/strong><\/p>\n<p>The data provided will be retained for as long as necessary for the purpose for which it was collected. Once that period has ended, the data will be deleted, and appropriate security measures will be taken to ensure either the pseudonymisation or complete destruction of the data, provided there is no outstanding legal obligation requiring its retention.<\/p>\n<p style=\"text-align: justify;\"><strong>DATA DISCLOSURE<\/strong><\/p>\n<p>The personal data provided will not be transferred or disclosed to third parties, not even for storage purposes, unless required by law.<\/p>\n<p style=\"text-align: justify;\"><strong>RIGHTS OF THE USER<\/strong><\/p>\n<p>You have the right to access, rectify, erase, object to, restrict processing, request portability, and exercise the right to be forgotten.<br \/>\nTo exercise any of these rights, the data subject must submit the following to the Controller:<\/p>\n<ul>\n<li>A photocopy of their ID card or equivalent identification document.<\/li>\n<li>A written request specifying the right being exercised.<\/li>\n<li>An address for correspondence, along with the date and signature.<\/li>\n<li>Supporting documents for the request, where applicable.<\/li>\n<\/ul>\n<p>These should be sent to:<\/p>\n<ul>\n<li><strong>Postal Address:<\/strong> NUGGELA &amp; SUL\u00c9 S.L. \u2013 C\/ Valenzuela, 6\u00a0\u2013 28014 MADRID<\/li>\n<li><strong>Email Address:<\/strong> info@nuggelasule.com<\/li>\n<li><strong>Telephone:<\/strong>\u00a0+34 91 531 64 02<\/li>\n<\/ul>\n<p>If the Controller does not respond within the legally established timeframe, confirming the resolution of the request, the data subject may file a complaint with the Spanish Data Protection Agency (AEPD \u2013 agpd.es).<\/p>\n<p style=\"text-align: justify;\"><strong>MANDATORY OR OPTIONAL NATURE OF THE INFORMATION PROVIDED BY THE USER<\/strong><\/p>\n<p>By ticking the relevant checkboxes and entering data in the fields marked as mandatory in the contact form or any download forms, users expressly, freely, and unequivocally accept that the provision of such data is necessary for the service provider to handle their request. The inclusion of data in the remaining fields is voluntary. The user guarantees that the personal data provided to the Controller is truthful and undertakes to notify any changes to such data.<\/p>\n<p>All data requested through the website is essential to provide the User with an optimal service. If not all the required data is provided, the accuracy and adequacy of the information and services offered cannot be guaranteed.<\/p>\n<p style=\"text-align: justify;\"><strong>SECURITY MEASURES<\/strong><\/p>\n<p>In accordance with current data protection regulations, the Controller complies with all provisions of the GDPR and the LOPD regarding the processing of personal data under its responsibility, particularly the principles set out in Article 5 of the GDPR, which state that data shall be processed lawfully, fairly, and transparently in relation to the data subject, and shall be adequate, relevant, and limited to what is necessary in relation to the purposes for which it is processed.<\/p>\n<p>The Controller guarantees that it has implemented appropriate technical and organisational measures to apply the security safeguards required by the GDPR and the LOPD, in order to protect the rights and freedoms of Users, and has provided them with the necessary information to enable them to exercise those rights.<\/p>\n<p>\u00a0<\/p>\n<hr size=\"10\" \/>\n<p>\u00a0<\/p>\n<h3 style=\"text-align: justify;\"><span style=\"background-color: #ffdee4;\"><strong>COOKIES POLICY<\/strong><\/span><\/h3>\n<p style=\"text-align: justify;\">This website, like most websites on the Internet, uses cookies to improve the user experience. Below you will find information about what cookies are, the types of cookies used on this website, how to disable cookies in your browser, and how to specifically disable the installation of third-party cookies. If you cannot find the specific information you are looking for, please contact us at <strong>info@nuggelasule.com<\/strong><\/p>\n<ol style=\"padding-left: 30px;\">\n<li><strong>What are cookies?<\/strong><\/li>\n<p style=\"text-align: justify;\">Cookies are small files that certain platforms, such as websites, can install on your computer, smartphone, tablet, or smart TV. They serve a variety of functions: storing your browsing preferences, collecting statistical information, enabling certain technical features&#8230; Sometimes, cookies are used to store basic information about the browsing habits of a user or their device, and in some cases, they can be used to recognise the user.<\/p>\n<\/ol>\n<ol style=\"padding-left: 30px;\" start=\"2\">\n<li><strong>Why are they important?<\/strong><\/li>\n<p style=\"text-align: justify;\">Cookies are useful for several reasons. From a technical standpoint, they allow websites to function more smoothly and adapt to your preferences, such as remembering your language or your country&#8217;s currency. They also help website owners to improve the services they offer, thanks to the statistical information collected through them. Lastly, cookies make the advertising you see more efficient, which in turn helps us to offer certain services free of charge.<\/p>\n<\/ol>\n<ol style=\"padding-left: 30px;\" start=\"3\">\n<li><strong>How do we use cookies?<\/strong><\/li>\n<p style=\"text-align: justify;\">By browsing this website, you consent to the installation of the following types of cookies:<\/p>\n<p style=\"padding-left: 30px;\"><strong>a) Analytical\/statistical cookies<\/strong><br \/>\nThese are cookies that, whether managed by us or by third parties, allow us to quantify the number of visitors and statistically analyse how users interact with our services. This enables us to study how users navigate our website and helps us improve the products or services we offer.<\/p>\n<p style=\"padding-left: 30px;\"><strong>b) First-party cookies<\/strong><br \/>\nWhen you register on our website, cookies are generated to identify you as a registered user and indicate when you have logged in.<br \/>\nThese cookies are used to identify your user account and associated services. They remain in place as long as you do not log out of your account, close your browser, or turn off your device.<br \/>\nThese cookies may be used in combination with analytical data to individually identify your preferences on our website.<\/p>\n<p style=\"padding-left: 30px;\"><strong>c) Other third-party cookies<\/strong><br \/>\nOn some of our pages, third-party cookies may be installed to help manage and improve the services they offer. An example of this is links to social media platforms that allow you to share our content.<\/p>\n<\/ol>\n<p>\u00a0<\/p>\n<ol style=\"padding-left: 30px;\" start=\"4\">\n<li><strong>How can I configure my preferences?<\/strong><\/li>\n<p style=\"text-align: justify;\">You can allow, block, or delete the cookies installed on your device by adjusting the settings in your internet browser. If you choose to block cookies, some services that rely on their use may not be available to you.<\/p>\n<p style=\"text-align: justify;\">Below are links where you can find information on how to manage your cookie preferences in the most commonly used browsers:<\/p>\n<p><a href=\"http:\/\/support.google.com\/chrome\/bin\/answer.py?hl=es&amp;answer=95647\" target=\"_blank\" rel=\"noopener noreferrer\">Google Chrome<\/a><br \/>\n<a href=\"http:\/\/support.mozilla.org\/es\/kb\/cookies-informacion-que-los-sitios-web-guardan-en-?redirectlocale=en-US&amp;redirectslug=Cookies\" target=\"_blank\" rel=\"noopener noreferrer\">Mozilla Firefox<\/a><br \/>\n<a href=\"http:\/\/support.microsoft.com\/kb\/196955\/es\" target=\"_blank\" rel=\"noopener noreferrer\">Internet Explorer<\/a><br \/>\n<a href=\"http:\/\/support.mozilla.org\/es\/kb\/cookies-informacion-que-los-sitios-web-guardan-en-?redirectlocale=en-US&amp;redirectslug=Cookies\" target=\"_blank\" rel=\"noopener noreferrer\">Safari\u00a0<\/a><br \/>\n<a href=\"http:\/\/support.apple.com\/kb\/HT1677?viewlocale=es_ES\" target=\"_blank\" rel=\"noopener noreferrer\">Safari for IOS (iPhone, iPad)<\/a><\/p>\n<p style=\"text-align: justify;\">Finally, you can visit the\u00a0<a href=\"http:\/\/www.youronlinechoices.com\/es\/\" target=\"_blank\" rel=\"noopener noreferrer\">Your Online Choices<\/a>\u00a0 website, where you will find additional useful information and can configure your preferences regarding third-party advertising cookies on a provider-by-provider basis.<\/p>\n<p style=\"text-align: justify;\">If you wish to contact us regarding our Cookies Policy, you may do so at <strong>info@nuggelasule.com<\/strong><\/p>\n<\/ol>\n<p>\u00a0<\/p>\n<p style=\"text-align: justify;\"><strong>COMPANY IDENTIFICATION DETAILS<\/strong><\/p>\n<p style=\"text-align: justify;\">In compliance with Article 10 of Law 34\/2002 of 11 July on Information Society Services and Electronic Commerce, the following company identification details are provided:<\/p>\n<ul style=\"text-align: justify;\">\n<li>Company name: Nuggela &amp; Sul\u00e9 S.L.<\/li>\n<li>Registered in the Commercial Registry of Madrid, Volume 32,898, Page 90, Section 8, Sheet M-592313, Entry 1<\/li>\n<li>Tax Identification Number (CIF):\u00a0B87169280<\/li>\n<li>Address: Calle Valenzuela 6, 28014 Madrid<\/li>\n<li>Email: info@nuggelasule.com<\/li>\n<li>Telephone: +34 91 531 64 02<\/li>\n<\/ul>\n<p>\u00a0<\/p>\n<hr size=\"10\" \/>\n<div class=\"message-box relative dark\" style=\"padding-top:23px;padding-bottom:23px;\"><div class=\"message-box-bg-image bg-fill fill\" ><\/div><div class=\"message-box-bg-overlay bg-fill fill\" style=\"background-color:rgb(255, 215, 177);\"><\/div><div class=\"container relative\"><div class=\"inner last-reset\">\n<div class=\"row align-middle align-center\"  id=\"row-972344739\">\n\n\t<div id=\"col-1517587092\" class=\"col medium-9 small-12 large-9\"  >\n\t\t\t\t<div class=\"col-inner\"  >\n\t\t\t\n\t\t\t\n\t<div id=\"text-2141698170\" class=\"text\">\n\t\t\n<p style=\"text-align: center;\"><strong>NUGGELA &#038; SUL\u00c9 IS QUALITY, ETHICS, SUSTAINABILITY AND EFFICIENCY<\/strong><\/p>\n<p style=\"text-align: center;\"><img loading=\"lazy\" decoding=\"async\" class=\"aligncenter wp-image-22688\" src=\"https:\/\/nuggelasule.com\/wp-content\/uploads\/2024\/07\/logos-eco-300x46.png\" alt=\"\" width=\"500\" height=\"76\" srcset=\"https:\/\/nuggelasule.com\/wp-content\/uploads\/2024\/07\/logos-eco-300x46.png 300w, https:\/\/nuggelasule.com\/wp-content\/uploads\/2024\/07\/logos-eco-1024x155.png 1024w, https:\/\/nuggelasule.com\/wp-content\/uploads\/2024\/07\/logos-eco-768x117.png 768w, https:\/\/nuggelasule.com\/wp-content\/uploads\/2024\/07\/logos-eco-450x68.png 450w, https:\/\/nuggelasule.com\/wp-content\/uploads\/2024\/07\/logos-eco-510x77.png 510w, https:\/\/nuggelasule.com\/wp-content\/uploads\/2024\/07\/logos-eco-190x29.png 190w, https:\/\/nuggelasule.com\/wp-content\/uploads\/2024\/07\/logos-eco-593x90.png 593w, https:\/\/nuggelasule.com\/wp-content\/uploads\/2024\/07\/logos-eco.png 1080w\" sizes=\"auto, (max-width: 500px) 100vw, 500px\" \/><\/p>\n<p style=\"text-align: center;\"><span style=\"font-size: 85%; color: #333333;\">Nuggela &#038; Sul\u00e9 does not test its formulas on animals, in line with its Cruelty Free policy. All Nuggela &#038; Sul\u00e9 products are dermatologically tested<\/span><\/p>\n\t\t\n<style>\n#text-2141698170 {\n  color: rgb(0,0,0);\n}\n#text-2141698170 > * {\n  color: rgb(0,0,0);\n}\n<\/style>\n\t<\/div>\n\t\n\t\t<\/div>\n\t\t\t\t\t<\/div>\n\n\t\n<\/div>\n<\/div><\/div><\/div>\n","protected":false},"excerpt":{"rendered":"<p>Nuggela &#038; Sul\u00e9 Privacy and Cookies Policy USER INFORMATION NUGGELA &amp; SUL\u00c9 S.L.,\u00a0hereinafter referred to as the Controller, is responsible for the processing of the User\u2019s personal data and hereby informs you that such data will be processed in accordance with the provisions of Regulation (EU) 2016\/679 of 27 April 2016 (GDPR) and Spanish Organic [&#8230;]\n","protected":false},"author":417,"featured_media":0,"parent":0,"menu_order":0,"comment_status":"closed","ping_status":"closed","template":"","meta":{"_acf_changed":false,"footnotes":""},"class_list":["post-14629","page","type-page","status-publish","hentry"],"acf":[],"yoast_head":"<!-- This site is optimized with the Yoast SEO plugin v27.0 - https:\/\/yoast.com\/product\/yoast-seo-wordpress\/ -->\n<title>Privacy Policy and Cookies - Nuggela &amp; Sul\u00e9<\/title>\n<meta name=\"robots\" content=\"index, follow, max-snippet:-1, max-image-preview:large, max-video-preview:-1\" \/>\n<link rel=\"canonical\" href=\"https:\/\/nuggelasule.com\/en\/privacy-policy-and-cookies\/\" \/>\n<meta property=\"og:locale\" content=\"en_US\" \/>\n<meta property=\"og:type\" content=\"article\" \/>\n<meta property=\"og:title\" content=\"Privacy Policy and Cookies - Nuggela &amp; Sul\u00e9\" \/>\n<meta property=\"og:description\" content=\"Nuggela &#038; Sul\u00e9 Privacy and Cookies Policy USER INFORMATION NUGGELA &amp; SUL\u00c9 S.L.,\u00a0hereinafter referred to as the Controller, is responsible for the processing of the User\u2019s personal data and hereby informs you that such data will be processed in accordance with the provisions of Regulation (EU) 2016\/679 of 27 April 2016 (GDPR) and Spanish Organic [...]\" \/>\n<meta property=\"og:url\" content=\"https:\/\/nuggelasule.com\/en\/privacy-policy-and-cookies\/\" \/>\n<meta property=\"og:site_name\" content=\"Nuggela &amp; Sul\u00e9\" \/>\n<meta property=\"article:publisher\" content=\"https:\/\/www.facebook.com\/nuggelasule\/\" \/>\n<meta property=\"article:modified_time\" content=\"2025-04-01T06:24:11+00:00\" \/>\n<meta property=\"og:image\" content=\"https:\/\/nuggelasule.com\/wp-content\/uploads\/2024\/07\/logos-eco.png\" \/>\n\t<meta property=\"og:image:width\" content=\"1080\" \/>\n\t<meta property=\"og:image:height\" content=\"164\" \/>\n\t<meta property=\"og:image:type\" content=\"image\/png\" \/>\n<meta name=\"twitter:card\" content=\"summary_large_image\" \/>\n<meta name=\"twitter:site\" content=\"@nuggelasule\" \/>\n<meta name=\"twitter:label1\" content=\"Est. reading time\" \/>\n\t<meta name=\"twitter:data1\" content=\"8 minutes\" \/>\n<script type=\"application\/ld+json\" class=\"yoast-schema-graph\">{\"@context\":\"https:\/\/schema.org\",\"@graph\":[{\"@type\":\"WebPage\",\"@id\":\"https:\/\/nuggelasule.com\/en\/privacy-policy-and-cookies\/\",\"url\":\"https:\/\/nuggelasule.com\/en\/privacy-policy-and-cookies\/\",\"name\":\"Privacy Policy and Cookies - Nuggela &amp; Sul\u00e9\",\"isPartOf\":{\"@id\":\"https:\/\/nuggelasule.com\/#website\"},\"primaryImageOfPage\":{\"@id\":\"https:\/\/nuggelasule.com\/en\/privacy-policy-and-cookies\/#primaryimage\"},\"image\":{\"@id\":\"https:\/\/nuggelasule.com\/en\/privacy-policy-and-cookies\/#primaryimage\"},\"thumbnailUrl\":\"https:\/\/nuggelasule.com\/wp-content\/uploads\/2024\/07\/logos-eco-300x46.png\",\"datePublished\":\"2021-05-06T15:28:26+00:00\",\"dateModified\":\"2025-04-01T06:24:11+00:00\",\"breadcrumb\":{\"@id\":\"https:\/\/nuggelasule.com\/en\/privacy-policy-and-cookies\/#breadcrumb\"},\"inLanguage\":\"en-US\",\"potentialAction\":[{\"@type\":\"ReadAction\",\"target\":[\"https:\/\/nuggelasule.com\/en\/privacy-policy-and-cookies\/\"]}]},{\"@type\":\"ImageObject\",\"inLanguage\":\"en-US\",\"@id\":\"https:\/\/nuggelasule.com\/en\/privacy-policy-and-cookies\/#primaryimage\",\"url\":\"https:\/\/nuggelasule.com\/wp-content\/uploads\/2024\/07\/logos-eco-300x46.png\",\"contentUrl\":\"https:\/\/nuggelasule.com\/wp-content\/uploads\/2024\/07\/logos-eco-300x46.png\"},{\"@type\":\"BreadcrumbList\",\"@id\":\"https:\/\/nuggelasule.com\/en\/privacy-policy-and-cookies\/#breadcrumb\",\"itemListElement\":[{\"@type\":\"ListItem\",\"position\":1,\"name\":\"Portada\",\"item\":\"https:\/\/nuggelasule.com\/en\/\"},{\"@type\":\"ListItem\",\"position\":2,\"name\":\"Privacy Policy and Cookies\"}]},{\"@type\":\"WebSite\",\"@id\":\"https:\/\/nuggelasule.com\/#website\",\"url\":\"https:\/\/nuggelasule.com\/\",\"name\":\"Nuggela &amp; Sul\u00e9\",\"description\":\"Los mejores productos para la salud y belleza del cabello\",\"publisher\":{\"@id\":\"https:\/\/nuggelasule.com\/#organization\"},\"potentialAction\":[{\"@type\":\"SearchAction\",\"target\":{\"@type\":\"EntryPoint\",\"urlTemplate\":\"https:\/\/nuggelasule.com\/?s={search_term_string}\"},\"query-input\":{\"@type\":\"PropertyValueSpecification\",\"valueRequired\":true,\"valueName\":\"search_term_string\"}}],\"inLanguage\":\"en-US\"},{\"@type\":\"Organization\",\"@id\":\"https:\/\/nuggelasule.com\/#organization\",\"name\":\"Nuggela&Sul\u00e9 S.L.\",\"url\":\"https:\/\/nuggelasule.com\/\",\"logo\":{\"@type\":\"ImageObject\",\"inLanguage\":\"en-US\",\"@id\":\"https:\/\/nuggelasule.com\/#\/schema\/logo\/image\/\",\"url\":\"\",\"contentUrl\":\"\",\"caption\":\"Nuggela&Sul\u00e9 S.L.\"},\"image\":{\"@id\":\"https:\/\/nuggelasule.com\/#\/schema\/logo\/image\/\"},\"sameAs\":[\"https:\/\/www.facebook.com\/nuggelasule\/\",\"https:\/\/x.com\/nuggelasule\",\"https:\/\/www.instagram.com\/nuggela_sule\/\",\"https:\/\/www.linkedin.com\/company\/9406545\",\"https:\/\/www.youtube.com\/channel\/UCP-uGf_c8i2FI4TXfhffEKw\"]}]}<\/script>\n<!-- \/ Yoast SEO plugin. -->","yoast_head_json":{"title":"Privacy Policy and Cookies - Nuggela &amp; Sul\u00e9","robots":{"index":"index","follow":"follow","max-snippet":"max-snippet:-1","max-image-preview":"max-image-preview:large","max-video-preview":"max-video-preview:-1"},"canonical":"https:\/\/nuggelasule.com\/en\/privacy-policy-and-cookies\/","og_locale":"en_US","og_type":"article","og_title":"Privacy Policy and Cookies - Nuggela &amp; Sul\u00e9","og_description":"Nuggela &#038; Sul\u00e9 Privacy and Cookies Policy USER INFORMATION NUGGELA &amp; SUL\u00c9 S.L.,\u00a0hereinafter referred to as the Controller, is responsible for the processing of the User\u2019s personal data and hereby informs you that such data will be processed in accordance with the provisions of Regulation (EU) 2016\/679 of 27 April 2016 (GDPR) and Spanish Organic [...]","og_url":"https:\/\/nuggelasule.com\/en\/privacy-policy-and-cookies\/","og_site_name":"Nuggela &amp; Sul\u00e9","article_publisher":"https:\/\/www.facebook.com\/nuggelasule\/","article_modified_time":"2025-04-01T06:24:11+00:00","og_image":[{"width":1080,"height":164,"url":"https:\/\/nuggelasule.com\/wp-content\/uploads\/2024\/07\/logos-eco.png","type":"image\/png"}],"twitter_card":"summary_large_image","twitter_site":"@nuggelasule","twitter_misc":{"Est. reading time":"8 minutes"},"schema":{"@context":"https:\/\/schema.org","@graph":[{"@type":"WebPage","@id":"https:\/\/nuggelasule.com\/en\/privacy-policy-and-cookies\/","url":"https:\/\/nuggelasule.com\/en\/privacy-policy-and-cookies\/","name":"Privacy Policy and Cookies - Nuggela &amp; Sul\u00e9","isPartOf":{"@id":"https:\/\/nuggelasule.com\/#website"},"primaryImageOfPage":{"@id":"https:\/\/nuggelasule.com\/en\/privacy-policy-and-cookies\/#primaryimage"},"image":{"@id":"https:\/\/nuggelasule.com\/en\/privacy-policy-and-cookies\/#primaryimage"},"thumbnailUrl":"https:\/\/nuggelasule.com\/wp-content\/uploads\/2024\/07\/logos-eco-300x46.png","datePublished":"2021-05-06T15:28:26+00:00","dateModified":"2025-04-01T06:24:11+00:00","breadcrumb":{"@id":"https:\/\/nuggelasule.com\/en\/privacy-policy-and-cookies\/#breadcrumb"},"inLanguage":"en-US","potentialAction":[{"@type":"ReadAction","target":["https:\/\/nuggelasule.com\/en\/privacy-policy-and-cookies\/"]}]},{"@type":"ImageObject","inLanguage":"en-US","@id":"https:\/\/nuggelasule.com\/en\/privacy-policy-and-cookies\/#primaryimage","url":"https:\/\/nuggelasule.com\/wp-content\/uploads\/2024\/07\/logos-eco-300x46.png","contentUrl":"https:\/\/nuggelasule.com\/wp-content\/uploads\/2024\/07\/logos-eco-300x46.png"},{"@type":"BreadcrumbList","@id":"https:\/\/nuggelasule.com\/en\/privacy-policy-and-cookies\/#breadcrumb","itemListElement":[{"@type":"ListItem","position":1,"name":"Portada","item":"https:\/\/nuggelasule.com\/en\/"},{"@type":"ListItem","position":2,"name":"Privacy Policy and Cookies"}]},{"@type":"WebSite","@id":"https:\/\/nuggelasule.com\/#website","url":"https:\/\/nuggelasule.com\/","name":"Nuggela &amp; Sul\u00e9","description":"Los mejores productos para la salud y belleza del cabello","publisher":{"@id":"https:\/\/nuggelasule.com\/#organization"},"potentialAction":[{"@type":"SearchAction","target":{"@type":"EntryPoint","urlTemplate":"https:\/\/nuggelasule.com\/?s={search_term_string}"},"query-input":{"@type":"PropertyValueSpecification","valueRequired":true,"valueName":"search_term_string"}}],"inLanguage":"en-US"},{"@type":"Organization","@id":"https:\/\/nuggelasule.com\/#organization","name":"Nuggela&Sul\u00e9 S.L.","url":"https:\/\/nuggelasule.com\/","logo":{"@type":"ImageObject","inLanguage":"en-US","@id":"https:\/\/nuggelasule.com\/#\/schema\/logo\/image\/","url":"","contentUrl":"","caption":"Nuggela&Sul\u00e9 S.L."},"image":{"@id":"https:\/\/nuggelasule.com\/#\/schema\/logo\/image\/"},"sameAs":["https:\/\/www.facebook.com\/nuggelasule\/","https:\/\/x.com\/nuggelasule","https:\/\/www.instagram.com\/nuggela_sule\/","https:\/\/www.linkedin.com\/company\/9406545","https:\/\/www.youtube.com\/channel\/UCP-uGf_c8i2FI4TXfhffEKw"]}]}},"_links":{"self":[{"href":"https:\/\/nuggelasule.com\/en\/wp-json\/wp\/v2\/pages\/14629","targetHints":{"allow":["GET"]}}],"collection":[{"href":"https:\/\/nuggelasule.com\/en\/wp-json\/wp\/v2\/pages"}],"about":[{"href":"https:\/\/nuggelasule.com\/en\/wp-json\/wp\/v2\/types\/page"}],"author":[{"embeddable":true,"href":"https:\/\/nuggelasule.com\/en\/wp-json\/wp\/v2\/users\/417"}],"replies":[{"embeddable":true,"href":"https:\/\/nuggelasule.com\/en\/wp-json\/wp\/v2\/comments?post=14629"}],"version-history":[{"count":6,"href":"https:\/\/nuggelasule.com\/en\/wp-json\/wp\/v2\/pages\/14629\/revisions"}],"predecessor-version":[{"id":24807,"href":"https:\/\/nuggelasule.com\/en\/wp-json\/wp\/v2\/pages\/14629\/revisions\/24807"}],"wp:attachment":[{"href":"https:\/\/nuggelasule.com\/en\/wp-json\/wp\/v2\/media?parent=14629"}],"curies":[{"name":"wp","href":"https:\/\/api.w.org\/{rel}","templated":true}]},"billing":{"billing_DNI":""}}